





{"id":83600,"date":"2025-04-16T17:53:33","date_gmt":"2025-04-16T15:53:33","guid":{"rendered":"https:\/\/repliquemangacine.fr\/?post_type=product&#038;p=83600"},"modified":"2026-04-22T14:55:47","modified_gmt":"2026-04-22T12:55:47","slug":"roman-gladiator-sword-dagger","status":"publish","type":"product","link":"https:\/\/repliquemangacine.fr\/en\/armes-antiques\/dague-glaive-romain-gladiateur\/","title":{"rendered":"Dagger Roman Glaive Gladiator"},"content":{"rendered":"<h2>Dague Glaive Romain Gladiateur: a tribute to ancient weapons<\/h2>\n<p>First of all, the <strong>Dagger Roman Glaive Gladiator<\/strong>inspired by the gladiator's weapon. This dagger, a faithful replica of the<a href=\"https:\/\/www.histoirealacarte.com\/Rome-antique-empire-romain\/naissance-chute\" target=\"_blank\" rel=\"noopener noreferrer\">Roman Empire<\/a>. The blade measures 29 cm, in 440 stainless steel, double-beveled, not sharp, but perfectly faithful to the antique aesthetic. The solid metal pommel proudly displays an imperial eagle, a symbol of unquestionable Roman power and authority.<br \/>\nThe guard, also in solid steel, is decorated with Roman scenes sculpted with remarkable finesse. The handle, designed in metal and molded ABS, offers a solid, comfortable grip for quality display. The aged steel scabbard is adorned with plaques depicting a Roman soldier and an imperial eagle in full majesty.<\/p>\n<p>Thanks to its meticulous finish, this dagger is a choice piece in any collection of ancient Roman weapons. It embodies the strength, prestige and military ingenuity of Rome's legendary armies at their height. A rare object to give or to treat yourself, it will look sensational on any shelf dedicated to historical replicas.<\/p>\n<h2>Roman sword: between functionality and symbol of ancient power<\/h2>\n<p>In Roman times, the sword was not just a weapon, it was a symbol of authority, discipline and civilization. Used by legionnaires and gladiators, it combined formidable hand-to-hand effectiveness with symbolic status in society. Its short, wide blade offered optimal maneuverability, perfect for the tight formations typical of Roman armies. The glaive's robust materials and symmetrical design made it a durable and reliable utility weapon. But beyond the weapon itself, each glaive told a story of conquest, honor and loyalty to Rome.<\/p>\n<p>Engravings on guards or scabbards were often used to depict the personal legend of the soldier or general. The sword was an extension of the man, reflecting his bravery and belonging to a dominant force. The gladiator dagger pays tribute to this rich military and artistic heritage of Roman antiquity.<br \/>\nIt also crystallizes Roman ingenuity, tactical rigor and the glory of its empire down the centuries.<\/p>\n<h2>R\u00e9plique Manga Cin\u00e9: an impressive collection of historic swords and glaives<\/h2>\n<p>On RMC, discover much more than daggers: a complete collection of prestigious historical weapons awaits you. Among them, the Sword of Tiberius Mainz Gladius, faithful to the imperial model, is a must-have piece in our Roman catalog. Visit <a href=\"https:\/\/repliquemangacine.fr\/en\/antique-sword-swords\/black-jules-cesar-sword\/\">Julius Caesar black sword<\/a>This imposing, sober design seduces with its elegance and perfectly crafted high-end finish. And of course, the famous <a href=\"https:\/\/repliquemangacine.fr\/en\/antique-sword-swords\/maximus-sword-in-gladiator\/\">Glaive of Maximus in Gladiator<\/a>, ideal for film fans and history buffs alike.<\/p>\n<p>As for medieval swords, we also offer the\u2019<a href=\"https:\/\/repliquemangacine.fr\/en\/balances\/saint-maurices-sword-from-turin-13th-century\/\">Saint Maurice sword from Turin, XIII\u1d49 century<\/a>a true historical marvel. Not forgetting the<a href=\"https:\/\/repliquemangacine.fr\/en\/balances\/sir-william-marshal-sword-12th-century\/\">Sir William Marshal sword from the XII\u1d49 century<\/a>, a symbol of English chivalry and legendary bravery in battle. But that's just a taste, as our R\u00e9plique Manga Cin\u00e9 website is packed with unique and exclusive models for you to discover.<br \/>\nEach gun is carefully selected for its historical accuracy, finish and exceptional visual authenticity.<\/p>\n<p>In conclusion, whether you're a history buff or a collector, you're bound to find what you're looking for in our store dedicated to fine replicas.<\/p>","protected":false},"excerpt":{"rendered":"<p>Magnificent replica of this Roman gladiator sword dagger.<\/p>\n<ul>\n<li>440 stainless steel double-bevel, non-cutting blade<\/li>\n<li>Solid metal knob with imperial eagle<\/li>\n<li>Guard also in finely decorated solid steel.<\/li>\n<li>Metal and molded ABS handle<\/li>\n<li>Sheath with decorative plate in aged steel<\/li>\n<li>Blade length: 29 cm Width at highest point: 3 cm<\/li>\n<li>Total length with scabbard: 46 cm - Weight: 440 g<\/li>\n<\/ul>","protected":false},"featured_media":83604,"template":"","meta":[],"product_brand":[896],"product_cat":[31,93,73],"product_tag":[],"class_list":{"0":"post-83600","1":"product","2":"type-product","3":"status-publish","4":"has-post-thumbnail","6":"product_brand-replique-manga-cine","7":"product_cat-armes-antiques","8":"product_cat-dagues-medievales","9":"product_cat-epees-glaives-antique","11":"first","12":"instock","13":"taxable","14":"shipping-taxable","15":"purchasable","16":"product-type-simple"},"yoast_head":"<!-- This site is optimized with the Yoast SEO plugin v27.5 - https:\/\/yoast.com\/product\/yoast-seo-wordpress\/ -->\n<title>Dague Glaive Romain Gladiateur - R\u00e9plique Manga Cin\u00e9<\/title>\n<meta name=\"description\" content=\"Splendide Dague Glaive Romain Gladiateur avec sa lame en acier 440 stainless. Richement d\u00e9cor\u00e9 de plaques d\u00e9coratives bronze vieilli. longuer totale : 46 cm\" \/>\n<meta name=\"robots\" content=\"index, follow, max-snippet:-1, max-image-preview:large, max-video-preview:-1\" \/>\n<link rel=\"canonical\" href=\"https:\/\/repliquemangacine.fr\/en\/antique-weapons\/roman-gladiator-sword-dagger\/\" \/>\n<meta property=\"og:locale\" content=\"en_US\" \/>\n<meta property=\"og:type\" content=\"article\" \/>\n<meta property=\"og:title\" content=\"Dague Glaive Romain Gladiateur - R\u00e9plique Manga Cin\u00e9\" \/>\n<meta property=\"og:description\" content=\"Splendide Dague Glaive Romain Gladiateur avec sa lame en acier 440 stainless. Richement d\u00e9cor\u00e9 de plaques d\u00e9coratives bronze vieilli. longuer totale : 46 cm\" \/>\n<meta property=\"og:url\" content=\"https:\/\/repliquemangacine.fr\/en\/antique-weapons\/roman-gladiator-sword-dagger\/\" \/>\n<meta property=\"og:site_name\" content=\"R\u00e9plique Manga Cin\u00e9\" \/>\n<meta property=\"article:publisher\" content=\"https:\/\/www.facebook.com\/RepliqueMangaCine\" \/>\n<meta property=\"article:modified_time\" content=\"2026-04-22T12:55:47+00:00\" \/>\n<meta property=\"og:image\" content=\"https:\/\/repliquemangacine.fr\/wp-content\/uploads\/2025\/04\/Dague-Glaive-Gladiateur-sortie-du-fourreau.jpg\" \/>\n\t<meta property=\"og:image:width\" content=\"500\" \/>\n\t<meta property=\"og:image:height\" content=\"500\" \/>\n\t<meta property=\"og:image:type\" content=\"image\/jpeg\" \/>\n<meta name=\"twitter:card\" content=\"summary_large_image\" \/>\n<meta name=\"twitter:label1\" content=\"Est. reading time\" \/>\n\t<meta name=\"twitter:data1\" content=\"3 minutes\" \/>\n<script type=\"application\/ld+json\" class=\"yoast-schema-graph\">{\"@context\":\"https:\\\/\\\/schema.org\",\"@graph\":[{\"@type\":\"WebPage\",\"@id\":\"https:\\\/\\\/repliquemangacine.fr\\\/armes-antiques\\\/dague-glaive-romain-gladiateur\\\/\",\"url\":\"https:\\\/\\\/repliquemangacine.fr\\\/armes-antiques\\\/dague-glaive-romain-gladiateur\\\/\",\"name\":\"Dague Glaive Romain Gladiateur - R\u00e9plique Manga Cin\u00e9\",\"isPartOf\":{\"@id\":\"https:\\\/\\\/repliquemangacine.fr\\\/#website\"},\"primaryImageOfPage\":{\"@id\":\"https:\\\/\\\/repliquemangacine.fr\\\/armes-antiques\\\/dague-glaive-romain-gladiateur\\\/#primaryimage\"},\"image\":{\"@id\":\"https:\\\/\\\/repliquemangacine.fr\\\/armes-antiques\\\/dague-glaive-romain-gladiateur\\\/#primaryimage\"},\"thumbnailUrl\":\"https:\\\/\\\/repliquemangacine.fr\\\/wp-content\\\/uploads\\\/2025\\\/04\\\/Dague-Glaive-Gladiateur-sortie-du-fourreau.jpg\",\"datePublished\":\"2025-04-16T15:53:33+00:00\",\"dateModified\":\"2026-04-22T12:55:47+00:00\",\"description\":\"Splendide Dague Glaive Romain Gladiateur avec sa lame en acier 440 stainless. Richement d\u00e9cor\u00e9 de plaques d\u00e9coratives bronze vieilli. longuer totale : 46 cm\",\"breadcrumb\":{\"@id\":\"https:\\\/\\\/repliquemangacine.fr\\\/armes-antiques\\\/dague-glaive-romain-gladiateur\\\/#breadcrumb\"},\"inLanguage\":\"en-US\",\"potentialAction\":[{\"@type\":\"ReadAction\",\"target\":[\"https:\\\/\\\/repliquemangacine.fr\\\/armes-antiques\\\/dague-glaive-romain-gladiateur\\\/\"]}]},{\"@type\":\"ImageObject\",\"inLanguage\":\"en-US\",\"@id\":\"https:\\\/\\\/repliquemangacine.fr\\\/armes-antiques\\\/dague-glaive-romain-gladiateur\\\/#primaryimage\",\"url\":\"https:\\\/\\\/repliquemangacine.fr\\\/wp-content\\\/uploads\\\/2025\\\/04\\\/Dague-Glaive-Gladiateur-sortie-du-fourreau.jpg\",\"contentUrl\":\"https:\\\/\\\/repliquemangacine.fr\\\/wp-content\\\/uploads\\\/2025\\\/04\\\/Dague-Glaive-Gladiateur-sortie-du-fourreau.jpg\",\"width\":500,\"height\":500,\"caption\":\"Dague Glaive Romain Gladiateur lame sortie de son fourreau\"},{\"@type\":\"BreadcrumbList\",\"@id\":\"https:\\\/\\\/repliquemangacine.fr\\\/armes-antiques\\\/dague-glaive-romain-gladiateur\\\/#breadcrumb\",\"itemListElement\":[{\"@type\":\"ListItem\",\"position\":1,\"name\":\"Accueil\",\"item\":\"https:\\\/\\\/repliquemangacine.fr\\\/\"},{\"@type\":\"ListItem\",\"position\":2,\"name\":\"Produits\",\"item\":\"https:\\\/\\\/repliquemangacine.fr\\\/boutique\\\/\"},{\"@type\":\"ListItem\",\"position\":3,\"name\":\"Dague Glaive Romain Gladiateur\"}]},{\"@type\":\"WebSite\",\"@id\":\"https:\\\/\\\/repliquemangacine.fr\\\/#website\",\"url\":\"https:\\\/\\\/repliquemangacine.fr\\\/\",\"name\":\"R\u00e9plique Manga Cin\u00e9\",\"description\":\"\",\"publisher\":{\"@id\":\"https:\\\/\\\/repliquemangacine.fr\\\/#organization\"},\"potentialAction\":[{\"@type\":\"SearchAction\",\"target\":{\"@type\":\"EntryPoint\",\"urlTemplate\":\"https:\\\/\\\/repliquemangacine.fr\\\/?s={search_term_string}\"},\"query-input\":{\"@type\":\"PropertyValueSpecification\",\"valueRequired\":true,\"valueName\":\"search_term_string\"}}],\"inLanguage\":\"en-US\"},{\"@type\":\"Organization\",\"@id\":\"https:\\\/\\\/repliquemangacine.fr\\\/#organization\",\"name\":\"R\u00e9plique Manga Cin\u00e9\",\"url\":\"https:\\\/\\\/repliquemangacine.fr\\\/\",\"logo\":{\"@type\":\"ImageObject\",\"inLanguage\":\"en-US\",\"@id\":\"https:\\\/\\\/repliquemangacine.fr\\\/#\\\/schema\\\/logo\\\/image\\\/\",\"url\":\"https:\\\/\\\/repliquemangacine.fr\\\/wp-content\\\/uploads\\\/2023\\\/10\\\/RMC-500250.png\",\"contentUrl\":\"https:\\\/\\\/repliquemangacine.fr\\\/wp-content\\\/uploads\\\/2023\\\/10\\\/RMC-500250.png\",\"width\":500,\"height\":250,\"caption\":\"R\u00e9plique Manga Cin\u00e9\"},\"image\":{\"@id\":\"https:\\\/\\\/repliquemangacine.fr\\\/#\\\/schema\\\/logo\\\/image\\\/\"},\"sameAs\":[\"https:\\\/\\\/www.facebook.com\\\/RepliqueMangaCine\",\"https:\\\/\\\/www.instagram.com\\\/repliquemangacine.fr\\\/\"]}]}<\/script>\n<!-- \/ Yoast SEO plugin. -->","yoast_head_json":{"title":"Gladiator Roman Glaive Dagger - R\u00e9plique Manga Cin\u00e9","description":"Splendid Roman Gladiator Glaive Dagger with 440 stainless steel blade. Richly decorated with aged bronze plaques. Total length: 46 cm","robots":{"index":"index","follow":"follow","max-snippet":"max-snippet:-1","max-image-preview":"max-image-preview:large","max-video-preview":"max-video-preview:-1"},"canonical":"https:\/\/repliquemangacine.fr\/en\/antique-weapons\/roman-gladiator-sword-dagger\/","og_locale":"en_US","og_type":"article","og_title":"Dague Glaive Romain Gladiateur - R\u00e9plique Manga Cin\u00e9","og_description":"Splendide Dague Glaive Romain Gladiateur avec sa lame en acier 440 stainless. Richement d\u00e9cor\u00e9 de plaques d\u00e9coratives bronze vieilli. longuer totale : 46 cm","og_url":"https:\/\/repliquemangacine.fr\/en\/antique-weapons\/roman-gladiator-sword-dagger\/","og_site_name":"R\u00e9plique Manga Cin\u00e9","article_publisher":"https:\/\/www.facebook.com\/RepliqueMangaCine","article_modified_time":"2026-04-22T12:55:47+00:00","og_image":[{"width":500,"height":500,"url":"https:\/\/repliquemangacine.fr\/wp-content\/uploads\/2025\/04\/Dague-Glaive-Gladiateur-sortie-du-fourreau.jpg","type":"image\/jpeg"}],"twitter_card":"summary_large_image","twitter_misc":{"Est. reading time":"3 minutes"},"schema":{"@context":"https:\/\/schema.org","@graph":[{"@type":"WebPage","@id":"https:\/\/repliquemangacine.fr\/armes-antiques\/dague-glaive-romain-gladiateur\/","url":"https:\/\/repliquemangacine.fr\/armes-antiques\/dague-glaive-romain-gladiateur\/","name":"Gladiator Roman Glaive Dagger - R\u00e9plique Manga Cin\u00e9","isPartOf":{"@id":"https:\/\/repliquemangacine.fr\/#website"},"primaryImageOfPage":{"@id":"https:\/\/repliquemangacine.fr\/armes-antiques\/dague-glaive-romain-gladiateur\/#primaryimage"},"image":{"@id":"https:\/\/repliquemangacine.fr\/armes-antiques\/dague-glaive-romain-gladiateur\/#primaryimage"},"thumbnailUrl":"https:\/\/repliquemangacine.fr\/wp-content\/uploads\/2025\/04\/Dague-Glaive-Gladiateur-sortie-du-fourreau.jpg","datePublished":"2025-04-16T15:53:33+00:00","dateModified":"2026-04-22T12:55:47+00:00","description":"Splendid Roman Gladiator Glaive Dagger with 440 stainless steel blade. Richly decorated with aged bronze plaques. Total length: 46 cm","breadcrumb":{"@id":"https:\/\/repliquemangacine.fr\/armes-antiques\/dague-glaive-romain-gladiateur\/#breadcrumb"},"inLanguage":"en-US","potentialAction":[{"@type":"ReadAction","target":["https:\/\/repliquemangacine.fr\/armes-antiques\/dague-glaive-romain-gladiateur\/"]}]},{"@type":"ImageObject","inLanguage":"en-US","@id":"https:\/\/repliquemangacine.fr\/armes-antiques\/dague-glaive-romain-gladiateur\/#primaryimage","url":"https:\/\/repliquemangacine.fr\/wp-content\/uploads\/2025\/04\/Dague-Glaive-Gladiateur-sortie-du-fourreau.jpg","contentUrl":"https:\/\/repliquemangacine.fr\/wp-content\/uploads\/2025\/04\/Dague-Glaive-Gladiateur-sortie-du-fourreau.jpg","width":500,"height":500,"caption":"Dague Glaive Romain Gladiateur lame sortie de son fourreau"},{"@type":"BreadcrumbList","@id":"https:\/\/repliquemangacine.fr\/armes-antiques\/dague-glaive-romain-gladiateur\/#breadcrumb","itemListElement":[{"@type":"ListItem","position":1,"name":"Accueil","item":"https:\/\/repliquemangacine.fr\/"},{"@type":"ListItem","position":2,"name":"Produits","item":"https:\/\/repliquemangacine.fr\/boutique\/"},{"@type":"ListItem","position":3,"name":"Dague Glaive Romain Gladiateur"}]},{"@type":"WebSite","@id":"https:\/\/repliquemangacine.fr\/#website","url":"https:\/\/repliquemangacine.fr\/","name":"R\u00e9plique Manga Cin\u00e9","description":"","publisher":{"@id":"https:\/\/repliquemangacine.fr\/#organization"},"potentialAction":[{"@type":"SearchAction","target":{"@type":"EntryPoint","urlTemplate":"https:\/\/repliquemangacine.fr\/?s={search_term_string}"},"query-input":{"@type":"PropertyValueSpecification","valueRequired":true,"valueName":"search_term_string"}}],"inLanguage":"en-US"},{"@type":"Organization","@id":"https:\/\/repliquemangacine.fr\/#organization","name":"R\u00e9plique Manga Cin\u00e9","url":"https:\/\/repliquemangacine.fr\/","logo":{"@type":"ImageObject","inLanguage":"en-US","@id":"https:\/\/repliquemangacine.fr\/#\/schema\/logo\/image\/","url":"https:\/\/repliquemangacine.fr\/wp-content\/uploads\/2023\/10\/RMC-500250.png","contentUrl":"https:\/\/repliquemangacine.fr\/wp-content\/uploads\/2023\/10\/RMC-500250.png","width":500,"height":250,"caption":"R\u00e9plique Manga Cin\u00e9"},"image":{"@id":"https:\/\/repliquemangacine.fr\/#\/schema\/logo\/image\/"},"sameAs":["https:\/\/www.facebook.com\/RepliqueMangaCine","https:\/\/www.instagram.com\/repliquemangacine.fr\/"]}]}},"_links":{"self":[{"href":"https:\/\/repliquemangacine.fr\/en\/wp-json\/wp\/v2\/product\/83600","targetHints":{"allow":["GET"]}}],"collection":[{"href":"https:\/\/repliquemangacine.fr\/en\/wp-json\/wp\/v2\/product"}],"about":[{"href":"https:\/\/repliquemangacine.fr\/en\/wp-json\/wp\/v2\/types\/product"}],"wp:featuredmedia":[{"embeddable":true,"href":"https:\/\/repliquemangacine.fr\/en\/wp-json\/wp\/v2\/media\/83604"}],"wp:attachment":[{"href":"https:\/\/repliquemangacine.fr\/en\/wp-json\/wp\/v2\/media?parent=83600"}],"wp:term":[{"taxonomy":"product_brand","embeddable":true,"href":"https:\/\/repliquemangacine.fr\/en\/wp-json\/wp\/v2\/product_brand?post=83600"},{"taxonomy":"product_cat","embeddable":true,"href":"https:\/\/repliquemangacine.fr\/en\/wp-json\/wp\/v2\/product_cat?post=83600"},{"taxonomy":"product_tag","embeddable":true,"href":"https:\/\/repliquemangacine.fr\/en\/wp-json\/wp\/v2\/product_tag?post=83600"}],"curies":[{"name":"wp","href":"https:\/\/api.w.org\/{rel}","templated":true}]}}