





{"id":83539,"date":"2025-04-15T18:19:41","date_gmt":"2025-04-15T16:19:41","guid":{"rendered":"https:\/\/repliquemangacine.fr\/?post_type=product&#038;p=83539"},"modified":"2025-11-26T16:55:59","modified_gmt":"2025-11-26T15:55:59","slug":"aizen-bleach-katana","status":"publish","type":"product","link":"https:\/\/repliquemangacine.fr\/en\/katana-bleach\/katana-de-aizen-bleach\/","title":{"rendered":"Aizen's Katana - Bleach"},"content":{"rendered":"<h2>Katana de Aizen - A blade in the image of a formidable strategist<\/h2>\n<p>First of all, this Aizen Katana, a faithful replica of the weapon carried by Aizen, the emblematic and manipulative character from the cult manga Bleach. Aizen is a charismatic, calculating captain whose power relies as much on intellect as brute force. This katana perfectly reflects the coldness, control and poise of Soul Society's most formidable traitor.<\/p>\n<p>Treat yourself to a symbol of authority and silent danger with this elegant, perfectly crafted replica of the Zanpakut\u014d Ky\u014dka Suigetsu. The blade is made of unsharpened steel, and the guard is solid steel. Moreover, it features a specific shape faithful to the original, reinforcing the authenticity of this legendary weapon. The scabbard, in black lacquered wood, is sober and elegant, perfectly matching the mysterious aura of S\u00f4suke Aizen's character. An exceptional piece to add to your collection if you admire intelligent, powerful and strategic characters.<\/p>\n<h2>Ky\u014dka Suigetsu: a unique and terribly dangerous Zanpakut\u014d in Bleach<\/h2>\n<p>Aizen's Zanpakut\u014d, <a href=\"https:\/\/bleach.fandom.com\/fr\/wiki\/Ky%C3%B4ka_Suigetsu\" target=\"_blank\" rel=\"noopener noreferrer\">Ky\u014dka Suigetsu<\/a>A formidable weapon, capable of manipulating all the senses of its opponents. What makes it special? It enables total hypnosis, altering the perception of reality with a simple release. Once activated, the victim can no longer distinguish between illusion and truth, giving Aizen an absolute advantage. This power makes the blade almost invincible, as its enemies never know when they are really being attacked or manipulated.<\/p>\n<p>Ky\u014dka Suigetsu embodies the tactical genius of Aizen, a man capable of orchestrating plots over centuries in the shadows. His Zanpakut\u014d needs no brute force, for mental and psychological mastery already makes all the difference in battle. Even the most powerful captains succumbed to this illusion, not understanding that they were already defeated.<br \/>\nThis replica gives you the most devious and subtle weapon in the Bleach universe, faithful and impressive.<\/p>\n<h2>R\u00e9plique Manga Cin\u00e9: the largest selection of Bleach katanas to discover<\/h2>\n<p>At RMC, we offer you a vast collection of katanas from the mythical Bleach universe. In addition to the Aizen katana, discover the <a href=\"https:\/\/repliquemangacine.fr\/en\/katana-bleach\/bankai-rebuild-ichigo\/\">Ichigo's Banka\u00ef Rebuild<\/a>with its distinctive black lines. We also offer the superb <a href=\"https:\/\/repliquemangacine.fr\/en\/katana-bleach\/byakuya-wooden-katana\/\">Byakuya's Senbonzakura katana<\/a>accompanied by a white scabbard as elegant as it is fearsome.<br \/>\nFans of Ichigo will also find the Shikai Bleach version, faithful to his first Zanpakut\u014d form emblematic in the series.<\/p>\n<p>But that's not all: you'll also find the <a href=\"https:\/\/repliquemangacine.fr\/en\/katana-bleach\/katana-rukia-zanpakuto-shirayuki-rukia-kuchiki\/\">Rukia Kuchiki sword<\/a>It's fine, icy and perfectly suited to its element. The <a href=\"https:\/\/repliquemangacine.fr\/en\/katana-bleach\/katana-by-toshiro-hitsugaya-zanpakuto-hyorinmaru\/\">blade by Toshiro Hitsugaya<\/a>ice captain, is also available, with its sleek styling and impressive frosted details. R\u00e9plique Manga Cin\u00e9 is your reference for all iconic weapons from cult Japanese manga and anime.<br \/>\nAdd Aizen's katana to your display case and complete your collection with Soul Society's most powerful weapons.<\/p>\n<p>&nbsp;<\/p>","protected":false},"excerpt":{"rendered":"<p>Superb replica of Aizen's katana in Bleach<\/p>\n<ul>\n<li>Non-sharp steel blade<\/li>\n<li>Specially shaped solid steel guard.<\/li>\n<li>Black lacquered wooden scabbard<\/li>\n<li>Imitation ray skin handle covered with green cotton braid.<\/li>\n<li>Blade length: 67 cm - Total length: 104 cm<\/li>\n<li>Weight: 928 g<\/li>\n<\/ul>","protected":false},"featured_media":83572,"template":"","meta":[],"product_brand":[896],"product_cat":[30],"product_tag":[],"class_list":{"0":"post-83539","1":"product","2":"type-product","3":"status-publish","4":"has-post-thumbnail","6":"product_brand-replique-manga-cine","7":"product_cat-katana-bleach","9":"first","10":"outofstock","11":"taxable","12":"shipping-taxable","13":"purchasable","14":"product-type-simple"},"yoast_head":"<!-- This site is optimized with the Yoast SEO plugin v27.5 - https:\/\/yoast.com\/product\/yoast-seo-wordpress\/ -->\n<title>Katana de Aizen - Bleach - R\u00e9plique Manga Cin\u00e9<\/title>\n<meta name=\"description\" content=\"D\u00e9couvrez ce superbe Katana de Aizen dans Bleach. Lame en acier. Fourreau bois laqu\u00e9 noir. Poign\u00e9e avec tresse en coton verte. 104 cm\" \/>\n<meta name=\"robots\" content=\"index, follow, max-snippet:-1, max-image-preview:large, max-video-preview:-1\" \/>\n<link rel=\"canonical\" href=\"https:\/\/repliquemangacine.fr\/en\/katana-bleach\/aizen-bleach-katana\/\" \/>\n<meta property=\"og:locale\" content=\"en_US\" \/>\n<meta property=\"og:type\" content=\"article\" \/>\n<meta property=\"og:title\" content=\"Katana de Aizen - Bleach - R\u00e9plique Manga Cin\u00e9\" \/>\n<meta property=\"og:description\" content=\"D\u00e9couvrez ce superbe Katana de Aizen dans Bleach. Lame en acier. Fourreau bois laqu\u00e9 noir. Poign\u00e9e avec tresse en coton verte. 104 cm\" \/>\n<meta property=\"og:url\" content=\"https:\/\/repliquemangacine.fr\/en\/katana-bleach\/aizen-bleach-katana\/\" \/>\n<meta property=\"og:site_name\" content=\"R\u00e9plique Manga Cin\u00e9\" \/>\n<meta property=\"article:publisher\" content=\"https:\/\/www.facebook.com\/RepliqueMangaCine\" \/>\n<meta property=\"article:modified_time\" content=\"2025-11-26T15:55:59+00:00\" \/>\n<meta property=\"og:image\" content=\"https:\/\/repliquemangacine.fr\/wp-content\/uploads\/2025\/04\/Katana-de-Aizen-Bleach.jpg\" \/>\n\t<meta property=\"og:image:width\" content=\"500\" \/>\n\t<meta property=\"og:image:height\" content=\"500\" \/>\n\t<meta property=\"og:image:type\" content=\"image\/jpeg\" \/>\n<meta name=\"twitter:card\" content=\"summary_large_image\" \/>\n<meta name=\"twitter:label1\" content=\"Est. reading time\" \/>\n\t<meta name=\"twitter:data1\" content=\"3 minutes\" \/>\n<script type=\"application\/ld+json\" class=\"yoast-schema-graph\">{\"@context\":\"https:\\\/\\\/schema.org\",\"@graph\":[{\"@type\":\"WebPage\",\"@id\":\"https:\\\/\\\/repliquemangacine.fr\\\/katana-bleach\\\/katana-de-aizen-bleach\\\/\",\"url\":\"https:\\\/\\\/repliquemangacine.fr\\\/katana-bleach\\\/katana-de-aizen-bleach\\\/\",\"name\":\"Katana de Aizen - Bleach - R\u00e9plique Manga Cin\u00e9\",\"isPartOf\":{\"@id\":\"https:\\\/\\\/repliquemangacine.fr\\\/#website\"},\"primaryImageOfPage\":{\"@id\":\"https:\\\/\\\/repliquemangacine.fr\\\/katana-bleach\\\/katana-de-aizen-bleach\\\/#primaryimage\"},\"image\":{\"@id\":\"https:\\\/\\\/repliquemangacine.fr\\\/katana-bleach\\\/katana-de-aizen-bleach\\\/#primaryimage\"},\"thumbnailUrl\":\"https:\\\/\\\/repliquemangacine.fr\\\/wp-content\\\/uploads\\\/2025\\\/04\\\/Katana-de-Aizen-Bleach.jpg\",\"datePublished\":\"2025-04-15T16:19:41+00:00\",\"dateModified\":\"2025-11-26T15:55:59+00:00\",\"description\":\"D\u00e9couvrez ce superbe Katana de Aizen dans Bleach. Lame en acier. Fourreau bois laqu\u00e9 noir. Poign\u00e9e avec tresse en coton verte. 104 cm\",\"breadcrumb\":{\"@id\":\"https:\\\/\\\/repliquemangacine.fr\\\/katana-bleach\\\/katana-de-aizen-bleach\\\/#breadcrumb\"},\"inLanguage\":\"en-US\",\"potentialAction\":[{\"@type\":\"ReadAction\",\"target\":[\"https:\\\/\\\/repliquemangacine.fr\\\/katana-bleach\\\/katana-de-aizen-bleach\\\/\"]}]},{\"@type\":\"ImageObject\",\"inLanguage\":\"en-US\",\"@id\":\"https:\\\/\\\/repliquemangacine.fr\\\/katana-bleach\\\/katana-de-aizen-bleach\\\/#primaryimage\",\"url\":\"https:\\\/\\\/repliquemangacine.fr\\\/wp-content\\\/uploads\\\/2025\\\/04\\\/Katana-de-Aizen-Bleach.jpg\",\"contentUrl\":\"https:\\\/\\\/repliquemangacine.fr\\\/wp-content\\\/uploads\\\/2025\\\/04\\\/Katana-de-Aizen-Bleach.jpg\",\"width\":500,\"height\":500,\"caption\":\"Katana de Aizen Dans Bleach\"},{\"@type\":\"BreadcrumbList\",\"@id\":\"https:\\\/\\\/repliquemangacine.fr\\\/katana-bleach\\\/katana-de-aizen-bleach\\\/#breadcrumb\",\"itemListElement\":[{\"@type\":\"ListItem\",\"position\":1,\"name\":\"Accueil\",\"item\":\"https:\\\/\\\/repliquemangacine.fr\\\/\"},{\"@type\":\"ListItem\",\"position\":2,\"name\":\"Produits\",\"item\":\"https:\\\/\\\/repliquemangacine.fr\\\/boutique\\\/\"},{\"@type\":\"ListItem\",\"position\":3,\"name\":\"Katana de Aizen &#8211; Bleach\"}]},{\"@type\":\"WebSite\",\"@id\":\"https:\\\/\\\/repliquemangacine.fr\\\/#website\",\"url\":\"https:\\\/\\\/repliquemangacine.fr\\\/\",\"name\":\"R\u00e9plique Manga Cin\u00e9\",\"description\":\"\",\"publisher\":{\"@id\":\"https:\\\/\\\/repliquemangacine.fr\\\/#organization\"},\"potentialAction\":[{\"@type\":\"SearchAction\",\"target\":{\"@type\":\"EntryPoint\",\"urlTemplate\":\"https:\\\/\\\/repliquemangacine.fr\\\/?s={search_term_string}\"},\"query-input\":{\"@type\":\"PropertyValueSpecification\",\"valueRequired\":true,\"valueName\":\"search_term_string\"}}],\"inLanguage\":\"en-US\"},{\"@type\":\"Organization\",\"@id\":\"https:\\\/\\\/repliquemangacine.fr\\\/#organization\",\"name\":\"R\u00e9plique Manga Cin\u00e9\",\"url\":\"https:\\\/\\\/repliquemangacine.fr\\\/\",\"logo\":{\"@type\":\"ImageObject\",\"inLanguage\":\"en-US\",\"@id\":\"https:\\\/\\\/repliquemangacine.fr\\\/#\\\/schema\\\/logo\\\/image\\\/\",\"url\":\"https:\\\/\\\/repliquemangacine.fr\\\/wp-content\\\/uploads\\\/2023\\\/10\\\/RMC-500250.png\",\"contentUrl\":\"https:\\\/\\\/repliquemangacine.fr\\\/wp-content\\\/uploads\\\/2023\\\/10\\\/RMC-500250.png\",\"width\":500,\"height\":250,\"caption\":\"R\u00e9plique Manga Cin\u00e9\"},\"image\":{\"@id\":\"https:\\\/\\\/repliquemangacine.fr\\\/#\\\/schema\\\/logo\\\/image\\\/\"},\"sameAs\":[\"https:\\\/\\\/www.facebook.com\\\/RepliqueMangaCine\",\"https:\\\/\\\/www.instagram.com\\\/repliquemangacine.fr\\\/\"]}]}<\/script>\n<!-- \/ Yoast SEO plugin. -->","yoast_head_json":{"title":"Aizen's Katana - Bleach - R\u00e9plique Manga Cin\u00e9","description":"Discover this superb Katana by Aizen in Bleach. Steel blade. Black lacquered wooden scabbard. Handle with green cotton braid. 104 cm long","robots":{"index":"index","follow":"follow","max-snippet":"max-snippet:-1","max-image-preview":"max-image-preview:large","max-video-preview":"max-video-preview:-1"},"canonical":"https:\/\/repliquemangacine.fr\/en\/katana-bleach\/aizen-bleach-katana\/","og_locale":"en_US","og_type":"article","og_title":"Katana de Aizen - Bleach - R\u00e9plique Manga Cin\u00e9","og_description":"D\u00e9couvrez ce superbe Katana de Aizen dans Bleach. Lame en acier. Fourreau bois laqu\u00e9 noir. Poign\u00e9e avec tresse en coton verte. 104 cm","og_url":"https:\/\/repliquemangacine.fr\/en\/katana-bleach\/aizen-bleach-katana\/","og_site_name":"R\u00e9plique Manga Cin\u00e9","article_publisher":"https:\/\/www.facebook.com\/RepliqueMangaCine","article_modified_time":"2025-11-26T15:55:59+00:00","og_image":[{"width":500,"height":500,"url":"https:\/\/repliquemangacine.fr\/wp-content\/uploads\/2025\/04\/Katana-de-Aizen-Bleach.jpg","type":"image\/jpeg"}],"twitter_card":"summary_large_image","twitter_misc":{"Est. reading time":"3 minutes"},"schema":{"@context":"https:\/\/schema.org","@graph":[{"@type":"WebPage","@id":"https:\/\/repliquemangacine.fr\/katana-bleach\/katana-de-aizen-bleach\/","url":"https:\/\/repliquemangacine.fr\/katana-bleach\/katana-de-aizen-bleach\/","name":"Aizen's Katana - Bleach - R\u00e9plique Manga Cin\u00e9","isPartOf":{"@id":"https:\/\/repliquemangacine.fr\/#website"},"primaryImageOfPage":{"@id":"https:\/\/repliquemangacine.fr\/katana-bleach\/katana-de-aizen-bleach\/#primaryimage"},"image":{"@id":"https:\/\/repliquemangacine.fr\/katana-bleach\/katana-de-aizen-bleach\/#primaryimage"},"thumbnailUrl":"https:\/\/repliquemangacine.fr\/wp-content\/uploads\/2025\/04\/Katana-de-Aizen-Bleach.jpg","datePublished":"2025-04-15T16:19:41+00:00","dateModified":"2025-11-26T15:55:59+00:00","description":"Discover this superb Katana by Aizen in Bleach. Steel blade. Black lacquered wooden scabbard. Handle with green cotton braid. 104 cm long","breadcrumb":{"@id":"https:\/\/repliquemangacine.fr\/katana-bleach\/katana-de-aizen-bleach\/#breadcrumb"},"inLanguage":"en-US","potentialAction":[{"@type":"ReadAction","target":["https:\/\/repliquemangacine.fr\/katana-bleach\/katana-de-aizen-bleach\/"]}]},{"@type":"ImageObject","inLanguage":"en-US","@id":"https:\/\/repliquemangacine.fr\/katana-bleach\/katana-de-aizen-bleach\/#primaryimage","url":"https:\/\/repliquemangacine.fr\/wp-content\/uploads\/2025\/04\/Katana-de-Aizen-Bleach.jpg","contentUrl":"https:\/\/repliquemangacine.fr\/wp-content\/uploads\/2025\/04\/Katana-de-Aizen-Bleach.jpg","width":500,"height":500,"caption":"Katana de Aizen Dans Bleach"},{"@type":"BreadcrumbList","@id":"https:\/\/repliquemangacine.fr\/katana-bleach\/katana-de-aizen-bleach\/#breadcrumb","itemListElement":[{"@type":"ListItem","position":1,"name":"Accueil","item":"https:\/\/repliquemangacine.fr\/"},{"@type":"ListItem","position":2,"name":"Produits","item":"https:\/\/repliquemangacine.fr\/boutique\/"},{"@type":"ListItem","position":3,"name":"Katana de Aizen &#8211; Bleach"}]},{"@type":"WebSite","@id":"https:\/\/repliquemangacine.fr\/#website","url":"https:\/\/repliquemangacine.fr\/","name":"R\u00e9plique Manga Cin\u00e9","description":"","publisher":{"@id":"https:\/\/repliquemangacine.fr\/#organization"},"potentialAction":[{"@type":"SearchAction","target":{"@type":"EntryPoint","urlTemplate":"https:\/\/repliquemangacine.fr\/?s={search_term_string}"},"query-input":{"@type":"PropertyValueSpecification","valueRequired":true,"valueName":"search_term_string"}}],"inLanguage":"en-US"},{"@type":"Organization","@id":"https:\/\/repliquemangacine.fr\/#organization","name":"R\u00e9plique Manga Cin\u00e9","url":"https:\/\/repliquemangacine.fr\/","logo":{"@type":"ImageObject","inLanguage":"en-US","@id":"https:\/\/repliquemangacine.fr\/#\/schema\/logo\/image\/","url":"https:\/\/repliquemangacine.fr\/wp-content\/uploads\/2023\/10\/RMC-500250.png","contentUrl":"https:\/\/repliquemangacine.fr\/wp-content\/uploads\/2023\/10\/RMC-500250.png","width":500,"height":250,"caption":"R\u00e9plique Manga Cin\u00e9"},"image":{"@id":"https:\/\/repliquemangacine.fr\/#\/schema\/logo\/image\/"},"sameAs":["https:\/\/www.facebook.com\/RepliqueMangaCine","https:\/\/www.instagram.com\/repliquemangacine.fr\/"]}]}},"_links":{"self":[{"href":"https:\/\/repliquemangacine.fr\/en\/wp-json\/wp\/v2\/product\/83539","targetHints":{"allow":["GET"]}}],"collection":[{"href":"https:\/\/repliquemangacine.fr\/en\/wp-json\/wp\/v2\/product"}],"about":[{"href":"https:\/\/repliquemangacine.fr\/en\/wp-json\/wp\/v2\/types\/product"}],"wp:featuredmedia":[{"embeddable":true,"href":"https:\/\/repliquemangacine.fr\/en\/wp-json\/wp\/v2\/media\/83572"}],"wp:attachment":[{"href":"https:\/\/repliquemangacine.fr\/en\/wp-json\/wp\/v2\/media?parent=83539"}],"wp:term":[{"taxonomy":"product_brand","embeddable":true,"href":"https:\/\/repliquemangacine.fr\/en\/wp-json\/wp\/v2\/product_brand?post=83539"},{"taxonomy":"product_cat","embeddable":true,"href":"https:\/\/repliquemangacine.fr\/en\/wp-json\/wp\/v2\/product_cat?post=83539"},{"taxonomy":"product_tag","embeddable":true,"href":"https:\/\/repliquemangacine.fr\/en\/wp-json\/wp\/v2\/product_tag?post=83539"}],"curies":[{"name":"wp","href":"https:\/\/api.w.org\/{rel}","templated":true}]}}