





{"id":82989,"date":"2025-03-24T20:43:32","date_gmt":"2025-03-24T19:43:32","guid":{"rendered":"https:\/\/repliquemangacine.fr\/?post_type=product&#038;p=82989"},"modified":"2026-04-17T17:52:48","modified_gmt":"2026-04-17T15:52:48","slug":"anduril-fourreau-de-luxe","status":"publish","type":"product","link":"https:\/\/repliquemangacine.fr\/en\/epees-seigneur-des-anneaux\/anduril-fourreau-de-luxe\/","title":{"rendered":"Anduril Fourreau de Luxe"},"content":{"rendered":"<h2>Anduril Deluxe scabbard: Aragorn's royal sword in an elegant, meticulously detailed version<\/h2>\n<p>First, discover the superb replica of Anduril Fourreau de Luxe, the sword reforged from Narsil fragments for King Aragorn in The Lord of the Rings. Its 440 stainless-steel throat blade is adorned with central elven engravings, faithful to the film's original design. The solid steel guard and specially shaped pommel add a finish worthy of the greatest royal weapons. The metal handle, covered in black imitation leather, guarantees an excellent grip and a comfortable hold. The wooden scabbard is clad in black imitation leather and decorated with an engraved gold plate featuring elven motifs. Metal ornaments at the ends and a removable belt with snap fasteners allow the sword to be worn with elegance. With 89.5 cm of blade and 120.5 cm overall, this replica reaches 136 cm with scabbard.<\/p>\n<h2>Anduril: a legendary blade symbolizing the return of the king and Aragorn's power<\/h2>\n<p>In the Lord of the Rings trilogy, swords play an essential role, embodying the destiny, lineage and power of their bearers. And\u00faril, also known as the Flame of the West, is the reforged version of Narsil, broken during the war against Sauron. This blade symbolizes the return of King Aragorn, heir to the ancient kings of Gondor, ready to lead the free peoples. Moreover, forged by the elves, And\u00faril shines with an ancestral light, bearing the sacred engravings of the Eldar. She accompanies Aragorn on his journey to the decisive battle at the Black Gate of Mordor. Every detail of this replica reflects the symbolic and narrative importance of this legendary weapon. Finally, to own And\u00faril is to hold a fragment of the history of Middle-earth. In short, a powerful piece for any fan of <a href=\"https:\/\/www.tolkiendil.com\/bienvenue\" target=\"_blank\" rel=\"noopener noreferrer\">Tolkien<\/a> or passionate collector.<\/p>\n<h2>R\u00e9plique Manga Cin\u00e9: all Lord of the Rings cult weapons available<\/h2>\n<p>At R\u00e9plique Manga Cin\u00e9, you'll find the Lord of the Rings universe in an exceptional collection of swords and weapons faithful to the films. Alongside And\u00faril, you'll find the majestic <a href=\"https:\/\/repliquemangacine.fr\/en\/lord-of-the-rings-swords\/glamdring-scabbard-gandalf-lotr-sword\/\">Glamdring sword<\/a> of Gandalf, a true legend in the war against the forces of darkness. Discover Boromir's sword, reflecting Gondor's honor and bravery in the face of the enemy. For fans of the kingdom of Rohan, King Th\u00e9oden's Herugrim sword is a must-have replica. Add to this the <a href=\"https:\/\/repliquemangacine.fr\/en\/lord-of-the-rings-swords\/lord-of-the-rings-legolas-sabers\/\">Legolas' elven daggers<\/a>the dark swords of the Nazg\u00fbls. There's also the<a href=\"https:\/\/repliquemangacine.fr\/en\/lord-of-the-rings-swords\/epee-de-frodon-2\/\">sword Dard de Frodon<\/a>which shines in the presence of Orcs. In conclusion, all our weapons are available in metal or collectible versions, ready to join your showcase or your cosplays. R\u00e9plique Manga Cin\u00e9 is the reference store for movie and video game replicas, for true fans of epic legends.<\/p>","protected":false},"excerpt":{"rendered":"<p>Stunning replica of the Anduril sword with deluxe scabbard.<\/p>\n<ul>\n<li>440 stainless steel blade with elven engravings in the center of the blade.<\/li>\n<li>Guard and pommel in specially shaped solid steel.<\/li>\n<li>Leatherette-covered metal handle for a secure grip.<\/li>\n<li>Leatherette-covered wooden scabbard and plate with gilded elven engravings.<\/li>\n<li>Metal ornaments at the ends.<\/li>\n<li>A removable belt snaps onto the scabbard to carry this superb sword.<\/li>\n<li>Blade length: 89.5 cm - Total length: 120.5 cm and 136 cm with scabbard<\/li>\n<li>Weight 1470 g and 2320 g with scabbard<\/li>\n<\/ul>","protected":false},"featured_media":95435,"template":"","meta":[],"product_brand":[896],"product_cat":[68,29],"product_tag":[],"class_list":{"0":"post-82989","1":"product","2":"type-product","3":"status-publish","4":"has-post-thumbnail","6":"product_brand-replique-manga-cine","7":"product_cat-epees-seigneur-des-anneaux","8":"product_cat-le-seigneur-des-anneaux","10":"first","11":"instock","12":"taxable","13":"shipping-taxable","14":"purchasable","15":"product-type-simple"},"yoast_head":"<!-- This site is optimized with the Yoast SEO plugin v27.5 - https:\/\/yoast.com\/product\/yoast-seo-wordpress\/ -->\n<title>Anduril Fourreau de Luxe - R\u00e9plique Manga Cin\u00e9<\/title>\n<meta name=\"description\" content=\"Devenez un v\u00e9ritable Roi du Gondor avec cette \u00e9poustouflante \u00e9p\u00e9e Anduril et son Fourreau de luxe en cuir et ornements elfiques et avec ceinture. Lame acier\" \/>\n<meta name=\"robots\" content=\"index, follow, max-snippet:-1, max-image-preview:large, max-video-preview:-1\" \/>\n<link rel=\"canonical\" href=\"https:\/\/repliquemangacine.fr\/en\/lord-of-the-rings-swords\/anduril-fourreau-de-luxe\/\" \/>\n<meta property=\"og:locale\" content=\"en_US\" \/>\n<meta property=\"og:type\" content=\"article\" \/>\n<meta property=\"og:title\" content=\"Anduril Fourreau de Luxe - R\u00e9plique Manga Cin\u00e9\" \/>\n<meta property=\"og:description\" content=\"Devenez un v\u00e9ritable Roi du Gondor avec cette \u00e9poustouflante \u00e9p\u00e9e Anduril et son Fourreau de luxe en cuir et ornements elfiques et avec ceinture. Lame acier\" \/>\n<meta property=\"og:url\" content=\"https:\/\/repliquemangacine.fr\/en\/lord-of-the-rings-swords\/anduril-fourreau-de-luxe\/\" \/>\n<meta property=\"og:site_name\" content=\"R\u00e9plique Manga Cin\u00e9\" \/>\n<meta property=\"article:publisher\" content=\"https:\/\/www.facebook.com\/RepliqueMangaCine\" \/>\n<meta property=\"article:modified_time\" content=\"2026-04-17T15:52:48+00:00\" \/>\n<meta property=\"og:image\" content=\"https:\/\/repliquemangacine.fr\/wp-content\/uploads\/2025\/03\/Anduril-avec-son-Fourreau-de-luxe-1.jpg\" \/>\n\t<meta property=\"og:image:width\" content=\"800\" \/>\n\t<meta property=\"og:image:height\" content=\"800\" \/>\n\t<meta property=\"og:image:type\" content=\"image\/jpeg\" \/>\n<meta name=\"twitter:card\" content=\"summary_large_image\" \/>\n<meta name=\"twitter:label1\" content=\"Est. reading time\" \/>\n\t<meta name=\"twitter:data1\" content=\"3 minutes\" \/>\n<script type=\"application\/ld+json\" class=\"yoast-schema-graph\">{\"@context\":\"https:\\\/\\\/schema.org\",\"@graph\":[{\"@type\":\"WebPage\",\"@id\":\"https:\\\/\\\/repliquemangacine.fr\\\/epees-seigneur-des-anneaux\\\/anduril-fourreau-de-luxe\\\/\",\"url\":\"https:\\\/\\\/repliquemangacine.fr\\\/epees-seigneur-des-anneaux\\\/anduril-fourreau-de-luxe\\\/\",\"name\":\"Anduril Fourreau de Luxe - R\u00e9plique Manga Cin\u00e9\",\"isPartOf\":{\"@id\":\"https:\\\/\\\/repliquemangacine.fr\\\/#website\"},\"primaryImageOfPage\":{\"@id\":\"https:\\\/\\\/repliquemangacine.fr\\\/epees-seigneur-des-anneaux\\\/anduril-fourreau-de-luxe\\\/#primaryimage\"},\"image\":{\"@id\":\"https:\\\/\\\/repliquemangacine.fr\\\/epees-seigneur-des-anneaux\\\/anduril-fourreau-de-luxe\\\/#primaryimage\"},\"thumbnailUrl\":\"https:\\\/\\\/repliquemangacine.fr\\\/wp-content\\\/uploads\\\/2025\\\/03\\\/Anduril-avec-son-Fourreau-de-luxe-1.jpg\",\"datePublished\":\"2025-03-24T19:43:32+00:00\",\"dateModified\":\"2026-04-17T15:52:48+00:00\",\"description\":\"Devenez un v\u00e9ritable Roi du Gondor avec cette \u00e9poustouflante \u00e9p\u00e9e Anduril et son Fourreau de luxe en cuir et ornements elfiques et avec ceinture. Lame acier\",\"breadcrumb\":{\"@id\":\"https:\\\/\\\/repliquemangacine.fr\\\/epees-seigneur-des-anneaux\\\/anduril-fourreau-de-luxe\\\/#breadcrumb\"},\"inLanguage\":\"en-US\",\"potentialAction\":[{\"@type\":\"ReadAction\",\"target\":[\"https:\\\/\\\/repliquemangacine.fr\\\/epees-seigneur-des-anneaux\\\/anduril-fourreau-de-luxe\\\/\"]}]},{\"@type\":\"ImageObject\",\"inLanguage\":\"en-US\",\"@id\":\"https:\\\/\\\/repliquemangacine.fr\\\/epees-seigneur-des-anneaux\\\/anduril-fourreau-de-luxe\\\/#primaryimage\",\"url\":\"https:\\\/\\\/repliquemangacine.fr\\\/wp-content\\\/uploads\\\/2025\\\/03\\\/Anduril-avec-son-Fourreau-de-luxe-1.jpg\",\"contentUrl\":\"https:\\\/\\\/repliquemangacine.fr\\\/wp-content\\\/uploads\\\/2025\\\/03\\\/Anduril-avec-son-Fourreau-de-luxe-1.jpg\",\"width\":800,\"height\":800,\"caption\":\"Anduril avec son fourreau de luxe\"},{\"@type\":\"BreadcrumbList\",\"@id\":\"https:\\\/\\\/repliquemangacine.fr\\\/epees-seigneur-des-anneaux\\\/anduril-fourreau-de-luxe\\\/#breadcrumb\",\"itemListElement\":[{\"@type\":\"ListItem\",\"position\":1,\"name\":\"Accueil\",\"item\":\"https:\\\/\\\/repliquemangacine.fr\\\/\"},{\"@type\":\"ListItem\",\"position\":2,\"name\":\"Produits\",\"item\":\"https:\\\/\\\/repliquemangacine.fr\\\/boutique\\\/\"},{\"@type\":\"ListItem\",\"position\":3,\"name\":\"Anduril Fourreau de Luxe\"}]},{\"@type\":\"WebSite\",\"@id\":\"https:\\\/\\\/repliquemangacine.fr\\\/#website\",\"url\":\"https:\\\/\\\/repliquemangacine.fr\\\/\",\"name\":\"R\u00e9plique Manga Cin\u00e9\",\"description\":\"\",\"publisher\":{\"@id\":\"https:\\\/\\\/repliquemangacine.fr\\\/#organization\"},\"potentialAction\":[{\"@type\":\"SearchAction\",\"target\":{\"@type\":\"EntryPoint\",\"urlTemplate\":\"https:\\\/\\\/repliquemangacine.fr\\\/?s={search_term_string}\"},\"query-input\":{\"@type\":\"PropertyValueSpecification\",\"valueRequired\":true,\"valueName\":\"search_term_string\"}}],\"inLanguage\":\"en-US\"},{\"@type\":\"Organization\",\"@id\":\"https:\\\/\\\/repliquemangacine.fr\\\/#organization\",\"name\":\"R\u00e9plique Manga Cin\u00e9\",\"url\":\"https:\\\/\\\/repliquemangacine.fr\\\/\",\"logo\":{\"@type\":\"ImageObject\",\"inLanguage\":\"en-US\",\"@id\":\"https:\\\/\\\/repliquemangacine.fr\\\/#\\\/schema\\\/logo\\\/image\\\/\",\"url\":\"https:\\\/\\\/repliquemangacine.fr\\\/wp-content\\\/uploads\\\/2023\\\/10\\\/RMC-500250.png\",\"contentUrl\":\"https:\\\/\\\/repliquemangacine.fr\\\/wp-content\\\/uploads\\\/2023\\\/10\\\/RMC-500250.png\",\"width\":500,\"height\":250,\"caption\":\"R\u00e9plique Manga Cin\u00e9\"},\"image\":{\"@id\":\"https:\\\/\\\/repliquemangacine.fr\\\/#\\\/schema\\\/logo\\\/image\\\/\"},\"sameAs\":[\"https:\\\/\\\/www.facebook.com\\\/RepliqueMangaCine\",\"https:\\\/\\\/www.instagram.com\\\/repliquemangacine.fr\\\/\"]}]}<\/script>\n<!-- \/ Yoast SEO plugin. -->","yoast_head_json":{"title":"Anduril Deluxe Sheath - R\u00e9plique Manga Cin\u00e9","description":"Become a true King of Gondor with this breathtaking Anduril sword and its deluxe leather scabbard with elven ornaments and belt. Steel blade","robots":{"index":"index","follow":"follow","max-snippet":"max-snippet:-1","max-image-preview":"max-image-preview:large","max-video-preview":"max-video-preview:-1"},"canonical":"https:\/\/repliquemangacine.fr\/en\/lord-of-the-rings-swords\/anduril-fourreau-de-luxe\/","og_locale":"en_US","og_type":"article","og_title":"Anduril Fourreau de Luxe - R\u00e9plique Manga Cin\u00e9","og_description":"Devenez un v\u00e9ritable Roi du Gondor avec cette \u00e9poustouflante \u00e9p\u00e9e Anduril et son Fourreau de luxe en cuir et ornements elfiques et avec ceinture. Lame acier","og_url":"https:\/\/repliquemangacine.fr\/en\/lord-of-the-rings-swords\/anduril-fourreau-de-luxe\/","og_site_name":"R\u00e9plique Manga Cin\u00e9","article_publisher":"https:\/\/www.facebook.com\/RepliqueMangaCine","article_modified_time":"2026-04-17T15:52:48+00:00","og_image":[{"width":800,"height":800,"url":"https:\/\/repliquemangacine.fr\/wp-content\/uploads\/2025\/03\/Anduril-avec-son-Fourreau-de-luxe-1.jpg","type":"image\/jpeg"}],"twitter_card":"summary_large_image","twitter_misc":{"Est. reading time":"3 minutes"},"schema":{"@context":"https:\/\/schema.org","@graph":[{"@type":"WebPage","@id":"https:\/\/repliquemangacine.fr\/epees-seigneur-des-anneaux\/anduril-fourreau-de-luxe\/","url":"https:\/\/repliquemangacine.fr\/epees-seigneur-des-anneaux\/anduril-fourreau-de-luxe\/","name":"Anduril Deluxe Sheath - R\u00e9plique Manga Cin\u00e9","isPartOf":{"@id":"https:\/\/repliquemangacine.fr\/#website"},"primaryImageOfPage":{"@id":"https:\/\/repliquemangacine.fr\/epees-seigneur-des-anneaux\/anduril-fourreau-de-luxe\/#primaryimage"},"image":{"@id":"https:\/\/repliquemangacine.fr\/epees-seigneur-des-anneaux\/anduril-fourreau-de-luxe\/#primaryimage"},"thumbnailUrl":"https:\/\/repliquemangacine.fr\/wp-content\/uploads\/2025\/03\/Anduril-avec-son-Fourreau-de-luxe-1.jpg","datePublished":"2025-03-24T19:43:32+00:00","dateModified":"2026-04-17T15:52:48+00:00","description":"Become a true King of Gondor with this breathtaking Anduril sword and its deluxe leather scabbard with elven ornaments and belt. Steel blade","breadcrumb":{"@id":"https:\/\/repliquemangacine.fr\/epees-seigneur-des-anneaux\/anduril-fourreau-de-luxe\/#breadcrumb"},"inLanguage":"en-US","potentialAction":[{"@type":"ReadAction","target":["https:\/\/repliquemangacine.fr\/epees-seigneur-des-anneaux\/anduril-fourreau-de-luxe\/"]}]},{"@type":"ImageObject","inLanguage":"en-US","@id":"https:\/\/repliquemangacine.fr\/epees-seigneur-des-anneaux\/anduril-fourreau-de-luxe\/#primaryimage","url":"https:\/\/repliquemangacine.fr\/wp-content\/uploads\/2025\/03\/Anduril-avec-son-Fourreau-de-luxe-1.jpg","contentUrl":"https:\/\/repliquemangacine.fr\/wp-content\/uploads\/2025\/03\/Anduril-avec-son-Fourreau-de-luxe-1.jpg","width":800,"height":800,"caption":"Anduril avec son fourreau de luxe"},{"@type":"BreadcrumbList","@id":"https:\/\/repliquemangacine.fr\/epees-seigneur-des-anneaux\/anduril-fourreau-de-luxe\/#breadcrumb","itemListElement":[{"@type":"ListItem","position":1,"name":"Accueil","item":"https:\/\/repliquemangacine.fr\/"},{"@type":"ListItem","position":2,"name":"Produits","item":"https:\/\/repliquemangacine.fr\/boutique\/"},{"@type":"ListItem","position":3,"name":"Anduril Fourreau de Luxe"}]},{"@type":"WebSite","@id":"https:\/\/repliquemangacine.fr\/#website","url":"https:\/\/repliquemangacine.fr\/","name":"R\u00e9plique Manga Cin\u00e9","description":"","publisher":{"@id":"https:\/\/repliquemangacine.fr\/#organization"},"potentialAction":[{"@type":"SearchAction","target":{"@type":"EntryPoint","urlTemplate":"https:\/\/repliquemangacine.fr\/?s={search_term_string}"},"query-input":{"@type":"PropertyValueSpecification","valueRequired":true,"valueName":"search_term_string"}}],"inLanguage":"en-US"},{"@type":"Organization","@id":"https:\/\/repliquemangacine.fr\/#organization","name":"R\u00e9plique Manga Cin\u00e9","url":"https:\/\/repliquemangacine.fr\/","logo":{"@type":"ImageObject","inLanguage":"en-US","@id":"https:\/\/repliquemangacine.fr\/#\/schema\/logo\/image\/","url":"https:\/\/repliquemangacine.fr\/wp-content\/uploads\/2023\/10\/RMC-500250.png","contentUrl":"https:\/\/repliquemangacine.fr\/wp-content\/uploads\/2023\/10\/RMC-500250.png","width":500,"height":250,"caption":"R\u00e9plique Manga Cin\u00e9"},"image":{"@id":"https:\/\/repliquemangacine.fr\/#\/schema\/logo\/image\/"},"sameAs":["https:\/\/www.facebook.com\/RepliqueMangaCine","https:\/\/www.instagram.com\/repliquemangacine.fr\/"]}]}},"_links":{"self":[{"href":"https:\/\/repliquemangacine.fr\/en\/wp-json\/wp\/v2\/product\/82989","targetHints":{"allow":["GET"]}}],"collection":[{"href":"https:\/\/repliquemangacine.fr\/en\/wp-json\/wp\/v2\/product"}],"about":[{"href":"https:\/\/repliquemangacine.fr\/en\/wp-json\/wp\/v2\/types\/product"}],"wp:featuredmedia":[{"embeddable":true,"href":"https:\/\/repliquemangacine.fr\/en\/wp-json\/wp\/v2\/media\/95435"}],"wp:attachment":[{"href":"https:\/\/repliquemangacine.fr\/en\/wp-json\/wp\/v2\/media?parent=82989"}],"wp:term":[{"taxonomy":"product_brand","embeddable":true,"href":"https:\/\/repliquemangacine.fr\/en\/wp-json\/wp\/v2\/product_brand?post=82989"},{"taxonomy":"product_cat","embeddable":true,"href":"https:\/\/repliquemangacine.fr\/en\/wp-json\/wp\/v2\/product_cat?post=82989"},{"taxonomy":"product_tag","embeddable":true,"href":"https:\/\/repliquemangacine.fr\/en\/wp-json\/wp\/v2\/product_tag?post=82989"}],"curies":[{"name":"wp","href":"https:\/\/api.w.org\/{rel}","templated":true}]}}