





{"id":82976,"date":"2025-03-24T18:39:29","date_gmt":"2025-03-24T17:39:29","guid":{"rendered":"https:\/\/repliquemangacine.fr\/?post_type=product&#038;p=82976"},"modified":"2026-01-11T20:46:40","modified_gmt":"2026-01-11T19:46:40","slug":"glamdring-scabbard-gandalf-lotr-sword","status":"publish","type":"product","link":"https:\/\/repliquemangacine.fr\/en\/epees-seigneur-des-anneaux\/glamdring-fourreau-epee-de-gandalf-lotr\/","title":{"rendered":"Glamdring Scabbard - Gandalf's sword LOTR"},"content":{"rendered":"<h2>Glamdring Fourreau, Gandalf's sword: a faithful replica of The Lord of the Rings<\/h2>\n<p>First, discover the replica of Glamdring Fourreau, the legendary sword of Gandalf the Grey, faithful companion of Frodo and the Fellowship. Its 440 stainless steel blade, with a central groove, ensures impressive realism and a particularly meticulous finish. Its solid steel guard features fine engraving in the center, adding a touch of elegance and authenticity. The handle is covered in blue leatherette, providing an excellent grip for collectors or cosplayers. The specially designed solid steel pommel adds to the prestige of this elven sword. Supplied with a blue leatherette-covered wooden scabbard, adorned with silver-plated metal details. With a blade length of 89 cm and an overall length of 117 cm, this piece reaches 126 cm with scabbard, weighing in at 1925 grams. A mythical sword that's a must-have.<\/p>\n<h2>The legendary swords of The Lord of the Rings: symbols of courage and destiny<\/h2>\n<p>In the Lord of the Rings trilogy, each sword has a profound history and a crucial role in the heroes' destinies. Glamdring, also known as the Goblin Splitter, was discovered by Gandalf in an ancient cave alongside Orcrist and Dard. This elven sword glows blue when danger approaches, protecting its companions. Gandalf, powerful wizard and guide of the Fellowship, uses it wisely to face the growing darkness of Middle-earth. Each weapon reflects the character of its bearer and contributes to the fantastic epic written by <a href=\"https:\/\/www.tolkiendil.com\/bienvenue\" target=\"_blank\" rel=\"noopener noreferrer\">Tolkien<\/a>. Through these blades, heritage, honor and bravery are passed on. Owning a replica like Glamdring is much more than a decorative object, it's an immersion in a mythical universe. Thanks to their authenticity, these swords continue to inspire generations of fans the world over.<\/p>\n<h2>R\u00e9plique Manga Cin\u00e9: all Lord of the Rings swords<\/h2>\n<p>On R\u00e9plique Manga Cin\u00e9, explore a vast selection of weapons from the magical world of The Lord of the Rings. In addition to Glamdring, you'll find the<a href=\"https:\/\/repliquemangacine.fr\/en\/swords-and-daggers-the-rings-of-power\/anduril-sword-aragorn-lord-of-the-rings\/\">And\u00faril<\/a>the sword reforged for Aragorn by elven smiths, a symbol of regained royalty. Discover also the<a href=\"https:\/\/repliquemangacine.fr\/en\/lord-of-the-rings-swords\/boromirs-sword\/\">Boromir's sword<\/a>heavy and powerful, true to the warrior of Gondor. For fans of Rohan, the<a href=\"https:\/\/repliquemangacine.fr\/en\/lord-of-the-rings-swords\/theoden-sword-herugrim-sword\/\">Herugrim sword<\/a> of King Th\u00e9oden is an iconic piece not to be missed. Fans of agility will appreciate Legolas' fine, elegant daggers, ideal for close combat. And let's not forget the <a href=\"https:\/\/repliquemangacine.fr\/en\/lord-of-the-rings-swords\/lord-of-the-rings-nazgul-sword-black-knights-sword\/\">dark swords of the Nazg\u00fbls<\/a>menacing and charged with an aura of evil. And, of course, the<a href=\"https:\/\/repliquemangacine.fr\/en\/lord-of-the-rings-swords\/epee-de-frodon-2\/\">sword Dard de Frodon<\/a>small but formidable, remains a classic. In conclusion, on our R\u00e9plique Manga Cin\u00e9 site, you'll find faithful, quality replicas, perfect for enthusiasts, cosplayers or collectors of cinematic legends.<\/p>","protected":false},"excerpt":{"rendered":"<p>Magnificent replica of Gandalf's Glamdring sword from \"The Lord of the Rings\" trilogy<\/p>\n<ul>\n<li>440 stainless steel blade with groove<\/li>\n<li>Solid steel guard with fine central engraving<\/li>\n<li>Blue leatherette-covered handle for a secure grip<\/li>\n<li>Solid steel knob with specific shape<\/li>\n<li>Supplied with blue leatherette-covered wooden scabbard with metal decoration.<\/li>\n<li>Blade length: 89 cm - Total length: 117 cm<\/li>\n<li>Total length with scabbard: 126 cm - Weight: 1925 grs with scabbard<\/li>\n<\/ul>","protected":false},"featured_media":82977,"template":"","meta":[],"product_brand":[896],"product_cat":[68,29],"product_tag":[],"class_list":{"0":"post-82976","1":"product","2":"type-product","3":"status-publish","4":"has-post-thumbnail","6":"product_brand-replique-manga-cine","7":"product_cat-epees-seigneur-des-anneaux","8":"product_cat-le-seigneur-des-anneaux","10":"first","11":"instock","12":"taxable","13":"shipping-taxable","14":"purchasable","15":"product-type-simple"},"yoast_head":"<!-- This site is optimized with the Yoast SEO plugin v27.5 - https:\/\/yoast.com\/product\/yoast-seo-wordpress\/ -->\n<title>Glamdring Fourreau - Ep\u00e9e de Gandalf LOTR | RMC<\/title>\n<meta name=\"description\" content=\"D\u00e9couvrez cette magnifique r\u00e9plique de l&#039;\u00e9p\u00e9e Glamdring Fourreau de Gqandalf dans Le Seigneur des Anneaux. Lame acier 440. Fourreau similicuir bleu. 126 cm\" \/>\n<meta name=\"robots\" content=\"index, follow, max-snippet:-1, max-image-preview:large, max-video-preview:-1\" \/>\n<link rel=\"canonical\" href=\"https:\/\/repliquemangacine.fr\/en\/lord-of-the-rings-swords\/glamdring-scabbard-gandalf-lotr-sword\/\" \/>\n<meta property=\"og:locale\" content=\"en_US\" \/>\n<meta property=\"og:type\" content=\"article\" \/>\n<meta property=\"og:title\" content=\"Glamdring Fourreau - Ep\u00e9e de Gandalf LOTR | RMC\" \/>\n<meta property=\"og:description\" content=\"D\u00e9couvrez cette magnifique r\u00e9plique de l&#039;\u00e9p\u00e9e Glamdring Fourreau de Gqandalf dans Le Seigneur des Anneaux. Lame acier 440. Fourreau similicuir bleu. 126 cm\" \/>\n<meta property=\"og:url\" content=\"https:\/\/repliquemangacine.fr\/en\/lord-of-the-rings-swords\/glamdring-scabbard-gandalf-lotr-sword\/\" \/>\n<meta property=\"og:site_name\" content=\"R\u00e9plique Manga Cin\u00e9\" \/>\n<meta property=\"article:publisher\" content=\"https:\/\/www.facebook.com\/RepliqueMangaCine\" \/>\n<meta property=\"article:modified_time\" content=\"2026-01-11T19:46:40+00:00\" \/>\n<meta property=\"og:image\" content=\"https:\/\/repliquemangacine.fr\/wp-content\/uploads\/2025\/03\/epee-de-Gandalf-et-son-fourreau.jpg\" \/>\n\t<meta property=\"og:image:width\" content=\"500\" \/>\n\t<meta property=\"og:image:height\" content=\"500\" \/>\n\t<meta property=\"og:image:type\" content=\"image\/jpeg\" \/>\n<meta name=\"twitter:card\" content=\"summary_large_image\" \/>\n<meta name=\"twitter:label1\" content=\"Est. reading time\" \/>\n\t<meta name=\"twitter:data1\" content=\"3 minutes\" \/>\n<script type=\"application\/ld+json\" class=\"yoast-schema-graph\">{\"@context\":\"https:\\\/\\\/schema.org\",\"@graph\":[{\"@type\":\"WebPage\",\"@id\":\"https:\\\/\\\/repliquemangacine.fr\\\/epees-seigneur-des-anneaux\\\/glamdring-fourreau-epee-de-gandalf-lotr\\\/\",\"url\":\"https:\\\/\\\/repliquemangacine.fr\\\/epees-seigneur-des-anneaux\\\/glamdring-fourreau-epee-de-gandalf-lotr\\\/\",\"name\":\"Glamdring Fourreau - Ep\u00e9e de Gandalf LOTR | RMC\",\"isPartOf\":{\"@id\":\"https:\\\/\\\/repliquemangacine.fr\\\/#website\"},\"primaryImageOfPage\":{\"@id\":\"https:\\\/\\\/repliquemangacine.fr\\\/epees-seigneur-des-anneaux\\\/glamdring-fourreau-epee-de-gandalf-lotr\\\/#primaryimage\"},\"image\":{\"@id\":\"https:\\\/\\\/repliquemangacine.fr\\\/epees-seigneur-des-anneaux\\\/glamdring-fourreau-epee-de-gandalf-lotr\\\/#primaryimage\"},\"thumbnailUrl\":\"https:\\\/\\\/repliquemangacine.fr\\\/wp-content\\\/uploads\\\/2025\\\/03\\\/epee-de-Gandalf-et-son-fourreau.jpg\",\"datePublished\":\"2025-03-24T17:39:29+00:00\",\"dateModified\":\"2026-01-11T19:46:40+00:00\",\"description\":\"D\u00e9couvrez cette magnifique r\u00e9plique de l'\u00e9p\u00e9e Glamdring Fourreau de Gqandalf dans Le Seigneur des Anneaux. Lame acier 440. Fourreau similicuir bleu. 126 cm\",\"breadcrumb\":{\"@id\":\"https:\\\/\\\/repliquemangacine.fr\\\/epees-seigneur-des-anneaux\\\/glamdring-fourreau-epee-de-gandalf-lotr\\\/#breadcrumb\"},\"inLanguage\":\"en-US\",\"potentialAction\":[{\"@type\":\"ReadAction\",\"target\":[\"https:\\\/\\\/repliquemangacine.fr\\\/epees-seigneur-des-anneaux\\\/glamdring-fourreau-epee-de-gandalf-lotr\\\/\"]}]},{\"@type\":\"ImageObject\",\"inLanguage\":\"en-US\",\"@id\":\"https:\\\/\\\/repliquemangacine.fr\\\/epees-seigneur-des-anneaux\\\/glamdring-fourreau-epee-de-gandalf-lotr\\\/#primaryimage\",\"url\":\"https:\\\/\\\/repliquemangacine.fr\\\/wp-content\\\/uploads\\\/2025\\\/03\\\/epee-de-Gandalf-et-son-fourreau.jpg\",\"contentUrl\":\"https:\\\/\\\/repliquemangacine.fr\\\/wp-content\\\/uploads\\\/2025\\\/03\\\/epee-de-Gandalf-et-son-fourreau.jpg\",\"width\":500,\"height\":500,\"caption\":\"Glamdring Fourreau \u00e9p\u00e9e de Gandalf - Le Seigneur des Anneaux\"},{\"@type\":\"BreadcrumbList\",\"@id\":\"https:\\\/\\\/repliquemangacine.fr\\\/epees-seigneur-des-anneaux\\\/glamdring-fourreau-epee-de-gandalf-lotr\\\/#breadcrumb\",\"itemListElement\":[{\"@type\":\"ListItem\",\"position\":1,\"name\":\"Accueil\",\"item\":\"https:\\\/\\\/repliquemangacine.fr\\\/\"},{\"@type\":\"ListItem\",\"position\":2,\"name\":\"Produits\",\"item\":\"https:\\\/\\\/repliquemangacine.fr\\\/boutique\\\/\"},{\"@type\":\"ListItem\",\"position\":3,\"name\":\"Glamdring Fourreau &#8211; Ep\u00e9e de Gandalf LOTR\"}]},{\"@type\":\"WebSite\",\"@id\":\"https:\\\/\\\/repliquemangacine.fr\\\/#website\",\"url\":\"https:\\\/\\\/repliquemangacine.fr\\\/\",\"name\":\"R\u00e9plique Manga Cin\u00e9\",\"description\":\"\",\"publisher\":{\"@id\":\"https:\\\/\\\/repliquemangacine.fr\\\/#organization\"},\"potentialAction\":[{\"@type\":\"SearchAction\",\"target\":{\"@type\":\"EntryPoint\",\"urlTemplate\":\"https:\\\/\\\/repliquemangacine.fr\\\/?s={search_term_string}\"},\"query-input\":{\"@type\":\"PropertyValueSpecification\",\"valueRequired\":true,\"valueName\":\"search_term_string\"}}],\"inLanguage\":\"en-US\"},{\"@type\":\"Organization\",\"@id\":\"https:\\\/\\\/repliquemangacine.fr\\\/#organization\",\"name\":\"R\u00e9plique Manga Cin\u00e9\",\"url\":\"https:\\\/\\\/repliquemangacine.fr\\\/\",\"logo\":{\"@type\":\"ImageObject\",\"inLanguage\":\"en-US\",\"@id\":\"https:\\\/\\\/repliquemangacine.fr\\\/#\\\/schema\\\/logo\\\/image\\\/\",\"url\":\"https:\\\/\\\/repliquemangacine.fr\\\/wp-content\\\/uploads\\\/2023\\\/10\\\/RMC-500250.png\",\"contentUrl\":\"https:\\\/\\\/repliquemangacine.fr\\\/wp-content\\\/uploads\\\/2023\\\/10\\\/RMC-500250.png\",\"width\":500,\"height\":250,\"caption\":\"R\u00e9plique Manga Cin\u00e9\"},\"image\":{\"@id\":\"https:\\\/\\\/repliquemangacine.fr\\\/#\\\/schema\\\/logo\\\/image\\\/\"},\"sameAs\":[\"https:\\\/\\\/www.facebook.com\\\/RepliqueMangaCine\",\"https:\\\/\\\/www.instagram.com\\\/repliquemangacine.fr\\\/\"]}]}<\/script>\n<!-- \/ Yoast SEO plugin. -->","yoast_head_json":{"title":"Glamdring Scabbard - Sword of Gandalf LOTR | RMC","description":"Discover this magnificent replica of Gqandalf's Glamdring Scabbard sword from The Lord of the Rings. 440 steel blade, blue imitation leather scabbard, 126 cm.","robots":{"index":"index","follow":"follow","max-snippet":"max-snippet:-1","max-image-preview":"max-image-preview:large","max-video-preview":"max-video-preview:-1"},"canonical":"https:\/\/repliquemangacine.fr\/en\/lord-of-the-rings-swords\/glamdring-scabbard-gandalf-lotr-sword\/","og_locale":"en_US","og_type":"article","og_title":"Glamdring Fourreau - Ep\u00e9e de Gandalf LOTR | RMC","og_description":"D\u00e9couvrez cette magnifique r\u00e9plique de l'\u00e9p\u00e9e Glamdring Fourreau de Gqandalf dans Le Seigneur des Anneaux. Lame acier 440. Fourreau similicuir bleu. 126 cm","og_url":"https:\/\/repliquemangacine.fr\/en\/lord-of-the-rings-swords\/glamdring-scabbard-gandalf-lotr-sword\/","og_site_name":"R\u00e9plique Manga Cin\u00e9","article_publisher":"https:\/\/www.facebook.com\/RepliqueMangaCine","article_modified_time":"2026-01-11T19:46:40+00:00","og_image":[{"width":500,"height":500,"url":"https:\/\/repliquemangacine.fr\/wp-content\/uploads\/2025\/03\/epee-de-Gandalf-et-son-fourreau.jpg","type":"image\/jpeg"}],"twitter_card":"summary_large_image","twitter_misc":{"Est. reading time":"3 minutes"},"schema":{"@context":"https:\/\/schema.org","@graph":[{"@type":"WebPage","@id":"https:\/\/repliquemangacine.fr\/epees-seigneur-des-anneaux\/glamdring-fourreau-epee-de-gandalf-lotr\/","url":"https:\/\/repliquemangacine.fr\/epees-seigneur-des-anneaux\/glamdring-fourreau-epee-de-gandalf-lotr\/","name":"Glamdring Scabbard - Sword of Gandalf LOTR | RMC","isPartOf":{"@id":"https:\/\/repliquemangacine.fr\/#website"},"primaryImageOfPage":{"@id":"https:\/\/repliquemangacine.fr\/epees-seigneur-des-anneaux\/glamdring-fourreau-epee-de-gandalf-lotr\/#primaryimage"},"image":{"@id":"https:\/\/repliquemangacine.fr\/epees-seigneur-des-anneaux\/glamdring-fourreau-epee-de-gandalf-lotr\/#primaryimage"},"thumbnailUrl":"https:\/\/repliquemangacine.fr\/wp-content\/uploads\/2025\/03\/epee-de-Gandalf-et-son-fourreau.jpg","datePublished":"2025-03-24T17:39:29+00:00","dateModified":"2026-01-11T19:46:40+00:00","description":"Discover this magnificent replica of Gqandalf's Glamdring Scabbard sword from The Lord of the Rings. 440 steel blade, blue imitation leather scabbard, 126 cm.","breadcrumb":{"@id":"https:\/\/repliquemangacine.fr\/epees-seigneur-des-anneaux\/glamdring-fourreau-epee-de-gandalf-lotr\/#breadcrumb"},"inLanguage":"en-US","potentialAction":[{"@type":"ReadAction","target":["https:\/\/repliquemangacine.fr\/epees-seigneur-des-anneaux\/glamdring-fourreau-epee-de-gandalf-lotr\/"]}]},{"@type":"ImageObject","inLanguage":"en-US","@id":"https:\/\/repliquemangacine.fr\/epees-seigneur-des-anneaux\/glamdring-fourreau-epee-de-gandalf-lotr\/#primaryimage","url":"https:\/\/repliquemangacine.fr\/wp-content\/uploads\/2025\/03\/epee-de-Gandalf-et-son-fourreau.jpg","contentUrl":"https:\/\/repliquemangacine.fr\/wp-content\/uploads\/2025\/03\/epee-de-Gandalf-et-son-fourreau.jpg","width":500,"height":500,"caption":"Glamdring Fourreau \u00e9p\u00e9e de Gandalf - Le Seigneur des Anneaux"},{"@type":"BreadcrumbList","@id":"https:\/\/repliquemangacine.fr\/epees-seigneur-des-anneaux\/glamdring-fourreau-epee-de-gandalf-lotr\/#breadcrumb","itemListElement":[{"@type":"ListItem","position":1,"name":"Accueil","item":"https:\/\/repliquemangacine.fr\/"},{"@type":"ListItem","position":2,"name":"Produits","item":"https:\/\/repliquemangacine.fr\/boutique\/"},{"@type":"ListItem","position":3,"name":"Glamdring Fourreau &#8211; Ep\u00e9e de Gandalf LOTR"}]},{"@type":"WebSite","@id":"https:\/\/repliquemangacine.fr\/#website","url":"https:\/\/repliquemangacine.fr\/","name":"R\u00e9plique Manga Cin\u00e9","description":"","publisher":{"@id":"https:\/\/repliquemangacine.fr\/#organization"},"potentialAction":[{"@type":"SearchAction","target":{"@type":"EntryPoint","urlTemplate":"https:\/\/repliquemangacine.fr\/?s={search_term_string}"},"query-input":{"@type":"PropertyValueSpecification","valueRequired":true,"valueName":"search_term_string"}}],"inLanguage":"en-US"},{"@type":"Organization","@id":"https:\/\/repliquemangacine.fr\/#organization","name":"R\u00e9plique Manga Cin\u00e9","url":"https:\/\/repliquemangacine.fr\/","logo":{"@type":"ImageObject","inLanguage":"en-US","@id":"https:\/\/repliquemangacine.fr\/#\/schema\/logo\/image\/","url":"https:\/\/repliquemangacine.fr\/wp-content\/uploads\/2023\/10\/RMC-500250.png","contentUrl":"https:\/\/repliquemangacine.fr\/wp-content\/uploads\/2023\/10\/RMC-500250.png","width":500,"height":250,"caption":"R\u00e9plique Manga Cin\u00e9"},"image":{"@id":"https:\/\/repliquemangacine.fr\/#\/schema\/logo\/image\/"},"sameAs":["https:\/\/www.facebook.com\/RepliqueMangaCine","https:\/\/www.instagram.com\/repliquemangacine.fr\/"]}]}},"_links":{"self":[{"href":"https:\/\/repliquemangacine.fr\/en\/wp-json\/wp\/v2\/product\/82976","targetHints":{"allow":["GET"]}}],"collection":[{"href":"https:\/\/repliquemangacine.fr\/en\/wp-json\/wp\/v2\/product"}],"about":[{"href":"https:\/\/repliquemangacine.fr\/en\/wp-json\/wp\/v2\/types\/product"}],"wp:featuredmedia":[{"embeddable":true,"href":"https:\/\/repliquemangacine.fr\/en\/wp-json\/wp\/v2\/media\/82977"}],"wp:attachment":[{"href":"https:\/\/repliquemangacine.fr\/en\/wp-json\/wp\/v2\/media?parent=82976"}],"wp:term":[{"taxonomy":"product_brand","embeddable":true,"href":"https:\/\/repliquemangacine.fr\/en\/wp-json\/wp\/v2\/product_brand?post=82976"},{"taxonomy":"product_cat","embeddable":true,"href":"https:\/\/repliquemangacine.fr\/en\/wp-json\/wp\/v2\/product_cat?post=82976"},{"taxonomy":"product_tag","embeddable":true,"href":"https:\/\/repliquemangacine.fr\/en\/wp-json\/wp\/v2\/product_tag?post=82976"}],"curies":[{"name":"wp","href":"https:\/\/api.w.org\/{rel}","templated":true}]}}