





{"id":82818,"date":"2025-03-17T19:19:15","date_gmt":"2025-03-17T18:19:15","guid":{"rendered":"https:\/\/repliquemangacine.fr\/?post_type=product&#038;p=82818"},"modified":"2025-11-13T01:19:50","modified_gmt":"2025-11-13T00:19:50","slug":"rapiere-de-rogier-elden-ring","status":"publish","type":"product","link":"https:\/\/repliquemangacine.fr\/en\/elden-ring\/rapiere-de-rogier-elden-ring\/","title":{"rendered":"Rogier's rapier - Elden Ring"},"content":{"rendered":"<h2>Rogier rapier: a refined, detailed replica for Elden Ring enthusiasts<\/h2>\n<p>First, immerse yourself in the world of Elden Ring with this superb <strong>Rogier's rapier<\/strong>. A faithful replica of the famous mage swordsman's iconic weapon. Constructed from top-quality materials, this stainless-steel throat blade features meticulous engraving. Adding an authentic, elegant touch. What's more, its gilded steel guard lends it a noble, majestic allure. At the center of this guard, you'll find a red resin stone, a distinctive element that enhances its aesthetic appeal. The solid gold-plated steel handle is adorned with sophisticated engravings. The finish is worthy of the finest blades in the Elden Ring universe. Its specially designed gilded steel pommel adds a harmonious finishing touch. To complete the package, this rapier comes with a brown leatherette scabbard, accompanied by a harness for easy carrying.<\/p>\n<h2>Rogier's rapier: an elegant weapon imbued with mystery and magic<\/h2>\n<p>In the fascinating world of<a href=\"https:\/\/eldenring.fandom.com\/fr\/wiki\/Wiki_Elden_Ring\" target=\"_blank\" rel=\"noopener noreferrer\">Elden Ring<\/a>Rogier's rapier is much more than just a weapon. It belongs to Rogier, a fearsome swordsman met at the Round Table, the game's iconic location. Unlike other blades, this rapier is designed to merge elegance and magical power, making it a unique weapon of its kind. Its use is based on a refined combat technique, combining precise stabs and powerful enchantments. Thanks to its mystical engravings, it is intimately linked to the secrets of the Fate of Death, a key element in the history of Elden Ring. As such, it embodies not only the power of Rogier's character, but also the influence of the occult forces that permeate the game. Whether you're a fan of hand-to-hand combat or an Elden Ring enthusiast. This <strong>Rogier's rapier<\/strong> is a must-have for any collection worthy of the name.<\/p>\n<h2>R\u00e9plique Manga Cin\u00e9: a vast selection of mythical weapons inspired by Elden Ring and video games<\/h2>\n<p>At R\u00e9plique Manga Cin\u00e9, we celebrate iconic video game weapons with a wide selection of accurate, detailed replicas. In addition to <strong>Rogier rapier<\/strong>you'll also find the <a href=\"https:\/\/repliquemangacine.fr\/en\/katana-and-video-game-sword-other-video-games\/katana-moonveil-in-elden-ring\/\">Katana Moonveil<\/a>a mystical blade prized for its speed and formidable magical attacks. Similarly, the<a href=\"https:\/\/repliquemangacine.fr\/en\/katana-and-video-game-sword-other-video-games\/epee-greatsword-elden-ring\/\">Greatsword sword<\/a>a true symbol of raw power, is a must-have for fans of colossal weapons. The<a href=\"https:\/\/repliquemangacine.fr\/en\/katana-and-video-game-sword-other-video-games\/epee-dark-moon-greatsword-elden-ring\/\">Dark Moon Greatsword<\/a>This new, lunar-energy-infused model will appeal to those with a passion for magic and ancient legends. Finally, for those who prefer agility and finesse, the <a href=\"https:\/\/repliquemangacine.fr\/en\/katana-and-video-game-sword-other-video-games\/katana-uchigatana-elden-ring\/\">Katana Uchigatana<\/a> is the perfect choice, combining speed and precision. Explore our catalog and find the perfect weapon to plunge you into the world of your favorite games. R\u00e9plique Manga Cin\u00e9 is the reference store for fans of manga and video game replicas.<\/p>","protected":false},"excerpt":{"rendered":"<p>Superb replica of Rogier's Rapier in Elden Ring<\/p>\n<ul>\n<li>Engraved stainless steel grooved blade<\/li>\n<li>All-steel, gold-plated guard<\/li>\n<li>At the center of the guard is a red resin stone.<\/li>\n<li>Solid gilded steel handle with engravings.<\/li>\n<li>Specially shaped knob in gilded steel.<\/li>\n<li>Comes with brown leatherette scabbard and sword harness.<\/li>\n<li>Blade length: 69 cm - Total length: 94 cm<\/li>\n<li>Weight: 988 gr<\/li>\n<\/ul>","protected":false},"featured_media":82821,"template":"","meta":[],"product_brand":[896],"product_cat":[876,67],"product_tag":[],"class_list":{"0":"post-82818","1":"product","2":"type-product","3":"status-publish","4":"has-post-thumbnail","6":"product_brand-replique-manga-cine","7":"product_cat-elden-ring","8":"product_cat-katana-et-epee-de-jeux-video-autre-jeux-video","10":"first","11":"instock","12":"taxable","13":"shipping-taxable","14":"purchasable","15":"product-type-simple"},"yoast_head":"<!-- This site is optimized with the Yoast SEO plugin v27.5 - https:\/\/yoast.com\/product\/yoast-seo-wordpress\/ -->\n<title>Rapi\u00e8re de Rogier - Elden Ring - R\u00e9plique Manga Cin\u00e9<\/title>\n<meta name=\"description\" content=\"Venez d\u00e9couvrir cette superbe Rapi\u00e8re de Rogier dans Elden Ring. Lame en acier avec gravures. Garde en m\u00e9tal dor\u00e9 finement d\u00e9cor\u00e9e. Fourreau en simili cuir.\" \/>\n<meta name=\"robots\" content=\"index, follow, max-snippet:-1, max-image-preview:large, max-video-preview:-1\" \/>\n<link rel=\"canonical\" href=\"https:\/\/repliquemangacine.fr\/en\/elden-ring\/rapiere-de-rogier-elden-ring\/\" \/>\n<meta property=\"og:locale\" content=\"en_US\" \/>\n<meta property=\"og:type\" content=\"article\" \/>\n<meta property=\"og:title\" content=\"Rapi\u00e8re de Rogier - Elden Ring - R\u00e9plique Manga Cin\u00e9\" \/>\n<meta property=\"og:description\" content=\"Venez d\u00e9couvrir cette superbe Rapi\u00e8re de Rogier dans Elden Ring. Lame en acier avec gravures. Garde en m\u00e9tal dor\u00e9 finement d\u00e9cor\u00e9e. Fourreau en simili cuir.\" \/>\n<meta property=\"og:url\" content=\"https:\/\/repliquemangacine.fr\/en\/elden-ring\/rapiere-de-rogier-elden-ring\/\" \/>\n<meta property=\"og:site_name\" content=\"R\u00e9plique Manga Cin\u00e9\" \/>\n<meta property=\"article:publisher\" content=\"https:\/\/www.facebook.com\/RepliqueMangaCine\" \/>\n<meta property=\"article:modified_time\" content=\"2025-11-13T00:19:50+00:00\" \/>\n<meta property=\"og:image\" content=\"https:\/\/repliquemangacine.fr\/wp-content\/uploads\/2025\/03\/rapiere-de-Rogier-dans-Elden-Ring.jpg\" \/>\n\t<meta property=\"og:image:width\" content=\"500\" \/>\n\t<meta property=\"og:image:height\" content=\"500\" \/>\n\t<meta property=\"og:image:type\" content=\"image\/jpeg\" \/>\n<meta name=\"twitter:card\" content=\"summary_large_image\" \/>\n<meta name=\"twitter:label1\" content=\"Est. reading time\" \/>\n\t<meta name=\"twitter:data1\" content=\"3 minutes\" \/>\n<script type=\"application\/ld+json\" class=\"yoast-schema-graph\">{\"@context\":\"https:\\\/\\\/schema.org\",\"@graph\":[{\"@type\":\"WebPage\",\"@id\":\"https:\\\/\\\/repliquemangacine.fr\\\/elden-ring\\\/rapiere-de-rogier-elden-ring\\\/\",\"url\":\"https:\\\/\\\/repliquemangacine.fr\\\/elden-ring\\\/rapiere-de-rogier-elden-ring\\\/\",\"name\":\"Rapi\u00e8re de Rogier - Elden Ring - R\u00e9plique Manga Cin\u00e9\",\"isPartOf\":{\"@id\":\"https:\\\/\\\/repliquemangacine.fr\\\/#website\"},\"primaryImageOfPage\":{\"@id\":\"https:\\\/\\\/repliquemangacine.fr\\\/elden-ring\\\/rapiere-de-rogier-elden-ring\\\/#primaryimage\"},\"image\":{\"@id\":\"https:\\\/\\\/repliquemangacine.fr\\\/elden-ring\\\/rapiere-de-rogier-elden-ring\\\/#primaryimage\"},\"thumbnailUrl\":\"https:\\\/\\\/repliquemangacine.fr\\\/wp-content\\\/uploads\\\/2025\\\/03\\\/rapiere-de-Rogier-dans-Elden-Ring.jpg\",\"datePublished\":\"2025-03-17T18:19:15+00:00\",\"dateModified\":\"2025-11-13T00:19:50+00:00\",\"description\":\"Venez d\u00e9couvrir cette superbe Rapi\u00e8re de Rogier dans Elden Ring. Lame en acier avec gravures. Garde en m\u00e9tal dor\u00e9 finement d\u00e9cor\u00e9e. Fourreau en simili cuir.\",\"breadcrumb\":{\"@id\":\"https:\\\/\\\/repliquemangacine.fr\\\/elden-ring\\\/rapiere-de-rogier-elden-ring\\\/#breadcrumb\"},\"inLanguage\":\"en-US\",\"potentialAction\":[{\"@type\":\"ReadAction\",\"target\":[\"https:\\\/\\\/repliquemangacine.fr\\\/elden-ring\\\/rapiere-de-rogier-elden-ring\\\/\"]}]},{\"@type\":\"ImageObject\",\"inLanguage\":\"en-US\",\"@id\":\"https:\\\/\\\/repliquemangacine.fr\\\/elden-ring\\\/rapiere-de-rogier-elden-ring\\\/#primaryimage\",\"url\":\"https:\\\/\\\/repliquemangacine.fr\\\/wp-content\\\/uploads\\\/2025\\\/03\\\/rapiere-de-Rogier-dans-Elden-Ring.jpg\",\"contentUrl\":\"https:\\\/\\\/repliquemangacine.fr\\\/wp-content\\\/uploads\\\/2025\\\/03\\\/rapiere-de-Rogier-dans-Elden-Ring.jpg\",\"width\":500,\"height\":500,\"caption\":\"Rapi\u00e8re de Rogier dans Elden Ring\"},{\"@type\":\"BreadcrumbList\",\"@id\":\"https:\\\/\\\/repliquemangacine.fr\\\/elden-ring\\\/rapiere-de-rogier-elden-ring\\\/#breadcrumb\",\"itemListElement\":[{\"@type\":\"ListItem\",\"position\":1,\"name\":\"Accueil\",\"item\":\"https:\\\/\\\/repliquemangacine.fr\\\/\"},{\"@type\":\"ListItem\",\"position\":2,\"name\":\"Produits\",\"item\":\"https:\\\/\\\/repliquemangacine.fr\\\/boutique\\\/\"},{\"@type\":\"ListItem\",\"position\":3,\"name\":\"Rapi\u00e8re de Rogier &#8211; Elden Ring\"}]},{\"@type\":\"WebSite\",\"@id\":\"https:\\\/\\\/repliquemangacine.fr\\\/#website\",\"url\":\"https:\\\/\\\/repliquemangacine.fr\\\/\",\"name\":\"R\u00e9plique Manga Cin\u00e9\",\"description\":\"\",\"publisher\":{\"@id\":\"https:\\\/\\\/repliquemangacine.fr\\\/#organization\"},\"potentialAction\":[{\"@type\":\"SearchAction\",\"target\":{\"@type\":\"EntryPoint\",\"urlTemplate\":\"https:\\\/\\\/repliquemangacine.fr\\\/?s={search_term_string}\"},\"query-input\":{\"@type\":\"PropertyValueSpecification\",\"valueRequired\":true,\"valueName\":\"search_term_string\"}}],\"inLanguage\":\"en-US\"},{\"@type\":\"Organization\",\"@id\":\"https:\\\/\\\/repliquemangacine.fr\\\/#organization\",\"name\":\"R\u00e9plique Manga Cin\u00e9\",\"url\":\"https:\\\/\\\/repliquemangacine.fr\\\/\",\"logo\":{\"@type\":\"ImageObject\",\"inLanguage\":\"en-US\",\"@id\":\"https:\\\/\\\/repliquemangacine.fr\\\/#\\\/schema\\\/logo\\\/image\\\/\",\"url\":\"https:\\\/\\\/repliquemangacine.fr\\\/wp-content\\\/uploads\\\/2023\\\/10\\\/RMC-500250.png\",\"contentUrl\":\"https:\\\/\\\/repliquemangacine.fr\\\/wp-content\\\/uploads\\\/2023\\\/10\\\/RMC-500250.png\",\"width\":500,\"height\":250,\"caption\":\"R\u00e9plique Manga Cin\u00e9\"},\"image\":{\"@id\":\"https:\\\/\\\/repliquemangacine.fr\\\/#\\\/schema\\\/logo\\\/image\\\/\"},\"sameAs\":[\"https:\\\/\\\/www.facebook.com\\\/RepliqueMangaCine\",\"https:\\\/\\\/www.instagram.com\\\/repliquemangacine.fr\\\/\"]}]}<\/script>\n<!-- \/ Yoast SEO plugin. -->","yoast_head_json":{"title":"Rogier rapier - Elden Ring - R\u00e9plique Manga Cin\u00e9","description":"Discover this superb Rogier Rapier in Elden Ring. Steel blade with engraving. Finely decorated gilded metal guard. Imitation leather scabbard.","robots":{"index":"index","follow":"follow","max-snippet":"max-snippet:-1","max-image-preview":"max-image-preview:large","max-video-preview":"max-video-preview:-1"},"canonical":"https:\/\/repliquemangacine.fr\/en\/elden-ring\/rapiere-de-rogier-elden-ring\/","og_locale":"en_US","og_type":"article","og_title":"Rapi\u00e8re de Rogier - Elden Ring - R\u00e9plique Manga Cin\u00e9","og_description":"Venez d\u00e9couvrir cette superbe Rapi\u00e8re de Rogier dans Elden Ring. Lame en acier avec gravures. Garde en m\u00e9tal dor\u00e9 finement d\u00e9cor\u00e9e. Fourreau en simili cuir.","og_url":"https:\/\/repliquemangacine.fr\/en\/elden-ring\/rapiere-de-rogier-elden-ring\/","og_site_name":"R\u00e9plique Manga Cin\u00e9","article_publisher":"https:\/\/www.facebook.com\/RepliqueMangaCine","article_modified_time":"2025-11-13T00:19:50+00:00","og_image":[{"width":500,"height":500,"url":"https:\/\/repliquemangacine.fr\/wp-content\/uploads\/2025\/03\/rapiere-de-Rogier-dans-Elden-Ring.jpg","type":"image\/jpeg"}],"twitter_card":"summary_large_image","twitter_misc":{"Est. reading time":"3 minutes"},"schema":{"@context":"https:\/\/schema.org","@graph":[{"@type":"WebPage","@id":"https:\/\/repliquemangacine.fr\/elden-ring\/rapiere-de-rogier-elden-ring\/","url":"https:\/\/repliquemangacine.fr\/elden-ring\/rapiere-de-rogier-elden-ring\/","name":"Rogier rapier - Elden Ring - R\u00e9plique Manga Cin\u00e9","isPartOf":{"@id":"https:\/\/repliquemangacine.fr\/#website"},"primaryImageOfPage":{"@id":"https:\/\/repliquemangacine.fr\/elden-ring\/rapiere-de-rogier-elden-ring\/#primaryimage"},"image":{"@id":"https:\/\/repliquemangacine.fr\/elden-ring\/rapiere-de-rogier-elden-ring\/#primaryimage"},"thumbnailUrl":"https:\/\/repliquemangacine.fr\/wp-content\/uploads\/2025\/03\/rapiere-de-Rogier-dans-Elden-Ring.jpg","datePublished":"2025-03-17T18:19:15+00:00","dateModified":"2025-11-13T00:19:50+00:00","description":"Discover this superb Rogier Rapier in Elden Ring. Steel blade with engraving. Finely decorated gilded metal guard. Imitation leather scabbard.","breadcrumb":{"@id":"https:\/\/repliquemangacine.fr\/elden-ring\/rapiere-de-rogier-elden-ring\/#breadcrumb"},"inLanguage":"en-US","potentialAction":[{"@type":"ReadAction","target":["https:\/\/repliquemangacine.fr\/elden-ring\/rapiere-de-rogier-elden-ring\/"]}]},{"@type":"ImageObject","inLanguage":"en-US","@id":"https:\/\/repliquemangacine.fr\/elden-ring\/rapiere-de-rogier-elden-ring\/#primaryimage","url":"https:\/\/repliquemangacine.fr\/wp-content\/uploads\/2025\/03\/rapiere-de-Rogier-dans-Elden-Ring.jpg","contentUrl":"https:\/\/repliquemangacine.fr\/wp-content\/uploads\/2025\/03\/rapiere-de-Rogier-dans-Elden-Ring.jpg","width":500,"height":500,"caption":"Rapi\u00e8re de Rogier dans Elden Ring"},{"@type":"BreadcrumbList","@id":"https:\/\/repliquemangacine.fr\/elden-ring\/rapiere-de-rogier-elden-ring\/#breadcrumb","itemListElement":[{"@type":"ListItem","position":1,"name":"Accueil","item":"https:\/\/repliquemangacine.fr\/"},{"@type":"ListItem","position":2,"name":"Produits","item":"https:\/\/repliquemangacine.fr\/boutique\/"},{"@type":"ListItem","position":3,"name":"Rapi\u00e8re de Rogier &#8211; Elden Ring"}]},{"@type":"WebSite","@id":"https:\/\/repliquemangacine.fr\/#website","url":"https:\/\/repliquemangacine.fr\/","name":"R\u00e9plique Manga Cin\u00e9","description":"","publisher":{"@id":"https:\/\/repliquemangacine.fr\/#organization"},"potentialAction":[{"@type":"SearchAction","target":{"@type":"EntryPoint","urlTemplate":"https:\/\/repliquemangacine.fr\/?s={search_term_string}"},"query-input":{"@type":"PropertyValueSpecification","valueRequired":true,"valueName":"search_term_string"}}],"inLanguage":"en-US"},{"@type":"Organization","@id":"https:\/\/repliquemangacine.fr\/#organization","name":"R\u00e9plique Manga Cin\u00e9","url":"https:\/\/repliquemangacine.fr\/","logo":{"@type":"ImageObject","inLanguage":"en-US","@id":"https:\/\/repliquemangacine.fr\/#\/schema\/logo\/image\/","url":"https:\/\/repliquemangacine.fr\/wp-content\/uploads\/2023\/10\/RMC-500250.png","contentUrl":"https:\/\/repliquemangacine.fr\/wp-content\/uploads\/2023\/10\/RMC-500250.png","width":500,"height":250,"caption":"R\u00e9plique Manga Cin\u00e9"},"image":{"@id":"https:\/\/repliquemangacine.fr\/#\/schema\/logo\/image\/"},"sameAs":["https:\/\/www.facebook.com\/RepliqueMangaCine","https:\/\/www.instagram.com\/repliquemangacine.fr\/"]}]}},"_links":{"self":[{"href":"https:\/\/repliquemangacine.fr\/en\/wp-json\/wp\/v2\/product\/82818","targetHints":{"allow":["GET"]}}],"collection":[{"href":"https:\/\/repliquemangacine.fr\/en\/wp-json\/wp\/v2\/product"}],"about":[{"href":"https:\/\/repliquemangacine.fr\/en\/wp-json\/wp\/v2\/types\/product"}],"wp:featuredmedia":[{"embeddable":true,"href":"https:\/\/repliquemangacine.fr\/en\/wp-json\/wp\/v2\/media\/82821"}],"wp:attachment":[{"href":"https:\/\/repliquemangacine.fr\/en\/wp-json\/wp\/v2\/media?parent=82818"}],"wp:term":[{"taxonomy":"product_brand","embeddable":true,"href":"https:\/\/repliquemangacine.fr\/en\/wp-json\/wp\/v2\/product_brand?post=82818"},{"taxonomy":"product_cat","embeddable":true,"href":"https:\/\/repliquemangacine.fr\/en\/wp-json\/wp\/v2\/product_cat?post=82818"},{"taxonomy":"product_tag","embeddable":true,"href":"https:\/\/repliquemangacine.fr\/en\/wp-json\/wp\/v2\/product_tag?post=82818"}],"curies":[{"name":"wp","href":"https:\/\/api.w.org\/{rel}","templated":true}]}}