





{"id":82583,"date":"2025-03-09T17:55:52","date_gmt":"2025-03-09T16:55:52","guid":{"rendered":"https:\/\/repliquemangacine.fr\/?post_type=product&#038;p=82583"},"modified":"2025-11-13T01:21:50","modified_gmt":"2025-11-13T00:21:50","slug":"katana-shodei-kitetsu-one-piece","status":"publish","type":"product","link":"https:\/\/repliquemangacine.fr\/en\/katana-en-metal-one-piece\/katana-shodei-kitetsu-one-piece\/","title":{"rendered":"Katana Shodei Kitetsu - One Piece"},"content":{"rendered":"<h2>Discover the Katana Shodei Kitetsu, the mythical Gorosei blade<\/h2>\n<p>First, let yourself be captivated by the legendary <strong>Katana Shodei Kitetsu<\/strong>wielded by Gandhi, one of the mysterious Gorosei in One Piece. Reputed to be one of the most powerful cursed swords in the world, this blade fascinates as much as it inspires fear. Indeed, it is,<\/p>\n<p>Of the three Kitetsu blades in One Piece, it has been confirmed that Shodai Kitetsu is the best. This sword is one of the <a href=\"https:\/\/manga-universe.net\/2023\/05\/11\/one-piece-15-epees-les-plus-fortes-a-ce-jour-classees\/\" target=\"_blank\" rel=\"noopener noreferrer\">12 supreme grade swords<\/a>And to top it all off, it's also a cursed sword. As the rank speaks for itself, this is indeed an extremely powerful sword, making it one of the highest quality swords ever produced in the pirate world. Made by Kitetsu's blacksmiths in Wano, its whereabouts are currently unknown.<\/p>\n<h2>Gorosei Gandhi, an enigmatic One Piece character<\/h2>\n<p>Next, discover the fascinating world of Gorosei Gandhi, a prominent member of the Council of Five Elders in One Piece. Mysterious and silent, he is instantly recognizable by his traditional attire. His Shodai Kitetsu katana symbolizes his silent power, arousing admiration and concern in his opponents. Gandhi embodies the wisdom and hidden power of the supreme rulers of world government. Although his true story and intentions remain largely unknown, his mere presence suggests incredible strength. This enigmatic figure has aroused growing interest among fans, making the <strong>Katana Shodei Kitetsu<\/strong> an essential object of desire for all collectors.<\/p>\n<h2>Discover One Piece's most powerful katanas on R\u00e9plique Manga Cin\u00e9<\/h2>\n<p>Finally, enrich your collection with the most powerful katanas and swords from the One Piece universe available on R\u00e9plique Manga Cin\u00e9. Discover the<a href=\"https:\/\/repliquemangacine.fr\/en\/replicas-manga-video-games\/yoru-kokutou-saber-mihawk-dracula-sword-wide-blade\/\">Yoru sword<\/a>Mihawk, reputed to be the sharpest blade in the world. Don't miss the famous sword nicknamed \"L'as\", the emblematic <a href=\"https:\/\/repliquemangacine.fr\/en\/one-piece-metal-katana\/gold-rogers-pirate-sword-ace-sword\/\">sword of the legendary pirate Gold Roger<\/a>a history rich in adventure. Complete your selection with the<a href=\"https:\/\/repliquemangacine.fr\/en\/replicas-manga-video-games\/shanks-le-roux-sword\/\">Griffin sword by Shanks le Roux<\/a>a symbol of charisma and undisputed power. These exceptional replicas are part of the 12 supreme-quality swords, essential for any fan wishing to relive the epic moments of One Piece at home.<\/p>","protected":false},"excerpt":{"rendered":"<p>Superb replica of the Katana Shodei Kitetsu in One Piece<\/p>\n<ul>\n<li>Steel blade finely decorated in three shades.<\/li>\n<li>Kitetsu-specific metal guard<\/li>\n<li>Imitation ray skin handle surrounded by green cotton braid<\/li>\n<li>Wooden scabbard surrounded by a wood-like synthetic material<\/li>\n<li>Blade length: 67.5 cm - Total length with scabbard: 104 cm<\/li>\n<\/ul>","protected":false},"featured_media":82584,"template":"","meta":[],"product_brand":[896],"product_cat":[123,23,36],"product_tag":[],"class_list":{"0":"post-82583","1":"product","2":"type-product","3":"status-publish","4":"has-post-thumbnail","6":"product_brand-replique-manga-cine","7":"product_cat-katana-en-metal-one-piece","8":"product_cat-repliques-manga-jeux-video","9":"product_cat-katana-one-piece","11":"first","12":"instock","13":"taxable","14":"shipping-taxable","15":"purchasable","16":"product-type-simple"},"yoast_head":"<!-- This site is optimized with the Yoast SEO plugin v27.5 - https:\/\/yoast.com\/product\/yoast-seo-wordpress\/ -->\n<title>Katana Shodei Kitetsu - One Piece - R\u00e9plique Manga Cin\u00e9<\/title>\n<meta name=\"description\" content=\"D\u00e9couvrez le Katana Shodei Kitetsu, katana maudit mani\u00e9 par Gandhi des Gorosei dans One Piece : une r\u00e9plique unique pour les collectionneurs !\" \/>\n<meta name=\"robots\" content=\"index, follow, max-snippet:-1, max-image-preview:large, max-video-preview:-1\" \/>\n<link rel=\"canonical\" href=\"https:\/\/repliquemangacine.fr\/en\/one-piece-metal-katana\/katana-shodei-kitetsu-one-piece\/\" \/>\n<meta property=\"og:locale\" content=\"en_US\" \/>\n<meta property=\"og:type\" content=\"article\" \/>\n<meta property=\"og:title\" content=\"Katana Shodei Kitetsu - One Piece - R\u00e9plique Manga Cin\u00e9\" \/>\n<meta property=\"og:description\" content=\"D\u00e9couvrez le Katana Shodei Kitetsu, katana maudit mani\u00e9 par Gandhi des Gorosei dans One Piece : une r\u00e9plique unique pour les collectionneurs !\" \/>\n<meta property=\"og:url\" content=\"https:\/\/repliquemangacine.fr\/en\/one-piece-metal-katana\/katana-shodei-kitetsu-one-piece\/\" \/>\n<meta property=\"og:site_name\" content=\"R\u00e9plique Manga Cin\u00e9\" \/>\n<meta property=\"article:publisher\" content=\"https:\/\/www.facebook.com\/RepliqueMangaCine\" \/>\n<meta property=\"article:modified_time\" content=\"2025-11-13T00:21:50+00:00\" \/>\n<meta property=\"og:image\" content=\"https:\/\/repliquemangacine.fr\/wp-content\/uploads\/2025\/03\/katana-shodai-kitetsu.jpg\" \/>\n\t<meta property=\"og:image:width\" content=\"500\" \/>\n\t<meta property=\"og:image:height\" content=\"500\" \/>\n\t<meta property=\"og:image:type\" content=\"image\/jpeg\" \/>\n<meta name=\"twitter:card\" content=\"summary_large_image\" \/>\n<meta name=\"twitter:label1\" content=\"Est. reading time\" \/>\n\t<meta name=\"twitter:data1\" content=\"3 minutes\" \/>\n<script type=\"application\/ld+json\" class=\"yoast-schema-graph\">{\"@context\":\"https:\\\/\\\/schema.org\",\"@graph\":[{\"@type\":\"WebPage\",\"@id\":\"https:\\\/\\\/repliquemangacine.fr\\\/katana-en-metal-one-piece\\\/katana-shodei-kitetsu-one-piece\\\/\",\"url\":\"https:\\\/\\\/repliquemangacine.fr\\\/katana-en-metal-one-piece\\\/katana-shodei-kitetsu-one-piece\\\/\",\"name\":\"Katana Shodei Kitetsu - One Piece - R\u00e9plique Manga Cin\u00e9\",\"isPartOf\":{\"@id\":\"https:\\\/\\\/repliquemangacine.fr\\\/#website\"},\"primaryImageOfPage\":{\"@id\":\"https:\\\/\\\/repliquemangacine.fr\\\/katana-en-metal-one-piece\\\/katana-shodei-kitetsu-one-piece\\\/#primaryimage\"},\"image\":{\"@id\":\"https:\\\/\\\/repliquemangacine.fr\\\/katana-en-metal-one-piece\\\/katana-shodei-kitetsu-one-piece\\\/#primaryimage\"},\"thumbnailUrl\":\"https:\\\/\\\/repliquemangacine.fr\\\/wp-content\\\/uploads\\\/2025\\\/03\\\/katana-shodai-kitetsu.jpg\",\"datePublished\":\"2025-03-09T16:55:52+00:00\",\"dateModified\":\"2025-11-13T00:21:50+00:00\",\"description\":\"D\u00e9couvrez le Katana Shodei Kitetsu, katana maudit mani\u00e9 par Gandhi des Gorosei dans One Piece : une r\u00e9plique unique pour les collectionneurs !\",\"breadcrumb\":{\"@id\":\"https:\\\/\\\/repliquemangacine.fr\\\/katana-en-metal-one-piece\\\/katana-shodei-kitetsu-one-piece\\\/#breadcrumb\"},\"inLanguage\":\"en-US\",\"potentialAction\":[{\"@type\":\"ReadAction\",\"target\":[\"https:\\\/\\\/repliquemangacine.fr\\\/katana-en-metal-one-piece\\\/katana-shodei-kitetsu-one-piece\\\/\"]}]},{\"@type\":\"ImageObject\",\"inLanguage\":\"en-US\",\"@id\":\"https:\\\/\\\/repliquemangacine.fr\\\/katana-en-metal-one-piece\\\/katana-shodei-kitetsu-one-piece\\\/#primaryimage\",\"url\":\"https:\\\/\\\/repliquemangacine.fr\\\/wp-content\\\/uploads\\\/2025\\\/03\\\/katana-shodai-kitetsu.jpg\",\"contentUrl\":\"https:\\\/\\\/repliquemangacine.fr\\\/wp-content\\\/uploads\\\/2025\\\/03\\\/katana-shodai-kitetsu.jpg\",\"width\":500,\"height\":500,\"caption\":\"Katana Shodei Kitetsu one piece\"},{\"@type\":\"BreadcrumbList\",\"@id\":\"https:\\\/\\\/repliquemangacine.fr\\\/katana-en-metal-one-piece\\\/katana-shodei-kitetsu-one-piece\\\/#breadcrumb\",\"itemListElement\":[{\"@type\":\"ListItem\",\"position\":1,\"name\":\"Accueil\",\"item\":\"https:\\\/\\\/repliquemangacine.fr\\\/\"},{\"@type\":\"ListItem\",\"position\":2,\"name\":\"Produits\",\"item\":\"https:\\\/\\\/repliquemangacine.fr\\\/boutique\\\/\"},{\"@type\":\"ListItem\",\"position\":3,\"name\":\"Katana Shodei Kitetsu &#8211; One Piece\"}]},{\"@type\":\"WebSite\",\"@id\":\"https:\\\/\\\/repliquemangacine.fr\\\/#website\",\"url\":\"https:\\\/\\\/repliquemangacine.fr\\\/\",\"name\":\"R\u00e9plique Manga Cin\u00e9\",\"description\":\"\",\"publisher\":{\"@id\":\"https:\\\/\\\/repliquemangacine.fr\\\/#organization\"},\"potentialAction\":[{\"@type\":\"SearchAction\",\"target\":{\"@type\":\"EntryPoint\",\"urlTemplate\":\"https:\\\/\\\/repliquemangacine.fr\\\/?s={search_term_string}\"},\"query-input\":{\"@type\":\"PropertyValueSpecification\",\"valueRequired\":true,\"valueName\":\"search_term_string\"}}],\"inLanguage\":\"en-US\"},{\"@type\":\"Organization\",\"@id\":\"https:\\\/\\\/repliquemangacine.fr\\\/#organization\",\"name\":\"R\u00e9plique Manga Cin\u00e9\",\"url\":\"https:\\\/\\\/repliquemangacine.fr\\\/\",\"logo\":{\"@type\":\"ImageObject\",\"inLanguage\":\"en-US\",\"@id\":\"https:\\\/\\\/repliquemangacine.fr\\\/#\\\/schema\\\/logo\\\/image\\\/\",\"url\":\"https:\\\/\\\/repliquemangacine.fr\\\/wp-content\\\/uploads\\\/2023\\\/10\\\/RMC-500250.png\",\"contentUrl\":\"https:\\\/\\\/repliquemangacine.fr\\\/wp-content\\\/uploads\\\/2023\\\/10\\\/RMC-500250.png\",\"width\":500,\"height\":250,\"caption\":\"R\u00e9plique Manga Cin\u00e9\"},\"image\":{\"@id\":\"https:\\\/\\\/repliquemangacine.fr\\\/#\\\/schema\\\/logo\\\/image\\\/\"},\"sameAs\":[\"https:\\\/\\\/www.facebook.com\\\/RepliqueMangaCine\",\"https:\\\/\\\/www.instagram.com\\\/repliquemangacine.fr\\\/\"]}]}<\/script>\n<!-- \/ Yoast SEO plugin. -->","yoast_head_json":{"title":"Katana Shodei Kitetsu - One Piece - R\u00e9plique Manga Cin\u00e9","description":"Discover the Katana Shodei Kitetsu, the cursed katana wielded by Gandhi of the Gorosei in One Piece: a unique replica for collectors!","robots":{"index":"index","follow":"follow","max-snippet":"max-snippet:-1","max-image-preview":"max-image-preview:large","max-video-preview":"max-video-preview:-1"},"canonical":"https:\/\/repliquemangacine.fr\/en\/one-piece-metal-katana\/katana-shodei-kitetsu-one-piece\/","og_locale":"en_US","og_type":"article","og_title":"Katana Shodei Kitetsu - One Piece - R\u00e9plique Manga Cin\u00e9","og_description":"D\u00e9couvrez le Katana Shodei Kitetsu, katana maudit mani\u00e9 par Gandhi des Gorosei dans One Piece : une r\u00e9plique unique pour les collectionneurs !","og_url":"https:\/\/repliquemangacine.fr\/en\/one-piece-metal-katana\/katana-shodei-kitetsu-one-piece\/","og_site_name":"R\u00e9plique Manga Cin\u00e9","article_publisher":"https:\/\/www.facebook.com\/RepliqueMangaCine","article_modified_time":"2025-11-13T00:21:50+00:00","og_image":[{"width":500,"height":500,"url":"https:\/\/repliquemangacine.fr\/wp-content\/uploads\/2025\/03\/katana-shodai-kitetsu.jpg","type":"image\/jpeg"}],"twitter_card":"summary_large_image","twitter_misc":{"Est. reading time":"3 minutes"},"schema":{"@context":"https:\/\/schema.org","@graph":[{"@type":"WebPage","@id":"https:\/\/repliquemangacine.fr\/katana-en-metal-one-piece\/katana-shodei-kitetsu-one-piece\/","url":"https:\/\/repliquemangacine.fr\/katana-en-metal-one-piece\/katana-shodei-kitetsu-one-piece\/","name":"Katana Shodei Kitetsu - One Piece - R\u00e9plique Manga Cin\u00e9","isPartOf":{"@id":"https:\/\/repliquemangacine.fr\/#website"},"primaryImageOfPage":{"@id":"https:\/\/repliquemangacine.fr\/katana-en-metal-one-piece\/katana-shodei-kitetsu-one-piece\/#primaryimage"},"image":{"@id":"https:\/\/repliquemangacine.fr\/katana-en-metal-one-piece\/katana-shodei-kitetsu-one-piece\/#primaryimage"},"thumbnailUrl":"https:\/\/repliquemangacine.fr\/wp-content\/uploads\/2025\/03\/katana-shodai-kitetsu.jpg","datePublished":"2025-03-09T16:55:52+00:00","dateModified":"2025-11-13T00:21:50+00:00","description":"Discover the Katana Shodei Kitetsu, the cursed katana wielded by Gandhi of the Gorosei in One Piece: a unique replica for collectors!","breadcrumb":{"@id":"https:\/\/repliquemangacine.fr\/katana-en-metal-one-piece\/katana-shodei-kitetsu-one-piece\/#breadcrumb"},"inLanguage":"en-US","potentialAction":[{"@type":"ReadAction","target":["https:\/\/repliquemangacine.fr\/katana-en-metal-one-piece\/katana-shodei-kitetsu-one-piece\/"]}]},{"@type":"ImageObject","inLanguage":"en-US","@id":"https:\/\/repliquemangacine.fr\/katana-en-metal-one-piece\/katana-shodei-kitetsu-one-piece\/#primaryimage","url":"https:\/\/repliquemangacine.fr\/wp-content\/uploads\/2025\/03\/katana-shodai-kitetsu.jpg","contentUrl":"https:\/\/repliquemangacine.fr\/wp-content\/uploads\/2025\/03\/katana-shodai-kitetsu.jpg","width":500,"height":500,"caption":"Katana Shodei Kitetsu one piece"},{"@type":"BreadcrumbList","@id":"https:\/\/repliquemangacine.fr\/katana-en-metal-one-piece\/katana-shodei-kitetsu-one-piece\/#breadcrumb","itemListElement":[{"@type":"ListItem","position":1,"name":"Accueil","item":"https:\/\/repliquemangacine.fr\/"},{"@type":"ListItem","position":2,"name":"Produits","item":"https:\/\/repliquemangacine.fr\/boutique\/"},{"@type":"ListItem","position":3,"name":"Katana Shodei Kitetsu &#8211; One Piece"}]},{"@type":"WebSite","@id":"https:\/\/repliquemangacine.fr\/#website","url":"https:\/\/repliquemangacine.fr\/","name":"R\u00e9plique Manga Cin\u00e9","description":"","publisher":{"@id":"https:\/\/repliquemangacine.fr\/#organization"},"potentialAction":[{"@type":"SearchAction","target":{"@type":"EntryPoint","urlTemplate":"https:\/\/repliquemangacine.fr\/?s={search_term_string}"},"query-input":{"@type":"PropertyValueSpecification","valueRequired":true,"valueName":"search_term_string"}}],"inLanguage":"en-US"},{"@type":"Organization","@id":"https:\/\/repliquemangacine.fr\/#organization","name":"R\u00e9plique Manga Cin\u00e9","url":"https:\/\/repliquemangacine.fr\/","logo":{"@type":"ImageObject","inLanguage":"en-US","@id":"https:\/\/repliquemangacine.fr\/#\/schema\/logo\/image\/","url":"https:\/\/repliquemangacine.fr\/wp-content\/uploads\/2023\/10\/RMC-500250.png","contentUrl":"https:\/\/repliquemangacine.fr\/wp-content\/uploads\/2023\/10\/RMC-500250.png","width":500,"height":250,"caption":"R\u00e9plique Manga Cin\u00e9"},"image":{"@id":"https:\/\/repliquemangacine.fr\/#\/schema\/logo\/image\/"},"sameAs":["https:\/\/www.facebook.com\/RepliqueMangaCine","https:\/\/www.instagram.com\/repliquemangacine.fr\/"]}]}},"_links":{"self":[{"href":"https:\/\/repliquemangacine.fr\/en\/wp-json\/wp\/v2\/product\/82583","targetHints":{"allow":["GET"]}}],"collection":[{"href":"https:\/\/repliquemangacine.fr\/en\/wp-json\/wp\/v2\/product"}],"about":[{"href":"https:\/\/repliquemangacine.fr\/en\/wp-json\/wp\/v2\/types\/product"}],"wp:featuredmedia":[{"embeddable":true,"href":"https:\/\/repliquemangacine.fr\/en\/wp-json\/wp\/v2\/media\/82584"}],"wp:attachment":[{"href":"https:\/\/repliquemangacine.fr\/en\/wp-json\/wp\/v2\/media?parent=82583"}],"wp:term":[{"taxonomy":"product_brand","embeddable":true,"href":"https:\/\/repliquemangacine.fr\/en\/wp-json\/wp\/v2\/product_brand?post=82583"},{"taxonomy":"product_cat","embeddable":true,"href":"https:\/\/repliquemangacine.fr\/en\/wp-json\/wp\/v2\/product_cat?post=82583"},{"taxonomy":"product_tag","embeddable":true,"href":"https:\/\/repliquemangacine.fr\/en\/wp-json\/wp\/v2\/product_tag?post=82583"}],"curies":[{"name":"wp","href":"https:\/\/api.w.org\/{rel}","templated":true}]}}