





{"id":82575,"date":"2025-03-09T16:12:40","date_gmt":"2025-03-09T15:12:40","guid":{"rendered":"https:\/\/repliquemangacine.fr\/?post_type=product&#038;p=82575"},"modified":"2026-03-25T15:57:41","modified_gmt":"2026-03-25T14:57:41","slug":"katana-enten-by-chihiro-kagurabachi","status":"publish","type":"product","link":"https:\/\/repliquemangacine.fr\/en\/katana-kagurabachi-metal\/katana-enten-de-chihiro-kagurabachi\/","title":{"rendered":"Katana Enten de Chihiro - Kagurabachi"},"content":{"rendered":"<h2>Discover the Enten Katana, Chihiro's ultimate weapon<\/h2>\n<p>First, let yourself be seduced by the Enten katana, the legendary enchanted blade wielded by Chihiro in Kagurabachi. Forged by <a href=\"https:\/\/kagurabachi.fandom.com\/wiki\/Kunishige_Rokuhira\" target=\"_blank\" rel=\"noopener noreferrer\">Kunishige Rokuhira<\/a>This exceptional katana offers its user unique and extraordinary abilities. Thanks to Enten, it is possible to make formidable magical cuts in combat. What's more, this special blade absorbs surrounding energy, enabling it to be used strategically at a later date. Its mystical power greatly enhances the user's physical abilities and speed. Every detail of this replica is meticulously crafted to mirror the original. Owning the Enten katana is therefore a unique privilege for any fan or collector wishing to experience the captivating world of Kagurabachi to the full.<\/p>\n<h2>Chihiro Rokuhira, an epic quest for revenge<\/h2>\n<p>Then plunge into the exciting story of Chihiro Rokuhira, protagonist of the manga Kagurabachi. After the tragic murder of her father Kunishige by the Hishaku sorcerers, Chihiro embarks on a relentless quest for revenge. Armed with the Enten katana, her father's ultimate creation, Chihiro bravely confronts her formidable enemies. Along the way, he develops his fighting techniques, notably the powerful Iai style of White Purity. This determined hero embodies courage, determination and justice in a complex and violent world. His captivating story, rich in strong emotions, immediately appeals to all fans of manga and heroic adventures.<\/p>\n<h2>Complete your collection on R\u00e9plique Manga Cin\u00e9<\/h2>\n<p>Finally, discover other exceptional katana replicas available on R\u00e9plique Manga Cin\u00e9. Berserk fans will be impressed by the huge <a href=\"https:\/\/repliquemangacine.fr\/en\/katana-and-sword-from-anime-other-manga\/guts-sword-dragon-slayer-berserk\/\">legendary sword of Guts<\/a>a true symbol of brute strength and determination. Jujutsu Kaisen enthusiasts can acquire the powerful <a href=\"https:\/\/repliquemangacine.fr\/en\/replicas-manga-video-games\/celestial-spear-of-toji-jujutsu-kaisen\/\">Toji's celestial spear<\/a>a fearsome weapon with fascinating details. For Dragon Ball Z fans, don't miss the iconic <a href=\"https:\/\/repliquemangacine.fr\/en\/katana-and-sword-from-anime-other-manga\/xeno-trunks-dbz-dragon-ball-z-sword\/\">Trunks' sword<\/a>one of the saga's most beloved heroes. R\u00e9plique Manga Cin\u00e9 offers you these unique pieces, ideal for reliving the great adventures of your favorite manga at home.<\/p>","protected":false},"excerpt":{"rendered":"<p>Superb replica of Chihiro's Enten Katana from the manga Kagurabachi.<\/p>\n<ul>\n<li>Non-sharp two-tone steel blade.<\/li>\n<li>Meticulously detailed aged steel guard.<\/li>\n<li>Wooden handle covered with imitation ray skin, wrapped in black leatherette braid.<\/li>\n<li>Black ABS-coated wooden sheath<\/li>\n<li>Blade length: 67.5 cm - Total length with scabbard: 103 cm<\/li>\n<\/ul>","protected":false},"featured_media":82577,"template":"","meta":[],"product_brand":[896],"product_cat":[874,875],"product_tag":[],"class_list":{"0":"post-82575","1":"product","2":"type-product","3":"status-publish","4":"has-post-thumbnail","6":"product_brand-replique-manga-cine","7":"product_cat-kagurabachi","8":"product_cat-katana-kagurabachi-metal","10":"first","11":"instock","12":"taxable","13":"shipping-taxable","14":"purchasable","15":"product-type-simple"},"yoast_head":"<!-- This site is optimized with the Yoast SEO plugin v27.4 - https:\/\/yoast.com\/product\/yoast-seo-wordpress\/ -->\n<title>Katana Enten de Chihiro - Kagurabachi - R\u00e9plique Manga Cin\u00e9<\/title>\n<meta name=\"description\" content=\"D\u00e9couvrez le Katana Enten de Chihiro dans Kagurabachi. Ce katana enchant\u00e9 \u00e0 une lame en acier. R\u00e9plique unique pour passionn\u00e9s et collectionneurs.\" \/>\n<meta name=\"robots\" content=\"index, follow, max-snippet:-1, max-image-preview:large, max-video-preview:-1\" \/>\n<link rel=\"canonical\" href=\"https:\/\/repliquemangacine.fr\/en\/katana-kagurabachi-metal\/katana-enten-by-chihiro-kagurabachi\/\" \/>\n<meta property=\"og:locale\" content=\"en_US\" \/>\n<meta property=\"og:type\" content=\"article\" \/>\n<meta property=\"og:title\" content=\"Katana Enten de Chihiro - Kagurabachi - R\u00e9plique Manga Cin\u00e9\" \/>\n<meta property=\"og:description\" content=\"D\u00e9couvrez le Katana Enten de Chihiro dans Kagurabachi. Ce katana enchant\u00e9 \u00e0 une lame en acier. R\u00e9plique unique pour passionn\u00e9s et collectionneurs.\" \/>\n<meta property=\"og:url\" content=\"https:\/\/repliquemangacine.fr\/en\/katana-kagurabachi-metal\/katana-enten-by-chihiro-kagurabachi\/\" \/>\n<meta property=\"og:site_name\" content=\"R\u00e9plique Manga Cin\u00e9\" \/>\n<meta property=\"article:publisher\" content=\"https:\/\/www.facebook.com\/RepliqueMangaCine\" \/>\n<meta property=\"article:modified_time\" content=\"2026-03-25T14:57:41+00:00\" \/>\n<meta property=\"og:image\" content=\"https:\/\/repliquemangacine.fr\/wp-content\/uploads\/2025\/03\/Katana-Chihiro-Rokuhira.jpg\" \/>\n\t<meta property=\"og:image:width\" content=\"500\" \/>\n\t<meta property=\"og:image:height\" content=\"500\" \/>\n\t<meta property=\"og:image:type\" content=\"image\/jpeg\" \/>\n<meta name=\"twitter:card\" content=\"summary_large_image\" \/>\n<meta name=\"twitter:label1\" content=\"Est. reading time\" \/>\n\t<meta name=\"twitter:data1\" content=\"2 minutes\" \/>\n<script type=\"application\/ld+json\" class=\"yoast-schema-graph\">{\"@context\":\"https:\\\/\\\/schema.org\",\"@graph\":[{\"@type\":\"WebPage\",\"@id\":\"https:\\\/\\\/repliquemangacine.fr\\\/katana-kagurabachi-metal\\\/katana-enten-de-chihiro-kagurabachi\\\/\",\"url\":\"https:\\\/\\\/repliquemangacine.fr\\\/katana-kagurabachi-metal\\\/katana-enten-de-chihiro-kagurabachi\\\/\",\"name\":\"Katana Enten de Chihiro - Kagurabachi - R\u00e9plique Manga Cin\u00e9\",\"isPartOf\":{\"@id\":\"https:\\\/\\\/repliquemangacine.fr\\\/#website\"},\"primaryImageOfPage\":{\"@id\":\"https:\\\/\\\/repliquemangacine.fr\\\/katana-kagurabachi-metal\\\/katana-enten-de-chihiro-kagurabachi\\\/#primaryimage\"},\"image\":{\"@id\":\"https:\\\/\\\/repliquemangacine.fr\\\/katana-kagurabachi-metal\\\/katana-enten-de-chihiro-kagurabachi\\\/#primaryimage\"},\"thumbnailUrl\":\"https:\\\/\\\/repliquemangacine.fr\\\/wp-content\\\/uploads\\\/2025\\\/03\\\/Katana-Chihiro-Rokuhira.jpg\",\"datePublished\":\"2025-03-09T15:12:40+00:00\",\"dateModified\":\"2026-03-25T14:57:41+00:00\",\"description\":\"D\u00e9couvrez le Katana Enten de Chihiro dans Kagurabachi. Ce katana enchant\u00e9 \u00e0 une lame en acier. R\u00e9plique unique pour passionn\u00e9s et collectionneurs.\",\"breadcrumb\":{\"@id\":\"https:\\\/\\\/repliquemangacine.fr\\\/katana-kagurabachi-metal\\\/katana-enten-de-chihiro-kagurabachi\\\/#breadcrumb\"},\"inLanguage\":\"en-US\",\"potentialAction\":[{\"@type\":\"ReadAction\",\"target\":[\"https:\\\/\\\/repliquemangacine.fr\\\/katana-kagurabachi-metal\\\/katana-enten-de-chihiro-kagurabachi\\\/\"]}]},{\"@type\":\"ImageObject\",\"inLanguage\":\"en-US\",\"@id\":\"https:\\\/\\\/repliquemangacine.fr\\\/katana-kagurabachi-metal\\\/katana-enten-de-chihiro-kagurabachi\\\/#primaryimage\",\"url\":\"https:\\\/\\\/repliquemangacine.fr\\\/wp-content\\\/uploads\\\/2025\\\/03\\\/Katana-Chihiro-Rokuhira.jpg\",\"contentUrl\":\"https:\\\/\\\/repliquemangacine.fr\\\/wp-content\\\/uploads\\\/2025\\\/03\\\/Katana-Chihiro-Rokuhira.jpg\",\"width\":500,\"height\":500,\"caption\":\"Katana Enten de Chihiro dans Kagurabachi\"},{\"@type\":\"BreadcrumbList\",\"@id\":\"https:\\\/\\\/repliquemangacine.fr\\\/katana-kagurabachi-metal\\\/katana-enten-de-chihiro-kagurabachi\\\/#breadcrumb\",\"itemListElement\":[{\"@type\":\"ListItem\",\"position\":1,\"name\":\"Accueil\",\"item\":\"https:\\\/\\\/repliquemangacine.fr\\\/\"},{\"@type\":\"ListItem\",\"position\":2,\"name\":\"Produits\",\"item\":\"https:\\\/\\\/repliquemangacine.fr\\\/boutique\\\/\"},{\"@type\":\"ListItem\",\"position\":3,\"name\":\"Katana Enten de Chihiro &#8211; Kagurabachi\"}]},{\"@type\":\"WebSite\",\"@id\":\"https:\\\/\\\/repliquemangacine.fr\\\/#website\",\"url\":\"https:\\\/\\\/repliquemangacine.fr\\\/\",\"name\":\"R\u00e9plique Manga Cin\u00e9\",\"description\":\"\",\"publisher\":{\"@id\":\"https:\\\/\\\/repliquemangacine.fr\\\/#organization\"},\"potentialAction\":[{\"@type\":\"SearchAction\",\"target\":{\"@type\":\"EntryPoint\",\"urlTemplate\":\"https:\\\/\\\/repliquemangacine.fr\\\/?s={search_term_string}\"},\"query-input\":{\"@type\":\"PropertyValueSpecification\",\"valueRequired\":true,\"valueName\":\"search_term_string\"}}],\"inLanguage\":\"en-US\"},{\"@type\":\"Organization\",\"@id\":\"https:\\\/\\\/repliquemangacine.fr\\\/#organization\",\"name\":\"R\u00e9plique Manga Cin\u00e9\",\"url\":\"https:\\\/\\\/repliquemangacine.fr\\\/\",\"logo\":{\"@type\":\"ImageObject\",\"inLanguage\":\"en-US\",\"@id\":\"https:\\\/\\\/repliquemangacine.fr\\\/#\\\/schema\\\/logo\\\/image\\\/\",\"url\":\"https:\\\/\\\/repliquemangacine.fr\\\/wp-content\\\/uploads\\\/2023\\\/10\\\/RMC-500250.png\",\"contentUrl\":\"https:\\\/\\\/repliquemangacine.fr\\\/wp-content\\\/uploads\\\/2023\\\/10\\\/RMC-500250.png\",\"width\":500,\"height\":250,\"caption\":\"R\u00e9plique Manga Cin\u00e9\"},\"image\":{\"@id\":\"https:\\\/\\\/repliquemangacine.fr\\\/#\\\/schema\\\/logo\\\/image\\\/\"},\"sameAs\":[\"https:\\\/\\\/www.facebook.com\\\/RepliqueMangaCine\",\"https:\\\/\\\/www.instagram.com\\\/repliquemangacine.fr\\\/\"]}]}<\/script>\n<!-- \/ Yoast SEO plugin. -->","yoast_head_json":{"title":"Katana Enten de Chihiro - Kagurabachi - R\u00e9plique Manga Cin\u00e9","description":"Discover Chihiro's Enten Katana in Kagurabachi. This enchanted katana has a steel blade. Unique replica for enthusiasts and collectors.","robots":{"index":"index","follow":"follow","max-snippet":"max-snippet:-1","max-image-preview":"max-image-preview:large","max-video-preview":"max-video-preview:-1"},"canonical":"https:\/\/repliquemangacine.fr\/en\/katana-kagurabachi-metal\/katana-enten-by-chihiro-kagurabachi\/","og_locale":"en_US","og_type":"article","og_title":"Katana Enten de Chihiro - Kagurabachi - R\u00e9plique Manga Cin\u00e9","og_description":"D\u00e9couvrez le Katana Enten de Chihiro dans Kagurabachi. Ce katana enchant\u00e9 \u00e0 une lame en acier. R\u00e9plique unique pour passionn\u00e9s et collectionneurs.","og_url":"https:\/\/repliquemangacine.fr\/en\/katana-kagurabachi-metal\/katana-enten-by-chihiro-kagurabachi\/","og_site_name":"R\u00e9plique Manga Cin\u00e9","article_publisher":"https:\/\/www.facebook.com\/RepliqueMangaCine","article_modified_time":"2026-03-25T14:57:41+00:00","og_image":[{"width":500,"height":500,"url":"https:\/\/repliquemangacine.fr\/wp-content\/uploads\/2025\/03\/Katana-Chihiro-Rokuhira.jpg","type":"image\/jpeg"}],"twitter_card":"summary_large_image","twitter_misc":{"Est. reading time":"2 minutes"},"schema":{"@context":"https:\/\/schema.org","@graph":[{"@type":"WebPage","@id":"https:\/\/repliquemangacine.fr\/katana-kagurabachi-metal\/katana-enten-de-chihiro-kagurabachi\/","url":"https:\/\/repliquemangacine.fr\/katana-kagurabachi-metal\/katana-enten-de-chihiro-kagurabachi\/","name":"Katana Enten de Chihiro - Kagurabachi - R\u00e9plique Manga Cin\u00e9","isPartOf":{"@id":"https:\/\/repliquemangacine.fr\/#website"},"primaryImageOfPage":{"@id":"https:\/\/repliquemangacine.fr\/katana-kagurabachi-metal\/katana-enten-de-chihiro-kagurabachi\/#primaryimage"},"image":{"@id":"https:\/\/repliquemangacine.fr\/katana-kagurabachi-metal\/katana-enten-de-chihiro-kagurabachi\/#primaryimage"},"thumbnailUrl":"https:\/\/repliquemangacine.fr\/wp-content\/uploads\/2025\/03\/Katana-Chihiro-Rokuhira.jpg","datePublished":"2025-03-09T15:12:40+00:00","dateModified":"2026-03-25T14:57:41+00:00","description":"Discover Chihiro's Enten Katana in Kagurabachi. This enchanted katana has a steel blade. Unique replica for enthusiasts and collectors.","breadcrumb":{"@id":"https:\/\/repliquemangacine.fr\/katana-kagurabachi-metal\/katana-enten-de-chihiro-kagurabachi\/#breadcrumb"},"inLanguage":"en-US","potentialAction":[{"@type":"ReadAction","target":["https:\/\/repliquemangacine.fr\/katana-kagurabachi-metal\/katana-enten-de-chihiro-kagurabachi\/"]}]},{"@type":"ImageObject","inLanguage":"en-US","@id":"https:\/\/repliquemangacine.fr\/katana-kagurabachi-metal\/katana-enten-de-chihiro-kagurabachi\/#primaryimage","url":"https:\/\/repliquemangacine.fr\/wp-content\/uploads\/2025\/03\/Katana-Chihiro-Rokuhira.jpg","contentUrl":"https:\/\/repliquemangacine.fr\/wp-content\/uploads\/2025\/03\/Katana-Chihiro-Rokuhira.jpg","width":500,"height":500,"caption":"Katana Enten de Chihiro dans Kagurabachi"},{"@type":"BreadcrumbList","@id":"https:\/\/repliquemangacine.fr\/katana-kagurabachi-metal\/katana-enten-de-chihiro-kagurabachi\/#breadcrumb","itemListElement":[{"@type":"ListItem","position":1,"name":"Accueil","item":"https:\/\/repliquemangacine.fr\/"},{"@type":"ListItem","position":2,"name":"Produits","item":"https:\/\/repliquemangacine.fr\/boutique\/"},{"@type":"ListItem","position":3,"name":"Katana Enten de Chihiro &#8211; Kagurabachi"}]},{"@type":"WebSite","@id":"https:\/\/repliquemangacine.fr\/#website","url":"https:\/\/repliquemangacine.fr\/","name":"R\u00e9plique Manga Cin\u00e9","description":"","publisher":{"@id":"https:\/\/repliquemangacine.fr\/#organization"},"potentialAction":[{"@type":"SearchAction","target":{"@type":"EntryPoint","urlTemplate":"https:\/\/repliquemangacine.fr\/?s={search_term_string}"},"query-input":{"@type":"PropertyValueSpecification","valueRequired":true,"valueName":"search_term_string"}}],"inLanguage":"en-US"},{"@type":"Organization","@id":"https:\/\/repliquemangacine.fr\/#organization","name":"R\u00e9plique Manga Cin\u00e9","url":"https:\/\/repliquemangacine.fr\/","logo":{"@type":"ImageObject","inLanguage":"en-US","@id":"https:\/\/repliquemangacine.fr\/#\/schema\/logo\/image\/","url":"https:\/\/repliquemangacine.fr\/wp-content\/uploads\/2023\/10\/RMC-500250.png","contentUrl":"https:\/\/repliquemangacine.fr\/wp-content\/uploads\/2023\/10\/RMC-500250.png","width":500,"height":250,"caption":"R\u00e9plique Manga Cin\u00e9"},"image":{"@id":"https:\/\/repliquemangacine.fr\/#\/schema\/logo\/image\/"},"sameAs":["https:\/\/www.facebook.com\/RepliqueMangaCine","https:\/\/www.instagram.com\/repliquemangacine.fr\/"]}]}},"_links":{"self":[{"href":"https:\/\/repliquemangacine.fr\/en\/wp-json\/wp\/v2\/product\/82575","targetHints":{"allow":["GET"]}}],"collection":[{"href":"https:\/\/repliquemangacine.fr\/en\/wp-json\/wp\/v2\/product"}],"about":[{"href":"https:\/\/repliquemangacine.fr\/en\/wp-json\/wp\/v2\/types\/product"}],"wp:featuredmedia":[{"embeddable":true,"href":"https:\/\/repliquemangacine.fr\/en\/wp-json\/wp\/v2\/media\/82577"}],"wp:attachment":[{"href":"https:\/\/repliquemangacine.fr\/en\/wp-json\/wp\/v2\/media?parent=82575"}],"wp:term":[{"taxonomy":"product_brand","embeddable":true,"href":"https:\/\/repliquemangacine.fr\/en\/wp-json\/wp\/v2\/product_brand?post=82575"},{"taxonomy":"product_cat","embeddable":true,"href":"https:\/\/repliquemangacine.fr\/en\/wp-json\/wp\/v2\/product_cat?post=82575"},{"taxonomy":"product_tag","embeddable":true,"href":"https:\/\/repliquemangacine.fr\/en\/wp-json\/wp\/v2\/product_tag?post=82575"}],"curies":[{"name":"wp","href":"https:\/\/api.w.org\/{rel}","templated":true}]}}