





{"id":82552,"date":"2025-03-09T15:31:02","date_gmt":"2025-03-09T14:31:02","guid":{"rendered":"https:\/\/repliquemangacine.fr\/?post_type=product&#038;p=82552"},"modified":"2026-04-15T16:43:31","modified_gmt":"2026-04-15T14:43:31","slug":"katana-cloud-gouger-in-kagurabachi","status":"publish","type":"product","link":"https:\/\/repliquemangacine.fr\/en\/katana-kagurabachi-metal\/katana-cloud-gouger-dans-kagurabachi\/","title":{"rendered":"Katana Cloud Gouger in Kagurabachi"},"content":{"rendered":"<h2>Discover Genichi Sojo's Cloud Gouger katana replica<\/h2>\n<p>First of all, let yourself be seduced by the exceptional replica of the <strong>Cloud Gouger katana<\/strong> by Genichi Sojo. This katana features a sturdy, non-edged steel blade, meticulously decorated to faithfully reflect the original artwork. Its elegant handle perfectly imitates black ray skin, covered with white cotton braid, ensuring optimal comfort and authentic aesthetics. What's more, the steel guard features superb details inspired by manga motifs. The scabbard, meanwhile, is made of ABS-coated wood. With a blade measuring 67.5 cm and an overall length of 103 cm. This katana is a must-have addition for any collector or fan of the Kagurabachi manga.<\/p>\n<p>Cloud Gouger: One of the seven enchanted blades forged by Kunishige Rokuhira. Cloud Gouger is a special katana infused with sorcery that possessed supernatural powers. When activated by calling out Cloud Gouger's name, up to two clouds in the shape of oriental dragons emerge from the blade and fly around the inflator.<\/p>\n<h2>Relive the captivating story of Kagurabachi<\/h2>\n<p>Then plunge into the exciting world of the manga Kagurabachi. The dramatic story follows Chihiro Rokuhira as she seeks revenge for the murder of her father by the Hishaku. The Cloud Gouger, a legendary katana forged by <a href=\"https:\/\/kagurabachi.fandom.com\/wiki\/Kunishige_Rokuhira\" target=\"_blank\" rel=\"noopener noreferrer\">Kunishige<\/a>. Used by Genichi Sojo, a fearsome arms dealer until his fatal confrontation with Chihiro. At this decisive moment, the katana is broken, symbolizing the end of a dark era and the beginning of an epic quest for justice. Kagurabachi skilfully blends intense action, poignant drama and spectacular combat, immediately captivating its audience with its rich plot and complex characters. To embrace the Cloud Gouger katana replica is to fully embrace this profound and powerful story.<\/p>\n<h2>See also our other must-have manga replicas<\/h2>\n<p>Finally, enrich your collection with our prestigious katanas inspired by cult mangas such as One Piece, Demon Slayer or Bleach. Zoro's legendary sabers, such as the fearsome <a href=\"https:\/\/repliquemangacine.fr\/en\/replicas-manga-video-games\/purple-enma-katana-one-piece\/\">Enma katana<\/a> or the fascinating Nidai Kitetsu. For fans of Demon Slayer, get your hands on the <a href=\"https:\/\/repliquemangacine.fr\/en\/steel-katana-kimetsu-no-yaiba-metal-katana-demon-slayer\/katana-tanjiro-kamado-demon-slayer\/\">katana by Tanjiro Kamado<\/a> or Zenitsu's, true symbols of bravery. Bleach also features striking replicas such as the emblematic <a href=\"https:\/\/repliquemangacine.fr\/en\/katana-bleach\/katana-bankai-tensa-zangetsu-ichigo-104cm\/\">Zanpakut\u014d by Ichigo Kurosaki<\/a>an emblematic blade from the legendary Shonen. Thanks to these exceptional replicas, plunge even deeper into the universe of your favorite heroes and sublimate your passion with unique pieces sought after by all fans.<\/p>","protected":false},"excerpt":{"rendered":"<p>Superb replica of Genichi Sojo's Cloud Gouger Katana in Kagurabachi<\/p>\n<ul>\n<li>Two-tone steel blade<\/li>\n<li>Special metal shape guard<\/li>\n<li>Wooden handle covered with imitation ray skin and surrounded by white cotton braiding<\/li>\n<li>Wooden sheath with ABS cover<\/li>\n<li>Blade length: 67.5 cm - Total length: 103cm<\/li>\n<\/ul>","protected":false},"featured_media":82568,"template":"","meta":[],"product_brand":[896],"product_cat":[874,875],"product_tag":[],"class_list":{"0":"post-82552","1":"product","2":"type-product","3":"status-publish","4":"has-post-thumbnail","6":"product_brand-replique-manga-cine","7":"product_cat-kagurabachi","8":"product_cat-katana-kagurabachi-metal","10":"first","11":"instock","12":"taxable","13":"shipping-taxable","14":"purchasable","15":"product-type-simple"},"yoast_head":"<!-- This site is optimized with the Yoast SEO plugin v27.4 - https:\/\/yoast.com\/product\/yoast-seo-wordpress\/ -->\n<title>Katana Cloud Gouger dans Kagurabachi - R\u00e9plique Manga Cin\u00e9<\/title>\n<meta name=\"description\" content=\"Adoptez la r\u00e9plique collector du katana Cloud Gouger de Genichi Sojo, lame l\u00e9gendaire du manga Kagurabachi, pour une immersion ultime chez vous !\" \/>\n<meta name=\"robots\" content=\"index, follow, max-snippet:-1, max-image-preview:large, max-video-preview:-1\" \/>\n<link rel=\"canonical\" href=\"https:\/\/repliquemangacine.fr\/en\/katana-kagurabachi-metal\/katana-cloud-gouger-in-kagurabachi\/\" \/>\n<meta property=\"og:locale\" content=\"en_US\" \/>\n<meta property=\"og:type\" content=\"article\" \/>\n<meta property=\"og:title\" content=\"Katana Cloud Gouger dans Kagurabachi - R\u00e9plique Manga Cin\u00e9\" \/>\n<meta property=\"og:description\" content=\"Adoptez la r\u00e9plique collector du katana Cloud Gouger de Genichi Sojo, lame l\u00e9gendaire du manga Kagurabachi, pour une immersion ultime chez vous !\" \/>\n<meta property=\"og:url\" content=\"https:\/\/repliquemangacine.fr\/en\/katana-kagurabachi-metal\/katana-cloud-gouger-in-kagurabachi\/\" \/>\n<meta property=\"og:site_name\" content=\"R\u00e9plique Manga Cin\u00e9\" \/>\n<meta property=\"article:publisher\" content=\"https:\/\/www.facebook.com\/RepliqueMangaCine\" \/>\n<meta property=\"article:modified_time\" content=\"2026-04-15T14:43:31+00:00\" \/>\n<meta property=\"og:image\" content=\"https:\/\/repliquemangacine.fr\/wp-content\/uploads\/2025\/03\/Katana-Genichi-Sojo.jpg\" \/>\n\t<meta property=\"og:image:width\" content=\"500\" \/>\n\t<meta property=\"og:image:height\" content=\"500\" \/>\n\t<meta property=\"og:image:type\" content=\"image\/jpeg\" \/>\n<meta name=\"twitter:card\" content=\"summary_large_image\" \/>\n<meta name=\"twitter:label1\" content=\"Est. reading time\" \/>\n\t<meta name=\"twitter:data1\" content=\"3 minutes\" \/>\n<script type=\"application\/ld+json\" class=\"yoast-schema-graph\">{\"@context\":\"https:\\\/\\\/schema.org\",\"@graph\":[{\"@type\":\"WebPage\",\"@id\":\"https:\\\/\\\/repliquemangacine.fr\\\/katana-kagurabachi-metal\\\/katana-cloud-gouger-dans-kagurabachi\\\/\",\"url\":\"https:\\\/\\\/repliquemangacine.fr\\\/katana-kagurabachi-metal\\\/katana-cloud-gouger-dans-kagurabachi\\\/\",\"name\":\"Katana Cloud Gouger dans Kagurabachi - R\u00e9plique Manga Cin\u00e9\",\"isPartOf\":{\"@id\":\"https:\\\/\\\/repliquemangacine.fr\\\/#website\"},\"primaryImageOfPage\":{\"@id\":\"https:\\\/\\\/repliquemangacine.fr\\\/katana-kagurabachi-metal\\\/katana-cloud-gouger-dans-kagurabachi\\\/#primaryimage\"},\"image\":{\"@id\":\"https:\\\/\\\/repliquemangacine.fr\\\/katana-kagurabachi-metal\\\/katana-cloud-gouger-dans-kagurabachi\\\/#primaryimage\"},\"thumbnailUrl\":\"https:\\\/\\\/repliquemangacine.fr\\\/wp-content\\\/uploads\\\/2025\\\/03\\\/Katana-Genichi-Sojo.jpg\",\"datePublished\":\"2025-03-09T14:31:02+00:00\",\"dateModified\":\"2026-04-15T14:43:31+00:00\",\"description\":\"Adoptez la r\u00e9plique collector du katana Cloud Gouger de Genichi Sojo, lame l\u00e9gendaire du manga Kagurabachi, pour une immersion ultime chez vous !\",\"breadcrumb\":{\"@id\":\"https:\\\/\\\/repliquemangacine.fr\\\/katana-kagurabachi-metal\\\/katana-cloud-gouger-dans-kagurabachi\\\/#breadcrumb\"},\"inLanguage\":\"en-US\",\"potentialAction\":[{\"@type\":\"ReadAction\",\"target\":[\"https:\\\/\\\/repliquemangacine.fr\\\/katana-kagurabachi-metal\\\/katana-cloud-gouger-dans-kagurabachi\\\/\"]}]},{\"@type\":\"ImageObject\",\"inLanguage\":\"en-US\",\"@id\":\"https:\\\/\\\/repliquemangacine.fr\\\/katana-kagurabachi-metal\\\/katana-cloud-gouger-dans-kagurabachi\\\/#primaryimage\",\"url\":\"https:\\\/\\\/repliquemangacine.fr\\\/wp-content\\\/uploads\\\/2025\\\/03\\\/Katana-Genichi-Sojo.jpg\",\"contentUrl\":\"https:\\\/\\\/repliquemangacine.fr\\\/wp-content\\\/uploads\\\/2025\\\/03\\\/Katana-Genichi-Sojo.jpg\",\"width\":500,\"height\":500,\"caption\":\"Katana Cloud Gouger dans Kagurabachi\"},{\"@type\":\"BreadcrumbList\",\"@id\":\"https:\\\/\\\/repliquemangacine.fr\\\/katana-kagurabachi-metal\\\/katana-cloud-gouger-dans-kagurabachi\\\/#breadcrumb\",\"itemListElement\":[{\"@type\":\"ListItem\",\"position\":1,\"name\":\"Accueil\",\"item\":\"https:\\\/\\\/repliquemangacine.fr\\\/\"},{\"@type\":\"ListItem\",\"position\":2,\"name\":\"Produits\",\"item\":\"https:\\\/\\\/repliquemangacine.fr\\\/boutique\\\/\"},{\"@type\":\"ListItem\",\"position\":3,\"name\":\"Katana Cloud Gouger dans Kagurabachi\"}]},{\"@type\":\"WebSite\",\"@id\":\"https:\\\/\\\/repliquemangacine.fr\\\/#website\",\"url\":\"https:\\\/\\\/repliquemangacine.fr\\\/\",\"name\":\"R\u00e9plique Manga Cin\u00e9\",\"description\":\"\",\"publisher\":{\"@id\":\"https:\\\/\\\/repliquemangacine.fr\\\/#organization\"},\"potentialAction\":[{\"@type\":\"SearchAction\",\"target\":{\"@type\":\"EntryPoint\",\"urlTemplate\":\"https:\\\/\\\/repliquemangacine.fr\\\/?s={search_term_string}\"},\"query-input\":{\"@type\":\"PropertyValueSpecification\",\"valueRequired\":true,\"valueName\":\"search_term_string\"}}],\"inLanguage\":\"en-US\"},{\"@type\":\"Organization\",\"@id\":\"https:\\\/\\\/repliquemangacine.fr\\\/#organization\",\"name\":\"R\u00e9plique Manga Cin\u00e9\",\"url\":\"https:\\\/\\\/repliquemangacine.fr\\\/\",\"logo\":{\"@type\":\"ImageObject\",\"inLanguage\":\"en-US\",\"@id\":\"https:\\\/\\\/repliquemangacine.fr\\\/#\\\/schema\\\/logo\\\/image\\\/\",\"url\":\"https:\\\/\\\/repliquemangacine.fr\\\/wp-content\\\/uploads\\\/2023\\\/10\\\/RMC-500250.png\",\"contentUrl\":\"https:\\\/\\\/repliquemangacine.fr\\\/wp-content\\\/uploads\\\/2023\\\/10\\\/RMC-500250.png\",\"width\":500,\"height\":250,\"caption\":\"R\u00e9plique Manga Cin\u00e9\"},\"image\":{\"@id\":\"https:\\\/\\\/repliquemangacine.fr\\\/#\\\/schema\\\/logo\\\/image\\\/\"},\"sameAs\":[\"https:\\\/\\\/www.facebook.com\\\/RepliqueMangaCine\",\"https:\\\/\\\/www.instagram.com\\\/repliquemangacine.fr\\\/\"]}]}<\/script>\n<!-- \/ Yoast SEO plugin. -->","yoast_head_json":{"title":"Katana Cloud Gouger in Kagurabachi - R\u00e9plique Manga Cin\u00e9","description":"Adopt the collector's replica of Genichi Sojo's Cloud Gouger katana, the legendary blade from the Kagurabachi manga, for the ultimate in home immersion!","robots":{"index":"index","follow":"follow","max-snippet":"max-snippet:-1","max-image-preview":"max-image-preview:large","max-video-preview":"max-video-preview:-1"},"canonical":"https:\/\/repliquemangacine.fr\/en\/katana-kagurabachi-metal\/katana-cloud-gouger-in-kagurabachi\/","og_locale":"en_US","og_type":"article","og_title":"Katana Cloud Gouger dans Kagurabachi - R\u00e9plique Manga Cin\u00e9","og_description":"Adoptez la r\u00e9plique collector du katana Cloud Gouger de Genichi Sojo, lame l\u00e9gendaire du manga Kagurabachi, pour une immersion ultime chez vous !","og_url":"https:\/\/repliquemangacine.fr\/en\/katana-kagurabachi-metal\/katana-cloud-gouger-in-kagurabachi\/","og_site_name":"R\u00e9plique Manga Cin\u00e9","article_publisher":"https:\/\/www.facebook.com\/RepliqueMangaCine","article_modified_time":"2026-04-15T14:43:31+00:00","og_image":[{"width":500,"height":500,"url":"https:\/\/repliquemangacine.fr\/wp-content\/uploads\/2025\/03\/Katana-Genichi-Sojo.jpg","type":"image\/jpeg"}],"twitter_card":"summary_large_image","twitter_misc":{"Est. reading time":"3 minutes"},"schema":{"@context":"https:\/\/schema.org","@graph":[{"@type":"WebPage","@id":"https:\/\/repliquemangacine.fr\/katana-kagurabachi-metal\/katana-cloud-gouger-dans-kagurabachi\/","url":"https:\/\/repliquemangacine.fr\/katana-kagurabachi-metal\/katana-cloud-gouger-dans-kagurabachi\/","name":"Katana Cloud Gouger in Kagurabachi - R\u00e9plique Manga Cin\u00e9","isPartOf":{"@id":"https:\/\/repliquemangacine.fr\/#website"},"primaryImageOfPage":{"@id":"https:\/\/repliquemangacine.fr\/katana-kagurabachi-metal\/katana-cloud-gouger-dans-kagurabachi\/#primaryimage"},"image":{"@id":"https:\/\/repliquemangacine.fr\/katana-kagurabachi-metal\/katana-cloud-gouger-dans-kagurabachi\/#primaryimage"},"thumbnailUrl":"https:\/\/repliquemangacine.fr\/wp-content\/uploads\/2025\/03\/Katana-Genichi-Sojo.jpg","datePublished":"2025-03-09T14:31:02+00:00","dateModified":"2026-04-15T14:43:31+00:00","description":"Adopt the collector's replica of Genichi Sojo's Cloud Gouger katana, the legendary blade from the Kagurabachi manga, for the ultimate in home immersion!","breadcrumb":{"@id":"https:\/\/repliquemangacine.fr\/katana-kagurabachi-metal\/katana-cloud-gouger-dans-kagurabachi\/#breadcrumb"},"inLanguage":"en-US","potentialAction":[{"@type":"ReadAction","target":["https:\/\/repliquemangacine.fr\/katana-kagurabachi-metal\/katana-cloud-gouger-dans-kagurabachi\/"]}]},{"@type":"ImageObject","inLanguage":"en-US","@id":"https:\/\/repliquemangacine.fr\/katana-kagurabachi-metal\/katana-cloud-gouger-dans-kagurabachi\/#primaryimage","url":"https:\/\/repliquemangacine.fr\/wp-content\/uploads\/2025\/03\/Katana-Genichi-Sojo.jpg","contentUrl":"https:\/\/repliquemangacine.fr\/wp-content\/uploads\/2025\/03\/Katana-Genichi-Sojo.jpg","width":500,"height":500,"caption":"Katana Cloud Gouger dans Kagurabachi"},{"@type":"BreadcrumbList","@id":"https:\/\/repliquemangacine.fr\/katana-kagurabachi-metal\/katana-cloud-gouger-dans-kagurabachi\/#breadcrumb","itemListElement":[{"@type":"ListItem","position":1,"name":"Accueil","item":"https:\/\/repliquemangacine.fr\/"},{"@type":"ListItem","position":2,"name":"Produits","item":"https:\/\/repliquemangacine.fr\/boutique\/"},{"@type":"ListItem","position":3,"name":"Katana Cloud Gouger dans Kagurabachi"}]},{"@type":"WebSite","@id":"https:\/\/repliquemangacine.fr\/#website","url":"https:\/\/repliquemangacine.fr\/","name":"R\u00e9plique Manga Cin\u00e9","description":"","publisher":{"@id":"https:\/\/repliquemangacine.fr\/#organization"},"potentialAction":[{"@type":"SearchAction","target":{"@type":"EntryPoint","urlTemplate":"https:\/\/repliquemangacine.fr\/?s={search_term_string}"},"query-input":{"@type":"PropertyValueSpecification","valueRequired":true,"valueName":"search_term_string"}}],"inLanguage":"en-US"},{"@type":"Organization","@id":"https:\/\/repliquemangacine.fr\/#organization","name":"R\u00e9plique Manga Cin\u00e9","url":"https:\/\/repliquemangacine.fr\/","logo":{"@type":"ImageObject","inLanguage":"en-US","@id":"https:\/\/repliquemangacine.fr\/#\/schema\/logo\/image\/","url":"https:\/\/repliquemangacine.fr\/wp-content\/uploads\/2023\/10\/RMC-500250.png","contentUrl":"https:\/\/repliquemangacine.fr\/wp-content\/uploads\/2023\/10\/RMC-500250.png","width":500,"height":250,"caption":"R\u00e9plique Manga Cin\u00e9"},"image":{"@id":"https:\/\/repliquemangacine.fr\/#\/schema\/logo\/image\/"},"sameAs":["https:\/\/www.facebook.com\/RepliqueMangaCine","https:\/\/www.instagram.com\/repliquemangacine.fr\/"]}]}},"_links":{"self":[{"href":"https:\/\/repliquemangacine.fr\/en\/wp-json\/wp\/v2\/product\/82552","targetHints":{"allow":["GET"]}}],"collection":[{"href":"https:\/\/repliquemangacine.fr\/en\/wp-json\/wp\/v2\/product"}],"about":[{"href":"https:\/\/repliquemangacine.fr\/en\/wp-json\/wp\/v2\/types\/product"}],"wp:featuredmedia":[{"embeddable":true,"href":"https:\/\/repliquemangacine.fr\/en\/wp-json\/wp\/v2\/media\/82568"}],"wp:attachment":[{"href":"https:\/\/repliquemangacine.fr\/en\/wp-json\/wp\/v2\/media?parent=82552"}],"wp:term":[{"taxonomy":"product_brand","embeddable":true,"href":"https:\/\/repliquemangacine.fr\/en\/wp-json\/wp\/v2\/product_brand?post=82552"},{"taxonomy":"product_cat","embeddable":true,"href":"https:\/\/repliquemangacine.fr\/en\/wp-json\/wp\/v2\/product_cat?post=82552"},{"taxonomy":"product_tag","embeddable":true,"href":"https:\/\/repliquemangacine.fr\/en\/wp-json\/wp\/v2\/product_tag?post=82552"}],"curies":[{"name":"wp","href":"https:\/\/api.w.org\/{rel}","templated":true}]}}