





{"id":82540,"date":"2025-03-08T17:13:46","date_gmt":"2025-03-08T16:13:46","guid":{"rendered":"https:\/\/repliquemangacine.fr\/?post_type=product&#038;p=82540"},"modified":"2026-03-19T12:21:20","modified_gmt":"2026-03-19T11:21:20","slug":"mortal-blade-sekiro-shadows-die-twice-4","status":"publish","type":"product","link":"https:\/\/repliquemangacine.fr\/en\/katana-et-epee-de-jeux-video-autre-jeux-video\/mortal-blade-sekiro-shadows-die-twice-4\/","title":{"rendered":"Mortal Blade Sekiro - Shadows Die Twice 4"},"content":{"rendered":"<h2>Discover Sekiro's legendary Mortal Blade<\/h2>\n<p>First, explore the fascinating world of feudal Japan with the<strong> Mortal Blade by Sekiro<\/strong>. This exceptional katana features a non-edged steel blade. Adorned with beautifully detailed decorations, it's perfect for enthusiasts and discerning collectors. The handle, elegant and authentic, imitates black ray skin covered with fine white cotton braid. This ensures a comfortable, realistic grip. What's more, its aged steel guard is finely sculpted. Delicately depicting flower petals, it evokes the traditional spirit of the samurai. The scabbard, made of sturdy wood covered with imitation wood ABS, harmoniously completes this collector's item with its rich, carefully crafted decorations. With a 66.5 cm blade and a total length of 105 cm including scabbard. This replica will quickly become a must-have in your collection, and will catch the eye of your guests thanks to its authenticity.<\/p>\n<h2>Immerse yourself in the captivating world of Sekiro: Shadows Die Twice<\/h2>\n<p>Then let yourself be transported by the captivating universe of Sekiro: Shadows Die Twice. Created by FromSoftware, the studio behind the acclaimed Dark Souls and Bloodborne series. Set in a <a href=\"https:\/\/www.worldhistory.org\/trans\/fr\/2-1438\/feodalisme-dans-le-japon-medieval\/\" target=\"_blank\" rel=\"noopener noreferrer\">Feudal Japan<\/a> fictional and mystical, this video game plunges you into the heart of an epic, dark adventure, where mythology and reality intertwine. You take on the role of Sekiro, a fearsome warrior equipped with unique prostheses, on a quest for vengeance and personal redemption. Thanks to demanding yet rewarding gameplay, every battle becomes a true test of skill, where precision and reactivity are essential. The game is also renowned for its sumptuous graphics, detailed environments and deep storyline, rich in mystery and captivating twists and turns. So owning a replica of the Death Blade is a unique opportunity to fully embody the spirit of the game in your own home.<\/p>\n<h2>Complete your collection with our other video game replicas<\/h2>\n<p>Finally, if you're passionate about the world of video games, discover our other mythical replicas that will appeal to all fans. For Elden Ring fans, the<a href=\"https:\/\/repliquemangacine.fr\/en\/katana-and-video-game-sword-other-video-games\/epee-dark-moon-greatsword-elden-ring\/\">Dark Moon Greatsword<\/a> awaits you, a legendary emblem of incomparable magical power, ideal for experiencing the mysterious atmosphere of this cult game. Also available, the<a href=\"https:\/\/repliquemangacine.fr\/en\/katana-and-video-game-sword-other-video-games\/fusion-sword-cloud-multiblade-buster-sword-final-fantasy-vii\/\">Fusion sword Cloud Strife<\/a> from Final Fantasy. An exceptional replica perfect for reliving the epic adventures of the famous hero and impressing your friends. And don't miss the magnificent <a href=\"https:\/\/repliquemangacine.fr\/en\/katana-and-video-game-sword-other-video-games\/epee-red-queen-devil-my-cry\/\">Red Queen sword<\/a> of the legendary Nero in Devil May Cry. Renowned for its unique design and exceptional finish. So whether you're a seasoned collector or a newcomer, each replica brings you closer to your favorite heroes and their unforgettable adventures, enriching your collection with rare and fascinating items.<\/p>","protected":false},"excerpt":{"rendered":"<p>Superb replica of Sekiro's katana in the video game Shadows Die Twice<\/p>\n<ul>\n<li>Non-sharp steel blade with decoration.<\/li>\n<li>Imitation black ray skin handle, covered with white cotton braid.<\/li>\n<li>Antique steel hilt depicting flower petals.<\/li>\n<li>Wooden scabbard covered in imitation-wood ABS and richly decorated.<\/li>\n<li>Blade length: 66.5 cm - Total length: 105cm with sheath<\/li>\n<\/ul>","protected":false},"featured_media":82542,"template":"","meta":[],"product_brand":[896],"product_cat":[67],"product_tag":[],"class_list":{"0":"post-82540","1":"product","2":"type-product","3":"status-publish","4":"has-post-thumbnail","6":"product_brand-replique-manga-cine","7":"product_cat-katana-et-epee-de-jeux-video-autre-jeux-video","9":"first","10":"instock","11":"taxable","12":"shipping-taxable","13":"purchasable","14":"product-type-simple"},"yoast_head":"<!-- This site is optimized with the Yoast SEO plugin v27.5 - https:\/\/yoast.com\/product\/yoast-seo-wordpress\/ -->\n<title>Mortal Blade Sekiro - Shadows Die Twice 4 - R\u00e9plique Manga Cin\u00e9<\/title>\n<meta name=\"description\" content=\"Devenez ma\u00eetre samoura\u00ef avec la r\u00e9plique collector du katana Mortal Blade de Sekiro, pour une immersion ultime chez vous ! Lame acier. 105 cm\" \/>\n<meta name=\"robots\" content=\"index, follow, max-snippet:-1, max-image-preview:large, max-video-preview:-1\" \/>\n<link rel=\"canonical\" href=\"https:\/\/repliquemangacine.fr\/en\/katana-and-video-game-sword-other-video-games\/mortal-blade-sekiro-shadows-die-twice-4\/\" \/>\n<meta property=\"og:locale\" content=\"en_US\" \/>\n<meta property=\"og:type\" content=\"article\" \/>\n<meta property=\"og:title\" content=\"Mortal Blade Sekiro - Shadows Die Twice 4 - R\u00e9plique Manga Cin\u00e9\" \/>\n<meta property=\"og:description\" content=\"Devenez ma\u00eetre samoura\u00ef avec la r\u00e9plique collector du katana Mortal Blade de Sekiro, pour une immersion ultime chez vous ! Lame acier. 105 cm\" \/>\n<meta property=\"og:url\" content=\"https:\/\/repliquemangacine.fr\/en\/katana-and-video-game-sword-other-video-games\/mortal-blade-sekiro-shadows-die-twice-4\/\" \/>\n<meta property=\"og:site_name\" content=\"R\u00e9plique Manga Cin\u00e9\" \/>\n<meta property=\"article:publisher\" content=\"https:\/\/www.facebook.com\/RepliqueMangaCine\" \/>\n<meta property=\"article:modified_time\" content=\"2026-03-19T11:21:20+00:00\" \/>\n<meta property=\"og:image\" content=\"https:\/\/repliquemangacine.fr\/wp-content\/uploads\/2025\/03\/katana-Sekiro-shadows-die-twice.jpg\" \/>\n\t<meta property=\"og:image:width\" content=\"500\" \/>\n\t<meta property=\"og:image:height\" content=\"500\" \/>\n\t<meta property=\"og:image:type\" content=\"image\/jpeg\" \/>\n<meta name=\"twitter:card\" content=\"summary_large_image\" \/>\n<meta name=\"twitter:label1\" content=\"Est. reading time\" \/>\n\t<meta name=\"twitter:data1\" content=\"3 minutes\" \/>\n<script type=\"application\/ld+json\" class=\"yoast-schema-graph\">{\"@context\":\"https:\\\/\\\/schema.org\",\"@graph\":[{\"@type\":\"WebPage\",\"@id\":\"https:\\\/\\\/repliquemangacine.fr\\\/katana-et-epee-de-jeux-video-autre-jeux-video\\\/mortal-blade-sekiro-shadows-die-twice-4\\\/\",\"url\":\"https:\\\/\\\/repliquemangacine.fr\\\/katana-et-epee-de-jeux-video-autre-jeux-video\\\/mortal-blade-sekiro-shadows-die-twice-4\\\/\",\"name\":\"Mortal Blade Sekiro - Shadows Die Twice 4 - R\u00e9plique Manga Cin\u00e9\",\"isPartOf\":{\"@id\":\"https:\\\/\\\/repliquemangacine.fr\\\/#website\"},\"primaryImageOfPage\":{\"@id\":\"https:\\\/\\\/repliquemangacine.fr\\\/katana-et-epee-de-jeux-video-autre-jeux-video\\\/mortal-blade-sekiro-shadows-die-twice-4\\\/#primaryimage\"},\"image\":{\"@id\":\"https:\\\/\\\/repliquemangacine.fr\\\/katana-et-epee-de-jeux-video-autre-jeux-video\\\/mortal-blade-sekiro-shadows-die-twice-4\\\/#primaryimage\"},\"thumbnailUrl\":\"https:\\\/\\\/repliquemangacine.fr\\\/wp-content\\\/uploads\\\/2025\\\/03\\\/katana-Sekiro-shadows-die-twice.jpg\",\"datePublished\":\"2025-03-08T16:13:46+00:00\",\"dateModified\":\"2026-03-19T11:21:20+00:00\",\"description\":\"Devenez ma\u00eetre samoura\u00ef avec la r\u00e9plique collector du katana Mortal Blade de Sekiro, pour une immersion ultime chez vous ! Lame acier. 105 cm\",\"breadcrumb\":{\"@id\":\"https:\\\/\\\/repliquemangacine.fr\\\/katana-et-epee-de-jeux-video-autre-jeux-video\\\/mortal-blade-sekiro-shadows-die-twice-4\\\/#breadcrumb\"},\"inLanguage\":\"en-US\",\"potentialAction\":[{\"@type\":\"ReadAction\",\"target\":[\"https:\\\/\\\/repliquemangacine.fr\\\/katana-et-epee-de-jeux-video-autre-jeux-video\\\/mortal-blade-sekiro-shadows-die-twice-4\\\/\"]}]},{\"@type\":\"ImageObject\",\"inLanguage\":\"en-US\",\"@id\":\"https:\\\/\\\/repliquemangacine.fr\\\/katana-et-epee-de-jeux-video-autre-jeux-video\\\/mortal-blade-sekiro-shadows-die-twice-4\\\/#primaryimage\",\"url\":\"https:\\\/\\\/repliquemangacine.fr\\\/wp-content\\\/uploads\\\/2025\\\/03\\\/katana-Sekiro-shadows-die-twice.jpg\",\"contentUrl\":\"https:\\\/\\\/repliquemangacine.fr\\\/wp-content\\\/uploads\\\/2025\\\/03\\\/katana-Sekiro-shadows-die-twice.jpg\",\"width\":500,\"height\":500,\"caption\":\"Mortal Blade Sekiro\"},{\"@type\":\"BreadcrumbList\",\"@id\":\"https:\\\/\\\/repliquemangacine.fr\\\/katana-et-epee-de-jeux-video-autre-jeux-video\\\/mortal-blade-sekiro-shadows-die-twice-4\\\/#breadcrumb\",\"itemListElement\":[{\"@type\":\"ListItem\",\"position\":1,\"name\":\"Accueil\",\"item\":\"https:\\\/\\\/repliquemangacine.fr\\\/\"},{\"@type\":\"ListItem\",\"position\":2,\"name\":\"Produits\",\"item\":\"https:\\\/\\\/repliquemangacine.fr\\\/boutique\\\/\"},{\"@type\":\"ListItem\",\"position\":3,\"name\":\"Mortal Blade Sekiro &#8211; Shadows Die Twice 4\"}]},{\"@type\":\"WebSite\",\"@id\":\"https:\\\/\\\/repliquemangacine.fr\\\/#website\",\"url\":\"https:\\\/\\\/repliquemangacine.fr\\\/\",\"name\":\"R\u00e9plique Manga Cin\u00e9\",\"description\":\"\",\"publisher\":{\"@id\":\"https:\\\/\\\/repliquemangacine.fr\\\/#organization\"},\"potentialAction\":[{\"@type\":\"SearchAction\",\"target\":{\"@type\":\"EntryPoint\",\"urlTemplate\":\"https:\\\/\\\/repliquemangacine.fr\\\/?s={search_term_string}\"},\"query-input\":{\"@type\":\"PropertyValueSpecification\",\"valueRequired\":true,\"valueName\":\"search_term_string\"}}],\"inLanguage\":\"en-US\"},{\"@type\":\"Organization\",\"@id\":\"https:\\\/\\\/repliquemangacine.fr\\\/#organization\",\"name\":\"R\u00e9plique Manga Cin\u00e9\",\"url\":\"https:\\\/\\\/repliquemangacine.fr\\\/\",\"logo\":{\"@type\":\"ImageObject\",\"inLanguage\":\"en-US\",\"@id\":\"https:\\\/\\\/repliquemangacine.fr\\\/#\\\/schema\\\/logo\\\/image\\\/\",\"url\":\"https:\\\/\\\/repliquemangacine.fr\\\/wp-content\\\/uploads\\\/2023\\\/10\\\/RMC-500250.png\",\"contentUrl\":\"https:\\\/\\\/repliquemangacine.fr\\\/wp-content\\\/uploads\\\/2023\\\/10\\\/RMC-500250.png\",\"width\":500,\"height\":250,\"caption\":\"R\u00e9plique Manga Cin\u00e9\"},\"image\":{\"@id\":\"https:\\\/\\\/repliquemangacine.fr\\\/#\\\/schema\\\/logo\\\/image\\\/\"},\"sameAs\":[\"https:\\\/\\\/www.facebook.com\\\/RepliqueMangaCine\",\"https:\\\/\\\/www.instagram.com\\\/repliquemangacine.fr\\\/\"]}]}<\/script>\n<!-- \/ Yoast SEO plugin. -->","yoast_head_json":{"title":"Mortal Blade Sekiro - Shadows Die Twice 4 - R\u00e9plique Manga Cin\u00e9","description":"Become a samurai master with the collector's replica of Sekiro's Mortal Blade katana, for the ultimate in home immersion! Steel blade. 105 cm","robots":{"index":"index","follow":"follow","max-snippet":"max-snippet:-1","max-image-preview":"max-image-preview:large","max-video-preview":"max-video-preview:-1"},"canonical":"https:\/\/repliquemangacine.fr\/en\/katana-and-video-game-sword-other-video-games\/mortal-blade-sekiro-shadows-die-twice-4\/","og_locale":"en_US","og_type":"article","og_title":"Mortal Blade Sekiro - Shadows Die Twice 4 - R\u00e9plique Manga Cin\u00e9","og_description":"Devenez ma\u00eetre samoura\u00ef avec la r\u00e9plique collector du katana Mortal Blade de Sekiro, pour une immersion ultime chez vous ! Lame acier. 105 cm","og_url":"https:\/\/repliquemangacine.fr\/en\/katana-and-video-game-sword-other-video-games\/mortal-blade-sekiro-shadows-die-twice-4\/","og_site_name":"R\u00e9plique Manga Cin\u00e9","article_publisher":"https:\/\/www.facebook.com\/RepliqueMangaCine","article_modified_time":"2026-03-19T11:21:20+00:00","og_image":[{"width":500,"height":500,"url":"https:\/\/repliquemangacine.fr\/wp-content\/uploads\/2025\/03\/katana-Sekiro-shadows-die-twice.jpg","type":"image\/jpeg"}],"twitter_card":"summary_large_image","twitter_misc":{"Est. reading time":"3 minutes"},"schema":{"@context":"https:\/\/schema.org","@graph":[{"@type":"WebPage","@id":"https:\/\/repliquemangacine.fr\/katana-et-epee-de-jeux-video-autre-jeux-video\/mortal-blade-sekiro-shadows-die-twice-4\/","url":"https:\/\/repliquemangacine.fr\/katana-et-epee-de-jeux-video-autre-jeux-video\/mortal-blade-sekiro-shadows-die-twice-4\/","name":"Mortal Blade Sekiro - Shadows Die Twice 4 - R\u00e9plique Manga Cin\u00e9","isPartOf":{"@id":"https:\/\/repliquemangacine.fr\/#website"},"primaryImageOfPage":{"@id":"https:\/\/repliquemangacine.fr\/katana-et-epee-de-jeux-video-autre-jeux-video\/mortal-blade-sekiro-shadows-die-twice-4\/#primaryimage"},"image":{"@id":"https:\/\/repliquemangacine.fr\/katana-et-epee-de-jeux-video-autre-jeux-video\/mortal-blade-sekiro-shadows-die-twice-4\/#primaryimage"},"thumbnailUrl":"https:\/\/repliquemangacine.fr\/wp-content\/uploads\/2025\/03\/katana-Sekiro-shadows-die-twice.jpg","datePublished":"2025-03-08T16:13:46+00:00","dateModified":"2026-03-19T11:21:20+00:00","description":"Become a samurai master with the collector's replica of Sekiro's Mortal Blade katana, for the ultimate in home immersion! Steel blade. 105 cm","breadcrumb":{"@id":"https:\/\/repliquemangacine.fr\/katana-et-epee-de-jeux-video-autre-jeux-video\/mortal-blade-sekiro-shadows-die-twice-4\/#breadcrumb"},"inLanguage":"en-US","potentialAction":[{"@type":"ReadAction","target":["https:\/\/repliquemangacine.fr\/katana-et-epee-de-jeux-video-autre-jeux-video\/mortal-blade-sekiro-shadows-die-twice-4\/"]}]},{"@type":"ImageObject","inLanguage":"en-US","@id":"https:\/\/repliquemangacine.fr\/katana-et-epee-de-jeux-video-autre-jeux-video\/mortal-blade-sekiro-shadows-die-twice-4\/#primaryimage","url":"https:\/\/repliquemangacine.fr\/wp-content\/uploads\/2025\/03\/katana-Sekiro-shadows-die-twice.jpg","contentUrl":"https:\/\/repliquemangacine.fr\/wp-content\/uploads\/2025\/03\/katana-Sekiro-shadows-die-twice.jpg","width":500,"height":500,"caption":"Mortal Blade Sekiro"},{"@type":"BreadcrumbList","@id":"https:\/\/repliquemangacine.fr\/katana-et-epee-de-jeux-video-autre-jeux-video\/mortal-blade-sekiro-shadows-die-twice-4\/#breadcrumb","itemListElement":[{"@type":"ListItem","position":1,"name":"Accueil","item":"https:\/\/repliquemangacine.fr\/"},{"@type":"ListItem","position":2,"name":"Produits","item":"https:\/\/repliquemangacine.fr\/boutique\/"},{"@type":"ListItem","position":3,"name":"Mortal Blade Sekiro &#8211; Shadows Die Twice 4"}]},{"@type":"WebSite","@id":"https:\/\/repliquemangacine.fr\/#website","url":"https:\/\/repliquemangacine.fr\/","name":"R\u00e9plique Manga Cin\u00e9","description":"","publisher":{"@id":"https:\/\/repliquemangacine.fr\/#organization"},"potentialAction":[{"@type":"SearchAction","target":{"@type":"EntryPoint","urlTemplate":"https:\/\/repliquemangacine.fr\/?s={search_term_string}"},"query-input":{"@type":"PropertyValueSpecification","valueRequired":true,"valueName":"search_term_string"}}],"inLanguage":"en-US"},{"@type":"Organization","@id":"https:\/\/repliquemangacine.fr\/#organization","name":"R\u00e9plique Manga Cin\u00e9","url":"https:\/\/repliquemangacine.fr\/","logo":{"@type":"ImageObject","inLanguage":"en-US","@id":"https:\/\/repliquemangacine.fr\/#\/schema\/logo\/image\/","url":"https:\/\/repliquemangacine.fr\/wp-content\/uploads\/2023\/10\/RMC-500250.png","contentUrl":"https:\/\/repliquemangacine.fr\/wp-content\/uploads\/2023\/10\/RMC-500250.png","width":500,"height":250,"caption":"R\u00e9plique Manga Cin\u00e9"},"image":{"@id":"https:\/\/repliquemangacine.fr\/#\/schema\/logo\/image\/"},"sameAs":["https:\/\/www.facebook.com\/RepliqueMangaCine","https:\/\/www.instagram.com\/repliquemangacine.fr\/"]}]}},"_links":{"self":[{"href":"https:\/\/repliquemangacine.fr\/en\/wp-json\/wp\/v2\/product\/82540","targetHints":{"allow":["GET"]}}],"collection":[{"href":"https:\/\/repliquemangacine.fr\/en\/wp-json\/wp\/v2\/product"}],"about":[{"href":"https:\/\/repliquemangacine.fr\/en\/wp-json\/wp\/v2\/types\/product"}],"wp:featuredmedia":[{"embeddable":true,"href":"https:\/\/repliquemangacine.fr\/en\/wp-json\/wp\/v2\/media\/82542"}],"wp:attachment":[{"href":"https:\/\/repliquemangacine.fr\/en\/wp-json\/wp\/v2\/media?parent=82540"}],"wp:term":[{"taxonomy":"product_brand","embeddable":true,"href":"https:\/\/repliquemangacine.fr\/en\/wp-json\/wp\/v2\/product_brand?post=82540"},{"taxonomy":"product_cat","embeddable":true,"href":"https:\/\/repliquemangacine.fr\/en\/wp-json\/wp\/v2\/product_cat?post=82540"},{"taxonomy":"product_tag","embeddable":true,"href":"https:\/\/repliquemangacine.fr\/en\/wp-json\/wp\/v2\/product_tag?post=82540"}],"curies":[{"name":"wp","href":"https:\/\/api.w.org\/{rel}","templated":true}]}}