





{"id":82266,"date":"2025-02-21T17:59:48","date_gmt":"2025-02-21T16:59:48","guid":{"rendered":"https:\/\/repliquemangacine.fr\/?post_type=product&#038;p=82266"},"modified":"2025-11-13T01:25:53","modified_gmt":"2025-11-13T00:25:53","slug":"epee-greatsword-elden-ring","status":"publish","type":"product","link":"https:\/\/repliquemangacine.fr\/en\/elden-ring\/epee-greatsword-elden-ring\/","title":{"rendered":"Greatsword Elden Ring sword"},"content":{"rendered":"<h2>Elden Ring Greatsword: The Colossal Sword of the Force Warriors<\/h2>\n<p>First of all, the<strong>Sword<\/strong> <strong>Greatsword by Elden Ring<\/strong> is an imposing colossal sword inspired by the saga <a href=\"https:\/\/berserk.fandom.com\/fr\/wiki\/Wiki_Berserk\" target=\"_blank\" rel=\"noopener noreferrer\">Berserk<\/a>. This massive weapon has unrivalled destructive power. Its raw, imposing design is reminiscent of the swords of the greatest warriors in the dark fantasy universe. The Greatsword is the perfect weapon for players seeking maximum impact in combat. Its huge blade gives it formidable reach on the battlefield. Thanks to its Force scaling, it inflicts titanic damage on opponents. Jump attacks with this weapon are formidable against large enemies and bosses. What's more, the Greatsword is ideal for breaking opponents' posture with its powerful blows. With this sword, each blow shakes the ground and throws enemies off their feet. This emblematic artefact is a must-have for all players who love raw power.<\/p>\n<h2>Master the Greatsword Elden Ring and dominate your opponents<\/h2>\n<p>The Greatsword is a formidable weapon that excels in close combat and intense duels. Thanks to its colossal weight, it offers exceptional attacking power. Its heavy attack is capable of breaking the guard of even the toughest enemies. It can be combined with various Ashes of War to optimize its offensive potential. Among the best skills, Lion's Claw allows you to string together destructive acrobatic attacks. With an increase in Strength to 50+, this sword becomes the ultimate weapon. Perfect, therefore, for tank builds, capable of taking and inflicting enormous damage. Its imposing design is reminiscent of Guts' legendary sword in Berserk. It can be obtained early in the game by exploring the Caelid region. Its versatility and brutality make it a legendary weapon for any adventurer seeking total domination.<\/p>\n<h2>Other Legendary Blades from the Greatest Video Games<\/h2>\n<p>In addition to the Greatsword, other mythical swords deserve a place in your collection. The <a href=\"https:\/\/repliquemangacine.fr\/en\/katana-and-video-game-sword-other-video-games\/epee-dark-moon-greatsword-elden-ring\/\">Dark Moon<\/a> Greatsword is an emblematic Elden Ring weapon, imbued with lunar energy. There's also the <a href=\"https:\/\/repliquemangacine.fr\/en\/katana-and-video-game-sword-other-video-games\/katana-moonveil-in-elden-ring\/\">Moonveil<\/a>a legendary katana, inflicts fast, razor-sharp magical attacks. As well as the<a href=\"https:\/\/repliquemangacine.fr\/en\/katana-and-video-game-sword-other-video-games\/katana-uchigatana-elden-ring\/\">Uchigatana<\/a>is a must-have weapon for fans of bleeding builds. In the Final Fantasy universe, the<a href=\"https:\/\/repliquemangacine.fr\/en\/katana-and-video-game-sword-other-video-games\/fusion-sword-cloud-multiblade-buster-sword-final-fantasy-vii\/\">Cloud Strife Fusion Sword<\/a> impresses with its iconic design and raw power. Other cult swords, such as Zelda's Master Sword, are just as legendary. Each sword has its own unique characteristics, tailored to the player's fighting style. It's worth noting that these weapons are ideal collector's items for any video game enthusiast. In conclusion, explore our collection and choose the weapon that matches your warrior soul.<\/p>","protected":false},"excerpt":{"rendered":"<p>Superb replica of the Greatsword sword in Elden Ring<\/p>\n<ul>\n<li>Wide, double-bevelled, non-cutting blade<\/li>\n<li>Specially shaped metal guard<\/li>\n<li>Steel handle and knob<\/li>\n<li>Supplied with black imitation leather sheath<\/li>\n<li>Carrying strap<\/li>\n<li>Blade length: 65.5 cm - Total length: 138 cm<\/li>\n<li>Weight: 4670 g with scabbard<\/li>\n<\/ul>","protected":false},"featured_media":82269,"template":"","meta":[],"product_brand":[896],"product_cat":[876,67],"product_tag":[],"class_list":{"0":"post-82266","1":"product","2":"type-product","3":"status-publish","4":"has-post-thumbnail","6":"product_brand-replique-manga-cine","7":"product_cat-elden-ring","8":"product_cat-katana-et-epee-de-jeux-video-autre-jeux-video","10":"first","11":"instock","12":"taxable","13":"shipping-taxable","14":"purchasable","15":"product-type-simple"},"yoast_head":"<!-- This site is optimized with the Yoast SEO plugin v27.4 - https:\/\/yoast.com\/product\/yoast-seo-wordpress\/ -->\n<title>Ep\u00e9e Greatsword Elden Ring - R\u00e9plique Manga Cin\u00e9<\/title>\n<meta name=\"description\" content=\"Imposante cette Ep\u00e9e Greatsword d&#039;Elden Ring. Tout en acier. Lame large double biseaux non tranchant. Fourreau simili cuir. 138 cm - Poids : 4670 g\" \/>\n<meta name=\"robots\" content=\"index, follow, max-snippet:-1, max-image-preview:large, max-video-preview:-1\" \/>\n<link rel=\"canonical\" href=\"https:\/\/repliquemangacine.fr\/en\/elden-ring\/epee-greatsword-elden-ring\/\" \/>\n<meta property=\"og:locale\" content=\"en_US\" \/>\n<meta property=\"og:type\" content=\"article\" \/>\n<meta property=\"og:title\" content=\"Ep\u00e9e Greatsword Elden Ring - R\u00e9plique Manga Cin\u00e9\" \/>\n<meta property=\"og:description\" content=\"Imposante cette Ep\u00e9e Greatsword d&#039;Elden Ring. Tout en acier. Lame large double biseaux non tranchant. Fourreau simili cuir. 138 cm - Poids : 4670 g\" \/>\n<meta property=\"og:url\" content=\"https:\/\/repliquemangacine.fr\/en\/elden-ring\/epee-greatsword-elden-ring\/\" \/>\n<meta property=\"og:site_name\" content=\"R\u00e9plique Manga Cin\u00e9\" \/>\n<meta property=\"article:publisher\" content=\"https:\/\/www.facebook.com\/RepliqueMangaCine\" \/>\n<meta property=\"article:modified_time\" content=\"2025-11-13T00:25:53+00:00\" \/>\n<meta property=\"og:image\" content=\"https:\/\/repliquemangacine.fr\/wp-content\/uploads\/2025\/02\/Epee-Greatsword-Elden-Ring.jpg\" \/>\n\t<meta property=\"og:image:width\" content=\"500\" \/>\n\t<meta property=\"og:image:height\" content=\"500\" \/>\n\t<meta property=\"og:image:type\" content=\"image\/jpeg\" \/>\n<meta name=\"twitter:card\" content=\"summary_large_image\" \/>\n<meta name=\"twitter:label1\" content=\"Est. reading time\" \/>\n\t<meta name=\"twitter:data1\" content=\"3 minutes\" \/>\n<script type=\"application\/ld+json\" class=\"yoast-schema-graph\">{\"@context\":\"https:\\\/\\\/schema.org\",\"@graph\":[{\"@type\":\"WebPage\",\"@id\":\"https:\\\/\\\/repliquemangacine.fr\\\/elden-ring\\\/epee-greatsword-elden-ring\\\/\",\"url\":\"https:\\\/\\\/repliquemangacine.fr\\\/elden-ring\\\/epee-greatsword-elden-ring\\\/\",\"name\":\"Ep\u00e9e Greatsword Elden Ring - R\u00e9plique Manga Cin\u00e9\",\"isPartOf\":{\"@id\":\"https:\\\/\\\/repliquemangacine.fr\\\/#website\"},\"primaryImageOfPage\":{\"@id\":\"https:\\\/\\\/repliquemangacine.fr\\\/elden-ring\\\/epee-greatsword-elden-ring\\\/#primaryimage\"},\"image\":{\"@id\":\"https:\\\/\\\/repliquemangacine.fr\\\/elden-ring\\\/epee-greatsword-elden-ring\\\/#primaryimage\"},\"thumbnailUrl\":\"https:\\\/\\\/repliquemangacine.fr\\\/wp-content\\\/uploads\\\/2025\\\/02\\\/Epee-Greatsword-Elden-Ring.jpg\",\"datePublished\":\"2025-02-21T16:59:48+00:00\",\"dateModified\":\"2025-11-13T00:25:53+00:00\",\"description\":\"Imposante cette Ep\u00e9e Greatsword d'Elden Ring. Tout en acier. Lame large double biseaux non tranchant. Fourreau simili cuir. 138 cm - Poids : 4670 g\",\"breadcrumb\":{\"@id\":\"https:\\\/\\\/repliquemangacine.fr\\\/elden-ring\\\/epee-greatsword-elden-ring\\\/#breadcrumb\"},\"inLanguage\":\"en-US\",\"potentialAction\":[{\"@type\":\"ReadAction\",\"target\":[\"https:\\\/\\\/repliquemangacine.fr\\\/elden-ring\\\/epee-greatsword-elden-ring\\\/\"]}]},{\"@type\":\"ImageObject\",\"inLanguage\":\"en-US\",\"@id\":\"https:\\\/\\\/repliquemangacine.fr\\\/elden-ring\\\/epee-greatsword-elden-ring\\\/#primaryimage\",\"url\":\"https:\\\/\\\/repliquemangacine.fr\\\/wp-content\\\/uploads\\\/2025\\\/02\\\/Epee-Greatsword-Elden-Ring.jpg\",\"contentUrl\":\"https:\\\/\\\/repliquemangacine.fr\\\/wp-content\\\/uploads\\\/2025\\\/02\\\/Epee-Greatsword-Elden-Ring.jpg\",\"width\":500,\"height\":500,\"caption\":\"Ep\u00e9e Greatsword Elden Ring\"},{\"@type\":\"BreadcrumbList\",\"@id\":\"https:\\\/\\\/repliquemangacine.fr\\\/elden-ring\\\/epee-greatsword-elden-ring\\\/#breadcrumb\",\"itemListElement\":[{\"@type\":\"ListItem\",\"position\":1,\"name\":\"Accueil\",\"item\":\"https:\\\/\\\/repliquemangacine.fr\\\/\"},{\"@type\":\"ListItem\",\"position\":2,\"name\":\"Produits\",\"item\":\"https:\\\/\\\/repliquemangacine.fr\\\/boutique\\\/\"},{\"@type\":\"ListItem\",\"position\":3,\"name\":\"Ep\u00e9e Greatsword Elden Ring\"}]},{\"@type\":\"WebSite\",\"@id\":\"https:\\\/\\\/repliquemangacine.fr\\\/#website\",\"url\":\"https:\\\/\\\/repliquemangacine.fr\\\/\",\"name\":\"R\u00e9plique Manga Cin\u00e9\",\"description\":\"\",\"publisher\":{\"@id\":\"https:\\\/\\\/repliquemangacine.fr\\\/#organization\"},\"potentialAction\":[{\"@type\":\"SearchAction\",\"target\":{\"@type\":\"EntryPoint\",\"urlTemplate\":\"https:\\\/\\\/repliquemangacine.fr\\\/?s={search_term_string}\"},\"query-input\":{\"@type\":\"PropertyValueSpecification\",\"valueRequired\":true,\"valueName\":\"search_term_string\"}}],\"inLanguage\":\"en-US\"},{\"@type\":\"Organization\",\"@id\":\"https:\\\/\\\/repliquemangacine.fr\\\/#organization\",\"name\":\"R\u00e9plique Manga Cin\u00e9\",\"url\":\"https:\\\/\\\/repliquemangacine.fr\\\/\",\"logo\":{\"@type\":\"ImageObject\",\"inLanguage\":\"en-US\",\"@id\":\"https:\\\/\\\/repliquemangacine.fr\\\/#\\\/schema\\\/logo\\\/image\\\/\",\"url\":\"https:\\\/\\\/repliquemangacine.fr\\\/wp-content\\\/uploads\\\/2023\\\/10\\\/RMC-500250.png\",\"contentUrl\":\"https:\\\/\\\/repliquemangacine.fr\\\/wp-content\\\/uploads\\\/2023\\\/10\\\/RMC-500250.png\",\"width\":500,\"height\":250,\"caption\":\"R\u00e9plique Manga Cin\u00e9\"},\"image\":{\"@id\":\"https:\\\/\\\/repliquemangacine.fr\\\/#\\\/schema\\\/logo\\\/image\\\/\"},\"sameAs\":[\"https:\\\/\\\/www.facebook.com\\\/RepliqueMangaCine\",\"https:\\\/\\\/www.instagram.com\\\/repliquemangacine.fr\\\/\"]}]}<\/script>\n<!-- \/ Yoast SEO plugin. -->","yoast_head_json":{"title":"Greatsword Elden Ring - R\u00e9plique Manga Cin\u00e9","description":"Imposing, this Elden Ring Greatsword. All steel. Wide, double-beveled, non-edged blade. Imitation leather scabbard. 138 cm - Weight : 4670 g","robots":{"index":"index","follow":"follow","max-snippet":"max-snippet:-1","max-image-preview":"max-image-preview:large","max-video-preview":"max-video-preview:-1"},"canonical":"https:\/\/repliquemangacine.fr\/en\/elden-ring\/epee-greatsword-elden-ring\/","og_locale":"en_US","og_type":"article","og_title":"Ep\u00e9e Greatsword Elden Ring - R\u00e9plique Manga Cin\u00e9","og_description":"Imposante cette Ep\u00e9e Greatsword d'Elden Ring. Tout en acier. Lame large double biseaux non tranchant. Fourreau simili cuir. 138 cm - Poids : 4670 g","og_url":"https:\/\/repliquemangacine.fr\/en\/elden-ring\/epee-greatsword-elden-ring\/","og_site_name":"R\u00e9plique Manga Cin\u00e9","article_publisher":"https:\/\/www.facebook.com\/RepliqueMangaCine","article_modified_time":"2025-11-13T00:25:53+00:00","og_image":[{"width":500,"height":500,"url":"https:\/\/repliquemangacine.fr\/wp-content\/uploads\/2025\/02\/Epee-Greatsword-Elden-Ring.jpg","type":"image\/jpeg"}],"twitter_card":"summary_large_image","twitter_misc":{"Est. reading time":"3 minutes"},"schema":{"@context":"https:\/\/schema.org","@graph":[{"@type":"WebPage","@id":"https:\/\/repliquemangacine.fr\/elden-ring\/epee-greatsword-elden-ring\/","url":"https:\/\/repliquemangacine.fr\/elden-ring\/epee-greatsword-elden-ring\/","name":"Greatsword Elden Ring - R\u00e9plique Manga Cin\u00e9","isPartOf":{"@id":"https:\/\/repliquemangacine.fr\/#website"},"primaryImageOfPage":{"@id":"https:\/\/repliquemangacine.fr\/elden-ring\/epee-greatsword-elden-ring\/#primaryimage"},"image":{"@id":"https:\/\/repliquemangacine.fr\/elden-ring\/epee-greatsword-elden-ring\/#primaryimage"},"thumbnailUrl":"https:\/\/repliquemangacine.fr\/wp-content\/uploads\/2025\/02\/Epee-Greatsword-Elden-Ring.jpg","datePublished":"2025-02-21T16:59:48+00:00","dateModified":"2025-11-13T00:25:53+00:00","description":"Imposing, this Elden Ring Greatsword. All steel. Wide, double-beveled, non-edged blade. Imitation leather scabbard. 138 cm - Weight : 4670 g","breadcrumb":{"@id":"https:\/\/repliquemangacine.fr\/elden-ring\/epee-greatsword-elden-ring\/#breadcrumb"},"inLanguage":"en-US","potentialAction":[{"@type":"ReadAction","target":["https:\/\/repliquemangacine.fr\/elden-ring\/epee-greatsword-elden-ring\/"]}]},{"@type":"ImageObject","inLanguage":"en-US","@id":"https:\/\/repliquemangacine.fr\/elden-ring\/epee-greatsword-elden-ring\/#primaryimage","url":"https:\/\/repliquemangacine.fr\/wp-content\/uploads\/2025\/02\/Epee-Greatsword-Elden-Ring.jpg","contentUrl":"https:\/\/repliquemangacine.fr\/wp-content\/uploads\/2025\/02\/Epee-Greatsword-Elden-Ring.jpg","width":500,"height":500,"caption":"Ep\u00e9e Greatsword Elden Ring"},{"@type":"BreadcrumbList","@id":"https:\/\/repliquemangacine.fr\/elden-ring\/epee-greatsword-elden-ring\/#breadcrumb","itemListElement":[{"@type":"ListItem","position":1,"name":"Accueil","item":"https:\/\/repliquemangacine.fr\/"},{"@type":"ListItem","position":2,"name":"Produits","item":"https:\/\/repliquemangacine.fr\/boutique\/"},{"@type":"ListItem","position":3,"name":"Ep\u00e9e Greatsword Elden Ring"}]},{"@type":"WebSite","@id":"https:\/\/repliquemangacine.fr\/#website","url":"https:\/\/repliquemangacine.fr\/","name":"R\u00e9plique Manga Cin\u00e9","description":"","publisher":{"@id":"https:\/\/repliquemangacine.fr\/#organization"},"potentialAction":[{"@type":"SearchAction","target":{"@type":"EntryPoint","urlTemplate":"https:\/\/repliquemangacine.fr\/?s={search_term_string}"},"query-input":{"@type":"PropertyValueSpecification","valueRequired":true,"valueName":"search_term_string"}}],"inLanguage":"en-US"},{"@type":"Organization","@id":"https:\/\/repliquemangacine.fr\/#organization","name":"R\u00e9plique Manga Cin\u00e9","url":"https:\/\/repliquemangacine.fr\/","logo":{"@type":"ImageObject","inLanguage":"en-US","@id":"https:\/\/repliquemangacine.fr\/#\/schema\/logo\/image\/","url":"https:\/\/repliquemangacine.fr\/wp-content\/uploads\/2023\/10\/RMC-500250.png","contentUrl":"https:\/\/repliquemangacine.fr\/wp-content\/uploads\/2023\/10\/RMC-500250.png","width":500,"height":250,"caption":"R\u00e9plique Manga Cin\u00e9"},"image":{"@id":"https:\/\/repliquemangacine.fr\/#\/schema\/logo\/image\/"},"sameAs":["https:\/\/www.facebook.com\/RepliqueMangaCine","https:\/\/www.instagram.com\/repliquemangacine.fr\/"]}]}},"_links":{"self":[{"href":"https:\/\/repliquemangacine.fr\/en\/wp-json\/wp\/v2\/product\/82266","targetHints":{"allow":["GET"]}}],"collection":[{"href":"https:\/\/repliquemangacine.fr\/en\/wp-json\/wp\/v2\/product"}],"about":[{"href":"https:\/\/repliquemangacine.fr\/en\/wp-json\/wp\/v2\/types\/product"}],"wp:featuredmedia":[{"embeddable":true,"href":"https:\/\/repliquemangacine.fr\/en\/wp-json\/wp\/v2\/media\/82269"}],"wp:attachment":[{"href":"https:\/\/repliquemangacine.fr\/en\/wp-json\/wp\/v2\/media?parent=82266"}],"wp:term":[{"taxonomy":"product_brand","embeddable":true,"href":"https:\/\/repliquemangacine.fr\/en\/wp-json\/wp\/v2\/product_brand?post=82266"},{"taxonomy":"product_cat","embeddable":true,"href":"https:\/\/repliquemangacine.fr\/en\/wp-json\/wp\/v2\/product_cat?post=82266"},{"taxonomy":"product_tag","embeddable":true,"href":"https:\/\/repliquemangacine.fr\/en\/wp-json\/wp\/v2\/product_tag?post=82266"}],"curies":[{"name":"wp","href":"https:\/\/api.w.org\/{rel}","templated":true}]}}