





{"id":82140,"date":"2025-02-16T18:14:54","date_gmt":"2025-02-16T17:14:54","guid":{"rendered":"https:\/\/repliquemangacine.fr\/?post_type=product&#038;p=82140"},"modified":"2025-11-13T14:22:49","modified_gmt":"2025-11-13T13:22:49","slug":"duncan-higlander-katana-v2","status":"publish","type":"product","link":"https:\/\/repliquemangacine.fr\/en\/films-series-tv-vente-de-katana-epee-et-produits-derives\/katana-higlander-de-duncan-v2\/","title":{"rendered":"Katana Highlander by Duncan V2"},"content":{"rendered":"<h2>Duncan MacLeod's Highlander Katana - The Weapon of an Immortal<\/h2>\n<p>First up is Duncan MacLeod's Highlander Katana, one of the saga's most iconic weapons. Used by Connor's cousin Duncan <a href=\"https:\/\/fr.wikipedia.org\/wiki\/Clan_MacLeod\">MacLeod<\/a>in the TV series. This katana is distinguished by its elegance and strong symbolism. With its long, tapering steel blade, it embodies both Japanese tradition and the brute strength of immortals. The handle is particularly recognizable thanks to its finely sculpted dragon-shaped grip. Indeed, this unique detail makes it instantly recognizable. Inherited from his master Hideo Koto, it accompanies Duncan on his quest for honor and survival through the centuries. It has enabled him to defeat numerous adversaries and harvest their power after each duel.<\/p>\n<h2>A Katana with a Rich History and Unique Style<\/h2>\n<p>Unlike European swords, which are often massive and robust, Duncan's katana offers a more fluid and refined approach to combat. Its blade, designed for precise, swift attacks, is perfectly suited to duels between immortals. As a result, every blow delivered with this katana is a blend of grace and power, illustrating Duncan's distinctive fighting style. This samurai heritage is reinforced by the idea that only a true warrior can wield such a weapon with honor and discipline. Whether in the Highlander series or in the imagination of fans, this katana remains a benchmark for mythical weapons in film and television.<\/p>\n<h2>A Legendary Collectible Katana<\/h2>\n<p>If you're a Highlander or historical katana enthusiast, this replica is the perfect addition to your collection. With its meticulous finish, sculpted dragon handle and sharp blade. It represents an exceptional piece for lovers of iconic weapons. Alongside other legendary swords such as the <a href=\"https:\/\/repliquemangacine.fr\/en\/katana-and-video-game-sword-other-video-games\/katana-yamoto-vergil-dmc-devil-my-cry\/\">Vergil Yamato katana<\/a> (Devil May Cry). And Zoro's Enma katana (One Piece). Or the <a href=\"https:\/\/repliquemangacine.fr\/en\/one-piece-metal-katana\/katana-luminous-trafalgar-law-one-piece\/\">light sabers inspired by Trafalgar Law<\/a>This katana is a must-have cult item. Whether you're a collector, a cosplayer or just a fan of the Highlander saga. This weapon will let you relive the intensity of immortal battles and add a mythical touch to your collection.<\/p>\n<p>In conclusion, only one can remain... Will you be the one to possess this legendary katana?<\/p>","protected":false},"excerpt":{"rendered":"<p>Superb replica of the Highlander Duncan Katana inspired by the series.<\/p>\n<ul>\n<li>Stainless steel blade<\/li>\n<li>Finely sculpted resin handle<\/li>\n<li>Specially shaped gold-plated steel guard<\/li>\n<li>Resin snake-dragon head knob<\/li>\n<li>Black lacquered wooden scabbard with gold decoration<\/li>\n<li>Blade length: 67 cm - Total length: 102 cm<\/li>\n<li>Weight 1035g with scabbard<\/li>\n<\/ul>","protected":false},"featured_media":82141,"template":"","meta":[],"product_brand":[896],"product_cat":[91,66,24],"product_tag":[],"class_list":{"0":"post-82140","1":"product","2":"type-product","3":"status-publish","4":"has-post-thumbnail","6":"product_brand-replique-manga-cine","7":"product_cat-katana-les-epees-de-films-et-series","8":"product_cat-repliques-d-armes-films-et-series","9":"product_cat-films-series-tv-vente-de-katana-epee-et-produits-derives","11":"first","12":"instock","13":"taxable","14":"shipping-taxable","15":"purchasable","16":"product-type-simple"},"yoast_head":"<!-- This site is optimized with the Yoast SEO plugin v27.5 - https:\/\/yoast.com\/product\/yoast-seo-wordpress\/ -->\n<title>Katana Highlander de Duncan V2 - R\u00e9plique Manga Cin\u00e9<\/title>\n<meta name=\"description\" content=\"Superbe r\u00e9plique du Katana Higlander Duncan. Lame en acier. Poign\u00e9e et pommeau en r\u00e9sine finement travaill\u00e9e. Garde en m\u00e9tal dor\u00e9. Longueur totale 102 cm\" \/>\n<meta name=\"robots\" content=\"index, follow, max-snippet:-1, max-image-preview:large, max-video-preview:-1\" \/>\n<link rel=\"canonical\" href=\"https:\/\/repliquemangacine.fr\/en\/films-tv-series-sale-of-katana-sword-and-related-products\/duncan-higlander-katana-v2\/\" \/>\n<meta property=\"og:locale\" content=\"en_US\" \/>\n<meta property=\"og:type\" content=\"article\" \/>\n<meta property=\"og:title\" content=\"Katana Highlander de Duncan V2 - R\u00e9plique Manga Cin\u00e9\" \/>\n<meta property=\"og:description\" content=\"Superbe r\u00e9plique du Katana Higlander Duncan. Lame en acier. Poign\u00e9e et pommeau en r\u00e9sine finement travaill\u00e9e. Garde en m\u00e9tal dor\u00e9. Longueur totale 102 cm\" \/>\n<meta property=\"og:url\" content=\"https:\/\/repliquemangacine.fr\/en\/films-tv-series-sale-of-katana-sword-and-related-products\/duncan-higlander-katana-v2\/\" \/>\n<meta property=\"og:site_name\" content=\"R\u00e9plique Manga Cin\u00e9\" \/>\n<meta property=\"article:publisher\" content=\"https:\/\/www.facebook.com\/RepliqueMangaCine\" \/>\n<meta property=\"article:modified_time\" content=\"2025-11-13T13:22:49+00:00\" \/>\n<meta property=\"og:image\" content=\"https:\/\/repliquemangacine.fr\/wp-content\/uploads\/2025\/02\/Katana-Highlander-Duncan.jpg\" \/>\n\t<meta property=\"og:image:width\" content=\"500\" \/>\n\t<meta property=\"og:image:height\" content=\"500\" \/>\n\t<meta property=\"og:image:type\" content=\"image\/jpeg\" \/>\n<meta name=\"twitter:card\" content=\"summary_large_image\" \/>\n<meta name=\"twitter:label1\" content=\"Est. reading time\" \/>\n\t<meta name=\"twitter:data1\" content=\"3 minutes\" \/>\n<script type=\"application\/ld+json\" class=\"yoast-schema-graph\">{\"@context\":\"https:\\\/\\\/schema.org\",\"@graph\":[{\"@type\":\"WebPage\",\"@id\":\"https:\\\/\\\/repliquemangacine.fr\\\/films-series-tv-vente-de-katana-epee-et-produits-derives\\\/katana-higlander-de-duncan-v2\\\/\",\"url\":\"https:\\\/\\\/repliquemangacine.fr\\\/films-series-tv-vente-de-katana-epee-et-produits-derives\\\/katana-higlander-de-duncan-v2\\\/\",\"name\":\"Katana Highlander de Duncan V2 - R\u00e9plique Manga Cin\u00e9\",\"isPartOf\":{\"@id\":\"https:\\\/\\\/repliquemangacine.fr\\\/#website\"},\"primaryImageOfPage\":{\"@id\":\"https:\\\/\\\/repliquemangacine.fr\\\/films-series-tv-vente-de-katana-epee-et-produits-derives\\\/katana-higlander-de-duncan-v2\\\/#primaryimage\"},\"image\":{\"@id\":\"https:\\\/\\\/repliquemangacine.fr\\\/films-series-tv-vente-de-katana-epee-et-produits-derives\\\/katana-higlander-de-duncan-v2\\\/#primaryimage\"},\"thumbnailUrl\":\"https:\\\/\\\/repliquemangacine.fr\\\/wp-content\\\/uploads\\\/2025\\\/02\\\/Katana-Highlander-Duncan.jpg\",\"datePublished\":\"2025-02-16T17:14:54+00:00\",\"dateModified\":\"2025-11-13T13:22:49+00:00\",\"description\":\"Superbe r\u00e9plique du Katana Higlander Duncan. Lame en acier. Poign\u00e9e et pommeau en r\u00e9sine finement travaill\u00e9e. Garde en m\u00e9tal dor\u00e9. Longueur totale 102 cm\",\"breadcrumb\":{\"@id\":\"https:\\\/\\\/repliquemangacine.fr\\\/films-series-tv-vente-de-katana-epee-et-produits-derives\\\/katana-higlander-de-duncan-v2\\\/#breadcrumb\"},\"inLanguage\":\"en-US\",\"potentialAction\":[{\"@type\":\"ReadAction\",\"target\":[\"https:\\\/\\\/repliquemangacine.fr\\\/films-series-tv-vente-de-katana-epee-et-produits-derives\\\/katana-higlander-de-duncan-v2\\\/\"]}]},{\"@type\":\"ImageObject\",\"inLanguage\":\"en-US\",\"@id\":\"https:\\\/\\\/repliquemangacine.fr\\\/films-series-tv-vente-de-katana-epee-et-produits-derives\\\/katana-higlander-de-duncan-v2\\\/#primaryimage\",\"url\":\"https:\\\/\\\/repliquemangacine.fr\\\/wp-content\\\/uploads\\\/2025\\\/02\\\/Katana-Highlander-Duncan.jpg\",\"contentUrl\":\"https:\\\/\\\/repliquemangacine.fr\\\/wp-content\\\/uploads\\\/2025\\\/02\\\/Katana-Highlander-Duncan.jpg\",\"width\":500,\"height\":500,\"caption\":\"Katana Higlander Duncan\"},{\"@type\":\"BreadcrumbList\",\"@id\":\"https:\\\/\\\/repliquemangacine.fr\\\/films-series-tv-vente-de-katana-epee-et-produits-derives\\\/katana-higlander-de-duncan-v2\\\/#breadcrumb\",\"itemListElement\":[{\"@type\":\"ListItem\",\"position\":1,\"name\":\"Accueil\",\"item\":\"https:\\\/\\\/repliquemangacine.fr\\\/\"},{\"@type\":\"ListItem\",\"position\":2,\"name\":\"Produits\",\"item\":\"https:\\\/\\\/repliquemangacine.fr\\\/boutique\\\/\"},{\"@type\":\"ListItem\",\"position\":3,\"name\":\"Katana Highlander de Duncan V2\"}]},{\"@type\":\"WebSite\",\"@id\":\"https:\\\/\\\/repliquemangacine.fr\\\/#website\",\"url\":\"https:\\\/\\\/repliquemangacine.fr\\\/\",\"name\":\"R\u00e9plique Manga Cin\u00e9\",\"description\":\"\",\"publisher\":{\"@id\":\"https:\\\/\\\/repliquemangacine.fr\\\/#organization\"},\"potentialAction\":[{\"@type\":\"SearchAction\",\"target\":{\"@type\":\"EntryPoint\",\"urlTemplate\":\"https:\\\/\\\/repliquemangacine.fr\\\/?s={search_term_string}\"},\"query-input\":{\"@type\":\"PropertyValueSpecification\",\"valueRequired\":true,\"valueName\":\"search_term_string\"}}],\"inLanguage\":\"en-US\"},{\"@type\":\"Organization\",\"@id\":\"https:\\\/\\\/repliquemangacine.fr\\\/#organization\",\"name\":\"R\u00e9plique Manga Cin\u00e9\",\"url\":\"https:\\\/\\\/repliquemangacine.fr\\\/\",\"logo\":{\"@type\":\"ImageObject\",\"inLanguage\":\"en-US\",\"@id\":\"https:\\\/\\\/repliquemangacine.fr\\\/#\\\/schema\\\/logo\\\/image\\\/\",\"url\":\"https:\\\/\\\/repliquemangacine.fr\\\/wp-content\\\/uploads\\\/2023\\\/10\\\/RMC-500250.png\",\"contentUrl\":\"https:\\\/\\\/repliquemangacine.fr\\\/wp-content\\\/uploads\\\/2023\\\/10\\\/RMC-500250.png\",\"width\":500,\"height\":250,\"caption\":\"R\u00e9plique Manga Cin\u00e9\"},\"image\":{\"@id\":\"https:\\\/\\\/repliquemangacine.fr\\\/#\\\/schema\\\/logo\\\/image\\\/\"},\"sameAs\":[\"https:\\\/\\\/www.facebook.com\\\/RepliqueMangaCine\",\"https:\\\/\\\/www.instagram.com\\\/repliquemangacine.fr\\\/\"]}]}<\/script>\n<!-- \/ Yoast SEO plugin. -->","yoast_head_json":{"title":"Duncan's Highlander Katana V2 - R\u00e9plique Manga Cin\u00e9","description":"Superb replica of the Higlander Duncan Katana. Steel blade. Handle and pommel in finely worked resin. Gold-plated metal guard. Total length 102 cm.","robots":{"index":"index","follow":"follow","max-snippet":"max-snippet:-1","max-image-preview":"max-image-preview:large","max-video-preview":"max-video-preview:-1"},"canonical":"https:\/\/repliquemangacine.fr\/en\/films-tv-series-sale-of-katana-sword-and-related-products\/duncan-higlander-katana-v2\/","og_locale":"en_US","og_type":"article","og_title":"Katana Highlander de Duncan V2 - R\u00e9plique Manga Cin\u00e9","og_description":"Superbe r\u00e9plique du Katana Higlander Duncan. Lame en acier. Poign\u00e9e et pommeau en r\u00e9sine finement travaill\u00e9e. Garde en m\u00e9tal dor\u00e9. Longueur totale 102 cm","og_url":"https:\/\/repliquemangacine.fr\/en\/films-tv-series-sale-of-katana-sword-and-related-products\/duncan-higlander-katana-v2\/","og_site_name":"R\u00e9plique Manga Cin\u00e9","article_publisher":"https:\/\/www.facebook.com\/RepliqueMangaCine","article_modified_time":"2025-11-13T13:22:49+00:00","og_image":[{"width":500,"height":500,"url":"https:\/\/repliquemangacine.fr\/wp-content\/uploads\/2025\/02\/Katana-Highlander-Duncan.jpg","type":"image\/jpeg"}],"twitter_card":"summary_large_image","twitter_misc":{"Est. reading time":"3 minutes"},"schema":{"@context":"https:\/\/schema.org","@graph":[{"@type":"WebPage","@id":"https:\/\/repliquemangacine.fr\/films-series-tv-vente-de-katana-epee-et-produits-derives\/katana-higlander-de-duncan-v2\/","url":"https:\/\/repliquemangacine.fr\/films-series-tv-vente-de-katana-epee-et-produits-derives\/katana-higlander-de-duncan-v2\/","name":"Duncan's Highlander Katana V2 - R\u00e9plique Manga Cin\u00e9","isPartOf":{"@id":"https:\/\/repliquemangacine.fr\/#website"},"primaryImageOfPage":{"@id":"https:\/\/repliquemangacine.fr\/films-series-tv-vente-de-katana-epee-et-produits-derives\/katana-higlander-de-duncan-v2\/#primaryimage"},"image":{"@id":"https:\/\/repliquemangacine.fr\/films-series-tv-vente-de-katana-epee-et-produits-derives\/katana-higlander-de-duncan-v2\/#primaryimage"},"thumbnailUrl":"https:\/\/repliquemangacine.fr\/wp-content\/uploads\/2025\/02\/Katana-Highlander-Duncan.jpg","datePublished":"2025-02-16T17:14:54+00:00","dateModified":"2025-11-13T13:22:49+00:00","description":"Superb replica of the Higlander Duncan Katana. Steel blade. Handle and pommel in finely worked resin. Gold-plated metal guard. Total length 102 cm.","breadcrumb":{"@id":"https:\/\/repliquemangacine.fr\/films-series-tv-vente-de-katana-epee-et-produits-derives\/katana-higlander-de-duncan-v2\/#breadcrumb"},"inLanguage":"en-US","potentialAction":[{"@type":"ReadAction","target":["https:\/\/repliquemangacine.fr\/films-series-tv-vente-de-katana-epee-et-produits-derives\/katana-higlander-de-duncan-v2\/"]}]},{"@type":"ImageObject","inLanguage":"en-US","@id":"https:\/\/repliquemangacine.fr\/films-series-tv-vente-de-katana-epee-et-produits-derives\/katana-higlander-de-duncan-v2\/#primaryimage","url":"https:\/\/repliquemangacine.fr\/wp-content\/uploads\/2025\/02\/Katana-Highlander-Duncan.jpg","contentUrl":"https:\/\/repliquemangacine.fr\/wp-content\/uploads\/2025\/02\/Katana-Highlander-Duncan.jpg","width":500,"height":500,"caption":"Katana Higlander Duncan"},{"@type":"BreadcrumbList","@id":"https:\/\/repliquemangacine.fr\/films-series-tv-vente-de-katana-epee-et-produits-derives\/katana-higlander-de-duncan-v2\/#breadcrumb","itemListElement":[{"@type":"ListItem","position":1,"name":"Accueil","item":"https:\/\/repliquemangacine.fr\/"},{"@type":"ListItem","position":2,"name":"Produits","item":"https:\/\/repliquemangacine.fr\/boutique\/"},{"@type":"ListItem","position":3,"name":"Katana Highlander de Duncan V2"}]},{"@type":"WebSite","@id":"https:\/\/repliquemangacine.fr\/#website","url":"https:\/\/repliquemangacine.fr\/","name":"R\u00e9plique Manga Cin\u00e9","description":"","publisher":{"@id":"https:\/\/repliquemangacine.fr\/#organization"},"potentialAction":[{"@type":"SearchAction","target":{"@type":"EntryPoint","urlTemplate":"https:\/\/repliquemangacine.fr\/?s={search_term_string}"},"query-input":{"@type":"PropertyValueSpecification","valueRequired":true,"valueName":"search_term_string"}}],"inLanguage":"en-US"},{"@type":"Organization","@id":"https:\/\/repliquemangacine.fr\/#organization","name":"R\u00e9plique Manga Cin\u00e9","url":"https:\/\/repliquemangacine.fr\/","logo":{"@type":"ImageObject","inLanguage":"en-US","@id":"https:\/\/repliquemangacine.fr\/#\/schema\/logo\/image\/","url":"https:\/\/repliquemangacine.fr\/wp-content\/uploads\/2023\/10\/RMC-500250.png","contentUrl":"https:\/\/repliquemangacine.fr\/wp-content\/uploads\/2023\/10\/RMC-500250.png","width":500,"height":250,"caption":"R\u00e9plique Manga Cin\u00e9"},"image":{"@id":"https:\/\/repliquemangacine.fr\/#\/schema\/logo\/image\/"},"sameAs":["https:\/\/www.facebook.com\/RepliqueMangaCine","https:\/\/www.instagram.com\/repliquemangacine.fr\/"]}]}},"_links":{"self":[{"href":"https:\/\/repliquemangacine.fr\/en\/wp-json\/wp\/v2\/product\/82140","targetHints":{"allow":["GET"]}}],"collection":[{"href":"https:\/\/repliquemangacine.fr\/en\/wp-json\/wp\/v2\/product"}],"about":[{"href":"https:\/\/repliquemangacine.fr\/en\/wp-json\/wp\/v2\/types\/product"}],"wp:featuredmedia":[{"embeddable":true,"href":"https:\/\/repliquemangacine.fr\/en\/wp-json\/wp\/v2\/media\/82141"}],"wp:attachment":[{"href":"https:\/\/repliquemangacine.fr\/en\/wp-json\/wp\/v2\/media?parent=82140"}],"wp:term":[{"taxonomy":"product_brand","embeddable":true,"href":"https:\/\/repliquemangacine.fr\/en\/wp-json\/wp\/v2\/product_brand?post=82140"},{"taxonomy":"product_cat","embeddable":true,"href":"https:\/\/repliquemangacine.fr\/en\/wp-json\/wp\/v2\/product_cat?post=82140"},{"taxonomy":"product_tag","embeddable":true,"href":"https:\/\/repliquemangacine.fr\/en\/wp-json\/wp\/v2\/product_tag?post=82140"}],"curies":[{"name":"wp","href":"https:\/\/api.w.org\/{rel}","templated":true}]}}