





{"id":81495,"date":"2025-01-23T14:32:44","date_gmt":"2025-01-23T13:32:44","guid":{"rendered":"https:\/\/repliquemangacine.fr\/?post_type=product&#038;p=81495"},"modified":"2026-04-20T19:31:41","modified_gmt":"2026-04-20T17:31:41","slug":"single-holster-for-left-handers","status":"publish","type":"product","link":"https:\/\/repliquemangacine.fr\/en\/holster-western-ceinturon\/holster-simple-pour-gaucher\/","title":{"rendered":"Single holster for left-handers"},"content":{"rendered":"<h2>Single leather holster for left-handers.<\/h2>\n<p>To start with, this simple left-handed holster, specially designed to hold a revolver, but on the left side. This holster has a cartridge belt for inserting dummy bullets.<\/p>\n<p>Generally designed for one-handed use. This allows the handgun to be removed and\/or replaced with the same hand. To return the handgun to its holster with one hand, a rigid material is required. Traditionally attached to the belt via a harness.<\/p>\n<p>Popularized in Western films and famous duel scenes. The extraction of the pistol in some films is quite spectacular, and we witness some technical feats to put it back.<\/p>\n<h2>Your Single Left-Handed Holster at the best price.<\/h2>\n<p>We offer a wide range of Westerns accessories.<\/p>\n<p>First and foremost,<\/p>\n<ul>\n<li>For your holster, you need a revolver like the <a href=\"https:\/\/repliquemangacine.fr\/en\/kolser-gun\/colt-45-polished-4-75-inch-1873-kolser-case\/\">Colt 45 polished peacemaker<\/a> the brand <a href=\"https:\/\/kolser.com\/\" target=\"_blank\" rel=\"noopener noreferrer\">Kolser<\/a>.<\/li>\n<li>There are also <a href=\"https:\/\/repliquemangacine.fr\/en\/denix\/colt-denix-dummy-bullets-western-accessory\/\">dummy bullets for Colt Denix<\/a> to fill your cartridge pouch.<\/li>\n<li>As well as the <a href=\"https:\/\/repliquemangacine.fr\/en\/denix\/wooden-stand-for-colt\/\">presentation support<\/a> of your Colt.<\/li>\n<li>And many more to discover in our online store!<\/li>\n<\/ul>\n<p>That's why this is a great gift idea for all Western gun lovers.<\/p>\n<p>In conclusion, you can use this single Colt holster for your Western re-enactments and performances. Above all, this gun is a collector's item and a decorative piece.<\/p>\n<p>R\u00e9plique Manga Cin\u00e9 is a French company and official distributor for Denix and Kolser.<\/p>\n<h2>How are your western accessories made?<\/h2>\n<p>To begin with, all our derived products are of the highest quality, manufactured with meticulous attention to detail. In fact, some of the manufacturing is done by hand, to reproduce even the smallest detail. More important parts are machined by precise machines. Engravings are generally made with a diamond tip or laser.<\/p>\n<p>Your single Colt holster made to reproduce every detail exactly. To match the heritage of the original masterpieces. The emphasis is on creating high-quality replicas that are as historically accurate as possible.<\/p>\n<p>In conclusion, imported from China, Spain or India, our replicas will amaze you!<\/p>","protected":false},"excerpt":{"rendered":"<p>This special left-handed western belt is made of high quality, thick molded leather.<\/p>\n<ul>\n<li>Hand-made and hand-sewn.<\/li>\n<li><strong>Special for left-handers<\/strong><\/li>\n<li>Fitted with genuine leather trim.<\/li>\n<li>Metal belt buckle.<\/li>\n<li>Support straps.<\/li>\n<li>Cartridge belt.<\/li>\n<li>Supplied without dummy bullets.<\/li>\n<li>Length 112 cm.<\/li>\n<\/ul>","protected":false},"featured_media":81496,"template":"","meta":[],"product_brand":[896],"product_cat":[45,90,64],"product_tag":[],"class_list":{"0":"post-81495","1":"product","2":"type-product","3":"status-publish","4":"has-post-thumbnail","6":"product_brand-replique-manga-cine","7":"product_cat-holster-western-ceinturon","8":"product_cat-holster-accessoires-western","9":"product_cat-western-repliques-armes","11":"first","12":"outofstock","13":"taxable","14":"shipping-taxable","15":"purchasable","16":"product-type-simple"},"yoast_head":"<!-- This site is optimized with the Yoast SEO plugin v27.5 - https:\/\/yoast.com\/product\/yoast-seo-wordpress\/ -->\n<title>Holster simple pour Gaucher - R\u00e9plique Manga Cin\u00e9<\/title>\n<meta name=\"description\" content=\"Superbe Holster simple pour Gaucher. Cartouchi\u00e8re. Muni de pi\u00e8ces d\u00e9coratives en cuir v\u00e9ritable. Boucle de ceinturon en m\u00e9tal. Lani\u00e8res de maintien. 112 cm\" \/>\n<meta name=\"robots\" content=\"index, follow, max-snippet:-1, max-image-preview:large, max-video-preview:-1\" \/>\n<link rel=\"canonical\" href=\"https:\/\/repliquemangacine.fr\/en\/western-belt-holster\/single-holster-for-left-handers\/\" \/>\n<meta property=\"og:locale\" content=\"en_US\" \/>\n<meta property=\"og:type\" content=\"article\" \/>\n<meta property=\"og:title\" content=\"Holster simple pour Gaucher - R\u00e9plique Manga Cin\u00e9\" \/>\n<meta property=\"og:description\" content=\"Superbe Holster simple pour Gaucher. Cartouchi\u00e8re. Muni de pi\u00e8ces d\u00e9coratives en cuir v\u00e9ritable. Boucle de ceinturon en m\u00e9tal. Lani\u00e8res de maintien. 112 cm\" \/>\n<meta property=\"og:url\" content=\"https:\/\/repliquemangacine.fr\/en\/western-belt-holster\/single-holster-for-left-handers\/\" \/>\n<meta property=\"og:site_name\" content=\"R\u00e9plique Manga Cin\u00e9\" \/>\n<meta property=\"article:publisher\" content=\"https:\/\/www.facebook.com\/RepliqueMangaCine\" \/>\n<meta property=\"article:modified_time\" content=\"2026-04-20T17:31:41+00:00\" \/>\n<meta property=\"og:image\" content=\"https:\/\/repliquemangacine.fr\/wp-content\/uploads\/2025\/01\/Holster-simple-pour-gaucher.jpg\" \/>\n\t<meta property=\"og:image:width\" content=\"500\" \/>\n\t<meta property=\"og:image:height\" content=\"500\" \/>\n\t<meta property=\"og:image:type\" content=\"image\/jpeg\" \/>\n<meta name=\"twitter:card\" content=\"summary_large_image\" \/>\n<meta name=\"twitter:label1\" content=\"Est. reading time\" \/>\n\t<meta name=\"twitter:data1\" content=\"2 minutes\" \/>\n<script type=\"application\/ld+json\" class=\"yoast-schema-graph\">{\"@context\":\"https:\\\/\\\/schema.org\",\"@graph\":[{\"@type\":\"WebPage\",\"@id\":\"https:\\\/\\\/repliquemangacine.fr\\\/holster-western-ceinturon\\\/holster-simple-pour-gaucher\\\/\",\"url\":\"https:\\\/\\\/repliquemangacine.fr\\\/holster-western-ceinturon\\\/holster-simple-pour-gaucher\\\/\",\"name\":\"Holster simple pour Gaucher - R\u00e9plique Manga Cin\u00e9\",\"isPartOf\":{\"@id\":\"https:\\\/\\\/repliquemangacine.fr\\\/#website\"},\"primaryImageOfPage\":{\"@id\":\"https:\\\/\\\/repliquemangacine.fr\\\/holster-western-ceinturon\\\/holster-simple-pour-gaucher\\\/#primaryimage\"},\"image\":{\"@id\":\"https:\\\/\\\/repliquemangacine.fr\\\/holster-western-ceinturon\\\/holster-simple-pour-gaucher\\\/#primaryimage\"},\"thumbnailUrl\":\"https:\\\/\\\/repliquemangacine.fr\\\/wp-content\\\/uploads\\\/2025\\\/01\\\/Holster-simple-pour-gaucher.jpg\",\"datePublished\":\"2025-01-23T13:32:44+00:00\",\"dateModified\":\"2026-04-20T17:31:41+00:00\",\"description\":\"Superbe Holster simple pour Gaucher. Cartouchi\u00e8re. Muni de pi\u00e8ces d\u00e9coratives en cuir v\u00e9ritable. Boucle de ceinturon en m\u00e9tal. Lani\u00e8res de maintien. 112 cm\",\"breadcrumb\":{\"@id\":\"https:\\\/\\\/repliquemangacine.fr\\\/holster-western-ceinturon\\\/holster-simple-pour-gaucher\\\/#breadcrumb\"},\"inLanguage\":\"en-US\",\"potentialAction\":[{\"@type\":\"ReadAction\",\"target\":[\"https:\\\/\\\/repliquemangacine.fr\\\/holster-western-ceinturon\\\/holster-simple-pour-gaucher\\\/\"]}]},{\"@type\":\"ImageObject\",\"inLanguage\":\"en-US\",\"@id\":\"https:\\\/\\\/repliquemangacine.fr\\\/holster-western-ceinturon\\\/holster-simple-pour-gaucher\\\/#primaryimage\",\"url\":\"https:\\\/\\\/repliquemangacine.fr\\\/wp-content\\\/uploads\\\/2025\\\/01\\\/Holster-simple-pour-gaucher.jpg\",\"contentUrl\":\"https:\\\/\\\/repliquemangacine.fr\\\/wp-content\\\/uploads\\\/2025\\\/01\\\/Holster-simple-pour-gaucher.jpg\",\"width\":500,\"height\":500,\"caption\":\"Holster simple pour gaucher\"},{\"@type\":\"BreadcrumbList\",\"@id\":\"https:\\\/\\\/repliquemangacine.fr\\\/holster-western-ceinturon\\\/holster-simple-pour-gaucher\\\/#breadcrumb\",\"itemListElement\":[{\"@type\":\"ListItem\",\"position\":1,\"name\":\"Accueil\",\"item\":\"https:\\\/\\\/repliquemangacine.fr\\\/\"},{\"@type\":\"ListItem\",\"position\":2,\"name\":\"Produits\",\"item\":\"https:\\\/\\\/repliquemangacine.fr\\\/boutique\\\/\"},{\"@type\":\"ListItem\",\"position\":3,\"name\":\"Holster simple pour Gaucher\"}]},{\"@type\":\"WebSite\",\"@id\":\"https:\\\/\\\/repliquemangacine.fr\\\/#website\",\"url\":\"https:\\\/\\\/repliquemangacine.fr\\\/\",\"name\":\"R\u00e9plique Manga Cin\u00e9\",\"description\":\"\",\"publisher\":{\"@id\":\"https:\\\/\\\/repliquemangacine.fr\\\/#organization\"},\"potentialAction\":[{\"@type\":\"SearchAction\",\"target\":{\"@type\":\"EntryPoint\",\"urlTemplate\":\"https:\\\/\\\/repliquemangacine.fr\\\/?s={search_term_string}\"},\"query-input\":{\"@type\":\"PropertyValueSpecification\",\"valueRequired\":true,\"valueName\":\"search_term_string\"}}],\"inLanguage\":\"en-US\"},{\"@type\":\"Organization\",\"@id\":\"https:\\\/\\\/repliquemangacine.fr\\\/#organization\",\"name\":\"R\u00e9plique Manga Cin\u00e9\",\"url\":\"https:\\\/\\\/repliquemangacine.fr\\\/\",\"logo\":{\"@type\":\"ImageObject\",\"inLanguage\":\"en-US\",\"@id\":\"https:\\\/\\\/repliquemangacine.fr\\\/#\\\/schema\\\/logo\\\/image\\\/\",\"url\":\"https:\\\/\\\/repliquemangacine.fr\\\/wp-content\\\/uploads\\\/2023\\\/10\\\/RMC-500250.png\",\"contentUrl\":\"https:\\\/\\\/repliquemangacine.fr\\\/wp-content\\\/uploads\\\/2023\\\/10\\\/RMC-500250.png\",\"width\":500,\"height\":250,\"caption\":\"R\u00e9plique Manga Cin\u00e9\"},\"image\":{\"@id\":\"https:\\\/\\\/repliquemangacine.fr\\\/#\\\/schema\\\/logo\\\/image\\\/\"},\"sameAs\":[\"https:\\\/\\\/www.facebook.com\\\/RepliqueMangaCine\",\"https:\\\/\\\/www.instagram.com\\\/repliquemangacine.fr\\\/\"]}]}<\/script>\n<!-- \/ Yoast SEO plugin. -->","yoast_head_json":{"title":"Single left-handed holster - R\u00e9plique Manga Cin\u00e9","description":"Superb single left-handed holster. Cartridge belt. Fitted with decorative genuine leather parts. Metal belt buckle. Retaining straps. 112 cm long","robots":{"index":"index","follow":"follow","max-snippet":"max-snippet:-1","max-image-preview":"max-image-preview:large","max-video-preview":"max-video-preview:-1"},"canonical":"https:\/\/repliquemangacine.fr\/en\/western-belt-holster\/single-holster-for-left-handers\/","og_locale":"en_US","og_type":"article","og_title":"Holster simple pour Gaucher - R\u00e9plique Manga Cin\u00e9","og_description":"Superbe Holster simple pour Gaucher. Cartouchi\u00e8re. Muni de pi\u00e8ces d\u00e9coratives en cuir v\u00e9ritable. Boucle de ceinturon en m\u00e9tal. Lani\u00e8res de maintien. 112 cm","og_url":"https:\/\/repliquemangacine.fr\/en\/western-belt-holster\/single-holster-for-left-handers\/","og_site_name":"R\u00e9plique Manga Cin\u00e9","article_publisher":"https:\/\/www.facebook.com\/RepliqueMangaCine","article_modified_time":"2026-04-20T17:31:41+00:00","og_image":[{"width":500,"height":500,"url":"https:\/\/repliquemangacine.fr\/wp-content\/uploads\/2025\/01\/Holster-simple-pour-gaucher.jpg","type":"image\/jpeg"}],"twitter_card":"summary_large_image","twitter_misc":{"Est. reading time":"2 minutes"},"schema":{"@context":"https:\/\/schema.org","@graph":[{"@type":"WebPage","@id":"https:\/\/repliquemangacine.fr\/holster-western-ceinturon\/holster-simple-pour-gaucher\/","url":"https:\/\/repliquemangacine.fr\/holster-western-ceinturon\/holster-simple-pour-gaucher\/","name":"Single left-handed holster - R\u00e9plique Manga Cin\u00e9","isPartOf":{"@id":"https:\/\/repliquemangacine.fr\/#website"},"primaryImageOfPage":{"@id":"https:\/\/repliquemangacine.fr\/holster-western-ceinturon\/holster-simple-pour-gaucher\/#primaryimage"},"image":{"@id":"https:\/\/repliquemangacine.fr\/holster-western-ceinturon\/holster-simple-pour-gaucher\/#primaryimage"},"thumbnailUrl":"https:\/\/repliquemangacine.fr\/wp-content\/uploads\/2025\/01\/Holster-simple-pour-gaucher.jpg","datePublished":"2025-01-23T13:32:44+00:00","dateModified":"2026-04-20T17:31:41+00:00","description":"Superb single left-handed holster. Cartridge belt. Fitted with decorative genuine leather parts. Metal belt buckle. Retaining straps. 112 cm long","breadcrumb":{"@id":"https:\/\/repliquemangacine.fr\/holster-western-ceinturon\/holster-simple-pour-gaucher\/#breadcrumb"},"inLanguage":"en-US","potentialAction":[{"@type":"ReadAction","target":["https:\/\/repliquemangacine.fr\/holster-western-ceinturon\/holster-simple-pour-gaucher\/"]}]},{"@type":"ImageObject","inLanguage":"en-US","@id":"https:\/\/repliquemangacine.fr\/holster-western-ceinturon\/holster-simple-pour-gaucher\/#primaryimage","url":"https:\/\/repliquemangacine.fr\/wp-content\/uploads\/2025\/01\/Holster-simple-pour-gaucher.jpg","contentUrl":"https:\/\/repliquemangacine.fr\/wp-content\/uploads\/2025\/01\/Holster-simple-pour-gaucher.jpg","width":500,"height":500,"caption":"Holster simple pour gaucher"},{"@type":"BreadcrumbList","@id":"https:\/\/repliquemangacine.fr\/holster-western-ceinturon\/holster-simple-pour-gaucher\/#breadcrumb","itemListElement":[{"@type":"ListItem","position":1,"name":"Accueil","item":"https:\/\/repliquemangacine.fr\/"},{"@type":"ListItem","position":2,"name":"Produits","item":"https:\/\/repliquemangacine.fr\/boutique\/"},{"@type":"ListItem","position":3,"name":"Holster simple pour Gaucher"}]},{"@type":"WebSite","@id":"https:\/\/repliquemangacine.fr\/#website","url":"https:\/\/repliquemangacine.fr\/","name":"R\u00e9plique Manga Cin\u00e9","description":"","publisher":{"@id":"https:\/\/repliquemangacine.fr\/#organization"},"potentialAction":[{"@type":"SearchAction","target":{"@type":"EntryPoint","urlTemplate":"https:\/\/repliquemangacine.fr\/?s={search_term_string}"},"query-input":{"@type":"PropertyValueSpecification","valueRequired":true,"valueName":"search_term_string"}}],"inLanguage":"en-US"},{"@type":"Organization","@id":"https:\/\/repliquemangacine.fr\/#organization","name":"R\u00e9plique Manga Cin\u00e9","url":"https:\/\/repliquemangacine.fr\/","logo":{"@type":"ImageObject","inLanguage":"en-US","@id":"https:\/\/repliquemangacine.fr\/#\/schema\/logo\/image\/","url":"https:\/\/repliquemangacine.fr\/wp-content\/uploads\/2023\/10\/RMC-500250.png","contentUrl":"https:\/\/repliquemangacine.fr\/wp-content\/uploads\/2023\/10\/RMC-500250.png","width":500,"height":250,"caption":"R\u00e9plique Manga Cin\u00e9"},"image":{"@id":"https:\/\/repliquemangacine.fr\/#\/schema\/logo\/image\/"},"sameAs":["https:\/\/www.facebook.com\/RepliqueMangaCine","https:\/\/www.instagram.com\/repliquemangacine.fr\/"]}]}},"_links":{"self":[{"href":"https:\/\/repliquemangacine.fr\/en\/wp-json\/wp\/v2\/product\/81495","targetHints":{"allow":["GET"]}}],"collection":[{"href":"https:\/\/repliquemangacine.fr\/en\/wp-json\/wp\/v2\/product"}],"about":[{"href":"https:\/\/repliquemangacine.fr\/en\/wp-json\/wp\/v2\/types\/product"}],"wp:featuredmedia":[{"embeddable":true,"href":"https:\/\/repliquemangacine.fr\/en\/wp-json\/wp\/v2\/media\/81496"}],"wp:attachment":[{"href":"https:\/\/repliquemangacine.fr\/en\/wp-json\/wp\/v2\/media?parent=81495"}],"wp:term":[{"taxonomy":"product_brand","embeddable":true,"href":"https:\/\/repliquemangacine.fr\/en\/wp-json\/wp\/v2\/product_brand?post=81495"},{"taxonomy":"product_cat","embeddable":true,"href":"https:\/\/repliquemangacine.fr\/en\/wp-json\/wp\/v2\/product_cat?post=81495"},{"taxonomy":"product_tag","embeddable":true,"href":"https:\/\/repliquemangacine.fr\/en\/wp-json\/wp\/v2\/product_tag?post=81495"}],"curies":[{"name":"wp","href":"https:\/\/api.w.org\/{rel}","templated":true}]}}