





{"id":81448,"date":"2025-01-21T20:03:17","date_gmt":"2025-01-21T19:03:17","guid":{"rendered":"https:\/\/repliquemangacine.fr\/?post_type=product&#038;p=81448"},"modified":"2025-12-28T14:42:59","modified_gmt":"2025-12-28T13:42:59","slug":"ame-no-habakiri-luminous-led-one-piece","status":"publish","type":"product","link":"https:\/\/repliquemangacine.fr\/en\/katana-lumineux-one-piece\/ame-no-habakiri-lumineux-leds-one-piece\/","title":{"rendered":"Ame no Habakiri Luminous (Led) - One-piece"},"content":{"rendered":"<h2>Katana Ame no Habakiri Luminous in One Piece<\/h2>\n<p>Here it is! An exceptional novelty: the katana\u00a0 <strong>Ame no Habakiri luminous<\/strong>, legendary in the One Piece universe. This unique battery-operated replica is illuminated by integrated LEDs, adding a spectacular touch to this mythical weapon. At the touch of an on\/off button, discreetly concealed to preserve the katana's aesthetics, the blade lights up instantly, recreating the sacred power of Ame no Habakiri.<\/p>\n<p>Worn by Kozuki Oden and renowned for its ability to slice through even the heavens. This katana symbolizes the greatness and legend of the Wano samurai. Ame no Habakiri is one of the 21 \u00f4 Wazamono, or <a href=\"https:\/\/onepiece.fandom.com\/fr\/wiki\/Meito\" target=\"_blank\" rel=\"noopener noreferrer\">Meito<\/a> lower class than Saijo \u00f4 Wazamono but higher than Ryo Wazamono.<\/p>\n<p>With this technological innovation, you own much more than just a replica: it's a truly interactive collector's item, combining exceptional quality and visual immersion. A first for One Piece fans, ideal for enriching a collection or completing an epic cosplay.<\/p>\n<h2>Discover Demon Slayer's other light katanas<\/h2>\n<p>In addition to the Ame no Habakiri katana, One Piece's range of luminous katanas also includes other impressive replicas.<\/p>\n<ul>\n<li>Visit<a href=\"https:\/\/repliquemangacine.fr\/en\/katana-one-piece\/katana-shusui-luminous-one-piece\/\"> luminous Shusui katana<\/a> with its decorated blade and pink LEDs, absolutely sublime!<\/li>\n<li>As well as the must-have <a href=\"https:\/\/repliquemangacine.fr\/en\/one-piece-luminous-katana\/katana-ichimonji-luminous-one-piece\/\">Ichimonji luminous katana<\/a> Zoro's celio, which he holds between his teeth.<\/li>\n<li>There is also the <a href=\"https:\/\/repliquemangacine.fr\/en\/one-piece-luminous-katana\/enma-katana-leds-one-piece\/\">Enma light katana<\/a> in its purple version, with its decorated blade and white LEDs.<\/li>\n<li>And many more to discover in our online store. Find all One Piece models, from mini-katana to wooden or metal katana, sharp or not.<\/li>\n<\/ul>\n<p>In conclusion, you can also use this Ame no Habakiri Katana for your cosplay parades or theme parties. But above all, Zoro's Katana is also a decorative collector's item.<\/p>\n<h2>Innovation at the service of fans: exceptional luminous katanas<\/h2>\n<p>The world of katana replicas reaches a new level with these luminous models. And it's a revolution for Demon Slayer fans. Beyond the quality of their manufacture and their fidelity to the weapons seen in the anime. These katanas are equipped with LED technologies that add an unprecedented immersive dimension. Each katana becomes much more than a simple collector's item. A truly interactive element, capable of glowing and evoking the power of the characters it represents. The LEDs are easily activated by means of a discreet button, allowing you to live the experience to the full. Indeed, whether for exhibitions, photos or even cosplays. This innovation, combining tradition and technology, makes luminous katanas a revolution for fans looking for authentic yet innovative replicas. If you're looking to enhance your collection with something as unique as it is striking, these luminous katanas are for you!<\/p>","protected":false},"excerpt":{"rendered":"<p>Superb replica of the Ame no Habakiri Katana in luminous version (Leds) in One Piece<\/p>\n<ul>\n<li>Metal blade on top with decorations, bottom part in thick ABS with LEDs inside.<br \/>\nDiscreet, easy-to-use on\/off button<br \/>\nSpecially shaped metal guard<br \/>\nDecorated and lacquered handle<br \/>\nHandle tip detaches for insertion of two AAA batteries (not supplied)<br \/>\nWhite lacquered wood scabbard with ornament.<br \/>\nBlade length: 67 cm - Overall length: 103 cm - Weight: 1040 gr (with scabbard)<\/li>\n<\/ul>\n<p>&nbsp;<\/p>","protected":false},"featured_media":81449,"template":"","meta":[],"product_brand":[896],"product_cat":[868,871,36],"product_tag":[],"class_list":{"0":"post-81448","1":"product","2":"type-product","3":"status-publish","4":"has-post-thumbnail","6":"product_brand-replique-manga-cine","7":"product_cat-katana-lumineux","8":"product_cat-katana-lumineux-one-piece","9":"product_cat-katana-one-piece","11":"first","12":"instock","13":"sale","14":"taxable","15":"shipping-taxable","16":"purchasable","17":"product-type-simple"},"yoast_head":"<!-- This site is optimized with the Yoast SEO plugin v27.5 - https:\/\/yoast.com\/product\/yoast-seo-wordpress\/ -->\n<title>Ame no Habakiri Lumineux (Leds) - One-piece - R\u00e9plique Manga Cin\u00e9<\/title>\n<meta name=\"description\" content=\"En exclusivit\u00e9 ! Ce katana Ame no Habakiri Lumineux dans One Piece. Lame en acier et ABS contenant les Leds. Bouton marche\/arr\u00eat. Fourreau laqu\u00e9. 103 cm\" \/>\n<meta name=\"robots\" content=\"index, follow, max-snippet:-1, max-image-preview:large, max-video-preview:-1\" \/>\n<link rel=\"canonical\" href=\"https:\/\/repliquemangacine.fr\/en\/one-piece-luminous-katana\/ame-no-habakiri-luminous-led-one-piece\/\" \/>\n<meta property=\"og:locale\" content=\"en_US\" \/>\n<meta property=\"og:type\" content=\"article\" \/>\n<meta property=\"og:title\" content=\"Ame no Habakiri Lumineux (Leds) - One-piece - R\u00e9plique Manga Cin\u00e9\" \/>\n<meta property=\"og:description\" content=\"En exclusivit\u00e9 ! Ce katana Ame no Habakiri Lumineux dans One Piece. Lame en acier et ABS contenant les Leds. Bouton marche\/arr\u00eat. Fourreau laqu\u00e9. 103 cm\" \/>\n<meta property=\"og:url\" content=\"https:\/\/repliquemangacine.fr\/en\/one-piece-luminous-katana\/ame-no-habakiri-luminous-led-one-piece\/\" \/>\n<meta property=\"og:site_name\" content=\"R\u00e9plique Manga Cin\u00e9\" \/>\n<meta property=\"article:publisher\" content=\"https:\/\/www.facebook.com\/RepliqueMangaCine\" \/>\n<meta property=\"article:modified_time\" content=\"2025-12-28T13:42:59+00:00\" \/>\n<meta property=\"og:image\" content=\"https:\/\/repliquemangacine.fr\/wp-content\/uploads\/2025\/01\/Ame-no-Habakiri-Lumineux-One-piece.jpg\" \/>\n\t<meta property=\"og:image:width\" content=\"500\" \/>\n\t<meta property=\"og:image:height\" content=\"500\" \/>\n\t<meta property=\"og:image:type\" content=\"image\/jpeg\" \/>\n<meta name=\"twitter:card\" content=\"summary_large_image\" \/>\n<meta name=\"twitter:label1\" content=\"Est. reading time\" \/>\n\t<meta name=\"twitter:data1\" content=\"3 minutes\" \/>\n<script type=\"application\/ld+json\" class=\"yoast-schema-graph\">{\"@context\":\"https:\\\/\\\/schema.org\",\"@graph\":[{\"@type\":\"WebPage\",\"@id\":\"https:\\\/\\\/repliquemangacine.fr\\\/katana-lumineux-one-piece\\\/ame-no-habakiri-lumineux-leds-one-piece\\\/\",\"url\":\"https:\\\/\\\/repliquemangacine.fr\\\/katana-lumineux-one-piece\\\/ame-no-habakiri-lumineux-leds-one-piece\\\/\",\"name\":\"Ame no Habakiri Lumineux (Leds) - One-piece - R\u00e9plique Manga Cin\u00e9\",\"isPartOf\":{\"@id\":\"https:\\\/\\\/repliquemangacine.fr\\\/#website\"},\"primaryImageOfPage\":{\"@id\":\"https:\\\/\\\/repliquemangacine.fr\\\/katana-lumineux-one-piece\\\/ame-no-habakiri-lumineux-leds-one-piece\\\/#primaryimage\"},\"image\":{\"@id\":\"https:\\\/\\\/repliquemangacine.fr\\\/katana-lumineux-one-piece\\\/ame-no-habakiri-lumineux-leds-one-piece\\\/#primaryimage\"},\"thumbnailUrl\":\"https:\\\/\\\/repliquemangacine.fr\\\/wp-content\\\/uploads\\\/2025\\\/01\\\/Ame-no-Habakiri-Lumineux-One-piece.jpg\",\"datePublished\":\"2025-01-21T19:03:17+00:00\",\"dateModified\":\"2025-12-28T13:42:59+00:00\",\"description\":\"En exclusivit\u00e9 ! Ce katana Ame no Habakiri Lumineux dans One Piece. Lame en acier et ABS contenant les Leds. Bouton marche\\\/arr\u00eat. Fourreau laqu\u00e9. 103 cm\",\"breadcrumb\":{\"@id\":\"https:\\\/\\\/repliquemangacine.fr\\\/katana-lumineux-one-piece\\\/ame-no-habakiri-lumineux-leds-one-piece\\\/#breadcrumb\"},\"inLanguage\":\"en-US\",\"potentialAction\":[{\"@type\":\"ReadAction\",\"target\":[\"https:\\\/\\\/repliquemangacine.fr\\\/katana-lumineux-one-piece\\\/ame-no-habakiri-lumineux-leds-one-piece\\\/\"]}]},{\"@type\":\"ImageObject\",\"inLanguage\":\"en-US\",\"@id\":\"https:\\\/\\\/repliquemangacine.fr\\\/katana-lumineux-one-piece\\\/ame-no-habakiri-lumineux-leds-one-piece\\\/#primaryimage\",\"url\":\"https:\\\/\\\/repliquemangacine.fr\\\/wp-content\\\/uploads\\\/2025\\\/01\\\/Ame-no-Habakiri-Lumineux-One-piece.jpg\",\"contentUrl\":\"https:\\\/\\\/repliquemangacine.fr\\\/wp-content\\\/uploads\\\/2025\\\/01\\\/Ame-no-Habakiri-Lumineux-One-piece.jpg\",\"width\":500,\"height\":500,\"caption\":\"Ame no Habakiri Lumineux One Piece\"},{\"@type\":\"BreadcrumbList\",\"@id\":\"https:\\\/\\\/repliquemangacine.fr\\\/katana-lumineux-one-piece\\\/ame-no-habakiri-lumineux-leds-one-piece\\\/#breadcrumb\",\"itemListElement\":[{\"@type\":\"ListItem\",\"position\":1,\"name\":\"Accueil\",\"item\":\"https:\\\/\\\/repliquemangacine.fr\\\/\"},{\"@type\":\"ListItem\",\"position\":2,\"name\":\"Produits\",\"item\":\"https:\\\/\\\/repliquemangacine.fr\\\/boutique\\\/\"},{\"@type\":\"ListItem\",\"position\":3,\"name\":\"Ame no Habakiri Lumineux (Leds) &#8211; One-piece\"}]},{\"@type\":\"WebSite\",\"@id\":\"https:\\\/\\\/repliquemangacine.fr\\\/#website\",\"url\":\"https:\\\/\\\/repliquemangacine.fr\\\/\",\"name\":\"R\u00e9plique Manga Cin\u00e9\",\"description\":\"\",\"publisher\":{\"@id\":\"https:\\\/\\\/repliquemangacine.fr\\\/#organization\"},\"potentialAction\":[{\"@type\":\"SearchAction\",\"target\":{\"@type\":\"EntryPoint\",\"urlTemplate\":\"https:\\\/\\\/repliquemangacine.fr\\\/?s={search_term_string}\"},\"query-input\":{\"@type\":\"PropertyValueSpecification\",\"valueRequired\":true,\"valueName\":\"search_term_string\"}}],\"inLanguage\":\"en-US\"},{\"@type\":\"Organization\",\"@id\":\"https:\\\/\\\/repliquemangacine.fr\\\/#organization\",\"name\":\"R\u00e9plique Manga Cin\u00e9\",\"url\":\"https:\\\/\\\/repliquemangacine.fr\\\/\",\"logo\":{\"@type\":\"ImageObject\",\"inLanguage\":\"en-US\",\"@id\":\"https:\\\/\\\/repliquemangacine.fr\\\/#\\\/schema\\\/logo\\\/image\\\/\",\"url\":\"https:\\\/\\\/repliquemangacine.fr\\\/wp-content\\\/uploads\\\/2023\\\/10\\\/RMC-500250.png\",\"contentUrl\":\"https:\\\/\\\/repliquemangacine.fr\\\/wp-content\\\/uploads\\\/2023\\\/10\\\/RMC-500250.png\",\"width\":500,\"height\":250,\"caption\":\"R\u00e9plique Manga Cin\u00e9\"},\"image\":{\"@id\":\"https:\\\/\\\/repliquemangacine.fr\\\/#\\\/schema\\\/logo\\\/image\\\/\"},\"sameAs\":[\"https:\\\/\\\/www.facebook.com\\\/RepliqueMangaCine\",\"https:\\\/\\\/www.instagram.com\\\/repliquemangacine.fr\\\/\"]}]}<\/script>\n<!-- \/ Yoast SEO plugin. -->","yoast_head_json":{"title":"Ame no Habakiri Luminous (Led) - One-piece - R\u00e9plique Manga Cin\u00e9","description":"Exclusive! This Ame no Habakiri Luminous katana in One Piece. Steel and ABS blade with LEDs. On\/off button. Lacquered scabbard. 103 cm","robots":{"index":"index","follow":"follow","max-snippet":"max-snippet:-1","max-image-preview":"max-image-preview:large","max-video-preview":"max-video-preview:-1"},"canonical":"https:\/\/repliquemangacine.fr\/en\/one-piece-luminous-katana\/ame-no-habakiri-luminous-led-one-piece\/","og_locale":"en_US","og_type":"article","og_title":"Ame no Habakiri Lumineux (Leds) - One-piece - R\u00e9plique Manga Cin\u00e9","og_description":"En exclusivit\u00e9 ! Ce katana Ame no Habakiri Lumineux dans One Piece. Lame en acier et ABS contenant les Leds. Bouton marche\/arr\u00eat. Fourreau laqu\u00e9. 103 cm","og_url":"https:\/\/repliquemangacine.fr\/en\/one-piece-luminous-katana\/ame-no-habakiri-luminous-led-one-piece\/","og_site_name":"R\u00e9plique Manga Cin\u00e9","article_publisher":"https:\/\/www.facebook.com\/RepliqueMangaCine","article_modified_time":"2025-12-28T13:42:59+00:00","og_image":[{"width":500,"height":500,"url":"https:\/\/repliquemangacine.fr\/wp-content\/uploads\/2025\/01\/Ame-no-Habakiri-Lumineux-One-piece.jpg","type":"image\/jpeg"}],"twitter_card":"summary_large_image","twitter_misc":{"Est. reading time":"3 minutes"},"schema":{"@context":"https:\/\/schema.org","@graph":[{"@type":"WebPage","@id":"https:\/\/repliquemangacine.fr\/katana-lumineux-one-piece\/ame-no-habakiri-lumineux-leds-one-piece\/","url":"https:\/\/repliquemangacine.fr\/katana-lumineux-one-piece\/ame-no-habakiri-lumineux-leds-one-piece\/","name":"Ame no Habakiri Luminous (Led) - One-piece - R\u00e9plique Manga Cin\u00e9","isPartOf":{"@id":"https:\/\/repliquemangacine.fr\/#website"},"primaryImageOfPage":{"@id":"https:\/\/repliquemangacine.fr\/katana-lumineux-one-piece\/ame-no-habakiri-lumineux-leds-one-piece\/#primaryimage"},"image":{"@id":"https:\/\/repliquemangacine.fr\/katana-lumineux-one-piece\/ame-no-habakiri-lumineux-leds-one-piece\/#primaryimage"},"thumbnailUrl":"https:\/\/repliquemangacine.fr\/wp-content\/uploads\/2025\/01\/Ame-no-Habakiri-Lumineux-One-piece.jpg","datePublished":"2025-01-21T19:03:17+00:00","dateModified":"2025-12-28T13:42:59+00:00","description":"Exclusive! This Ame no Habakiri Luminous katana in One Piece. Steel and ABS blade with LEDs. On\/off button. Lacquered scabbard. 103 cm","breadcrumb":{"@id":"https:\/\/repliquemangacine.fr\/katana-lumineux-one-piece\/ame-no-habakiri-lumineux-leds-one-piece\/#breadcrumb"},"inLanguage":"en-US","potentialAction":[{"@type":"ReadAction","target":["https:\/\/repliquemangacine.fr\/katana-lumineux-one-piece\/ame-no-habakiri-lumineux-leds-one-piece\/"]}]},{"@type":"ImageObject","inLanguage":"en-US","@id":"https:\/\/repliquemangacine.fr\/katana-lumineux-one-piece\/ame-no-habakiri-lumineux-leds-one-piece\/#primaryimage","url":"https:\/\/repliquemangacine.fr\/wp-content\/uploads\/2025\/01\/Ame-no-Habakiri-Lumineux-One-piece.jpg","contentUrl":"https:\/\/repliquemangacine.fr\/wp-content\/uploads\/2025\/01\/Ame-no-Habakiri-Lumineux-One-piece.jpg","width":500,"height":500,"caption":"Ame no Habakiri Lumineux One Piece"},{"@type":"BreadcrumbList","@id":"https:\/\/repliquemangacine.fr\/katana-lumineux-one-piece\/ame-no-habakiri-lumineux-leds-one-piece\/#breadcrumb","itemListElement":[{"@type":"ListItem","position":1,"name":"Accueil","item":"https:\/\/repliquemangacine.fr\/"},{"@type":"ListItem","position":2,"name":"Produits","item":"https:\/\/repliquemangacine.fr\/boutique\/"},{"@type":"ListItem","position":3,"name":"Ame no Habakiri Lumineux (Leds) &#8211; One-piece"}]},{"@type":"WebSite","@id":"https:\/\/repliquemangacine.fr\/#website","url":"https:\/\/repliquemangacine.fr\/","name":"R\u00e9plique Manga Cin\u00e9","description":"","publisher":{"@id":"https:\/\/repliquemangacine.fr\/#organization"},"potentialAction":[{"@type":"SearchAction","target":{"@type":"EntryPoint","urlTemplate":"https:\/\/repliquemangacine.fr\/?s={search_term_string}"},"query-input":{"@type":"PropertyValueSpecification","valueRequired":true,"valueName":"search_term_string"}}],"inLanguage":"en-US"},{"@type":"Organization","@id":"https:\/\/repliquemangacine.fr\/#organization","name":"R\u00e9plique Manga Cin\u00e9","url":"https:\/\/repliquemangacine.fr\/","logo":{"@type":"ImageObject","inLanguage":"en-US","@id":"https:\/\/repliquemangacine.fr\/#\/schema\/logo\/image\/","url":"https:\/\/repliquemangacine.fr\/wp-content\/uploads\/2023\/10\/RMC-500250.png","contentUrl":"https:\/\/repliquemangacine.fr\/wp-content\/uploads\/2023\/10\/RMC-500250.png","width":500,"height":250,"caption":"R\u00e9plique Manga Cin\u00e9"},"image":{"@id":"https:\/\/repliquemangacine.fr\/#\/schema\/logo\/image\/"},"sameAs":["https:\/\/www.facebook.com\/RepliqueMangaCine","https:\/\/www.instagram.com\/repliquemangacine.fr\/"]}]}},"_links":{"self":[{"href":"https:\/\/repliquemangacine.fr\/en\/wp-json\/wp\/v2\/product\/81448","targetHints":{"allow":["GET"]}}],"collection":[{"href":"https:\/\/repliquemangacine.fr\/en\/wp-json\/wp\/v2\/product"}],"about":[{"href":"https:\/\/repliquemangacine.fr\/en\/wp-json\/wp\/v2\/types\/product"}],"wp:featuredmedia":[{"embeddable":true,"href":"https:\/\/repliquemangacine.fr\/en\/wp-json\/wp\/v2\/media\/81449"}],"wp:attachment":[{"href":"https:\/\/repliquemangacine.fr\/en\/wp-json\/wp\/v2\/media?parent=81448"}],"wp:term":[{"taxonomy":"product_brand","embeddable":true,"href":"https:\/\/repliquemangacine.fr\/en\/wp-json\/wp\/v2\/product_brand?post=81448"},{"taxonomy":"product_cat","embeddable":true,"href":"https:\/\/repliquemangacine.fr\/en\/wp-json\/wp\/v2\/product_cat?post=81448"},{"taxonomy":"product_tag","embeddable":true,"href":"https:\/\/repliquemangacine.fr\/en\/wp-json\/wp\/v2\/product_tag?post=81448"}],"curies":[{"name":"wp","href":"https:\/\/api.w.org\/{rel}","templated":true}]}}