





{"id":81442,"date":"2025-01-21T19:54:19","date_gmt":"2025-01-21T18:54:19","guid":{"rendered":"https:\/\/repliquemangacine.fr\/?post_type=product&#038;p=81442"},"modified":"2025-12-01T09:25:50","modified_gmt":"2025-12-01T08:25:50","slug":"katana-enma-black-led-light-one-piece","status":"publish","type":"product","link":"https:\/\/repliquemangacine.fr\/en\/katana-lumineux-one-piece\/katana-enma-noir-lumineux-leds-one-piece\/","title":{"rendered":"Katana Enma black Luminous (Leds) - One-Piece"},"content":{"rendered":"<h2>Katana Enma black Luminous in One piece.<\/h2>\n<p>Immerse yourself in the legendary universe of One Piece with the luminous black Enma katana, an exceptional replica of the famous blade carried by <a href=\"https:\/\/onepiece.fandom.com\/fr\/wiki\/Roronoa_Zoro\" target=\"_blank\" rel=\"noopener noreferrer\">Roronoa Zoro<\/a>. This unique battery-powered katana is illuminated by integrated LEDs to provide a striking visual experience. At the touch of an on\/off button, discreetly concealed so as not to alter the weapon's authentic design, the black blade lights up instantly, symbolizing Enma's intimidating and mythical power. Known as one of the only blades capable of draining the aura from its wearer, this iconic sword comes to life with unprecedented realism. This luminous replica is a first in quality and technology for collectible katanas. Perfect for fans and collectors alike, this katana is both a collector's item and a true immersion in the One Piece universe, to be proudly displayed.<\/p>\n<h2>Discover One Piece's other luminous katanas<\/h2>\n<p>In addition to the black Enma katana, One Piece's range of luminous katanas also includes other impressive replicas.<\/p>\n<ul>\n<li>Visit <a href=\"https:\/\/repliquemangacine.fr\/en\/luminous-katana\/katana-sandai-kitetsu-luminous-leds-one-piece\/\">Luminous Katana Sanda\u00ef Kitetsu<\/a> with its decorated blade and white LEDs<\/li>\n<li>As well as the<a href=\"https:\/\/repliquemangacine.fr\/en\/one-piece-metal-katana\/katana-luminous-trafalgar-law-one-piece\/\"> Trafalgar Law led katana<\/a> and fur guard.<\/li>\n<li>There's also the luminous Shusui Katana with its decorated blade and pink LEDs.<\/li>\n<li>And many more to discover in our online store. In fact, you'll find all the One Piece wooden katana ranges. But also mini-katana and metal katana.<\/li>\n<\/ul>\n<p>In conclusion, you can also use this black Enma Katana for your cosplay parades or theme parties. But above all, Zoro's Katana is also a collector's item and a decorative piece.<\/p>\n<h2>Innovation at the service of fans: exceptional luminous katanas<\/h2>\n<p>The world of katana replicas reaches a new level with these luminous models. And it's a revolution for Demon Slayer fans. Beyond the quality of their manufacture and their fidelity to the weapons seen in the anime. These katanas are equipped with LED technologies that add an unprecedented immersive dimension. Each katana becomes much more than a simple collector's item. A truly interactive element, capable of glowing and evoking the power of the characters it represents. The LEDs are easily activated by means of a discreet button, allowing you to live the experience to the full. Indeed, whether for exhibitions, photos or even cosplays. This innovation, combining tradition and technology, makes luminous katanas a revolution for fans looking for authentic yet innovative replicas. If you're looking to enhance your collection with something as unique as it is striking, these luminous katanas are for you!<\/p>","protected":false},"excerpt":{"rendered":"<p>Superb replica of the black Enma Katana in luminous version (Leds) in One Piece<\/p>\n<ul>\n<li>Metal blade on top with decorations, bottom part in thick ABS with LEDs inside.<br \/>\nDiscreet, easy-to-use on\/off button<br \/>\nSpecially shaped metal guard<br \/>\nDecorated and lacquered handle<br \/>\nThe end of the handle can be detached to insert two AAA batteries (not supplied).<br \/>\nBlack lacquered wood scabbard with ornament.<br \/>\nBlade length: 67 cm - Overall length: 103 cm - Weight: 1040 gr (with scabbard).<\/li>\n<\/ul>\n<p>&nbsp;<\/p>","protected":false},"featured_media":81443,"template":"","meta":[],"product_brand":[896],"product_cat":[868,871,36],"product_tag":[],"class_list":{"0":"post-81442","1":"product","2":"type-product","3":"status-publish","4":"has-post-thumbnail","6":"product_brand-replique-manga-cine","7":"product_cat-katana-lumineux","8":"product_cat-katana-lumineux-one-piece","9":"product_cat-katana-one-piece","11":"first","12":"instock","13":"sale","14":"taxable","15":"shipping-taxable","16":"purchasable","17":"product-type-simple"},"yoast_head":"<!-- This site is optimized with the Yoast SEO plugin v27.5 - https:\/\/yoast.com\/product\/yoast-seo-wordpress\/ -->\n<title>Katana Enma noir Lumineux (Leds) - One-Piece - R\u00e9plique Manga Cin\u00e9<\/title>\n<meta name=\"description\" content=\"Exclusivit\u00e9 ! Ce Katana Enma noir Lumineux (Leds) dans One Piece. Lame en acier et ABS contenant les Leds. Bouton marche\/Arr\u00eat. Fourreau laqu\u00e9. 103 cm\" \/>\n<meta name=\"robots\" content=\"index, follow, max-snippet:-1, max-image-preview:large, max-video-preview:-1\" \/>\n<link rel=\"canonical\" href=\"https:\/\/repliquemangacine.fr\/en\/one-piece-luminous-katana\/katana-enma-black-led-light-one-piece\/\" \/>\n<meta property=\"og:locale\" content=\"en_US\" \/>\n<meta property=\"og:type\" content=\"article\" \/>\n<meta property=\"og:title\" content=\"Katana Enma noir Lumineux (Leds) - One-Piece - R\u00e9plique Manga Cin\u00e9\" \/>\n<meta property=\"og:description\" content=\"Exclusivit\u00e9 ! Ce Katana Enma noir Lumineux (Leds) dans One Piece. Lame en acier et ABS contenant les Leds. Bouton marche\/Arr\u00eat. Fourreau laqu\u00e9. 103 cm\" \/>\n<meta property=\"og:url\" content=\"https:\/\/repliquemangacine.fr\/en\/one-piece-luminous-katana\/katana-enma-black-led-light-one-piece\/\" \/>\n<meta property=\"og:site_name\" content=\"R\u00e9plique Manga Cin\u00e9\" \/>\n<meta property=\"article:publisher\" content=\"https:\/\/www.facebook.com\/RepliqueMangaCine\" \/>\n<meta property=\"article:modified_time\" content=\"2025-12-01T08:25:50+00:00\" \/>\n<meta property=\"og:image\" content=\"https:\/\/repliquemangacine.fr\/wp-content\/uploads\/2025\/01\/Katana-Enma-noir-Lumineux-One-Piece.jpg\" \/>\n\t<meta property=\"og:image:width\" content=\"500\" \/>\n\t<meta property=\"og:image:height\" content=\"500\" \/>\n\t<meta property=\"og:image:type\" content=\"image\/jpeg\" \/>\n<meta name=\"twitter:card\" content=\"summary_large_image\" \/>\n<meta name=\"twitter:label1\" content=\"Est. reading time\" \/>\n\t<meta name=\"twitter:data1\" content=\"3 minutes\" \/>\n<script type=\"application\/ld+json\" class=\"yoast-schema-graph\">{\"@context\":\"https:\\\/\\\/schema.org\",\"@graph\":[{\"@type\":\"WebPage\",\"@id\":\"https:\\\/\\\/repliquemangacine.fr\\\/katana-lumineux-one-piece\\\/katana-enma-noir-lumineux-leds-one-piece\\\/\",\"url\":\"https:\\\/\\\/repliquemangacine.fr\\\/katana-lumineux-one-piece\\\/katana-enma-noir-lumineux-leds-one-piece\\\/\",\"name\":\"Katana Enma noir Lumineux (Leds) - One-Piece - R\u00e9plique Manga Cin\u00e9\",\"isPartOf\":{\"@id\":\"https:\\\/\\\/repliquemangacine.fr\\\/#website\"},\"primaryImageOfPage\":{\"@id\":\"https:\\\/\\\/repliquemangacine.fr\\\/katana-lumineux-one-piece\\\/katana-enma-noir-lumineux-leds-one-piece\\\/#primaryimage\"},\"image\":{\"@id\":\"https:\\\/\\\/repliquemangacine.fr\\\/katana-lumineux-one-piece\\\/katana-enma-noir-lumineux-leds-one-piece\\\/#primaryimage\"},\"thumbnailUrl\":\"https:\\\/\\\/repliquemangacine.fr\\\/wp-content\\\/uploads\\\/2025\\\/01\\\/Katana-Enma-noir-Lumineux-One-Piece.jpg\",\"datePublished\":\"2025-01-21T18:54:19+00:00\",\"dateModified\":\"2025-12-01T08:25:50+00:00\",\"description\":\"Exclusivit\u00e9 ! Ce Katana Enma noir Lumineux (Leds) dans One Piece. Lame en acier et ABS contenant les Leds. Bouton marche\\\/Arr\u00eat. Fourreau laqu\u00e9. 103 cm\",\"breadcrumb\":{\"@id\":\"https:\\\/\\\/repliquemangacine.fr\\\/katana-lumineux-one-piece\\\/katana-enma-noir-lumineux-leds-one-piece\\\/#breadcrumb\"},\"inLanguage\":\"en-US\",\"potentialAction\":[{\"@type\":\"ReadAction\",\"target\":[\"https:\\\/\\\/repliquemangacine.fr\\\/katana-lumineux-one-piece\\\/katana-enma-noir-lumineux-leds-one-piece\\\/\"]}]},{\"@type\":\"ImageObject\",\"inLanguage\":\"en-US\",\"@id\":\"https:\\\/\\\/repliquemangacine.fr\\\/katana-lumineux-one-piece\\\/katana-enma-noir-lumineux-leds-one-piece\\\/#primaryimage\",\"url\":\"https:\\\/\\\/repliquemangacine.fr\\\/wp-content\\\/uploads\\\/2025\\\/01\\\/Katana-Enma-noir-Lumineux-One-Piece.jpg\",\"contentUrl\":\"https:\\\/\\\/repliquemangacine.fr\\\/wp-content\\\/uploads\\\/2025\\\/01\\\/Katana-Enma-noir-Lumineux-One-Piece.jpg\",\"width\":500,\"height\":500,\"caption\":\"Katana Enma Lumineux (Leds) - One-Piece\"},{\"@type\":\"BreadcrumbList\",\"@id\":\"https:\\\/\\\/repliquemangacine.fr\\\/katana-lumineux-one-piece\\\/katana-enma-noir-lumineux-leds-one-piece\\\/#breadcrumb\",\"itemListElement\":[{\"@type\":\"ListItem\",\"position\":1,\"name\":\"Accueil\",\"item\":\"https:\\\/\\\/repliquemangacine.fr\\\/\"},{\"@type\":\"ListItem\",\"position\":2,\"name\":\"Produits\",\"item\":\"https:\\\/\\\/repliquemangacine.fr\\\/boutique\\\/\"},{\"@type\":\"ListItem\",\"position\":3,\"name\":\"Katana Enma noir Lumineux (Leds) &#8211; One-Piece\"}]},{\"@type\":\"WebSite\",\"@id\":\"https:\\\/\\\/repliquemangacine.fr\\\/#website\",\"url\":\"https:\\\/\\\/repliquemangacine.fr\\\/\",\"name\":\"R\u00e9plique Manga Cin\u00e9\",\"description\":\"\",\"publisher\":{\"@id\":\"https:\\\/\\\/repliquemangacine.fr\\\/#organization\"},\"potentialAction\":[{\"@type\":\"SearchAction\",\"target\":{\"@type\":\"EntryPoint\",\"urlTemplate\":\"https:\\\/\\\/repliquemangacine.fr\\\/?s={search_term_string}\"},\"query-input\":{\"@type\":\"PropertyValueSpecification\",\"valueRequired\":true,\"valueName\":\"search_term_string\"}}],\"inLanguage\":\"en-US\"},{\"@type\":\"Organization\",\"@id\":\"https:\\\/\\\/repliquemangacine.fr\\\/#organization\",\"name\":\"R\u00e9plique Manga Cin\u00e9\",\"url\":\"https:\\\/\\\/repliquemangacine.fr\\\/\",\"logo\":{\"@type\":\"ImageObject\",\"inLanguage\":\"en-US\",\"@id\":\"https:\\\/\\\/repliquemangacine.fr\\\/#\\\/schema\\\/logo\\\/image\\\/\",\"url\":\"https:\\\/\\\/repliquemangacine.fr\\\/wp-content\\\/uploads\\\/2023\\\/10\\\/RMC-500250.png\",\"contentUrl\":\"https:\\\/\\\/repliquemangacine.fr\\\/wp-content\\\/uploads\\\/2023\\\/10\\\/RMC-500250.png\",\"width\":500,\"height\":250,\"caption\":\"R\u00e9plique Manga Cin\u00e9\"},\"image\":{\"@id\":\"https:\\\/\\\/repliquemangacine.fr\\\/#\\\/schema\\\/logo\\\/image\\\/\"},\"sameAs\":[\"https:\\\/\\\/www.facebook.com\\\/RepliqueMangaCine\",\"https:\\\/\\\/www.instagram.com\\\/repliquemangacine.fr\\\/\"]}]}<\/script>\n<!-- \/ Yoast SEO plugin. -->","yoast_head_json":{"title":"Katana Enma Black Luminous (Leds) - One-Piece - R\u00e9plique Manga Cin\u00e9","description":"Exclusive ! This black Katana Enma Luminous (Leds) in One Piece. Steel and ABS blade containing LEDs. On\/off button. Lacquered sheath. 103 cm","robots":{"index":"index","follow":"follow","max-snippet":"max-snippet:-1","max-image-preview":"max-image-preview:large","max-video-preview":"max-video-preview:-1"},"canonical":"https:\/\/repliquemangacine.fr\/en\/one-piece-luminous-katana\/katana-enma-black-led-light-one-piece\/","og_locale":"en_US","og_type":"article","og_title":"Katana Enma noir Lumineux (Leds) - One-Piece - R\u00e9plique Manga Cin\u00e9","og_description":"Exclusivit\u00e9 ! Ce Katana Enma noir Lumineux (Leds) dans One Piece. Lame en acier et ABS contenant les Leds. Bouton marche\/Arr\u00eat. Fourreau laqu\u00e9. 103 cm","og_url":"https:\/\/repliquemangacine.fr\/en\/one-piece-luminous-katana\/katana-enma-black-led-light-one-piece\/","og_site_name":"R\u00e9plique Manga Cin\u00e9","article_publisher":"https:\/\/www.facebook.com\/RepliqueMangaCine","article_modified_time":"2025-12-01T08:25:50+00:00","og_image":[{"width":500,"height":500,"url":"https:\/\/repliquemangacine.fr\/wp-content\/uploads\/2025\/01\/Katana-Enma-noir-Lumineux-One-Piece.jpg","type":"image\/jpeg"}],"twitter_card":"summary_large_image","twitter_misc":{"Est. reading time":"3 minutes"},"schema":{"@context":"https:\/\/schema.org","@graph":[{"@type":"WebPage","@id":"https:\/\/repliquemangacine.fr\/katana-lumineux-one-piece\/katana-enma-noir-lumineux-leds-one-piece\/","url":"https:\/\/repliquemangacine.fr\/katana-lumineux-one-piece\/katana-enma-noir-lumineux-leds-one-piece\/","name":"Katana Enma Black Luminous (Leds) - One-Piece - R\u00e9plique Manga Cin\u00e9","isPartOf":{"@id":"https:\/\/repliquemangacine.fr\/#website"},"primaryImageOfPage":{"@id":"https:\/\/repliquemangacine.fr\/katana-lumineux-one-piece\/katana-enma-noir-lumineux-leds-one-piece\/#primaryimage"},"image":{"@id":"https:\/\/repliquemangacine.fr\/katana-lumineux-one-piece\/katana-enma-noir-lumineux-leds-one-piece\/#primaryimage"},"thumbnailUrl":"https:\/\/repliquemangacine.fr\/wp-content\/uploads\/2025\/01\/Katana-Enma-noir-Lumineux-One-Piece.jpg","datePublished":"2025-01-21T18:54:19+00:00","dateModified":"2025-12-01T08:25:50+00:00","description":"Exclusive ! This black Katana Enma Luminous (Leds) in One Piece. Steel and ABS blade containing LEDs. On\/off button. Lacquered sheath. 103 cm","breadcrumb":{"@id":"https:\/\/repliquemangacine.fr\/katana-lumineux-one-piece\/katana-enma-noir-lumineux-leds-one-piece\/#breadcrumb"},"inLanguage":"en-US","potentialAction":[{"@type":"ReadAction","target":["https:\/\/repliquemangacine.fr\/katana-lumineux-one-piece\/katana-enma-noir-lumineux-leds-one-piece\/"]}]},{"@type":"ImageObject","inLanguage":"en-US","@id":"https:\/\/repliquemangacine.fr\/katana-lumineux-one-piece\/katana-enma-noir-lumineux-leds-one-piece\/#primaryimage","url":"https:\/\/repliquemangacine.fr\/wp-content\/uploads\/2025\/01\/Katana-Enma-noir-Lumineux-One-Piece.jpg","contentUrl":"https:\/\/repliquemangacine.fr\/wp-content\/uploads\/2025\/01\/Katana-Enma-noir-Lumineux-One-Piece.jpg","width":500,"height":500,"caption":"Katana Enma Lumineux (Leds) - One-Piece"},{"@type":"BreadcrumbList","@id":"https:\/\/repliquemangacine.fr\/katana-lumineux-one-piece\/katana-enma-noir-lumineux-leds-one-piece\/#breadcrumb","itemListElement":[{"@type":"ListItem","position":1,"name":"Accueil","item":"https:\/\/repliquemangacine.fr\/"},{"@type":"ListItem","position":2,"name":"Produits","item":"https:\/\/repliquemangacine.fr\/boutique\/"},{"@type":"ListItem","position":3,"name":"Katana Enma noir Lumineux (Leds) &#8211; One-Piece"}]},{"@type":"WebSite","@id":"https:\/\/repliquemangacine.fr\/#website","url":"https:\/\/repliquemangacine.fr\/","name":"R\u00e9plique Manga Cin\u00e9","description":"","publisher":{"@id":"https:\/\/repliquemangacine.fr\/#organization"},"potentialAction":[{"@type":"SearchAction","target":{"@type":"EntryPoint","urlTemplate":"https:\/\/repliquemangacine.fr\/?s={search_term_string}"},"query-input":{"@type":"PropertyValueSpecification","valueRequired":true,"valueName":"search_term_string"}}],"inLanguage":"en-US"},{"@type":"Organization","@id":"https:\/\/repliquemangacine.fr\/#organization","name":"R\u00e9plique Manga Cin\u00e9","url":"https:\/\/repliquemangacine.fr\/","logo":{"@type":"ImageObject","inLanguage":"en-US","@id":"https:\/\/repliquemangacine.fr\/#\/schema\/logo\/image\/","url":"https:\/\/repliquemangacine.fr\/wp-content\/uploads\/2023\/10\/RMC-500250.png","contentUrl":"https:\/\/repliquemangacine.fr\/wp-content\/uploads\/2023\/10\/RMC-500250.png","width":500,"height":250,"caption":"R\u00e9plique Manga Cin\u00e9"},"image":{"@id":"https:\/\/repliquemangacine.fr\/#\/schema\/logo\/image\/"},"sameAs":["https:\/\/www.facebook.com\/RepliqueMangaCine","https:\/\/www.instagram.com\/repliquemangacine.fr\/"]}]}},"_links":{"self":[{"href":"https:\/\/repliquemangacine.fr\/en\/wp-json\/wp\/v2\/product\/81442","targetHints":{"allow":["GET"]}}],"collection":[{"href":"https:\/\/repliquemangacine.fr\/en\/wp-json\/wp\/v2\/product"}],"about":[{"href":"https:\/\/repliquemangacine.fr\/en\/wp-json\/wp\/v2\/types\/product"}],"wp:featuredmedia":[{"embeddable":true,"href":"https:\/\/repliquemangacine.fr\/en\/wp-json\/wp\/v2\/media\/81443"}],"wp:attachment":[{"href":"https:\/\/repliquemangacine.fr\/en\/wp-json\/wp\/v2\/media?parent=81442"}],"wp:term":[{"taxonomy":"product_brand","embeddable":true,"href":"https:\/\/repliquemangacine.fr\/en\/wp-json\/wp\/v2\/product_brand?post=81442"},{"taxonomy":"product_cat","embeddable":true,"href":"https:\/\/repliquemangacine.fr\/en\/wp-json\/wp\/v2\/product_cat?post=81442"},{"taxonomy":"product_tag","embeddable":true,"href":"https:\/\/repliquemangacine.fr\/en\/wp-json\/wp\/v2\/product_tag?post=81442"}],"curies":[{"name":"wp","href":"https:\/\/api.w.org\/{rel}","templated":true}]}}