





{"id":81430,"date":"2025-01-21T19:27:53","date_gmt":"2025-01-21T18:27:53","guid":{"rendered":"https:\/\/repliquemangacine.fr\/?post_type=product&#038;p=81430"},"modified":"2026-04-16T18:24:34","modified_gmt":"2026-04-16T16:24:34","slug":"katana-sandai-kitetsu-luminous-leds-one-piece","status":"publish","type":"product","link":"https:\/\/repliquemangacine.fr\/en\/katana-lumineux\/katana-sandai-kitetsu-lumineux-leds-one-piece\/","title":{"rendered":"Katana Sanda\u00ef Kitetsu Luminous (Leds) - One-Piece"},"content":{"rendered":"<h2>Katana Sanda\u00ef Kitetsu lumineux - Zoro's cursed sword finally in your hands<\/h2>\n<p>To begin with, discover the luminous Sanda\u00ef Kitetsu katana, one of the most feared blades in One Piece. Now available in a faithful, detailed replica. This legendary sword is known to be cursed and bloodthirsty. One of three Kitetsu blades renowned for their power and danger. Its unique design is enhanced by a decorated metal blade on top. While its thick ABS bottom with integrated LEDs offers an impressive lighting effect. Thanks to its discreet, easy-to-use on\/off button, activating the lighting is a breeze. Making this replica perfect for cosplay and collecting.<\/p>\n<p>This katana features a specially shaped metal guard, an ornate braided handle and a red wooden scabbard with black and gold finishes, evoking the sinister power of this mythical blade. With a total length of 105 cm, this sword is a true collector's item for all One Piece enthusiasts and fans of the manga's iconic weapons.<\/p>\n<h2>A cursed blade with a captivating, immersive design<\/h2>\n<p>The luminous Sanda\u00ef Kitetsu katana impresses as much by its design as by its story in One Piece. This blade, reputed to bring misfortune to its owners, is a fascinating and essential piece for fans of One Piece. <a href=\"https:\/\/onepiece.fandom.com\/fr\/wiki\/Roronoa_Zoro\" target=\"_blank\" rel=\"noopener noreferrer\">Zoro<\/a> and its three-sword fighting style. Its 72.5 cm blade, adorned with distinctive motifs, becomes even more striking when illuminated, thanks to LEDs integrated into its thick ABS structure.<\/p>\n<p>With a removable handle tip for inserting two AAA batteries (not included). This replica combines practicality and faithfulness to the original manga design. Its red wooden scabbard with black and gold tips lends it a touch of authenticity. Enhancing its mystical, cursed aura. Whether you're a collector, a cosplay enthusiast or simply a fan of legendary weapons. This luminous katana is a must-have to complete your collection and face your destiny like Zoro.<\/p>\n<h2>Zoro's complete katana collection and much more<\/h2>\n<p>If the Sanda\u00ef Kitetsu luminous katana appeals to you because of its history and design, our collection includes all the emblematic One Piece replicas. Find the <a href=\"https:\/\/repliquemangacine.fr\/en\/one-piece-luminous-katana\/katana-wado-ichimonji-luminous-one-piece\/\">katana Wado Ichimonji<\/a>the noble, refined white blade that Zoro wears between his teeth. And the cursed sword Shusui, once wielded by the legendary samurai Ryuma. And don't miss the <a href=\"https:\/\/repliquemangacine.fr\/en\/one-piece-luminous-katana\/enma-katana-leds-one-piece\/\">Enma katana<\/a>the devastating weapon that once belonged to Kozuki Oden, which pushed Zoro beyond his limits.<\/p>\n<p>Our boutique offers a wide range of One Piece katanas, from luminous models with LEDs, to versions with detailed metal blades, as well as wooden swords ideal for cosplay. Each piece is crafted with exceptional attention to detail, guaranteeing authenticity, quality and total immersion in the manga universe. Choose your blade and follow the path of Grand Line's greatest swordsman!<\/p>","protected":false},"excerpt":{"rendered":"<p>Superb replica of the Katana Sanda\u00ef Kitetsu in luminous version (Leds) in One Piece<\/p>\n<ul>\n<li>Metal blade on top with decorations, bottom part in thick ABS with LEDs inside.<br \/>\nDiscreet, easy-to-use on\/off button<br \/>\nSpecially shaped metal guard<br \/>\nHandle covered with red cotton braid<br \/>\nHandle tip detaches for insertion of two AAA batteries (not supplied)<br \/>\nBurgundy lacquered and decorated wooden scabbard.<br \/>\nBlade length: 67.5 cm - Total length: 104 cm - Weight: 1150 gr (with scabbard)<\/li><\/li>\n<\/ul>","protected":false},"featured_media":81431,"template":"","meta":[],"product_brand":[896],"product_cat":[868,871,36],"product_tag":[],"class_list":{"0":"post-81430","1":"product","2":"type-product","3":"status-publish","4":"has-post-thumbnail","6":"product_brand-replique-manga-cine","7":"product_cat-katana-lumineux","8":"product_cat-katana-lumineux-one-piece","9":"product_cat-katana-one-piece","11":"first","12":"instock","13":"sale","14":"taxable","15":"shipping-taxable","16":"purchasable","17":"product-type-simple"},"yoast_head":"<!-- This site is optimized with the Yoast SEO plugin v27.4 - https:\/\/yoast.com\/product\/yoast-seo-wordpress\/ -->\n<title>Katana Sanda\u00ef Kitetsu Lumineux (Leds) - One-Piece - R\u00e9plique Manga Cin\u00e9<\/title>\n<meta name=\"description\" content=\"Exclusif ! D\u00e9couvrez ce Katana Sanda\u00ef Kitetsu Lumineux de One Piece. Lame en acier et ABS avec Leds \u00e0 l&#039;int\u00e9rieur. Bouton marche\/arr\u00eat. 104 cm\" \/>\n<meta name=\"robots\" content=\"index, follow, max-snippet:-1, max-image-preview:large, max-video-preview:-1\" \/>\n<link rel=\"canonical\" href=\"https:\/\/repliquemangacine.fr\/en\/luminous-katana\/katana-sandai-kitetsu-luminous-leds-one-piece\/\" \/>\n<meta property=\"og:locale\" content=\"en_US\" \/>\n<meta property=\"og:type\" content=\"article\" \/>\n<meta property=\"og:title\" content=\"Katana Sanda\u00ef Kitetsu Lumineux (Leds) - One-Piece - R\u00e9plique Manga Cin\u00e9\" \/>\n<meta property=\"og:description\" content=\"Exclusif ! D\u00e9couvrez ce Katana Sanda\u00ef Kitetsu Lumineux de One Piece. Lame en acier et ABS avec Leds \u00e0 l&#039;int\u00e9rieur. Bouton marche\/arr\u00eat. 104 cm\" \/>\n<meta property=\"og:url\" content=\"https:\/\/repliquemangacine.fr\/en\/luminous-katana\/katana-sandai-kitetsu-luminous-leds-one-piece\/\" \/>\n<meta property=\"og:site_name\" content=\"R\u00e9plique Manga Cin\u00e9\" \/>\n<meta property=\"article:publisher\" content=\"https:\/\/www.facebook.com\/RepliqueMangaCine\" \/>\n<meta property=\"article:modified_time\" content=\"2026-04-16T16:24:34+00:00\" \/>\n<meta property=\"og:image\" content=\"https:\/\/repliquemangacine.fr\/wp-content\/uploads\/2025\/01\/Katana-Sandai-Kitetsu-Lumineux-One-Piece.jpg\" \/>\n\t<meta property=\"og:image:width\" content=\"500\" \/>\n\t<meta property=\"og:image:height\" content=\"500\" \/>\n\t<meta property=\"og:image:type\" content=\"image\/jpeg\" \/>\n<meta name=\"twitter:card\" content=\"summary_large_image\" \/>\n<meta name=\"twitter:label1\" content=\"Est. reading time\" \/>\n\t<meta name=\"twitter:data1\" content=\"3 minutes\" \/>\n<script type=\"application\/ld+json\" class=\"yoast-schema-graph\">{\"@context\":\"https:\\\/\\\/schema.org\",\"@graph\":[{\"@type\":\"WebPage\",\"@id\":\"https:\\\/\\\/repliquemangacine.fr\\\/katana-lumineux\\\/katana-sandai-kitetsu-lumineux-leds-one-piece\\\/\",\"url\":\"https:\\\/\\\/repliquemangacine.fr\\\/katana-lumineux\\\/katana-sandai-kitetsu-lumineux-leds-one-piece\\\/\",\"name\":\"Katana Sanda\u00ef Kitetsu Lumineux (Leds) - One-Piece - R\u00e9plique Manga Cin\u00e9\",\"isPartOf\":{\"@id\":\"https:\\\/\\\/repliquemangacine.fr\\\/#website\"},\"primaryImageOfPage\":{\"@id\":\"https:\\\/\\\/repliquemangacine.fr\\\/katana-lumineux\\\/katana-sandai-kitetsu-lumineux-leds-one-piece\\\/#primaryimage\"},\"image\":{\"@id\":\"https:\\\/\\\/repliquemangacine.fr\\\/katana-lumineux\\\/katana-sandai-kitetsu-lumineux-leds-one-piece\\\/#primaryimage\"},\"thumbnailUrl\":\"https:\\\/\\\/repliquemangacine.fr\\\/wp-content\\\/uploads\\\/2025\\\/01\\\/Katana-Sandai-Kitetsu-Lumineux-One-Piece.jpg\",\"datePublished\":\"2025-01-21T18:27:53+00:00\",\"dateModified\":\"2026-04-16T16:24:34+00:00\",\"description\":\"Exclusif ! D\u00e9couvrez ce Katana Sanda\u00ef Kitetsu Lumineux de One Piece. Lame en acier et ABS avec Leds \u00e0 l'int\u00e9rieur. Bouton marche\\\/arr\u00eat. 104 cm\",\"breadcrumb\":{\"@id\":\"https:\\\/\\\/repliquemangacine.fr\\\/katana-lumineux\\\/katana-sandai-kitetsu-lumineux-leds-one-piece\\\/#breadcrumb\"},\"inLanguage\":\"en-US\",\"potentialAction\":[{\"@type\":\"ReadAction\",\"target\":[\"https:\\\/\\\/repliquemangacine.fr\\\/katana-lumineux\\\/katana-sandai-kitetsu-lumineux-leds-one-piece\\\/\"]}]},{\"@type\":\"ImageObject\",\"inLanguage\":\"en-US\",\"@id\":\"https:\\\/\\\/repliquemangacine.fr\\\/katana-lumineux\\\/katana-sandai-kitetsu-lumineux-leds-one-piece\\\/#primaryimage\",\"url\":\"https:\\\/\\\/repliquemangacine.fr\\\/wp-content\\\/uploads\\\/2025\\\/01\\\/Katana-Sandai-Kitetsu-Lumineux-One-Piece.jpg\",\"contentUrl\":\"https:\\\/\\\/repliquemangacine.fr\\\/wp-content\\\/uploads\\\/2025\\\/01\\\/Katana-Sandai-Kitetsu-Lumineux-One-Piece.jpg\",\"width\":500,\"height\":500,\"caption\":\"Katana Sanda\u00ef Kitetsu Lumineux One Pi\u00e8ce\"},{\"@type\":\"BreadcrumbList\",\"@id\":\"https:\\\/\\\/repliquemangacine.fr\\\/katana-lumineux\\\/katana-sandai-kitetsu-lumineux-leds-one-piece\\\/#breadcrumb\",\"itemListElement\":[{\"@type\":\"ListItem\",\"position\":1,\"name\":\"Accueil\",\"item\":\"https:\\\/\\\/repliquemangacine.fr\\\/\"},{\"@type\":\"ListItem\",\"position\":2,\"name\":\"Produits\",\"item\":\"https:\\\/\\\/repliquemangacine.fr\\\/boutique\\\/\"},{\"@type\":\"ListItem\",\"position\":3,\"name\":\"Katana Sanda\u00ef Kitetsu Lumineux (Leds) &#8211; One-Piece\"}]},{\"@type\":\"WebSite\",\"@id\":\"https:\\\/\\\/repliquemangacine.fr\\\/#website\",\"url\":\"https:\\\/\\\/repliquemangacine.fr\\\/\",\"name\":\"R\u00e9plique Manga Cin\u00e9\",\"description\":\"\",\"publisher\":{\"@id\":\"https:\\\/\\\/repliquemangacine.fr\\\/#organization\"},\"potentialAction\":[{\"@type\":\"SearchAction\",\"target\":{\"@type\":\"EntryPoint\",\"urlTemplate\":\"https:\\\/\\\/repliquemangacine.fr\\\/?s={search_term_string}\"},\"query-input\":{\"@type\":\"PropertyValueSpecification\",\"valueRequired\":true,\"valueName\":\"search_term_string\"}}],\"inLanguage\":\"en-US\"},{\"@type\":\"Organization\",\"@id\":\"https:\\\/\\\/repliquemangacine.fr\\\/#organization\",\"name\":\"R\u00e9plique Manga Cin\u00e9\",\"url\":\"https:\\\/\\\/repliquemangacine.fr\\\/\",\"logo\":{\"@type\":\"ImageObject\",\"inLanguage\":\"en-US\",\"@id\":\"https:\\\/\\\/repliquemangacine.fr\\\/#\\\/schema\\\/logo\\\/image\\\/\",\"url\":\"https:\\\/\\\/repliquemangacine.fr\\\/wp-content\\\/uploads\\\/2023\\\/10\\\/RMC-500250.png\",\"contentUrl\":\"https:\\\/\\\/repliquemangacine.fr\\\/wp-content\\\/uploads\\\/2023\\\/10\\\/RMC-500250.png\",\"width\":500,\"height\":250,\"caption\":\"R\u00e9plique Manga Cin\u00e9\"},\"image\":{\"@id\":\"https:\\\/\\\/repliquemangacine.fr\\\/#\\\/schema\\\/logo\\\/image\\\/\"},\"sameAs\":[\"https:\\\/\\\/www.facebook.com\\\/RepliqueMangaCine\",\"https:\\\/\\\/www.instagram.com\\\/repliquemangacine.fr\\\/\"]}]}<\/script>\n<!-- \/ Yoast SEO plugin. -->","yoast_head_json":{"title":"Katana Sanda\u00ef Kitetsu Luminous (Leds) - One-Piece - R\u00e9plique Manga Cin\u00e9","description":"Exclusive! Discover this glowing Katana Sanda\u00ef Kitetsu from One Piece. Steel and ABS blade with LEDs inside. On\/off button. 104 cm","robots":{"index":"index","follow":"follow","max-snippet":"max-snippet:-1","max-image-preview":"max-image-preview:large","max-video-preview":"max-video-preview:-1"},"canonical":"https:\/\/repliquemangacine.fr\/en\/luminous-katana\/katana-sandai-kitetsu-luminous-leds-one-piece\/","og_locale":"en_US","og_type":"article","og_title":"Katana Sanda\u00ef Kitetsu Lumineux (Leds) - One-Piece - R\u00e9plique Manga Cin\u00e9","og_description":"Exclusif ! D\u00e9couvrez ce Katana Sanda\u00ef Kitetsu Lumineux de One Piece. Lame en acier et ABS avec Leds \u00e0 l'int\u00e9rieur. Bouton marche\/arr\u00eat. 104 cm","og_url":"https:\/\/repliquemangacine.fr\/en\/luminous-katana\/katana-sandai-kitetsu-luminous-leds-one-piece\/","og_site_name":"R\u00e9plique Manga Cin\u00e9","article_publisher":"https:\/\/www.facebook.com\/RepliqueMangaCine","article_modified_time":"2026-04-16T16:24:34+00:00","og_image":[{"width":500,"height":500,"url":"https:\/\/repliquemangacine.fr\/wp-content\/uploads\/2025\/01\/Katana-Sandai-Kitetsu-Lumineux-One-Piece.jpg","type":"image\/jpeg"}],"twitter_card":"summary_large_image","twitter_misc":{"Est. reading time":"3 minutes"},"schema":{"@context":"https:\/\/schema.org","@graph":[{"@type":"WebPage","@id":"https:\/\/repliquemangacine.fr\/katana-lumineux\/katana-sandai-kitetsu-lumineux-leds-one-piece\/","url":"https:\/\/repliquemangacine.fr\/katana-lumineux\/katana-sandai-kitetsu-lumineux-leds-one-piece\/","name":"Katana Sanda\u00ef Kitetsu Luminous (Leds) - One-Piece - R\u00e9plique Manga Cin\u00e9","isPartOf":{"@id":"https:\/\/repliquemangacine.fr\/#website"},"primaryImageOfPage":{"@id":"https:\/\/repliquemangacine.fr\/katana-lumineux\/katana-sandai-kitetsu-lumineux-leds-one-piece\/#primaryimage"},"image":{"@id":"https:\/\/repliquemangacine.fr\/katana-lumineux\/katana-sandai-kitetsu-lumineux-leds-one-piece\/#primaryimage"},"thumbnailUrl":"https:\/\/repliquemangacine.fr\/wp-content\/uploads\/2025\/01\/Katana-Sandai-Kitetsu-Lumineux-One-Piece.jpg","datePublished":"2025-01-21T18:27:53+00:00","dateModified":"2026-04-16T16:24:34+00:00","description":"Exclusive! Discover this glowing Katana Sanda\u00ef Kitetsu from One Piece. Steel and ABS blade with LEDs inside. On\/off button. 104 cm","breadcrumb":{"@id":"https:\/\/repliquemangacine.fr\/katana-lumineux\/katana-sandai-kitetsu-lumineux-leds-one-piece\/#breadcrumb"},"inLanguage":"en-US","potentialAction":[{"@type":"ReadAction","target":["https:\/\/repliquemangacine.fr\/katana-lumineux\/katana-sandai-kitetsu-lumineux-leds-one-piece\/"]}]},{"@type":"ImageObject","inLanguage":"en-US","@id":"https:\/\/repliquemangacine.fr\/katana-lumineux\/katana-sandai-kitetsu-lumineux-leds-one-piece\/#primaryimage","url":"https:\/\/repliquemangacine.fr\/wp-content\/uploads\/2025\/01\/Katana-Sandai-Kitetsu-Lumineux-One-Piece.jpg","contentUrl":"https:\/\/repliquemangacine.fr\/wp-content\/uploads\/2025\/01\/Katana-Sandai-Kitetsu-Lumineux-One-Piece.jpg","width":500,"height":500,"caption":"Katana Sanda\u00ef Kitetsu Lumineux One Pi\u00e8ce"},{"@type":"BreadcrumbList","@id":"https:\/\/repliquemangacine.fr\/katana-lumineux\/katana-sandai-kitetsu-lumineux-leds-one-piece\/#breadcrumb","itemListElement":[{"@type":"ListItem","position":1,"name":"Accueil","item":"https:\/\/repliquemangacine.fr\/"},{"@type":"ListItem","position":2,"name":"Produits","item":"https:\/\/repliquemangacine.fr\/boutique\/"},{"@type":"ListItem","position":3,"name":"Katana Sanda\u00ef Kitetsu Lumineux (Leds) &#8211; One-Piece"}]},{"@type":"WebSite","@id":"https:\/\/repliquemangacine.fr\/#website","url":"https:\/\/repliquemangacine.fr\/","name":"R\u00e9plique Manga Cin\u00e9","description":"","publisher":{"@id":"https:\/\/repliquemangacine.fr\/#organization"},"potentialAction":[{"@type":"SearchAction","target":{"@type":"EntryPoint","urlTemplate":"https:\/\/repliquemangacine.fr\/?s={search_term_string}"},"query-input":{"@type":"PropertyValueSpecification","valueRequired":true,"valueName":"search_term_string"}}],"inLanguage":"en-US"},{"@type":"Organization","@id":"https:\/\/repliquemangacine.fr\/#organization","name":"R\u00e9plique Manga Cin\u00e9","url":"https:\/\/repliquemangacine.fr\/","logo":{"@type":"ImageObject","inLanguage":"en-US","@id":"https:\/\/repliquemangacine.fr\/#\/schema\/logo\/image\/","url":"https:\/\/repliquemangacine.fr\/wp-content\/uploads\/2023\/10\/RMC-500250.png","contentUrl":"https:\/\/repliquemangacine.fr\/wp-content\/uploads\/2023\/10\/RMC-500250.png","width":500,"height":250,"caption":"R\u00e9plique Manga Cin\u00e9"},"image":{"@id":"https:\/\/repliquemangacine.fr\/#\/schema\/logo\/image\/"},"sameAs":["https:\/\/www.facebook.com\/RepliqueMangaCine","https:\/\/www.instagram.com\/repliquemangacine.fr\/"]}]}},"_links":{"self":[{"href":"https:\/\/repliquemangacine.fr\/en\/wp-json\/wp\/v2\/product\/81430","targetHints":{"allow":["GET"]}}],"collection":[{"href":"https:\/\/repliquemangacine.fr\/en\/wp-json\/wp\/v2\/product"}],"about":[{"href":"https:\/\/repliquemangacine.fr\/en\/wp-json\/wp\/v2\/types\/product"}],"wp:featuredmedia":[{"embeddable":true,"href":"https:\/\/repliquemangacine.fr\/en\/wp-json\/wp\/v2\/media\/81431"}],"wp:attachment":[{"href":"https:\/\/repliquemangacine.fr\/en\/wp-json\/wp\/v2\/media?parent=81430"}],"wp:term":[{"taxonomy":"product_brand","embeddable":true,"href":"https:\/\/repliquemangacine.fr\/en\/wp-json\/wp\/v2\/product_brand?post=81430"},{"taxonomy":"product_cat","embeddable":true,"href":"https:\/\/repliquemangacine.fr\/en\/wp-json\/wp\/v2\/product_cat?post=81430"},{"taxonomy":"product_tag","embeddable":true,"href":"https:\/\/repliquemangacine.fr\/en\/wp-json\/wp\/v2\/product_tag?post=81430"}],"curies":[{"name":"wp","href":"https:\/\/api.w.org\/{rel}","templated":true}]}}