





{"id":81422,"date":"2025-01-21T19:12:35","date_gmt":"2025-01-21T18:12:35","guid":{"rendered":"https:\/\/repliquemangacine.fr\/?post_type=product&#038;p=81422"},"modified":"2026-03-08T11:37:38","modified_gmt":"2026-03-08T10:37:38","slug":"katana-wado-ichimonji-luminous-one-piece","status":"publish","type":"product","link":"https:\/\/repliquemangacine.fr\/en\/katana-lumineux-one-piece\/katana-wado-ichimonji-lumineux-one-piece\/","title":{"rendered":"Katana Wado Ichimonji Luminous (Leds)- One Piece"},"content":{"rendered":"<h2>Katana Wado Ichimonji luminous - Zoro's emblematic sword finally available<\/h2>\n<p>First, the luminous Wado Ichimonji katana, one of Roronoa Zoro's most emblematic blades in <a href=\"https:\/\/onepiece.fandom.com\/fr\/wiki\/One_Piece_Encyclop%C3%A9die\" target=\"_blank\" rel=\"noopener noreferrer\">One Piece<\/a>. Inherited from his childhood friend Kuina, this high-quality sword is a faithful replica, with a meticulous design and exceptional finish. Its metal blade on top and thick ABS lower section with integrated LEDs give it a striking luminous effect. Perfect for collectors and cosplayers. Its discreet, easy-to-use on\/off button allows you to activate the lighting with ease.<\/p>\n<p>The specially shaped metal guard. The handle covered with white cotton braiding. And the white wooden scabbard decorated with gold plating pay homage to the noble and elegant design of this legendary blade. With a total length of 105 cm and a weight of 1306 g with scabbard. This luminous katana is a must-have for any One Piece fan.<\/p>\n<h2>A mythical sword with an authentic, luminous design<\/h2>\n<p>The luminous Wado Ichimonji katana is a unique piece that combines tradition and modernity thanks to its integrated LED system. Its 72.5 cm blade lights up to create a spectacular effect during performances or exhibitions. The removable handle cap allows two AAA batteries (not included) to be inserted. This ensures simple and practical use without altering the authentic design of the katana.<\/p>\n<p>This sword is ideal for One Piece fans, whether they are collectors or cosplayers. Its white wooden scabbard with gold embellishments reflects the nobility and power of Zoro's katana, one of the 21 O Wazamono, exceptional swords from the manga universe. With a high-end finish, sturdy materials, and impressive realism, this replica will enhance your collection and immerse you in the heart of the Grand Line adventure.<\/p>\n<h2>A complete collection of One Piece katanas for all enthusiasts<\/h2>\n<p>If you're a fan of One Piece, don't miss our collection of katanas inspired by the manga universe. In addition to the luminous Wado Ichimonji katana, you'll find other legendary swords. Like the <a href=\"https:\/\/repliquemangacine.fr\/en\/one-piece-luminous-katana\/enma-katana-leds-one-piece\/\">Enma light katana<\/a>the powerful violet blade, and <a href=\"https:\/\/repliquemangacine.fr\/en\/katana-one-piece\/katana-shusui-luminous-one-piece\/\">Shusui, the cursed black sword<\/a>. There is also the Sandai Kitetsu, a cursed katana with a fearsome blade, as well as other iconic weapons such as Yoru, Dracule Mihawk's gigantic sword.<\/p>\n<p>Whether you're looking for a replica with a metal blade, a wooden katana for cosplay, or even a light-up model with built-in LEDs, our collection offers a complete range to satisfy all enthusiasts. Each piece is crafted with exceptional attention to detail, guaranteeing authenticity and quality. So step into the shoes of the greatest swordsman in Grand Line and choose your sword now!<\/p>","protected":false},"excerpt":{"rendered":"<p>Superb replica of the Ichimonji Katana in luminous version (Leds) in One Piece<\/p>\n<ul>\n<li>Metal blade on top, thick ABS underside with LEDs inside.<\/li>\n<li>Discreet, easy-to-use on\/off button<\/li>\n<li>Specially shaped metal guard<\/li>\n<li>Handle covered with white cotton braid&amp;amp;amp;amp;amp;amp;amp;amp;amp;lt;\/li&gt;<\/li>\n<li>The end of the handle detaches to insert the two AAA batteries (not supplied)<\/li><li>Wooden scabbard with gilded ends.<\/li>\n<li>Blade length: 72.5<\/li>\n<li>cm - Total length: 105 cm - Weight: 1306 g (with scabbard)<\/li>\n<\/ul>","protected":false},"featured_media":81423,"template":"","meta":[],"product_brand":[896],"product_cat":[868,871,36],"product_tag":[],"class_list":{"0":"post-81422","1":"product","2":"type-product","3":"status-publish","4":"has-post-thumbnail","6":"product_brand-replique-manga-cine","7":"product_cat-katana-lumineux","8":"product_cat-katana-lumineux-one-piece","9":"product_cat-katana-one-piece","11":"first","12":"instock","13":"sale","14":"taxable","15":"shipping-taxable","16":"purchasable","17":"product-type-simple"},"yoast_head":"<!-- This site is optimized with the Yoast SEO plugin v27.5 - https:\/\/yoast.com\/product\/yoast-seo-wordpress\/ -->\n<title>Katana Wado Ichimonji Lumineux (Leds)- One Piece - R\u00e9plique Manga Cin\u00e9<\/title>\n<meta name=\"description\" content=\"En exclusivit\u00e9 ! Retrouvez le Katana Wado Ichimonji Lumineux dans One Piece. Bouton marche arr\u00eat. Lame en acier et ABS contenant les Leds. 105 cm\" \/>\n<meta name=\"robots\" content=\"index, follow, max-snippet:-1, max-image-preview:large, max-video-preview:-1\" \/>\n<link rel=\"canonical\" href=\"https:\/\/repliquemangacine.fr\/en\/one-piece-luminous-katana\/katana-wado-ichimonji-luminous-one-piece\/\" \/>\n<meta property=\"og:locale\" content=\"en_US\" \/>\n<meta property=\"og:type\" content=\"article\" \/>\n<meta property=\"og:title\" content=\"Katana Wado Ichimonji Lumineux (Leds)- One Piece - R\u00e9plique Manga Cin\u00e9\" \/>\n<meta property=\"og:description\" content=\"En exclusivit\u00e9 ! Retrouvez le Katana Wado Ichimonji Lumineux dans One Piece. Bouton marche arr\u00eat. Lame en acier et ABS contenant les Leds. 105 cm\" \/>\n<meta property=\"og:url\" content=\"https:\/\/repliquemangacine.fr\/en\/one-piece-luminous-katana\/katana-wado-ichimonji-luminous-one-piece\/\" \/>\n<meta property=\"og:site_name\" content=\"R\u00e9plique Manga Cin\u00e9\" \/>\n<meta property=\"article:publisher\" content=\"https:\/\/www.facebook.com\/RepliqueMangaCine\" \/>\n<meta property=\"article:modified_time\" content=\"2026-03-08T10:37:38+00:00\" \/>\n<meta property=\"og:image\" content=\"https:\/\/repliquemangacine.fr\/wp-content\/uploads\/2025\/01\/Katana-Ichimonji-Lumineux-One-Piece.jpg\" \/>\n\t<meta property=\"og:image:width\" content=\"500\" \/>\n\t<meta property=\"og:image:height\" content=\"500\" \/>\n\t<meta property=\"og:image:type\" content=\"image\/jpeg\" \/>\n<meta name=\"twitter:card\" content=\"summary_large_image\" \/>\n<meta name=\"twitter:label1\" content=\"Est. reading time\" \/>\n\t<meta name=\"twitter:data1\" content=\"3 minutes\" \/>\n<script type=\"application\/ld+json\" class=\"yoast-schema-graph\">{\"@context\":\"https:\\\/\\\/schema.org\",\"@graph\":[{\"@type\":\"WebPage\",\"@id\":\"https:\\\/\\\/repliquemangacine.fr\\\/katana-lumineux-one-piece\\\/katana-wado-ichimonji-lumineux-one-piece\\\/\",\"url\":\"https:\\\/\\\/repliquemangacine.fr\\\/katana-lumineux-one-piece\\\/katana-wado-ichimonji-lumineux-one-piece\\\/\",\"name\":\"Katana Wado Ichimonji Lumineux (Leds)- One Piece - R\u00e9plique Manga Cin\u00e9\",\"isPartOf\":{\"@id\":\"https:\\\/\\\/repliquemangacine.fr\\\/#website\"},\"primaryImageOfPage\":{\"@id\":\"https:\\\/\\\/repliquemangacine.fr\\\/katana-lumineux-one-piece\\\/katana-wado-ichimonji-lumineux-one-piece\\\/#primaryimage\"},\"image\":{\"@id\":\"https:\\\/\\\/repliquemangacine.fr\\\/katana-lumineux-one-piece\\\/katana-wado-ichimonji-lumineux-one-piece\\\/#primaryimage\"},\"thumbnailUrl\":\"https:\\\/\\\/repliquemangacine.fr\\\/wp-content\\\/uploads\\\/2025\\\/01\\\/Katana-Ichimonji-Lumineux-One-Piece.jpg\",\"datePublished\":\"2025-01-21T18:12:35+00:00\",\"dateModified\":\"2026-03-08T10:37:38+00:00\",\"description\":\"En exclusivit\u00e9 ! Retrouvez le Katana Wado Ichimonji Lumineux dans One Piece. Bouton marche arr\u00eat. Lame en acier et ABS contenant les Leds. 105 cm\",\"breadcrumb\":{\"@id\":\"https:\\\/\\\/repliquemangacine.fr\\\/katana-lumineux-one-piece\\\/katana-wado-ichimonji-lumineux-one-piece\\\/#breadcrumb\"},\"inLanguage\":\"en-US\",\"potentialAction\":[{\"@type\":\"ReadAction\",\"target\":[\"https:\\\/\\\/repliquemangacine.fr\\\/katana-lumineux-one-piece\\\/katana-wado-ichimonji-lumineux-one-piece\\\/\"]}]},{\"@type\":\"ImageObject\",\"inLanguage\":\"en-US\",\"@id\":\"https:\\\/\\\/repliquemangacine.fr\\\/katana-lumineux-one-piece\\\/katana-wado-ichimonji-lumineux-one-piece\\\/#primaryimage\",\"url\":\"https:\\\/\\\/repliquemangacine.fr\\\/wp-content\\\/uploads\\\/2025\\\/01\\\/Katana-Ichimonji-Lumineux-One-Piece.jpg\",\"contentUrl\":\"https:\\\/\\\/repliquemangacine.fr\\\/wp-content\\\/uploads\\\/2025\\\/01\\\/Katana-Ichimonji-Lumineux-One-Piece.jpg\",\"width\":500,\"height\":500,\"caption\":\"Katana Ichimonji Lumineux One Piece\"},{\"@type\":\"BreadcrumbList\",\"@id\":\"https:\\\/\\\/repliquemangacine.fr\\\/katana-lumineux-one-piece\\\/katana-wado-ichimonji-lumineux-one-piece\\\/#breadcrumb\",\"itemListElement\":[{\"@type\":\"ListItem\",\"position\":1,\"name\":\"Accueil\",\"item\":\"https:\\\/\\\/repliquemangacine.fr\\\/\"},{\"@type\":\"ListItem\",\"position\":2,\"name\":\"Produits\",\"item\":\"https:\\\/\\\/repliquemangacine.fr\\\/boutique\\\/\"},{\"@type\":\"ListItem\",\"position\":3,\"name\":\"Katana Wado Ichimonji Lumineux (Leds)- One Piece\"}]},{\"@type\":\"WebSite\",\"@id\":\"https:\\\/\\\/repliquemangacine.fr\\\/#website\",\"url\":\"https:\\\/\\\/repliquemangacine.fr\\\/\",\"name\":\"R\u00e9plique Manga Cin\u00e9\",\"description\":\"\",\"publisher\":{\"@id\":\"https:\\\/\\\/repliquemangacine.fr\\\/#organization\"},\"potentialAction\":[{\"@type\":\"SearchAction\",\"target\":{\"@type\":\"EntryPoint\",\"urlTemplate\":\"https:\\\/\\\/repliquemangacine.fr\\\/?s={search_term_string}\"},\"query-input\":{\"@type\":\"PropertyValueSpecification\",\"valueRequired\":true,\"valueName\":\"search_term_string\"}}],\"inLanguage\":\"en-US\"},{\"@type\":\"Organization\",\"@id\":\"https:\\\/\\\/repliquemangacine.fr\\\/#organization\",\"name\":\"R\u00e9plique Manga Cin\u00e9\",\"url\":\"https:\\\/\\\/repliquemangacine.fr\\\/\",\"logo\":{\"@type\":\"ImageObject\",\"inLanguage\":\"en-US\",\"@id\":\"https:\\\/\\\/repliquemangacine.fr\\\/#\\\/schema\\\/logo\\\/image\\\/\",\"url\":\"https:\\\/\\\/repliquemangacine.fr\\\/wp-content\\\/uploads\\\/2023\\\/10\\\/RMC-500250.png\",\"contentUrl\":\"https:\\\/\\\/repliquemangacine.fr\\\/wp-content\\\/uploads\\\/2023\\\/10\\\/RMC-500250.png\",\"width\":500,\"height\":250,\"caption\":\"R\u00e9plique Manga Cin\u00e9\"},\"image\":{\"@id\":\"https:\\\/\\\/repliquemangacine.fr\\\/#\\\/schema\\\/logo\\\/image\\\/\"},\"sameAs\":[\"https:\\\/\\\/www.facebook.com\\\/RepliqueMangaCine\",\"https:\\\/\\\/www.instagram.com\\\/repliquemangacine.fr\\\/\"]}]}<\/script>\n<!-- \/ Yoast SEO plugin. -->","yoast_head_json":{"title":"Katana Wado Ichimonji Luminous (Leds)- One Piece - R\u00e9plique Manga Cin\u00e9","description":"Exclusive! Find the Wado Ichimonji Luminous Katana in One Piece. On\/off button. Steel and ABS blade containing LEDs. 105 cm","robots":{"index":"index","follow":"follow","max-snippet":"max-snippet:-1","max-image-preview":"max-image-preview:large","max-video-preview":"max-video-preview:-1"},"canonical":"https:\/\/repliquemangacine.fr\/en\/one-piece-luminous-katana\/katana-wado-ichimonji-luminous-one-piece\/","og_locale":"en_US","og_type":"article","og_title":"Katana Wado Ichimonji Lumineux (Leds)- One Piece - R\u00e9plique Manga Cin\u00e9","og_description":"En exclusivit\u00e9 ! Retrouvez le Katana Wado Ichimonji Lumineux dans One Piece. Bouton marche arr\u00eat. Lame en acier et ABS contenant les Leds. 105 cm","og_url":"https:\/\/repliquemangacine.fr\/en\/one-piece-luminous-katana\/katana-wado-ichimonji-luminous-one-piece\/","og_site_name":"R\u00e9plique Manga Cin\u00e9","article_publisher":"https:\/\/www.facebook.com\/RepliqueMangaCine","article_modified_time":"2026-03-08T10:37:38+00:00","og_image":[{"width":500,"height":500,"url":"https:\/\/repliquemangacine.fr\/wp-content\/uploads\/2025\/01\/Katana-Ichimonji-Lumineux-One-Piece.jpg","type":"image\/jpeg"}],"twitter_card":"summary_large_image","twitter_misc":{"Est. reading time":"3 minutes"},"schema":{"@context":"https:\/\/schema.org","@graph":[{"@type":"WebPage","@id":"https:\/\/repliquemangacine.fr\/katana-lumineux-one-piece\/katana-wado-ichimonji-lumineux-one-piece\/","url":"https:\/\/repliquemangacine.fr\/katana-lumineux-one-piece\/katana-wado-ichimonji-lumineux-one-piece\/","name":"Katana Wado Ichimonji Luminous (Leds)- One Piece - R\u00e9plique Manga Cin\u00e9","isPartOf":{"@id":"https:\/\/repliquemangacine.fr\/#website"},"primaryImageOfPage":{"@id":"https:\/\/repliquemangacine.fr\/katana-lumineux-one-piece\/katana-wado-ichimonji-lumineux-one-piece\/#primaryimage"},"image":{"@id":"https:\/\/repliquemangacine.fr\/katana-lumineux-one-piece\/katana-wado-ichimonji-lumineux-one-piece\/#primaryimage"},"thumbnailUrl":"https:\/\/repliquemangacine.fr\/wp-content\/uploads\/2025\/01\/Katana-Ichimonji-Lumineux-One-Piece.jpg","datePublished":"2025-01-21T18:12:35+00:00","dateModified":"2026-03-08T10:37:38+00:00","description":"Exclusive! Find the Wado Ichimonji Luminous Katana in One Piece. On\/off button. Steel and ABS blade containing LEDs. 105 cm","breadcrumb":{"@id":"https:\/\/repliquemangacine.fr\/katana-lumineux-one-piece\/katana-wado-ichimonji-lumineux-one-piece\/#breadcrumb"},"inLanguage":"en-US","potentialAction":[{"@type":"ReadAction","target":["https:\/\/repliquemangacine.fr\/katana-lumineux-one-piece\/katana-wado-ichimonji-lumineux-one-piece\/"]}]},{"@type":"ImageObject","inLanguage":"en-US","@id":"https:\/\/repliquemangacine.fr\/katana-lumineux-one-piece\/katana-wado-ichimonji-lumineux-one-piece\/#primaryimage","url":"https:\/\/repliquemangacine.fr\/wp-content\/uploads\/2025\/01\/Katana-Ichimonji-Lumineux-One-Piece.jpg","contentUrl":"https:\/\/repliquemangacine.fr\/wp-content\/uploads\/2025\/01\/Katana-Ichimonji-Lumineux-One-Piece.jpg","width":500,"height":500,"caption":"Katana Ichimonji Lumineux One Piece"},{"@type":"BreadcrumbList","@id":"https:\/\/repliquemangacine.fr\/katana-lumineux-one-piece\/katana-wado-ichimonji-lumineux-one-piece\/#breadcrumb","itemListElement":[{"@type":"ListItem","position":1,"name":"Accueil","item":"https:\/\/repliquemangacine.fr\/"},{"@type":"ListItem","position":2,"name":"Produits","item":"https:\/\/repliquemangacine.fr\/boutique\/"},{"@type":"ListItem","position":3,"name":"Katana Wado Ichimonji Lumineux (Leds)- One Piece"}]},{"@type":"WebSite","@id":"https:\/\/repliquemangacine.fr\/#website","url":"https:\/\/repliquemangacine.fr\/","name":"R\u00e9plique Manga Cin\u00e9","description":"","publisher":{"@id":"https:\/\/repliquemangacine.fr\/#organization"},"potentialAction":[{"@type":"SearchAction","target":{"@type":"EntryPoint","urlTemplate":"https:\/\/repliquemangacine.fr\/?s={search_term_string}"},"query-input":{"@type":"PropertyValueSpecification","valueRequired":true,"valueName":"search_term_string"}}],"inLanguage":"en-US"},{"@type":"Organization","@id":"https:\/\/repliquemangacine.fr\/#organization","name":"R\u00e9plique Manga Cin\u00e9","url":"https:\/\/repliquemangacine.fr\/","logo":{"@type":"ImageObject","inLanguage":"en-US","@id":"https:\/\/repliquemangacine.fr\/#\/schema\/logo\/image\/","url":"https:\/\/repliquemangacine.fr\/wp-content\/uploads\/2023\/10\/RMC-500250.png","contentUrl":"https:\/\/repliquemangacine.fr\/wp-content\/uploads\/2023\/10\/RMC-500250.png","width":500,"height":250,"caption":"R\u00e9plique Manga Cin\u00e9"},"image":{"@id":"https:\/\/repliquemangacine.fr\/#\/schema\/logo\/image\/"},"sameAs":["https:\/\/www.facebook.com\/RepliqueMangaCine","https:\/\/www.instagram.com\/repliquemangacine.fr\/"]}]}},"_links":{"self":[{"href":"https:\/\/repliquemangacine.fr\/en\/wp-json\/wp\/v2\/product\/81422","targetHints":{"allow":["GET"]}}],"collection":[{"href":"https:\/\/repliquemangacine.fr\/en\/wp-json\/wp\/v2\/product"}],"about":[{"href":"https:\/\/repliquemangacine.fr\/en\/wp-json\/wp\/v2\/types\/product"}],"wp:featuredmedia":[{"embeddable":true,"href":"https:\/\/repliquemangacine.fr\/en\/wp-json\/wp\/v2\/media\/81423"}],"wp:attachment":[{"href":"https:\/\/repliquemangacine.fr\/en\/wp-json\/wp\/v2\/media?parent=81422"}],"wp:term":[{"taxonomy":"product_brand","embeddable":true,"href":"https:\/\/repliquemangacine.fr\/en\/wp-json\/wp\/v2\/product_brand?post=81422"},{"taxonomy":"product_cat","embeddable":true,"href":"https:\/\/repliquemangacine.fr\/en\/wp-json\/wp\/v2\/product_cat?post=81422"},{"taxonomy":"product_tag","embeddable":true,"href":"https:\/\/repliquemangacine.fr\/en\/wp-json\/wp\/v2\/product_tag?post=81422"}],"curies":[{"name":"wp","href":"https:\/\/api.w.org\/{rel}","templated":true}]}}