





{"id":81413,"date":"2025-01-21T19:00:16","date_gmt":"2025-01-21T18:00:16","guid":{"rendered":"https:\/\/repliquemangacine.fr\/?post_type=product&#038;p=81413"},"modified":"2026-03-31T19:53:57","modified_gmt":"2026-03-31T17:53:57","slug":"katana-shusui-luminous-one-piece","status":"publish","type":"product","link":"https:\/\/repliquemangacine.fr\/en\/katana-one-piece\/katana-shusui-lumineux-one-piece\/","title":{"rendered":"Katana Shusui Luminous (Leds)- One Piece"},"content":{"rendered":"<h2>Katana Shusui luminous - The cursed blade of the legendary samurai<\/h2>\n<p>First, discover the Shusui light-up katana, a striking replica of Roronoa Zoro's legendary blade in One Piece. Formerly wielded by the famous samurai Ryuma, this black sword is considered a national treasure of the Land of Wano. It is also one of the most powerful blades Zoro has ever wielded. Its finely decorated metal blade on top, combined with a thick ABS lower section with integrated pink LEDs, offers a spectacular visual effect when illuminated. Its discreet, easy-to-use on\/off button allows you to activate the lighting with ease, reinforcing the mystical and imposing aura of this legendary sword.<\/p>\n<p>With its distinctive metal guard, black cotton braided handle, and beautifully decorated black lacquered scabbard. This katana is an exceptional piece for collectors and fans of One Piece. With a total length of 104 cm and a balanced weight of 1160 g, this replica combines aesthetics, quality, and fidelity to the original work, for total immersion in the world of Grand Line swordsmen.<\/p>\n<h2>A mythical katana with an impressive, immersive design<\/h2>\n<p>The Shusui light-up katana stands out not only for its history, but also for its sumptuous design and high-end finish. The pink LED effect integrated into the lower part of the thick ABS blade gives it a mystical and supernatural dimension. It also evokes the intimidating aura of this black sword. Its meticulously decorated 67 cm blade perfectly reflects the aesthetics of Shusui in One Piece. This makes it the ideal replica for cosplay, exhibitions, or epic scenes.<\/p>\n<p>Thanks to its removable handle tip, which can hold two AAA batteries (not included), this katana combines authenticity and modernity for an immersive experience. Its decorated black lacquered scabbard adds a touch of elegance and prestige to this already impressive weapon. Whether you are a collector or a One Piece enthusiast, this cursed blade will enhance your collection and immerse you in the world of the greatest samurai of Wano Country.<\/p>\n<h2>A complete collection of bright and classic katanas inspired by One Piece<\/h2>\n<p>If you're fascinated by the Shusui lighted katana, you'll be delighted to discover our full range of faithful replicas of the weapons from <a href=\"https:\/\/onepiece.fandom.com\/fr\/wiki\/Roronoa_Zoro\" target=\"_blank\" rel=\"noopener noreferrer\">Roronoa Zoro<\/a> and other legendary swordsmen. Discover the luminous Enma katana, the legendary blade that forced Zoro to surpass his limits. There's also the <a href=\"https:\/\/repliquemangacine.fr\/en\/luminous-katana\/katana-sandai-kitetsu-luminous-leds-one-piece\/\">Sanda\u00ef Kitetsu<\/a>, the cursed sword known for its unpredictable temperament. Not to mention the Wado Ichimonji, his iconic white katana that he holds between his teeth, a legacy of his oath to Kuina.<\/p>\n<p>Our collection also includes metal versions for purists, wooden models for cosplayers, as well as <a href=\"https:\/\/repliquemangacine.fr\/en\/luminous-katana\/\">luminous katanas<\/a> equipped with LEDs for total immersion. Each piece is designed with exceptional attention to detail, ensuring quality, realism and robustness. Join Grand Line's elite swordsmen and choose your katana today!<\/p>","protected":false},"excerpt":{"rendered":"<p>Superb replica of the Shusui katana in luminous version (Leds) in One Piece<\/p>\n<ul>\n<li>Decorated metal blade on top, thick ABS bottom with pink LEDs inside.<\/li>\n<li>Discreet, easy-to-use on\/off button<\/li>\n<li>Specially shaped metal guard<\/li>\n<li>Handle covered with black cotton braid<\/li>\n<li>Handle tip detaches for insertion of two AAA batteries (not supplied)<\/li>\n<li>Black lacquered and decorated scabbard.<\/li>\n<li>Blade length: 67 cm - Overall length: 104 cm - Weight: 1160 g<\/li>\n<\/ul>","protected":false},"featured_media":81414,"template":"","meta":[],"product_brand":[896],"product_cat":[868,871,36],"product_tag":[],"class_list":{"0":"post-81413","1":"product","2":"type-product","3":"status-publish","4":"has-post-thumbnail","6":"product_brand-replique-manga-cine","7":"product_cat-katana-lumineux","8":"product_cat-katana-lumineux-one-piece","9":"product_cat-katana-one-piece","11":"first","12":"instock","13":"sale","14":"taxable","15":"shipping-taxable","16":"purchasable","17":"product-type-simple"},"yoast_head":"<!-- This site is optimized with the Yoast SEO plugin v27.5 - https:\/\/yoast.com\/product\/yoast-seo-wordpress\/ -->\n<title>Katana Shusui Lumineux (Leds)- One Piece - R\u00e9plique Manga Cin\u00e9<\/title>\n<meta name=\"description\" content=\"Exclusivit\u00e9 ! Katana Shusui Lumineux dans One piece. Bouton marche\/arr\u00eat. Lame en acier et en ABS contenant les LEDS. Fourreau Laqu\u00e9 d\u00e9cor\u00e9. 104 cm\" \/>\n<meta name=\"robots\" content=\"index, follow, max-snippet:-1, max-image-preview:large, max-video-preview:-1\" \/>\n<link rel=\"canonical\" href=\"https:\/\/repliquemangacine.fr\/en\/katana-one-piece\/katana-shusui-luminous-one-piece\/\" \/>\n<meta property=\"og:locale\" content=\"en_US\" \/>\n<meta property=\"og:type\" content=\"article\" \/>\n<meta property=\"og:title\" content=\"Katana Shusui Lumineux (Leds)- One Piece - R\u00e9plique Manga Cin\u00e9\" \/>\n<meta property=\"og:description\" content=\"Exclusivit\u00e9 ! Katana Shusui Lumineux dans One piece. Bouton marche\/arr\u00eat. Lame en acier et en ABS contenant les LEDS. Fourreau Laqu\u00e9 d\u00e9cor\u00e9. 104 cm\" \/>\n<meta property=\"og:url\" content=\"https:\/\/repliquemangacine.fr\/en\/katana-one-piece\/katana-shusui-luminous-one-piece\/\" \/>\n<meta property=\"og:site_name\" content=\"R\u00e9plique Manga Cin\u00e9\" \/>\n<meta property=\"article:publisher\" content=\"https:\/\/www.facebook.com\/RepliqueMangaCine\" \/>\n<meta property=\"article:modified_time\" content=\"2026-03-31T17:53:57+00:00\" \/>\n<meta property=\"og:image\" content=\"https:\/\/repliquemangacine.fr\/wp-content\/uploads\/2025\/01\/Katana-Shusui-Lumineux-One-Piece.jpg\" \/>\n\t<meta property=\"og:image:width\" content=\"500\" \/>\n\t<meta property=\"og:image:height\" content=\"500\" \/>\n\t<meta property=\"og:image:type\" content=\"image\/jpeg\" \/>\n<meta name=\"twitter:card\" content=\"summary_large_image\" \/>\n<meta name=\"twitter:label1\" content=\"Est. reading time\" \/>\n\t<meta name=\"twitter:data1\" content=\"3 minutes\" \/>\n<script type=\"application\/ld+json\" class=\"yoast-schema-graph\">{\"@context\":\"https:\\\/\\\/schema.org\",\"@graph\":[{\"@type\":\"WebPage\",\"@id\":\"https:\\\/\\\/repliquemangacine.fr\\\/katana-one-piece\\\/katana-shusui-lumineux-one-piece\\\/\",\"url\":\"https:\\\/\\\/repliquemangacine.fr\\\/katana-one-piece\\\/katana-shusui-lumineux-one-piece\\\/\",\"name\":\"Katana Shusui Lumineux (Leds)- One Piece - R\u00e9plique Manga Cin\u00e9\",\"isPartOf\":{\"@id\":\"https:\\\/\\\/repliquemangacine.fr\\\/#website\"},\"primaryImageOfPage\":{\"@id\":\"https:\\\/\\\/repliquemangacine.fr\\\/katana-one-piece\\\/katana-shusui-lumineux-one-piece\\\/#primaryimage\"},\"image\":{\"@id\":\"https:\\\/\\\/repliquemangacine.fr\\\/katana-one-piece\\\/katana-shusui-lumineux-one-piece\\\/#primaryimage\"},\"thumbnailUrl\":\"https:\\\/\\\/repliquemangacine.fr\\\/wp-content\\\/uploads\\\/2025\\\/01\\\/Katana-Shusui-Lumineux-One-Piece.jpg\",\"datePublished\":\"2025-01-21T18:00:16+00:00\",\"dateModified\":\"2026-03-31T17:53:57+00:00\",\"description\":\"Exclusivit\u00e9 ! Katana Shusui Lumineux dans One piece. Bouton marche\\\/arr\u00eat. Lame en acier et en ABS contenant les LEDS. Fourreau Laqu\u00e9 d\u00e9cor\u00e9. 104 cm\",\"breadcrumb\":{\"@id\":\"https:\\\/\\\/repliquemangacine.fr\\\/katana-one-piece\\\/katana-shusui-lumineux-one-piece\\\/#breadcrumb\"},\"inLanguage\":\"en-US\",\"potentialAction\":[{\"@type\":\"ReadAction\",\"target\":[\"https:\\\/\\\/repliquemangacine.fr\\\/katana-one-piece\\\/katana-shusui-lumineux-one-piece\\\/\"]}]},{\"@type\":\"ImageObject\",\"inLanguage\":\"en-US\",\"@id\":\"https:\\\/\\\/repliquemangacine.fr\\\/katana-one-piece\\\/katana-shusui-lumineux-one-piece\\\/#primaryimage\",\"url\":\"https:\\\/\\\/repliquemangacine.fr\\\/wp-content\\\/uploads\\\/2025\\\/01\\\/Katana-Shusui-Lumineux-One-Piece.jpg\",\"contentUrl\":\"https:\\\/\\\/repliquemangacine.fr\\\/wp-content\\\/uploads\\\/2025\\\/01\\\/Katana-Shusui-Lumineux-One-Piece.jpg\",\"width\":500,\"height\":500,\"caption\":\"Katana Shusui Lumineux One Piece\"},{\"@type\":\"BreadcrumbList\",\"@id\":\"https:\\\/\\\/repliquemangacine.fr\\\/katana-one-piece\\\/katana-shusui-lumineux-one-piece\\\/#breadcrumb\",\"itemListElement\":[{\"@type\":\"ListItem\",\"position\":1,\"name\":\"Accueil\",\"item\":\"https:\\\/\\\/repliquemangacine.fr\\\/\"},{\"@type\":\"ListItem\",\"position\":2,\"name\":\"Produits\",\"item\":\"https:\\\/\\\/repliquemangacine.fr\\\/boutique\\\/\"},{\"@type\":\"ListItem\",\"position\":3,\"name\":\"Katana Shusui Lumineux (Leds)- One Piece\"}]},{\"@type\":\"WebSite\",\"@id\":\"https:\\\/\\\/repliquemangacine.fr\\\/#website\",\"url\":\"https:\\\/\\\/repliquemangacine.fr\\\/\",\"name\":\"R\u00e9plique Manga Cin\u00e9\",\"description\":\"\",\"publisher\":{\"@id\":\"https:\\\/\\\/repliquemangacine.fr\\\/#organization\"},\"potentialAction\":[{\"@type\":\"SearchAction\",\"target\":{\"@type\":\"EntryPoint\",\"urlTemplate\":\"https:\\\/\\\/repliquemangacine.fr\\\/?s={search_term_string}\"},\"query-input\":{\"@type\":\"PropertyValueSpecification\",\"valueRequired\":true,\"valueName\":\"search_term_string\"}}],\"inLanguage\":\"en-US\"},{\"@type\":\"Organization\",\"@id\":\"https:\\\/\\\/repliquemangacine.fr\\\/#organization\",\"name\":\"R\u00e9plique Manga Cin\u00e9\",\"url\":\"https:\\\/\\\/repliquemangacine.fr\\\/\",\"logo\":{\"@type\":\"ImageObject\",\"inLanguage\":\"en-US\",\"@id\":\"https:\\\/\\\/repliquemangacine.fr\\\/#\\\/schema\\\/logo\\\/image\\\/\",\"url\":\"https:\\\/\\\/repliquemangacine.fr\\\/wp-content\\\/uploads\\\/2023\\\/10\\\/RMC-500250.png\",\"contentUrl\":\"https:\\\/\\\/repliquemangacine.fr\\\/wp-content\\\/uploads\\\/2023\\\/10\\\/RMC-500250.png\",\"width\":500,\"height\":250,\"caption\":\"R\u00e9plique Manga Cin\u00e9\"},\"image\":{\"@id\":\"https:\\\/\\\/repliquemangacine.fr\\\/#\\\/schema\\\/logo\\\/image\\\/\"},\"sameAs\":[\"https:\\\/\\\/www.facebook.com\\\/RepliqueMangaCine\",\"https:\\\/\\\/www.instagram.com\\\/repliquemangacine.fr\\\/\"]}]}<\/script>\n<!-- \/ Yoast SEO plugin. -->","yoast_head_json":{"title":"Katana Shusui Luminous (Leds)- One Piece - R\u00e9plique Manga Cin\u00e9","description":"Exclusive ! Luminous Shusui Katana in One piece. On\/off button. Steel and ABS blade with LEDs. Decorated lacquered scabbard. 104 cm","robots":{"index":"index","follow":"follow","max-snippet":"max-snippet:-1","max-image-preview":"max-image-preview:large","max-video-preview":"max-video-preview:-1"},"canonical":"https:\/\/repliquemangacine.fr\/en\/katana-one-piece\/katana-shusui-luminous-one-piece\/","og_locale":"en_US","og_type":"article","og_title":"Katana Shusui Lumineux (Leds)- One Piece - R\u00e9plique Manga Cin\u00e9","og_description":"Exclusivit\u00e9 ! Katana Shusui Lumineux dans One piece. Bouton marche\/arr\u00eat. Lame en acier et en ABS contenant les LEDS. Fourreau Laqu\u00e9 d\u00e9cor\u00e9. 104 cm","og_url":"https:\/\/repliquemangacine.fr\/en\/katana-one-piece\/katana-shusui-luminous-one-piece\/","og_site_name":"R\u00e9plique Manga Cin\u00e9","article_publisher":"https:\/\/www.facebook.com\/RepliqueMangaCine","article_modified_time":"2026-03-31T17:53:57+00:00","og_image":[{"width":500,"height":500,"url":"https:\/\/repliquemangacine.fr\/wp-content\/uploads\/2025\/01\/Katana-Shusui-Lumineux-One-Piece.jpg","type":"image\/jpeg"}],"twitter_card":"summary_large_image","twitter_misc":{"Est. reading time":"3 minutes"},"schema":{"@context":"https:\/\/schema.org","@graph":[{"@type":"WebPage","@id":"https:\/\/repliquemangacine.fr\/katana-one-piece\/katana-shusui-lumineux-one-piece\/","url":"https:\/\/repliquemangacine.fr\/katana-one-piece\/katana-shusui-lumineux-one-piece\/","name":"Katana Shusui Luminous (Leds)- One Piece - R\u00e9plique Manga Cin\u00e9","isPartOf":{"@id":"https:\/\/repliquemangacine.fr\/#website"},"primaryImageOfPage":{"@id":"https:\/\/repliquemangacine.fr\/katana-one-piece\/katana-shusui-lumineux-one-piece\/#primaryimage"},"image":{"@id":"https:\/\/repliquemangacine.fr\/katana-one-piece\/katana-shusui-lumineux-one-piece\/#primaryimage"},"thumbnailUrl":"https:\/\/repliquemangacine.fr\/wp-content\/uploads\/2025\/01\/Katana-Shusui-Lumineux-One-Piece.jpg","datePublished":"2025-01-21T18:00:16+00:00","dateModified":"2026-03-31T17:53:57+00:00","description":"Exclusive ! Luminous Shusui Katana in One piece. On\/off button. Steel and ABS blade with LEDs. Decorated lacquered scabbard. 104 cm","breadcrumb":{"@id":"https:\/\/repliquemangacine.fr\/katana-one-piece\/katana-shusui-lumineux-one-piece\/#breadcrumb"},"inLanguage":"en-US","potentialAction":[{"@type":"ReadAction","target":["https:\/\/repliquemangacine.fr\/katana-one-piece\/katana-shusui-lumineux-one-piece\/"]}]},{"@type":"ImageObject","inLanguage":"en-US","@id":"https:\/\/repliquemangacine.fr\/katana-one-piece\/katana-shusui-lumineux-one-piece\/#primaryimage","url":"https:\/\/repliquemangacine.fr\/wp-content\/uploads\/2025\/01\/Katana-Shusui-Lumineux-One-Piece.jpg","contentUrl":"https:\/\/repliquemangacine.fr\/wp-content\/uploads\/2025\/01\/Katana-Shusui-Lumineux-One-Piece.jpg","width":500,"height":500,"caption":"Katana Shusui Lumineux One Piece"},{"@type":"BreadcrumbList","@id":"https:\/\/repliquemangacine.fr\/katana-one-piece\/katana-shusui-lumineux-one-piece\/#breadcrumb","itemListElement":[{"@type":"ListItem","position":1,"name":"Accueil","item":"https:\/\/repliquemangacine.fr\/"},{"@type":"ListItem","position":2,"name":"Produits","item":"https:\/\/repliquemangacine.fr\/boutique\/"},{"@type":"ListItem","position":3,"name":"Katana Shusui Lumineux (Leds)- One Piece"}]},{"@type":"WebSite","@id":"https:\/\/repliquemangacine.fr\/#website","url":"https:\/\/repliquemangacine.fr\/","name":"R\u00e9plique Manga Cin\u00e9","description":"","publisher":{"@id":"https:\/\/repliquemangacine.fr\/#organization"},"potentialAction":[{"@type":"SearchAction","target":{"@type":"EntryPoint","urlTemplate":"https:\/\/repliquemangacine.fr\/?s={search_term_string}"},"query-input":{"@type":"PropertyValueSpecification","valueRequired":true,"valueName":"search_term_string"}}],"inLanguage":"en-US"},{"@type":"Organization","@id":"https:\/\/repliquemangacine.fr\/#organization","name":"R\u00e9plique Manga Cin\u00e9","url":"https:\/\/repliquemangacine.fr\/","logo":{"@type":"ImageObject","inLanguage":"en-US","@id":"https:\/\/repliquemangacine.fr\/#\/schema\/logo\/image\/","url":"https:\/\/repliquemangacine.fr\/wp-content\/uploads\/2023\/10\/RMC-500250.png","contentUrl":"https:\/\/repliquemangacine.fr\/wp-content\/uploads\/2023\/10\/RMC-500250.png","width":500,"height":250,"caption":"R\u00e9plique Manga Cin\u00e9"},"image":{"@id":"https:\/\/repliquemangacine.fr\/#\/schema\/logo\/image\/"},"sameAs":["https:\/\/www.facebook.com\/RepliqueMangaCine","https:\/\/www.instagram.com\/repliquemangacine.fr\/"]}]}},"_links":{"self":[{"href":"https:\/\/repliquemangacine.fr\/en\/wp-json\/wp\/v2\/product\/81413","targetHints":{"allow":["GET"]}}],"collection":[{"href":"https:\/\/repliquemangacine.fr\/en\/wp-json\/wp\/v2\/product"}],"about":[{"href":"https:\/\/repliquemangacine.fr\/en\/wp-json\/wp\/v2\/types\/product"}],"wp:featuredmedia":[{"embeddable":true,"href":"https:\/\/repliquemangacine.fr\/en\/wp-json\/wp\/v2\/media\/81414"}],"wp:attachment":[{"href":"https:\/\/repliquemangacine.fr\/en\/wp-json\/wp\/v2\/media?parent=81413"}],"wp:term":[{"taxonomy":"product_brand","embeddable":true,"href":"https:\/\/repliquemangacine.fr\/en\/wp-json\/wp\/v2\/product_brand?post=81413"},{"taxonomy":"product_cat","embeddable":true,"href":"https:\/\/repliquemangacine.fr\/en\/wp-json\/wp\/v2\/product_cat?post=81413"},{"taxonomy":"product_tag","embeddable":true,"href":"https:\/\/repliquemangacine.fr\/en\/wp-json\/wp\/v2\/product_tag?post=81413"}],"curies":[{"name":"wp","href":"https:\/\/api.w.org\/{rel}","templated":true}]}}