





{"id":81327,"date":"2025-01-18T19:21:33","date_gmt":"2025-01-18T18:21:33","guid":{"rendered":"https:\/\/repliquemangacine.fr\/?post_type=product&#038;p=81327"},"modified":"2025-11-13T14:44:42","modified_gmt":"2025-11-13T13:44:42","slug":"zelda-twilight-princess-sword-the-legend-of-zelda","status":"publish","type":"product","link":"https:\/\/repliquemangacine.fr\/en\/epee-zelda\/epee-princesse-zelda-twilight-princess-la-legende-de-zelda\/","title":{"rendered":"Princess Zelda Sword - Twilight Princess"},"content":{"rendered":"<h2>The Sword of Princess Zelda - A majestic and refined replica<\/h2>\n<p>First, discover the Princess Zelda Sword, a sumptuous replica inspired by the legendary game The Legend of Zelda: Twilight Princess. This elegant blade perfectly embodies the nobility and power of the ruler of<a href=\"https:\/\/zelda.fandom.com\/fr\/wiki\/Hyrule_(Breath_of_the_Wild)\" target=\"_blank\" rel=\"noopener noreferrer\">Hyrule<\/a>. Making this sword a must-have for collectors and fans of the Zelda universe. Made entirely of fiberglass. It offers a perfect balance between lightness, strength and realism, guaranteeing a comfortable grip and exceptional durability.<\/p>\n<p>With a blade length of 85 cm and an overall length of 116 cm, this replica stands out for its royal allure and meticulous finish. Whether you want to display it, add to your collection or wear it when cosplaying Princess Zelda or a Knight of Hyrule. This sword will instantly transport you into the magical world of the saga. Thanks to its light weight of 715 g, it's as maneuverable as it is impressive, ideal for bringing your adventures to life.<\/p>\n<h2>Meticulous design and high-quality materials<\/h2>\n<p>The Princess Zelda Sword is more than just a replica. It is the result of painstaking work to capture all the grace and majesty of the legendary weapon. Constructed from fiberglass, it offers remarkable strength while remaining lightweight, making it both aesthetically pleasing and practical. Its refined design, inspired by the game Twilight Princess, perfectly evokes the royal aura of Zelda and the legacy of the Triforce.<\/p>\n<p>The details of this blade are finely reproduced, offering total immersion for fans of the franchise. Whether to adorn your collection, accompany a cosplay costume or simply own an exceptional object, this replica will appeal to fans of the Zelda universe as well as enthusiasts of fantasy weapons. Its blend of historical detail and heroic touches makes it a real gem to own.<\/p>\n<h2>Complete your collection with other iconic Zelda and video game weapons<\/h2>\n<p>The Princess Zelda Sword is a unique piece that will enhance your collection, but why stop there? You'll find other iconic weapons from The Legend of Zelda universe, like the indispensable <a href=\"https:\/\/repliquemangacine.fr\/en\/zelda-sword\/master-sword-zelda-sword\/\">Master Sword<\/a>Link's famous sword. Or iconic accessories such as the <a href=\"https:\/\/repliquemangacine.fr\/en\/zelda-sword\/hylia-zelda-shield-hylien-shield\/\">Hylia's shield<\/a>. Immerse yourself in the magic of the saga as you collect Hyrule's most powerful and iconic artifacts.<\/p>\n<p>And if you're passionate about swords from video games. Don't miss our replicas inspired by legendary worlds such as Final Fantasy, Elden Ring, Devil May Cry and many more. Whether you're a collector, cosplay enthusiast or fantasy fan. Our selection offers you high-quality pieces. Faithful to the original designs and designed to capture all the magic of virtual worlds. In conclusion, add the Princess Zelda Sword to your collection and embody the elegance and power of the ruler of Hyrule!<\/p>","protected":false},"excerpt":{"rendered":"<p>Princess Zelda's amazing sword from Twilight Princess.<\/p>\n<p>&nbsp;<\/p>\n<ul>\n<li>All fiberglass<\/li>\n<li>High-quality materials<\/li>\n<li>Combining elegance, lightness and durability.<\/li>\n<li>Ideal for your cosplays&lt;<\/li>\n<\/ul>\n<p>&nbsp;<\/p>\n<ul>\/li&gt;<\/p>\n<li>Blade length: 85 cm - Total length: 116 cm<\/li>\n<li>Weight: 715 g<\/li>\n<\/ul>","protected":false},"featured_media":81329,"template":"","meta":[],"product_brand":[896],"product_cat":[56],"product_tag":[],"class_list":{"0":"post-81327","1":"product","2":"type-product","3":"status-publish","4":"has-post-thumbnail","6":"product_brand-replique-manga-cine","7":"product_cat-epee-zelda","9":"first","10":"instock","11":"taxable","12":"shipping-taxable","13":"purchasable","14":"product-type-simple"},"yoast_head":"<!-- This site is optimized with the Yoast SEO plugin v27.5 - https:\/\/yoast.com\/product\/yoast-seo-wordpress\/ -->\n<title>\u00c9p\u00e9e Princesse Zelda - Twilight Princess - R\u00e9plique Manga Cin\u00e9<\/title>\n<meta name=\"description\" content=\"D\u00e9couvrez l&#039;\u00c9p\u00e9e Princesse Zelda dans le jeu vid\u00e9o Legend of Zelda: Twilight Princess. Tout en fibre de verre. Haute qualit\u00e9. 116 cm\" \/>\n<meta name=\"robots\" content=\"index, follow, max-snippet:-1, max-image-preview:large, max-video-preview:-1\" \/>\n<link rel=\"canonical\" href=\"https:\/\/repliquemangacine.fr\/en\/zelda-sword\/zelda-twilight-princess-sword-the-legend-of-zelda\/\" \/>\n<meta property=\"og:locale\" content=\"en_US\" \/>\n<meta property=\"og:type\" content=\"article\" \/>\n<meta property=\"og:title\" content=\"\u00c9p\u00e9e Princesse Zelda - Twilight Princess - R\u00e9plique Manga Cin\u00e9\" \/>\n<meta property=\"og:description\" content=\"D\u00e9couvrez l&#039;\u00c9p\u00e9e Princesse Zelda dans le jeu vid\u00e9o Legend of Zelda: Twilight Princess. Tout en fibre de verre. Haute qualit\u00e9. 116 cm\" \/>\n<meta property=\"og:url\" content=\"https:\/\/repliquemangacine.fr\/en\/zelda-sword\/zelda-twilight-princess-sword-the-legend-of-zelda\/\" \/>\n<meta property=\"og:site_name\" content=\"R\u00e9plique Manga Cin\u00e9\" \/>\n<meta property=\"article:publisher\" content=\"https:\/\/www.facebook.com\/RepliqueMangaCine\" \/>\n<meta property=\"article:modified_time\" content=\"2025-11-13T13:44:42+00:00\" \/>\n<meta property=\"og:image\" content=\"https:\/\/repliquemangacine.fr\/wp-content\/uploads\/2025\/01\/Epee-Princesse-Zelda-Twilight-Princess.jpg\" \/>\n\t<meta property=\"og:image:width\" content=\"500\" \/>\n\t<meta property=\"og:image:height\" content=\"500\" \/>\n\t<meta property=\"og:image:type\" content=\"image\/jpeg\" \/>\n<meta name=\"twitter:card\" content=\"summary_large_image\" \/>\n<meta name=\"twitter:label1\" content=\"Est. reading time\" \/>\n\t<meta name=\"twitter:data1\" content=\"3 minutes\" \/>\n<script type=\"application\/ld+json\" class=\"yoast-schema-graph\">{\"@context\":\"https:\\\/\\\/schema.org\",\"@graph\":[{\"@type\":\"WebPage\",\"@id\":\"https:\\\/\\\/repliquemangacine.fr\\\/epee-zelda\\\/epee-princesse-zelda-twilight-princess-la-legende-de-zelda\\\/\",\"url\":\"https:\\\/\\\/repliquemangacine.fr\\\/epee-zelda\\\/epee-princesse-zelda-twilight-princess-la-legende-de-zelda\\\/\",\"name\":\"\u00c9p\u00e9e Princesse Zelda - Twilight Princess - R\u00e9plique Manga Cin\u00e9\",\"isPartOf\":{\"@id\":\"https:\\\/\\\/repliquemangacine.fr\\\/#website\"},\"primaryImageOfPage\":{\"@id\":\"https:\\\/\\\/repliquemangacine.fr\\\/epee-zelda\\\/epee-princesse-zelda-twilight-princess-la-legende-de-zelda\\\/#primaryimage\"},\"image\":{\"@id\":\"https:\\\/\\\/repliquemangacine.fr\\\/epee-zelda\\\/epee-princesse-zelda-twilight-princess-la-legende-de-zelda\\\/#primaryimage\"},\"thumbnailUrl\":\"https:\\\/\\\/repliquemangacine.fr\\\/wp-content\\\/uploads\\\/2025\\\/01\\\/Epee-Princesse-Zelda-Twilight-Princess.jpg\",\"datePublished\":\"2025-01-18T18:21:33+00:00\",\"dateModified\":\"2025-11-13T13:44:42+00:00\",\"description\":\"D\u00e9couvrez l'\u00c9p\u00e9e Princesse Zelda dans le jeu vid\u00e9o Legend of Zelda: Twilight Princess. Tout en fibre de verre. Haute qualit\u00e9. 116 cm\",\"breadcrumb\":{\"@id\":\"https:\\\/\\\/repliquemangacine.fr\\\/epee-zelda\\\/epee-princesse-zelda-twilight-princess-la-legende-de-zelda\\\/#breadcrumb\"},\"inLanguage\":\"en-US\",\"potentialAction\":[{\"@type\":\"ReadAction\",\"target\":[\"https:\\\/\\\/repliquemangacine.fr\\\/epee-zelda\\\/epee-princesse-zelda-twilight-princess-la-legende-de-zelda\\\/\"]}]},{\"@type\":\"ImageObject\",\"inLanguage\":\"en-US\",\"@id\":\"https:\\\/\\\/repliquemangacine.fr\\\/epee-zelda\\\/epee-princesse-zelda-twilight-princess-la-legende-de-zelda\\\/#primaryimage\",\"url\":\"https:\\\/\\\/repliquemangacine.fr\\\/wp-content\\\/uploads\\\/2025\\\/01\\\/Epee-Princesse-Zelda-Twilight-Princess.jpg\",\"contentUrl\":\"https:\\\/\\\/repliquemangacine.fr\\\/wp-content\\\/uploads\\\/2025\\\/01\\\/Epee-Princesse-Zelda-Twilight-Princess.jpg\",\"width\":500,\"height\":500,\"caption\":\"\u00c9p\u00e9e-Princesse-Zelda-Twilight-Princess\"},{\"@type\":\"BreadcrumbList\",\"@id\":\"https:\\\/\\\/repliquemangacine.fr\\\/epee-zelda\\\/epee-princesse-zelda-twilight-princess-la-legende-de-zelda\\\/#breadcrumb\",\"itemListElement\":[{\"@type\":\"ListItem\",\"position\":1,\"name\":\"Accueil\",\"item\":\"https:\\\/\\\/repliquemangacine.fr\\\/\"},{\"@type\":\"ListItem\",\"position\":2,\"name\":\"Produits\",\"item\":\"https:\\\/\\\/repliquemangacine.fr\\\/boutique\\\/\"},{\"@type\":\"ListItem\",\"position\":3,\"name\":\"\u00c9p\u00e9e Princesse Zelda &#8211; Twilight Princess\"}]},{\"@type\":\"WebSite\",\"@id\":\"https:\\\/\\\/repliquemangacine.fr\\\/#website\",\"url\":\"https:\\\/\\\/repliquemangacine.fr\\\/\",\"name\":\"R\u00e9plique Manga Cin\u00e9\",\"description\":\"\",\"publisher\":{\"@id\":\"https:\\\/\\\/repliquemangacine.fr\\\/#organization\"},\"potentialAction\":[{\"@type\":\"SearchAction\",\"target\":{\"@type\":\"EntryPoint\",\"urlTemplate\":\"https:\\\/\\\/repliquemangacine.fr\\\/?s={search_term_string}\"},\"query-input\":{\"@type\":\"PropertyValueSpecification\",\"valueRequired\":true,\"valueName\":\"search_term_string\"}}],\"inLanguage\":\"en-US\"},{\"@type\":\"Organization\",\"@id\":\"https:\\\/\\\/repliquemangacine.fr\\\/#organization\",\"name\":\"R\u00e9plique Manga Cin\u00e9\",\"url\":\"https:\\\/\\\/repliquemangacine.fr\\\/\",\"logo\":{\"@type\":\"ImageObject\",\"inLanguage\":\"en-US\",\"@id\":\"https:\\\/\\\/repliquemangacine.fr\\\/#\\\/schema\\\/logo\\\/image\\\/\",\"url\":\"https:\\\/\\\/repliquemangacine.fr\\\/wp-content\\\/uploads\\\/2023\\\/10\\\/RMC-500250.png\",\"contentUrl\":\"https:\\\/\\\/repliquemangacine.fr\\\/wp-content\\\/uploads\\\/2023\\\/10\\\/RMC-500250.png\",\"width\":500,\"height\":250,\"caption\":\"R\u00e9plique Manga Cin\u00e9\"},\"image\":{\"@id\":\"https:\\\/\\\/repliquemangacine.fr\\\/#\\\/schema\\\/logo\\\/image\\\/\"},\"sameAs\":[\"https:\\\/\\\/www.facebook.com\\\/RepliqueMangaCine\",\"https:\\\/\\\/www.instagram.com\\\/repliquemangacine.fr\\\/\"]}]}<\/script>\n<!-- \/ Yoast SEO plugin. -->","yoast_head_json":{"title":"Princess Zelda Sword - Twilight Princess - R\u00e9plique Manga Cin\u00e9","description":"Discover the Zelda Princess Sword in the video game Legend of Zelda: Twilight Princess. All fiberglass. High quality. 116 cm","robots":{"index":"index","follow":"follow","max-snippet":"max-snippet:-1","max-image-preview":"max-image-preview:large","max-video-preview":"max-video-preview:-1"},"canonical":"https:\/\/repliquemangacine.fr\/en\/zelda-sword\/zelda-twilight-princess-sword-the-legend-of-zelda\/","og_locale":"en_US","og_type":"article","og_title":"\u00c9p\u00e9e Princesse Zelda - Twilight Princess - R\u00e9plique Manga Cin\u00e9","og_description":"D\u00e9couvrez l'\u00c9p\u00e9e Princesse Zelda dans le jeu vid\u00e9o Legend of Zelda: Twilight Princess. Tout en fibre de verre. Haute qualit\u00e9. 116 cm","og_url":"https:\/\/repliquemangacine.fr\/en\/zelda-sword\/zelda-twilight-princess-sword-the-legend-of-zelda\/","og_site_name":"R\u00e9plique Manga Cin\u00e9","article_publisher":"https:\/\/www.facebook.com\/RepliqueMangaCine","article_modified_time":"2025-11-13T13:44:42+00:00","og_image":[{"width":500,"height":500,"url":"https:\/\/repliquemangacine.fr\/wp-content\/uploads\/2025\/01\/Epee-Princesse-Zelda-Twilight-Princess.jpg","type":"image\/jpeg"}],"twitter_card":"summary_large_image","twitter_misc":{"Est. reading time":"3 minutes"},"schema":{"@context":"https:\/\/schema.org","@graph":[{"@type":"WebPage","@id":"https:\/\/repliquemangacine.fr\/epee-zelda\/epee-princesse-zelda-twilight-princess-la-legende-de-zelda\/","url":"https:\/\/repliquemangacine.fr\/epee-zelda\/epee-princesse-zelda-twilight-princess-la-legende-de-zelda\/","name":"Princess Zelda Sword - Twilight Princess - R\u00e9plique Manga Cin\u00e9","isPartOf":{"@id":"https:\/\/repliquemangacine.fr\/#website"},"primaryImageOfPage":{"@id":"https:\/\/repliquemangacine.fr\/epee-zelda\/epee-princesse-zelda-twilight-princess-la-legende-de-zelda\/#primaryimage"},"image":{"@id":"https:\/\/repliquemangacine.fr\/epee-zelda\/epee-princesse-zelda-twilight-princess-la-legende-de-zelda\/#primaryimage"},"thumbnailUrl":"https:\/\/repliquemangacine.fr\/wp-content\/uploads\/2025\/01\/Epee-Princesse-Zelda-Twilight-Princess.jpg","datePublished":"2025-01-18T18:21:33+00:00","dateModified":"2025-11-13T13:44:42+00:00","description":"Discover the Zelda Princess Sword in the video game Legend of Zelda: Twilight Princess. All fiberglass. High quality. 116 cm","breadcrumb":{"@id":"https:\/\/repliquemangacine.fr\/epee-zelda\/epee-princesse-zelda-twilight-princess-la-legende-de-zelda\/#breadcrumb"},"inLanguage":"en-US","potentialAction":[{"@type":"ReadAction","target":["https:\/\/repliquemangacine.fr\/epee-zelda\/epee-princesse-zelda-twilight-princess-la-legende-de-zelda\/"]}]},{"@type":"ImageObject","inLanguage":"en-US","@id":"https:\/\/repliquemangacine.fr\/epee-zelda\/epee-princesse-zelda-twilight-princess-la-legende-de-zelda\/#primaryimage","url":"https:\/\/repliquemangacine.fr\/wp-content\/uploads\/2025\/01\/Epee-Princesse-Zelda-Twilight-Princess.jpg","contentUrl":"https:\/\/repliquemangacine.fr\/wp-content\/uploads\/2025\/01\/Epee-Princesse-Zelda-Twilight-Princess.jpg","width":500,"height":500,"caption":"\u00c9p\u00e9e-Princesse-Zelda-Twilight-Princess"},{"@type":"BreadcrumbList","@id":"https:\/\/repliquemangacine.fr\/epee-zelda\/epee-princesse-zelda-twilight-princess-la-legende-de-zelda\/#breadcrumb","itemListElement":[{"@type":"ListItem","position":1,"name":"Accueil","item":"https:\/\/repliquemangacine.fr\/"},{"@type":"ListItem","position":2,"name":"Produits","item":"https:\/\/repliquemangacine.fr\/boutique\/"},{"@type":"ListItem","position":3,"name":"\u00c9p\u00e9e Princesse Zelda &#8211; Twilight Princess"}]},{"@type":"WebSite","@id":"https:\/\/repliquemangacine.fr\/#website","url":"https:\/\/repliquemangacine.fr\/","name":"R\u00e9plique Manga Cin\u00e9","description":"","publisher":{"@id":"https:\/\/repliquemangacine.fr\/#organization"},"potentialAction":[{"@type":"SearchAction","target":{"@type":"EntryPoint","urlTemplate":"https:\/\/repliquemangacine.fr\/?s={search_term_string}"},"query-input":{"@type":"PropertyValueSpecification","valueRequired":true,"valueName":"search_term_string"}}],"inLanguage":"en-US"},{"@type":"Organization","@id":"https:\/\/repliquemangacine.fr\/#organization","name":"R\u00e9plique Manga Cin\u00e9","url":"https:\/\/repliquemangacine.fr\/","logo":{"@type":"ImageObject","inLanguage":"en-US","@id":"https:\/\/repliquemangacine.fr\/#\/schema\/logo\/image\/","url":"https:\/\/repliquemangacine.fr\/wp-content\/uploads\/2023\/10\/RMC-500250.png","contentUrl":"https:\/\/repliquemangacine.fr\/wp-content\/uploads\/2023\/10\/RMC-500250.png","width":500,"height":250,"caption":"R\u00e9plique Manga Cin\u00e9"},"image":{"@id":"https:\/\/repliquemangacine.fr\/#\/schema\/logo\/image\/"},"sameAs":["https:\/\/www.facebook.com\/RepliqueMangaCine","https:\/\/www.instagram.com\/repliquemangacine.fr\/"]}]}},"_links":{"self":[{"href":"https:\/\/repliquemangacine.fr\/en\/wp-json\/wp\/v2\/product\/81327","targetHints":{"allow":["GET"]}}],"collection":[{"href":"https:\/\/repliquemangacine.fr\/en\/wp-json\/wp\/v2\/product"}],"about":[{"href":"https:\/\/repliquemangacine.fr\/en\/wp-json\/wp\/v2\/types\/product"}],"wp:featuredmedia":[{"embeddable":true,"href":"https:\/\/repliquemangacine.fr\/en\/wp-json\/wp\/v2\/media\/81329"}],"wp:attachment":[{"href":"https:\/\/repliquemangacine.fr\/en\/wp-json\/wp\/v2\/media?parent=81327"}],"wp:term":[{"taxonomy":"product_brand","embeddable":true,"href":"https:\/\/repliquemangacine.fr\/en\/wp-json\/wp\/v2\/product_brand?post=81327"},{"taxonomy":"product_cat","embeddable":true,"href":"https:\/\/repliquemangacine.fr\/en\/wp-json\/wp\/v2\/product_cat?post=81327"},{"taxonomy":"product_tag","embeddable":true,"href":"https:\/\/repliquemangacine.fr\/en\/wp-json\/wp\/v2\/product_tag?post=81327"}],"curies":[{"name":"wp","href":"https:\/\/api.w.org\/{rel}","templated":true}]}}