





{"id":81322,"date":"2025-01-18T19:08:36","date_gmt":"2025-01-18T18:08:36","guid":{"rendered":"https:\/\/repliquemangacine.fr\/?post_type=product&#038;p=81322"},"modified":"2026-04-15T12:24:11","modified_gmt":"2026-04-15T10:24:11","slug":"daedric-dagger-in-elder-scrolls-v-skyrim","status":"publish","type":"product","link":"https:\/\/repliquemangacine.fr\/en\/katana-et-epee-de-jeux-video-autre-jeux-video\/dague-daedric-dans-elder-scrolls-v-skyrim\/","title":{"rendered":"Daedric dagger in Elder Scrolls V: Skyrim"},"content":{"rendered":"<h2>Daedric Dagger - Skyrim's mythical weapon now available as a replica<\/h2>\n<p>Immerse yourself in the epic world of <a href=\"https:\/\/elderscrolls.fandom.com\/fr\/wiki\/The_Elder_Scrolls_V:_Skyrim\" target=\"_blank\" rel=\"noopener noreferrer\">The Elder Scrolls V: Skyrim<\/a> with this replica of the Daedric Dagger. An iconic weapon prized by warriors and assassins in the game. Forged with a formidable design and an aged finish. This dagger embodies all the darkness and power of Daedric artifacts.<\/p>\n<p>With its 44 cm serrated blade, aged steel finish, and meticulous details. Its handle, covered in decorated black cotton thread, ensures a comfortable grip and a mystical appearance. To complete this replica, a small blade is located at the end of the handle, accentuating the evil aura of this legendary weapon. Delivered with a decorated wooden wall mount, this dagger will take pride of place among your finest collectibles.<\/p>\n<h2>A design faithful to Skyrim's daedric artifacts<\/h2>\n<p>Directly inspired by the cursed weapons in the game. The Daedric Dagger incorporates every detail that makes it so unique in the world of Skyrim. Its aged, serrated blade, seemingly forged by the dark forces of the Daedra, reinforces its mystical and ruthless appearance. With a total length of 60.5 cm, it commands a certain charisma while remaining easy to handle.<\/p>\n<p>Cosplay and collectibles enthusiasts will love the quality craftsmanship and faithful design. Its decorative wooden wall mount provides an elegant display, ideal for showcasing this prestigious replica. Whether you're a die-hard Skyrim fan or a passionate collector, this dagger will add an epic and dark touch to your world.<\/p>\n<p>So don't miss out on this must-have item and equip yourself like a true champion of Tamriel!<\/p>\n<h2>A collection of legendary weapons for true enthusiasts<\/h2>\n<p>If you're fascinated by Skyrim's Daedric Dagger, you'll be delighted to discover other equally mythical replicas available on our site. Immerse yourself in the world of Devil May Cry with the incredible <a href=\"https:\/\/repliquemangacine.fr\/en\/katana-and-video-game-sword-other-video-games\/epee-du-diable-de-dante-devil-my-cry\/\">Dante's Devil's Sword<\/a>. A weapon as majestic as it is fearsome, embodying all the power of Sparda's son. If you're a fan of dark, bewitching worlds, the<a href=\"https:\/\/repliquemangacine.fr\/en\/katana-and-video-game-sword-other-video-games\/epee-dark-moon-greatsword-elden-ring\/\">Dark Moon Greatsword by Elden Ring<\/a> will take you straight to the heart of the Forbidden Lands, while the <a href=\"https:\/\/repliquemangacine.fr\/en\/katana-and-video-game-sword-other-video-games\/holy-moonlight-bloodborne-sword\/\">Holy Moonlight Sword from Bloodborne<\/a> will delight hunters in search of a legendary artifact.<\/p>\n<p>Our catalog is packed with iconic replicas from the greatest video games and fantasy sagas, ranging from light-up katanas inspired by One Piece to iconic blades from The Witcher, Zelda, Final Fantasy, and much more. Each piece is designed with exceptional attention to detail, ideal for collectors, cosplayers, and fans of legendary weapons. Explore our selection and find the weapon that will complete your collection!<\/p>","protected":false},"excerpt":{"rendered":"<p>Superb replica of the Daedric Dagger in the video game The Elder Scrolls V: Skyrim.<\/p>\n<ul>\n<li>All in aged steel<\/li>\n<li>Handle covered with decorated black cotton thread<\/li>\n<li>At the end of the handle is a small blade.<\/li>\n<li>Specific blade shape, aged and serrated<\/li>\n<li>Supplied with decorated wooden wall bracket.<\/li>\n<li>Blade length: 44 cm - Total length: 60.5 cm<\/li>\n<li>Weight: 1310 g<\/li>\n<\/ul>","protected":false},"featured_media":81323,"template":"","meta":[],"product_brand":[896],"product_cat":[67],"product_tag":[],"class_list":{"0":"post-81322","1":"product","2":"type-product","3":"status-publish","4":"has-post-thumbnail","6":"product_brand-replique-manga-cine","7":"product_cat-katana-et-epee-de-jeux-video-autre-jeux-video","9":"first","10":"instock","11":"taxable","12":"shipping-taxable","13":"purchasable","14":"product-type-simple"},"yoast_head":"<!-- This site is optimized with the Yoast SEO plugin v27.5 - https:\/\/yoast.com\/product\/yoast-seo-wordpress\/ -->\n<title>Dague Daedric dans Elder Scrolls V : Skyrim - R\u00e9plique Manga Cin\u00e9<\/title>\n<meta name=\"description\" content=\"Superbe dague Daedric dans le jeu vid\u00e9o The Elder Scrolls V: Skyrim. Tout en acier vieilli. Lame dentel\u00e9e de 44 cm. Support plaque en bois. 60.5 cm\" \/>\n<meta name=\"robots\" content=\"index, follow, max-snippet:-1, max-image-preview:large, max-video-preview:-1\" \/>\n<link rel=\"canonical\" href=\"https:\/\/repliquemangacine.fr\/en\/katana-and-video-game-sword-other-video-games\/daedric-dagger-in-elder-scrolls-v-skyrim\/\" \/>\n<meta property=\"og:locale\" content=\"en_US\" \/>\n<meta property=\"og:type\" content=\"article\" \/>\n<meta property=\"og:title\" content=\"Dague Daedric dans Elder Scrolls V : Skyrim - R\u00e9plique Manga Cin\u00e9\" \/>\n<meta property=\"og:description\" content=\"Superbe dague Daedric dans le jeu vid\u00e9o The Elder Scrolls V: Skyrim. Tout en acier vieilli. Lame dentel\u00e9e de 44 cm. Support plaque en bois. 60.5 cm\" \/>\n<meta property=\"og:url\" content=\"https:\/\/repliquemangacine.fr\/en\/katana-and-video-game-sword-other-video-games\/daedric-dagger-in-elder-scrolls-v-skyrim\/\" \/>\n<meta property=\"og:site_name\" content=\"R\u00e9plique Manga Cin\u00e9\" \/>\n<meta property=\"article:publisher\" content=\"https:\/\/www.facebook.com\/RepliqueMangaCine\" \/>\n<meta property=\"article:modified_time\" content=\"2026-04-15T10:24:11+00:00\" \/>\n<meta property=\"og:image\" content=\"https:\/\/repliquemangacine.fr\/wp-content\/uploads\/2025\/01\/Dague-Daedric-dans-Elder-Scrolls-V.jpg\" \/>\n\t<meta property=\"og:image:width\" content=\"500\" \/>\n\t<meta property=\"og:image:height\" content=\"500\" \/>\n\t<meta property=\"og:image:type\" content=\"image\/jpeg\" \/>\n<meta name=\"twitter:card\" content=\"summary_large_image\" \/>\n<meta name=\"twitter:label1\" content=\"Est. reading time\" \/>\n\t<meta name=\"twitter:data1\" content=\"3 minutes\" \/>\n<script type=\"application\/ld+json\" class=\"yoast-schema-graph\">{\"@context\":\"https:\\\/\\\/schema.org\",\"@graph\":[{\"@type\":\"WebPage\",\"@id\":\"https:\\\/\\\/repliquemangacine.fr\\\/katana-et-epee-de-jeux-video-autre-jeux-video\\\/dague-daedric-dans-elder-scrolls-v-skyrim\\\/\",\"url\":\"https:\\\/\\\/repliquemangacine.fr\\\/katana-et-epee-de-jeux-video-autre-jeux-video\\\/dague-daedric-dans-elder-scrolls-v-skyrim\\\/\",\"name\":\"Dague Daedric dans Elder Scrolls V : Skyrim - R\u00e9plique Manga Cin\u00e9\",\"isPartOf\":{\"@id\":\"https:\\\/\\\/repliquemangacine.fr\\\/#website\"},\"primaryImageOfPage\":{\"@id\":\"https:\\\/\\\/repliquemangacine.fr\\\/katana-et-epee-de-jeux-video-autre-jeux-video\\\/dague-daedric-dans-elder-scrolls-v-skyrim\\\/#primaryimage\"},\"image\":{\"@id\":\"https:\\\/\\\/repliquemangacine.fr\\\/katana-et-epee-de-jeux-video-autre-jeux-video\\\/dague-daedric-dans-elder-scrolls-v-skyrim\\\/#primaryimage\"},\"thumbnailUrl\":\"https:\\\/\\\/repliquemangacine.fr\\\/wp-content\\\/uploads\\\/2025\\\/01\\\/Dague-Daedric-dans-Elder-Scrolls-V.jpg\",\"datePublished\":\"2025-01-18T18:08:36+00:00\",\"dateModified\":\"2026-04-15T10:24:11+00:00\",\"description\":\"Superbe dague Daedric dans le jeu vid\u00e9o The Elder Scrolls V: Skyrim. Tout en acier vieilli. Lame dentel\u00e9e de 44 cm. Support plaque en bois. 60.5 cm\",\"breadcrumb\":{\"@id\":\"https:\\\/\\\/repliquemangacine.fr\\\/katana-et-epee-de-jeux-video-autre-jeux-video\\\/dague-daedric-dans-elder-scrolls-v-skyrim\\\/#breadcrumb\"},\"inLanguage\":\"en-US\",\"potentialAction\":[{\"@type\":\"ReadAction\",\"target\":[\"https:\\\/\\\/repliquemangacine.fr\\\/katana-et-epee-de-jeux-video-autre-jeux-video\\\/dague-daedric-dans-elder-scrolls-v-skyrim\\\/\"]}]},{\"@type\":\"ImageObject\",\"inLanguage\":\"en-US\",\"@id\":\"https:\\\/\\\/repliquemangacine.fr\\\/katana-et-epee-de-jeux-video-autre-jeux-video\\\/dague-daedric-dans-elder-scrolls-v-skyrim\\\/#primaryimage\",\"url\":\"https:\\\/\\\/repliquemangacine.fr\\\/wp-content\\\/uploads\\\/2025\\\/01\\\/Dague-Daedric-dans-Elder-Scrolls-V.jpg\",\"contentUrl\":\"https:\\\/\\\/repliquemangacine.fr\\\/wp-content\\\/uploads\\\/2025\\\/01\\\/Dague-Daedric-dans-Elder-Scrolls-V.jpg\",\"width\":500,\"height\":500,\"caption\":\"Dague-Daedric-dans-Elder-Scrolls-V : Skyrim\"},{\"@type\":\"BreadcrumbList\",\"@id\":\"https:\\\/\\\/repliquemangacine.fr\\\/katana-et-epee-de-jeux-video-autre-jeux-video\\\/dague-daedric-dans-elder-scrolls-v-skyrim\\\/#breadcrumb\",\"itemListElement\":[{\"@type\":\"ListItem\",\"position\":1,\"name\":\"Accueil\",\"item\":\"https:\\\/\\\/repliquemangacine.fr\\\/\"},{\"@type\":\"ListItem\",\"position\":2,\"name\":\"Produits\",\"item\":\"https:\\\/\\\/repliquemangacine.fr\\\/boutique\\\/\"},{\"@type\":\"ListItem\",\"position\":3,\"name\":\"Dague Daedric dans Elder Scrolls V : Skyrim\"}]},{\"@type\":\"WebSite\",\"@id\":\"https:\\\/\\\/repliquemangacine.fr\\\/#website\",\"url\":\"https:\\\/\\\/repliquemangacine.fr\\\/\",\"name\":\"R\u00e9plique Manga Cin\u00e9\",\"description\":\"\",\"publisher\":{\"@id\":\"https:\\\/\\\/repliquemangacine.fr\\\/#organization\"},\"potentialAction\":[{\"@type\":\"SearchAction\",\"target\":{\"@type\":\"EntryPoint\",\"urlTemplate\":\"https:\\\/\\\/repliquemangacine.fr\\\/?s={search_term_string}\"},\"query-input\":{\"@type\":\"PropertyValueSpecification\",\"valueRequired\":true,\"valueName\":\"search_term_string\"}}],\"inLanguage\":\"en-US\"},{\"@type\":\"Organization\",\"@id\":\"https:\\\/\\\/repliquemangacine.fr\\\/#organization\",\"name\":\"R\u00e9plique Manga Cin\u00e9\",\"url\":\"https:\\\/\\\/repliquemangacine.fr\\\/\",\"logo\":{\"@type\":\"ImageObject\",\"inLanguage\":\"en-US\",\"@id\":\"https:\\\/\\\/repliquemangacine.fr\\\/#\\\/schema\\\/logo\\\/image\\\/\",\"url\":\"https:\\\/\\\/repliquemangacine.fr\\\/wp-content\\\/uploads\\\/2023\\\/10\\\/RMC-500250.png\",\"contentUrl\":\"https:\\\/\\\/repliquemangacine.fr\\\/wp-content\\\/uploads\\\/2023\\\/10\\\/RMC-500250.png\",\"width\":500,\"height\":250,\"caption\":\"R\u00e9plique Manga Cin\u00e9\"},\"image\":{\"@id\":\"https:\\\/\\\/repliquemangacine.fr\\\/#\\\/schema\\\/logo\\\/image\\\/\"},\"sameAs\":[\"https:\\\/\\\/www.facebook.com\\\/RepliqueMangaCine\",\"https:\\\/\\\/www.instagram.com\\\/repliquemangacine.fr\\\/\"]}]}<\/script>\n<!-- \/ Yoast SEO plugin. -->","yoast_head_json":{"title":"Daedric dagger in Elder Scrolls V: Skyrim - R\u00e9plique Manga Cin\u00e9","description":"Superb Daedric dagger from the video game The Elder Scrolls V: Skyrim. All in aged steel. 44 cm serrated blade. Wooden plate stand. 60.5 cm","robots":{"index":"index","follow":"follow","max-snippet":"max-snippet:-1","max-image-preview":"max-image-preview:large","max-video-preview":"max-video-preview:-1"},"canonical":"https:\/\/repliquemangacine.fr\/en\/katana-and-video-game-sword-other-video-games\/daedric-dagger-in-elder-scrolls-v-skyrim\/","og_locale":"en_US","og_type":"article","og_title":"Dague Daedric dans Elder Scrolls V : Skyrim - R\u00e9plique Manga Cin\u00e9","og_description":"Superbe dague Daedric dans le jeu vid\u00e9o The Elder Scrolls V: Skyrim. Tout en acier vieilli. Lame dentel\u00e9e de 44 cm. Support plaque en bois. 60.5 cm","og_url":"https:\/\/repliquemangacine.fr\/en\/katana-and-video-game-sword-other-video-games\/daedric-dagger-in-elder-scrolls-v-skyrim\/","og_site_name":"R\u00e9plique Manga Cin\u00e9","article_publisher":"https:\/\/www.facebook.com\/RepliqueMangaCine","article_modified_time":"2026-04-15T10:24:11+00:00","og_image":[{"width":500,"height":500,"url":"https:\/\/repliquemangacine.fr\/wp-content\/uploads\/2025\/01\/Dague-Daedric-dans-Elder-Scrolls-V.jpg","type":"image\/jpeg"}],"twitter_card":"summary_large_image","twitter_misc":{"Est. reading time":"3 minutes"},"schema":{"@context":"https:\/\/schema.org","@graph":[{"@type":"WebPage","@id":"https:\/\/repliquemangacine.fr\/katana-et-epee-de-jeux-video-autre-jeux-video\/dague-daedric-dans-elder-scrolls-v-skyrim\/","url":"https:\/\/repliquemangacine.fr\/katana-et-epee-de-jeux-video-autre-jeux-video\/dague-daedric-dans-elder-scrolls-v-skyrim\/","name":"Daedric dagger in Elder Scrolls V: Skyrim - R\u00e9plique Manga Cin\u00e9","isPartOf":{"@id":"https:\/\/repliquemangacine.fr\/#website"},"primaryImageOfPage":{"@id":"https:\/\/repliquemangacine.fr\/katana-et-epee-de-jeux-video-autre-jeux-video\/dague-daedric-dans-elder-scrolls-v-skyrim\/#primaryimage"},"image":{"@id":"https:\/\/repliquemangacine.fr\/katana-et-epee-de-jeux-video-autre-jeux-video\/dague-daedric-dans-elder-scrolls-v-skyrim\/#primaryimage"},"thumbnailUrl":"https:\/\/repliquemangacine.fr\/wp-content\/uploads\/2025\/01\/Dague-Daedric-dans-Elder-Scrolls-V.jpg","datePublished":"2025-01-18T18:08:36+00:00","dateModified":"2026-04-15T10:24:11+00:00","description":"Superb Daedric dagger from the video game The Elder Scrolls V: Skyrim. All in aged steel. 44 cm serrated blade. Wooden plate stand. 60.5 cm","breadcrumb":{"@id":"https:\/\/repliquemangacine.fr\/katana-et-epee-de-jeux-video-autre-jeux-video\/dague-daedric-dans-elder-scrolls-v-skyrim\/#breadcrumb"},"inLanguage":"en-US","potentialAction":[{"@type":"ReadAction","target":["https:\/\/repliquemangacine.fr\/katana-et-epee-de-jeux-video-autre-jeux-video\/dague-daedric-dans-elder-scrolls-v-skyrim\/"]}]},{"@type":"ImageObject","inLanguage":"en-US","@id":"https:\/\/repliquemangacine.fr\/katana-et-epee-de-jeux-video-autre-jeux-video\/dague-daedric-dans-elder-scrolls-v-skyrim\/#primaryimage","url":"https:\/\/repliquemangacine.fr\/wp-content\/uploads\/2025\/01\/Dague-Daedric-dans-Elder-Scrolls-V.jpg","contentUrl":"https:\/\/repliquemangacine.fr\/wp-content\/uploads\/2025\/01\/Dague-Daedric-dans-Elder-Scrolls-V.jpg","width":500,"height":500,"caption":"Dague-Daedric-dans-Elder-Scrolls-V : Skyrim"},{"@type":"BreadcrumbList","@id":"https:\/\/repliquemangacine.fr\/katana-et-epee-de-jeux-video-autre-jeux-video\/dague-daedric-dans-elder-scrolls-v-skyrim\/#breadcrumb","itemListElement":[{"@type":"ListItem","position":1,"name":"Accueil","item":"https:\/\/repliquemangacine.fr\/"},{"@type":"ListItem","position":2,"name":"Produits","item":"https:\/\/repliquemangacine.fr\/boutique\/"},{"@type":"ListItem","position":3,"name":"Dague Daedric dans Elder Scrolls V : Skyrim"}]},{"@type":"WebSite","@id":"https:\/\/repliquemangacine.fr\/#website","url":"https:\/\/repliquemangacine.fr\/","name":"R\u00e9plique Manga Cin\u00e9","description":"","publisher":{"@id":"https:\/\/repliquemangacine.fr\/#organization"},"potentialAction":[{"@type":"SearchAction","target":{"@type":"EntryPoint","urlTemplate":"https:\/\/repliquemangacine.fr\/?s={search_term_string}"},"query-input":{"@type":"PropertyValueSpecification","valueRequired":true,"valueName":"search_term_string"}}],"inLanguage":"en-US"},{"@type":"Organization","@id":"https:\/\/repliquemangacine.fr\/#organization","name":"R\u00e9plique Manga Cin\u00e9","url":"https:\/\/repliquemangacine.fr\/","logo":{"@type":"ImageObject","inLanguage":"en-US","@id":"https:\/\/repliquemangacine.fr\/#\/schema\/logo\/image\/","url":"https:\/\/repliquemangacine.fr\/wp-content\/uploads\/2023\/10\/RMC-500250.png","contentUrl":"https:\/\/repliquemangacine.fr\/wp-content\/uploads\/2023\/10\/RMC-500250.png","width":500,"height":250,"caption":"R\u00e9plique Manga Cin\u00e9"},"image":{"@id":"https:\/\/repliquemangacine.fr\/#\/schema\/logo\/image\/"},"sameAs":["https:\/\/www.facebook.com\/RepliqueMangaCine","https:\/\/www.instagram.com\/repliquemangacine.fr\/"]}]}},"_links":{"self":[{"href":"https:\/\/repliquemangacine.fr\/en\/wp-json\/wp\/v2\/product\/81322","targetHints":{"allow":["GET"]}}],"collection":[{"href":"https:\/\/repliquemangacine.fr\/en\/wp-json\/wp\/v2\/product"}],"about":[{"href":"https:\/\/repliquemangacine.fr\/en\/wp-json\/wp\/v2\/types\/product"}],"wp:featuredmedia":[{"embeddable":true,"href":"https:\/\/repliquemangacine.fr\/en\/wp-json\/wp\/v2\/media\/81323"}],"wp:attachment":[{"href":"https:\/\/repliquemangacine.fr\/en\/wp-json\/wp\/v2\/media?parent=81322"}],"wp:term":[{"taxonomy":"product_brand","embeddable":true,"href":"https:\/\/repliquemangacine.fr\/en\/wp-json\/wp\/v2\/product_brand?post=81322"},{"taxonomy":"product_cat","embeddable":true,"href":"https:\/\/repliquemangacine.fr\/en\/wp-json\/wp\/v2\/product_cat?post=81322"},{"taxonomy":"product_tag","embeddable":true,"href":"https:\/\/repliquemangacine.fr\/en\/wp-json\/wp\/v2\/product_tag?post=81322"}],"curies":[{"name":"wp","href":"https:\/\/api.w.org\/{rel}","templated":true}]}}