





{"id":81303,"date":"2025-01-18T16:36:28","date_gmt":"2025-01-18T15:36:28","guid":{"rendered":"https:\/\/repliquemangacine.fr\/?post_type=product&#038;p=81303"},"modified":"2025-12-30T13:38:10","modified_gmt":"2025-12-30T12:38:10","slug":"kratos-axe-god-of-war","status":"publish","type":"product","link":"https:\/\/repliquemangacine.fr\/en\/katana-et-epee-de-jeux-video-autre-jeux-video\/hache-de-kratos-god-of-war\/","title":{"rendered":"Kratos God of War axe"},"content":{"rendered":"<h2>Kratos' Leviathan axe: a faithful and impressive replica<\/h2>\n<p>First of all, Kratos' Leviathan axe is an exceptional piece for all fans of <a href=\"https:\/\/godofwar.fandom.com\/fr\/wiki\/Wiki_God_of_War\" target=\"_blank\" rel=\"noopener noreferrer\">God of War<\/a>. Its stainless steel head is engraved with authentic Nordic motifs. Thanks to a fluorescent effect, it glows in the dark for an even more realistic look. Its fiberglass handle, reinforced with metal on the inside, offers rock-solid strength. A leatherette strap ensures a comfortable, ergonomic grip. Delivered with a discreet wooden stand, highlighting its presence. The axe head measures 30 cm, while the overall length is 105 cm. Weighing in at 8,000 g, this axe is a true symbol of power. Every detail has been designed to respect the aesthetics of the game's mythical weapon.<\/p>\n<h2>The importance of weapons in the God of War universe<\/h2>\n<p>In fact, in God of War, weapons are more than just combat tools. In fact, they are an extension of Kratos and his vengeful fury. What's more, the Leviathan axe is the heir to the most powerful Nordic weapons, capable of freezing enemies and returning to its bearer's hand. So, throughout the saga, each weapon has a rich history and a profound impact on character development. In addition, the Blades of Chaos, marked by tragedy, are a symbol of Kratos' past. Each weapon embodies a part of his destiny and inner struggle. God of War's combat mechanics are based on these emblematic weapons, allowing for a wide variety of attack styles. Mastery of these weapons is essential to progress and to face the many enemies. They make Kratos a fearsome and implacable warrior.<\/p>\n<h2>Discover other legendary weapons on R\u00e9plique Manga Cin\u00e9<\/h2>\n<p>At R\u00e9plique Manga Cin\u00e9, you'll find a unique selection of faithfully reproduced video game weapons. You'll be able to wield the<a href=\"https:\/\/repliquemangacine.fr\/en\/katana-and-video-game-sword-other-video-games\/cloud-strife-hardedge-sword-final-fantasy-vii-remake\/\">Hardedge sword from Cloud Strife<\/a> from Final Fantasy VII Remake, designed in high-density foam for a secure grip. For Genshin Impact fans, <a href=\"https:\/\/repliquemangacine.fr\/en\/genshin-impact\/fredom-sworn-sword-in-genshin-impact\/\">Freedom-Sworn<\/a> is also available in our collection. Fans of Ghost of Tsushima will appreciate the <a href=\"https:\/\/repliquemangacine.fr\/en\/katana-and-video-game-sword-other-video-games\/katana-sakai-forge-ghost-of-tsushima\/\">katana by Jin Saka\u00ef<\/a>available in sharp, not cutting, versions. And of course, we can't forget the <a href=\"https:\/\/repliquemangacine.fr\/en\/replicas-manga-video-games\/kratos-chaos-blades\/\">Kratos Chaos Blades<\/a>available in metal and foam versions to satisfy all collectors. Whether you're a fan of God of War or other cult licenses, our catalog is packed with iconic weapons. In conclusion, make your collection a tribute to the greatest video games in history.<\/p>","protected":false},"excerpt":{"rendered":"<p>Impressive Kratos Leviathan Axe in God of War<\/p>\n<ul>\n<li>Engraved and fluorescent stainless steel axe head.<\/li>\n<li>Fiberglass handle with lethal inside.<\/li>\n<li>Leatherette strap for a secure grip<\/li>\n<li>Comes with its own discreet wooden stand, to leave plenty of room for the axe.<\/li>\n<li>Head length: 30 cm - Axe length: 105 cm<\/li>\n<li>Weight: 8000g<\/li>\n<\/ul>","protected":false},"featured_media":81305,"template":"","meta":[],"product_brand":[896],"product_cat":[67],"product_tag":[],"class_list":{"0":"post-81303","1":"product","2":"type-product","3":"status-publish","4":"has-post-thumbnail","6":"product_brand-replique-manga-cine","7":"product_cat-katana-et-epee-de-jeux-video-autre-jeux-video","9":"first","10":"outofstock","11":"taxable","12":"shipping-taxable","13":"purchasable","14":"product-type-simple"},"yoast_head":"<!-- This site is optimized with the Yoast SEO plugin v27.5 - https:\/\/yoast.com\/product\/yoast-seo-wordpress\/ -->\n<title>Hache de Kratos God of War - R\u00e9plique Manga Cin\u00e9<\/title>\n<meta name=\"description\" content=\"En exclusivit\u00e9, cette Hache de Kratos Leviathan dans God of War. T\u00eate de hache en acier inoxydable, grav\u00e9e et fluosrescente. Poids : 8 kg - 105 cm\" \/>\n<meta name=\"robots\" content=\"index, follow, max-snippet:-1, max-image-preview:large, max-video-preview:-1\" \/>\n<link rel=\"canonical\" href=\"https:\/\/repliquemangacine.fr\/en\/katana-and-video-game-sword-other-video-games\/kratos-axe-god-of-war\/\" \/>\n<meta property=\"og:locale\" content=\"en_US\" \/>\n<meta property=\"og:type\" content=\"article\" \/>\n<meta property=\"og:title\" content=\"Hache de Kratos God of War - R\u00e9plique Manga Cin\u00e9\" \/>\n<meta property=\"og:description\" content=\"En exclusivit\u00e9, cette Hache de Kratos Leviathan dans God of War. T\u00eate de hache en acier inoxydable, grav\u00e9e et fluosrescente. Poids : 8 kg - 105 cm\" \/>\n<meta property=\"og:url\" content=\"https:\/\/repliquemangacine.fr\/en\/katana-and-video-game-sword-other-video-games\/kratos-axe-god-of-war\/\" \/>\n<meta property=\"og:site_name\" content=\"R\u00e9plique Manga Cin\u00e9\" \/>\n<meta property=\"article:publisher\" content=\"https:\/\/www.facebook.com\/RepliqueMangaCine\" \/>\n<meta property=\"article:modified_time\" content=\"2025-12-30T12:38:10+00:00\" \/>\n<meta property=\"og:image\" content=\"https:\/\/repliquemangacine.fr\/wp-content\/uploads\/2025\/01\/Hache-de-Kratos-God-of-War-hache-leviathan.jpg\" \/>\n\t<meta property=\"og:image:width\" content=\"500\" \/>\n\t<meta property=\"og:image:height\" content=\"500\" \/>\n\t<meta property=\"og:image:type\" content=\"image\/jpeg\" \/>\n<meta name=\"twitter:card\" content=\"summary_large_image\" \/>\n<meta name=\"twitter:label1\" content=\"Est. reading time\" \/>\n\t<meta name=\"twitter:data1\" content=\"3 minutes\" \/>\n<script type=\"application\/ld+json\" class=\"yoast-schema-graph\">{\"@context\":\"https:\\\/\\\/schema.org\",\"@graph\":[{\"@type\":\"WebPage\",\"@id\":\"https:\\\/\\\/repliquemangacine.fr\\\/katana-et-epee-de-jeux-video-autre-jeux-video\\\/hache-de-kratos-god-of-war\\\/\",\"url\":\"https:\\\/\\\/repliquemangacine.fr\\\/katana-et-epee-de-jeux-video-autre-jeux-video\\\/hache-de-kratos-god-of-war\\\/\",\"name\":\"Hache de Kratos God of War - R\u00e9plique Manga Cin\u00e9\",\"isPartOf\":{\"@id\":\"https:\\\/\\\/repliquemangacine.fr\\\/#website\"},\"primaryImageOfPage\":{\"@id\":\"https:\\\/\\\/repliquemangacine.fr\\\/katana-et-epee-de-jeux-video-autre-jeux-video\\\/hache-de-kratos-god-of-war\\\/#primaryimage\"},\"image\":{\"@id\":\"https:\\\/\\\/repliquemangacine.fr\\\/katana-et-epee-de-jeux-video-autre-jeux-video\\\/hache-de-kratos-god-of-war\\\/#primaryimage\"},\"thumbnailUrl\":\"https:\\\/\\\/repliquemangacine.fr\\\/wp-content\\\/uploads\\\/2025\\\/01\\\/Hache-de-Kratos-God-of-War-hache-leviathan.jpg\",\"datePublished\":\"2025-01-18T15:36:28+00:00\",\"dateModified\":\"2025-12-30T12:38:10+00:00\",\"description\":\"En exclusivit\u00e9, cette Hache de Kratos Leviathan dans God of War. T\u00eate de hache en acier inoxydable, grav\u00e9e et fluosrescente. Poids : 8 kg - 105 cm\",\"breadcrumb\":{\"@id\":\"https:\\\/\\\/repliquemangacine.fr\\\/katana-et-epee-de-jeux-video-autre-jeux-video\\\/hache-de-kratos-god-of-war\\\/#breadcrumb\"},\"inLanguage\":\"en-US\",\"potentialAction\":[{\"@type\":\"ReadAction\",\"target\":[\"https:\\\/\\\/repliquemangacine.fr\\\/katana-et-epee-de-jeux-video-autre-jeux-video\\\/hache-de-kratos-god-of-war\\\/\"]}]},{\"@type\":\"ImageObject\",\"inLanguage\":\"en-US\",\"@id\":\"https:\\\/\\\/repliquemangacine.fr\\\/katana-et-epee-de-jeux-video-autre-jeux-video\\\/hache-de-kratos-god-of-war\\\/#primaryimage\",\"url\":\"https:\\\/\\\/repliquemangacine.fr\\\/wp-content\\\/uploads\\\/2025\\\/01\\\/Hache-de-Kratos-God-of-War-hache-leviathan.jpg\",\"contentUrl\":\"https:\\\/\\\/repliquemangacine.fr\\\/wp-content\\\/uploads\\\/2025\\\/01\\\/Hache-de-Kratos-God-of-War-hache-leviathan.jpg\",\"width\":500,\"height\":500,\"caption\":\"Hache de Kratos dans God of War\"},{\"@type\":\"BreadcrumbList\",\"@id\":\"https:\\\/\\\/repliquemangacine.fr\\\/katana-et-epee-de-jeux-video-autre-jeux-video\\\/hache-de-kratos-god-of-war\\\/#breadcrumb\",\"itemListElement\":[{\"@type\":\"ListItem\",\"position\":1,\"name\":\"Accueil\",\"item\":\"https:\\\/\\\/repliquemangacine.fr\\\/\"},{\"@type\":\"ListItem\",\"position\":2,\"name\":\"Produits\",\"item\":\"https:\\\/\\\/repliquemangacine.fr\\\/boutique\\\/\"},{\"@type\":\"ListItem\",\"position\":3,\"name\":\"Hache de Kratos God of War\"}]},{\"@type\":\"WebSite\",\"@id\":\"https:\\\/\\\/repliquemangacine.fr\\\/#website\",\"url\":\"https:\\\/\\\/repliquemangacine.fr\\\/\",\"name\":\"R\u00e9plique Manga Cin\u00e9\",\"description\":\"\",\"publisher\":{\"@id\":\"https:\\\/\\\/repliquemangacine.fr\\\/#organization\"},\"potentialAction\":[{\"@type\":\"SearchAction\",\"target\":{\"@type\":\"EntryPoint\",\"urlTemplate\":\"https:\\\/\\\/repliquemangacine.fr\\\/?s={search_term_string}\"},\"query-input\":{\"@type\":\"PropertyValueSpecification\",\"valueRequired\":true,\"valueName\":\"search_term_string\"}}],\"inLanguage\":\"en-US\"},{\"@type\":\"Organization\",\"@id\":\"https:\\\/\\\/repliquemangacine.fr\\\/#organization\",\"name\":\"R\u00e9plique Manga Cin\u00e9\",\"url\":\"https:\\\/\\\/repliquemangacine.fr\\\/\",\"logo\":{\"@type\":\"ImageObject\",\"inLanguage\":\"en-US\",\"@id\":\"https:\\\/\\\/repliquemangacine.fr\\\/#\\\/schema\\\/logo\\\/image\\\/\",\"url\":\"https:\\\/\\\/repliquemangacine.fr\\\/wp-content\\\/uploads\\\/2023\\\/10\\\/RMC-500250.png\",\"contentUrl\":\"https:\\\/\\\/repliquemangacine.fr\\\/wp-content\\\/uploads\\\/2023\\\/10\\\/RMC-500250.png\",\"width\":500,\"height\":250,\"caption\":\"R\u00e9plique Manga Cin\u00e9\"},\"image\":{\"@id\":\"https:\\\/\\\/repliquemangacine.fr\\\/#\\\/schema\\\/logo\\\/image\\\/\"},\"sameAs\":[\"https:\\\/\\\/www.facebook.com\\\/RepliqueMangaCine\",\"https:\\\/\\\/www.instagram.com\\\/repliquemangacine.fr\\\/\"]}]}<\/script>\n<!-- \/ Yoast SEO plugin. -->","yoast_head_json":{"title":"Kratos God of War Axe - R\u00e9plique Manga Cin\u00e9","description":"Exclusively from Kratos Leviathan in God of War. Engraved, fluorescent stainless steel axe head. Weight: 8 kg - 105 cm","robots":{"index":"index","follow":"follow","max-snippet":"max-snippet:-1","max-image-preview":"max-image-preview:large","max-video-preview":"max-video-preview:-1"},"canonical":"https:\/\/repliquemangacine.fr\/en\/katana-and-video-game-sword-other-video-games\/kratos-axe-god-of-war\/","og_locale":"en_US","og_type":"article","og_title":"Hache de Kratos God of War - R\u00e9plique Manga Cin\u00e9","og_description":"En exclusivit\u00e9, cette Hache de Kratos Leviathan dans God of War. T\u00eate de hache en acier inoxydable, grav\u00e9e et fluosrescente. Poids : 8 kg - 105 cm","og_url":"https:\/\/repliquemangacine.fr\/en\/katana-and-video-game-sword-other-video-games\/kratos-axe-god-of-war\/","og_site_name":"R\u00e9plique Manga Cin\u00e9","article_publisher":"https:\/\/www.facebook.com\/RepliqueMangaCine","article_modified_time":"2025-12-30T12:38:10+00:00","og_image":[{"width":500,"height":500,"url":"https:\/\/repliquemangacine.fr\/wp-content\/uploads\/2025\/01\/Hache-de-Kratos-God-of-War-hache-leviathan.jpg","type":"image\/jpeg"}],"twitter_card":"summary_large_image","twitter_misc":{"Est. reading time":"3 minutes"},"schema":{"@context":"https:\/\/schema.org","@graph":[{"@type":"WebPage","@id":"https:\/\/repliquemangacine.fr\/katana-et-epee-de-jeux-video-autre-jeux-video\/hache-de-kratos-god-of-war\/","url":"https:\/\/repliquemangacine.fr\/katana-et-epee-de-jeux-video-autre-jeux-video\/hache-de-kratos-god-of-war\/","name":"Kratos God of War Axe - R\u00e9plique Manga Cin\u00e9","isPartOf":{"@id":"https:\/\/repliquemangacine.fr\/#website"},"primaryImageOfPage":{"@id":"https:\/\/repliquemangacine.fr\/katana-et-epee-de-jeux-video-autre-jeux-video\/hache-de-kratos-god-of-war\/#primaryimage"},"image":{"@id":"https:\/\/repliquemangacine.fr\/katana-et-epee-de-jeux-video-autre-jeux-video\/hache-de-kratos-god-of-war\/#primaryimage"},"thumbnailUrl":"https:\/\/repliquemangacine.fr\/wp-content\/uploads\/2025\/01\/Hache-de-Kratos-God-of-War-hache-leviathan.jpg","datePublished":"2025-01-18T15:36:28+00:00","dateModified":"2025-12-30T12:38:10+00:00","description":"Exclusively from Kratos Leviathan in God of War. Engraved, fluorescent stainless steel axe head. Weight: 8 kg - 105 cm","breadcrumb":{"@id":"https:\/\/repliquemangacine.fr\/katana-et-epee-de-jeux-video-autre-jeux-video\/hache-de-kratos-god-of-war\/#breadcrumb"},"inLanguage":"en-US","potentialAction":[{"@type":"ReadAction","target":["https:\/\/repliquemangacine.fr\/katana-et-epee-de-jeux-video-autre-jeux-video\/hache-de-kratos-god-of-war\/"]}]},{"@type":"ImageObject","inLanguage":"en-US","@id":"https:\/\/repliquemangacine.fr\/katana-et-epee-de-jeux-video-autre-jeux-video\/hache-de-kratos-god-of-war\/#primaryimage","url":"https:\/\/repliquemangacine.fr\/wp-content\/uploads\/2025\/01\/Hache-de-Kratos-God-of-War-hache-leviathan.jpg","contentUrl":"https:\/\/repliquemangacine.fr\/wp-content\/uploads\/2025\/01\/Hache-de-Kratos-God-of-War-hache-leviathan.jpg","width":500,"height":500,"caption":"Hache de Kratos dans God of War"},{"@type":"BreadcrumbList","@id":"https:\/\/repliquemangacine.fr\/katana-et-epee-de-jeux-video-autre-jeux-video\/hache-de-kratos-god-of-war\/#breadcrumb","itemListElement":[{"@type":"ListItem","position":1,"name":"Accueil","item":"https:\/\/repliquemangacine.fr\/"},{"@type":"ListItem","position":2,"name":"Produits","item":"https:\/\/repliquemangacine.fr\/boutique\/"},{"@type":"ListItem","position":3,"name":"Hache de Kratos God of War"}]},{"@type":"WebSite","@id":"https:\/\/repliquemangacine.fr\/#website","url":"https:\/\/repliquemangacine.fr\/","name":"R\u00e9plique Manga Cin\u00e9","description":"","publisher":{"@id":"https:\/\/repliquemangacine.fr\/#organization"},"potentialAction":[{"@type":"SearchAction","target":{"@type":"EntryPoint","urlTemplate":"https:\/\/repliquemangacine.fr\/?s={search_term_string}"},"query-input":{"@type":"PropertyValueSpecification","valueRequired":true,"valueName":"search_term_string"}}],"inLanguage":"en-US"},{"@type":"Organization","@id":"https:\/\/repliquemangacine.fr\/#organization","name":"R\u00e9plique Manga Cin\u00e9","url":"https:\/\/repliquemangacine.fr\/","logo":{"@type":"ImageObject","inLanguage":"en-US","@id":"https:\/\/repliquemangacine.fr\/#\/schema\/logo\/image\/","url":"https:\/\/repliquemangacine.fr\/wp-content\/uploads\/2023\/10\/RMC-500250.png","contentUrl":"https:\/\/repliquemangacine.fr\/wp-content\/uploads\/2023\/10\/RMC-500250.png","width":500,"height":250,"caption":"R\u00e9plique Manga Cin\u00e9"},"image":{"@id":"https:\/\/repliquemangacine.fr\/#\/schema\/logo\/image\/"},"sameAs":["https:\/\/www.facebook.com\/RepliqueMangaCine","https:\/\/www.instagram.com\/repliquemangacine.fr\/"]}]}},"_links":{"self":[{"href":"https:\/\/repliquemangacine.fr\/en\/wp-json\/wp\/v2\/product\/81303","targetHints":{"allow":["GET"]}}],"collection":[{"href":"https:\/\/repliquemangacine.fr\/en\/wp-json\/wp\/v2\/product"}],"about":[{"href":"https:\/\/repliquemangacine.fr\/en\/wp-json\/wp\/v2\/types\/product"}],"wp:featuredmedia":[{"embeddable":true,"href":"https:\/\/repliquemangacine.fr\/en\/wp-json\/wp\/v2\/media\/81305"}],"wp:attachment":[{"href":"https:\/\/repliquemangacine.fr\/en\/wp-json\/wp\/v2\/media?parent=81303"}],"wp:term":[{"taxonomy":"product_brand","embeddable":true,"href":"https:\/\/repliquemangacine.fr\/en\/wp-json\/wp\/v2\/product_brand?post=81303"},{"taxonomy":"product_cat","embeddable":true,"href":"https:\/\/repliquemangacine.fr\/en\/wp-json\/wp\/v2\/product_cat?post=81303"},{"taxonomy":"product_tag","embeddable":true,"href":"https:\/\/repliquemangacine.fr\/en\/wp-json\/wp\/v2\/product_tag?post=81303"}],"curies":[{"name":"wp","href":"https:\/\/api.w.org\/{rel}","templated":true}]}}