





{"id":81274,"date":"2025-01-18T15:32:39","date_gmt":"2025-01-18T14:32:39","guid":{"rendered":"https:\/\/repliquemangacine.fr\/?post_type=product&#038;p=81274"},"modified":"2025-11-13T14:51:47","modified_gmt":"2025-11-13T13:51:47","slug":"sacred-sword-excalibur-kirito-in-alfheim-online-sword-art-online","status":"publish","type":"product","link":"https:\/\/repliquemangacine.fr\/en\/epee-sword-art-online\/epee-sacree-excalibur-kirito-dans-alfheim-online-sword-art-online\/","title":{"rendered":"Sacred sword Excalibur Kirito in Alfheim Online"},"content":{"rendered":"<h2>Sacred sword Excalibur Kirito in Alfheim Online (SAO Fractured Daydream )<\/h2>\n<p>First and foremost, the sacred sword Excalibur, the epitome of legendary weaponry. Forged by the god of smiths, V\u00f6lundr. This majestic sword is the mightiest in the kingdom, surpassing even the demonic sword Gram. Its unique design combines a long blade of dazzling gold with a wing-shaped guard adorned with three glittering gems. The grip is assured by a refined golden handle. Reflecting all the nobility of this mythical weapon. The ultimate reward for the \"Sacred Sword of the Ice Palace\" quest. The Excalibur sword is currently in the hands of the hero Kirito. He obtains it by completing a quest in <a href=\"https:\/\/swordartonline-fandom-com.translate.goog\/wiki\/J%C3%B6tunheimr?_x_tr_sl=en&amp;_x_tr_tl=fr&amp;_x_tr_hl=fr&amp;_x_tr_pto=sc\" target=\"_blank\" rel=\"noopener noreferrer\">J\u00f6tunheimr<\/a>. A symbol of power and glory, this sword is the object of every desire in the world of gamers.<\/p>\n<h2>Other Iconic Weapons of the SAO Universe<\/h2>\n<p>To begin with, the world of SAO is full of weapons every bit as fascinating as the sacred sword Excalibur. Among them, the <a href=\"https:\/\/repliquemangacine.fr\/en\/sword-art-online-sword\/kirito-sao-dark-repulser-sword\/\">Dark Repulser<\/a> and the<a href=\"https:\/\/repliquemangacine.fr\/en\/sword-art-online-sword\/epee-elucidator-kirito-sao\/\">Elucidator sword<\/a>two legendary weapons wielded by Kirito. Both are distinguished by their aesthetics and power. Elucidator, with its imposing black blade, embodies determination and efficiency. Dark Repulser, created from the rare Crystalite Ingot crystal, stands out for its unique turquoise sheen. For her part, Asuna, SAO's lightning bolt, gracefully wields the <a href=\"https:\/\/repliquemangacine.fr\/en\/sword-art-online-sword\/epee-lambent-light-rapiere-asuna-sao\/\">Lambent Light rapier<\/a>a light, precise weapon, perfect for fast, devastating attacks. These weapons are not just fighting tools, but central to the characters' identities, reflecting their strength and history.<\/p>\n<h2>Sacred Sword Excalibur: A Unique Buying Experience on Our Site<\/h2>\n<p>At R\u00e9plique Manga Cin\u00e9, we offer you the perfect replica of the sacred Excalibur sword. Combining quality and authenticity. We pride ourselves on customer satisfaction, with fast 24\/48-hour delivery. Secure 100% payment, and guaranteed reviews to help you make your choice. Our site features a wide selection of replica weapons from your favorite franchises.  We also feature detailed descriptions and accurate photos. In conclusion, whether you're a passionate collector or a fan of mythical objects. We've got you covered. Trust our expertise to enrich your collection with unique and iconic pieces.<\/p>\n<p>&nbsp;<\/p>","protected":false},"excerpt":{"rendered":"<p>Exact replica of the Excalibur sacred sword in Alfheim Online (SAO Fractured Daydream )<\/p>\n<ul>\n<li>Made entirely of gold-plated metal<\/li>\n<li>Non-cutting steel blade<\/li>\n<li>The cross guard is shaped like a small pair of wings and features a small green triangular plate with three gems on it.<\/li>\n<li>Specially shaped knob and top guard<\/li>\n<li>Supplied with black imitation leather sheath<\/li>\n<li>Blade length: 76 cm - Total length: 108.5 cm<\/li>\n<li>Weight: 2180 g<\/li>\n<\/ul>","protected":false},"featured_media":81276,"template":"","meta":[],"product_brand":[896],"product_cat":[53],"product_tag":[],"class_list":{"0":"post-81274","1":"product","2":"type-product","3":"status-publish","4":"has-post-thumbnail","6":"product_brand-replique-manga-cine","7":"product_cat-epee-sword-art-online","9":"first","10":"instock","11":"taxable","12":"shipping-taxable","13":"purchasable","14":"product-type-simple"},"yoast_head":"<!-- This site is optimized with the Yoast SEO plugin v27.5 - https:\/\/yoast.com\/product\/yoast-seo-wordpress\/ -->\n<title>\u00c9p\u00e9e sacr\u00e9e Excalibur Kirito dans Alfheim Online - R\u00e9plique Manga Cin\u00e9<\/title>\n<meta name=\"description\" content=\"D\u00e9couvrez la r\u00e9plique de l\u2019\u00e9p\u00e9e sacr\u00e9e Excalibur issue de l&#039;univers de Alfheim Online dans Sword Art Online: Fractured Daydream. Tout en acier. 108.5 cm\" \/>\n<meta name=\"robots\" content=\"index, follow, max-snippet:-1, max-image-preview:large, max-video-preview:-1\" \/>\n<link rel=\"canonical\" href=\"https:\/\/repliquemangacine.fr\/en\/sword-art-online-sword\/sacred-sword-excalibur-kirito-in-alfheim-online-sword-art-online\/\" \/>\n<meta property=\"og:locale\" content=\"en_US\" \/>\n<meta property=\"og:type\" content=\"article\" \/>\n<meta property=\"og:title\" content=\"\u00c9p\u00e9e sacr\u00e9e Excalibur Kirito dans Alfheim Online - R\u00e9plique Manga Cin\u00e9\" \/>\n<meta property=\"og:description\" content=\"D\u00e9couvrez la r\u00e9plique de l\u2019\u00e9p\u00e9e sacr\u00e9e Excalibur issue de l&#039;univers de Alfheim Online dans Sword Art Online: Fractured Daydream. Tout en acier. 108.5 cm\" \/>\n<meta property=\"og:url\" content=\"https:\/\/repliquemangacine.fr\/en\/sword-art-online-sword\/sacred-sword-excalibur-kirito-in-alfheim-online-sword-art-online\/\" \/>\n<meta property=\"og:site_name\" content=\"R\u00e9plique Manga Cin\u00e9\" \/>\n<meta property=\"article:publisher\" content=\"https:\/\/www.facebook.com\/RepliqueMangaCine\" \/>\n<meta property=\"article:modified_time\" content=\"2025-11-13T13:51:47+00:00\" \/>\n<meta property=\"og:image\" content=\"https:\/\/repliquemangacine.fr\/wp-content\/uploads\/2025\/01\/Epee-sacree-Excalibur-Kirito-dans-Alfheim-Online-1.jpg\" \/>\n\t<meta property=\"og:image:width\" content=\"500\" \/>\n\t<meta property=\"og:image:height\" content=\"500\" \/>\n\t<meta property=\"og:image:type\" content=\"image\/jpeg\" \/>\n<meta name=\"twitter:card\" content=\"summary_large_image\" \/>\n<meta name=\"twitter:label1\" content=\"Est. reading time\" \/>\n\t<meta name=\"twitter:data1\" content=\"3 minutes\" \/>\n<script type=\"application\/ld+json\" class=\"yoast-schema-graph\">{\"@context\":\"https:\\\/\\\/schema.org\",\"@graph\":[{\"@type\":\"WebPage\",\"@id\":\"https:\\\/\\\/repliquemangacine.fr\\\/epee-sword-art-online\\\/epee-sacree-excalibur-kirito-dans-alfheim-online-sword-art-online\\\/\",\"url\":\"https:\\\/\\\/repliquemangacine.fr\\\/epee-sword-art-online\\\/epee-sacree-excalibur-kirito-dans-alfheim-online-sword-art-online\\\/\",\"name\":\"\u00c9p\u00e9e sacr\u00e9e Excalibur Kirito dans Alfheim Online - R\u00e9plique Manga Cin\u00e9\",\"isPartOf\":{\"@id\":\"https:\\\/\\\/repliquemangacine.fr\\\/#website\"},\"primaryImageOfPage\":{\"@id\":\"https:\\\/\\\/repliquemangacine.fr\\\/epee-sword-art-online\\\/epee-sacree-excalibur-kirito-dans-alfheim-online-sword-art-online\\\/#primaryimage\"},\"image\":{\"@id\":\"https:\\\/\\\/repliquemangacine.fr\\\/epee-sword-art-online\\\/epee-sacree-excalibur-kirito-dans-alfheim-online-sword-art-online\\\/#primaryimage\"},\"thumbnailUrl\":\"https:\\\/\\\/repliquemangacine.fr\\\/wp-content\\\/uploads\\\/2025\\\/01\\\/Epee-sacree-Excalibur-Kirito-dans-Alfheim-Online-1.jpg\",\"datePublished\":\"2025-01-18T14:32:39+00:00\",\"dateModified\":\"2025-11-13T13:51:47+00:00\",\"description\":\"D\u00e9couvrez la r\u00e9plique de l\u2019\u00e9p\u00e9e sacr\u00e9e Excalibur issue de l'univers de Alfheim Online dans Sword Art Online: Fractured Daydream. Tout en acier. 108.5 cm\",\"breadcrumb\":{\"@id\":\"https:\\\/\\\/repliquemangacine.fr\\\/epee-sword-art-online\\\/epee-sacree-excalibur-kirito-dans-alfheim-online-sword-art-online\\\/#breadcrumb\"},\"inLanguage\":\"en-US\",\"potentialAction\":[{\"@type\":\"ReadAction\",\"target\":[\"https:\\\/\\\/repliquemangacine.fr\\\/epee-sword-art-online\\\/epee-sacree-excalibur-kirito-dans-alfheim-online-sword-art-online\\\/\"]}]},{\"@type\":\"ImageObject\",\"inLanguage\":\"en-US\",\"@id\":\"https:\\\/\\\/repliquemangacine.fr\\\/epee-sword-art-online\\\/epee-sacree-excalibur-kirito-dans-alfheim-online-sword-art-online\\\/#primaryimage\",\"url\":\"https:\\\/\\\/repliquemangacine.fr\\\/wp-content\\\/uploads\\\/2025\\\/01\\\/Epee-sacree-Excalibur-Kirito-dans-Alfheim-Online-1.jpg\",\"contentUrl\":\"https:\\\/\\\/repliquemangacine.fr\\\/wp-content\\\/uploads\\\/2025\\\/01\\\/Epee-sacree-Excalibur-Kirito-dans-Alfheim-Online-1.jpg\",\"width\":500,\"height\":500,\"caption\":\"\u00c9p\u00e9e-sacr\u00e9e-Excalibur-Kirito-dans-Alfheim-Online\"},{\"@type\":\"BreadcrumbList\",\"@id\":\"https:\\\/\\\/repliquemangacine.fr\\\/epee-sword-art-online\\\/epee-sacree-excalibur-kirito-dans-alfheim-online-sword-art-online\\\/#breadcrumb\",\"itemListElement\":[{\"@type\":\"ListItem\",\"position\":1,\"name\":\"Accueil\",\"item\":\"https:\\\/\\\/repliquemangacine.fr\\\/\"},{\"@type\":\"ListItem\",\"position\":2,\"name\":\"Produits\",\"item\":\"https:\\\/\\\/repliquemangacine.fr\\\/boutique\\\/\"},{\"@type\":\"ListItem\",\"position\":3,\"name\":\"\u00c9p\u00e9e sacr\u00e9e Excalibur Kirito dans Alfheim Online\"}]},{\"@type\":\"WebSite\",\"@id\":\"https:\\\/\\\/repliquemangacine.fr\\\/#website\",\"url\":\"https:\\\/\\\/repliquemangacine.fr\\\/\",\"name\":\"R\u00e9plique Manga Cin\u00e9\",\"description\":\"\",\"publisher\":{\"@id\":\"https:\\\/\\\/repliquemangacine.fr\\\/#organization\"},\"potentialAction\":[{\"@type\":\"SearchAction\",\"target\":{\"@type\":\"EntryPoint\",\"urlTemplate\":\"https:\\\/\\\/repliquemangacine.fr\\\/?s={search_term_string}\"},\"query-input\":{\"@type\":\"PropertyValueSpecification\",\"valueRequired\":true,\"valueName\":\"search_term_string\"}}],\"inLanguage\":\"en-US\"},{\"@type\":\"Organization\",\"@id\":\"https:\\\/\\\/repliquemangacine.fr\\\/#organization\",\"name\":\"R\u00e9plique Manga Cin\u00e9\",\"url\":\"https:\\\/\\\/repliquemangacine.fr\\\/\",\"logo\":{\"@type\":\"ImageObject\",\"inLanguage\":\"en-US\",\"@id\":\"https:\\\/\\\/repliquemangacine.fr\\\/#\\\/schema\\\/logo\\\/image\\\/\",\"url\":\"https:\\\/\\\/repliquemangacine.fr\\\/wp-content\\\/uploads\\\/2023\\\/10\\\/RMC-500250.png\",\"contentUrl\":\"https:\\\/\\\/repliquemangacine.fr\\\/wp-content\\\/uploads\\\/2023\\\/10\\\/RMC-500250.png\",\"width\":500,\"height\":250,\"caption\":\"R\u00e9plique Manga Cin\u00e9\"},\"image\":{\"@id\":\"https:\\\/\\\/repliquemangacine.fr\\\/#\\\/schema\\\/logo\\\/image\\\/\"},\"sameAs\":[\"https:\\\/\\\/www.facebook.com\\\/RepliqueMangaCine\",\"https:\\\/\\\/www.instagram.com\\\/repliquemangacine.fr\\\/\"]}]}<\/script>\n<!-- \/ Yoast SEO plugin. -->","yoast_head_json":{"title":"Sacred Sword Excalibur Kirito in Alfheim Online - R\u00e9plique Manga Cin\u00e9","description":"Discover the replica of the sacred sword Excalibur from the Alfheim Online universe in Sword Art Online: Fractured Daydream. All steel. 108.5 cm","robots":{"index":"index","follow":"follow","max-snippet":"max-snippet:-1","max-image-preview":"max-image-preview:large","max-video-preview":"max-video-preview:-1"},"canonical":"https:\/\/repliquemangacine.fr\/en\/sword-art-online-sword\/sacred-sword-excalibur-kirito-in-alfheim-online-sword-art-online\/","og_locale":"en_US","og_type":"article","og_title":"\u00c9p\u00e9e sacr\u00e9e Excalibur Kirito dans Alfheim Online - R\u00e9plique Manga Cin\u00e9","og_description":"D\u00e9couvrez la r\u00e9plique de l\u2019\u00e9p\u00e9e sacr\u00e9e Excalibur issue de l'univers de Alfheim Online dans Sword Art Online: Fractured Daydream. Tout en acier. 108.5 cm","og_url":"https:\/\/repliquemangacine.fr\/en\/sword-art-online-sword\/sacred-sword-excalibur-kirito-in-alfheim-online-sword-art-online\/","og_site_name":"R\u00e9plique Manga Cin\u00e9","article_publisher":"https:\/\/www.facebook.com\/RepliqueMangaCine","article_modified_time":"2025-11-13T13:51:47+00:00","og_image":[{"width":500,"height":500,"url":"https:\/\/repliquemangacine.fr\/wp-content\/uploads\/2025\/01\/Epee-sacree-Excalibur-Kirito-dans-Alfheim-Online-1.jpg","type":"image\/jpeg"}],"twitter_card":"summary_large_image","twitter_misc":{"Est. reading time":"3 minutes"},"schema":{"@context":"https:\/\/schema.org","@graph":[{"@type":"WebPage","@id":"https:\/\/repliquemangacine.fr\/epee-sword-art-online\/epee-sacree-excalibur-kirito-dans-alfheim-online-sword-art-online\/","url":"https:\/\/repliquemangacine.fr\/epee-sword-art-online\/epee-sacree-excalibur-kirito-dans-alfheim-online-sword-art-online\/","name":"Sacred Sword Excalibur Kirito in Alfheim Online - R\u00e9plique Manga Cin\u00e9","isPartOf":{"@id":"https:\/\/repliquemangacine.fr\/#website"},"primaryImageOfPage":{"@id":"https:\/\/repliquemangacine.fr\/epee-sword-art-online\/epee-sacree-excalibur-kirito-dans-alfheim-online-sword-art-online\/#primaryimage"},"image":{"@id":"https:\/\/repliquemangacine.fr\/epee-sword-art-online\/epee-sacree-excalibur-kirito-dans-alfheim-online-sword-art-online\/#primaryimage"},"thumbnailUrl":"https:\/\/repliquemangacine.fr\/wp-content\/uploads\/2025\/01\/Epee-sacree-Excalibur-Kirito-dans-Alfheim-Online-1.jpg","datePublished":"2025-01-18T14:32:39+00:00","dateModified":"2025-11-13T13:51:47+00:00","description":"Discover the replica of the sacred sword Excalibur from the Alfheim Online universe in Sword Art Online: Fractured Daydream. All steel. 108.5 cm","breadcrumb":{"@id":"https:\/\/repliquemangacine.fr\/epee-sword-art-online\/epee-sacree-excalibur-kirito-dans-alfheim-online-sword-art-online\/#breadcrumb"},"inLanguage":"en-US","potentialAction":[{"@type":"ReadAction","target":["https:\/\/repliquemangacine.fr\/epee-sword-art-online\/epee-sacree-excalibur-kirito-dans-alfheim-online-sword-art-online\/"]}]},{"@type":"ImageObject","inLanguage":"en-US","@id":"https:\/\/repliquemangacine.fr\/epee-sword-art-online\/epee-sacree-excalibur-kirito-dans-alfheim-online-sword-art-online\/#primaryimage","url":"https:\/\/repliquemangacine.fr\/wp-content\/uploads\/2025\/01\/Epee-sacree-Excalibur-Kirito-dans-Alfheim-Online-1.jpg","contentUrl":"https:\/\/repliquemangacine.fr\/wp-content\/uploads\/2025\/01\/Epee-sacree-Excalibur-Kirito-dans-Alfheim-Online-1.jpg","width":500,"height":500,"caption":"\u00c9p\u00e9e-sacr\u00e9e-Excalibur-Kirito-dans-Alfheim-Online"},{"@type":"BreadcrumbList","@id":"https:\/\/repliquemangacine.fr\/epee-sword-art-online\/epee-sacree-excalibur-kirito-dans-alfheim-online-sword-art-online\/#breadcrumb","itemListElement":[{"@type":"ListItem","position":1,"name":"Accueil","item":"https:\/\/repliquemangacine.fr\/"},{"@type":"ListItem","position":2,"name":"Produits","item":"https:\/\/repliquemangacine.fr\/boutique\/"},{"@type":"ListItem","position":3,"name":"\u00c9p\u00e9e sacr\u00e9e Excalibur Kirito dans Alfheim Online"}]},{"@type":"WebSite","@id":"https:\/\/repliquemangacine.fr\/#website","url":"https:\/\/repliquemangacine.fr\/","name":"R\u00e9plique Manga Cin\u00e9","description":"","publisher":{"@id":"https:\/\/repliquemangacine.fr\/#organization"},"potentialAction":[{"@type":"SearchAction","target":{"@type":"EntryPoint","urlTemplate":"https:\/\/repliquemangacine.fr\/?s={search_term_string}"},"query-input":{"@type":"PropertyValueSpecification","valueRequired":true,"valueName":"search_term_string"}}],"inLanguage":"en-US"},{"@type":"Organization","@id":"https:\/\/repliquemangacine.fr\/#organization","name":"R\u00e9plique Manga Cin\u00e9","url":"https:\/\/repliquemangacine.fr\/","logo":{"@type":"ImageObject","inLanguage":"en-US","@id":"https:\/\/repliquemangacine.fr\/#\/schema\/logo\/image\/","url":"https:\/\/repliquemangacine.fr\/wp-content\/uploads\/2023\/10\/RMC-500250.png","contentUrl":"https:\/\/repliquemangacine.fr\/wp-content\/uploads\/2023\/10\/RMC-500250.png","width":500,"height":250,"caption":"R\u00e9plique Manga Cin\u00e9"},"image":{"@id":"https:\/\/repliquemangacine.fr\/#\/schema\/logo\/image\/"},"sameAs":["https:\/\/www.facebook.com\/RepliqueMangaCine","https:\/\/www.instagram.com\/repliquemangacine.fr\/"]}]}},"_links":{"self":[{"href":"https:\/\/repliquemangacine.fr\/en\/wp-json\/wp\/v2\/product\/81274","targetHints":{"allow":["GET"]}}],"collection":[{"href":"https:\/\/repliquemangacine.fr\/en\/wp-json\/wp\/v2\/product"}],"about":[{"href":"https:\/\/repliquemangacine.fr\/en\/wp-json\/wp\/v2\/types\/product"}],"wp:featuredmedia":[{"embeddable":true,"href":"https:\/\/repliquemangacine.fr\/en\/wp-json\/wp\/v2\/media\/81276"}],"wp:attachment":[{"href":"https:\/\/repliquemangacine.fr\/en\/wp-json\/wp\/v2\/media?parent=81274"}],"wp:term":[{"taxonomy":"product_brand","embeddable":true,"href":"https:\/\/repliquemangacine.fr\/en\/wp-json\/wp\/v2\/product_brand?post=81274"},{"taxonomy":"product_cat","embeddable":true,"href":"https:\/\/repliquemangacine.fr\/en\/wp-json\/wp\/v2\/product_cat?post=81274"},{"taxonomy":"product_tag","embeddable":true,"href":"https:\/\/repliquemangacine.fr\/en\/wp-json\/wp\/v2\/product_tag?post=81274"}],"curies":[{"name":"wp","href":"https:\/\/api.w.org\/{rel}","templated":true}]}}