





{"id":81057,"date":"2025-01-08T22:55:16","date_gmt":"2025-01-08T21:55:16","guid":{"rendered":"https:\/\/repliquemangacine.fr\/?post_type=product&#038;p=81057"},"modified":"2026-04-15T12:08:00","modified_gmt":"2026-04-15T10:08:00","slug":"conan-the-barbarians-fathers-sword","status":"publish","type":"product","link":"https:\/\/repliquemangacine.fr\/en\/katana-les-epees-de-films-et-series\/epee-du-pere-de-conan-le-barbare\/","title":{"rendered":"Conan the Barbarian's father's sword"},"content":{"rendered":"<h2>An exceptional replica: Conan the Barbarian's Father's Sword<\/h2>\n<p>First of all, the<strong>Conan's father's sword<\/strong>, impresses at first sight with its presence and realistic finish. This iconic sword leaves no one indifferent. Indeed, its stainless steel blade is adorned with a magnificent silk-screen print. Reminiscent of the ancestral engravings of the forges of the barbarian world. What's more, its solid steel guard represents the head of a stag, with its majestic horns in an aged bronze finish for a raw effect. The pommel, also in steel, boasts an exceptional level of detail, enhanced by a beautiful antique bronze patina. The handle is wrapped in beige imitation leather for a firm, comfortable grip.<\/p>\n<p>Every detail evokes the raw power and heritage of a mythical warrior, in a finish ideal for enthusiasts. A top-quality replica, at once decorative, cinematic and faithful to the world of Conan the Barbarian.<\/p>\n<h2>A legacy engraved in the memory of Conan fans<\/h2>\n<p>In the brutal, mythical world of Conan the Barbarian, his father's sword is no ordinary weapon. It's the first he's ever seen forged, a symbol of strength, of transmission, and of young Conan's education the hard way. His father teaches him the truth of the world: only strength and steel never betray. This lesson marks the hero forever. When the village is attacked, Conan loses everything. But this sword remains engraved in his memory as his father's last legacy. Later, when he discovers the Atlantean Sword, an ancient weapon, he fully embodies the barbarian turned invincible warrior.<\/p>\n<p>But it's that first sword, the father's, that starts it all. It represents the beginning of a legendary destiny. Its raw, massive style is the very reflection of the universe in which Conan evolves: harsh, ruthless, uncompromising. This replica, faithful to the film's design, embodies the raw strength and deep origins of one of the greatest heroes of\u2019<a href=\"https:\/\/www.audible.fr\/blog\/heroic-fantasy-le-guide\" target=\"_blank\" rel=\"noopener noreferrer\">heroic fantasy<\/a>.<\/p>\n<h2>The perfect weapon to add to your collection of movie replicas<\/h2>\n<p>On our R\u00e9plique Manga Cin\u00e9 site, we make it a point of honor to offer collectors' weapons from the greatest sagas. L'<strong>Conan's father's sword<\/strong> join our selection of unique pieces, both decorative, cinematic and steeped in history. You'll also find the<a href=\"https:\/\/repliquemangacine.fr\/en\/medieval-templar-sword\/robin-des-bois-sword\/\">Robin Hood's sword<\/a>Robin Hood\", an elegant replica of a hero as cunning as he is courageous. Highlander fan? Visit <a href=\"https:\/\/repliquemangacine.fr\/en\/films-tv-series-sale-of-katana-sword-and-related-products\/duncan-higlander-katana-v2\/\">katana by Duncan MacLeod<\/a>with its snake-shaped handle, also awaits you on our site. Not forgetting the legendary <a href=\"https:\/\/repliquemangacine.fr\/en\/katana-kill-bill\/\">Kill Bill swords.\u00a0<\/a><\/p>\n<p>Each product is selected for its quality, its faithfulness to the original model and its ability to thrill enthusiasts. <strong>R\u00e9plique Manga Cin\u00e9<\/strong>is the place where cinema meets legend, adventure and the pleasure of collecting real pieces. Don't wait any longer to enrich your personal universe with this mythical sword. And as Conan said: \"What doesn't kill you makes you stronger\"... especially with such a sword in your hands!<\/p>","protected":false},"excerpt":{"rendered":"<p>This replica of the Conan father's sword is absolutely remarkable.<\/p>\n<ul>\n<li>Stainless steel blade with silk-screen printing<\/li>\n<li>Solid steel guard depicting a stag's head with horns in aged bronze finish<\/li>\n<li>Finely detailed steel knob in aged bronze finish<\/li>\n<li>Handle covered with beige imitation leather strap, for a good grip.<\/li>\n<li>Supplied with wooden wall bracket<\/li>\n<li>Blade length: 74 cm - Total length: 98 cm<\/li>\n<li>Weight: 1870 g<\/li>\n<\/ul>","protected":false},"featured_media":81058,"template":"","meta":[],"product_brand":[896],"product_cat":[91,24],"product_tag":[],"class_list":{"0":"post-81057","1":"product","2":"type-product","3":"status-publish","4":"has-post-thumbnail","6":"product_brand-replique-manga-cine","7":"product_cat-katana-les-epees-de-films-et-series","8":"product_cat-films-series-tv-vente-de-katana-epee-et-produits-derives","10":"first","11":"instock","12":"taxable","13":"shipping-taxable","14":"purchasable","15":"product-type-simple"},"yoast_head":"<!-- This site is optimized with the Yoast SEO plugin v27.4 - https:\/\/yoast.com\/product\/yoast-seo-wordpress\/ -->\n<title>Ep\u00e9e du p\u00e8re de Conan le Barbare - R\u00e9plique Manga Cin\u00e9<\/title>\n<meta name=\"description\" content=\"Remarquable cette r\u00e9plique de l&#039;Ep\u00e9e du p\u00e8re de Conan le Barbare. Lame en acier s\u00e9rigraphi\u00e9e. Garde et pommeau en acier bronze vieilli. Support - 98 cm\" \/>\n<meta name=\"robots\" content=\"index, follow, max-snippet:-1, max-image-preview:large, max-video-preview:-1\" \/>\n<link rel=\"canonical\" href=\"https:\/\/repliquemangacine.fr\/en\/katana-swords-from-films-and-series\/conan-the-barbarians-fathers-sword\/\" \/>\n<meta property=\"og:locale\" content=\"en_US\" \/>\n<meta property=\"og:type\" content=\"article\" \/>\n<meta property=\"og:title\" content=\"Ep\u00e9e du p\u00e8re de Conan le Barbare - R\u00e9plique Manga Cin\u00e9\" \/>\n<meta property=\"og:description\" content=\"Remarquable cette r\u00e9plique de l&#039;Ep\u00e9e du p\u00e8re de Conan le Barbare. Lame en acier s\u00e9rigraphi\u00e9e. Garde et pommeau en acier bronze vieilli. Support - 98 cm\" \/>\n<meta property=\"og:url\" content=\"https:\/\/repliquemangacine.fr\/en\/katana-swords-from-films-and-series\/conan-the-barbarians-fathers-sword\/\" \/>\n<meta property=\"og:site_name\" content=\"R\u00e9plique Manga Cin\u00e9\" \/>\n<meta property=\"article:publisher\" content=\"https:\/\/www.facebook.com\/RepliqueMangaCine\" \/>\n<meta property=\"article:modified_time\" content=\"2026-04-15T10:08:00+00:00\" \/>\n<meta property=\"og:image\" content=\"https:\/\/repliquemangacine.fr\/wp-content\/uploads\/2025\/01\/conan-fathers-sword.jpg\" \/>\n\t<meta property=\"og:image:width\" content=\"1000\" \/>\n\t<meta property=\"og:image:height\" content=\"1000\" \/>\n\t<meta property=\"og:image:type\" content=\"image\/jpeg\" \/>\n<meta name=\"twitter:card\" content=\"summary_large_image\" \/>\n<meta name=\"twitter:label1\" content=\"Est. reading time\" \/>\n\t<meta name=\"twitter:data1\" content=\"3 minutes\" \/>\n<script type=\"application\/ld+json\" class=\"yoast-schema-graph\">{\"@context\":\"https:\\\/\\\/schema.org\",\"@graph\":[{\"@type\":\"WebPage\",\"@id\":\"https:\\\/\\\/repliquemangacine.fr\\\/katana-les-epees-de-films-et-series\\\/epee-du-pere-de-conan-le-barbare\\\/\",\"url\":\"https:\\\/\\\/repliquemangacine.fr\\\/katana-les-epees-de-films-et-series\\\/epee-du-pere-de-conan-le-barbare\\\/\",\"name\":\"Ep\u00e9e du p\u00e8re de Conan le Barbare - R\u00e9plique Manga Cin\u00e9\",\"isPartOf\":{\"@id\":\"https:\\\/\\\/repliquemangacine.fr\\\/#website\"},\"primaryImageOfPage\":{\"@id\":\"https:\\\/\\\/repliquemangacine.fr\\\/katana-les-epees-de-films-et-series\\\/epee-du-pere-de-conan-le-barbare\\\/#primaryimage\"},\"image\":{\"@id\":\"https:\\\/\\\/repliquemangacine.fr\\\/katana-les-epees-de-films-et-series\\\/epee-du-pere-de-conan-le-barbare\\\/#primaryimage\"},\"thumbnailUrl\":\"https:\\\/\\\/repliquemangacine.fr\\\/wp-content\\\/uploads\\\/2025\\\/01\\\/conan-fathers-sword.jpg\",\"datePublished\":\"2025-01-08T21:55:16+00:00\",\"dateModified\":\"2026-04-15T10:08:00+00:00\",\"description\":\"Remarquable cette r\u00e9plique de l'Ep\u00e9e du p\u00e8re de Conan le Barbare. Lame en acier s\u00e9rigraphi\u00e9e. Garde et pommeau en acier bronze vieilli. Support - 98 cm\",\"breadcrumb\":{\"@id\":\"https:\\\/\\\/repliquemangacine.fr\\\/katana-les-epees-de-films-et-series\\\/epee-du-pere-de-conan-le-barbare\\\/#breadcrumb\"},\"inLanguage\":\"en-US\",\"potentialAction\":[{\"@type\":\"ReadAction\",\"target\":[\"https:\\\/\\\/repliquemangacine.fr\\\/katana-les-epees-de-films-et-series\\\/epee-du-pere-de-conan-le-barbare\\\/\"]}]},{\"@type\":\"ImageObject\",\"inLanguage\":\"en-US\",\"@id\":\"https:\\\/\\\/repliquemangacine.fr\\\/katana-les-epees-de-films-et-series\\\/epee-du-pere-de-conan-le-barbare\\\/#primaryimage\",\"url\":\"https:\\\/\\\/repliquemangacine.fr\\\/wp-content\\\/uploads\\\/2025\\\/01\\\/conan-fathers-sword.jpg\",\"contentUrl\":\"https:\\\/\\\/repliquemangacine.fr\\\/wp-content\\\/uploads\\\/2025\\\/01\\\/conan-fathers-sword.jpg\",\"width\":1000,\"height\":1000,\"caption\":\"Ep\u00e9e du p\u00e8re de Conan\"},{\"@type\":\"BreadcrumbList\",\"@id\":\"https:\\\/\\\/repliquemangacine.fr\\\/katana-les-epees-de-films-et-series\\\/epee-du-pere-de-conan-le-barbare\\\/#breadcrumb\",\"itemListElement\":[{\"@type\":\"ListItem\",\"position\":1,\"name\":\"Accueil\",\"item\":\"https:\\\/\\\/repliquemangacine.fr\\\/\"},{\"@type\":\"ListItem\",\"position\":2,\"name\":\"Produits\",\"item\":\"https:\\\/\\\/repliquemangacine.fr\\\/boutique\\\/\"},{\"@type\":\"ListItem\",\"position\":3,\"name\":\"Ep\u00e9e du p\u00e8re de Conan le Barbare\"}]},{\"@type\":\"WebSite\",\"@id\":\"https:\\\/\\\/repliquemangacine.fr\\\/#website\",\"url\":\"https:\\\/\\\/repliquemangacine.fr\\\/\",\"name\":\"R\u00e9plique Manga Cin\u00e9\",\"description\":\"\",\"publisher\":{\"@id\":\"https:\\\/\\\/repliquemangacine.fr\\\/#organization\"},\"potentialAction\":[{\"@type\":\"SearchAction\",\"target\":{\"@type\":\"EntryPoint\",\"urlTemplate\":\"https:\\\/\\\/repliquemangacine.fr\\\/?s={search_term_string}\"},\"query-input\":{\"@type\":\"PropertyValueSpecification\",\"valueRequired\":true,\"valueName\":\"search_term_string\"}}],\"inLanguage\":\"en-US\"},{\"@type\":\"Organization\",\"@id\":\"https:\\\/\\\/repliquemangacine.fr\\\/#organization\",\"name\":\"R\u00e9plique Manga Cin\u00e9\",\"url\":\"https:\\\/\\\/repliquemangacine.fr\\\/\",\"logo\":{\"@type\":\"ImageObject\",\"inLanguage\":\"en-US\",\"@id\":\"https:\\\/\\\/repliquemangacine.fr\\\/#\\\/schema\\\/logo\\\/image\\\/\",\"url\":\"https:\\\/\\\/repliquemangacine.fr\\\/wp-content\\\/uploads\\\/2023\\\/10\\\/RMC-500250.png\",\"contentUrl\":\"https:\\\/\\\/repliquemangacine.fr\\\/wp-content\\\/uploads\\\/2023\\\/10\\\/RMC-500250.png\",\"width\":500,\"height\":250,\"caption\":\"R\u00e9plique Manga Cin\u00e9\"},\"image\":{\"@id\":\"https:\\\/\\\/repliquemangacine.fr\\\/#\\\/schema\\\/logo\\\/image\\\/\"},\"sameAs\":[\"https:\\\/\\\/www.facebook.com\\\/RepliqueMangaCine\",\"https:\\\/\\\/www.instagram.com\\\/repliquemangacine.fr\\\/\"]}]}<\/script>\n<!-- \/ Yoast SEO plugin. -->","yoast_head_json":{"title":"Conan the Barbarian's father sword - R\u00e9plique Manga Cin\u00e9","description":"Remarkable replica of Conan the Barbarian's father's sword. Screen-printed steel blade. Aged bronze steel hilt and pommel. Stand - 98 cm","robots":{"index":"index","follow":"follow","max-snippet":"max-snippet:-1","max-image-preview":"max-image-preview:large","max-video-preview":"max-video-preview:-1"},"canonical":"https:\/\/repliquemangacine.fr\/en\/katana-swords-from-films-and-series\/conan-the-barbarians-fathers-sword\/","og_locale":"en_US","og_type":"article","og_title":"Ep\u00e9e du p\u00e8re de Conan le Barbare - R\u00e9plique Manga Cin\u00e9","og_description":"Remarquable cette r\u00e9plique de l'Ep\u00e9e du p\u00e8re de Conan le Barbare. Lame en acier s\u00e9rigraphi\u00e9e. Garde et pommeau en acier bronze vieilli. Support - 98 cm","og_url":"https:\/\/repliquemangacine.fr\/en\/katana-swords-from-films-and-series\/conan-the-barbarians-fathers-sword\/","og_site_name":"R\u00e9plique Manga Cin\u00e9","article_publisher":"https:\/\/www.facebook.com\/RepliqueMangaCine","article_modified_time":"2026-04-15T10:08:00+00:00","og_image":[{"width":1000,"height":1000,"url":"https:\/\/repliquemangacine.fr\/wp-content\/uploads\/2025\/01\/conan-fathers-sword.jpg","type":"image\/jpeg"}],"twitter_card":"summary_large_image","twitter_misc":{"Est. reading time":"3 minutes"},"schema":{"@context":"https:\/\/schema.org","@graph":[{"@type":"WebPage","@id":"https:\/\/repliquemangacine.fr\/katana-les-epees-de-films-et-series\/epee-du-pere-de-conan-le-barbare\/","url":"https:\/\/repliquemangacine.fr\/katana-les-epees-de-films-et-series\/epee-du-pere-de-conan-le-barbare\/","name":"Conan the Barbarian's father sword - R\u00e9plique Manga Cin\u00e9","isPartOf":{"@id":"https:\/\/repliquemangacine.fr\/#website"},"primaryImageOfPage":{"@id":"https:\/\/repliquemangacine.fr\/katana-les-epees-de-films-et-series\/epee-du-pere-de-conan-le-barbare\/#primaryimage"},"image":{"@id":"https:\/\/repliquemangacine.fr\/katana-les-epees-de-films-et-series\/epee-du-pere-de-conan-le-barbare\/#primaryimage"},"thumbnailUrl":"https:\/\/repliquemangacine.fr\/wp-content\/uploads\/2025\/01\/conan-fathers-sword.jpg","datePublished":"2025-01-08T21:55:16+00:00","dateModified":"2026-04-15T10:08:00+00:00","description":"Remarkable replica of Conan the Barbarian's father's sword. Screen-printed steel blade. Aged bronze steel hilt and pommel. Stand - 98 cm","breadcrumb":{"@id":"https:\/\/repliquemangacine.fr\/katana-les-epees-de-films-et-series\/epee-du-pere-de-conan-le-barbare\/#breadcrumb"},"inLanguage":"en-US","potentialAction":[{"@type":"ReadAction","target":["https:\/\/repliquemangacine.fr\/katana-les-epees-de-films-et-series\/epee-du-pere-de-conan-le-barbare\/"]}]},{"@type":"ImageObject","inLanguage":"en-US","@id":"https:\/\/repliquemangacine.fr\/katana-les-epees-de-films-et-series\/epee-du-pere-de-conan-le-barbare\/#primaryimage","url":"https:\/\/repliquemangacine.fr\/wp-content\/uploads\/2025\/01\/conan-fathers-sword.jpg","contentUrl":"https:\/\/repliquemangacine.fr\/wp-content\/uploads\/2025\/01\/conan-fathers-sword.jpg","width":1000,"height":1000,"caption":"Ep\u00e9e du p\u00e8re de Conan"},{"@type":"BreadcrumbList","@id":"https:\/\/repliquemangacine.fr\/katana-les-epees-de-films-et-series\/epee-du-pere-de-conan-le-barbare\/#breadcrumb","itemListElement":[{"@type":"ListItem","position":1,"name":"Accueil","item":"https:\/\/repliquemangacine.fr\/"},{"@type":"ListItem","position":2,"name":"Produits","item":"https:\/\/repliquemangacine.fr\/boutique\/"},{"@type":"ListItem","position":3,"name":"Ep\u00e9e du p\u00e8re de Conan le Barbare"}]},{"@type":"WebSite","@id":"https:\/\/repliquemangacine.fr\/#website","url":"https:\/\/repliquemangacine.fr\/","name":"R\u00e9plique Manga Cin\u00e9","description":"","publisher":{"@id":"https:\/\/repliquemangacine.fr\/#organization"},"potentialAction":[{"@type":"SearchAction","target":{"@type":"EntryPoint","urlTemplate":"https:\/\/repliquemangacine.fr\/?s={search_term_string}"},"query-input":{"@type":"PropertyValueSpecification","valueRequired":true,"valueName":"search_term_string"}}],"inLanguage":"en-US"},{"@type":"Organization","@id":"https:\/\/repliquemangacine.fr\/#organization","name":"R\u00e9plique Manga Cin\u00e9","url":"https:\/\/repliquemangacine.fr\/","logo":{"@type":"ImageObject","inLanguage":"en-US","@id":"https:\/\/repliquemangacine.fr\/#\/schema\/logo\/image\/","url":"https:\/\/repliquemangacine.fr\/wp-content\/uploads\/2023\/10\/RMC-500250.png","contentUrl":"https:\/\/repliquemangacine.fr\/wp-content\/uploads\/2023\/10\/RMC-500250.png","width":500,"height":250,"caption":"R\u00e9plique Manga Cin\u00e9"},"image":{"@id":"https:\/\/repliquemangacine.fr\/#\/schema\/logo\/image\/"},"sameAs":["https:\/\/www.facebook.com\/RepliqueMangaCine","https:\/\/www.instagram.com\/repliquemangacine.fr\/"]}]}},"_links":{"self":[{"href":"https:\/\/repliquemangacine.fr\/en\/wp-json\/wp\/v2\/product\/81057","targetHints":{"allow":["GET"]}}],"collection":[{"href":"https:\/\/repliquemangacine.fr\/en\/wp-json\/wp\/v2\/product"}],"about":[{"href":"https:\/\/repliquemangacine.fr\/en\/wp-json\/wp\/v2\/types\/product"}],"wp:featuredmedia":[{"embeddable":true,"href":"https:\/\/repliquemangacine.fr\/en\/wp-json\/wp\/v2\/media\/81058"}],"wp:attachment":[{"href":"https:\/\/repliquemangacine.fr\/en\/wp-json\/wp\/v2\/media?parent=81057"}],"wp:term":[{"taxonomy":"product_brand","embeddable":true,"href":"https:\/\/repliquemangacine.fr\/en\/wp-json\/wp\/v2\/product_brand?post=81057"},{"taxonomy":"product_cat","embeddable":true,"href":"https:\/\/repliquemangacine.fr\/en\/wp-json\/wp\/v2\/product_cat?post=81057"},{"taxonomy":"product_tag","embeddable":true,"href":"https:\/\/repliquemangacine.fr\/en\/wp-json\/wp\/v2\/product_tag?post=81057"}],"curies":[{"name":"wp","href":"https:\/\/api.w.org\/{rel}","templated":true}]}}