





{"id":79522,"date":"2024-12-08T20:53:51","date_gmt":"2024-12-08T19:53:51","guid":{"rendered":"https:\/\/repliquemangacine.fr\/?post_type=product&#038;p=79522"},"modified":"2026-04-15T12:24:56","modified_gmt":"2026-04-15T10:24:56","slug":"kaigaku-katana-in-demon-slayer","status":"publish","type":"product","link":"https:\/\/repliquemangacine.fr\/en\/katana-demon-slayer-metal\/katana-de-kaigaku-dans-demon-slayer\/","title":{"rendered":"Kaigaku's Katana in Demon Slayer"},"content":{"rendered":"<h2>Kaigaku's Katana - A dark blade with a dazzling design<\/h2>\n<p>First of all, the <strong>Kaigaku Katana<\/strong>a former pupil of Zenitsu's master turned demon and member of the Twelve Demonic Moons, is no exception. True to the anime's graphic style and dramatic intensity. This replica offers visual power and profound symbolism. This katana immediately impresses with its three-tone carbon steel blade, combining finesse, power and ultra-clean styling. An impression of black flame runs through the blade, perfectly evoking Kaigaku's dark, electrifying aura in <a href=\"https:\/\/kimetsu-no-yaiba.fandom.com\/fr\/wiki\/Wiki_Kimetsu_no_Yaiba\" target=\"_blank\" rel=\"noopener noreferrer\">Demon Slayer<\/a>. Its decorated steel guard features meticulous detailing, reinforcing the menacing yet elegant visual effect of this formidable weapon.<\/p>\n<p>In the Demon Slayer universe, each katana tells a story, reveals a personality, embodies a technique and leaves its mark. Add this blade to your collection and embody the dark power of Kaigaku, the former student turned demon.<\/p>\n<h2>Kaigaku: a former slayer turned demon... and bearer of a black lightning blade<\/h2>\n<p>Kaigaku, once a pupil of the same master as Zenitsu, has chosen a different path, that of betrayal and darkness. By becoming one of the Twelve Demonic Moons, he retains his katana, a distorted symbol of his demon-slaying human past. This katana becomes a direct expression of his hatred, ambition and desire to surpass his former companions.<br \/>\nEvery blow he delivers with this weapon in the anime is charged with rage, speed and remarkable electrifying style.<\/p>\n<p>This line embodies all the dramatic tension surrounding his character, torn between power, betrayal and rivalry. Kaigaku symbolizes the dangers of misdirected ambition, transformed into a destructive force in the service of absolute evil. To own this line is also to explore the darker side of Demon Slayer's fascinating and tragic universe*.<\/p>\n<h2>R\u00e9plique Manga Cin\u00e9: the greatest manga katanas in one store<\/h2>\n<p>R\u00e9plique Manga Cin\u00e9, offers you a wide choice of katanas inspired by the greatest manga and anime sagas.  In addition to the many Demon Slayer katanas, you'll find models for every character, from LED versions to wooden katanas. We also have all the <a href=\"https:\/\/repliquemangacine.fr\/en\/katana-one-piece\/\">katanas from One Piece<\/a>Our models, such as Enma, Wado Ichimonji and Shusui, are faithfully reproduced and finished to the highest standards. Fantasy fans will appreciate our <a href=\"https:\/\/repliquemangacine.fr\/en\/elden-ring\/\">Elden Ring katanas<\/a>dark, mysterious and imbued with supernatural power. Our boutique also offers swords inspired by the new wave of manga, notably the <a href=\"https:\/\/repliquemangacine.fr\/en\/kagurabachi\/\">Kagurabachi katanas<\/a>with a devastating design.<\/p>\n<p>R\u00e9plique Manga Cin\u00e9 is the reference for finding your favorite weapons and living your favorite worlds to the full. Add Kaigaku's blade to your collection and explore our constantly evolving catalog. New models arrive regularly to satisfy fans of the most cult and recent anime.<\/p>","protected":false},"excerpt":{"rendered":"<p>Superb replica of Kaigaku's Katana in Demon Slayer<\/p>\n<ul>\n<li>Three-tone carbon steel blade<\/li>\n<li>Black flame printing on blade.<\/li>\n<li>Decorated steel guard<\/li>\n<li>Black wooden scabbard.<\/li>\n<li>Blade length: 65 cm - Total length: 103 cm<\/li>\n<li>Weight: 1050 gr<\/li>\n<\/ul>","protected":false},"featured_media":79526,"template":"","meta":[],"product_brand":[896],"product_cat":[63,117],"product_tag":[],"class_list":{"0":"post-79522","1":"product","2":"type-product","3":"status-publish","4":"has-post-thumbnail","6":"product_brand-replique-manga-cine","7":"product_cat-katana-demon-slayer","8":"product_cat-katana-demon-slayer-metal","10":"first","11":"instock","12":"taxable","13":"shipping-taxable","14":"purchasable","15":"product-type-simple"},"yoast_head":"<!-- This site is optimized with the Yoast SEO plugin v27.4 - https:\/\/yoast.com\/product\/yoast-seo-wordpress\/ -->\n<title>Katana de Kaigaku dans Demon Slayer - R\u00e9plique Manga Cin\u00e9<\/title>\n<meta name=\"description\" content=\"Superbe r\u00e9plique du Katana de Kaigaku dans Demon Slayer. Lame en acier carbone trois tons. Garde m\u00e9tal. Fourreau. Longueur totale : 103 cm\" \/>\n<meta name=\"robots\" content=\"index, follow, max-snippet:-1, max-image-preview:large, max-video-preview:-1\" \/>\n<link rel=\"canonical\" href=\"https:\/\/repliquemangacine.fr\/en\/katana-demon-slayer-metal\/kaigaku-katana-in-demon-slayer\/\" \/>\n<meta property=\"og:locale\" content=\"en_US\" \/>\n<meta property=\"og:type\" content=\"article\" \/>\n<meta property=\"og:title\" content=\"Katana de Kaigaku dans Demon Slayer - R\u00e9plique Manga Cin\u00e9\" \/>\n<meta property=\"og:description\" content=\"Superbe r\u00e9plique du Katana de Kaigaku dans Demon Slayer. Lame en acier carbone trois tons. Garde m\u00e9tal. Fourreau. Longueur totale : 103 cm\" \/>\n<meta property=\"og:url\" content=\"https:\/\/repliquemangacine.fr\/en\/katana-demon-slayer-metal\/kaigaku-katana-in-demon-slayer\/\" \/>\n<meta property=\"og:site_name\" content=\"R\u00e9plique Manga Cin\u00e9\" \/>\n<meta property=\"article:publisher\" content=\"https:\/\/www.facebook.com\/RepliqueMangaCine\" \/>\n<meta property=\"article:modified_time\" content=\"2026-04-15T10:24:56+00:00\" \/>\n<meta property=\"og:image\" content=\"https:\/\/repliquemangacine.fr\/wp-content\/uploads\/2024\/12\/Katana-de-Kaigaku-dans-Demon-Slayer.jpg\" \/>\n\t<meta property=\"og:image:width\" content=\"500\" \/>\n\t<meta property=\"og:image:height\" content=\"500\" \/>\n\t<meta property=\"og:image:type\" content=\"image\/jpeg\" \/>\n<meta name=\"twitter:card\" content=\"summary_large_image\" \/>\n<meta name=\"twitter:label1\" content=\"Est. reading time\" \/>\n\t<meta name=\"twitter:data1\" content=\"3 minutes\" \/>\n<script type=\"application\/ld+json\" class=\"yoast-schema-graph\">{\"@context\":\"https:\\\/\\\/schema.org\",\"@graph\":[{\"@type\":\"WebPage\",\"@id\":\"https:\\\/\\\/repliquemangacine.fr\\\/katana-demon-slayer-metal\\\/katana-de-kaigaku-dans-demon-slayer\\\/\",\"url\":\"https:\\\/\\\/repliquemangacine.fr\\\/katana-demon-slayer-metal\\\/katana-de-kaigaku-dans-demon-slayer\\\/\",\"name\":\"Katana de Kaigaku dans Demon Slayer - R\u00e9plique Manga Cin\u00e9\",\"isPartOf\":{\"@id\":\"https:\\\/\\\/repliquemangacine.fr\\\/#website\"},\"primaryImageOfPage\":{\"@id\":\"https:\\\/\\\/repliquemangacine.fr\\\/katana-demon-slayer-metal\\\/katana-de-kaigaku-dans-demon-slayer\\\/#primaryimage\"},\"image\":{\"@id\":\"https:\\\/\\\/repliquemangacine.fr\\\/katana-demon-slayer-metal\\\/katana-de-kaigaku-dans-demon-slayer\\\/#primaryimage\"},\"thumbnailUrl\":\"https:\\\/\\\/repliquemangacine.fr\\\/wp-content\\\/uploads\\\/2024\\\/12\\\/Katana-de-Kaigaku-dans-Demon-Slayer.jpg\",\"datePublished\":\"2024-12-08T19:53:51+00:00\",\"dateModified\":\"2026-04-15T10:24:56+00:00\",\"description\":\"Superbe r\u00e9plique du Katana de Kaigaku dans Demon Slayer. Lame en acier carbone trois tons. Garde m\u00e9tal. Fourreau. Longueur totale : 103 cm\",\"breadcrumb\":{\"@id\":\"https:\\\/\\\/repliquemangacine.fr\\\/katana-demon-slayer-metal\\\/katana-de-kaigaku-dans-demon-slayer\\\/#breadcrumb\"},\"inLanguage\":\"en-US\",\"potentialAction\":[{\"@type\":\"ReadAction\",\"target\":[\"https:\\\/\\\/repliquemangacine.fr\\\/katana-demon-slayer-metal\\\/katana-de-kaigaku-dans-demon-slayer\\\/\"]}]},{\"@type\":\"ImageObject\",\"inLanguage\":\"en-US\",\"@id\":\"https:\\\/\\\/repliquemangacine.fr\\\/katana-demon-slayer-metal\\\/katana-de-kaigaku-dans-demon-slayer\\\/#primaryimage\",\"url\":\"https:\\\/\\\/repliquemangacine.fr\\\/wp-content\\\/uploads\\\/2024\\\/12\\\/Katana-de-Kaigaku-dans-Demon-Slayer.jpg\",\"contentUrl\":\"https:\\\/\\\/repliquemangacine.fr\\\/wp-content\\\/uploads\\\/2024\\\/12\\\/Katana-de-Kaigaku-dans-Demon-Slayer.jpg\",\"width\":500,\"height\":500,\"caption\":\"Katana de Kaigaku dans Demon Slayer\"},{\"@type\":\"BreadcrumbList\",\"@id\":\"https:\\\/\\\/repliquemangacine.fr\\\/katana-demon-slayer-metal\\\/katana-de-kaigaku-dans-demon-slayer\\\/#breadcrumb\",\"itemListElement\":[{\"@type\":\"ListItem\",\"position\":1,\"name\":\"Accueil\",\"item\":\"https:\\\/\\\/repliquemangacine.fr\\\/\"},{\"@type\":\"ListItem\",\"position\":2,\"name\":\"Produits\",\"item\":\"https:\\\/\\\/repliquemangacine.fr\\\/boutique\\\/\"},{\"@type\":\"ListItem\",\"position\":3,\"name\":\"Katana de Kaigaku dans Demon Slayer\"}]},{\"@type\":\"WebSite\",\"@id\":\"https:\\\/\\\/repliquemangacine.fr\\\/#website\",\"url\":\"https:\\\/\\\/repliquemangacine.fr\\\/\",\"name\":\"R\u00e9plique Manga Cin\u00e9\",\"description\":\"\",\"publisher\":{\"@id\":\"https:\\\/\\\/repliquemangacine.fr\\\/#organization\"},\"potentialAction\":[{\"@type\":\"SearchAction\",\"target\":{\"@type\":\"EntryPoint\",\"urlTemplate\":\"https:\\\/\\\/repliquemangacine.fr\\\/?s={search_term_string}\"},\"query-input\":{\"@type\":\"PropertyValueSpecification\",\"valueRequired\":true,\"valueName\":\"search_term_string\"}}],\"inLanguage\":\"en-US\"},{\"@type\":\"Organization\",\"@id\":\"https:\\\/\\\/repliquemangacine.fr\\\/#organization\",\"name\":\"R\u00e9plique Manga Cin\u00e9\",\"url\":\"https:\\\/\\\/repliquemangacine.fr\\\/\",\"logo\":{\"@type\":\"ImageObject\",\"inLanguage\":\"en-US\",\"@id\":\"https:\\\/\\\/repliquemangacine.fr\\\/#\\\/schema\\\/logo\\\/image\\\/\",\"url\":\"https:\\\/\\\/repliquemangacine.fr\\\/wp-content\\\/uploads\\\/2023\\\/10\\\/RMC-500250.png\",\"contentUrl\":\"https:\\\/\\\/repliquemangacine.fr\\\/wp-content\\\/uploads\\\/2023\\\/10\\\/RMC-500250.png\",\"width\":500,\"height\":250,\"caption\":\"R\u00e9plique Manga Cin\u00e9\"},\"image\":{\"@id\":\"https:\\\/\\\/repliquemangacine.fr\\\/#\\\/schema\\\/logo\\\/image\\\/\"},\"sameAs\":[\"https:\\\/\\\/www.facebook.com\\\/RepliqueMangaCine\",\"https:\\\/\\\/www.instagram.com\\\/repliquemangacine.fr\\\/\"]}]}<\/script>\n<!-- \/ Yoast SEO plugin. -->","yoast_head_json":{"title":"Kaigaku's Katana in Demon Slayer - R\u00e9plique Manga Cin\u00e9","description":"Superb replica of Kaigaku's Katana from Demon Slayer. Three-tone carbon steel blade. Metal guard. Scabbard. Total length: 103 cm","robots":{"index":"index","follow":"follow","max-snippet":"max-snippet:-1","max-image-preview":"max-image-preview:large","max-video-preview":"max-video-preview:-1"},"canonical":"https:\/\/repliquemangacine.fr\/en\/katana-demon-slayer-metal\/kaigaku-katana-in-demon-slayer\/","og_locale":"en_US","og_type":"article","og_title":"Katana de Kaigaku dans Demon Slayer - R\u00e9plique Manga Cin\u00e9","og_description":"Superbe r\u00e9plique du Katana de Kaigaku dans Demon Slayer. Lame en acier carbone trois tons. Garde m\u00e9tal. Fourreau. Longueur totale : 103 cm","og_url":"https:\/\/repliquemangacine.fr\/en\/katana-demon-slayer-metal\/kaigaku-katana-in-demon-slayer\/","og_site_name":"R\u00e9plique Manga Cin\u00e9","article_publisher":"https:\/\/www.facebook.com\/RepliqueMangaCine","article_modified_time":"2026-04-15T10:24:56+00:00","og_image":[{"width":500,"height":500,"url":"https:\/\/repliquemangacine.fr\/wp-content\/uploads\/2024\/12\/Katana-de-Kaigaku-dans-Demon-Slayer.jpg","type":"image\/jpeg"}],"twitter_card":"summary_large_image","twitter_misc":{"Est. reading time":"3 minutes"},"schema":{"@context":"https:\/\/schema.org","@graph":[{"@type":"WebPage","@id":"https:\/\/repliquemangacine.fr\/katana-demon-slayer-metal\/katana-de-kaigaku-dans-demon-slayer\/","url":"https:\/\/repliquemangacine.fr\/katana-demon-slayer-metal\/katana-de-kaigaku-dans-demon-slayer\/","name":"Kaigaku's Katana in Demon Slayer - R\u00e9plique Manga Cin\u00e9","isPartOf":{"@id":"https:\/\/repliquemangacine.fr\/#website"},"primaryImageOfPage":{"@id":"https:\/\/repliquemangacine.fr\/katana-demon-slayer-metal\/katana-de-kaigaku-dans-demon-slayer\/#primaryimage"},"image":{"@id":"https:\/\/repliquemangacine.fr\/katana-demon-slayer-metal\/katana-de-kaigaku-dans-demon-slayer\/#primaryimage"},"thumbnailUrl":"https:\/\/repliquemangacine.fr\/wp-content\/uploads\/2024\/12\/Katana-de-Kaigaku-dans-Demon-Slayer.jpg","datePublished":"2024-12-08T19:53:51+00:00","dateModified":"2026-04-15T10:24:56+00:00","description":"Superb replica of Kaigaku's Katana from Demon Slayer. Three-tone carbon steel blade. Metal guard. Scabbard. Total length: 103 cm","breadcrumb":{"@id":"https:\/\/repliquemangacine.fr\/katana-demon-slayer-metal\/katana-de-kaigaku-dans-demon-slayer\/#breadcrumb"},"inLanguage":"en-US","potentialAction":[{"@type":"ReadAction","target":["https:\/\/repliquemangacine.fr\/katana-demon-slayer-metal\/katana-de-kaigaku-dans-demon-slayer\/"]}]},{"@type":"ImageObject","inLanguage":"en-US","@id":"https:\/\/repliquemangacine.fr\/katana-demon-slayer-metal\/katana-de-kaigaku-dans-demon-slayer\/#primaryimage","url":"https:\/\/repliquemangacine.fr\/wp-content\/uploads\/2024\/12\/Katana-de-Kaigaku-dans-Demon-Slayer.jpg","contentUrl":"https:\/\/repliquemangacine.fr\/wp-content\/uploads\/2024\/12\/Katana-de-Kaigaku-dans-Demon-Slayer.jpg","width":500,"height":500,"caption":"Katana de Kaigaku dans Demon Slayer"},{"@type":"BreadcrumbList","@id":"https:\/\/repliquemangacine.fr\/katana-demon-slayer-metal\/katana-de-kaigaku-dans-demon-slayer\/#breadcrumb","itemListElement":[{"@type":"ListItem","position":1,"name":"Accueil","item":"https:\/\/repliquemangacine.fr\/"},{"@type":"ListItem","position":2,"name":"Produits","item":"https:\/\/repliquemangacine.fr\/boutique\/"},{"@type":"ListItem","position":3,"name":"Katana de Kaigaku dans Demon Slayer"}]},{"@type":"WebSite","@id":"https:\/\/repliquemangacine.fr\/#website","url":"https:\/\/repliquemangacine.fr\/","name":"R\u00e9plique Manga Cin\u00e9","description":"","publisher":{"@id":"https:\/\/repliquemangacine.fr\/#organization"},"potentialAction":[{"@type":"SearchAction","target":{"@type":"EntryPoint","urlTemplate":"https:\/\/repliquemangacine.fr\/?s={search_term_string}"},"query-input":{"@type":"PropertyValueSpecification","valueRequired":true,"valueName":"search_term_string"}}],"inLanguage":"en-US"},{"@type":"Organization","@id":"https:\/\/repliquemangacine.fr\/#organization","name":"R\u00e9plique Manga Cin\u00e9","url":"https:\/\/repliquemangacine.fr\/","logo":{"@type":"ImageObject","inLanguage":"en-US","@id":"https:\/\/repliquemangacine.fr\/#\/schema\/logo\/image\/","url":"https:\/\/repliquemangacine.fr\/wp-content\/uploads\/2023\/10\/RMC-500250.png","contentUrl":"https:\/\/repliquemangacine.fr\/wp-content\/uploads\/2023\/10\/RMC-500250.png","width":500,"height":250,"caption":"R\u00e9plique Manga Cin\u00e9"},"image":{"@id":"https:\/\/repliquemangacine.fr\/#\/schema\/logo\/image\/"},"sameAs":["https:\/\/www.facebook.com\/RepliqueMangaCine","https:\/\/www.instagram.com\/repliquemangacine.fr\/"]}]}},"_links":{"self":[{"href":"https:\/\/repliquemangacine.fr\/en\/wp-json\/wp\/v2\/product\/79522","targetHints":{"allow":["GET"]}}],"collection":[{"href":"https:\/\/repliquemangacine.fr\/en\/wp-json\/wp\/v2\/product"}],"about":[{"href":"https:\/\/repliquemangacine.fr\/en\/wp-json\/wp\/v2\/types\/product"}],"wp:featuredmedia":[{"embeddable":true,"href":"https:\/\/repliquemangacine.fr\/en\/wp-json\/wp\/v2\/media\/79526"}],"wp:attachment":[{"href":"https:\/\/repliquemangacine.fr\/en\/wp-json\/wp\/v2\/media?parent=79522"}],"wp:term":[{"taxonomy":"product_brand","embeddable":true,"href":"https:\/\/repliquemangacine.fr\/en\/wp-json\/wp\/v2\/product_brand?post=79522"},{"taxonomy":"product_cat","embeddable":true,"href":"https:\/\/repliquemangacine.fr\/en\/wp-json\/wp\/v2\/product_cat?post=79522"},{"taxonomy":"product_tag","embeddable":true,"href":"https:\/\/repliquemangacine.fr\/en\/wp-json\/wp\/v2\/product_tag?post=79522"}],"curies":[{"name":"wp","href":"https:\/\/api.w.org\/{rel}","templated":true}]}}