





{"id":79503,"date":"2024-12-08T20:06:28","date_gmt":"2024-12-08T19:06:28","guid":{"rendered":"https:\/\/repliquemangacine.fr\/?post_type=product&#038;p=79503"},"modified":"2026-04-15T12:21:27","modified_gmt":"2026-04-15T10:21:27","slug":"devil-sword-epee-du-diable-de-dante-devil-my-cry","status":"publish","type":"product","link":"https:\/\/repliquemangacine.fr\/en\/katana-et-epee-de-jeux-video-autre-jeux-video\/epee-devil-sword-epee-du-diable-de-dante-devil-my-cry\/","title":{"rendered":"Devil Sword Dante - Devil My Cry 5"},"content":{"rendered":"<h2>Devil Sword Dante - A massive replica for cosplay and action fans<\/h2>\n<p>First and foremost, the Devil Sword Dante, an imposing replica made entirely of fiberglass, for a rendering that's both light and solid. It contains an internal metal structure, ensuring excellent rigidity while retaining a weight suitable for cosplayers. Each one is hand-painted, with precise details to faithfully recreate the infernal look of the game's sword. Designed for cosplay enthusiasts, this iconic weapon lets you embody Dante in all his power and unique charisma.<br \/>\nDante, half-demon half-human, is a fearsome and stylish demon hunter who has become legendary in the world of <a href=\"https:\/\/devilmaycrydmc.fandom.com\/fr\/wiki\/Devil_May_Cry\" target=\"_blank\" rel=\"noopener noreferrer\">Devil May Cry<\/a><\/p>\n<p>To own this replica is to relive Dante's frenzied battles and fearsome presence in the face of demons. Display it proudly or use it to enhance your cosplay outfits at conventions or specialized photo shoots.<\/p>\n<h2>A mythical sword at the heart of Devil May Cry 5's story<\/h2>\n<p>The Devil Sword Dante appears in Devil May Cry 5 as the ultimate weapon, a fusion between the Rebellion and the demon Sparda. It marks a key stage in Dante's evolution, symbolizing his full acceptance of his demonic heritage and powers. Visually spectacular, it has a menacing, organic shape, with material effects evoking a living, dark blade. Its distinctive feature is its ability to transform. This creates explosive attacks and unique movements linked to demonic energy.<br class=\"yoast-text-mark\" \/>lass=\"yoast-text-mark\" \/&gt;&gt;It is linked to Dante's family history, representing the power of his father Sparda passed down and sublimated through time. Its iconic design makes it one of the saga's most memorable weapons, at once imposing, gothic and infernal.<\/p>\n<p>Finally, display it proudly or use it to enhance your cosplay outfits at conventions or specialized photo shoots.<\/p>\n<h2>R\u00e9plique Manga Cin\u00e9: the most cult video game weapons in one store<\/h2>\n<p>R\u00e9plique Manga Cin\u00e9 brings you the greatest iconic weapons from today's best video games and ancient cults. In addition to the Devil Sword Dante, discover the impressive <a href=\"https:\/\/repliquemangacine.fr\/en\/elden-ring\/epee-greatsword-elden-ring\/\">Greatsword sword by Elden Ring<\/a>ideal for fans of dark, epic universes.<\/p>\n<p>We also offer the legendary <a href=\"https:\/\/repliquemangacine.fr\/en\/katana-and-video-game-sword-other-video-games\/fusion-sword-cloud-multiblade-buster-sword-final-fantasy-vii\/\">Fusion Sword from Cloud Strife<\/a>The futuristic, segmented-blade sword appeared in Final Fantasy VII: Advent Children. This futuristic sword with its segmented blade fascinates as much by its design as by its strong symbolism. There's also the <a href=\"https:\/\/repliquemangacine.fr\/en\/katana-and-video-game-sword-other-video-games\/kratos-axe-god-of-war\/\">Kratos Leviathan Axe<\/a>from God of War, powerful and perfectly detailed.<\/p>\n<p>R\u00e9plique Manga Cin\u00e9 is your reference for collectible weapons from cult games and must-haves of the gaming world. In conclusion, spectacular replicas, ready to be displayed or used at your cosplay events.<\/p>","protected":false},"excerpt":{"rendered":"<p>Dante's masterful Devil Sword in Devil My Cry 5<\/p>\n<ul>\n<li>Made entirely of fiberglass<\/li>\n<li>Metal structure inside<\/li>\n<li>Hand-painted<\/li>\n<li>Ideal for cosplayers<\/li>\n<li>Blade length: 97 cm - Total length: 140 cm<\/li>\n<li>Weight: 3040 gr<\/li>\n<\/ul>","protected":false},"featured_media":79508,"template":"","meta":[],"product_brand":[896],"product_cat":[880,23,67],"product_tag":[],"class_list":{"0":"post-79503","1":"product","2":"type-product","3":"status-publish","4":"has-post-thumbnail","6":"product_brand-replique-manga-cine","7":"product_cat-devil-may-cry","8":"product_cat-repliques-manga-jeux-video","9":"product_cat-katana-et-epee-de-jeux-video-autre-jeux-video","11":"first","12":"instock","13":"sale","14":"taxable","15":"shipping-taxable","16":"purchasable","17":"product-type-simple"},"yoast_head":"<!-- This site is optimized with the Yoast SEO plugin v27.5 - https:\/\/yoast.com\/product\/yoast-seo-wordpress\/ -->\n<title>Devil Sword Dante - Devil My Cry 5 - R\u00e9plique Manga Cin\u00e9<\/title>\n<meta name=\"description\" content=\"Superbe Ep\u00e9e Devil Sword Dante dans Devil My Cry. Tout en fibre de verre au design embl\u00e9matique. Id\u00e9al pour les cosplayeurs. Longueur totale : 139 cm\" \/>\n<meta name=\"robots\" content=\"index, follow, max-snippet:-1, max-image-preview:large, max-video-preview:-1\" \/>\n<link rel=\"canonical\" href=\"https:\/\/repliquemangacine.fr\/en\/katana-and-video-game-sword-other-video-games\/devil-sword-epee-du-diable-de-dante-devil-my-cry\/\" \/>\n<meta property=\"og:locale\" content=\"en_US\" \/>\n<meta property=\"og:type\" content=\"article\" \/>\n<meta property=\"og:title\" content=\"Devil Sword Dante - Devil My Cry 5 - R\u00e9plique Manga Cin\u00e9\" \/>\n<meta property=\"og:description\" content=\"Superbe Ep\u00e9e Devil Sword Dante dans Devil My Cry. Tout en fibre de verre au design embl\u00e9matique. Id\u00e9al pour les cosplayeurs. Longueur totale : 139 cm\" \/>\n<meta property=\"og:url\" content=\"https:\/\/repliquemangacine.fr\/en\/katana-and-video-game-sword-other-video-games\/devil-sword-epee-du-diable-de-dante-devil-my-cry\/\" \/>\n<meta property=\"og:site_name\" content=\"R\u00e9plique Manga Cin\u00e9\" \/>\n<meta property=\"article:publisher\" content=\"https:\/\/www.facebook.com\/RepliqueMangaCine\" \/>\n<meta property=\"article:modified_time\" content=\"2026-04-15T10:21:27+00:00\" \/>\n<meta property=\"og:image\" content=\"https:\/\/repliquemangacine.fr\/wp-content\/uploads\/2024\/12\/Epee-du-Diable-de-Dante.jpg\" \/>\n\t<meta property=\"og:image:width\" content=\"500\" \/>\n\t<meta property=\"og:image:height\" content=\"500\" \/>\n\t<meta property=\"og:image:type\" content=\"image\/jpeg\" \/>\n<meta name=\"twitter:card\" content=\"summary_large_image\" \/>\n<meta name=\"twitter:label1\" content=\"Est. reading time\" \/>\n\t<meta name=\"twitter:data1\" content=\"3 minutes\" \/>\n<script type=\"application\/ld+json\" class=\"yoast-schema-graph\">{\"@context\":\"https:\\\/\\\/schema.org\",\"@graph\":[{\"@type\":\"WebPage\",\"@id\":\"https:\\\/\\\/repliquemangacine.fr\\\/katana-et-epee-de-jeux-video-autre-jeux-video\\\/epee-devil-sword-epee-du-diable-de-dante-devil-my-cry\\\/\",\"url\":\"https:\\\/\\\/repliquemangacine.fr\\\/katana-et-epee-de-jeux-video-autre-jeux-video\\\/epee-devil-sword-epee-du-diable-de-dante-devil-my-cry\\\/\",\"name\":\"Devil Sword Dante - Devil My Cry 5 - R\u00e9plique Manga Cin\u00e9\",\"isPartOf\":{\"@id\":\"https:\\\/\\\/repliquemangacine.fr\\\/#website\"},\"primaryImageOfPage\":{\"@id\":\"https:\\\/\\\/repliquemangacine.fr\\\/katana-et-epee-de-jeux-video-autre-jeux-video\\\/epee-devil-sword-epee-du-diable-de-dante-devil-my-cry\\\/#primaryimage\"},\"image\":{\"@id\":\"https:\\\/\\\/repliquemangacine.fr\\\/katana-et-epee-de-jeux-video-autre-jeux-video\\\/epee-devil-sword-epee-du-diable-de-dante-devil-my-cry\\\/#primaryimage\"},\"thumbnailUrl\":\"https:\\\/\\\/repliquemangacine.fr\\\/wp-content\\\/uploads\\\/2024\\\/12\\\/Epee-du-Diable-de-Dante.jpg\",\"datePublished\":\"2024-12-08T19:06:28+00:00\",\"dateModified\":\"2026-04-15T10:21:27+00:00\",\"description\":\"Superbe Ep\u00e9e Devil Sword Dante dans Devil My Cry. Tout en fibre de verre au design embl\u00e9matique. Id\u00e9al pour les cosplayeurs. Longueur totale : 139 cm\",\"breadcrumb\":{\"@id\":\"https:\\\/\\\/repliquemangacine.fr\\\/katana-et-epee-de-jeux-video-autre-jeux-video\\\/epee-devil-sword-epee-du-diable-de-dante-devil-my-cry\\\/#breadcrumb\"},\"inLanguage\":\"en-US\",\"potentialAction\":[{\"@type\":\"ReadAction\",\"target\":[\"https:\\\/\\\/repliquemangacine.fr\\\/katana-et-epee-de-jeux-video-autre-jeux-video\\\/epee-devil-sword-epee-du-diable-de-dante-devil-my-cry\\\/\"]}]},{\"@type\":\"ImageObject\",\"inLanguage\":\"en-US\",\"@id\":\"https:\\\/\\\/repliquemangacine.fr\\\/katana-et-epee-de-jeux-video-autre-jeux-video\\\/epee-devil-sword-epee-du-diable-de-dante-devil-my-cry\\\/#primaryimage\",\"url\":\"https:\\\/\\\/repliquemangacine.fr\\\/wp-content\\\/uploads\\\/2024\\\/12\\\/Epee-du-Diable-de-Dante.jpg\",\"contentUrl\":\"https:\\\/\\\/repliquemangacine.fr\\\/wp-content\\\/uploads\\\/2024\\\/12\\\/Epee-du-Diable-de-Dante.jpg\",\"width\":500,\"height\":500,\"caption\":\"Ep\u00e9e du Diable de Dante dans Devil My Cry 5\"},{\"@type\":\"BreadcrumbList\",\"@id\":\"https:\\\/\\\/repliquemangacine.fr\\\/katana-et-epee-de-jeux-video-autre-jeux-video\\\/epee-devil-sword-epee-du-diable-de-dante-devil-my-cry\\\/#breadcrumb\",\"itemListElement\":[{\"@type\":\"ListItem\",\"position\":1,\"name\":\"Accueil\",\"item\":\"https:\\\/\\\/repliquemangacine.fr\\\/\"},{\"@type\":\"ListItem\",\"position\":2,\"name\":\"Produits\",\"item\":\"https:\\\/\\\/repliquemangacine.fr\\\/boutique\\\/\"},{\"@type\":\"ListItem\",\"position\":3,\"name\":\"Devil Sword Dante &#8211; Devil My Cry 5\"}]},{\"@type\":\"WebSite\",\"@id\":\"https:\\\/\\\/repliquemangacine.fr\\\/#website\",\"url\":\"https:\\\/\\\/repliquemangacine.fr\\\/\",\"name\":\"R\u00e9plique Manga Cin\u00e9\",\"description\":\"\",\"publisher\":{\"@id\":\"https:\\\/\\\/repliquemangacine.fr\\\/#organization\"},\"potentialAction\":[{\"@type\":\"SearchAction\",\"target\":{\"@type\":\"EntryPoint\",\"urlTemplate\":\"https:\\\/\\\/repliquemangacine.fr\\\/?s={search_term_string}\"},\"query-input\":{\"@type\":\"PropertyValueSpecification\",\"valueRequired\":true,\"valueName\":\"search_term_string\"}}],\"inLanguage\":\"en-US\"},{\"@type\":\"Organization\",\"@id\":\"https:\\\/\\\/repliquemangacine.fr\\\/#organization\",\"name\":\"R\u00e9plique Manga Cin\u00e9\",\"url\":\"https:\\\/\\\/repliquemangacine.fr\\\/\",\"logo\":{\"@type\":\"ImageObject\",\"inLanguage\":\"en-US\",\"@id\":\"https:\\\/\\\/repliquemangacine.fr\\\/#\\\/schema\\\/logo\\\/image\\\/\",\"url\":\"https:\\\/\\\/repliquemangacine.fr\\\/wp-content\\\/uploads\\\/2023\\\/10\\\/RMC-500250.png\",\"contentUrl\":\"https:\\\/\\\/repliquemangacine.fr\\\/wp-content\\\/uploads\\\/2023\\\/10\\\/RMC-500250.png\",\"width\":500,\"height\":250,\"caption\":\"R\u00e9plique Manga Cin\u00e9\"},\"image\":{\"@id\":\"https:\\\/\\\/repliquemangacine.fr\\\/#\\\/schema\\\/logo\\\/image\\\/\"},\"sameAs\":[\"https:\\\/\\\/www.facebook.com\\\/RepliqueMangaCine\",\"https:\\\/\\\/www.instagram.com\\\/repliquemangacine.fr\\\/\"]}]}<\/script>\n<!-- \/ Yoast SEO plugin. -->","yoast_head_json":{"title":"Devil Sword Dante - Devil My Cry 5 - R\u00e9plique Manga Cin\u00e9","description":"Superb Devil Sword Dante in Devil My Cry. All fiberglass with iconic design. Ideal for cosplayers. Total length: 139 cm","robots":{"index":"index","follow":"follow","max-snippet":"max-snippet:-1","max-image-preview":"max-image-preview:large","max-video-preview":"max-video-preview:-1"},"canonical":"https:\/\/repliquemangacine.fr\/en\/katana-and-video-game-sword-other-video-games\/devil-sword-epee-du-diable-de-dante-devil-my-cry\/","og_locale":"en_US","og_type":"article","og_title":"Devil Sword Dante - Devil My Cry 5 - R\u00e9plique Manga Cin\u00e9","og_description":"Superbe Ep\u00e9e Devil Sword Dante dans Devil My Cry. Tout en fibre de verre au design embl\u00e9matique. Id\u00e9al pour les cosplayeurs. Longueur totale : 139 cm","og_url":"https:\/\/repliquemangacine.fr\/en\/katana-and-video-game-sword-other-video-games\/devil-sword-epee-du-diable-de-dante-devil-my-cry\/","og_site_name":"R\u00e9plique Manga Cin\u00e9","article_publisher":"https:\/\/www.facebook.com\/RepliqueMangaCine","article_modified_time":"2026-04-15T10:21:27+00:00","og_image":[{"width":500,"height":500,"url":"https:\/\/repliquemangacine.fr\/wp-content\/uploads\/2024\/12\/Epee-du-Diable-de-Dante.jpg","type":"image\/jpeg"}],"twitter_card":"summary_large_image","twitter_misc":{"Est. reading time":"3 minutes"},"schema":{"@context":"https:\/\/schema.org","@graph":[{"@type":"WebPage","@id":"https:\/\/repliquemangacine.fr\/katana-et-epee-de-jeux-video-autre-jeux-video\/epee-devil-sword-epee-du-diable-de-dante-devil-my-cry\/","url":"https:\/\/repliquemangacine.fr\/katana-et-epee-de-jeux-video-autre-jeux-video\/epee-devil-sword-epee-du-diable-de-dante-devil-my-cry\/","name":"Devil Sword Dante - Devil My Cry 5 - R\u00e9plique Manga Cin\u00e9","isPartOf":{"@id":"https:\/\/repliquemangacine.fr\/#website"},"primaryImageOfPage":{"@id":"https:\/\/repliquemangacine.fr\/katana-et-epee-de-jeux-video-autre-jeux-video\/epee-devil-sword-epee-du-diable-de-dante-devil-my-cry\/#primaryimage"},"image":{"@id":"https:\/\/repliquemangacine.fr\/katana-et-epee-de-jeux-video-autre-jeux-video\/epee-devil-sword-epee-du-diable-de-dante-devil-my-cry\/#primaryimage"},"thumbnailUrl":"https:\/\/repliquemangacine.fr\/wp-content\/uploads\/2024\/12\/Epee-du-Diable-de-Dante.jpg","datePublished":"2024-12-08T19:06:28+00:00","dateModified":"2026-04-15T10:21:27+00:00","description":"Superb Devil Sword Dante in Devil My Cry. All fiberglass with iconic design. Ideal for cosplayers. Total length: 139 cm","breadcrumb":{"@id":"https:\/\/repliquemangacine.fr\/katana-et-epee-de-jeux-video-autre-jeux-video\/epee-devil-sword-epee-du-diable-de-dante-devil-my-cry\/#breadcrumb"},"inLanguage":"en-US","potentialAction":[{"@type":"ReadAction","target":["https:\/\/repliquemangacine.fr\/katana-et-epee-de-jeux-video-autre-jeux-video\/epee-devil-sword-epee-du-diable-de-dante-devil-my-cry\/"]}]},{"@type":"ImageObject","inLanguage":"en-US","@id":"https:\/\/repliquemangacine.fr\/katana-et-epee-de-jeux-video-autre-jeux-video\/epee-devil-sword-epee-du-diable-de-dante-devil-my-cry\/#primaryimage","url":"https:\/\/repliquemangacine.fr\/wp-content\/uploads\/2024\/12\/Epee-du-Diable-de-Dante.jpg","contentUrl":"https:\/\/repliquemangacine.fr\/wp-content\/uploads\/2024\/12\/Epee-du-Diable-de-Dante.jpg","width":500,"height":500,"caption":"Ep\u00e9e du Diable de Dante dans Devil My Cry 5"},{"@type":"BreadcrumbList","@id":"https:\/\/repliquemangacine.fr\/katana-et-epee-de-jeux-video-autre-jeux-video\/epee-devil-sword-epee-du-diable-de-dante-devil-my-cry\/#breadcrumb","itemListElement":[{"@type":"ListItem","position":1,"name":"Accueil","item":"https:\/\/repliquemangacine.fr\/"},{"@type":"ListItem","position":2,"name":"Produits","item":"https:\/\/repliquemangacine.fr\/boutique\/"},{"@type":"ListItem","position":3,"name":"Devil Sword Dante &#8211; Devil My Cry 5"}]},{"@type":"WebSite","@id":"https:\/\/repliquemangacine.fr\/#website","url":"https:\/\/repliquemangacine.fr\/","name":"R\u00e9plique Manga Cin\u00e9","description":"","publisher":{"@id":"https:\/\/repliquemangacine.fr\/#organization"},"potentialAction":[{"@type":"SearchAction","target":{"@type":"EntryPoint","urlTemplate":"https:\/\/repliquemangacine.fr\/?s={search_term_string}"},"query-input":{"@type":"PropertyValueSpecification","valueRequired":true,"valueName":"search_term_string"}}],"inLanguage":"en-US"},{"@type":"Organization","@id":"https:\/\/repliquemangacine.fr\/#organization","name":"R\u00e9plique Manga Cin\u00e9","url":"https:\/\/repliquemangacine.fr\/","logo":{"@type":"ImageObject","inLanguage":"en-US","@id":"https:\/\/repliquemangacine.fr\/#\/schema\/logo\/image\/","url":"https:\/\/repliquemangacine.fr\/wp-content\/uploads\/2023\/10\/RMC-500250.png","contentUrl":"https:\/\/repliquemangacine.fr\/wp-content\/uploads\/2023\/10\/RMC-500250.png","width":500,"height":250,"caption":"R\u00e9plique Manga Cin\u00e9"},"image":{"@id":"https:\/\/repliquemangacine.fr\/#\/schema\/logo\/image\/"},"sameAs":["https:\/\/www.facebook.com\/RepliqueMangaCine","https:\/\/www.instagram.com\/repliquemangacine.fr\/"]}]}},"_links":{"self":[{"href":"https:\/\/repliquemangacine.fr\/en\/wp-json\/wp\/v2\/product\/79503","targetHints":{"allow":["GET"]}}],"collection":[{"href":"https:\/\/repliquemangacine.fr\/en\/wp-json\/wp\/v2\/product"}],"about":[{"href":"https:\/\/repliquemangacine.fr\/en\/wp-json\/wp\/v2\/types\/product"}],"wp:featuredmedia":[{"embeddable":true,"href":"https:\/\/repliquemangacine.fr\/en\/wp-json\/wp\/v2\/media\/79508"}],"wp:attachment":[{"href":"https:\/\/repliquemangacine.fr\/en\/wp-json\/wp\/v2\/media?parent=79503"}],"wp:term":[{"taxonomy":"product_brand","embeddable":true,"href":"https:\/\/repliquemangacine.fr\/en\/wp-json\/wp\/v2\/product_brand?post=79503"},{"taxonomy":"product_cat","embeddable":true,"href":"https:\/\/repliquemangacine.fr\/en\/wp-json\/wp\/v2\/product_cat?post=79503"},{"taxonomy":"product_tag","embeddable":true,"href":"https:\/\/repliquemangacine.fr\/en\/wp-json\/wp\/v2\/product_tag?post=79503"}],"curies":[{"name":"wp","href":"https:\/\/api.w.org\/{rel}","templated":true}]}}