





{"id":79402,"date":"2024-12-08T12:21:18","date_gmt":"2024-12-08T11:21:18","guid":{"rendered":"https:\/\/repliquemangacine.fr\/?post_type=product&#038;p=79402"},"modified":"2025-12-24T00:08:42","modified_gmt":"2025-12-23T23:08:42","slug":"tanto-dichigo-kurosaki-zanpakuto-bleach","status":"publish","type":"product","link":"https:\/\/repliquemangacine.fr\/en\/katana-bleach\/tanto-dichigo-kurosaki-zanpakuto-bleach\/","title":{"rendered":"Tanto d'ichigo Kurosaki - Zanpakuto Bleach"},"content":{"rendered":"<h2>Tanto by Ichigo Kurosaki: a faithful, elegant replica of the miniature Zangetsu<\/h2>\n<p>First, discover Ichigo Kurosaki's Tanto, an exceptional replica inspired by the legendary Zangetsu in <a href=\"https:\/\/bleach.fandom.com\/fr\/wiki\/Bleach_Wiki\" target=\"_blank\" rel=\"noopener noreferrer\">Bleach<\/a>. Featuring a black steel blade, symbolizing the wearer's spiritual energy. Its handle, covered with black cotton braid, offers a comfortable, authentic grip. A small metal chain is attached to the handle, adding a touch of anime fidelity. The ABS guard has a specific shape, perfectly reproduced for a realistic look. The black lacquered sheath protects the blade and reinforces its sober, powerful aesthetic. Supplied with an ABS stand, ideal for displaying in a collection. With a blade length of 28 cm and an overall length of 45 cm, this replica is perfect for all fans of Bleach and the powerful Shinigami Ichigo Kurosaki.<\/p>\n<h2>Shikai and Bankai: the evolving power of Zanpakut\u014d in Bleach<\/h2>\n<p>In Bleach, Zanpakut\u014d have two forms of evolution: Shikai and Bankai. Each Shinigami must unlock his Shikai by establishing a deep bond with his sword. Moreover, this first transformation reveals some of the weapon's true power. For example, Zangetsu in Shikai becomes a massive blade that Ichigo wields with lightning speed. Bankai, on the other hand, is an ultimate transformation that unleashes the full power of the sword. Ichigo activates his Bankai, Tensa Zangetsu, which transforms his blade into a finer, faster katana, increasing its capabilities exponentially. It's worth noting that each Shinigami has a unique Bankai, amplifying his powers dramatically. Byakuya Kuchiki, T\u014dshir\u014d Hitsugaya and Rukia Kuchiki all possess Bankai with impressive abilities. This Zangetsu-inspired Tanto is a perfect tribute to the evolution of Zanpakut\u014d in the Bleach universe.<\/p>\n<h2>Replica Manga Cine: the world of Bleach in katanas and unique replicas<\/h2>\n<p>On R\u00e9plique Manga Cine, immerse yourself in the world of the Shinigami with faithful replicas of Bleach's katanas. Discover the legendary<a href=\"https:\/\/repliquemangacine.fr\/en\/katana-bleach\/double-zangetsu-ichigo-bleach-zanpakuto\/\"> Ichigo's Zangetsu<\/a>single or Double Zangetsu, inspired by his fusion with his inner Hollow. Then there are the sublime <a href=\"https:\/\/repliquemangacine.fr\/en\/katana-bleach\/katana-rukia-zanpakuto-shirayuki-rukia-kuchiki\/\">Rukia Kuchiki swords<\/a>Byakuya Kuchiki and T\u014dshir\u014d Hitsugaya, available in metal or wood versions. Our replicas are designed with high-quality materials, perfect for collectors and cosplay enthusiasts. Finally, whether you're a fan of Senbonzakura's Bankai, the <a href=\"https:\/\/repliquemangacine.fr\/en\/katana-bleach\/katana-by-toshiro-hitsugaya-zanpakuto-hyorinmaru\/\">Hitsugaya's iced Hy\u014drinmaru<\/a> or Rukia's Sode no Shirayuki, we've got the katana for you. In conclusion, our swords combine realism and meticulous detail for total immersion in the Bleach universe. Find your ideal Shinigami weapon on R\u00e9plique Manga Cine, the essential store for sword and collectible enthusiasts.<\/p>","protected":false},"excerpt":{"rendered":"<p>Superb mini-katana (tanto) replica of Ichigo Kurosaki inspired by the Bleach manga.<\/p>\n<ul>\n<li>Black steel blade<\/li>\n<li>Handle covered with black cotton braid<\/li>\n<li>Small chain<\/li>\n<li>Specially shaped ABS guard<\/li>\n<li>Black lacquered sheath<\/li>\n<li>Supplied with a small ABS stand.<\/li>\n<li>Blade length: 28 cm - Total length: 45 cm<\/li>\n<li>Weight: 260 g with scabbard<\/li>\n<\/ul>","protected":false},"featured_media":79405,"template":"","meta":[],"product_brand":[896],"product_cat":[30],"product_tag":[],"class_list":{"0":"post-79402","1":"product","2":"type-product","3":"status-publish","4":"has-post-thumbnail","6":"product_brand-replique-manga-cine","7":"product_cat-katana-bleach","9":"first","10":"instock","11":"taxable","12":"shipping-taxable","13":"purchasable","14":"product-type-simple"},"yoast_head":"<!-- This site is optimized with the Yoast SEO plugin v27.4 - https:\/\/yoast.com\/product\/yoast-seo-wordpress\/ -->\n<title>Tanto d&#039;ichigo Kurosaki - Zanpakuto Bleach - R\u00e9plique Manga Cin\u00e9<\/title>\n<meta name=\"description\" content=\"D\u00e9couvrez ce superbe Tanto d&#039;ichigo Kurosaki dans Bleach. Ce mini Zanpakuto \u00e0 une lame en acier. Garde en ABS. Livr\u00e9 avec son support. 45 cm\" \/>\n<meta name=\"robots\" content=\"index, follow, max-snippet:-1, max-image-preview:large, max-video-preview:-1\" \/>\n<link rel=\"canonical\" href=\"https:\/\/repliquemangacine.fr\/en\/katana-bleach\/tanto-dichigo-kurosaki-zanpakuto-bleach\/\" \/>\n<meta property=\"og:locale\" content=\"en_US\" \/>\n<meta property=\"og:type\" content=\"article\" \/>\n<meta property=\"og:title\" content=\"Tanto d&#039;ichigo Kurosaki - Zanpakuto Bleach - R\u00e9plique Manga Cin\u00e9\" \/>\n<meta property=\"og:description\" content=\"D\u00e9couvrez ce superbe Tanto d&#039;ichigo Kurosaki dans Bleach. Ce mini Zanpakuto \u00e0 une lame en acier. Garde en ABS. Livr\u00e9 avec son support. 45 cm\" \/>\n<meta property=\"og:url\" content=\"https:\/\/repliquemangacine.fr\/en\/katana-bleach\/tanto-dichigo-kurosaki-zanpakuto-bleach\/\" \/>\n<meta property=\"og:site_name\" content=\"R\u00e9plique Manga Cin\u00e9\" \/>\n<meta property=\"article:publisher\" content=\"https:\/\/www.facebook.com\/RepliqueMangaCine\" \/>\n<meta property=\"article:modified_time\" content=\"2025-12-23T23:08:42+00:00\" \/>\n<meta property=\"og:image\" content=\"https:\/\/repliquemangacine.fr\/wp-content\/uploads\/2024\/12\/Tanto-dichigo-Kurosaki.jpg\" \/>\n\t<meta property=\"og:image:width\" content=\"500\" \/>\n\t<meta property=\"og:image:height\" content=\"500\" \/>\n\t<meta property=\"og:image:type\" content=\"image\/jpeg\" \/>\n<meta name=\"twitter:card\" content=\"summary_large_image\" \/>\n<meta name=\"twitter:label1\" content=\"Est. reading time\" \/>\n\t<meta name=\"twitter:data1\" content=\"3 minutes\" \/>\n<script type=\"application\/ld+json\" class=\"yoast-schema-graph\">{\"@context\":\"https:\\\/\\\/schema.org\",\"@graph\":[{\"@type\":\"WebPage\",\"@id\":\"https:\\\/\\\/repliquemangacine.fr\\\/katana-bleach\\\/tanto-dichigo-kurosaki-zanpakuto-bleach\\\/\",\"url\":\"https:\\\/\\\/repliquemangacine.fr\\\/katana-bleach\\\/tanto-dichigo-kurosaki-zanpakuto-bleach\\\/\",\"name\":\"Tanto d'ichigo Kurosaki - Zanpakuto Bleach - R\u00e9plique Manga Cin\u00e9\",\"isPartOf\":{\"@id\":\"https:\\\/\\\/repliquemangacine.fr\\\/#website\"},\"primaryImageOfPage\":{\"@id\":\"https:\\\/\\\/repliquemangacine.fr\\\/katana-bleach\\\/tanto-dichigo-kurosaki-zanpakuto-bleach\\\/#primaryimage\"},\"image\":{\"@id\":\"https:\\\/\\\/repliquemangacine.fr\\\/katana-bleach\\\/tanto-dichigo-kurosaki-zanpakuto-bleach\\\/#primaryimage\"},\"thumbnailUrl\":\"https:\\\/\\\/repliquemangacine.fr\\\/wp-content\\\/uploads\\\/2024\\\/12\\\/Tanto-dichigo-Kurosaki.jpg\",\"datePublished\":\"2024-12-08T11:21:18+00:00\",\"dateModified\":\"2025-12-23T23:08:42+00:00\",\"description\":\"D\u00e9couvrez ce superbe Tanto d'ichigo Kurosaki dans Bleach. Ce mini Zanpakuto \u00e0 une lame en acier. Garde en ABS. Livr\u00e9 avec son support. 45 cm\",\"breadcrumb\":{\"@id\":\"https:\\\/\\\/repliquemangacine.fr\\\/katana-bleach\\\/tanto-dichigo-kurosaki-zanpakuto-bleach\\\/#breadcrumb\"},\"inLanguage\":\"en-US\",\"potentialAction\":[{\"@type\":\"ReadAction\",\"target\":[\"https:\\\/\\\/repliquemangacine.fr\\\/katana-bleach\\\/tanto-dichigo-kurosaki-zanpakuto-bleach\\\/\"]}]},{\"@type\":\"ImageObject\",\"inLanguage\":\"en-US\",\"@id\":\"https:\\\/\\\/repliquemangacine.fr\\\/katana-bleach\\\/tanto-dichigo-kurosaki-zanpakuto-bleach\\\/#primaryimage\",\"url\":\"https:\\\/\\\/repliquemangacine.fr\\\/wp-content\\\/uploads\\\/2024\\\/12\\\/Tanto-dichigo-Kurosaki.jpg\",\"contentUrl\":\"https:\\\/\\\/repliquemangacine.fr\\\/wp-content\\\/uploads\\\/2024\\\/12\\\/Tanto-dichigo-Kurosaki.jpg\",\"width\":500,\"height\":500,\"caption\":\"Tanto d'ichigo Kurosaki dans Bleach\"},{\"@type\":\"BreadcrumbList\",\"@id\":\"https:\\\/\\\/repliquemangacine.fr\\\/katana-bleach\\\/tanto-dichigo-kurosaki-zanpakuto-bleach\\\/#breadcrumb\",\"itemListElement\":[{\"@type\":\"ListItem\",\"position\":1,\"name\":\"Accueil\",\"item\":\"https:\\\/\\\/repliquemangacine.fr\\\/\"},{\"@type\":\"ListItem\",\"position\":2,\"name\":\"Produits\",\"item\":\"https:\\\/\\\/repliquemangacine.fr\\\/boutique\\\/\"},{\"@type\":\"ListItem\",\"position\":3,\"name\":\"Tanto d&#8217;ichigo Kurosaki &#8211; Zanpakuto Bleach\"}]},{\"@type\":\"WebSite\",\"@id\":\"https:\\\/\\\/repliquemangacine.fr\\\/#website\",\"url\":\"https:\\\/\\\/repliquemangacine.fr\\\/\",\"name\":\"R\u00e9plique Manga Cin\u00e9\",\"description\":\"\",\"publisher\":{\"@id\":\"https:\\\/\\\/repliquemangacine.fr\\\/#organization\"},\"potentialAction\":[{\"@type\":\"SearchAction\",\"target\":{\"@type\":\"EntryPoint\",\"urlTemplate\":\"https:\\\/\\\/repliquemangacine.fr\\\/?s={search_term_string}\"},\"query-input\":{\"@type\":\"PropertyValueSpecification\",\"valueRequired\":true,\"valueName\":\"search_term_string\"}}],\"inLanguage\":\"en-US\"},{\"@type\":\"Organization\",\"@id\":\"https:\\\/\\\/repliquemangacine.fr\\\/#organization\",\"name\":\"R\u00e9plique Manga Cin\u00e9\",\"url\":\"https:\\\/\\\/repliquemangacine.fr\\\/\",\"logo\":{\"@type\":\"ImageObject\",\"inLanguage\":\"en-US\",\"@id\":\"https:\\\/\\\/repliquemangacine.fr\\\/#\\\/schema\\\/logo\\\/image\\\/\",\"url\":\"https:\\\/\\\/repliquemangacine.fr\\\/wp-content\\\/uploads\\\/2023\\\/10\\\/RMC-500250.png\",\"contentUrl\":\"https:\\\/\\\/repliquemangacine.fr\\\/wp-content\\\/uploads\\\/2023\\\/10\\\/RMC-500250.png\",\"width\":500,\"height\":250,\"caption\":\"R\u00e9plique Manga Cin\u00e9\"},\"image\":{\"@id\":\"https:\\\/\\\/repliquemangacine.fr\\\/#\\\/schema\\\/logo\\\/image\\\/\"},\"sameAs\":[\"https:\\\/\\\/www.facebook.com\\\/RepliqueMangaCine\",\"https:\\\/\\\/www.instagram.com\\\/repliquemangacine.fr\\\/\"]}]}<\/script>\n<!-- \/ Yoast SEO plugin. -->","yoast_head_json":{"title":"Tanto d'ichigo Kurosaki - Zanpakuto Bleach - R\u00e9plique Manga Cin\u00e9","description":"Discover this superb Tanto by ichigo Kurosaki in Bleach. This mini Zanpakuto has a steel blade. ABS guard. Supplied with stand. 45 cm long","robots":{"index":"index","follow":"follow","max-snippet":"max-snippet:-1","max-image-preview":"max-image-preview:large","max-video-preview":"max-video-preview:-1"},"canonical":"https:\/\/repliquemangacine.fr\/en\/katana-bleach\/tanto-dichigo-kurosaki-zanpakuto-bleach\/","og_locale":"en_US","og_type":"article","og_title":"Tanto d'ichigo Kurosaki - Zanpakuto Bleach - R\u00e9plique Manga Cin\u00e9","og_description":"D\u00e9couvrez ce superbe Tanto d'ichigo Kurosaki dans Bleach. Ce mini Zanpakuto \u00e0 une lame en acier. Garde en ABS. Livr\u00e9 avec son support. 45 cm","og_url":"https:\/\/repliquemangacine.fr\/en\/katana-bleach\/tanto-dichigo-kurosaki-zanpakuto-bleach\/","og_site_name":"R\u00e9plique Manga Cin\u00e9","article_publisher":"https:\/\/www.facebook.com\/RepliqueMangaCine","article_modified_time":"2025-12-23T23:08:42+00:00","og_image":[{"width":500,"height":500,"url":"https:\/\/repliquemangacine.fr\/wp-content\/uploads\/2024\/12\/Tanto-dichigo-Kurosaki.jpg","type":"image\/jpeg"}],"twitter_card":"summary_large_image","twitter_misc":{"Est. reading time":"3 minutes"},"schema":{"@context":"https:\/\/schema.org","@graph":[{"@type":"WebPage","@id":"https:\/\/repliquemangacine.fr\/katana-bleach\/tanto-dichigo-kurosaki-zanpakuto-bleach\/","url":"https:\/\/repliquemangacine.fr\/katana-bleach\/tanto-dichigo-kurosaki-zanpakuto-bleach\/","name":"Tanto d'ichigo Kurosaki - Zanpakuto Bleach - R\u00e9plique Manga Cin\u00e9","isPartOf":{"@id":"https:\/\/repliquemangacine.fr\/#website"},"primaryImageOfPage":{"@id":"https:\/\/repliquemangacine.fr\/katana-bleach\/tanto-dichigo-kurosaki-zanpakuto-bleach\/#primaryimage"},"image":{"@id":"https:\/\/repliquemangacine.fr\/katana-bleach\/tanto-dichigo-kurosaki-zanpakuto-bleach\/#primaryimage"},"thumbnailUrl":"https:\/\/repliquemangacine.fr\/wp-content\/uploads\/2024\/12\/Tanto-dichigo-Kurosaki.jpg","datePublished":"2024-12-08T11:21:18+00:00","dateModified":"2025-12-23T23:08:42+00:00","description":"Discover this superb Tanto by ichigo Kurosaki in Bleach. This mini Zanpakuto has a steel blade. ABS guard. Supplied with stand. 45 cm long","breadcrumb":{"@id":"https:\/\/repliquemangacine.fr\/katana-bleach\/tanto-dichigo-kurosaki-zanpakuto-bleach\/#breadcrumb"},"inLanguage":"en-US","potentialAction":[{"@type":"ReadAction","target":["https:\/\/repliquemangacine.fr\/katana-bleach\/tanto-dichigo-kurosaki-zanpakuto-bleach\/"]}]},{"@type":"ImageObject","inLanguage":"en-US","@id":"https:\/\/repliquemangacine.fr\/katana-bleach\/tanto-dichigo-kurosaki-zanpakuto-bleach\/#primaryimage","url":"https:\/\/repliquemangacine.fr\/wp-content\/uploads\/2024\/12\/Tanto-dichigo-Kurosaki.jpg","contentUrl":"https:\/\/repliquemangacine.fr\/wp-content\/uploads\/2024\/12\/Tanto-dichigo-Kurosaki.jpg","width":500,"height":500,"caption":"Tanto d'ichigo Kurosaki dans Bleach"},{"@type":"BreadcrumbList","@id":"https:\/\/repliquemangacine.fr\/katana-bleach\/tanto-dichigo-kurosaki-zanpakuto-bleach\/#breadcrumb","itemListElement":[{"@type":"ListItem","position":1,"name":"Accueil","item":"https:\/\/repliquemangacine.fr\/"},{"@type":"ListItem","position":2,"name":"Produits","item":"https:\/\/repliquemangacine.fr\/boutique\/"},{"@type":"ListItem","position":3,"name":"Tanto d&#8217;ichigo Kurosaki &#8211; Zanpakuto Bleach"}]},{"@type":"WebSite","@id":"https:\/\/repliquemangacine.fr\/#website","url":"https:\/\/repliquemangacine.fr\/","name":"R\u00e9plique Manga Cin\u00e9","description":"","publisher":{"@id":"https:\/\/repliquemangacine.fr\/#organization"},"potentialAction":[{"@type":"SearchAction","target":{"@type":"EntryPoint","urlTemplate":"https:\/\/repliquemangacine.fr\/?s={search_term_string}"},"query-input":{"@type":"PropertyValueSpecification","valueRequired":true,"valueName":"search_term_string"}}],"inLanguage":"en-US"},{"@type":"Organization","@id":"https:\/\/repliquemangacine.fr\/#organization","name":"R\u00e9plique Manga Cin\u00e9","url":"https:\/\/repliquemangacine.fr\/","logo":{"@type":"ImageObject","inLanguage":"en-US","@id":"https:\/\/repliquemangacine.fr\/#\/schema\/logo\/image\/","url":"https:\/\/repliquemangacine.fr\/wp-content\/uploads\/2023\/10\/RMC-500250.png","contentUrl":"https:\/\/repliquemangacine.fr\/wp-content\/uploads\/2023\/10\/RMC-500250.png","width":500,"height":250,"caption":"R\u00e9plique Manga Cin\u00e9"},"image":{"@id":"https:\/\/repliquemangacine.fr\/#\/schema\/logo\/image\/"},"sameAs":["https:\/\/www.facebook.com\/RepliqueMangaCine","https:\/\/www.instagram.com\/repliquemangacine.fr\/"]}]}},"_links":{"self":[{"href":"https:\/\/repliquemangacine.fr\/en\/wp-json\/wp\/v2\/product\/79402","targetHints":{"allow":["GET"]}}],"collection":[{"href":"https:\/\/repliquemangacine.fr\/en\/wp-json\/wp\/v2\/product"}],"about":[{"href":"https:\/\/repliquemangacine.fr\/en\/wp-json\/wp\/v2\/types\/product"}],"wp:featuredmedia":[{"embeddable":true,"href":"https:\/\/repliquemangacine.fr\/en\/wp-json\/wp\/v2\/media\/79405"}],"wp:attachment":[{"href":"https:\/\/repliquemangacine.fr\/en\/wp-json\/wp\/v2\/media?parent=79402"}],"wp:term":[{"taxonomy":"product_brand","embeddable":true,"href":"https:\/\/repliquemangacine.fr\/en\/wp-json\/wp\/v2\/product_brand?post=79402"},{"taxonomy":"product_cat","embeddable":true,"href":"https:\/\/repliquemangacine.fr\/en\/wp-json\/wp\/v2\/product_cat?post=79402"},{"taxonomy":"product_tag","embeddable":true,"href":"https:\/\/repliquemangacine.fr\/en\/wp-json\/wp\/v2\/product_tag?post=79402"}],"curies":[{"name":"wp","href":"https:\/\/api.w.org\/{rel}","templated":true}]}}