





{"id":79359,"date":"2024-12-07T19:35:35","date_gmt":"2024-12-07T18:35:35","guid":{"rendered":"https:\/\/repliquemangacine.fr\/?post_type=product&#038;p=79359"},"modified":"2025-12-16T21:36:01","modified_gmt":"2025-12-16T20:36:01","slug":"tanto-de-zenitsu-agatsuma-demon-slayer","status":"publish","type":"product","link":"https:\/\/repliquemangacine.fr\/en\/tanto-mini-katana-demon-slayer\/tanto-de-zenitsu-agatsuma-demon-slayer\/","title":{"rendered":"Tanto by Zenitsu Agatsuma - Demon Slayer"},"content":{"rendered":"<h2>Zenitsu Agatsuma's Tanto: Demon Slayer's Yellow Lightning Blade<\/h2>\n<p>To begin with, the <strong>Tanto by Zenitsu Agatsuma<\/strong>from the famous Demon Slayer series, is a unique and iconic object. With a steel blade adorned with a bright yellow flame motif. This replica is the perfect embodiment of Zenitsu's energy and lightning speed. Measuring 45 cm in total, this mini-katana combines aesthetics and maneuverability, just like its owner in the anime. Its captivating design and attention to detail make it a must-have for fans of the series. In conclusion, to display proudly or use in impressive cosplays.<\/p>\n<h2>A Unique Mini Katana True to the Spirit of Zenitsu<\/h2>\n<p>This tanto, with its white lacquered wooden scabbard, reflects Zenitsu Agatsuma's singular personality: purity and brilliance. Its blade, decorated with yellow flames, represents the power of the Breath of Lightning technique. Easy to handle thanks to its compact size, this replica captures the essence of Zenitsu's fast, precise fighting. Halfway between a weapon and a work of art, it will appeal equally to Zenitsu fans. <a href=\"https:\/\/demon-slayer.fr\/wiki\/\">Demon Slayer<\/a> Japanese replica enthusiasts. Its small size also makes it ideal for an exhibition or to complete a costume faithful to the character.<\/p>\n<h2>Discover the Zenitsu Tanto and other Exceptional Replicas<\/h2>\n<p>At R\u00e9plique Manga Cin\u00e9, Zenitsu Agatsuma's tanto joins a collection of iconic Japanese weapons. Perfect for enriching your Demon Slayer universe, it is the perfect complement to our <a href=\"https:\/\/repliquemangacine.fr\/en\/katana-luminous-demon-slayer\/\">luminous katanas<\/a> inspired by Tanjiro and Rengoku. Our products are carefully designed to satisfy fans of anime and Japanese culture. Whether for gift-giving, collecting or cosplay, this 45 cm blade, with its refined white sheath and bright decoration, is a real gem. Also explore our other replicas, such as the <a href=\"https:\/\/repliquemangacine.fr\/en\/one-piece-metal-katana\/\">katanas from One Piece<\/a> or the <a href=\"https:\/\/repliquemangacine.fr\/en\/epee-the-witcher\/\">swords from The Witcher<\/a>and immerse yourself in a world of authenticity and passion.<\/p>","protected":false},"excerpt":{"rendered":"<p>Check out this superb mini-katana (Tanto) by Zenitsu Agatsuman in Demon Slayer.<\/p>\n<ul>\n<li>Two-tone steel blade with yellow flame<\/li>\n<li>Specially shaped metal guard<\/li>\n<li>White lacquered wooden scabbard<\/li>\n<li>Supplied with a small ABS stand<\/li>\n<li>Blade length: 28 cm - Total length: 45 cm<\/li>\n<li>Weight with scabbard: 235 gr<\/li>\n<\/ul>","protected":false},"featured_media":79361,"template":"","meta":[],"product_brand":[896],"product_cat":[63,118],"product_tag":[],"class_list":{"0":"post-79359","1":"product","2":"type-product","3":"status-publish","4":"has-post-thumbnail","6":"product_brand-replique-manga-cine","7":"product_cat-katana-demon-slayer","8":"product_cat-tanto-mini-katana-demon-slayer","10":"first","11":"instock","12":"taxable","13":"shipping-taxable","14":"purchasable","15":"product-type-simple"},"yoast_head":"<!-- This site is optimized with the Yoast SEO plugin v27.4 - https:\/\/yoast.com\/product\/yoast-seo-wordpress\/ -->\n<title>Tanto de Zenitsu Agatsuma - Demon Slayer - R\u00e9plique Manga Cin\u00e9<\/title>\n<meta name=\"description\" content=\"D\u00e9couvrez ce superbe Tanto de Zenitsu Agatsuma dans D\u00e9mon Slayer. Lame en acier d\u00e9cor\u00e9 d&#039;une flamme jaune. Fourreau bois laqu\u00e9 blanc. Support. 45 cm\" \/>\n<meta name=\"robots\" content=\"index, follow, max-snippet:-1, max-image-preview:large, max-video-preview:-1\" \/>\n<link rel=\"canonical\" href=\"https:\/\/repliquemangacine.fr\/en\/tanto-mini-katana-demon-slayer\/tanto-de-zenitsu-agatsuma-demon-slayer\/\" \/>\n<meta property=\"og:locale\" content=\"en_US\" \/>\n<meta property=\"og:type\" content=\"article\" \/>\n<meta property=\"og:title\" content=\"Tanto de Zenitsu Agatsuma - Demon Slayer - R\u00e9plique Manga Cin\u00e9\" \/>\n<meta property=\"og:description\" content=\"D\u00e9couvrez ce superbe Tanto de Zenitsu Agatsuma dans D\u00e9mon Slayer. Lame en acier d\u00e9cor\u00e9 d&#039;une flamme jaune. Fourreau bois laqu\u00e9 blanc. Support. 45 cm\" \/>\n<meta property=\"og:url\" content=\"https:\/\/repliquemangacine.fr\/en\/tanto-mini-katana-demon-slayer\/tanto-de-zenitsu-agatsuma-demon-slayer\/\" \/>\n<meta property=\"og:site_name\" content=\"R\u00e9plique Manga Cin\u00e9\" \/>\n<meta property=\"article:publisher\" content=\"https:\/\/www.facebook.com\/RepliqueMangaCine\" \/>\n<meta property=\"article:modified_time\" content=\"2025-12-16T20:36:01+00:00\" \/>\n<meta property=\"og:image\" content=\"https:\/\/repliquemangacine.fr\/wp-content\/uploads\/2024\/12\/Tanto-de-Zenitsu-Agatsuma.jpg\" \/>\n\t<meta property=\"og:image:width\" content=\"500\" \/>\n\t<meta property=\"og:image:height\" content=\"500\" \/>\n\t<meta property=\"og:image:type\" content=\"image\/jpeg\" \/>\n<meta name=\"twitter:card\" content=\"summary_large_image\" \/>\n<meta name=\"twitter:label1\" content=\"Est. reading time\" \/>\n\t<meta name=\"twitter:data1\" content=\"2 minutes\" \/>\n<script type=\"application\/ld+json\" class=\"yoast-schema-graph\">{\"@context\":\"https:\\\/\\\/schema.org\",\"@graph\":[{\"@type\":\"WebPage\",\"@id\":\"https:\\\/\\\/repliquemangacine.fr\\\/tanto-mini-katana-demon-slayer\\\/tanto-de-zenitsu-agatsuma-demon-slayer\\\/\",\"url\":\"https:\\\/\\\/repliquemangacine.fr\\\/tanto-mini-katana-demon-slayer\\\/tanto-de-zenitsu-agatsuma-demon-slayer\\\/\",\"name\":\"Tanto de Zenitsu Agatsuma - Demon Slayer - R\u00e9plique Manga Cin\u00e9\",\"isPartOf\":{\"@id\":\"https:\\\/\\\/repliquemangacine.fr\\\/#website\"},\"primaryImageOfPage\":{\"@id\":\"https:\\\/\\\/repliquemangacine.fr\\\/tanto-mini-katana-demon-slayer\\\/tanto-de-zenitsu-agatsuma-demon-slayer\\\/#primaryimage\"},\"image\":{\"@id\":\"https:\\\/\\\/repliquemangacine.fr\\\/tanto-mini-katana-demon-slayer\\\/tanto-de-zenitsu-agatsuma-demon-slayer\\\/#primaryimage\"},\"thumbnailUrl\":\"https:\\\/\\\/repliquemangacine.fr\\\/wp-content\\\/uploads\\\/2024\\\/12\\\/Tanto-de-Zenitsu-Agatsuma.jpg\",\"datePublished\":\"2024-12-07T18:35:35+00:00\",\"dateModified\":\"2025-12-16T20:36:01+00:00\",\"description\":\"D\u00e9couvrez ce superbe Tanto de Zenitsu Agatsuma dans D\u00e9mon Slayer. Lame en acier d\u00e9cor\u00e9 d'une flamme jaune. Fourreau bois laqu\u00e9 blanc. Support. 45 cm\",\"breadcrumb\":{\"@id\":\"https:\\\/\\\/repliquemangacine.fr\\\/tanto-mini-katana-demon-slayer\\\/tanto-de-zenitsu-agatsuma-demon-slayer\\\/#breadcrumb\"},\"inLanguage\":\"en-US\",\"potentialAction\":[{\"@type\":\"ReadAction\",\"target\":[\"https:\\\/\\\/repliquemangacine.fr\\\/tanto-mini-katana-demon-slayer\\\/tanto-de-zenitsu-agatsuma-demon-slayer\\\/\"]}]},{\"@type\":\"ImageObject\",\"inLanguage\":\"en-US\",\"@id\":\"https:\\\/\\\/repliquemangacine.fr\\\/tanto-mini-katana-demon-slayer\\\/tanto-de-zenitsu-agatsuma-demon-slayer\\\/#primaryimage\",\"url\":\"https:\\\/\\\/repliquemangacine.fr\\\/wp-content\\\/uploads\\\/2024\\\/12\\\/Tanto-de-Zenitsu-Agatsuma.jpg\",\"contentUrl\":\"https:\\\/\\\/repliquemangacine.fr\\\/wp-content\\\/uploads\\\/2024\\\/12\\\/Tanto-de-Zenitsu-Agatsuma.jpg\",\"width\":500,\"height\":500,\"caption\":\"Tanto de Zenitsu Agatsuma\"},{\"@type\":\"BreadcrumbList\",\"@id\":\"https:\\\/\\\/repliquemangacine.fr\\\/tanto-mini-katana-demon-slayer\\\/tanto-de-zenitsu-agatsuma-demon-slayer\\\/#breadcrumb\",\"itemListElement\":[{\"@type\":\"ListItem\",\"position\":1,\"name\":\"Accueil\",\"item\":\"https:\\\/\\\/repliquemangacine.fr\\\/\"},{\"@type\":\"ListItem\",\"position\":2,\"name\":\"Produits\",\"item\":\"https:\\\/\\\/repliquemangacine.fr\\\/boutique\\\/\"},{\"@type\":\"ListItem\",\"position\":3,\"name\":\"Tanto de Zenitsu Agatsuma &#8211; Demon Slayer\"}]},{\"@type\":\"WebSite\",\"@id\":\"https:\\\/\\\/repliquemangacine.fr\\\/#website\",\"url\":\"https:\\\/\\\/repliquemangacine.fr\\\/\",\"name\":\"R\u00e9plique Manga Cin\u00e9\",\"description\":\"\",\"publisher\":{\"@id\":\"https:\\\/\\\/repliquemangacine.fr\\\/#organization\"},\"potentialAction\":[{\"@type\":\"SearchAction\",\"target\":{\"@type\":\"EntryPoint\",\"urlTemplate\":\"https:\\\/\\\/repliquemangacine.fr\\\/?s={search_term_string}\"},\"query-input\":{\"@type\":\"PropertyValueSpecification\",\"valueRequired\":true,\"valueName\":\"search_term_string\"}}],\"inLanguage\":\"en-US\"},{\"@type\":\"Organization\",\"@id\":\"https:\\\/\\\/repliquemangacine.fr\\\/#organization\",\"name\":\"R\u00e9plique Manga Cin\u00e9\",\"url\":\"https:\\\/\\\/repliquemangacine.fr\\\/\",\"logo\":{\"@type\":\"ImageObject\",\"inLanguage\":\"en-US\",\"@id\":\"https:\\\/\\\/repliquemangacine.fr\\\/#\\\/schema\\\/logo\\\/image\\\/\",\"url\":\"https:\\\/\\\/repliquemangacine.fr\\\/wp-content\\\/uploads\\\/2023\\\/10\\\/RMC-500250.png\",\"contentUrl\":\"https:\\\/\\\/repliquemangacine.fr\\\/wp-content\\\/uploads\\\/2023\\\/10\\\/RMC-500250.png\",\"width\":500,\"height\":250,\"caption\":\"R\u00e9plique Manga Cin\u00e9\"},\"image\":{\"@id\":\"https:\\\/\\\/repliquemangacine.fr\\\/#\\\/schema\\\/logo\\\/image\\\/\"},\"sameAs\":[\"https:\\\/\\\/www.facebook.com\\\/RepliqueMangaCine\",\"https:\\\/\\\/www.instagram.com\\\/repliquemangacine.fr\\\/\"]}]}<\/script>\n<!-- \/ Yoast SEO plugin. -->","yoast_head_json":{"title":"Tanto de Zenitsu Agatsuma - Demon Slayer - R\u00e9plique Manga Cin\u00e9","description":"Discover this superb Tanto by Zenitsu Agatsuma in Demon Slayer. Steel blade decorated with a yellow flame. White lacquered wooden scabbard. Stand. 45 cm","robots":{"index":"index","follow":"follow","max-snippet":"max-snippet:-1","max-image-preview":"max-image-preview:large","max-video-preview":"max-video-preview:-1"},"canonical":"https:\/\/repliquemangacine.fr\/en\/tanto-mini-katana-demon-slayer\/tanto-de-zenitsu-agatsuma-demon-slayer\/","og_locale":"en_US","og_type":"article","og_title":"Tanto de Zenitsu Agatsuma - Demon Slayer - R\u00e9plique Manga Cin\u00e9","og_description":"D\u00e9couvrez ce superbe Tanto de Zenitsu Agatsuma dans D\u00e9mon Slayer. Lame en acier d\u00e9cor\u00e9 d'une flamme jaune. Fourreau bois laqu\u00e9 blanc. Support. 45 cm","og_url":"https:\/\/repliquemangacine.fr\/en\/tanto-mini-katana-demon-slayer\/tanto-de-zenitsu-agatsuma-demon-slayer\/","og_site_name":"R\u00e9plique Manga Cin\u00e9","article_publisher":"https:\/\/www.facebook.com\/RepliqueMangaCine","article_modified_time":"2025-12-16T20:36:01+00:00","og_image":[{"width":500,"height":500,"url":"https:\/\/repliquemangacine.fr\/wp-content\/uploads\/2024\/12\/Tanto-de-Zenitsu-Agatsuma.jpg","type":"image\/jpeg"}],"twitter_card":"summary_large_image","twitter_misc":{"Est. reading time":"2 minutes"},"schema":{"@context":"https:\/\/schema.org","@graph":[{"@type":"WebPage","@id":"https:\/\/repliquemangacine.fr\/tanto-mini-katana-demon-slayer\/tanto-de-zenitsu-agatsuma-demon-slayer\/","url":"https:\/\/repliquemangacine.fr\/tanto-mini-katana-demon-slayer\/tanto-de-zenitsu-agatsuma-demon-slayer\/","name":"Tanto de Zenitsu Agatsuma - Demon Slayer - R\u00e9plique Manga Cin\u00e9","isPartOf":{"@id":"https:\/\/repliquemangacine.fr\/#website"},"primaryImageOfPage":{"@id":"https:\/\/repliquemangacine.fr\/tanto-mini-katana-demon-slayer\/tanto-de-zenitsu-agatsuma-demon-slayer\/#primaryimage"},"image":{"@id":"https:\/\/repliquemangacine.fr\/tanto-mini-katana-demon-slayer\/tanto-de-zenitsu-agatsuma-demon-slayer\/#primaryimage"},"thumbnailUrl":"https:\/\/repliquemangacine.fr\/wp-content\/uploads\/2024\/12\/Tanto-de-Zenitsu-Agatsuma.jpg","datePublished":"2024-12-07T18:35:35+00:00","dateModified":"2025-12-16T20:36:01+00:00","description":"Discover this superb Tanto by Zenitsu Agatsuma in Demon Slayer. Steel blade decorated with a yellow flame. White lacquered wooden scabbard. Stand. 45 cm","breadcrumb":{"@id":"https:\/\/repliquemangacine.fr\/tanto-mini-katana-demon-slayer\/tanto-de-zenitsu-agatsuma-demon-slayer\/#breadcrumb"},"inLanguage":"en-US","potentialAction":[{"@type":"ReadAction","target":["https:\/\/repliquemangacine.fr\/tanto-mini-katana-demon-slayer\/tanto-de-zenitsu-agatsuma-demon-slayer\/"]}]},{"@type":"ImageObject","inLanguage":"en-US","@id":"https:\/\/repliquemangacine.fr\/tanto-mini-katana-demon-slayer\/tanto-de-zenitsu-agatsuma-demon-slayer\/#primaryimage","url":"https:\/\/repliquemangacine.fr\/wp-content\/uploads\/2024\/12\/Tanto-de-Zenitsu-Agatsuma.jpg","contentUrl":"https:\/\/repliquemangacine.fr\/wp-content\/uploads\/2024\/12\/Tanto-de-Zenitsu-Agatsuma.jpg","width":500,"height":500,"caption":"Tanto de Zenitsu Agatsuma"},{"@type":"BreadcrumbList","@id":"https:\/\/repliquemangacine.fr\/tanto-mini-katana-demon-slayer\/tanto-de-zenitsu-agatsuma-demon-slayer\/#breadcrumb","itemListElement":[{"@type":"ListItem","position":1,"name":"Accueil","item":"https:\/\/repliquemangacine.fr\/"},{"@type":"ListItem","position":2,"name":"Produits","item":"https:\/\/repliquemangacine.fr\/boutique\/"},{"@type":"ListItem","position":3,"name":"Tanto de Zenitsu Agatsuma &#8211; Demon Slayer"}]},{"@type":"WebSite","@id":"https:\/\/repliquemangacine.fr\/#website","url":"https:\/\/repliquemangacine.fr\/","name":"R\u00e9plique Manga Cin\u00e9","description":"","publisher":{"@id":"https:\/\/repliquemangacine.fr\/#organization"},"potentialAction":[{"@type":"SearchAction","target":{"@type":"EntryPoint","urlTemplate":"https:\/\/repliquemangacine.fr\/?s={search_term_string}"},"query-input":{"@type":"PropertyValueSpecification","valueRequired":true,"valueName":"search_term_string"}}],"inLanguage":"en-US"},{"@type":"Organization","@id":"https:\/\/repliquemangacine.fr\/#organization","name":"R\u00e9plique Manga Cin\u00e9","url":"https:\/\/repliquemangacine.fr\/","logo":{"@type":"ImageObject","inLanguage":"en-US","@id":"https:\/\/repliquemangacine.fr\/#\/schema\/logo\/image\/","url":"https:\/\/repliquemangacine.fr\/wp-content\/uploads\/2023\/10\/RMC-500250.png","contentUrl":"https:\/\/repliquemangacine.fr\/wp-content\/uploads\/2023\/10\/RMC-500250.png","width":500,"height":250,"caption":"R\u00e9plique Manga Cin\u00e9"},"image":{"@id":"https:\/\/repliquemangacine.fr\/#\/schema\/logo\/image\/"},"sameAs":["https:\/\/www.facebook.com\/RepliqueMangaCine","https:\/\/www.instagram.com\/repliquemangacine.fr\/"]}]}},"_links":{"self":[{"href":"https:\/\/repliquemangacine.fr\/en\/wp-json\/wp\/v2\/product\/79359","targetHints":{"allow":["GET"]}}],"collection":[{"href":"https:\/\/repliquemangacine.fr\/en\/wp-json\/wp\/v2\/product"}],"about":[{"href":"https:\/\/repliquemangacine.fr\/en\/wp-json\/wp\/v2\/types\/product"}],"wp:featuredmedia":[{"embeddable":true,"href":"https:\/\/repliquemangacine.fr\/en\/wp-json\/wp\/v2\/media\/79361"}],"wp:attachment":[{"href":"https:\/\/repliquemangacine.fr\/en\/wp-json\/wp\/v2\/media?parent=79359"}],"wp:term":[{"taxonomy":"product_brand","embeddable":true,"href":"https:\/\/repliquemangacine.fr\/en\/wp-json\/wp\/v2\/product_brand?post=79359"},{"taxonomy":"product_cat","embeddable":true,"href":"https:\/\/repliquemangacine.fr\/en\/wp-json\/wp\/v2\/product_cat?post=79359"},{"taxonomy":"product_tag","embeddable":true,"href":"https:\/\/repliquemangacine.fr\/en\/wp-json\/wp\/v2\/product_tag?post=79359"}],"curies":[{"name":"wp","href":"https:\/\/api.w.org\/{rel}","templated":true}]}}