





{"id":78735,"date":"2024-11-30T21:35:41","date_gmt":"2024-11-30T20:35:41","guid":{"rendered":"https:\/\/repliquemangacine.fr\/?post_type=product&#038;p=78735"},"modified":"2026-01-11T15:34:52","modified_gmt":"2026-01-11T14:34:52","slug":"mauser-k98-antique-rifle","status":"publish","type":"product","link":"https:\/\/repliquemangacine.fr\/en\/reproductions-armes-seconde-guerre-mondiale-denix\/carabine-mauser-k98-vieilli\/","title":{"rendered":"Vintage Mauser K98 rifle"},"content":{"rendered":"<h2>The Mauser K98 Carbine: An Authentic Replica with Aged Charm<\/h2>\n<p>First of all, discover the exceptional replica of the <strong>Mauser K98 rifle<\/strong>. An emblematic rifle of the Second World War, revisited by <a href=\"https:\/\/www.denix.fr\/fr\/catalogue\/nouveautes\/\" target=\"_blank\" rel=\"noopener noreferrer\">Denix<\/a> in an aged, patinated version. This model, used by German forces between 1935 and 1945, was a veritable symbol of military engineering at the time. The aged finish of this replica lends a striking realism, evoking a weapon that has survived decades of conflict. Made from sturdy metal and real wood. It faithfully reproduces the original details, from the breech to the barrel. This inert replica is ideal for history buffs, collectors or re-enactment enthusiasts.<\/p>\n<p>Each piece is hand-patinated, guaranteeing a unique, authentic appearance. With its dimensions faithful to the original and its realistic weight. The patinated Mauser K98 from Denix, a true immersion in military history.<\/p>\n<h2>A Complete Collection of Patinated Replicas by Denix<\/h2>\n<p>In addition to the Mauser K98 rifle, Denix offers an impressive range of patinated and aged replica weapons. Each paying tribute to a key period in history. Discover the <a href=\"https:\/\/repliquemangacine.fr\/en\/colt-pistol\/revolver-confedere-1860-aged\/\">Confederate Colt 1860<\/a>with its antique finish evoking the charm of American Civil War weapons. Also explore the <a href=\"https:\/\/repliquemangacine.fr\/en\/western-weapons\/winchester-mares-aged-leg\/\">Mare's Leg<\/a>the famous shortened rifle popularized by Westerns and the <a href=\"https:\/\/repliquemangacine.fr\/en\/reproductions-weapons-second-world-war-denix\/aged-luger-p08-pistol\/\">Luger P08 pistol<\/a>a true icon of the Second World War. Made from quality materials, their aged finish lends a striking realism. Passionate about westerns, weapons of war or historical epics. This patinated collection lets you travel through the ages, while enriching your collection with unique objects.<\/p>\n<h2>Why choose the aged Mauser K98 rifle and how it is made?<\/h2>\n<p>The Mauser K98 rifle is not just a replica, it's a piece of history in your hands. Choosing this model means opting for authenticity and craftsmanship. Made from superior quality metal and wood. Designed to be faithful to the original while remaining inert, in compliance with replica gun regulations. In fact, all mechanisms work, but it is totally unfit for firing. Hand-aged to create a unique finish that simulates the effects of time. It's worth noting that this artisanal process guarantees a piece as beautiful as it is authentic, perfect for enriching a collection or sublimating a decoration. In conclusion, with Denix, you invest in a replica that combines aesthetics, history and durability.<\/p>","protected":false},"excerpt":{"rendered":"<p>Superb reproduction of the Mauser K98 rifle with Denix's patina and aged finish for added realism.<\/p>\n<ul>\n<li>Solid wood stock and barrel.<\/li>\n<li>Metal parts in weathered Zamac.<\/li>\n<li>Guns and hits, but totally unfit to shoot.<\/li>\n<li><strong>No authorization required. Free sale and possession<\/strong><\/li>\n<li>Length : 110.5 cm - Weight : 2925 grs<\/li>\n<\/ul>","protected":false},"featured_media":84749,"template":"","meta":[],"product_brand":[896],"product_cat":[54,40,28,76],"product_tag":[],"class_list":{"0":"post-78735","1":"product","2":"type-product","3":"status-publish","4":"has-post-thumbnail","6":"product_brand-replique-manga-cine","7":"product_cat-armes-accessoires-guerre-mondiale","8":"product_cat-pistolet-moderne","9":"product_cat-repliques-darmes","10":"product_cat-reproductions-armes-seconde-guerre-mondiale-denix","12":"first","13":"instock","14":"sale","15":"taxable","16":"shipping-taxable","17":"purchasable","18":"product-type-simple"},"yoast_head":"<!-- This site is optimized with the Yoast SEO plugin v27.5 - https:\/\/yoast.com\/product\/yoast-seo-wordpress\/ -->\n<title>Carabine Mauser K98 Vieilli - R\u00e9plique Manga Cin\u00e9<\/title>\n<meta name=\"description\" content=\"Superbe reproduction de la Carabine Mauser K98 Vieilli de Denix. En m\u00e9tal et bois. M\u00e9canisme fonctionnel. Patin\u00e9e et vieillie pour plus de r\u00e9alisme.\" \/>\n<meta name=\"robots\" content=\"index, follow, max-snippet:-1, max-image-preview:large, max-video-preview:-1\" \/>\n<link rel=\"canonical\" href=\"https:\/\/repliquemangacine.fr\/en\/reproductions-weapons-second-world-war-denix\/mauser-k98-antique-rifle\/\" \/>\n<meta property=\"og:locale\" content=\"en_US\" \/>\n<meta property=\"og:type\" content=\"article\" \/>\n<meta property=\"og:title\" content=\"Carabine Mauser K98 Vieilli - R\u00e9plique Manga Cin\u00e9\" \/>\n<meta property=\"og:description\" content=\"Superbe reproduction de la Carabine Mauser K98 Vieilli de Denix. En m\u00e9tal et bois. M\u00e9canisme fonctionnel. Patin\u00e9e et vieillie pour plus de r\u00e9alisme.\" \/>\n<meta property=\"og:url\" content=\"https:\/\/repliquemangacine.fr\/en\/reproductions-weapons-second-world-war-denix\/mauser-k98-antique-rifle\/\" \/>\n<meta property=\"og:site_name\" content=\"R\u00e9plique Manga Cin\u00e9\" \/>\n<meta property=\"article:publisher\" content=\"https:\/\/www.facebook.com\/RepliqueMangaCine\" \/>\n<meta property=\"article:modified_time\" content=\"2026-01-11T14:34:52+00:00\" \/>\n<meta property=\"og:image\" content=\"https:\/\/repliquemangacine.fr\/wp-content\/uploads\/2024\/11\/Carabine-Mauser-K98-vieilli-1.jpg\" \/>\n\t<meta property=\"og:image:width\" content=\"800\" \/>\n\t<meta property=\"og:image:height\" content=\"800\" \/>\n\t<meta property=\"og:image:type\" content=\"image\/jpeg\" \/>\n<meta name=\"twitter:card\" content=\"summary_large_image\" \/>\n<meta name=\"twitter:label1\" content=\"Est. reading time\" \/>\n\t<meta name=\"twitter:data1\" content=\"3 minutes\" \/>\n<script type=\"application\/ld+json\" class=\"yoast-schema-graph\">{\"@context\":\"https:\\\/\\\/schema.org\",\"@graph\":[{\"@type\":\"WebPage\",\"@id\":\"https:\\\/\\\/repliquemangacine.fr\\\/reproductions-armes-seconde-guerre-mondiale-denix\\\/carabine-mauser-k98-vieilli\\\/\",\"url\":\"https:\\\/\\\/repliquemangacine.fr\\\/reproductions-armes-seconde-guerre-mondiale-denix\\\/carabine-mauser-k98-vieilli\\\/\",\"name\":\"Carabine Mauser K98 Vieilli - R\u00e9plique Manga Cin\u00e9\",\"isPartOf\":{\"@id\":\"https:\\\/\\\/repliquemangacine.fr\\\/#website\"},\"primaryImageOfPage\":{\"@id\":\"https:\\\/\\\/repliquemangacine.fr\\\/reproductions-armes-seconde-guerre-mondiale-denix\\\/carabine-mauser-k98-vieilli\\\/#primaryimage\"},\"image\":{\"@id\":\"https:\\\/\\\/repliquemangacine.fr\\\/reproductions-armes-seconde-guerre-mondiale-denix\\\/carabine-mauser-k98-vieilli\\\/#primaryimage\"},\"thumbnailUrl\":\"https:\\\/\\\/repliquemangacine.fr\\\/wp-content\\\/uploads\\\/2024\\\/11\\\/Carabine-Mauser-K98-vieilli-1.jpg\",\"datePublished\":\"2024-11-30T20:35:41+00:00\",\"dateModified\":\"2026-01-11T14:34:52+00:00\",\"description\":\"Superbe reproduction de la Carabine Mauser K98 Vieilli de Denix. En m\u00e9tal et bois. M\u00e9canisme fonctionnel. Patin\u00e9e et vieillie pour plus de r\u00e9alisme.\",\"breadcrumb\":{\"@id\":\"https:\\\/\\\/repliquemangacine.fr\\\/reproductions-armes-seconde-guerre-mondiale-denix\\\/carabine-mauser-k98-vieilli\\\/#breadcrumb\"},\"inLanguage\":\"en-US\",\"potentialAction\":[{\"@type\":\"ReadAction\",\"target\":[\"https:\\\/\\\/repliquemangacine.fr\\\/reproductions-armes-seconde-guerre-mondiale-denix\\\/carabine-mauser-k98-vieilli\\\/\"]}]},{\"@type\":\"ImageObject\",\"inLanguage\":\"en-US\",\"@id\":\"https:\\\/\\\/repliquemangacine.fr\\\/reproductions-armes-seconde-guerre-mondiale-denix\\\/carabine-mauser-k98-vieilli\\\/#primaryimage\",\"url\":\"https:\\\/\\\/repliquemangacine.fr\\\/wp-content\\\/uploads\\\/2024\\\/11\\\/Carabine-Mauser-K98-vieilli-1.jpg\",\"contentUrl\":\"https:\\\/\\\/repliquemangacine.fr\\\/wp-content\\\/uploads\\\/2024\\\/11\\\/Carabine-Mauser-K98-vieilli-1.jpg\",\"width\":800,\"height\":800,\"caption\":\"Carabine Mauser K98 vieilli\"},{\"@type\":\"BreadcrumbList\",\"@id\":\"https:\\\/\\\/repliquemangacine.fr\\\/reproductions-armes-seconde-guerre-mondiale-denix\\\/carabine-mauser-k98-vieilli\\\/#breadcrumb\",\"itemListElement\":[{\"@type\":\"ListItem\",\"position\":1,\"name\":\"Accueil\",\"item\":\"https:\\\/\\\/repliquemangacine.fr\\\/\"},{\"@type\":\"ListItem\",\"position\":2,\"name\":\"Produits\",\"item\":\"https:\\\/\\\/repliquemangacine.fr\\\/boutique\\\/\"},{\"@type\":\"ListItem\",\"position\":3,\"name\":\"Carabine Mauser K98 Vieilli\"}]},{\"@type\":\"WebSite\",\"@id\":\"https:\\\/\\\/repliquemangacine.fr\\\/#website\",\"url\":\"https:\\\/\\\/repliquemangacine.fr\\\/\",\"name\":\"R\u00e9plique Manga Cin\u00e9\",\"description\":\"\",\"publisher\":{\"@id\":\"https:\\\/\\\/repliquemangacine.fr\\\/#organization\"},\"potentialAction\":[{\"@type\":\"SearchAction\",\"target\":{\"@type\":\"EntryPoint\",\"urlTemplate\":\"https:\\\/\\\/repliquemangacine.fr\\\/?s={search_term_string}\"},\"query-input\":{\"@type\":\"PropertyValueSpecification\",\"valueRequired\":true,\"valueName\":\"search_term_string\"}}],\"inLanguage\":\"en-US\"},{\"@type\":\"Organization\",\"@id\":\"https:\\\/\\\/repliquemangacine.fr\\\/#organization\",\"name\":\"R\u00e9plique Manga Cin\u00e9\",\"url\":\"https:\\\/\\\/repliquemangacine.fr\\\/\",\"logo\":{\"@type\":\"ImageObject\",\"inLanguage\":\"en-US\",\"@id\":\"https:\\\/\\\/repliquemangacine.fr\\\/#\\\/schema\\\/logo\\\/image\\\/\",\"url\":\"https:\\\/\\\/repliquemangacine.fr\\\/wp-content\\\/uploads\\\/2023\\\/10\\\/RMC-500250.png\",\"contentUrl\":\"https:\\\/\\\/repliquemangacine.fr\\\/wp-content\\\/uploads\\\/2023\\\/10\\\/RMC-500250.png\",\"width\":500,\"height\":250,\"caption\":\"R\u00e9plique Manga Cin\u00e9\"},\"image\":{\"@id\":\"https:\\\/\\\/repliquemangacine.fr\\\/#\\\/schema\\\/logo\\\/image\\\/\"},\"sameAs\":[\"https:\\\/\\\/www.facebook.com\\\/RepliqueMangaCine\",\"https:\\\/\\\/www.instagram.com\\\/repliquemangacine.fr\\\/\"]}]}<\/script>\n<!-- \/ Yoast SEO plugin. -->","yoast_head_json":{"title":"Mauser K98 Aged Carbine - R\u00e9plique Manga Cin\u00e9","description":"Superb reproduction of the Denix Mauser K98 Aged Carbine. Metal and wood. Functional mechanism. Patinated and aged for greater realism.","robots":{"index":"index","follow":"follow","max-snippet":"max-snippet:-1","max-image-preview":"max-image-preview:large","max-video-preview":"max-video-preview:-1"},"canonical":"https:\/\/repliquemangacine.fr\/en\/reproductions-weapons-second-world-war-denix\/mauser-k98-antique-rifle\/","og_locale":"en_US","og_type":"article","og_title":"Carabine Mauser K98 Vieilli - R\u00e9plique Manga Cin\u00e9","og_description":"Superbe reproduction de la Carabine Mauser K98 Vieilli de Denix. En m\u00e9tal et bois. M\u00e9canisme fonctionnel. Patin\u00e9e et vieillie pour plus de r\u00e9alisme.","og_url":"https:\/\/repliquemangacine.fr\/en\/reproductions-weapons-second-world-war-denix\/mauser-k98-antique-rifle\/","og_site_name":"R\u00e9plique Manga Cin\u00e9","article_publisher":"https:\/\/www.facebook.com\/RepliqueMangaCine","article_modified_time":"2026-01-11T14:34:52+00:00","og_image":[{"width":800,"height":800,"url":"https:\/\/repliquemangacine.fr\/wp-content\/uploads\/2024\/11\/Carabine-Mauser-K98-vieilli-1.jpg","type":"image\/jpeg"}],"twitter_card":"summary_large_image","twitter_misc":{"Est. reading time":"3 minutes"},"schema":{"@context":"https:\/\/schema.org","@graph":[{"@type":"WebPage","@id":"https:\/\/repliquemangacine.fr\/reproductions-armes-seconde-guerre-mondiale-denix\/carabine-mauser-k98-vieilli\/","url":"https:\/\/repliquemangacine.fr\/reproductions-armes-seconde-guerre-mondiale-denix\/carabine-mauser-k98-vieilli\/","name":"Mauser K98 Aged Carbine - R\u00e9plique Manga Cin\u00e9","isPartOf":{"@id":"https:\/\/repliquemangacine.fr\/#website"},"primaryImageOfPage":{"@id":"https:\/\/repliquemangacine.fr\/reproductions-armes-seconde-guerre-mondiale-denix\/carabine-mauser-k98-vieilli\/#primaryimage"},"image":{"@id":"https:\/\/repliquemangacine.fr\/reproductions-armes-seconde-guerre-mondiale-denix\/carabine-mauser-k98-vieilli\/#primaryimage"},"thumbnailUrl":"https:\/\/repliquemangacine.fr\/wp-content\/uploads\/2024\/11\/Carabine-Mauser-K98-vieilli-1.jpg","datePublished":"2024-11-30T20:35:41+00:00","dateModified":"2026-01-11T14:34:52+00:00","description":"Superb reproduction of the Denix Mauser K98 Aged Carbine. Metal and wood. Functional mechanism. Patinated and aged for greater realism.","breadcrumb":{"@id":"https:\/\/repliquemangacine.fr\/reproductions-armes-seconde-guerre-mondiale-denix\/carabine-mauser-k98-vieilli\/#breadcrumb"},"inLanguage":"en-US","potentialAction":[{"@type":"ReadAction","target":["https:\/\/repliquemangacine.fr\/reproductions-armes-seconde-guerre-mondiale-denix\/carabine-mauser-k98-vieilli\/"]}]},{"@type":"ImageObject","inLanguage":"en-US","@id":"https:\/\/repliquemangacine.fr\/reproductions-armes-seconde-guerre-mondiale-denix\/carabine-mauser-k98-vieilli\/#primaryimage","url":"https:\/\/repliquemangacine.fr\/wp-content\/uploads\/2024\/11\/Carabine-Mauser-K98-vieilli-1.jpg","contentUrl":"https:\/\/repliquemangacine.fr\/wp-content\/uploads\/2024\/11\/Carabine-Mauser-K98-vieilli-1.jpg","width":800,"height":800,"caption":"Carabine Mauser K98 vieilli"},{"@type":"BreadcrumbList","@id":"https:\/\/repliquemangacine.fr\/reproductions-armes-seconde-guerre-mondiale-denix\/carabine-mauser-k98-vieilli\/#breadcrumb","itemListElement":[{"@type":"ListItem","position":1,"name":"Accueil","item":"https:\/\/repliquemangacine.fr\/"},{"@type":"ListItem","position":2,"name":"Produits","item":"https:\/\/repliquemangacine.fr\/boutique\/"},{"@type":"ListItem","position":3,"name":"Carabine Mauser K98 Vieilli"}]},{"@type":"WebSite","@id":"https:\/\/repliquemangacine.fr\/#website","url":"https:\/\/repliquemangacine.fr\/","name":"R\u00e9plique Manga Cin\u00e9","description":"","publisher":{"@id":"https:\/\/repliquemangacine.fr\/#organization"},"potentialAction":[{"@type":"SearchAction","target":{"@type":"EntryPoint","urlTemplate":"https:\/\/repliquemangacine.fr\/?s={search_term_string}"},"query-input":{"@type":"PropertyValueSpecification","valueRequired":true,"valueName":"search_term_string"}}],"inLanguage":"en-US"},{"@type":"Organization","@id":"https:\/\/repliquemangacine.fr\/#organization","name":"R\u00e9plique Manga Cin\u00e9","url":"https:\/\/repliquemangacine.fr\/","logo":{"@type":"ImageObject","inLanguage":"en-US","@id":"https:\/\/repliquemangacine.fr\/#\/schema\/logo\/image\/","url":"https:\/\/repliquemangacine.fr\/wp-content\/uploads\/2023\/10\/RMC-500250.png","contentUrl":"https:\/\/repliquemangacine.fr\/wp-content\/uploads\/2023\/10\/RMC-500250.png","width":500,"height":250,"caption":"R\u00e9plique Manga Cin\u00e9"},"image":{"@id":"https:\/\/repliquemangacine.fr\/#\/schema\/logo\/image\/"},"sameAs":["https:\/\/www.facebook.com\/RepliqueMangaCine","https:\/\/www.instagram.com\/repliquemangacine.fr\/"]}]}},"_links":{"self":[{"href":"https:\/\/repliquemangacine.fr\/en\/wp-json\/wp\/v2\/product\/78735","targetHints":{"allow":["GET"]}}],"collection":[{"href":"https:\/\/repliquemangacine.fr\/en\/wp-json\/wp\/v2\/product"}],"about":[{"href":"https:\/\/repliquemangacine.fr\/en\/wp-json\/wp\/v2\/types\/product"}],"wp:featuredmedia":[{"embeddable":true,"href":"https:\/\/repliquemangacine.fr\/en\/wp-json\/wp\/v2\/media\/84749"}],"wp:attachment":[{"href":"https:\/\/repliquemangacine.fr\/en\/wp-json\/wp\/v2\/media?parent=78735"}],"wp:term":[{"taxonomy":"product_brand","embeddable":true,"href":"https:\/\/repliquemangacine.fr\/en\/wp-json\/wp\/v2\/product_brand?post=78735"},{"taxonomy":"product_cat","embeddable":true,"href":"https:\/\/repliquemangacine.fr\/en\/wp-json\/wp\/v2\/product_cat?post=78735"},{"taxonomy":"product_tag","embeddable":true,"href":"https:\/\/repliquemangacine.fr\/en\/wp-json\/wp\/v2\/product_tag?post=78735"}],"curies":[{"name":"wp","href":"https:\/\/api.w.org\/{rel}","templated":true}]}}