





{"id":78352,"date":"2024-11-24T17:20:49","date_gmt":"2024-11-24T16:20:49","guid":{"rendered":"https:\/\/repliquemangacine.fr\/?post_type=product&#038;p=78352"},"modified":"2026-01-10T18:26:42","modified_gmt":"2026-01-10T17:26:42","slug":"winchester-mares-aged-leg","status":"publish","type":"product","link":"https:\/\/repliquemangacine.fr\/en\/armes-westerns\/winchester-mares-leg-vieilli\/","title":{"rendered":"Winchester Mare's Leg Aged"},"content":{"rendered":"<h2>The Winchester Mare's Leg Vieilli: An Iconic Replica with Aged Charm<\/h2>\n<p>To start with, immerse yourself in the world of cowboys with the Winchester Mare's Leg Vieilli. Indeed, <a href=\"https:\/\/www.denix.fr\/fr\/catalogue\/nouveautes\/\" target=\"_blank\" rel=\"noopener noreferrer\">Denix<\/a> has expanded its catalog to include a collection of replica weapons with a patinated, aged look. For collectors and history buffs alike, this means even greater realism.<\/p>\n<p>This faithful reproduction of the shortened rifle popularized by classic westerns offers striking realism. The quality metal and wood used in its manufacture, combined with a distressed finish, give the impression that this weapon has endured decades of cavalcades and duels. Ideal for re-enactors, decorators and collectors alike. The patinated Mare's Leg brings a real piece of history to your world. With its functional mechanisms, yet inert to fire, it remains a safe replica, while retaining an undeniable charm.<\/p>\n<h2>Discover Denix's Patinated Replicas: A Journey through Time<\/h2>\n<p>Denix is renowned for its expertise in creating replicas of historic weapons. In addition to the Mare's Leg, explore an impressive range including legendary pistols such as the Colt 1873 in 4.75 inch. There's also the <a href=\"https:\/\/repliquemangacine.fr\/en\/colt-pistol\/revolver-confedere-1860-aged\/\">Confederate revolver<\/a> 1860 in two tones, giving it a refined look. Each piece benefits from an aged finish that simulates natural wear, for unrivalled realism.<\/p>\n<p>World War II enthusiasts can turn to replicas of the Luger P08 or the USM1 Para rifle. As well as iconic rifles like the M1 Garand.<\/p>\n<p>With Denix, every product is a gateway to a fascinating era, paying homage to the weapons that made history.<\/p>\n<h2>Why choose the Winchester Mare's Aged Leg and how is it made?<\/h2>\n<p>When you choose Denix's patinated Winchester Mare's Leg, you're choosing an authentic, one-of-a-kind piece. Made from high-quality materials, this replica combines a sturdy metal body with a real wood stock and barrel. Carefully hand-patinated, guaranteeing a realistic and unique appearance to each piece. This artisanal process gives the weapon a natural patina, simulating the wear of time while respecting historical details. This pistol-cabine is ideal for enthusiasts looking for a replica faithful to the original, whether to enrich a collection, embellish a decoration or carry out historical re-enactments. In conclusion, with Denix, you benefit from unrivalled expertise and total immersion in the history of mythical weapons.<\/p>\n<p>&nbsp;<\/p>","protected":false},"excerpt":{"rendered":"<p>Superb reproduction of Denix's aged Winchester Mare's Leg.<\/p>\n<ul>\n<li>All in metal and wood<\/li>\n<li>Weathered and aged<\/li>\n<li>Wooden stock<\/li>\n<li>Mechanisms functional, but unsuitable for shooting.<\/li>\n<li>Large lever guard<\/li>\n<li><strong>No authorization required. Free sale and possession.<\/strong><\/li>\n<li>Total length: 50 cm - Weight: 1487 gr<\/li>\n<\/ul>","protected":false},"featured_media":84706,"template":"","meta":[],"product_brand":[896],"product_cat":[34,39,86,102,27],"product_tag":[],"class_list":{"0":"post-78352","1":"product","2":"type-product","3":"status-publish","4":"has-post-thumbnail","6":"product_brand-replique-manga-cine","7":"product_cat-armes-westerns","8":"product_cat-carabine-winchester","9":"product_cat-repliques-carabine-winchester-western","10":"product_cat-denix","11":"product_cat-armes-et-accessoires-western","13":"first","14":"instock","15":"taxable","16":"shipping-taxable","17":"purchasable","18":"product-type-simple"},"yoast_head":"<!-- This site is optimized with the Yoast SEO plugin v27.5 - https:\/\/yoast.com\/product\/yoast-seo-wordpress\/ -->\n<title>Winchester Mare&#039;s Leg Vieilli - Reproduction Denix | RMC<\/title>\n<meta name=\"description\" content=\"Superbe cette reproduction de la Winchester Mare&#039;s Leg Vieilli de la marque Denix. Tout en m\u00e9tal et bois. Aspect patin\u00e9 et vieilli. M\u00e9canismes fonctionnels.\" \/>\n<meta name=\"robots\" content=\"index, follow, max-snippet:-1, max-image-preview:large, max-video-preview:-1\" \/>\n<link rel=\"canonical\" href=\"https:\/\/repliquemangacine.fr\/en\/western-weapons\/winchester-mares-aged-leg\/\" \/>\n<meta property=\"og:locale\" content=\"en_US\" \/>\n<meta property=\"og:type\" content=\"article\" \/>\n<meta property=\"og:title\" content=\"Winchester Mare&#039;s Leg Vieilli - Reproduction Denix | RMC\" \/>\n<meta property=\"og:description\" content=\"Superbe cette reproduction de la Winchester Mare&#039;s Leg Vieilli de la marque Denix. Tout en m\u00e9tal et bois. Aspect patin\u00e9 et vieilli. M\u00e9canismes fonctionnels.\" \/>\n<meta property=\"og:url\" content=\"https:\/\/repliquemangacine.fr\/en\/western-weapons\/winchester-mares-aged-leg\/\" \/>\n<meta property=\"og:site_name\" content=\"R\u00e9plique Manga Cin\u00e9\" \/>\n<meta property=\"article:publisher\" content=\"https:\/\/www.facebook.com\/RepliqueMangaCine\" \/>\n<meta property=\"article:modified_time\" content=\"2026-01-10T17:26:42+00:00\" \/>\n<meta property=\"og:image\" content=\"https:\/\/repliquemangacine.fr\/wp-content\/uploads\/2024\/11\/Winchester-Mares-Leg-Vieilli-1.jpg\" \/>\n\t<meta property=\"og:image:width\" content=\"800\" \/>\n\t<meta property=\"og:image:height\" content=\"800\" \/>\n\t<meta property=\"og:image:type\" content=\"image\/jpeg\" \/>\n<meta name=\"twitter:card\" content=\"summary_large_image\" \/>\n<meta name=\"twitter:label1\" content=\"Est. reading time\" \/>\n\t<meta name=\"twitter:data1\" content=\"3 minutes\" \/>\n<script type=\"application\/ld+json\" class=\"yoast-schema-graph\">{\"@context\":\"https:\\\/\\\/schema.org\",\"@graph\":[{\"@type\":\"WebPage\",\"@id\":\"https:\\\/\\\/repliquemangacine.fr\\\/armes-westerns\\\/winchester-mares-leg-vieilli\\\/\",\"url\":\"https:\\\/\\\/repliquemangacine.fr\\\/armes-westerns\\\/winchester-mares-leg-vieilli\\\/\",\"name\":\"Winchester Mare's Leg Vieilli - Reproduction Denix | RMC\",\"isPartOf\":{\"@id\":\"https:\\\/\\\/repliquemangacine.fr\\\/#website\"},\"primaryImageOfPage\":{\"@id\":\"https:\\\/\\\/repliquemangacine.fr\\\/armes-westerns\\\/winchester-mares-leg-vieilli\\\/#primaryimage\"},\"image\":{\"@id\":\"https:\\\/\\\/repliquemangacine.fr\\\/armes-westerns\\\/winchester-mares-leg-vieilli\\\/#primaryimage\"},\"thumbnailUrl\":\"https:\\\/\\\/repliquemangacine.fr\\\/wp-content\\\/uploads\\\/2024\\\/11\\\/Winchester-Mares-Leg-Vieilli-1.jpg\",\"datePublished\":\"2024-11-24T16:20:49+00:00\",\"dateModified\":\"2026-01-10T17:26:42+00:00\",\"description\":\"Superbe cette reproduction de la Winchester Mare's Leg Vieilli de la marque Denix. Tout en m\u00e9tal et bois. Aspect patin\u00e9 et vieilli. M\u00e9canismes fonctionnels.\",\"breadcrumb\":{\"@id\":\"https:\\\/\\\/repliquemangacine.fr\\\/armes-westerns\\\/winchester-mares-leg-vieilli\\\/#breadcrumb\"},\"inLanguage\":\"en-US\",\"potentialAction\":[{\"@type\":\"ReadAction\",\"target\":[\"https:\\\/\\\/repliquemangacine.fr\\\/armes-westerns\\\/winchester-mares-leg-vieilli\\\/\"]}]},{\"@type\":\"ImageObject\",\"inLanguage\":\"en-US\",\"@id\":\"https:\\\/\\\/repliquemangacine.fr\\\/armes-westerns\\\/winchester-mares-leg-vieilli\\\/#primaryimage\",\"url\":\"https:\\\/\\\/repliquemangacine.fr\\\/wp-content\\\/uploads\\\/2024\\\/11\\\/Winchester-Mares-Leg-Vieilli-1.jpg\",\"contentUrl\":\"https:\\\/\\\/repliquemangacine.fr\\\/wp-content\\\/uploads\\\/2024\\\/11\\\/Winchester-Mares-Leg-Vieilli-1.jpg\",\"width\":800,\"height\":800,\"caption\":\"Winchester Mare\u2019s Leg Vieilli\"},{\"@type\":\"BreadcrumbList\",\"@id\":\"https:\\\/\\\/repliquemangacine.fr\\\/armes-westerns\\\/winchester-mares-leg-vieilli\\\/#breadcrumb\",\"itemListElement\":[{\"@type\":\"ListItem\",\"position\":1,\"name\":\"Accueil\",\"item\":\"https:\\\/\\\/repliquemangacine.fr\\\/\"},{\"@type\":\"ListItem\",\"position\":2,\"name\":\"Produits\",\"item\":\"https:\\\/\\\/repliquemangacine.fr\\\/boutique\\\/\"},{\"@type\":\"ListItem\",\"position\":3,\"name\":\"Winchester Mare&#8217;s Leg Vieilli\"}]},{\"@type\":\"WebSite\",\"@id\":\"https:\\\/\\\/repliquemangacine.fr\\\/#website\",\"url\":\"https:\\\/\\\/repliquemangacine.fr\\\/\",\"name\":\"R\u00e9plique Manga Cin\u00e9\",\"description\":\"\",\"publisher\":{\"@id\":\"https:\\\/\\\/repliquemangacine.fr\\\/#organization\"},\"potentialAction\":[{\"@type\":\"SearchAction\",\"target\":{\"@type\":\"EntryPoint\",\"urlTemplate\":\"https:\\\/\\\/repliquemangacine.fr\\\/?s={search_term_string}\"},\"query-input\":{\"@type\":\"PropertyValueSpecification\",\"valueRequired\":true,\"valueName\":\"search_term_string\"}}],\"inLanguage\":\"en-US\"},{\"@type\":\"Organization\",\"@id\":\"https:\\\/\\\/repliquemangacine.fr\\\/#organization\",\"name\":\"R\u00e9plique Manga Cin\u00e9\",\"url\":\"https:\\\/\\\/repliquemangacine.fr\\\/\",\"logo\":{\"@type\":\"ImageObject\",\"inLanguage\":\"en-US\",\"@id\":\"https:\\\/\\\/repliquemangacine.fr\\\/#\\\/schema\\\/logo\\\/image\\\/\",\"url\":\"https:\\\/\\\/repliquemangacine.fr\\\/wp-content\\\/uploads\\\/2023\\\/10\\\/RMC-500250.png\",\"contentUrl\":\"https:\\\/\\\/repliquemangacine.fr\\\/wp-content\\\/uploads\\\/2023\\\/10\\\/RMC-500250.png\",\"width\":500,\"height\":250,\"caption\":\"R\u00e9plique Manga Cin\u00e9\"},\"image\":{\"@id\":\"https:\\\/\\\/repliquemangacine.fr\\\/#\\\/schema\\\/logo\\\/image\\\/\"},\"sameAs\":[\"https:\\\/\\\/www.facebook.com\\\/RepliqueMangaCine\",\"https:\\\/\\\/www.instagram.com\\\/repliquemangacine.fr\\\/\"]}]}<\/script>\n<!-- \/ Yoast SEO plugin. -->","yoast_head_json":{"title":"Winchester Mare's Leg Aged - Reproduction Denix | RMC","description":"Superb reproduction of Denix's Winchester Mare's Leg Vieilli. All metal and wood. Aged, patinated appearance. Functional mechanisms.","robots":{"index":"index","follow":"follow","max-snippet":"max-snippet:-1","max-image-preview":"max-image-preview:large","max-video-preview":"max-video-preview:-1"},"canonical":"https:\/\/repliquemangacine.fr\/en\/western-weapons\/winchester-mares-aged-leg\/","og_locale":"en_US","og_type":"article","og_title":"Winchester Mare's Leg Vieilli - Reproduction Denix | RMC","og_description":"Superbe cette reproduction de la Winchester Mare's Leg Vieilli de la marque Denix. Tout en m\u00e9tal et bois. Aspect patin\u00e9 et vieilli. M\u00e9canismes fonctionnels.","og_url":"https:\/\/repliquemangacine.fr\/en\/western-weapons\/winchester-mares-aged-leg\/","og_site_name":"R\u00e9plique Manga Cin\u00e9","article_publisher":"https:\/\/www.facebook.com\/RepliqueMangaCine","article_modified_time":"2026-01-10T17:26:42+00:00","og_image":[{"width":800,"height":800,"url":"https:\/\/repliquemangacine.fr\/wp-content\/uploads\/2024\/11\/Winchester-Mares-Leg-Vieilli-1.jpg","type":"image\/jpeg"}],"twitter_card":"summary_large_image","twitter_misc":{"Est. reading time":"3 minutes"},"schema":{"@context":"https:\/\/schema.org","@graph":[{"@type":"WebPage","@id":"https:\/\/repliquemangacine.fr\/armes-westerns\/winchester-mares-leg-vieilli\/","url":"https:\/\/repliquemangacine.fr\/armes-westerns\/winchester-mares-leg-vieilli\/","name":"Winchester Mare's Leg Aged - Reproduction Denix | RMC","isPartOf":{"@id":"https:\/\/repliquemangacine.fr\/#website"},"primaryImageOfPage":{"@id":"https:\/\/repliquemangacine.fr\/armes-westerns\/winchester-mares-leg-vieilli\/#primaryimage"},"image":{"@id":"https:\/\/repliquemangacine.fr\/armes-westerns\/winchester-mares-leg-vieilli\/#primaryimage"},"thumbnailUrl":"https:\/\/repliquemangacine.fr\/wp-content\/uploads\/2024\/11\/Winchester-Mares-Leg-Vieilli-1.jpg","datePublished":"2024-11-24T16:20:49+00:00","dateModified":"2026-01-10T17:26:42+00:00","description":"Superb reproduction of Denix's Winchester Mare's Leg Vieilli. All metal and wood. Aged, patinated appearance. Functional mechanisms.","breadcrumb":{"@id":"https:\/\/repliquemangacine.fr\/armes-westerns\/winchester-mares-leg-vieilli\/#breadcrumb"},"inLanguage":"en-US","potentialAction":[{"@type":"ReadAction","target":["https:\/\/repliquemangacine.fr\/armes-westerns\/winchester-mares-leg-vieilli\/"]}]},{"@type":"ImageObject","inLanguage":"en-US","@id":"https:\/\/repliquemangacine.fr\/armes-westerns\/winchester-mares-leg-vieilli\/#primaryimage","url":"https:\/\/repliquemangacine.fr\/wp-content\/uploads\/2024\/11\/Winchester-Mares-Leg-Vieilli-1.jpg","contentUrl":"https:\/\/repliquemangacine.fr\/wp-content\/uploads\/2024\/11\/Winchester-Mares-Leg-Vieilli-1.jpg","width":800,"height":800,"caption":"Winchester Mare\u2019s Leg Vieilli"},{"@type":"BreadcrumbList","@id":"https:\/\/repliquemangacine.fr\/armes-westerns\/winchester-mares-leg-vieilli\/#breadcrumb","itemListElement":[{"@type":"ListItem","position":1,"name":"Accueil","item":"https:\/\/repliquemangacine.fr\/"},{"@type":"ListItem","position":2,"name":"Produits","item":"https:\/\/repliquemangacine.fr\/boutique\/"},{"@type":"ListItem","position":3,"name":"Winchester Mare&#8217;s Leg Vieilli"}]},{"@type":"WebSite","@id":"https:\/\/repliquemangacine.fr\/#website","url":"https:\/\/repliquemangacine.fr\/","name":"R\u00e9plique Manga Cin\u00e9","description":"","publisher":{"@id":"https:\/\/repliquemangacine.fr\/#organization"},"potentialAction":[{"@type":"SearchAction","target":{"@type":"EntryPoint","urlTemplate":"https:\/\/repliquemangacine.fr\/?s={search_term_string}"},"query-input":{"@type":"PropertyValueSpecification","valueRequired":true,"valueName":"search_term_string"}}],"inLanguage":"en-US"},{"@type":"Organization","@id":"https:\/\/repliquemangacine.fr\/#organization","name":"R\u00e9plique Manga Cin\u00e9","url":"https:\/\/repliquemangacine.fr\/","logo":{"@type":"ImageObject","inLanguage":"en-US","@id":"https:\/\/repliquemangacine.fr\/#\/schema\/logo\/image\/","url":"https:\/\/repliquemangacine.fr\/wp-content\/uploads\/2023\/10\/RMC-500250.png","contentUrl":"https:\/\/repliquemangacine.fr\/wp-content\/uploads\/2023\/10\/RMC-500250.png","width":500,"height":250,"caption":"R\u00e9plique Manga Cin\u00e9"},"image":{"@id":"https:\/\/repliquemangacine.fr\/#\/schema\/logo\/image\/"},"sameAs":["https:\/\/www.facebook.com\/RepliqueMangaCine","https:\/\/www.instagram.com\/repliquemangacine.fr\/"]}]}},"_links":{"self":[{"href":"https:\/\/repliquemangacine.fr\/en\/wp-json\/wp\/v2\/product\/78352","targetHints":{"allow":["GET"]}}],"collection":[{"href":"https:\/\/repliquemangacine.fr\/en\/wp-json\/wp\/v2\/product"}],"about":[{"href":"https:\/\/repliquemangacine.fr\/en\/wp-json\/wp\/v2\/types\/product"}],"wp:featuredmedia":[{"embeddable":true,"href":"https:\/\/repliquemangacine.fr\/en\/wp-json\/wp\/v2\/media\/84706"}],"wp:attachment":[{"href":"https:\/\/repliquemangacine.fr\/en\/wp-json\/wp\/v2\/media?parent=78352"}],"wp:term":[{"taxonomy":"product_brand","embeddable":true,"href":"https:\/\/repliquemangacine.fr\/en\/wp-json\/wp\/v2\/product_brand?post=78352"},{"taxonomy":"product_cat","embeddable":true,"href":"https:\/\/repliquemangacine.fr\/en\/wp-json\/wp\/v2\/product_cat?post=78352"},{"taxonomy":"product_tag","embeddable":true,"href":"https:\/\/repliquemangacine.fr\/en\/wp-json\/wp\/v2\/product_tag?post=78352"}],"curies":[{"name":"wp","href":"https:\/\/api.w.org\/{rel}","templated":true}]}}