





{"id":78334,"date":"2024-11-24T12:20:47","date_gmt":"2024-11-24T11:20:47","guid":{"rendered":"https:\/\/repliquemangacine.fr\/?post_type=product&#038;p=78334"},"modified":"2026-04-12T17:59:02","modified_gmt":"2026-04-12T15:59:02","slug":"revolver-confedere-1860-aged","status":"publish","type":"product","link":"https:\/\/repliquemangacine.fr\/en\/colt-pistolet\/revolver-confedere-1860-vieilli\/","title":{"rendered":"Antique 1860 Confederate revolver"},"content":{"rendered":"<h2>Antique 1860 Confederate Revolver Replica: A Historical Work of Art<\/h2>\n<p>Start by immersing yourself in the history of the American Civil War with this <strong>Antique 1860 Confederate revolver<\/strong>. Manufactured by <a href=\"https:\/\/www.denix.fr\/fr\/\" target=\"_blank\" rel=\"noopener noreferrer\">Denix<\/a>, The patinated, aged reproduction evokes the realism and authenticity of the past. Every detail, from the engraved barrel to the elegant lines of the wooden stock. Carefully crafted to reflect the original weapon used by Confederate officers. Moreover, the patina effect gives an impression of natural wear, as if this piece had been through the battlefields of the time.<\/p>\n<p>Ideal for collectors, historical re-enactments or exhibitions, this revolver is a real plunge into history. Offering a timeless charm to any antique weapons enthusiast.<\/p>\n<h2>A Complete Collection of Patinated Replicas by Denix<\/h2>\n<p>In addition to the 1860 Confederate revolver, Denix has recently added a collection of replica weapons with a patinated, aged appearance to its catalog. These replicas simulate the wear and tear of time. These replicas simulate the wear and tear of time, lending added authenticity to the pieces.<\/p>\n<p>Among the models available is the Luger P08 Parabellum pistol, used in both World Wars. This metal replica boasts an aged finish, with functional mechanisms such as a movable breech and detachable magazine, although it is unfit for shooting. There's also the M1 Garand, the US Army's first standard semi-automatic rifle. An emblematic weapon of the Second World War. This patinated and aged version of the rifle offers collectors and history buffs a faithful reproduction. And there's much more to discover in our R\u00e9plique Manga Cin\u00e9 online store. Clearly, Denix is hitting hard with this new range.<\/p>\n<h2>Why choose the aged 1860 Confederate Revolver and how it is made?<\/h2>\n<p>The 1860 Confederate revolver is not just a replica, it's a piece of history in your hands. Choosing this model means opting for authenticity and craftsmanship. Made from superior quality metal and wood. Designed to be faithful to the original while remaining inert, in compliance with replica gun regulations. In fact, all mechanisms work, but it is totally unfit for firing. Each revolver is hand-aged to create a unique finish that simulates the effects of time. It's worth noting that this artisanal process guarantees a piece as beautiful as it is authentic, perfect for enriching a collection or sublimating a decoration. In conclusion, with Denix, you invest in a replica that combines aesthetics, history and durability.<\/p>\n<p>&nbsp;<\/p>\n<p>&nbsp;<\/p>","protected":false},"excerpt":{"rendered":"<p>Sublime reproduction of the Confederate Revolver 1860 aged by Denix<\/p>\n<ul>\n<li>All metal (Zamac) and wood<\/li>\n<li>Patinated and aged by hand<\/li>\n<li>Wooden stock<\/li>\n<li>Functional mechanisms, but unable to shoot<\/li>\n<li>Rotating barrel<\/li>\n<li><strong>No authorization required. Free sale and possession.<\/strong><\/li>\n<li>Total length: 35 cm - Weight: 975 gr<\/li>\n<\/ul>","protected":false},"featured_media":84705,"template":"","meta":[],"product_brand":[896],"product_cat":[33,102,52,28,27],"product_tag":[],"class_list":{"0":"post-78334","1":"product","2":"type-product","3":"status-publish","4":"has-post-thumbnail","6":"product_brand-replique-manga-cine","7":"product_cat-colt-pistolet","8":"product_cat-denix","9":"product_cat-pistolet-ancien","10":"product_cat-repliques-darmes","11":"product_cat-armes-et-accessoires-western","13":"first","14":"instock","15":"sale","16":"taxable","17":"shipping-taxable","18":"purchasable","19":"product-type-simple"},"yoast_head":"<!-- This site is optimized with the Yoast SEO plugin v27.5 - https:\/\/yoast.com\/product\/yoast-seo-wordpress\/ -->\n<title>Revolver Conf\u00e9d\u00e9r\u00e9 1860 vieilli - Reproduction armes Denix | RMC<\/title>\n<meta name=\"description\" content=\"D\u00e9couvrez le Revolver Conf\u00e9d\u00e9r\u00e9 1860 vieilli par Denix : une r\u00e9plique authentique et d\u00e9taill\u00e9e, id\u00e9ale pour collectionneurs et passionn\u00e9s d\u2019histoire.\" \/>\n<meta name=\"robots\" content=\"index, follow, max-snippet:-1, max-image-preview:large, max-video-preview:-1\" \/>\n<link rel=\"canonical\" href=\"https:\/\/repliquemangacine.fr\/en\/colt-pistol\/revolver-confedere-1860-aged\/\" \/>\n<meta property=\"og:locale\" content=\"en_US\" \/>\n<meta property=\"og:type\" content=\"article\" \/>\n<meta property=\"og:title\" content=\"Revolver Conf\u00e9d\u00e9r\u00e9 1860 vieilli - Reproduction armes Denix | RMC\" \/>\n<meta property=\"og:description\" content=\"D\u00e9couvrez le Revolver Conf\u00e9d\u00e9r\u00e9 1860 vieilli par Denix : une r\u00e9plique authentique et d\u00e9taill\u00e9e, id\u00e9ale pour collectionneurs et passionn\u00e9s d\u2019histoire.\" \/>\n<meta property=\"og:url\" content=\"https:\/\/repliquemangacine.fr\/en\/colt-pistol\/revolver-confedere-1860-aged\/\" \/>\n<meta property=\"og:site_name\" content=\"R\u00e9plique Manga Cin\u00e9\" \/>\n<meta property=\"article:publisher\" content=\"https:\/\/www.facebook.com\/RepliqueMangaCine\" \/>\n<meta property=\"article:modified_time\" content=\"2026-04-12T15:59:02+00:00\" \/>\n<meta property=\"og:image\" content=\"https:\/\/repliquemangacine.fr\/wp-content\/uploads\/2024\/11\/Revolver-Confedere-1860-vieilli.jpg\" \/>\n\t<meta property=\"og:image:width\" content=\"800\" \/>\n\t<meta property=\"og:image:height\" content=\"800\" \/>\n\t<meta property=\"og:image:type\" content=\"image\/jpeg\" \/>\n<meta name=\"twitter:card\" content=\"summary_large_image\" \/>\n<meta name=\"twitter:label1\" content=\"Est. reading time\" \/>\n\t<meta name=\"twitter:data1\" content=\"3 minutes\" \/>\n<script type=\"application\/ld+json\" class=\"yoast-schema-graph\">{\"@context\":\"https:\\\/\\\/schema.org\",\"@graph\":[{\"@type\":\"WebPage\",\"@id\":\"https:\\\/\\\/repliquemangacine.fr\\\/colt-pistolet\\\/revolver-confedere-1860-vieilli\\\/\",\"url\":\"https:\\\/\\\/repliquemangacine.fr\\\/colt-pistolet\\\/revolver-confedere-1860-vieilli\\\/\",\"name\":\"Revolver Conf\u00e9d\u00e9r\u00e9 1860 vieilli - Reproduction armes Denix | RMC\",\"isPartOf\":{\"@id\":\"https:\\\/\\\/repliquemangacine.fr\\\/#website\"},\"primaryImageOfPage\":{\"@id\":\"https:\\\/\\\/repliquemangacine.fr\\\/colt-pistolet\\\/revolver-confedere-1860-vieilli\\\/#primaryimage\"},\"image\":{\"@id\":\"https:\\\/\\\/repliquemangacine.fr\\\/colt-pistolet\\\/revolver-confedere-1860-vieilli\\\/#primaryimage\"},\"thumbnailUrl\":\"https:\\\/\\\/repliquemangacine.fr\\\/wp-content\\\/uploads\\\/2024\\\/11\\\/Revolver-Confedere-1860-vieilli.jpg\",\"datePublished\":\"2024-11-24T11:20:47+00:00\",\"dateModified\":\"2026-04-12T15:59:02+00:00\",\"description\":\"D\u00e9couvrez le Revolver Conf\u00e9d\u00e9r\u00e9 1860 vieilli par Denix : une r\u00e9plique authentique et d\u00e9taill\u00e9e, id\u00e9ale pour collectionneurs et passionn\u00e9s d\u2019histoire.\",\"breadcrumb\":{\"@id\":\"https:\\\/\\\/repliquemangacine.fr\\\/colt-pistolet\\\/revolver-confedere-1860-vieilli\\\/#breadcrumb\"},\"inLanguage\":\"en-US\",\"potentialAction\":[{\"@type\":\"ReadAction\",\"target\":[\"https:\\\/\\\/repliquemangacine.fr\\\/colt-pistolet\\\/revolver-confedere-1860-vieilli\\\/\"]}]},{\"@type\":\"ImageObject\",\"inLanguage\":\"en-US\",\"@id\":\"https:\\\/\\\/repliquemangacine.fr\\\/colt-pistolet\\\/revolver-confedere-1860-vieilli\\\/#primaryimage\",\"url\":\"https:\\\/\\\/repliquemangacine.fr\\\/wp-content\\\/uploads\\\/2024\\\/11\\\/Revolver-Confedere-1860-vieilli.jpg\",\"contentUrl\":\"https:\\\/\\\/repliquemangacine.fr\\\/wp-content\\\/uploads\\\/2024\\\/11\\\/Revolver-Confedere-1860-vieilli.jpg\",\"width\":800,\"height\":800,\"caption\":\"Revolver Conf\u00e9d\u00e9r\u00e9 1860 vieilli denix\"},{\"@type\":\"BreadcrumbList\",\"@id\":\"https:\\\/\\\/repliquemangacine.fr\\\/colt-pistolet\\\/revolver-confedere-1860-vieilli\\\/#breadcrumb\",\"itemListElement\":[{\"@type\":\"ListItem\",\"position\":1,\"name\":\"Accueil\",\"item\":\"https:\\\/\\\/repliquemangacine.fr\\\/\"},{\"@type\":\"ListItem\",\"position\":2,\"name\":\"Produits\",\"item\":\"https:\\\/\\\/repliquemangacine.fr\\\/boutique\\\/\"},{\"@type\":\"ListItem\",\"position\":3,\"name\":\"Revolver Conf\u00e9d\u00e9r\u00e9 1860 vieilli\"}]},{\"@type\":\"WebSite\",\"@id\":\"https:\\\/\\\/repliquemangacine.fr\\\/#website\",\"url\":\"https:\\\/\\\/repliquemangacine.fr\\\/\",\"name\":\"R\u00e9plique Manga Cin\u00e9\",\"description\":\"\",\"publisher\":{\"@id\":\"https:\\\/\\\/repliquemangacine.fr\\\/#organization\"},\"potentialAction\":[{\"@type\":\"SearchAction\",\"target\":{\"@type\":\"EntryPoint\",\"urlTemplate\":\"https:\\\/\\\/repliquemangacine.fr\\\/?s={search_term_string}\"},\"query-input\":{\"@type\":\"PropertyValueSpecification\",\"valueRequired\":true,\"valueName\":\"search_term_string\"}}],\"inLanguage\":\"en-US\"},{\"@type\":\"Organization\",\"@id\":\"https:\\\/\\\/repliquemangacine.fr\\\/#organization\",\"name\":\"R\u00e9plique Manga Cin\u00e9\",\"url\":\"https:\\\/\\\/repliquemangacine.fr\\\/\",\"logo\":{\"@type\":\"ImageObject\",\"inLanguage\":\"en-US\",\"@id\":\"https:\\\/\\\/repliquemangacine.fr\\\/#\\\/schema\\\/logo\\\/image\\\/\",\"url\":\"https:\\\/\\\/repliquemangacine.fr\\\/wp-content\\\/uploads\\\/2023\\\/10\\\/RMC-500250.png\",\"contentUrl\":\"https:\\\/\\\/repliquemangacine.fr\\\/wp-content\\\/uploads\\\/2023\\\/10\\\/RMC-500250.png\",\"width\":500,\"height\":250,\"caption\":\"R\u00e9plique Manga Cin\u00e9\"},\"image\":{\"@id\":\"https:\\\/\\\/repliquemangacine.fr\\\/#\\\/schema\\\/logo\\\/image\\\/\"},\"sameAs\":[\"https:\\\/\\\/www.facebook.com\\\/RepliqueMangaCine\",\"https:\\\/\\\/www.instagram.com\\\/repliquemangacine.fr\\\/\"]}]}<\/script>\n<!-- \/ Yoast SEO plugin. -->","yoast_head_json":{"title":"Confederate Revolver 1860 aged - Reproduction Arms Denix | RMC","description":"Discover Denix's aged 1860 Confederate Revolver: an authentic, detailed replica, ideal for collectors and history buffs.","robots":{"index":"index","follow":"follow","max-snippet":"max-snippet:-1","max-image-preview":"max-image-preview:large","max-video-preview":"max-video-preview:-1"},"canonical":"https:\/\/repliquemangacine.fr\/en\/colt-pistol\/revolver-confedere-1860-aged\/","og_locale":"en_US","og_type":"article","og_title":"Revolver Conf\u00e9d\u00e9r\u00e9 1860 vieilli - Reproduction armes Denix | RMC","og_description":"D\u00e9couvrez le Revolver Conf\u00e9d\u00e9r\u00e9 1860 vieilli par Denix : une r\u00e9plique authentique et d\u00e9taill\u00e9e, id\u00e9ale pour collectionneurs et passionn\u00e9s d\u2019histoire.","og_url":"https:\/\/repliquemangacine.fr\/en\/colt-pistol\/revolver-confedere-1860-aged\/","og_site_name":"R\u00e9plique Manga Cin\u00e9","article_publisher":"https:\/\/www.facebook.com\/RepliqueMangaCine","article_modified_time":"2026-04-12T15:59:02+00:00","og_image":[{"width":800,"height":800,"url":"https:\/\/repliquemangacine.fr\/wp-content\/uploads\/2024\/11\/Revolver-Confedere-1860-vieilli.jpg","type":"image\/jpeg"}],"twitter_card":"summary_large_image","twitter_misc":{"Est. reading time":"3 minutes"},"schema":{"@context":"https:\/\/schema.org","@graph":[{"@type":"WebPage","@id":"https:\/\/repliquemangacine.fr\/colt-pistolet\/revolver-confedere-1860-vieilli\/","url":"https:\/\/repliquemangacine.fr\/colt-pistolet\/revolver-confedere-1860-vieilli\/","name":"Confederate Revolver 1860 aged - Reproduction Arms Denix | RMC","isPartOf":{"@id":"https:\/\/repliquemangacine.fr\/#website"},"primaryImageOfPage":{"@id":"https:\/\/repliquemangacine.fr\/colt-pistolet\/revolver-confedere-1860-vieilli\/#primaryimage"},"image":{"@id":"https:\/\/repliquemangacine.fr\/colt-pistolet\/revolver-confedere-1860-vieilli\/#primaryimage"},"thumbnailUrl":"https:\/\/repliquemangacine.fr\/wp-content\/uploads\/2024\/11\/Revolver-Confedere-1860-vieilli.jpg","datePublished":"2024-11-24T11:20:47+00:00","dateModified":"2026-04-12T15:59:02+00:00","description":"Discover Denix's aged 1860 Confederate Revolver: an authentic, detailed replica, ideal for collectors and history buffs.","breadcrumb":{"@id":"https:\/\/repliquemangacine.fr\/colt-pistolet\/revolver-confedere-1860-vieilli\/#breadcrumb"},"inLanguage":"en-US","potentialAction":[{"@type":"ReadAction","target":["https:\/\/repliquemangacine.fr\/colt-pistolet\/revolver-confedere-1860-vieilli\/"]}]},{"@type":"ImageObject","inLanguage":"en-US","@id":"https:\/\/repliquemangacine.fr\/colt-pistolet\/revolver-confedere-1860-vieilli\/#primaryimage","url":"https:\/\/repliquemangacine.fr\/wp-content\/uploads\/2024\/11\/Revolver-Confedere-1860-vieilli.jpg","contentUrl":"https:\/\/repliquemangacine.fr\/wp-content\/uploads\/2024\/11\/Revolver-Confedere-1860-vieilli.jpg","width":800,"height":800,"caption":"Revolver Conf\u00e9d\u00e9r\u00e9 1860 vieilli denix"},{"@type":"BreadcrumbList","@id":"https:\/\/repliquemangacine.fr\/colt-pistolet\/revolver-confedere-1860-vieilli\/#breadcrumb","itemListElement":[{"@type":"ListItem","position":1,"name":"Accueil","item":"https:\/\/repliquemangacine.fr\/"},{"@type":"ListItem","position":2,"name":"Produits","item":"https:\/\/repliquemangacine.fr\/boutique\/"},{"@type":"ListItem","position":3,"name":"Revolver Conf\u00e9d\u00e9r\u00e9 1860 vieilli"}]},{"@type":"WebSite","@id":"https:\/\/repliquemangacine.fr\/#website","url":"https:\/\/repliquemangacine.fr\/","name":"R\u00e9plique Manga Cin\u00e9","description":"","publisher":{"@id":"https:\/\/repliquemangacine.fr\/#organization"},"potentialAction":[{"@type":"SearchAction","target":{"@type":"EntryPoint","urlTemplate":"https:\/\/repliquemangacine.fr\/?s={search_term_string}"},"query-input":{"@type":"PropertyValueSpecification","valueRequired":true,"valueName":"search_term_string"}}],"inLanguage":"en-US"},{"@type":"Organization","@id":"https:\/\/repliquemangacine.fr\/#organization","name":"R\u00e9plique Manga Cin\u00e9","url":"https:\/\/repliquemangacine.fr\/","logo":{"@type":"ImageObject","inLanguage":"en-US","@id":"https:\/\/repliquemangacine.fr\/#\/schema\/logo\/image\/","url":"https:\/\/repliquemangacine.fr\/wp-content\/uploads\/2023\/10\/RMC-500250.png","contentUrl":"https:\/\/repliquemangacine.fr\/wp-content\/uploads\/2023\/10\/RMC-500250.png","width":500,"height":250,"caption":"R\u00e9plique Manga Cin\u00e9"},"image":{"@id":"https:\/\/repliquemangacine.fr\/#\/schema\/logo\/image\/"},"sameAs":["https:\/\/www.facebook.com\/RepliqueMangaCine","https:\/\/www.instagram.com\/repliquemangacine.fr\/"]}]}},"_links":{"self":[{"href":"https:\/\/repliquemangacine.fr\/en\/wp-json\/wp\/v2\/product\/78334","targetHints":{"allow":["GET"]}}],"collection":[{"href":"https:\/\/repliquemangacine.fr\/en\/wp-json\/wp\/v2\/product"}],"about":[{"href":"https:\/\/repliquemangacine.fr\/en\/wp-json\/wp\/v2\/types\/product"}],"wp:featuredmedia":[{"embeddable":true,"href":"https:\/\/repliquemangacine.fr\/en\/wp-json\/wp\/v2\/media\/84705"}],"wp:attachment":[{"href":"https:\/\/repliquemangacine.fr\/en\/wp-json\/wp\/v2\/media?parent=78334"}],"wp:term":[{"taxonomy":"product_brand","embeddable":true,"href":"https:\/\/repliquemangacine.fr\/en\/wp-json\/wp\/v2\/product_brand?post=78334"},{"taxonomy":"product_cat","embeddable":true,"href":"https:\/\/repliquemangacine.fr\/en\/wp-json\/wp\/v2\/product_cat?post=78334"},{"taxonomy":"product_tag","embeddable":true,"href":"https:\/\/repliquemangacine.fr\/en\/wp-json\/wp\/v2\/product_tag?post=78334"}],"curies":[{"name":"wp","href":"https:\/\/api.w.org\/{rel}","templated":true}]}}