





{"id":78140,"date":"2024-11-18T18:30:28","date_gmt":"2024-11-18T17:30:28","guid":{"rendered":"https:\/\/repliquemangacine.fr\/?post_type=product&#038;p=78140"},"modified":"2025-11-17T21:43:03","modified_gmt":"2025-11-17T20:43:03","slug":"last-samurai-katana-v2","status":"publish","type":"product","link":"https:\/\/repliquemangacine.fr\/en\/katanas-le-dernier-samourai\/katana-dernier-samourai-v2\/","title":{"rendered":"Katana Last Samurai V2"},"content":{"rendered":"<h2>Katana Last Samurai V2 - Nathan Algren Edition<\/h2>\n<p>First, the Last Samurai V2 Katana, inspired by the film of the same name. Enter the world of the samurai with this replica worn by Nathan Algren, the character played by Tom Cruise in the cult film The Last Samurai. A symbol of honor and mastery, it's much more than a weapon: it's a tribute to the heritage of Japanese warriors.<\/p>\n<p>The film is set during the transition from the Edo to the <a href=\"https:\/\/www.lhistoire.fr\/carte\/le-japon-de-l%C3%A8re-meiji\" target=\"_blank\" rel=\"noopener noreferrer\">Meiji era<\/a> (1868-1912). A period when Japan was abandoning its feudal structures to adopt a modern, industrialized, Western-influenced society. This transition led to profound conflicts between tradition and modernity. Embodied by figures like Katsumoto and Nathan Algren in the film.<\/p>\n<p>In conclusion, Nathan Algren is not a real historical person. But a composite character based on figures such as Jules Brunet and events of the Meiji period. He represents the clash of cultures and admiration for the samurai code that continues to fascinate the world today.<\/p>\n<h2>Why choose the Dernier Samoura\u00ef V2 katana?<\/h2>\n<p>This katana is distinguished by its unique details and exceptional quality. The combination of engraved blade and open scabbard makes this a rare piece, perfect for impressing your friends or adding to your collection. Indeed, the sheath (saya) features a carefully crafted slit. This allows the blade's engravings to be seen even when it's stored away.<\/p>\n<p>R\u00e9plique Manga Cin\u00e9 also offers you <a href=\"https:\/\/repliquemangacine.fr\/en\/katanas-the-last-samurai\/katana-forges-the-last-samurai\/\">Last Samurai Katana<\/a> in its forged version. Supplied in a box with presentation stand, maintenance kit and manual.<\/p>\n<p>We also offer <a href=\"https:\/\/repliquemangacine.fr\/en\/new-products\/wooden-dragon-bokken\/\">Bokken dragon<\/a> for your Kendo or Aikido training. As seen in the film. Join the spirit of the samurai and let yourself be carried away by the epic of The Last Samurai. Click on the \"Add to Cart\" button to obtain this exceptional katana and turn your collection into a real treasure.<\/p>\n<h2>How to maintain the blade of your Japanese sword?<\/h2>\n<p>Collector's and decorative katanas are made and assembled in a simplified way. As their use is decorative, they lack the safety features required of a Japanese sword intended for training. However, your Dernier Samoura\u00ef V2 katana has a steel blade that must be maintained to prevent damage over time. In fact, when you expose your katana, your friends will be curious to see the blade and touch it. This is where you have to be careful, because acidity from your fingers is very harmful to steel, whatever its quality. However, if this happens, don't panic, just use a cloth dampened with a little oil and wipe off any fingerprints. If you do this, your sword will last a very long time.<\/p>","protected":false},"excerpt":{"rendered":"<p>Superb replica of the Last Samurai V2 Katana inspired by the film The Last Samurai.<\/p>\n<ul>\n<li>Engraved stainless steel blade<\/li>\n<li>Round, specially shaped metal guard<\/li>\n<li>Black wooden scabbard with purple ribbon and engraved blade opening.<\/li>\n<li>Handle covered with black cotton braid.<\/li>\n<li>Total length: 102 cm<\/li>\n<\/ul>","protected":false},"featured_media":78141,"template":"","meta":[],"product_brand":[896],"product_cat":[32,88],"product_tag":[],"class_list":{"0":"post-78140","1":"product","2":"type-product","3":"status-publish","4":"has-post-thumbnail","6":"product_brand-replique-manga-cine","7":"product_cat-katana-decoration","8":"product_cat-katanas-le-dernier-samourai","10":"first","11":"outofstock","12":"taxable","13":"shipping-taxable","14":"purchasable","15":"product-type-simple"},"yoast_head":"<!-- This site is optimized with the Yoast SEO plugin v27.5 - https:\/\/yoast.com\/product\/yoast-seo-wordpress\/ -->\n<title>Katana Dernier Samoura\u00ef V2 - R\u00e9plique Manga Cin\u00e9<\/title>\n<meta name=\"description\" content=\"Superbe r\u00e9plique du Katana Dernier Samoura\u00ef V2. Lame en acier avec gravure. Fourreau bois avec ouverture sur la lame grav\u00e9e. Garde m\u00e9tal. 102 cm\" \/>\n<meta name=\"robots\" content=\"index, follow, max-snippet:-1, max-image-preview:large, max-video-preview:-1\" \/>\n<link rel=\"canonical\" href=\"https:\/\/repliquemangacine.fr\/en\/katanas-the-last-samurai\/last-samurai-katana-v2\/\" \/>\n<meta property=\"og:locale\" content=\"en_US\" \/>\n<meta property=\"og:type\" content=\"article\" \/>\n<meta property=\"og:title\" content=\"Katana Dernier Samoura\u00ef V2 - R\u00e9plique Manga Cin\u00e9\" \/>\n<meta property=\"og:description\" content=\"Superbe r\u00e9plique du Katana Dernier Samoura\u00ef V2. Lame en acier avec gravure. Fourreau bois avec ouverture sur la lame grav\u00e9e. Garde m\u00e9tal. 102 cm\" \/>\n<meta property=\"og:url\" content=\"https:\/\/repliquemangacine.fr\/en\/katanas-the-last-samurai\/last-samurai-katana-v2\/\" \/>\n<meta property=\"og:site_name\" content=\"R\u00e9plique Manga Cin\u00e9\" \/>\n<meta property=\"article:publisher\" content=\"https:\/\/www.facebook.com\/RepliqueMangaCine\" \/>\n<meta property=\"article:modified_time\" content=\"2025-11-17T20:43:03+00:00\" \/>\n<meta property=\"og:image\" content=\"https:\/\/repliquemangacine.fr\/wp-content\/uploads\/2024\/11\/Katana-violet-hors-son-fourreau.jpg\" \/>\n\t<meta property=\"og:image:width\" content=\"500\" \/>\n\t<meta property=\"og:image:height\" content=\"500\" \/>\n\t<meta property=\"og:image:type\" content=\"image\/jpeg\" \/>\n<meta name=\"twitter:card\" content=\"summary_large_image\" \/>\n<meta name=\"twitter:label1\" content=\"Est. reading time\" \/>\n\t<meta name=\"twitter:data1\" content=\"3 minutes\" \/>\n<script type=\"application\/ld+json\" class=\"yoast-schema-graph\">{\"@context\":\"https:\\\/\\\/schema.org\",\"@graph\":[{\"@type\":\"WebPage\",\"@id\":\"https:\\\/\\\/repliquemangacine.fr\\\/katanas-le-dernier-samourai\\\/katana-dernier-samourai-v2\\\/\",\"url\":\"https:\\\/\\\/repliquemangacine.fr\\\/katanas-le-dernier-samourai\\\/katana-dernier-samourai-v2\\\/\",\"name\":\"Katana Dernier Samoura\u00ef V2 - R\u00e9plique Manga Cin\u00e9\",\"isPartOf\":{\"@id\":\"https:\\\/\\\/repliquemangacine.fr\\\/#website\"},\"primaryImageOfPage\":{\"@id\":\"https:\\\/\\\/repliquemangacine.fr\\\/katanas-le-dernier-samourai\\\/katana-dernier-samourai-v2\\\/#primaryimage\"},\"image\":{\"@id\":\"https:\\\/\\\/repliquemangacine.fr\\\/katanas-le-dernier-samourai\\\/katana-dernier-samourai-v2\\\/#primaryimage\"},\"thumbnailUrl\":\"https:\\\/\\\/repliquemangacine.fr\\\/wp-content\\\/uploads\\\/2024\\\/11\\\/Katana-violet-hors-son-fourreau.jpg\",\"datePublished\":\"2024-11-18T17:30:28+00:00\",\"dateModified\":\"2025-11-17T20:43:03+00:00\",\"description\":\"Superbe r\u00e9plique du Katana Dernier Samoura\u00ef V2. Lame en acier avec gravure. Fourreau bois avec ouverture sur la lame grav\u00e9e. Garde m\u00e9tal. 102 cm\",\"breadcrumb\":{\"@id\":\"https:\\\/\\\/repliquemangacine.fr\\\/katanas-le-dernier-samourai\\\/katana-dernier-samourai-v2\\\/#breadcrumb\"},\"inLanguage\":\"en-US\",\"potentialAction\":[{\"@type\":\"ReadAction\",\"target\":[\"https:\\\/\\\/repliquemangacine.fr\\\/katanas-le-dernier-samourai\\\/katana-dernier-samourai-v2\\\/\"]}]},{\"@type\":\"ImageObject\",\"inLanguage\":\"en-US\",\"@id\":\"https:\\\/\\\/repliquemangacine.fr\\\/katanas-le-dernier-samourai\\\/katana-dernier-samourai-v2\\\/#primaryimage\",\"url\":\"https:\\\/\\\/repliquemangacine.fr\\\/wp-content\\\/uploads\\\/2024\\\/11\\\/Katana-violet-hors-son-fourreau.jpg\",\"contentUrl\":\"https:\\\/\\\/repliquemangacine.fr\\\/wp-content\\\/uploads\\\/2024\\\/11\\\/Katana-violet-hors-son-fourreau.jpg\",\"width\":500,\"height\":500,\"caption\":\"Katana Dernier Samoura\u00ef V2 hors de son fourreau\"},{\"@type\":\"BreadcrumbList\",\"@id\":\"https:\\\/\\\/repliquemangacine.fr\\\/katanas-le-dernier-samourai\\\/katana-dernier-samourai-v2\\\/#breadcrumb\",\"itemListElement\":[{\"@type\":\"ListItem\",\"position\":1,\"name\":\"Accueil\",\"item\":\"https:\\\/\\\/repliquemangacine.fr\\\/\"},{\"@type\":\"ListItem\",\"position\":2,\"name\":\"Produits\",\"item\":\"https:\\\/\\\/repliquemangacine.fr\\\/boutique\\\/\"},{\"@type\":\"ListItem\",\"position\":3,\"name\":\"Katana Dernier Samoura\u00ef V2\"}]},{\"@type\":\"WebSite\",\"@id\":\"https:\\\/\\\/repliquemangacine.fr\\\/#website\",\"url\":\"https:\\\/\\\/repliquemangacine.fr\\\/\",\"name\":\"R\u00e9plique Manga Cin\u00e9\",\"description\":\"\",\"publisher\":{\"@id\":\"https:\\\/\\\/repliquemangacine.fr\\\/#organization\"},\"potentialAction\":[{\"@type\":\"SearchAction\",\"target\":{\"@type\":\"EntryPoint\",\"urlTemplate\":\"https:\\\/\\\/repliquemangacine.fr\\\/?s={search_term_string}\"},\"query-input\":{\"@type\":\"PropertyValueSpecification\",\"valueRequired\":true,\"valueName\":\"search_term_string\"}}],\"inLanguage\":\"en-US\"},{\"@type\":\"Organization\",\"@id\":\"https:\\\/\\\/repliquemangacine.fr\\\/#organization\",\"name\":\"R\u00e9plique Manga Cin\u00e9\",\"url\":\"https:\\\/\\\/repliquemangacine.fr\\\/\",\"logo\":{\"@type\":\"ImageObject\",\"inLanguage\":\"en-US\",\"@id\":\"https:\\\/\\\/repliquemangacine.fr\\\/#\\\/schema\\\/logo\\\/image\\\/\",\"url\":\"https:\\\/\\\/repliquemangacine.fr\\\/wp-content\\\/uploads\\\/2023\\\/10\\\/RMC-500250.png\",\"contentUrl\":\"https:\\\/\\\/repliquemangacine.fr\\\/wp-content\\\/uploads\\\/2023\\\/10\\\/RMC-500250.png\",\"width\":500,\"height\":250,\"caption\":\"R\u00e9plique Manga Cin\u00e9\"},\"image\":{\"@id\":\"https:\\\/\\\/repliquemangacine.fr\\\/#\\\/schema\\\/logo\\\/image\\\/\"},\"sameAs\":[\"https:\\\/\\\/www.facebook.com\\\/RepliqueMangaCine\",\"https:\\\/\\\/www.instagram.com\\\/repliquemangacine.fr\\\/\"]}]}<\/script>\n<!-- \/ Yoast SEO plugin. -->","yoast_head_json":{"title":"Katana Last Samurai V2 - R\u00e9plique Manga Cin\u00e9","description":"Superb replica of the Last Samurai Katana V2. Steel blade with engraving. Wooden scabbard with engraved blade opening. Metal guard. 102 cm","robots":{"index":"index","follow":"follow","max-snippet":"max-snippet:-1","max-image-preview":"max-image-preview:large","max-video-preview":"max-video-preview:-1"},"canonical":"https:\/\/repliquemangacine.fr\/en\/katanas-the-last-samurai\/last-samurai-katana-v2\/","og_locale":"en_US","og_type":"article","og_title":"Katana Dernier Samoura\u00ef V2 - R\u00e9plique Manga Cin\u00e9","og_description":"Superbe r\u00e9plique du Katana Dernier Samoura\u00ef V2. Lame en acier avec gravure. Fourreau bois avec ouverture sur la lame grav\u00e9e. Garde m\u00e9tal. 102 cm","og_url":"https:\/\/repliquemangacine.fr\/en\/katanas-the-last-samurai\/last-samurai-katana-v2\/","og_site_name":"R\u00e9plique Manga Cin\u00e9","article_publisher":"https:\/\/www.facebook.com\/RepliqueMangaCine","article_modified_time":"2025-11-17T20:43:03+00:00","og_image":[{"width":500,"height":500,"url":"https:\/\/repliquemangacine.fr\/wp-content\/uploads\/2024\/11\/Katana-violet-hors-son-fourreau.jpg","type":"image\/jpeg"}],"twitter_card":"summary_large_image","twitter_misc":{"Est. reading time":"3 minutes"},"schema":{"@context":"https:\/\/schema.org","@graph":[{"@type":"WebPage","@id":"https:\/\/repliquemangacine.fr\/katanas-le-dernier-samourai\/katana-dernier-samourai-v2\/","url":"https:\/\/repliquemangacine.fr\/katanas-le-dernier-samourai\/katana-dernier-samourai-v2\/","name":"Katana Last Samurai V2 - R\u00e9plique Manga Cin\u00e9","isPartOf":{"@id":"https:\/\/repliquemangacine.fr\/#website"},"primaryImageOfPage":{"@id":"https:\/\/repliquemangacine.fr\/katanas-le-dernier-samourai\/katana-dernier-samourai-v2\/#primaryimage"},"image":{"@id":"https:\/\/repliquemangacine.fr\/katanas-le-dernier-samourai\/katana-dernier-samourai-v2\/#primaryimage"},"thumbnailUrl":"https:\/\/repliquemangacine.fr\/wp-content\/uploads\/2024\/11\/Katana-violet-hors-son-fourreau.jpg","datePublished":"2024-11-18T17:30:28+00:00","dateModified":"2025-11-17T20:43:03+00:00","description":"Superb replica of the Last Samurai Katana V2. Steel blade with engraving. Wooden scabbard with engraved blade opening. Metal guard. 102 cm","breadcrumb":{"@id":"https:\/\/repliquemangacine.fr\/katanas-le-dernier-samourai\/katana-dernier-samourai-v2\/#breadcrumb"},"inLanguage":"en-US","potentialAction":[{"@type":"ReadAction","target":["https:\/\/repliquemangacine.fr\/katanas-le-dernier-samourai\/katana-dernier-samourai-v2\/"]}]},{"@type":"ImageObject","inLanguage":"en-US","@id":"https:\/\/repliquemangacine.fr\/katanas-le-dernier-samourai\/katana-dernier-samourai-v2\/#primaryimage","url":"https:\/\/repliquemangacine.fr\/wp-content\/uploads\/2024\/11\/Katana-violet-hors-son-fourreau.jpg","contentUrl":"https:\/\/repliquemangacine.fr\/wp-content\/uploads\/2024\/11\/Katana-violet-hors-son-fourreau.jpg","width":500,"height":500,"caption":"Katana Dernier Samoura\u00ef V2 hors de son fourreau"},{"@type":"BreadcrumbList","@id":"https:\/\/repliquemangacine.fr\/katanas-le-dernier-samourai\/katana-dernier-samourai-v2\/#breadcrumb","itemListElement":[{"@type":"ListItem","position":1,"name":"Accueil","item":"https:\/\/repliquemangacine.fr\/"},{"@type":"ListItem","position":2,"name":"Produits","item":"https:\/\/repliquemangacine.fr\/boutique\/"},{"@type":"ListItem","position":3,"name":"Katana Dernier Samoura\u00ef V2"}]},{"@type":"WebSite","@id":"https:\/\/repliquemangacine.fr\/#website","url":"https:\/\/repliquemangacine.fr\/","name":"R\u00e9plique Manga Cin\u00e9","description":"","publisher":{"@id":"https:\/\/repliquemangacine.fr\/#organization"},"potentialAction":[{"@type":"SearchAction","target":{"@type":"EntryPoint","urlTemplate":"https:\/\/repliquemangacine.fr\/?s={search_term_string}"},"query-input":{"@type":"PropertyValueSpecification","valueRequired":true,"valueName":"search_term_string"}}],"inLanguage":"en-US"},{"@type":"Organization","@id":"https:\/\/repliquemangacine.fr\/#organization","name":"R\u00e9plique Manga Cin\u00e9","url":"https:\/\/repliquemangacine.fr\/","logo":{"@type":"ImageObject","inLanguage":"en-US","@id":"https:\/\/repliquemangacine.fr\/#\/schema\/logo\/image\/","url":"https:\/\/repliquemangacine.fr\/wp-content\/uploads\/2023\/10\/RMC-500250.png","contentUrl":"https:\/\/repliquemangacine.fr\/wp-content\/uploads\/2023\/10\/RMC-500250.png","width":500,"height":250,"caption":"R\u00e9plique Manga Cin\u00e9"},"image":{"@id":"https:\/\/repliquemangacine.fr\/#\/schema\/logo\/image\/"},"sameAs":["https:\/\/www.facebook.com\/RepliqueMangaCine","https:\/\/www.instagram.com\/repliquemangacine.fr\/"]}]}},"_links":{"self":[{"href":"https:\/\/repliquemangacine.fr\/en\/wp-json\/wp\/v2\/product\/78140","targetHints":{"allow":["GET"]}}],"collection":[{"href":"https:\/\/repliquemangacine.fr\/en\/wp-json\/wp\/v2\/product"}],"about":[{"href":"https:\/\/repliquemangacine.fr\/en\/wp-json\/wp\/v2\/types\/product"}],"wp:featuredmedia":[{"embeddable":true,"href":"https:\/\/repliquemangacine.fr\/en\/wp-json\/wp\/v2\/media\/78141"}],"wp:attachment":[{"href":"https:\/\/repliquemangacine.fr\/en\/wp-json\/wp\/v2\/media?parent=78140"}],"wp:term":[{"taxonomy":"product_brand","embeddable":true,"href":"https:\/\/repliquemangacine.fr\/en\/wp-json\/wp\/v2\/product_brand?post=78140"},{"taxonomy":"product_cat","embeddable":true,"href":"https:\/\/repliquemangacine.fr\/en\/wp-json\/wp\/v2\/product_cat?post=78140"},{"taxonomy":"product_tag","embeddable":true,"href":"https:\/\/repliquemangacine.fr\/en\/wp-json\/wp\/v2\/product_tag?post=78140"}],"curies":[{"name":"wp","href":"https:\/\/api.w.org\/{rel}","templated":true}]}}