





{"id":76054,"date":"2024-11-09T18:01:55","date_gmt":"2024-11-09T17:01:55","guid":{"rendered":"https:\/\/repliquemangacine.fr\/?post_type=product&#038;p=76054"},"modified":"2025-11-17T21:43:38","modified_gmt":"2025-11-17T20:43:38","slug":"katana-luminous-trafalgar-law-one-piece","status":"publish","type":"product","link":"https:\/\/repliquemangacine.fr\/en\/katana-en-metal-one-piece\/katana-lumineux-trafalgar-law-one-piece\/","title":{"rendered":"Katana Luminous Trafalgar Law"},"content":{"rendered":"<h2>Trafalgar Law's luminous Katana in One Piece<\/h2>\n<p>First, discover an exceptional new feature: the<strong> Trafalgar Law's luminous katana<\/strong> in One Piece. Inspired by Kikoku, Law's distinctive sword, often recognized by its black and white scabbard and the cross motifs that recall its emblem. This luminous replica offers One Piece fans total immersion in the character's universe, recreating Law's mysterious and powerful aura.<\/p>\n<p>This unique katana is battery-powered and illuminated by built-in LEDs. Adding a flamboyant dimension to this faithful replica. Simply press the on\/off button discreetly integrated into the handle. The blade lights up instantly, evoking the grace and precision of its nature-inspired fighting style. This LED technology offers unprecedented realism, marking a first for luminous katanas of this quality. Perfect for collectors and <a href=\"https:\/\/onepiece.fandom.com\/fr\/wiki\/One_Piece_Encyclop%C3%A9die\" target=\"_blank\" rel=\"noopener noreferrer\">One Piece<\/a>. This katana combines authenticity and innovation to offer a striking visual experience. Ideal for displaying or recreating epic scenes. A true collector's item for any fan of One Piece and the adventures of this enigmatic surgeon!<\/p>\n<h2>Discover other new light-up katanas<\/h2>\n<p>In addition to the<strong> Trafalgar Law's luminous katana<\/strong>The range of luminous katanas also includes other impressive replicas from the Demon Slayer universe.<\/p>\n<ul>\n<li>Visit <a href=\"https:\/\/repliquemangacine.fr\/en\/katana-luminous-demon-slayer\/yoriichi-luminous-katana\/\">Yoriichi's luminous katana<\/a> Tsugikuni, legendary demon-slayer, lights up to embody the unrivalled power of this mythical character.<br \/>\nHis fighting style is the Breath of the Sun, also known as the Original Breath.<\/li>\n<li>Visit <a href=\"https:\/\/repliquemangacine.fr\/en\/katana-luminous-demon-slayer\/tanjiro-luminous-katana\/\">Tanjiro's luminous katana<\/a> Kamado, the series' main hero, also has LEDs that light up his black blade, representing Tanjiro's strength and perseverance.<br \/>\nin his quest to protect his family.<\/li>\n<li>Visit <a href=\"https:\/\/repliquemangacine.fr\/en\/katana-luminous-demon-slayer\/sanemi-demon-slayer-luminous-katana\/\">Sanemi Shinazugawa's luminous katana<\/a>Sanemi is the third most powerful swordsman in the world. The blade lights up instantly, evoking Sanemi's strength and agility to match that of a demon. And many more to discover in our store.<\/li>\n<\/ul>\n<p>Each LED-equipped katana in this collection offers a unique immersive experience, combining technological innovation with respect for the details of the Demon Slayer universe.<\/p>\n<p>These luminous replicas are perfect for passionate fans.<\/p>\n<h2>Innovation at the service of fans: exceptional luminous katanas<\/h2>\n<p>The world of katana replicas reaches a new level with these luminous models. And it's a revolution for Demon Slayer fans. Beyond the quality of their manufacture and their fidelity to the weapons seen in the anime. These katanas are equipped with LED technologies that add an unprecedented immersive dimension. Each katana becomes much more than a simple collector's item. A truly interactive element, capable of glowing and evoking the power of the characters it represents. The LEDs are easily activated by means of a discreet button, allowing you to live the experience to the full. Indeed, whether for exhibitions, photos or even cosplays. This innovation, combining tradition and technology, makes luminous katanas a revolution for fans looking for authentic yet innovative replicas. If you're looking to enhance your collection with something as unique as it is striking, these luminous katanas are for you!<\/p>\n<p>&nbsp;<\/p>","protected":false},"excerpt":{"rendered":"<p>Superb replica of Trafalgar Law's luminous Katana from One Piece.<\/p>\n<ul>\n<li>Metal blade on top.<\/li>\n<li>The lower part is in rigid ABS with white LEDs inside.<\/li>\n<li>Discreet, easy-to-use on\/off button<\/li>\n<li>Metal guard with white fur<\/li>\n<li>Imitation ray skin handle, covered with brown cotton braid.<\/li>\n<li>Handle tip detaches for insertion of two AAA batteries (not supplied)<\/li>\n<li>Black lacquered wooden scabbard with white cross.<\/li>\n<li>Blade length: 67 cm - Overall length: 103 cm - Weight: 1010 gr<\/li>\n<\/ul>","protected":false},"featured_media":76056,"template":"","meta":[],"product_brand":[896],"product_cat":[123,868,36,101],"product_tag":[],"class_list":{"0":"post-76054","1":"product","2":"type-product","3":"status-publish","4":"has-post-thumbnail","6":"product_brand-replique-manga-cine","7":"product_cat-katana-en-metal-one-piece","8":"product_cat-katana-lumineux","9":"product_cat-katana-one-piece","10":"product_cat-soldes","12":"first","13":"instock","14":"sale","15":"taxable","16":"shipping-taxable","17":"purchasable","18":"product-type-simple"},"yoast_head":"<!-- This site is optimized with the Yoast SEO plugin v27.5 - https:\/\/yoast.com\/product\/yoast-seo-wordpress\/ -->\n<title>Katana Lumineux Trafalgar Law - One Piece | R\u00e9plique Manga Cin\u00e9<\/title>\n<meta name=\"description\" content=\"Nouveaut\u00e9 exceptionnelle, le Katana lumineux de Trafalgar Law. Lame acier avec LEDS. Bouton marche\/arr\u00eat. Fonctionne \u00e0 piles. 103 cm\" \/>\n<meta name=\"robots\" content=\"index, follow, max-snippet:-1, max-image-preview:large, max-video-preview:-1\" \/>\n<link rel=\"canonical\" href=\"https:\/\/repliquemangacine.fr\/en\/one-piece-metal-katana\/katana-luminous-trafalgar-law-one-piece\/\" \/>\n<meta property=\"og:locale\" content=\"en_US\" \/>\n<meta property=\"og:type\" content=\"article\" \/>\n<meta property=\"og:title\" content=\"Katana Lumineux Trafalgar Law - One Piece | R\u00e9plique Manga Cin\u00e9\" \/>\n<meta property=\"og:description\" content=\"Nouveaut\u00e9 exceptionnelle, le Katana lumineux de Trafalgar Law. Lame acier avec LEDS. Bouton marche\/arr\u00eat. Fonctionne \u00e0 piles. 103 cm\" \/>\n<meta property=\"og:url\" content=\"https:\/\/repliquemangacine.fr\/en\/one-piece-metal-katana\/katana-luminous-trafalgar-law-one-piece\/\" \/>\n<meta property=\"og:site_name\" content=\"R\u00e9plique Manga Cin\u00e9\" \/>\n<meta property=\"article:publisher\" content=\"https:\/\/www.facebook.com\/RepliqueMangaCine\" \/>\n<meta property=\"article:modified_time\" content=\"2025-11-17T20:43:38+00:00\" \/>\n<meta property=\"og:image\" content=\"https:\/\/repliquemangacine.fr\/wp-content\/uploads\/2024\/11\/Katana-lumineux-Trafalgar-Law.jpg\" \/>\n\t<meta property=\"og:image:width\" content=\"500\" \/>\n\t<meta property=\"og:image:height\" content=\"500\" \/>\n\t<meta property=\"og:image:type\" content=\"image\/jpeg\" \/>\n<meta name=\"twitter:card\" content=\"summary_large_image\" \/>\n<meta name=\"twitter:label1\" content=\"Est. reading time\" \/>\n\t<meta name=\"twitter:data1\" content=\"3 minutes\" \/>\n<script type=\"application\/ld+json\" class=\"yoast-schema-graph\">{\"@context\":\"https:\\\/\\\/schema.org\",\"@graph\":[{\"@type\":\"WebPage\",\"@id\":\"https:\\\/\\\/repliquemangacine.fr\\\/katana-en-metal-one-piece\\\/katana-lumineux-trafalgar-law-one-piece\\\/\",\"url\":\"https:\\\/\\\/repliquemangacine.fr\\\/katana-en-metal-one-piece\\\/katana-lumineux-trafalgar-law-one-piece\\\/\",\"name\":\"Katana Lumineux Trafalgar Law - One Piece | R\u00e9plique Manga Cin\u00e9\",\"isPartOf\":{\"@id\":\"https:\\\/\\\/repliquemangacine.fr\\\/#website\"},\"primaryImageOfPage\":{\"@id\":\"https:\\\/\\\/repliquemangacine.fr\\\/katana-en-metal-one-piece\\\/katana-lumineux-trafalgar-law-one-piece\\\/#primaryimage\"},\"image\":{\"@id\":\"https:\\\/\\\/repliquemangacine.fr\\\/katana-en-metal-one-piece\\\/katana-lumineux-trafalgar-law-one-piece\\\/#primaryimage\"},\"thumbnailUrl\":\"https:\\\/\\\/repliquemangacine.fr\\\/wp-content\\\/uploads\\\/2024\\\/11\\\/Katana-lumineux-Trafalgar-Law.jpg\",\"datePublished\":\"2024-11-09T17:01:55+00:00\",\"dateModified\":\"2025-11-17T20:43:38+00:00\",\"description\":\"Nouveaut\u00e9 exceptionnelle, le Katana lumineux de Trafalgar Law. Lame acier avec LEDS. Bouton marche\\\/arr\u00eat. Fonctionne \u00e0 piles. 103 cm\",\"breadcrumb\":{\"@id\":\"https:\\\/\\\/repliquemangacine.fr\\\/katana-en-metal-one-piece\\\/katana-lumineux-trafalgar-law-one-piece\\\/#breadcrumb\"},\"inLanguage\":\"en-US\",\"potentialAction\":[{\"@type\":\"ReadAction\",\"target\":[\"https:\\\/\\\/repliquemangacine.fr\\\/katana-en-metal-one-piece\\\/katana-lumineux-trafalgar-law-one-piece\\\/\"]}]},{\"@type\":\"ImageObject\",\"inLanguage\":\"en-US\",\"@id\":\"https:\\\/\\\/repliquemangacine.fr\\\/katana-en-metal-one-piece\\\/katana-lumineux-trafalgar-law-one-piece\\\/#primaryimage\",\"url\":\"https:\\\/\\\/repliquemangacine.fr\\\/wp-content\\\/uploads\\\/2024\\\/11\\\/Katana-lumineux-Trafalgar-Law.jpg\",\"contentUrl\":\"https:\\\/\\\/repliquemangacine.fr\\\/wp-content\\\/uploads\\\/2024\\\/11\\\/Katana-lumineux-Trafalgar-Law.jpg\",\"width\":500,\"height\":500,\"caption\":\"Katana lumineux de Trafalgar Law dans One Piece\"},{\"@type\":\"BreadcrumbList\",\"@id\":\"https:\\\/\\\/repliquemangacine.fr\\\/katana-en-metal-one-piece\\\/katana-lumineux-trafalgar-law-one-piece\\\/#breadcrumb\",\"itemListElement\":[{\"@type\":\"ListItem\",\"position\":1,\"name\":\"Accueil\",\"item\":\"https:\\\/\\\/repliquemangacine.fr\\\/\"},{\"@type\":\"ListItem\",\"position\":2,\"name\":\"Produits\",\"item\":\"https:\\\/\\\/repliquemangacine.fr\\\/boutique\\\/\"},{\"@type\":\"ListItem\",\"position\":3,\"name\":\"Katana Lumineux Trafalgar Law\"}]},{\"@type\":\"WebSite\",\"@id\":\"https:\\\/\\\/repliquemangacine.fr\\\/#website\",\"url\":\"https:\\\/\\\/repliquemangacine.fr\\\/\",\"name\":\"R\u00e9plique Manga Cin\u00e9\",\"description\":\"\",\"publisher\":{\"@id\":\"https:\\\/\\\/repliquemangacine.fr\\\/#organization\"},\"potentialAction\":[{\"@type\":\"SearchAction\",\"target\":{\"@type\":\"EntryPoint\",\"urlTemplate\":\"https:\\\/\\\/repliquemangacine.fr\\\/?s={search_term_string}\"},\"query-input\":{\"@type\":\"PropertyValueSpecification\",\"valueRequired\":true,\"valueName\":\"search_term_string\"}}],\"inLanguage\":\"en-US\"},{\"@type\":\"Organization\",\"@id\":\"https:\\\/\\\/repliquemangacine.fr\\\/#organization\",\"name\":\"R\u00e9plique Manga Cin\u00e9\",\"url\":\"https:\\\/\\\/repliquemangacine.fr\\\/\",\"logo\":{\"@type\":\"ImageObject\",\"inLanguage\":\"en-US\",\"@id\":\"https:\\\/\\\/repliquemangacine.fr\\\/#\\\/schema\\\/logo\\\/image\\\/\",\"url\":\"https:\\\/\\\/repliquemangacine.fr\\\/wp-content\\\/uploads\\\/2023\\\/10\\\/RMC-500250.png\",\"contentUrl\":\"https:\\\/\\\/repliquemangacine.fr\\\/wp-content\\\/uploads\\\/2023\\\/10\\\/RMC-500250.png\",\"width\":500,\"height\":250,\"caption\":\"R\u00e9plique Manga Cin\u00e9\"},\"image\":{\"@id\":\"https:\\\/\\\/repliquemangacine.fr\\\/#\\\/schema\\\/logo\\\/image\\\/\"},\"sameAs\":[\"https:\\\/\\\/www.facebook.com\\\/RepliqueMangaCine\",\"https:\\\/\\\/www.instagram.com\\\/repliquemangacine.fr\\\/\"]}]}<\/script>\n<!-- \/ Yoast SEO plugin. -->","yoast_head_json":{"title":"Trafalgar Law Luminous Katana - One Piece | R\u00e9plique Manga Cin\u00e9","description":"An exceptional new product, the luminous Katana from Trafalgar Law. Steel blade with LEDS. On\/off button. Battery-operated. 103 cm","robots":{"index":"index","follow":"follow","max-snippet":"max-snippet:-1","max-image-preview":"max-image-preview:large","max-video-preview":"max-video-preview:-1"},"canonical":"https:\/\/repliquemangacine.fr\/en\/one-piece-metal-katana\/katana-luminous-trafalgar-law-one-piece\/","og_locale":"en_US","og_type":"article","og_title":"Katana Lumineux Trafalgar Law - One Piece | R\u00e9plique Manga Cin\u00e9","og_description":"Nouveaut\u00e9 exceptionnelle, le Katana lumineux de Trafalgar Law. Lame acier avec LEDS. Bouton marche\/arr\u00eat. Fonctionne \u00e0 piles. 103 cm","og_url":"https:\/\/repliquemangacine.fr\/en\/one-piece-metal-katana\/katana-luminous-trafalgar-law-one-piece\/","og_site_name":"R\u00e9plique Manga Cin\u00e9","article_publisher":"https:\/\/www.facebook.com\/RepliqueMangaCine","article_modified_time":"2025-11-17T20:43:38+00:00","og_image":[{"width":500,"height":500,"url":"https:\/\/repliquemangacine.fr\/wp-content\/uploads\/2024\/11\/Katana-lumineux-Trafalgar-Law.jpg","type":"image\/jpeg"}],"twitter_card":"summary_large_image","twitter_misc":{"Est. reading time":"3 minutes"},"schema":{"@context":"https:\/\/schema.org","@graph":[{"@type":"WebPage","@id":"https:\/\/repliquemangacine.fr\/katana-en-metal-one-piece\/katana-lumineux-trafalgar-law-one-piece\/","url":"https:\/\/repliquemangacine.fr\/katana-en-metal-one-piece\/katana-lumineux-trafalgar-law-one-piece\/","name":"Trafalgar Law Luminous Katana - One Piece | R\u00e9plique Manga Cin\u00e9","isPartOf":{"@id":"https:\/\/repliquemangacine.fr\/#website"},"primaryImageOfPage":{"@id":"https:\/\/repliquemangacine.fr\/katana-en-metal-one-piece\/katana-lumineux-trafalgar-law-one-piece\/#primaryimage"},"image":{"@id":"https:\/\/repliquemangacine.fr\/katana-en-metal-one-piece\/katana-lumineux-trafalgar-law-one-piece\/#primaryimage"},"thumbnailUrl":"https:\/\/repliquemangacine.fr\/wp-content\/uploads\/2024\/11\/Katana-lumineux-Trafalgar-Law.jpg","datePublished":"2024-11-09T17:01:55+00:00","dateModified":"2025-11-17T20:43:38+00:00","description":"An exceptional new product, the luminous Katana from Trafalgar Law. Steel blade with LEDS. On\/off button. Battery-operated. 103 cm","breadcrumb":{"@id":"https:\/\/repliquemangacine.fr\/katana-en-metal-one-piece\/katana-lumineux-trafalgar-law-one-piece\/#breadcrumb"},"inLanguage":"en-US","potentialAction":[{"@type":"ReadAction","target":["https:\/\/repliquemangacine.fr\/katana-en-metal-one-piece\/katana-lumineux-trafalgar-law-one-piece\/"]}]},{"@type":"ImageObject","inLanguage":"en-US","@id":"https:\/\/repliquemangacine.fr\/katana-en-metal-one-piece\/katana-lumineux-trafalgar-law-one-piece\/#primaryimage","url":"https:\/\/repliquemangacine.fr\/wp-content\/uploads\/2024\/11\/Katana-lumineux-Trafalgar-Law.jpg","contentUrl":"https:\/\/repliquemangacine.fr\/wp-content\/uploads\/2024\/11\/Katana-lumineux-Trafalgar-Law.jpg","width":500,"height":500,"caption":"Katana lumineux de Trafalgar Law dans One Piece"},{"@type":"BreadcrumbList","@id":"https:\/\/repliquemangacine.fr\/katana-en-metal-one-piece\/katana-lumineux-trafalgar-law-one-piece\/#breadcrumb","itemListElement":[{"@type":"ListItem","position":1,"name":"Accueil","item":"https:\/\/repliquemangacine.fr\/"},{"@type":"ListItem","position":2,"name":"Produits","item":"https:\/\/repliquemangacine.fr\/boutique\/"},{"@type":"ListItem","position":3,"name":"Katana Lumineux Trafalgar Law"}]},{"@type":"WebSite","@id":"https:\/\/repliquemangacine.fr\/#website","url":"https:\/\/repliquemangacine.fr\/","name":"R\u00e9plique Manga Cin\u00e9","description":"","publisher":{"@id":"https:\/\/repliquemangacine.fr\/#organization"},"potentialAction":[{"@type":"SearchAction","target":{"@type":"EntryPoint","urlTemplate":"https:\/\/repliquemangacine.fr\/?s={search_term_string}"},"query-input":{"@type":"PropertyValueSpecification","valueRequired":true,"valueName":"search_term_string"}}],"inLanguage":"en-US"},{"@type":"Organization","@id":"https:\/\/repliquemangacine.fr\/#organization","name":"R\u00e9plique Manga Cin\u00e9","url":"https:\/\/repliquemangacine.fr\/","logo":{"@type":"ImageObject","inLanguage":"en-US","@id":"https:\/\/repliquemangacine.fr\/#\/schema\/logo\/image\/","url":"https:\/\/repliquemangacine.fr\/wp-content\/uploads\/2023\/10\/RMC-500250.png","contentUrl":"https:\/\/repliquemangacine.fr\/wp-content\/uploads\/2023\/10\/RMC-500250.png","width":500,"height":250,"caption":"R\u00e9plique Manga Cin\u00e9"},"image":{"@id":"https:\/\/repliquemangacine.fr\/#\/schema\/logo\/image\/"},"sameAs":["https:\/\/www.facebook.com\/RepliqueMangaCine","https:\/\/www.instagram.com\/repliquemangacine.fr\/"]}]}},"_links":{"self":[{"href":"https:\/\/repliquemangacine.fr\/en\/wp-json\/wp\/v2\/product\/76054","targetHints":{"allow":["GET"]}}],"collection":[{"href":"https:\/\/repliquemangacine.fr\/en\/wp-json\/wp\/v2\/product"}],"about":[{"href":"https:\/\/repliquemangacine.fr\/en\/wp-json\/wp\/v2\/types\/product"}],"wp:featuredmedia":[{"embeddable":true,"href":"https:\/\/repliquemangacine.fr\/en\/wp-json\/wp\/v2\/media\/76056"}],"wp:attachment":[{"href":"https:\/\/repliquemangacine.fr\/en\/wp-json\/wp\/v2\/media?parent=76054"}],"wp:term":[{"taxonomy":"product_brand","embeddable":true,"href":"https:\/\/repliquemangacine.fr\/en\/wp-json\/wp\/v2\/product_brand?post=76054"},{"taxonomy":"product_cat","embeddable":true,"href":"https:\/\/repliquemangacine.fr\/en\/wp-json\/wp\/v2\/product_cat?post=76054"},{"taxonomy":"product_tag","embeddable":true,"href":"https:\/\/repliquemangacine.fr\/en\/wp-json\/wp\/v2\/product_tag?post=76054"}],"curies":[{"name":"wp","href":"https:\/\/api.w.org\/{rel}","templated":true}]}}