





{"id":76042,"date":"2024-11-09T15:53:49","date_gmt":"2024-11-09T14:53:49","guid":{"rendered":"https:\/\/repliquemangacine.fr\/?post_type=product&#038;p=76042"},"modified":"2026-04-19T13:04:39","modified_gmt":"2026-04-19T11:04:39","slug":"led-nichirin-sword-tanjiro-demon-slayer-figurine-free-of-charge","status":"publish","type":"product","link":"https:\/\/repliquemangacine.fr\/en\/katana-lumineux-demon-slayer\/epee-led-nichirin-tanjiro-figurine-demon-slayer-offerte\/","title":{"rendered":"Led Nichirin Tanjiro sword"},"content":{"rendered":"<h2>Led Nichirin Tanjiro sword in Demon Slayer<\/h2>\n<p>First, discover an extraordinary new feature: the<strong>Led Nichirin Tanjiro sword,<\/strong> a special weapon of the Demon Slayers, forged from a metal that absorbs sunlight, making the blade deadly to demons.<\/p>\n<p>This unique katana is battery-powered and illuminated by built-in LEDs. Adding a flamboyant dimension to this faithful replica. Simply press the on\/off button discreetly integrated into the handle. The blade lights up instantly, evoking the grace and precision of its nature-inspired fighting style. This LED technology offers unprecedented realism, marking a first for luminous katanas of this quality. Perfect for collectors and <a href=\"https:\/\/kimetsu-no-yaiba.fandom.com\/wiki\/Kimetsu_no_Yaiba_Wiki\" target=\"_blank\" rel=\"noopener noreferrer\">Demon Slayer<\/a>. This katana combines authenticity and innovation to offer a striking visual experience. Ideal for displaying or recreating epic scenes. A real treasure for any fan of the universe!<\/p>\n<h2>Discover Demon Slayer's other light katanas<\/h2>\n<p>In addition to the<strong>Led Nichirin Tanjiro sword<\/strong> Demon Slayer's range of light-up katanas also includes other impressive replicas.<\/p>\n<ul>\n<li>Visit<a href=\"https:\/\/repliquemangacine.fr\/en\/katana-luminous-demon-slayer\/sanemi-demon-slayer-luminous-katana\/\"> Sanemi's luminous katana<\/a> Shinazugawa, very powerful swordsman, the third most powerful. The blade lights up instantly, evoking Sanemi's strength and agility to match those of a demon.<\/li>\n<li>There is also the <a href=\"https:\/\/repliquemangacine.fr\/en\/katana-demon-slayer\/zenitsu-luminous-katana\/\">Zenitsu Agatsuma's luminous katana<\/a> lights up with LEDs that reflect the electrifying power of its Lightning Breath.  With its luminous flash, it perfectly symbolizes Zenitsu's lightning attacks.<\/li>\n<li>Finally, the <a href=\"https:\/\/repliquemangacine.fr\/en\/katana-demon-slayer\/bright-katana-rengoku\/\">luminous Rengoku katana<\/a> Kyojuro, the Pillar of Flame, shines with fiery intensity thanks to its LEDs, embodying the incandescent power of its Breath of Flame.<\/li>\n<\/ul>\n<p>Each LED-equipped katana in this collection offers a unique immersive experience, combining technological innovation with respect for the details of the Demon Slayer universe.<\/p>\n<p>These luminous replicas are perfect for passionate fans.<\/p>\n<h2>Innovation at the service of fans: exceptional luminous katanas<\/h2>\n<p>The world of katana replicas reaches a new level with these luminous models. And it's a revolution for Demon Slayer fans. Beyond the quality of their manufacture and their fidelity to the weapons seen in the anime. These katanas are equipped with LED technologies that add an unprecedented immersive dimension. Each katana becomes much more than a simple collector's item. A truly interactive element, capable of glowing and evoking the power of the characters it represents. The LEDs are easily activated by means of a discreet button, allowing you to live the experience to the full. Indeed, whether for exhibitions, photos or even cosplays. This innovation, combining tradition and technology, makes luminous katanas a revolution for fans looking for authentic yet innovative replicas. If you're looking to enhance your collection with something as unique as it is striking, these luminous katanas are for you!<\/p>","protected":false},"excerpt":{"rendered":"<p>Superb replica of the Nichirin Tanjiro Sword in luminous (Led) version in Demon Slayer.<\/p>\n<ul>\n<li>The blade is made of metal on the top with decorations<\/li>\n<li>The lower part is in thick ABS with red LEDs inside.<\/li>\n<li>Discreet, easy-to-use on\/off button<\/li>\n<li>Specially shaped metal guard<\/li>\n<li>Imitation red ray skin handle, covered with black imitation braid<\/li>\n<li>Handle tip detaches for insertion of two AAA batteries (not supplied)<\/li>\n<li>Black wooden scabbard.<\/li>\n<li>Blade length: 67 cm - Overall length: 103 cm - Weight: 1065 gr<\/li>\n<\/ul>","protected":false},"featured_media":76044,"template":"","meta":[],"product_brand":[896],"product_cat":[63,868,869,101],"product_tag":[],"class_list":{"0":"post-76042","1":"product","2":"type-product","3":"status-publish","4":"has-post-thumbnail","6":"product_brand-replique-manga-cine","7":"product_cat-katana-demon-slayer","8":"product_cat-katana-lumineux","9":"product_cat-katana-lumineux-demon-slayer","10":"product_cat-soldes","12":"first","13":"outofstock","14":"sale","15":"taxable","16":"shipping-taxable","17":"purchasable","18":"product-type-simple"},"yoast_head":"<!-- This site is optimized with the Yoast SEO plugin v27.5 - https:\/\/yoast.com\/product\/yoast-seo-wordpress\/ -->\n<title>Ep\u00e9e Led Nichirin Tanjiro | RMC<\/title>\n<meta name=\"description\" content=\"Exceptionnelle nouveaut\u00e9 que cette Ep\u00e9e Led Nichirin Tanjiro . Leds rouges. Lame m\u00e9tal. Fonctionne \u00e0 pile. Garde m\u00e9tal. 103 cm\" \/>\n<meta name=\"robots\" content=\"index, follow, max-snippet:-1, max-image-preview:large, max-video-preview:-1\" \/>\n<link rel=\"canonical\" href=\"https:\/\/repliquemangacine.fr\/en\/katana-luminous-demon-slayer\/led-nichirin-sword-tanjiro-demon-slayer-figurine-free-of-charge\/\" \/>\n<meta property=\"og:locale\" content=\"en_US\" \/>\n<meta property=\"og:type\" content=\"article\" \/>\n<meta property=\"og:title\" content=\"Ep\u00e9e Led Nichirin Tanjiro | RMC\" \/>\n<meta property=\"og:description\" content=\"Exceptionnelle nouveaut\u00e9 que cette Ep\u00e9e Led Nichirin Tanjiro . Leds rouges. Lame m\u00e9tal. Fonctionne \u00e0 pile. Garde m\u00e9tal. 103 cm\" \/>\n<meta property=\"og:url\" content=\"https:\/\/repliquemangacine.fr\/en\/katana-luminous-demon-slayer\/led-nichirin-sword-tanjiro-demon-slayer-figurine-free-of-charge\/\" \/>\n<meta property=\"og:site_name\" content=\"R\u00e9plique Manga Cin\u00e9\" \/>\n<meta property=\"article:publisher\" content=\"https:\/\/www.facebook.com\/RepliqueMangaCine\" \/>\n<meta property=\"article:modified_time\" content=\"2026-04-19T11:04:39+00:00\" \/>\n<meta property=\"og:image\" content=\"https:\/\/repliquemangacine.fr\/wp-content\/uploads\/2024\/11\/Epee-Led-Nichirin-Tanjiro.jpg\" \/>\n\t<meta property=\"og:image:width\" content=\"500\" \/>\n\t<meta property=\"og:image:height\" content=\"500\" \/>\n\t<meta property=\"og:image:type\" content=\"image\/jpeg\" \/>\n<meta name=\"twitter:card\" content=\"summary_large_image\" \/>\n<meta name=\"twitter:label1\" content=\"Est. reading time\" \/>\n\t<meta name=\"twitter:data1\" content=\"3 minutes\" \/>\n<script type=\"application\/ld+json\" class=\"yoast-schema-graph\">{\"@context\":\"https:\\\/\\\/schema.org\",\"@graph\":[{\"@type\":\"WebPage\",\"@id\":\"https:\\\/\\\/repliquemangacine.fr\\\/katana-lumineux-demon-slayer\\\/epee-led-nichirin-tanjiro-figurine-demon-slayer-offerte\\\/\",\"url\":\"https:\\\/\\\/repliquemangacine.fr\\\/katana-lumineux-demon-slayer\\\/epee-led-nichirin-tanjiro-figurine-demon-slayer-offerte\\\/\",\"name\":\"Ep\u00e9e Led Nichirin Tanjiro | RMC\",\"isPartOf\":{\"@id\":\"https:\\\/\\\/repliquemangacine.fr\\\/#website\"},\"primaryImageOfPage\":{\"@id\":\"https:\\\/\\\/repliquemangacine.fr\\\/katana-lumineux-demon-slayer\\\/epee-led-nichirin-tanjiro-figurine-demon-slayer-offerte\\\/#primaryimage\"},\"image\":{\"@id\":\"https:\\\/\\\/repliquemangacine.fr\\\/katana-lumineux-demon-slayer\\\/epee-led-nichirin-tanjiro-figurine-demon-slayer-offerte\\\/#primaryimage\"},\"thumbnailUrl\":\"https:\\\/\\\/repliquemangacine.fr\\\/wp-content\\\/uploads\\\/2024\\\/11\\\/Epee-Led-Nichirin-Tanjiro.jpg\",\"datePublished\":\"2024-11-09T14:53:49+00:00\",\"dateModified\":\"2026-04-19T11:04:39+00:00\",\"description\":\"Exceptionnelle nouveaut\u00e9 que cette Ep\u00e9e Led Nichirin Tanjiro . Leds rouges. Lame m\u00e9tal. Fonctionne \u00e0 pile. Garde m\u00e9tal. 103 cm\",\"breadcrumb\":{\"@id\":\"https:\\\/\\\/repliquemangacine.fr\\\/katana-lumineux-demon-slayer\\\/epee-led-nichirin-tanjiro-figurine-demon-slayer-offerte\\\/#breadcrumb\"},\"inLanguage\":\"en-US\",\"potentialAction\":[{\"@type\":\"ReadAction\",\"target\":[\"https:\\\/\\\/repliquemangacine.fr\\\/katana-lumineux-demon-slayer\\\/epee-led-nichirin-tanjiro-figurine-demon-slayer-offerte\\\/\"]}]},{\"@type\":\"ImageObject\",\"inLanguage\":\"en-US\",\"@id\":\"https:\\\/\\\/repliquemangacine.fr\\\/katana-lumineux-demon-slayer\\\/epee-led-nichirin-tanjiro-figurine-demon-slayer-offerte\\\/#primaryimage\",\"url\":\"https:\\\/\\\/repliquemangacine.fr\\\/wp-content\\\/uploads\\\/2024\\\/11\\\/Epee-Led-Nichirin-Tanjiro.jpg\",\"contentUrl\":\"https:\\\/\\\/repliquemangacine.fr\\\/wp-content\\\/uploads\\\/2024\\\/11\\\/Epee-Led-Nichirin-Tanjiro.jpg\",\"width\":500,\"height\":500,\"caption\":\"Ep\u00e9e Led Nichirin Tanjiro\"},{\"@type\":\"BreadcrumbList\",\"@id\":\"https:\\\/\\\/repliquemangacine.fr\\\/katana-lumineux-demon-slayer\\\/epee-led-nichirin-tanjiro-figurine-demon-slayer-offerte\\\/#breadcrumb\",\"itemListElement\":[{\"@type\":\"ListItem\",\"position\":1,\"name\":\"Accueil\",\"item\":\"https:\\\/\\\/repliquemangacine.fr\\\/\"},{\"@type\":\"ListItem\",\"position\":2,\"name\":\"Produits\",\"item\":\"https:\\\/\\\/repliquemangacine.fr\\\/boutique\\\/\"},{\"@type\":\"ListItem\",\"position\":3,\"name\":\"Ep\u00e9e Led Nichirin Tanjiro\"}]},{\"@type\":\"WebSite\",\"@id\":\"https:\\\/\\\/repliquemangacine.fr\\\/#website\",\"url\":\"https:\\\/\\\/repliquemangacine.fr\\\/\",\"name\":\"R\u00e9plique Manga Cin\u00e9\",\"description\":\"\",\"publisher\":{\"@id\":\"https:\\\/\\\/repliquemangacine.fr\\\/#organization\"},\"potentialAction\":[{\"@type\":\"SearchAction\",\"target\":{\"@type\":\"EntryPoint\",\"urlTemplate\":\"https:\\\/\\\/repliquemangacine.fr\\\/?s={search_term_string}\"},\"query-input\":{\"@type\":\"PropertyValueSpecification\",\"valueRequired\":true,\"valueName\":\"search_term_string\"}}],\"inLanguage\":\"en-US\"},{\"@type\":\"Organization\",\"@id\":\"https:\\\/\\\/repliquemangacine.fr\\\/#organization\",\"name\":\"R\u00e9plique Manga Cin\u00e9\",\"url\":\"https:\\\/\\\/repliquemangacine.fr\\\/\",\"logo\":{\"@type\":\"ImageObject\",\"inLanguage\":\"en-US\",\"@id\":\"https:\\\/\\\/repliquemangacine.fr\\\/#\\\/schema\\\/logo\\\/image\\\/\",\"url\":\"https:\\\/\\\/repliquemangacine.fr\\\/wp-content\\\/uploads\\\/2023\\\/10\\\/RMC-500250.png\",\"contentUrl\":\"https:\\\/\\\/repliquemangacine.fr\\\/wp-content\\\/uploads\\\/2023\\\/10\\\/RMC-500250.png\",\"width\":500,\"height\":250,\"caption\":\"R\u00e9plique Manga Cin\u00e9\"},\"image\":{\"@id\":\"https:\\\/\\\/repliquemangacine.fr\\\/#\\\/schema\\\/logo\\\/image\\\/\"},\"sameAs\":[\"https:\\\/\\\/www.facebook.com\\\/RepliqueMangaCine\",\"https:\\\/\\\/www.instagram.com\\\/repliquemangacine.fr\\\/\"]}]}<\/script>\n<!-- \/ Yoast SEO plugin. -->","yoast_head_json":{"title":"Led Nichirin Tanjiro sword | RMC","description":"An exceptional new product, the Nichirin Tanjiro Led Sword. Red LEDs. Metal blade. Battery-operated. Metal guard. 103 cm","robots":{"index":"index","follow":"follow","max-snippet":"max-snippet:-1","max-image-preview":"max-image-preview:large","max-video-preview":"max-video-preview:-1"},"canonical":"https:\/\/repliquemangacine.fr\/en\/katana-luminous-demon-slayer\/led-nichirin-sword-tanjiro-demon-slayer-figurine-free-of-charge\/","og_locale":"en_US","og_type":"article","og_title":"Ep\u00e9e Led Nichirin Tanjiro | RMC","og_description":"Exceptionnelle nouveaut\u00e9 que cette Ep\u00e9e Led Nichirin Tanjiro . Leds rouges. Lame m\u00e9tal. Fonctionne \u00e0 pile. Garde m\u00e9tal. 103 cm","og_url":"https:\/\/repliquemangacine.fr\/en\/katana-luminous-demon-slayer\/led-nichirin-sword-tanjiro-demon-slayer-figurine-free-of-charge\/","og_site_name":"R\u00e9plique Manga Cin\u00e9","article_publisher":"https:\/\/www.facebook.com\/RepliqueMangaCine","article_modified_time":"2026-04-19T11:04:39+00:00","og_image":[{"width":500,"height":500,"url":"https:\/\/repliquemangacine.fr\/wp-content\/uploads\/2024\/11\/Epee-Led-Nichirin-Tanjiro.jpg","type":"image\/jpeg"}],"twitter_card":"summary_large_image","twitter_misc":{"Est. reading time":"3 minutes"},"schema":{"@context":"https:\/\/schema.org","@graph":[{"@type":"WebPage","@id":"https:\/\/repliquemangacine.fr\/katana-lumineux-demon-slayer\/epee-led-nichirin-tanjiro-figurine-demon-slayer-offerte\/","url":"https:\/\/repliquemangacine.fr\/katana-lumineux-demon-slayer\/epee-led-nichirin-tanjiro-figurine-demon-slayer-offerte\/","name":"Led Nichirin Tanjiro sword | RMC","isPartOf":{"@id":"https:\/\/repliquemangacine.fr\/#website"},"primaryImageOfPage":{"@id":"https:\/\/repliquemangacine.fr\/katana-lumineux-demon-slayer\/epee-led-nichirin-tanjiro-figurine-demon-slayer-offerte\/#primaryimage"},"image":{"@id":"https:\/\/repliquemangacine.fr\/katana-lumineux-demon-slayer\/epee-led-nichirin-tanjiro-figurine-demon-slayer-offerte\/#primaryimage"},"thumbnailUrl":"https:\/\/repliquemangacine.fr\/wp-content\/uploads\/2024\/11\/Epee-Led-Nichirin-Tanjiro.jpg","datePublished":"2024-11-09T14:53:49+00:00","dateModified":"2026-04-19T11:04:39+00:00","description":"An exceptional new product, the Nichirin Tanjiro Led Sword. Red LEDs. Metal blade. Battery-operated. Metal guard. 103 cm","breadcrumb":{"@id":"https:\/\/repliquemangacine.fr\/katana-lumineux-demon-slayer\/epee-led-nichirin-tanjiro-figurine-demon-slayer-offerte\/#breadcrumb"},"inLanguage":"en-US","potentialAction":[{"@type":"ReadAction","target":["https:\/\/repliquemangacine.fr\/katana-lumineux-demon-slayer\/epee-led-nichirin-tanjiro-figurine-demon-slayer-offerte\/"]}]},{"@type":"ImageObject","inLanguage":"en-US","@id":"https:\/\/repliquemangacine.fr\/katana-lumineux-demon-slayer\/epee-led-nichirin-tanjiro-figurine-demon-slayer-offerte\/#primaryimage","url":"https:\/\/repliquemangacine.fr\/wp-content\/uploads\/2024\/11\/Epee-Led-Nichirin-Tanjiro.jpg","contentUrl":"https:\/\/repliquemangacine.fr\/wp-content\/uploads\/2024\/11\/Epee-Led-Nichirin-Tanjiro.jpg","width":500,"height":500,"caption":"Ep\u00e9e Led Nichirin Tanjiro"},{"@type":"BreadcrumbList","@id":"https:\/\/repliquemangacine.fr\/katana-lumineux-demon-slayer\/epee-led-nichirin-tanjiro-figurine-demon-slayer-offerte\/#breadcrumb","itemListElement":[{"@type":"ListItem","position":1,"name":"Accueil","item":"https:\/\/repliquemangacine.fr\/"},{"@type":"ListItem","position":2,"name":"Produits","item":"https:\/\/repliquemangacine.fr\/boutique\/"},{"@type":"ListItem","position":3,"name":"Ep\u00e9e Led Nichirin Tanjiro"}]},{"@type":"WebSite","@id":"https:\/\/repliquemangacine.fr\/#website","url":"https:\/\/repliquemangacine.fr\/","name":"R\u00e9plique Manga Cin\u00e9","description":"","publisher":{"@id":"https:\/\/repliquemangacine.fr\/#organization"},"potentialAction":[{"@type":"SearchAction","target":{"@type":"EntryPoint","urlTemplate":"https:\/\/repliquemangacine.fr\/?s={search_term_string}"},"query-input":{"@type":"PropertyValueSpecification","valueRequired":true,"valueName":"search_term_string"}}],"inLanguage":"en-US"},{"@type":"Organization","@id":"https:\/\/repliquemangacine.fr\/#organization","name":"R\u00e9plique Manga Cin\u00e9","url":"https:\/\/repliquemangacine.fr\/","logo":{"@type":"ImageObject","inLanguage":"en-US","@id":"https:\/\/repliquemangacine.fr\/#\/schema\/logo\/image\/","url":"https:\/\/repliquemangacine.fr\/wp-content\/uploads\/2023\/10\/RMC-500250.png","contentUrl":"https:\/\/repliquemangacine.fr\/wp-content\/uploads\/2023\/10\/RMC-500250.png","width":500,"height":250,"caption":"R\u00e9plique Manga Cin\u00e9"},"image":{"@id":"https:\/\/repliquemangacine.fr\/#\/schema\/logo\/image\/"},"sameAs":["https:\/\/www.facebook.com\/RepliqueMangaCine","https:\/\/www.instagram.com\/repliquemangacine.fr\/"]}]}},"_links":{"self":[{"href":"https:\/\/repliquemangacine.fr\/en\/wp-json\/wp\/v2\/product\/76042","targetHints":{"allow":["GET"]}}],"collection":[{"href":"https:\/\/repliquemangacine.fr\/en\/wp-json\/wp\/v2\/product"}],"about":[{"href":"https:\/\/repliquemangacine.fr\/en\/wp-json\/wp\/v2\/types\/product"}],"wp:featuredmedia":[{"embeddable":true,"href":"https:\/\/repliquemangacine.fr\/en\/wp-json\/wp\/v2\/media\/76044"}],"wp:attachment":[{"href":"https:\/\/repliquemangacine.fr\/en\/wp-json\/wp\/v2\/media?parent=76042"}],"wp:term":[{"taxonomy":"product_brand","embeddable":true,"href":"https:\/\/repliquemangacine.fr\/en\/wp-json\/wp\/v2\/product_brand?post=76042"},{"taxonomy":"product_cat","embeddable":true,"href":"https:\/\/repliquemangacine.fr\/en\/wp-json\/wp\/v2\/product_cat?post=76042"},{"taxonomy":"product_tag","embeddable":true,"href":"https:\/\/repliquemangacine.fr\/en\/wp-json\/wp\/v2\/product_tag?post=76042"}],"curies":[{"name":"wp","href":"https:\/\/api.w.org\/{rel}","templated":true}]}}