





{"id":75737,"date":"2024-10-31T18:50:58","date_gmt":"2024-10-31T17:50:58","guid":{"rendered":"https:\/\/repliquemangacine.fr\/?post_type=product&#038;p=75737"},"modified":"2026-01-11T16:38:05","modified_gmt":"2026-01-11T15:38:05","slug":"yoriichi-luminous-katana","status":"publish","type":"product","link":"https:\/\/repliquemangacine.fr\/en\/katana-lumineux-demon-slayer\/katana-lumineux-yoriichi\/","title":{"rendered":"Yoriichi luminous katana"},"content":{"rendered":"<h2>Katana light Yoriichi Tsugikuni in Demon Slayer<\/h2>\n<p>First, discover an extraordinary new feature: the luminous katana from <a href=\"https:\/\/kimetsu-no-yaiba.fandom.com\/fr\/wiki\/Yoriichi_Tsugikuni\" target=\"_blank\" rel=\"noopener noreferrer\">Yoriichi Tsugikuni<\/a>from the legendary slayer in Demon Slayer. This unique katana is battery-powered and illuminated by built-in LEDs. Adding a flamboyant dimension to this faithful replica. Simply press the on\/off button discreetly integrated into the handle. The blade lights up instantly, evoking the unrivalled power of this mythical character.<\/p>\n<p>This LED technology offers unprecedented realism, marking a first for luminous katanas of this quality. Perfect for collectors and Demon Slayer fans. This katana combines authenticity and innovation to deliver a striking visual experience. Ideal for displaying or recreating epic Demon Slayer scenes. A real treasure for any fan of the universe!<\/p>\n<h2>Discover Demon Slayer's other light katanas<\/h2>\n<p>In addition to the<strong> Yoriichi's luminous katana <\/strong>Tsugikuni, Demon Slayer's range of luminous katanas, also includes other impressive replicas.<\/p>\n<ul>\n<li>Visit <a href=\"https:\/\/repliquemangacine.fr\/en\/katana-luminous-demon-slayer\/sanemi-demon-slayer-luminous-katana\/\">Sanemi's luminous katana<\/a> Shinazugawa, very powerful swordsman, the third most powerful. The blade lights up instantly, evoking Sanemi's strength and agility to match those of a demon.<\/li>\n<li>Visit <a href=\"https:\/\/repliquemangacine.fr\/en\/steel-katana-kimetsu-no-yaiba-metal-katana-demon-slayer\/tanjiro-luminous-katana\/\">Tanjiro Kamado's luminous katana<\/a>Tanjiro, the main hero of the series, also features LEDs that illuminate his black blade, representing Tanjiro's strength and perseverance in his quest to protect his people.<\/li>\n<li>Finally, the <a href=\"https:\/\/repliquemangacine.fr\/en\/katana-demon-slayer\/muichiro-luminous-katana\/\">Muichiro's luminous katana<\/a> Tokito, the Pillar of Mist, with its subtle, mystical glow, perfectly captures the enigmatic aura of its fighting style. Each LED-equipped katana in this collection offers a unique immersive experience, combining technological innovation with respect for the details of the Demon Slayer universe.<\/li>\n<\/ul>\n<h2>Innovation at the service of fans: exceptional luminous katanas<\/h2>\n<p>The world of katana replicas reaches a new level with these luminous models. And it's a revolution for Demon Slayer fans. Beyond the quality of their manufacture and their faithfulness to the weapons seen in the anime. These katanas are equipped with LED technologies that add an unprecedented immersive dimension. Each katana becomes much more than a simple collector's item.<\/p>\n<p>A truly interactive element, capable of glowing and evoking the power of the characters it represents. Easy activation of the LEDs by means of an unobtrusive button makes for a full experience. Indeed, whether for exhibitions, photos or even cosplays. This innovation, combining tradition and technology, makes luminous katanas a revolution for fans. If you're looking to enhance your collection with something as unique as it is striking, these luminous katanas are for you!<\/p>","protected":false},"excerpt":{"rendered":"<p>Superb replica of Yoriichi's katana in luminous (Led) version in Demon Slayer.<\/p>\n<ul>\n<li>The blade is metal on top with engravings.<\/li>\n<li>The lower part of the blade is made of thick ABS with a red LED inside.<\/li>\n<li>Discreet, easy-to-use on\/off button<\/li>\n<li>Specially shaped metal guard<\/li>\n<li>Wooden handle covered with yellow glitter ribbon with aged black writing.<\/li>\n<li>Handle tip detaches for insertion of two AAA batteries (not supplied)<\/li>\n<li>Black wooden scabbard.<\/li>\n<li>Blade length: 67 cm - Overall length: 99 cm - Weight: 1040 gr<\/li>\n<\/ul>","protected":false},"featured_media":75739,"template":"","meta":[],"product_brand":[896],"product_cat":[63,868,869,101],"product_tag":[],"class_list":{"0":"post-75737","1":"product","2":"type-product","3":"status-publish","4":"has-post-thumbnail","6":"product_brand-replique-manga-cine","7":"product_cat-katana-demon-slayer","8":"product_cat-katana-lumineux","9":"product_cat-katana-lumineux-demon-slayer","10":"product_cat-soldes","12":"first","13":"instock","14":"sale","15":"taxable","16":"shipping-taxable","17":"purchasable","18":"product-type-simple"},"yoast_head":"<!-- This site is optimized with the Yoast SEO plugin v27.5 - https:\/\/yoast.com\/product\/yoast-seo-wordpress\/ -->\n<title>Katana lumineux Yoriichi | RMC<\/title>\n<meta name=\"description\" content=\"Exceptionnelle ! D\u00e9couvrez ce Katana lumineux de Yoriichi dans D\u00e9mon Slayer. Lame en acier avec Led. Appuie sur le bouton, il s&#039;illumine. Fonctionne \u00e0 piles\" \/>\n<meta name=\"robots\" content=\"index, follow, max-snippet:-1, max-image-preview:large, max-video-preview:-1\" \/>\n<link rel=\"canonical\" href=\"https:\/\/repliquemangacine.fr\/en\/katana-luminous-demon-slayer\/yoriichi-luminous-katana\/\" \/>\n<meta property=\"og:locale\" content=\"en_US\" \/>\n<meta property=\"og:type\" content=\"article\" \/>\n<meta property=\"og:title\" content=\"Katana lumineux Yoriichi | RMC\" \/>\n<meta property=\"og:description\" content=\"Exceptionnelle ! D\u00e9couvrez ce Katana lumineux de Yoriichi dans D\u00e9mon Slayer. Lame en acier avec Led. Appuie sur le bouton, il s&#039;illumine. Fonctionne \u00e0 piles\" \/>\n<meta property=\"og:url\" content=\"https:\/\/repliquemangacine.fr\/en\/katana-luminous-demon-slayer\/yoriichi-luminous-katana\/\" \/>\n<meta property=\"og:site_name\" content=\"R\u00e9plique Manga Cin\u00e9\" \/>\n<meta property=\"article:publisher\" content=\"https:\/\/www.facebook.com\/RepliqueMangaCine\" \/>\n<meta property=\"article:modified_time\" content=\"2026-01-11T15:38:05+00:00\" \/>\n<meta property=\"og:image\" content=\"https:\/\/repliquemangacine.fr\/wp-content\/uploads\/2024\/10\/Katana-lumineux-de-Yoriichi-Demon-Slayer.jpg\" \/>\n\t<meta property=\"og:image:width\" content=\"500\" \/>\n\t<meta property=\"og:image:height\" content=\"500\" \/>\n\t<meta property=\"og:image:type\" content=\"image\/jpeg\" \/>\n<meta name=\"twitter:card\" content=\"summary_large_image\" \/>\n<meta name=\"twitter:label1\" content=\"Est. reading time\" \/>\n\t<meta name=\"twitter:data1\" content=\"3 minutes\" \/>\n<script type=\"application\/ld+json\" class=\"yoast-schema-graph\">{\"@context\":\"https:\\\/\\\/schema.org\",\"@graph\":[{\"@type\":\"WebPage\",\"@id\":\"https:\\\/\\\/repliquemangacine.fr\\\/katana-lumineux-demon-slayer\\\/katana-lumineux-yoriichi\\\/\",\"url\":\"https:\\\/\\\/repliquemangacine.fr\\\/katana-lumineux-demon-slayer\\\/katana-lumineux-yoriichi\\\/\",\"name\":\"Katana lumineux Yoriichi | RMC\",\"isPartOf\":{\"@id\":\"https:\\\/\\\/repliquemangacine.fr\\\/#website\"},\"primaryImageOfPage\":{\"@id\":\"https:\\\/\\\/repliquemangacine.fr\\\/katana-lumineux-demon-slayer\\\/katana-lumineux-yoriichi\\\/#primaryimage\"},\"image\":{\"@id\":\"https:\\\/\\\/repliquemangacine.fr\\\/katana-lumineux-demon-slayer\\\/katana-lumineux-yoriichi\\\/#primaryimage\"},\"thumbnailUrl\":\"https:\\\/\\\/repliquemangacine.fr\\\/wp-content\\\/uploads\\\/2024\\\/10\\\/Katana-lumineux-de-Yoriichi-Demon-Slayer.jpg\",\"datePublished\":\"2024-10-31T17:50:58+00:00\",\"dateModified\":\"2026-01-11T15:38:05+00:00\",\"description\":\"Exceptionnelle ! D\u00e9couvrez ce Katana lumineux de Yoriichi dans D\u00e9mon Slayer. Lame en acier avec Led. Appuie sur le bouton, il s'illumine. Fonctionne \u00e0 piles\",\"breadcrumb\":{\"@id\":\"https:\\\/\\\/repliquemangacine.fr\\\/katana-lumineux-demon-slayer\\\/katana-lumineux-yoriichi\\\/#breadcrumb\"},\"inLanguage\":\"en-US\",\"potentialAction\":[{\"@type\":\"ReadAction\",\"target\":[\"https:\\\/\\\/repliquemangacine.fr\\\/katana-lumineux-demon-slayer\\\/katana-lumineux-yoriichi\\\/\"]}]},{\"@type\":\"ImageObject\",\"inLanguage\":\"en-US\",\"@id\":\"https:\\\/\\\/repliquemangacine.fr\\\/katana-lumineux-demon-slayer\\\/katana-lumineux-yoriichi\\\/#primaryimage\",\"url\":\"https:\\\/\\\/repliquemangacine.fr\\\/wp-content\\\/uploads\\\/2024\\\/10\\\/Katana-lumineux-de-Yoriichi-Demon-Slayer.jpg\",\"contentUrl\":\"https:\\\/\\\/repliquemangacine.fr\\\/wp-content\\\/uploads\\\/2024\\\/10\\\/Katana-lumineux-de-Yoriichi-Demon-Slayer.jpg\",\"width\":500,\"height\":500,\"caption\":\"Katana-lumineux-de-Yoriichi-Demon-Slayer\"},{\"@type\":\"BreadcrumbList\",\"@id\":\"https:\\\/\\\/repliquemangacine.fr\\\/katana-lumineux-demon-slayer\\\/katana-lumineux-yoriichi\\\/#breadcrumb\",\"itemListElement\":[{\"@type\":\"ListItem\",\"position\":1,\"name\":\"Accueil\",\"item\":\"https:\\\/\\\/repliquemangacine.fr\\\/\"},{\"@type\":\"ListItem\",\"position\":2,\"name\":\"Produits\",\"item\":\"https:\\\/\\\/repliquemangacine.fr\\\/boutique\\\/\"},{\"@type\":\"ListItem\",\"position\":3,\"name\":\"Katana lumineux Yoriichi\"}]},{\"@type\":\"WebSite\",\"@id\":\"https:\\\/\\\/repliquemangacine.fr\\\/#website\",\"url\":\"https:\\\/\\\/repliquemangacine.fr\\\/\",\"name\":\"R\u00e9plique Manga Cin\u00e9\",\"description\":\"\",\"publisher\":{\"@id\":\"https:\\\/\\\/repliquemangacine.fr\\\/#organization\"},\"potentialAction\":[{\"@type\":\"SearchAction\",\"target\":{\"@type\":\"EntryPoint\",\"urlTemplate\":\"https:\\\/\\\/repliquemangacine.fr\\\/?s={search_term_string}\"},\"query-input\":{\"@type\":\"PropertyValueSpecification\",\"valueRequired\":true,\"valueName\":\"search_term_string\"}}],\"inLanguage\":\"en-US\"},{\"@type\":\"Organization\",\"@id\":\"https:\\\/\\\/repliquemangacine.fr\\\/#organization\",\"name\":\"R\u00e9plique Manga Cin\u00e9\",\"url\":\"https:\\\/\\\/repliquemangacine.fr\\\/\",\"logo\":{\"@type\":\"ImageObject\",\"inLanguage\":\"en-US\",\"@id\":\"https:\\\/\\\/repliquemangacine.fr\\\/#\\\/schema\\\/logo\\\/image\\\/\",\"url\":\"https:\\\/\\\/repliquemangacine.fr\\\/wp-content\\\/uploads\\\/2023\\\/10\\\/RMC-500250.png\",\"contentUrl\":\"https:\\\/\\\/repliquemangacine.fr\\\/wp-content\\\/uploads\\\/2023\\\/10\\\/RMC-500250.png\",\"width\":500,\"height\":250,\"caption\":\"R\u00e9plique Manga Cin\u00e9\"},\"image\":{\"@id\":\"https:\\\/\\\/repliquemangacine.fr\\\/#\\\/schema\\\/logo\\\/image\\\/\"},\"sameAs\":[\"https:\\\/\\\/www.facebook.com\\\/RepliqueMangaCine\",\"https:\\\/\\\/www.instagram.com\\\/repliquemangacine.fr\\\/\"]}]}<\/script>\n<!-- \/ Yoast SEO plugin. -->","yoast_head_json":{"title":"Katana light Yoriichi | RMC","description":"Exceptional! Discover Yoriichi's luminous Katana in Demon Slayer. Steel blade with LED. Press the button and it lights up. Battery-operated","robots":{"index":"index","follow":"follow","max-snippet":"max-snippet:-1","max-image-preview":"max-image-preview:large","max-video-preview":"max-video-preview:-1"},"canonical":"https:\/\/repliquemangacine.fr\/en\/katana-luminous-demon-slayer\/yoriichi-luminous-katana\/","og_locale":"en_US","og_type":"article","og_title":"Katana lumineux Yoriichi | RMC","og_description":"Exceptionnelle ! D\u00e9couvrez ce Katana lumineux de Yoriichi dans D\u00e9mon Slayer. Lame en acier avec Led. Appuie sur le bouton, il s'illumine. Fonctionne \u00e0 piles","og_url":"https:\/\/repliquemangacine.fr\/en\/katana-luminous-demon-slayer\/yoriichi-luminous-katana\/","og_site_name":"R\u00e9plique Manga Cin\u00e9","article_publisher":"https:\/\/www.facebook.com\/RepliqueMangaCine","article_modified_time":"2026-01-11T15:38:05+00:00","og_image":[{"width":500,"height":500,"url":"https:\/\/repliquemangacine.fr\/wp-content\/uploads\/2024\/10\/Katana-lumineux-de-Yoriichi-Demon-Slayer.jpg","type":"image\/jpeg"}],"twitter_card":"summary_large_image","twitter_misc":{"Est. reading time":"3 minutes"},"schema":{"@context":"https:\/\/schema.org","@graph":[{"@type":"WebPage","@id":"https:\/\/repliquemangacine.fr\/katana-lumineux-demon-slayer\/katana-lumineux-yoriichi\/","url":"https:\/\/repliquemangacine.fr\/katana-lumineux-demon-slayer\/katana-lumineux-yoriichi\/","name":"Katana light Yoriichi | RMC","isPartOf":{"@id":"https:\/\/repliquemangacine.fr\/#website"},"primaryImageOfPage":{"@id":"https:\/\/repliquemangacine.fr\/katana-lumineux-demon-slayer\/katana-lumineux-yoriichi\/#primaryimage"},"image":{"@id":"https:\/\/repliquemangacine.fr\/katana-lumineux-demon-slayer\/katana-lumineux-yoriichi\/#primaryimage"},"thumbnailUrl":"https:\/\/repliquemangacine.fr\/wp-content\/uploads\/2024\/10\/Katana-lumineux-de-Yoriichi-Demon-Slayer.jpg","datePublished":"2024-10-31T17:50:58+00:00","dateModified":"2026-01-11T15:38:05+00:00","description":"Exceptional! Discover Yoriichi's luminous Katana in Demon Slayer. Steel blade with LED. Press the button and it lights up. Battery-operated","breadcrumb":{"@id":"https:\/\/repliquemangacine.fr\/katana-lumineux-demon-slayer\/katana-lumineux-yoriichi\/#breadcrumb"},"inLanguage":"en-US","potentialAction":[{"@type":"ReadAction","target":["https:\/\/repliquemangacine.fr\/katana-lumineux-demon-slayer\/katana-lumineux-yoriichi\/"]}]},{"@type":"ImageObject","inLanguage":"en-US","@id":"https:\/\/repliquemangacine.fr\/katana-lumineux-demon-slayer\/katana-lumineux-yoriichi\/#primaryimage","url":"https:\/\/repliquemangacine.fr\/wp-content\/uploads\/2024\/10\/Katana-lumineux-de-Yoriichi-Demon-Slayer.jpg","contentUrl":"https:\/\/repliquemangacine.fr\/wp-content\/uploads\/2024\/10\/Katana-lumineux-de-Yoriichi-Demon-Slayer.jpg","width":500,"height":500,"caption":"Katana-lumineux-de-Yoriichi-Demon-Slayer"},{"@type":"BreadcrumbList","@id":"https:\/\/repliquemangacine.fr\/katana-lumineux-demon-slayer\/katana-lumineux-yoriichi\/#breadcrumb","itemListElement":[{"@type":"ListItem","position":1,"name":"Accueil","item":"https:\/\/repliquemangacine.fr\/"},{"@type":"ListItem","position":2,"name":"Produits","item":"https:\/\/repliquemangacine.fr\/boutique\/"},{"@type":"ListItem","position":3,"name":"Katana lumineux Yoriichi"}]},{"@type":"WebSite","@id":"https:\/\/repliquemangacine.fr\/#website","url":"https:\/\/repliquemangacine.fr\/","name":"R\u00e9plique Manga Cin\u00e9","description":"","publisher":{"@id":"https:\/\/repliquemangacine.fr\/#organization"},"potentialAction":[{"@type":"SearchAction","target":{"@type":"EntryPoint","urlTemplate":"https:\/\/repliquemangacine.fr\/?s={search_term_string}"},"query-input":{"@type":"PropertyValueSpecification","valueRequired":true,"valueName":"search_term_string"}}],"inLanguage":"en-US"},{"@type":"Organization","@id":"https:\/\/repliquemangacine.fr\/#organization","name":"R\u00e9plique Manga Cin\u00e9","url":"https:\/\/repliquemangacine.fr\/","logo":{"@type":"ImageObject","inLanguage":"en-US","@id":"https:\/\/repliquemangacine.fr\/#\/schema\/logo\/image\/","url":"https:\/\/repliquemangacine.fr\/wp-content\/uploads\/2023\/10\/RMC-500250.png","contentUrl":"https:\/\/repliquemangacine.fr\/wp-content\/uploads\/2023\/10\/RMC-500250.png","width":500,"height":250,"caption":"R\u00e9plique Manga Cin\u00e9"},"image":{"@id":"https:\/\/repliquemangacine.fr\/#\/schema\/logo\/image\/"},"sameAs":["https:\/\/www.facebook.com\/RepliqueMangaCine","https:\/\/www.instagram.com\/repliquemangacine.fr\/"]}]}},"_links":{"self":[{"href":"https:\/\/repliquemangacine.fr\/en\/wp-json\/wp\/v2\/product\/75737","targetHints":{"allow":["GET"]}}],"collection":[{"href":"https:\/\/repliquemangacine.fr\/en\/wp-json\/wp\/v2\/product"}],"about":[{"href":"https:\/\/repliquemangacine.fr\/en\/wp-json\/wp\/v2\/types\/product"}],"wp:featuredmedia":[{"embeddable":true,"href":"https:\/\/repliquemangacine.fr\/en\/wp-json\/wp\/v2\/media\/75739"}],"wp:attachment":[{"href":"https:\/\/repliquemangacine.fr\/en\/wp-json\/wp\/v2\/media?parent=75737"}],"wp:term":[{"taxonomy":"product_brand","embeddable":true,"href":"https:\/\/repliquemangacine.fr\/en\/wp-json\/wp\/v2\/product_brand?post=75737"},{"taxonomy":"product_cat","embeddable":true,"href":"https:\/\/repliquemangacine.fr\/en\/wp-json\/wp\/v2\/product_cat?post=75737"},{"taxonomy":"product_tag","embeddable":true,"href":"https:\/\/repliquemangacine.fr\/en\/wp-json\/wp\/v2\/product_tag?post=75737"}],"curies":[{"name":"wp","href":"https:\/\/api.w.org\/{rel}","templated":true}]}}