





{"id":75615,"date":"2024-10-27T19:02:17","date_gmt":"2024-10-27T18:02:17","guid":{"rendered":"https:\/\/repliquemangacine.fr\/?post_type=product&#038;p=75615"},"modified":"2026-03-09T10:57:51","modified_gmt":"2026-03-09T09:57:51","slug":"epee-templiers-noirs","status":"publish","type":"product","link":"https:\/\/repliquemangacine.fr\/en\/epee-templier-medievale\/epee-templiers-noirs\/","title":{"rendered":"Black Templar sword"},"content":{"rendered":"<h2>Black Templar sword: Sacred symbol<\/h2>\n<p>Firstly, the Black Templar Sword adorned with its red Templar cross, a powerful and emblematic symbol. The swords of the <a href=\"https:\/\/www.templars-route.eu\/fr\/ordre-du-temple\/histoire-templiers\/\" target=\"_blank\" rel=\"noopener noreferrer\">Templars<\/a> are distinguished by their straight guard and circular pommel. Often featuring the red Templar cross, symbolizing the Christian faith and the Order's sacred mission. The blade is straight, double-edged and designed for intense close combat. Their weight and balance make them effective for slicing, but also robust for parrying opposing blows. Made from resistant metals, these high-quality swords are designed to last in the harshest conditions.<\/p>\n<p>The red Templar cross is much more than just an ornament. It represents the knights' vow of dedication and sacrifice to their faith and mission. Known for their discipline, courage and determination to defend Christian ideals. The Templars inspire respect and awe in the face of opposing forces.<\/p>\n<h2>The Black Templar Sword Today!<\/h2>\n<p>Today, Templar swords have gained a unique status as collectors' items and decorative objects, symbolizing the heritage of medieval knights and their spiritual commitment. These replicas are often sought after by history buffs, Christian mythologists and medieval art enthusiasts for their symbolic and aesthetic values. Indeed, more than just a reminder of the past, they embody the spirit of bravery, faith and fraternity that characterized the Knights Templar.<\/p>\n<p>Modern Templar swords retain the classic elements of the original weapons. The straight hilt and circular pommel, often adorned with the red Templar cross, are faithful to historical swords. The blades, though inactive, are generally made of stainless steel to guarantee durability and brilliance, making these replicas ideal for quality presentation. What's more, some versions include Latin engravings or inscriptions, evoking the sacred Templar oaths and reinforcing the authentic look.<\/p>\n<h2>Discover our exceptional Medieval and Templar swords<\/h2>\n<p>Immerse yourself in history with our collection of Templar and medieval swords, carefully reproduced for enthusiasts of legends and ancient weapons. Discover the<a href=\"https:\/\/repliquemangacine.fr\/en\/medieval-templar-sword\/jacques-de-molay-templar-sword\/\">sword of the last Grand Master of the Knights Templar, Jacques de Molay<\/a>a majestic piece marking the end of a glorious era. Then there's the sword<a href=\"https:\/\/repliquemangacine.fr\/en\/medieval-templar-sword\/templar-striking-sword\/\"> Templar decorative coinage<\/a>ideal for adding an authentic touch to your collection. And for lovers of Arthurian legends, the<a href=\"https:\/\/repliquemangacine.fr\/en\/medieval-templar-sword\/excalibur-king-arthur-legendary-sword\/\">King Arthur's Excalibur sword<\/a> is available in a beautifully detailed version, symbolizing royalty and magic. Finally, we offer the<a href=\"https:\/\/repliquemangacine.fr\/en\/balances\/saint-maurices-sword-from-turin-13th-century\/\">Saint Maurice de Turin sword<\/a>a 13\u1d49 century weapon, a symbol of bravery and history. These swords, designed to offer remarkable visual appeal and pay homage to medieval epics. Each piece is a tangible reminder of the great figures and myths that have shaped history.<\/p>\n<p>In conclusion, fellow collectors and history buffs, discover all our swords in our online store.<\/p>","protected":false},"excerpt":{"rendered":"<p>Magnificent Templar sword all in black.<\/p>\n<ul>\n<li>440 stainless steel two-bevel blade<\/li>\n<li>Solid metal guard<\/li>\n<li>Round metal knob with red Templar cross<\/li>\n<li>Black leatherette-covered handle with gold trim.<\/li>\n<li>Good grip<\/li>\n<li>Black leatherette-covered wooden scabbard, steel fittings<\/li>\n<li>Blade length: 68 cm - Total length with scabbard: 105 cm<\/li>\n<li>Weight: 1400 gr<\/li>\n<\/ul>\n<p>&nbsp;<\/p>","protected":false},"featured_media":75617,"template":"","meta":[],"product_brand":[896],"product_cat":[84],"product_tag":[],"class_list":{"0":"post-75615","1":"product","2":"type-product","3":"status-publish","4":"has-post-thumbnail","6":"product_brand-replique-manga-cine","7":"product_cat-epee-templier-medievale","9":"first","10":"instock","11":"taxable","12":"shipping-taxable","13":"purchasable","14":"product-type-simple"},"yoast_head":"<!-- This site is optimized with the Yoast SEO plugin v27.5 - https:\/\/yoast.com\/product\/yoast-seo-wordpress\/ -->\n<title>\u00c9p\u00e9e Templiers Noirs - R\u00e9plique Manga Cin\u00e9<\/title>\n<meta name=\"description\" content=\"Siperbe r\u00e9plique de l&#039;\u00c9p\u00e9e Templiers noirs. Lame en acier stainless. Fourreau recouvert de similicuir noir. Croix templi\u00e8re rouge. Longueur : 105 cm\" \/>\n<meta name=\"robots\" content=\"index, follow, max-snippet:-1, max-image-preview:large, max-video-preview:-1\" \/>\n<link rel=\"canonical\" href=\"https:\/\/repliquemangacine.fr\/en\/medieval-templar-sword\/epee-templiers-noirs\/\" \/>\n<meta property=\"og:locale\" content=\"en_US\" \/>\n<meta property=\"og:type\" content=\"article\" \/>\n<meta property=\"og:title\" content=\"\u00c9p\u00e9e Templiers Noirs - R\u00e9plique Manga Cin\u00e9\" \/>\n<meta property=\"og:description\" content=\"Siperbe r\u00e9plique de l&#039;\u00c9p\u00e9e Templiers noirs. Lame en acier stainless. Fourreau recouvert de similicuir noir. Croix templi\u00e8re rouge. Longueur : 105 cm\" \/>\n<meta property=\"og:url\" content=\"https:\/\/repliquemangacine.fr\/en\/medieval-templar-sword\/epee-templiers-noirs\/\" \/>\n<meta property=\"og:site_name\" content=\"R\u00e9plique Manga Cin\u00e9\" \/>\n<meta property=\"article:publisher\" content=\"https:\/\/www.facebook.com\/RepliqueMangaCine\" \/>\n<meta property=\"article:modified_time\" content=\"2026-03-09T09:57:51+00:00\" \/>\n<meta property=\"og:image\" content=\"https:\/\/repliquemangacine.fr\/wp-content\/uploads\/2024\/10\/epee-templiere-noire.jpg\" \/>\n\t<meta property=\"og:image:width\" content=\"500\" \/>\n\t<meta property=\"og:image:height\" content=\"500\" \/>\n\t<meta property=\"og:image:type\" content=\"image\/jpeg\" \/>\n<meta name=\"twitter:card\" content=\"summary_large_image\" \/>\n<meta name=\"twitter:label1\" content=\"Est. reading time\" \/>\n\t<meta name=\"twitter:data1\" content=\"3 minutes\" \/>\n<script type=\"application\/ld+json\" class=\"yoast-schema-graph\">{\"@context\":\"https:\\\/\\\/schema.org\",\"@graph\":[{\"@type\":\"WebPage\",\"@id\":\"https:\\\/\\\/repliquemangacine.fr\\\/epee-templier-medievale\\\/epee-templiers-noirs\\\/\",\"url\":\"https:\\\/\\\/repliquemangacine.fr\\\/epee-templier-medievale\\\/epee-templiers-noirs\\\/\",\"name\":\"\u00c9p\u00e9e Templiers Noirs - R\u00e9plique Manga Cin\u00e9\",\"isPartOf\":{\"@id\":\"https:\\\/\\\/repliquemangacine.fr\\\/#website\"},\"primaryImageOfPage\":{\"@id\":\"https:\\\/\\\/repliquemangacine.fr\\\/epee-templier-medievale\\\/epee-templiers-noirs\\\/#primaryimage\"},\"image\":{\"@id\":\"https:\\\/\\\/repliquemangacine.fr\\\/epee-templier-medievale\\\/epee-templiers-noirs\\\/#primaryimage\"},\"thumbnailUrl\":\"https:\\\/\\\/repliquemangacine.fr\\\/wp-content\\\/uploads\\\/2024\\\/10\\\/epee-templiere-noire.jpg\",\"datePublished\":\"2024-10-27T18:02:17+00:00\",\"dateModified\":\"2026-03-09T09:57:51+00:00\",\"description\":\"Siperbe r\u00e9plique de l'\u00c9p\u00e9e Templiers noirs. Lame en acier stainless. Fourreau recouvert de similicuir noir. Croix templi\u00e8re rouge. Longueur : 105 cm\",\"breadcrumb\":{\"@id\":\"https:\\\/\\\/repliquemangacine.fr\\\/epee-templier-medievale\\\/epee-templiers-noirs\\\/#breadcrumb\"},\"inLanguage\":\"en-US\",\"potentialAction\":[{\"@type\":\"ReadAction\",\"target\":[\"https:\\\/\\\/repliquemangacine.fr\\\/epee-templier-medievale\\\/epee-templiers-noirs\\\/\"]}]},{\"@type\":\"ImageObject\",\"inLanguage\":\"en-US\",\"@id\":\"https:\\\/\\\/repliquemangacine.fr\\\/epee-templier-medievale\\\/epee-templiers-noirs\\\/#primaryimage\",\"url\":\"https:\\\/\\\/repliquemangacine.fr\\\/wp-content\\\/uploads\\\/2024\\\/10\\\/epee-templiere-noire.jpg\",\"contentUrl\":\"https:\\\/\\\/repliquemangacine.fr\\\/wp-content\\\/uploads\\\/2024\\\/10\\\/epee-templiere-noire.jpg\",\"width\":500,\"height\":500,\"caption\":\"Ep\u00e9e templiers noirs\"},{\"@type\":\"BreadcrumbList\",\"@id\":\"https:\\\/\\\/repliquemangacine.fr\\\/epee-templier-medievale\\\/epee-templiers-noirs\\\/#breadcrumb\",\"itemListElement\":[{\"@type\":\"ListItem\",\"position\":1,\"name\":\"Accueil\",\"item\":\"https:\\\/\\\/repliquemangacine.fr\\\/\"},{\"@type\":\"ListItem\",\"position\":2,\"name\":\"Produits\",\"item\":\"https:\\\/\\\/repliquemangacine.fr\\\/boutique\\\/\"},{\"@type\":\"ListItem\",\"position\":3,\"name\":\"\u00c9p\u00e9e Templiers Noirs\"}]},{\"@type\":\"WebSite\",\"@id\":\"https:\\\/\\\/repliquemangacine.fr\\\/#website\",\"url\":\"https:\\\/\\\/repliquemangacine.fr\\\/\",\"name\":\"R\u00e9plique Manga Cin\u00e9\",\"description\":\"\",\"publisher\":{\"@id\":\"https:\\\/\\\/repliquemangacine.fr\\\/#organization\"},\"potentialAction\":[{\"@type\":\"SearchAction\",\"target\":{\"@type\":\"EntryPoint\",\"urlTemplate\":\"https:\\\/\\\/repliquemangacine.fr\\\/?s={search_term_string}\"},\"query-input\":{\"@type\":\"PropertyValueSpecification\",\"valueRequired\":true,\"valueName\":\"search_term_string\"}}],\"inLanguage\":\"en-US\"},{\"@type\":\"Organization\",\"@id\":\"https:\\\/\\\/repliquemangacine.fr\\\/#organization\",\"name\":\"R\u00e9plique Manga Cin\u00e9\",\"url\":\"https:\\\/\\\/repliquemangacine.fr\\\/\",\"logo\":{\"@type\":\"ImageObject\",\"inLanguage\":\"en-US\",\"@id\":\"https:\\\/\\\/repliquemangacine.fr\\\/#\\\/schema\\\/logo\\\/image\\\/\",\"url\":\"https:\\\/\\\/repliquemangacine.fr\\\/wp-content\\\/uploads\\\/2023\\\/10\\\/RMC-500250.png\",\"contentUrl\":\"https:\\\/\\\/repliquemangacine.fr\\\/wp-content\\\/uploads\\\/2023\\\/10\\\/RMC-500250.png\",\"width\":500,\"height\":250,\"caption\":\"R\u00e9plique Manga Cin\u00e9\"},\"image\":{\"@id\":\"https:\\\/\\\/repliquemangacine.fr\\\/#\\\/schema\\\/logo\\\/image\\\/\"},\"sameAs\":[\"https:\\\/\\\/www.facebook.com\\\/RepliqueMangaCine\",\"https:\\\/\\\/www.instagram.com\\\/repliquemangacine.fr\\\/\"]}]}<\/script>\n<!-- \/ Yoast SEO plugin. -->","yoast_head_json":{"title":"Black Templar Sword - R\u00e9plique Manga Cin\u00e9","description":"Siperbe replica of the Black Templar Sword. Stainless steel blade. Black leatherette sheath. Red Templar cross. Length : 105 cm","robots":{"index":"index","follow":"follow","max-snippet":"max-snippet:-1","max-image-preview":"max-image-preview:large","max-video-preview":"max-video-preview:-1"},"canonical":"https:\/\/repliquemangacine.fr\/en\/medieval-templar-sword\/epee-templiers-noirs\/","og_locale":"en_US","og_type":"article","og_title":"\u00c9p\u00e9e Templiers Noirs - R\u00e9plique Manga Cin\u00e9","og_description":"Siperbe r\u00e9plique de l'\u00c9p\u00e9e Templiers noirs. Lame en acier stainless. Fourreau recouvert de similicuir noir. Croix templi\u00e8re rouge. Longueur : 105 cm","og_url":"https:\/\/repliquemangacine.fr\/en\/medieval-templar-sword\/epee-templiers-noirs\/","og_site_name":"R\u00e9plique Manga Cin\u00e9","article_publisher":"https:\/\/www.facebook.com\/RepliqueMangaCine","article_modified_time":"2026-03-09T09:57:51+00:00","og_image":[{"width":500,"height":500,"url":"https:\/\/repliquemangacine.fr\/wp-content\/uploads\/2024\/10\/epee-templiere-noire.jpg","type":"image\/jpeg"}],"twitter_card":"summary_large_image","twitter_misc":{"Est. reading time":"3 minutes"},"schema":{"@context":"https:\/\/schema.org","@graph":[{"@type":"WebPage","@id":"https:\/\/repliquemangacine.fr\/epee-templier-medievale\/epee-templiers-noirs\/","url":"https:\/\/repliquemangacine.fr\/epee-templier-medievale\/epee-templiers-noirs\/","name":"Black Templar Sword - R\u00e9plique Manga Cin\u00e9","isPartOf":{"@id":"https:\/\/repliquemangacine.fr\/#website"},"primaryImageOfPage":{"@id":"https:\/\/repliquemangacine.fr\/epee-templier-medievale\/epee-templiers-noirs\/#primaryimage"},"image":{"@id":"https:\/\/repliquemangacine.fr\/epee-templier-medievale\/epee-templiers-noirs\/#primaryimage"},"thumbnailUrl":"https:\/\/repliquemangacine.fr\/wp-content\/uploads\/2024\/10\/epee-templiere-noire.jpg","datePublished":"2024-10-27T18:02:17+00:00","dateModified":"2026-03-09T09:57:51+00:00","description":"Siperbe replica of the Black Templar Sword. Stainless steel blade. Black leatherette sheath. Red Templar cross. Length : 105 cm","breadcrumb":{"@id":"https:\/\/repliquemangacine.fr\/epee-templier-medievale\/epee-templiers-noirs\/#breadcrumb"},"inLanguage":"en-US","potentialAction":[{"@type":"ReadAction","target":["https:\/\/repliquemangacine.fr\/epee-templier-medievale\/epee-templiers-noirs\/"]}]},{"@type":"ImageObject","inLanguage":"en-US","@id":"https:\/\/repliquemangacine.fr\/epee-templier-medievale\/epee-templiers-noirs\/#primaryimage","url":"https:\/\/repliquemangacine.fr\/wp-content\/uploads\/2024\/10\/epee-templiere-noire.jpg","contentUrl":"https:\/\/repliquemangacine.fr\/wp-content\/uploads\/2024\/10\/epee-templiere-noire.jpg","width":500,"height":500,"caption":"Ep\u00e9e templiers noirs"},{"@type":"BreadcrumbList","@id":"https:\/\/repliquemangacine.fr\/epee-templier-medievale\/epee-templiers-noirs\/#breadcrumb","itemListElement":[{"@type":"ListItem","position":1,"name":"Accueil","item":"https:\/\/repliquemangacine.fr\/"},{"@type":"ListItem","position":2,"name":"Produits","item":"https:\/\/repliquemangacine.fr\/boutique\/"},{"@type":"ListItem","position":3,"name":"\u00c9p\u00e9e Templiers Noirs"}]},{"@type":"WebSite","@id":"https:\/\/repliquemangacine.fr\/#website","url":"https:\/\/repliquemangacine.fr\/","name":"R\u00e9plique Manga Cin\u00e9","description":"","publisher":{"@id":"https:\/\/repliquemangacine.fr\/#organization"},"potentialAction":[{"@type":"SearchAction","target":{"@type":"EntryPoint","urlTemplate":"https:\/\/repliquemangacine.fr\/?s={search_term_string}"},"query-input":{"@type":"PropertyValueSpecification","valueRequired":true,"valueName":"search_term_string"}}],"inLanguage":"en-US"},{"@type":"Organization","@id":"https:\/\/repliquemangacine.fr\/#organization","name":"R\u00e9plique Manga Cin\u00e9","url":"https:\/\/repliquemangacine.fr\/","logo":{"@type":"ImageObject","inLanguage":"en-US","@id":"https:\/\/repliquemangacine.fr\/#\/schema\/logo\/image\/","url":"https:\/\/repliquemangacine.fr\/wp-content\/uploads\/2023\/10\/RMC-500250.png","contentUrl":"https:\/\/repliquemangacine.fr\/wp-content\/uploads\/2023\/10\/RMC-500250.png","width":500,"height":250,"caption":"R\u00e9plique Manga Cin\u00e9"},"image":{"@id":"https:\/\/repliquemangacine.fr\/#\/schema\/logo\/image\/"},"sameAs":["https:\/\/www.facebook.com\/RepliqueMangaCine","https:\/\/www.instagram.com\/repliquemangacine.fr\/"]}]}},"_links":{"self":[{"href":"https:\/\/repliquemangacine.fr\/en\/wp-json\/wp\/v2\/product\/75615","targetHints":{"allow":["GET"]}}],"collection":[{"href":"https:\/\/repliquemangacine.fr\/en\/wp-json\/wp\/v2\/product"}],"about":[{"href":"https:\/\/repliquemangacine.fr\/en\/wp-json\/wp\/v2\/types\/product"}],"wp:featuredmedia":[{"embeddable":true,"href":"https:\/\/repliquemangacine.fr\/en\/wp-json\/wp\/v2\/media\/75617"}],"wp:attachment":[{"href":"https:\/\/repliquemangacine.fr\/en\/wp-json\/wp\/v2\/media?parent=75615"}],"wp:term":[{"taxonomy":"product_brand","embeddable":true,"href":"https:\/\/repliquemangacine.fr\/en\/wp-json\/wp\/v2\/product_brand?post=75615"},{"taxonomy":"product_cat","embeddable":true,"href":"https:\/\/repliquemangacine.fr\/en\/wp-json\/wp\/v2\/product_cat?post=75615"},{"taxonomy":"product_tag","embeddable":true,"href":"https:\/\/repliquemangacine.fr\/en\/wp-json\/wp\/v2\/product_tag?post=75615"}],"curies":[{"name":"wp","href":"https:\/\/api.w.org\/{rel}","templated":true}]}}