





{"id":75605,"date":"2024-10-27T16:25:11","date_gmt":"2024-10-27T15:25:11","guid":{"rendered":"https:\/\/repliquemangacine.fr\/?post_type=product&#038;p=75605"},"modified":"2026-04-11T18:01:42","modified_gmt":"2026-04-11T16:01:42","slug":"epee-anduril-de-luxe","status":"publish","type":"product","link":"https:\/\/repliquemangacine.fr\/en\/epees-seigneur-des-anneaux\/epee-anduril-de-luxe\/","title":{"rendered":"Deluxe Anduril sword"},"content":{"rendered":"<h2>Deluxe Anduril sword in Lord of the Rings<\/h2>\n<p>To start with, the deluxe Anduril Sword, nicknamed The Flame of the West, the most legendary weapon in the trilogy. A sumptuous collector's item for Lord of the Rings enthusiasts. The blade, as majestic as ever, retains its emblematic allure, but the scabbard adds an unprecedented touch of elegance. In refined imitation leather, adorned with a metal plate engraved with elven runes along the seam. The ends, beautifully decorated with nickel and gold ornaments, add a striking sheen. Two practical straps attach the sword to the belt, making it as functional as it is authentic. The wall plaque, meanwhile, is a work of art in worked wood with the Elessar royal crown in metal. The result is a majestic presentation. This luxury version of And\u00faril is the perfect tribute for lovers of mythical swords and discerning collectors.<\/p>\n<h2>Origin Sword And\u00faril de luxe: La Reforg\u00e9e de Narsil<\/h2>\n<p>And\u00faril was originally Narsil, the sword of King Elendil, the famous king of N\u00famenor. During the battle against Sauron at the foot of Mount Doom. Elendil used Narsil to confront the Dark Lord, but it broke in battle. His son, Isildur, then uses a fragment of the broken blade to cut the One Ring from Sauron's hand, causing the latter's first fall.<\/p>\n<p>Later, Narsil, reforged by the Elves of Rivendell on Elrond's orders for Aragorn, Isildur's heir and the last descendant of the royal line. This new blade is renamed And\u00faril, meaning Flame of the West in Sindarin, the language of the Elves. And\u00faril's light thus becomes the symbol of the redemption of Isildur's line and the fight against darkness.<\/p>\n<p>The And\u00faril sword is therefore essential to the symbolism of The Lord of the Rings: a weapon born of the ashes of a bygone age, reforged to restore light to a darkened world.<\/p>\n<h2>And\u00faril in the History and Symbolism of The Lord of the Rings<\/h2>\n<p>And\u00faril is the very embodiment of the evolution of<a href=\"https:\/\/lotr.fandom.com\/fr\/wiki\/Aragorn\" target=\"_blank\" rel=\"noopener noreferrer\">Aragorn<\/a>. When he decides to wield this sword, he abandons his life as a lone ranger and accepts his destiny as King of Gondor. Asserting himself as the leader capable of uniting the forces of men, elves and dwarves to resist Sauron.<\/p>\n<p>This sword is present at several key moments in the trilogy. Notably when Aragorn summons the army of the dead to help him liberate Minas Tirith. Or when he gathers the soldiers of Rohan to King Th\u00e9oden and his <a href=\"https:\/\/repliquemangacine.fr\/en\/lord-of-the-rings-swords\/theoden-sword-herugrim-sword\/\">Herugrim sword<\/a>.<\/p>\n<p>In fact, several swords appear in the trilogy. For example, the\u2019<a href=\"https:\/\/repliquemangacine.fr\/en\/lord-of-the-rings-swords\/epee-de-frodon-2\/\">Sword Stinger<\/a> of Frodo Sacquet. As well as the machete <a href=\"https:\/\/repliquemangacine.fr\/en\/the-lord-of-the-rings\/uruk-hai-scimitar-lord-of-the-rings\/\">Uruk-Hai scimitar<\/a>. Not to mention, <a href=\"https:\/\/repliquemangacine.fr\/en\/swords-the-hobbit\/gandalf-sword-glamdring-the-lord-of-the-rings\/\">Glamdring, Gandalf's sword<\/a>made by dwarves to fight orcs. Or the<a href=\"https:\/\/repliquemangacine.fr\/en\/lord-of-the-rings-swords\/lord-of-the-rings-nazgul-sword-black-knights-sword\/\">Nazgul sword<\/a>black horsemen in the service of Sauron, with its specially shaped guard and blade. And much more to discover in our online store.<\/p>","protected":false},"excerpt":{"rendered":"<p>Stunning and rare at this price! This replica of Aragorn's sword, the Anduril in its deluxe version.<\/p>\n<ul>\n<li>440 stainless steel blade engraved with elven runes.<\/li>\n<li>Blade thickness: 5 mm<\/li>\n<li>Guard and pommel in solid steel with imitation gold decoration.<\/li>\n<li>Black imitation leather scabbard with steel plate with runes, and nickel and gold decorations on the ends.<\/li>\n<li>Long wall plaque in decorated wood, with metal king's crown on top.<\/li>\n<li>Two lanyards are also provided to attach the sword to the belt.<\/li>\n<li>Blade length: 90 cm - Total length: 133 cm<\/li>\n<li>Weight: 2707 gr<\/li>\n<\/ul>\n<p>Hurry up, there won't be enough for everyone!<\/p>","protected":false},"featured_media":75606,"template":"","meta":[],"product_brand":[896],"product_cat":[68,29],"product_tag":[],"class_list":{"0":"post-75605","1":"product","2":"type-product","3":"status-publish","4":"has-post-thumbnail","6":"product_brand-replique-manga-cine","7":"product_cat-epees-seigneur-des-anneaux","8":"product_cat-le-seigneur-des-anneaux","10":"first","11":"instock","12":"taxable","13":"shipping-taxable","14":"purchasable","15":"product-type-simple"},"yoast_head":"<!-- This site is optimized with the Yoast SEO plugin v27.5 - https:\/\/yoast.com\/product\/yoast-seo-wordpress\/ -->\n<title>Ep\u00e9e Anduril de luxe - Le Seigneur des Anneaux - R\u00e9plique Manga Cin\u00e9<\/title>\n<meta name=\"description\" content=\"Absolument remarquable cette r\u00e9plique de l&#039;Ep\u00e9e Anduril de luxe dans la trilogie Le Seigneur des Anneaux. Version haute gamme \u00e0 ne pas rater ! 133 cm\" \/>\n<meta name=\"robots\" content=\"index, follow, max-snippet:-1, max-image-preview:large, max-video-preview:-1\" \/>\n<link rel=\"canonical\" href=\"https:\/\/repliquemangacine.fr\/en\/lord-of-the-rings-swords\/epee-anduril-de-luxe\/\" \/>\n<meta property=\"og:locale\" content=\"en_US\" \/>\n<meta property=\"og:type\" content=\"article\" \/>\n<meta property=\"og:title\" content=\"Ep\u00e9e Anduril de luxe - Le Seigneur des Anneaux - R\u00e9plique Manga Cin\u00e9\" \/>\n<meta property=\"og:description\" content=\"Absolument remarquable cette r\u00e9plique de l&#039;Ep\u00e9e Anduril de luxe dans la trilogie Le Seigneur des Anneaux. Version haute gamme \u00e0 ne pas rater ! 133 cm\" \/>\n<meta property=\"og:url\" content=\"https:\/\/repliquemangacine.fr\/en\/lord-of-the-rings-swords\/epee-anduril-de-luxe\/\" \/>\n<meta property=\"og:site_name\" content=\"R\u00e9plique Manga Cin\u00e9\" \/>\n<meta property=\"article:publisher\" content=\"https:\/\/www.facebook.com\/RepliqueMangaCine\" \/>\n<meta property=\"article:modified_time\" content=\"2026-04-11T16:01:42+00:00\" \/>\n<meta property=\"og:image\" content=\"https:\/\/repliquemangacine.fr\/wp-content\/uploads\/2024\/10\/Epee-Anduril-de-luxe-dans-son-fourreauet-sur-son-support-.jpg\" \/>\n\t<meta property=\"og:image:width\" content=\"500\" \/>\n\t<meta property=\"og:image:height\" content=\"500\" \/>\n\t<meta property=\"og:image:type\" content=\"image\/jpeg\" \/>\n<meta name=\"twitter:card\" content=\"summary_large_image\" \/>\n<meta name=\"twitter:label1\" content=\"Est. reading time\" \/>\n\t<meta name=\"twitter:data1\" content=\"3 minutes\" \/>\n<script type=\"application\/ld+json\" class=\"yoast-schema-graph\">{\"@context\":\"https:\\\/\\\/schema.org\",\"@graph\":[{\"@type\":\"WebPage\",\"@id\":\"https:\\\/\\\/repliquemangacine.fr\\\/epees-seigneur-des-anneaux\\\/epee-anduril-de-luxe\\\/\",\"url\":\"https:\\\/\\\/repliquemangacine.fr\\\/epees-seigneur-des-anneaux\\\/epee-anduril-de-luxe\\\/\",\"name\":\"Ep\u00e9e Anduril de luxe - Le Seigneur des Anneaux - R\u00e9plique Manga Cin\u00e9\",\"isPartOf\":{\"@id\":\"https:\\\/\\\/repliquemangacine.fr\\\/#website\"},\"primaryImageOfPage\":{\"@id\":\"https:\\\/\\\/repliquemangacine.fr\\\/epees-seigneur-des-anneaux\\\/epee-anduril-de-luxe\\\/#primaryimage\"},\"image\":{\"@id\":\"https:\\\/\\\/repliquemangacine.fr\\\/epees-seigneur-des-anneaux\\\/epee-anduril-de-luxe\\\/#primaryimage\"},\"thumbnailUrl\":\"https:\\\/\\\/repliquemangacine.fr\\\/wp-content\\\/uploads\\\/2024\\\/10\\\/Epee-Anduril-de-luxe-dans-son-fourreauet-sur-son-support-.jpg\",\"datePublished\":\"2024-10-27T15:25:11+00:00\",\"dateModified\":\"2026-04-11T16:01:42+00:00\",\"description\":\"Absolument remarquable cette r\u00e9plique de l'Ep\u00e9e Anduril de luxe dans la trilogie Le Seigneur des Anneaux. Version haute gamme \u00e0 ne pas rater ! 133 cm\",\"breadcrumb\":{\"@id\":\"https:\\\/\\\/repliquemangacine.fr\\\/epees-seigneur-des-anneaux\\\/epee-anduril-de-luxe\\\/#breadcrumb\"},\"inLanguage\":\"en-US\",\"potentialAction\":[{\"@type\":\"ReadAction\",\"target\":[\"https:\\\/\\\/repliquemangacine.fr\\\/epees-seigneur-des-anneaux\\\/epee-anduril-de-luxe\\\/\"]}]},{\"@type\":\"ImageObject\",\"inLanguage\":\"en-US\",\"@id\":\"https:\\\/\\\/repliquemangacine.fr\\\/epees-seigneur-des-anneaux\\\/epee-anduril-de-luxe\\\/#primaryimage\",\"url\":\"https:\\\/\\\/repliquemangacine.fr\\\/wp-content\\\/uploads\\\/2024\\\/10\\\/Epee-Anduril-de-luxe-dans-son-fourreauet-sur-son-support-.jpg\",\"contentUrl\":\"https:\\\/\\\/repliquemangacine.fr\\\/wp-content\\\/uploads\\\/2024\\\/10\\\/Epee-Anduril-de-luxe-dans-son-fourreauet-sur-son-support-.jpg\",\"width\":500,\"height\":500,\"caption\":\"Ep\u00e9e Anduril de luxe avec son fourreau et sa plaque de pr\u00e9sentation\"},{\"@type\":\"BreadcrumbList\",\"@id\":\"https:\\\/\\\/repliquemangacine.fr\\\/epees-seigneur-des-anneaux\\\/epee-anduril-de-luxe\\\/#breadcrumb\",\"itemListElement\":[{\"@type\":\"ListItem\",\"position\":1,\"name\":\"Accueil\",\"item\":\"https:\\\/\\\/repliquemangacine.fr\\\/\"},{\"@type\":\"ListItem\",\"position\":2,\"name\":\"Produits\",\"item\":\"https:\\\/\\\/repliquemangacine.fr\\\/boutique\\\/\"},{\"@type\":\"ListItem\",\"position\":3,\"name\":\"Ep\u00e9e Anduril de luxe\"}]},{\"@type\":\"WebSite\",\"@id\":\"https:\\\/\\\/repliquemangacine.fr\\\/#website\",\"url\":\"https:\\\/\\\/repliquemangacine.fr\\\/\",\"name\":\"R\u00e9plique Manga Cin\u00e9\",\"description\":\"\",\"publisher\":{\"@id\":\"https:\\\/\\\/repliquemangacine.fr\\\/#organization\"},\"potentialAction\":[{\"@type\":\"SearchAction\",\"target\":{\"@type\":\"EntryPoint\",\"urlTemplate\":\"https:\\\/\\\/repliquemangacine.fr\\\/?s={search_term_string}\"},\"query-input\":{\"@type\":\"PropertyValueSpecification\",\"valueRequired\":true,\"valueName\":\"search_term_string\"}}],\"inLanguage\":\"en-US\"},{\"@type\":\"Organization\",\"@id\":\"https:\\\/\\\/repliquemangacine.fr\\\/#organization\",\"name\":\"R\u00e9plique Manga Cin\u00e9\",\"url\":\"https:\\\/\\\/repliquemangacine.fr\\\/\",\"logo\":{\"@type\":\"ImageObject\",\"inLanguage\":\"en-US\",\"@id\":\"https:\\\/\\\/repliquemangacine.fr\\\/#\\\/schema\\\/logo\\\/image\\\/\",\"url\":\"https:\\\/\\\/repliquemangacine.fr\\\/wp-content\\\/uploads\\\/2023\\\/10\\\/RMC-500250.png\",\"contentUrl\":\"https:\\\/\\\/repliquemangacine.fr\\\/wp-content\\\/uploads\\\/2023\\\/10\\\/RMC-500250.png\",\"width\":500,\"height\":250,\"caption\":\"R\u00e9plique Manga Cin\u00e9\"},\"image\":{\"@id\":\"https:\\\/\\\/repliquemangacine.fr\\\/#\\\/schema\\\/logo\\\/image\\\/\"},\"sameAs\":[\"https:\\\/\\\/www.facebook.com\\\/RepliqueMangaCine\",\"https:\\\/\\\/www.instagram.com\\\/repliquemangacine.fr\\\/\"]}]}<\/script>\n<!-- \/ Yoast SEO plugin. -->","yoast_head_json":{"title":"Deluxe Anduril sword - The Lord of the Rings - R\u00e9plique Manga Cin\u00e9","description":"A truly remarkable replica of the deluxe Anduril sword from the Lord of the Rings trilogy. A high-end version not to be missed! 133 cm","robots":{"index":"index","follow":"follow","max-snippet":"max-snippet:-1","max-image-preview":"max-image-preview:large","max-video-preview":"max-video-preview:-1"},"canonical":"https:\/\/repliquemangacine.fr\/en\/lord-of-the-rings-swords\/epee-anduril-de-luxe\/","og_locale":"en_US","og_type":"article","og_title":"Ep\u00e9e Anduril de luxe - Le Seigneur des Anneaux - R\u00e9plique Manga Cin\u00e9","og_description":"Absolument remarquable cette r\u00e9plique de l'Ep\u00e9e Anduril de luxe dans la trilogie Le Seigneur des Anneaux. Version haute gamme \u00e0 ne pas rater ! 133 cm","og_url":"https:\/\/repliquemangacine.fr\/en\/lord-of-the-rings-swords\/epee-anduril-de-luxe\/","og_site_name":"R\u00e9plique Manga Cin\u00e9","article_publisher":"https:\/\/www.facebook.com\/RepliqueMangaCine","article_modified_time":"2026-04-11T16:01:42+00:00","og_image":[{"width":500,"height":500,"url":"https:\/\/repliquemangacine.fr\/wp-content\/uploads\/2024\/10\/Epee-Anduril-de-luxe-dans-son-fourreauet-sur-son-support-.jpg","type":"image\/jpeg"}],"twitter_card":"summary_large_image","twitter_misc":{"Est. reading time":"3 minutes"},"schema":{"@context":"https:\/\/schema.org","@graph":[{"@type":"WebPage","@id":"https:\/\/repliquemangacine.fr\/epees-seigneur-des-anneaux\/epee-anduril-de-luxe\/","url":"https:\/\/repliquemangacine.fr\/epees-seigneur-des-anneaux\/epee-anduril-de-luxe\/","name":"Deluxe Anduril sword - The Lord of the Rings - R\u00e9plique Manga Cin\u00e9","isPartOf":{"@id":"https:\/\/repliquemangacine.fr\/#website"},"primaryImageOfPage":{"@id":"https:\/\/repliquemangacine.fr\/epees-seigneur-des-anneaux\/epee-anduril-de-luxe\/#primaryimage"},"image":{"@id":"https:\/\/repliquemangacine.fr\/epees-seigneur-des-anneaux\/epee-anduril-de-luxe\/#primaryimage"},"thumbnailUrl":"https:\/\/repliquemangacine.fr\/wp-content\/uploads\/2024\/10\/Epee-Anduril-de-luxe-dans-son-fourreauet-sur-son-support-.jpg","datePublished":"2024-10-27T15:25:11+00:00","dateModified":"2026-04-11T16:01:42+00:00","description":"A truly remarkable replica of the deluxe Anduril sword from the Lord of the Rings trilogy. A high-end version not to be missed! 133 cm","breadcrumb":{"@id":"https:\/\/repliquemangacine.fr\/epees-seigneur-des-anneaux\/epee-anduril-de-luxe\/#breadcrumb"},"inLanguage":"en-US","potentialAction":[{"@type":"ReadAction","target":["https:\/\/repliquemangacine.fr\/epees-seigneur-des-anneaux\/epee-anduril-de-luxe\/"]}]},{"@type":"ImageObject","inLanguage":"en-US","@id":"https:\/\/repliquemangacine.fr\/epees-seigneur-des-anneaux\/epee-anduril-de-luxe\/#primaryimage","url":"https:\/\/repliquemangacine.fr\/wp-content\/uploads\/2024\/10\/Epee-Anduril-de-luxe-dans-son-fourreauet-sur-son-support-.jpg","contentUrl":"https:\/\/repliquemangacine.fr\/wp-content\/uploads\/2024\/10\/Epee-Anduril-de-luxe-dans-son-fourreauet-sur-son-support-.jpg","width":500,"height":500,"caption":"Ep\u00e9e Anduril de luxe avec son fourreau et sa plaque de pr\u00e9sentation"},{"@type":"BreadcrumbList","@id":"https:\/\/repliquemangacine.fr\/epees-seigneur-des-anneaux\/epee-anduril-de-luxe\/#breadcrumb","itemListElement":[{"@type":"ListItem","position":1,"name":"Accueil","item":"https:\/\/repliquemangacine.fr\/"},{"@type":"ListItem","position":2,"name":"Produits","item":"https:\/\/repliquemangacine.fr\/boutique\/"},{"@type":"ListItem","position":3,"name":"Ep\u00e9e Anduril de luxe"}]},{"@type":"WebSite","@id":"https:\/\/repliquemangacine.fr\/#website","url":"https:\/\/repliquemangacine.fr\/","name":"R\u00e9plique Manga Cin\u00e9","description":"","publisher":{"@id":"https:\/\/repliquemangacine.fr\/#organization"},"potentialAction":[{"@type":"SearchAction","target":{"@type":"EntryPoint","urlTemplate":"https:\/\/repliquemangacine.fr\/?s={search_term_string}"},"query-input":{"@type":"PropertyValueSpecification","valueRequired":true,"valueName":"search_term_string"}}],"inLanguage":"en-US"},{"@type":"Organization","@id":"https:\/\/repliquemangacine.fr\/#organization","name":"R\u00e9plique Manga Cin\u00e9","url":"https:\/\/repliquemangacine.fr\/","logo":{"@type":"ImageObject","inLanguage":"en-US","@id":"https:\/\/repliquemangacine.fr\/#\/schema\/logo\/image\/","url":"https:\/\/repliquemangacine.fr\/wp-content\/uploads\/2023\/10\/RMC-500250.png","contentUrl":"https:\/\/repliquemangacine.fr\/wp-content\/uploads\/2023\/10\/RMC-500250.png","width":500,"height":250,"caption":"R\u00e9plique Manga Cin\u00e9"},"image":{"@id":"https:\/\/repliquemangacine.fr\/#\/schema\/logo\/image\/"},"sameAs":["https:\/\/www.facebook.com\/RepliqueMangaCine","https:\/\/www.instagram.com\/repliquemangacine.fr\/"]}]}},"_links":{"self":[{"href":"https:\/\/repliquemangacine.fr\/en\/wp-json\/wp\/v2\/product\/75605","targetHints":{"allow":["GET"]}}],"collection":[{"href":"https:\/\/repliquemangacine.fr\/en\/wp-json\/wp\/v2\/product"}],"about":[{"href":"https:\/\/repliquemangacine.fr\/en\/wp-json\/wp\/v2\/types\/product"}],"wp:featuredmedia":[{"embeddable":true,"href":"https:\/\/repliquemangacine.fr\/en\/wp-json\/wp\/v2\/media\/75606"}],"wp:attachment":[{"href":"https:\/\/repliquemangacine.fr\/en\/wp-json\/wp\/v2\/media?parent=75605"}],"wp:term":[{"taxonomy":"product_brand","embeddable":true,"href":"https:\/\/repliquemangacine.fr\/en\/wp-json\/wp\/v2\/product_brand?post=75605"},{"taxonomy":"product_cat","embeddable":true,"href":"https:\/\/repliquemangacine.fr\/en\/wp-json\/wp\/v2\/product_cat?post=75605"},{"taxonomy":"product_tag","embeddable":true,"href":"https:\/\/repliquemangacine.fr\/en\/wp-json\/wp\/v2\/product_tag?post=75605"}],"curies":[{"name":"wp","href":"https:\/\/api.w.org\/{rel}","templated":true}]}}