





{"id":75598,"date":"2024-10-27T14:56:32","date_gmt":"2024-10-27T13:56:32","guid":{"rendered":"https:\/\/repliquemangacine.fr\/?post_type=product&#038;p=75598"},"modified":"2026-02-18T16:08:21","modified_gmt":"2026-02-18T15:08:21","slug":"kratos-chaos-blades","status":"publish","type":"product","link":"https:\/\/repliquemangacine.fr\/en\/katana-et-epee-de-jeux-video-autre-jeux-video\/lames-du-chaos-de-kratos\/","title":{"rendered":"Kratos Chaos Blades"},"content":{"rendered":"<h2>Kratos' Chaos Blades in God of War 4<\/h2>\n<p>First, there are the Blades of Chaos, Kratos' iconic weapons, which he has carried since the first games in the series. These twin blades, attached by chains, were once symbols of his tragic past and his allegiance to the Greek gods. They return in the fourth installment with a special role and a history steeped in symbolism.<\/p>\n<p>Offered (or rather imposed) to <a href=\"https:\/\/create-garden.fandom.com\/fr\/wiki\/Kratos_(God_of_War)\" target=\"_blank\" rel=\"noopener noreferrer\">Kratos<\/a> by Ares, the god of war in Greek mythology. In exchange for his servitude to the god, Kratos receives them and binds himself to a bloody and destructive destiny. Attached to his arms by glowing chains, the blades become an extension of his rage, designed to spread death and terror.<\/p>\n<p>But in God of War (2018), Kratos attempts to leave this past behind by abandoning the blades. However, faced with growing threats and in order to protect his son Atreus, he has no choice but to return to find the Blades of Chaos. This return symbolizes both a reminder of his bloody past and an acceptance of his true nature in order to perform one final act of protection.<\/p>\n<h2>Chaos Blades: Combat use<\/h2>\n<p>\u2013 <strong>Movements :<\/strong> First, Kratos uses the Swords of Chaos with impressive fluidity. Swinging and twirling the blades to attack multiple enemies simultaneously. Chains enable acrobatic movements and ranged attacks.<\/p>\n<p><strong>Special Powers :<\/strong> Swords can be ignited, adding fire damage to each strike. They can also break down enemy defenses and interact with specific environmental elements to solve puzzles.<\/p>\n<p><strong>Evolution :<\/strong> Over the course of the games, the Swords of Chaos evolve, gaining new abilities and becoming even more formidable. In God of War (2018), Kratos picks up these swords after initially using the Leviathan Axe, showing a personal and narrative evolution.<\/p>\n<h2>Video Game Legendary Weapons: Faithful Replicas<\/h2>\n<p>Immerse yourself in the fascinating world of video games with our exceptional selection of iconic replica weapons. Each piece is meticulously crafted to match the game model. Offering an unrivalled level of detail and quality.<\/p>\n<ul>\n<li>Discover the <a href=\"https:\/\/repliquemangacine.fr\/en\/world-of-warcraft-swords\/azzinoths-twin-blades-illidans-legendary-sword\/\">twin blades of Azzinoth<\/a> in World of Warcraft, Illidan's legendary sword.<\/li>\n<li>There is also the<a href=\"https:\/\/repliquemangacine.fr\/en\/katana-and-video-game-sword-other-video-games\/epee-red-queen-devil-my-cry\/\">Red Queen sword<\/a> in Devil My Cry.<\/li>\n<li>As well as the <a href=\"https:\/\/repliquemangacine.fr\/en\/katana-and-video-game-sword-other-video-games\/kratos-leviathan-axe-god-of-war-ragnarok\/\">Kratos' Leviathan Axe<\/a>from God of War, you can feel the power of the Norse god of war with every touch.<\/li>\n<li>Finally, the <a href=\"https:\/\/repliquemangacine.fr\/en\/katana-and-video-game-sword-other-video-games\/sephiroth-masamune-sword-192-cm\/\">Katana Sephiroth Masamune<\/a> from Final Fantasy VII is a must-have for all fans of this timeless classic, with its long, elegant blade embodying the power and mystique of Sephiroth.<\/li>\n<\/ul>\n<p>In conclusion, add these legendary replicas to your collection and let yourself be transported to the epic worlds of your favorite video games.<\/p>","protected":false},"excerpt":{"rendered":"<p>Absolutely sublime: Kratos' two blades of chaos in God of War 4<\/p>\n<ul>\n<li>The blades are made of specially shaped 440 steel, decorated with antique symbols.<\/li>\n<li>Blades connected to solid steel chains<\/li>\n<li>The handles and pommel are in steel with an antique bronze finish and decorated with an antique bronze finish.<\/li>\n<li>The guards are shaped specifically for Opus 4.<\/li>\n<li>Supplied with wooden wall plaque with logo and decorations<\/li>\n<li>Length of each blade: 32 cm - Total length of each dagger: 54 cm<\/li>\n<li>Weight of each piece: 1301 gr<\/li>\n<\/ul>","protected":false},"featured_media":75599,"template":"","meta":[],"product_brand":[896],"product_cat":[985,67],"product_tag":[],"class_list":{"0":"post-75598","1":"product","2":"type-product","3":"status-publish","4":"has-post-thumbnail","6":"product_brand-replique-manga-cine","7":"product_cat-replique-god-of-war","8":"product_cat-katana-et-epee-de-jeux-video-autre-jeux-video","10":"first","11":"instock","12":"taxable","13":"shipping-taxable","14":"purchasable","15":"product-type-simple"},"yoast_head":"<!-- This site is optimized with the Yoast SEO plugin v27.5 - https:\/\/yoast.com\/product\/yoast-seo-wordpress\/ -->\n<title>Lames du Chaos de Kratos - God of War 4 - R\u00e9plique Manga Cin\u00e9<\/title>\n<meta name=\"description\" content=\"Absolument sublime ! les Lames du Chaos de Kratos dans God of War. Lames en m\u00e9tal avec symboles antiques. Poign\u00e9e en acier vieilli dor\u00e9. Livr\u00e9 avec support\" \/>\n<meta name=\"robots\" content=\"index, follow, max-snippet:-1, max-image-preview:large, max-video-preview:-1\" \/>\n<link rel=\"canonical\" href=\"https:\/\/repliquemangacine.fr\/en\/katana-and-video-game-sword-other-video-games\/kratos-chaos-blades\/\" \/>\n<meta property=\"og:locale\" content=\"en_US\" \/>\n<meta property=\"og:type\" content=\"article\" \/>\n<meta property=\"og:title\" content=\"Lames du Chaos de Kratos - God of War 4 - R\u00e9plique Manga Cin\u00e9\" \/>\n<meta property=\"og:description\" content=\"Absolument sublime ! les Lames du Chaos de Kratos dans God of War. Lames en m\u00e9tal avec symboles antiques. Poign\u00e9e en acier vieilli dor\u00e9. Livr\u00e9 avec support\" \/>\n<meta property=\"og:url\" content=\"https:\/\/repliquemangacine.fr\/en\/katana-and-video-game-sword-other-video-games\/kratos-chaos-blades\/\" \/>\n<meta property=\"og:site_name\" content=\"R\u00e9plique Manga Cin\u00e9\" \/>\n<meta property=\"article:publisher\" content=\"https:\/\/www.facebook.com\/RepliqueMangaCine\" \/>\n<meta property=\"article:modified_time\" content=\"2026-02-18T15:08:21+00:00\" \/>\n<meta property=\"og:image\" content=\"https:\/\/repliquemangacine.fr\/wp-content\/uploads\/2024\/10\/dague-God-of-War.jpg\" \/>\n\t<meta property=\"og:image:width\" content=\"500\" \/>\n\t<meta property=\"og:image:height\" content=\"500\" \/>\n\t<meta property=\"og:image:type\" content=\"image\/jpeg\" \/>\n<meta name=\"twitter:card\" content=\"summary_large_image\" \/>\n<meta name=\"twitter:label1\" content=\"Est. reading time\" \/>\n\t<meta name=\"twitter:data1\" content=\"3 minutes\" \/>\n<script type=\"application\/ld+json\" class=\"yoast-schema-graph\">{\"@context\":\"https:\\\/\\\/schema.org\",\"@graph\":[{\"@type\":\"WebPage\",\"@id\":\"https:\\\/\\\/repliquemangacine.fr\\\/katana-et-epee-de-jeux-video-autre-jeux-video\\\/lames-du-chaos-de-kratos\\\/\",\"url\":\"https:\\\/\\\/repliquemangacine.fr\\\/katana-et-epee-de-jeux-video-autre-jeux-video\\\/lames-du-chaos-de-kratos\\\/\",\"name\":\"Lames du Chaos de Kratos - God of War 4 - R\u00e9plique Manga Cin\u00e9\",\"isPartOf\":{\"@id\":\"https:\\\/\\\/repliquemangacine.fr\\\/#website\"},\"primaryImageOfPage\":{\"@id\":\"https:\\\/\\\/repliquemangacine.fr\\\/katana-et-epee-de-jeux-video-autre-jeux-video\\\/lames-du-chaos-de-kratos\\\/#primaryimage\"},\"image\":{\"@id\":\"https:\\\/\\\/repliquemangacine.fr\\\/katana-et-epee-de-jeux-video-autre-jeux-video\\\/lames-du-chaos-de-kratos\\\/#primaryimage\"},\"thumbnailUrl\":\"https:\\\/\\\/repliquemangacine.fr\\\/wp-content\\\/uploads\\\/2024\\\/10\\\/dague-God-of-War.jpg\",\"datePublished\":\"2024-10-27T13:56:32+00:00\",\"dateModified\":\"2026-02-18T15:08:21+00:00\",\"description\":\"Absolument sublime ! les Lames du Chaos de Kratos dans God of War. Lames en m\u00e9tal avec symboles antiques. Poign\u00e9e en acier vieilli dor\u00e9. Livr\u00e9 avec support\",\"breadcrumb\":{\"@id\":\"https:\\\/\\\/repliquemangacine.fr\\\/katana-et-epee-de-jeux-video-autre-jeux-video\\\/lames-du-chaos-de-kratos\\\/#breadcrumb\"},\"inLanguage\":\"en-US\",\"potentialAction\":[{\"@type\":\"ReadAction\",\"target\":[\"https:\\\/\\\/repliquemangacine.fr\\\/katana-et-epee-de-jeux-video-autre-jeux-video\\\/lames-du-chaos-de-kratos\\\/\"]}]},{\"@type\":\"ImageObject\",\"inLanguage\":\"en-US\",\"@id\":\"https:\\\/\\\/repliquemangacine.fr\\\/katana-et-epee-de-jeux-video-autre-jeux-video\\\/lames-du-chaos-de-kratos\\\/#primaryimage\",\"url\":\"https:\\\/\\\/repliquemangacine.fr\\\/wp-content\\\/uploads\\\/2024\\\/10\\\/dague-God-of-War.jpg\",\"contentUrl\":\"https:\\\/\\\/repliquemangacine.fr\\\/wp-content\\\/uploads\\\/2024\\\/10\\\/dague-God-of-War.jpg\",\"width\":500,\"height\":500,\"caption\":\"Lames du Chaos de Kratos dans God of War\"},{\"@type\":\"BreadcrumbList\",\"@id\":\"https:\\\/\\\/repliquemangacine.fr\\\/katana-et-epee-de-jeux-video-autre-jeux-video\\\/lames-du-chaos-de-kratos\\\/#breadcrumb\",\"itemListElement\":[{\"@type\":\"ListItem\",\"position\":1,\"name\":\"Accueil\",\"item\":\"https:\\\/\\\/repliquemangacine.fr\\\/\"},{\"@type\":\"ListItem\",\"position\":2,\"name\":\"Produits\",\"item\":\"https:\\\/\\\/repliquemangacine.fr\\\/boutique\\\/\"},{\"@type\":\"ListItem\",\"position\":3,\"name\":\"Lames du Chaos de Kratos\"}]},{\"@type\":\"WebSite\",\"@id\":\"https:\\\/\\\/repliquemangacine.fr\\\/#website\",\"url\":\"https:\\\/\\\/repliquemangacine.fr\\\/\",\"name\":\"R\u00e9plique Manga Cin\u00e9\",\"description\":\"\",\"publisher\":{\"@id\":\"https:\\\/\\\/repliquemangacine.fr\\\/#organization\"},\"potentialAction\":[{\"@type\":\"SearchAction\",\"target\":{\"@type\":\"EntryPoint\",\"urlTemplate\":\"https:\\\/\\\/repliquemangacine.fr\\\/?s={search_term_string}\"},\"query-input\":{\"@type\":\"PropertyValueSpecification\",\"valueRequired\":true,\"valueName\":\"search_term_string\"}}],\"inLanguage\":\"en-US\"},{\"@type\":\"Organization\",\"@id\":\"https:\\\/\\\/repliquemangacine.fr\\\/#organization\",\"name\":\"R\u00e9plique Manga Cin\u00e9\",\"url\":\"https:\\\/\\\/repliquemangacine.fr\\\/\",\"logo\":{\"@type\":\"ImageObject\",\"inLanguage\":\"en-US\",\"@id\":\"https:\\\/\\\/repliquemangacine.fr\\\/#\\\/schema\\\/logo\\\/image\\\/\",\"url\":\"https:\\\/\\\/repliquemangacine.fr\\\/wp-content\\\/uploads\\\/2023\\\/10\\\/RMC-500250.png\",\"contentUrl\":\"https:\\\/\\\/repliquemangacine.fr\\\/wp-content\\\/uploads\\\/2023\\\/10\\\/RMC-500250.png\",\"width\":500,\"height\":250,\"caption\":\"R\u00e9plique Manga Cin\u00e9\"},\"image\":{\"@id\":\"https:\\\/\\\/repliquemangacine.fr\\\/#\\\/schema\\\/logo\\\/image\\\/\"},\"sameAs\":[\"https:\\\/\\\/www.facebook.com\\\/RepliqueMangaCine\",\"https:\\\/\\\/www.instagram.com\\\/repliquemangacine.fr\\\/\"]}]}<\/script>\n<!-- \/ Yoast SEO plugin. -->","yoast_head_json":{"title":"Kratos' Chaos Blades - God of War 4 - R\u00e9plique Manga Cin\u00e9","description":"Absolutely sublime! Kratos' Chaos Blades in God of War. Metal blades with antique symbols. Antique gold-plated steel handle. Supplied with stand.","robots":{"index":"index","follow":"follow","max-snippet":"max-snippet:-1","max-image-preview":"max-image-preview:large","max-video-preview":"max-video-preview:-1"},"canonical":"https:\/\/repliquemangacine.fr\/en\/katana-and-video-game-sword-other-video-games\/kratos-chaos-blades\/","og_locale":"en_US","og_type":"article","og_title":"Lames du Chaos de Kratos - God of War 4 - R\u00e9plique Manga Cin\u00e9","og_description":"Absolument sublime ! les Lames du Chaos de Kratos dans God of War. Lames en m\u00e9tal avec symboles antiques. Poign\u00e9e en acier vieilli dor\u00e9. Livr\u00e9 avec support","og_url":"https:\/\/repliquemangacine.fr\/en\/katana-and-video-game-sword-other-video-games\/kratos-chaos-blades\/","og_site_name":"R\u00e9plique Manga Cin\u00e9","article_publisher":"https:\/\/www.facebook.com\/RepliqueMangaCine","article_modified_time":"2026-02-18T15:08:21+00:00","og_image":[{"width":500,"height":500,"url":"https:\/\/repliquemangacine.fr\/wp-content\/uploads\/2024\/10\/dague-God-of-War.jpg","type":"image\/jpeg"}],"twitter_card":"summary_large_image","twitter_misc":{"Est. reading time":"3 minutes"},"schema":{"@context":"https:\/\/schema.org","@graph":[{"@type":"WebPage","@id":"https:\/\/repliquemangacine.fr\/katana-et-epee-de-jeux-video-autre-jeux-video\/lames-du-chaos-de-kratos\/","url":"https:\/\/repliquemangacine.fr\/katana-et-epee-de-jeux-video-autre-jeux-video\/lames-du-chaos-de-kratos\/","name":"Kratos' Chaos Blades - God of War 4 - R\u00e9plique Manga Cin\u00e9","isPartOf":{"@id":"https:\/\/repliquemangacine.fr\/#website"},"primaryImageOfPage":{"@id":"https:\/\/repliquemangacine.fr\/katana-et-epee-de-jeux-video-autre-jeux-video\/lames-du-chaos-de-kratos\/#primaryimage"},"image":{"@id":"https:\/\/repliquemangacine.fr\/katana-et-epee-de-jeux-video-autre-jeux-video\/lames-du-chaos-de-kratos\/#primaryimage"},"thumbnailUrl":"https:\/\/repliquemangacine.fr\/wp-content\/uploads\/2024\/10\/dague-God-of-War.jpg","datePublished":"2024-10-27T13:56:32+00:00","dateModified":"2026-02-18T15:08:21+00:00","description":"Absolutely sublime! Kratos' Chaos Blades in God of War. Metal blades with antique symbols. Antique gold-plated steel handle. Supplied with stand.","breadcrumb":{"@id":"https:\/\/repliquemangacine.fr\/katana-et-epee-de-jeux-video-autre-jeux-video\/lames-du-chaos-de-kratos\/#breadcrumb"},"inLanguage":"en-US","potentialAction":[{"@type":"ReadAction","target":["https:\/\/repliquemangacine.fr\/katana-et-epee-de-jeux-video-autre-jeux-video\/lames-du-chaos-de-kratos\/"]}]},{"@type":"ImageObject","inLanguage":"en-US","@id":"https:\/\/repliquemangacine.fr\/katana-et-epee-de-jeux-video-autre-jeux-video\/lames-du-chaos-de-kratos\/#primaryimage","url":"https:\/\/repliquemangacine.fr\/wp-content\/uploads\/2024\/10\/dague-God-of-War.jpg","contentUrl":"https:\/\/repliquemangacine.fr\/wp-content\/uploads\/2024\/10\/dague-God-of-War.jpg","width":500,"height":500,"caption":"Lames du Chaos de Kratos dans God of War"},{"@type":"BreadcrumbList","@id":"https:\/\/repliquemangacine.fr\/katana-et-epee-de-jeux-video-autre-jeux-video\/lames-du-chaos-de-kratos\/#breadcrumb","itemListElement":[{"@type":"ListItem","position":1,"name":"Accueil","item":"https:\/\/repliquemangacine.fr\/"},{"@type":"ListItem","position":2,"name":"Produits","item":"https:\/\/repliquemangacine.fr\/boutique\/"},{"@type":"ListItem","position":3,"name":"Lames du Chaos de Kratos"}]},{"@type":"WebSite","@id":"https:\/\/repliquemangacine.fr\/#website","url":"https:\/\/repliquemangacine.fr\/","name":"R\u00e9plique Manga Cin\u00e9","description":"","publisher":{"@id":"https:\/\/repliquemangacine.fr\/#organization"},"potentialAction":[{"@type":"SearchAction","target":{"@type":"EntryPoint","urlTemplate":"https:\/\/repliquemangacine.fr\/?s={search_term_string}"},"query-input":{"@type":"PropertyValueSpecification","valueRequired":true,"valueName":"search_term_string"}}],"inLanguage":"en-US"},{"@type":"Organization","@id":"https:\/\/repliquemangacine.fr\/#organization","name":"R\u00e9plique Manga Cin\u00e9","url":"https:\/\/repliquemangacine.fr\/","logo":{"@type":"ImageObject","inLanguage":"en-US","@id":"https:\/\/repliquemangacine.fr\/#\/schema\/logo\/image\/","url":"https:\/\/repliquemangacine.fr\/wp-content\/uploads\/2023\/10\/RMC-500250.png","contentUrl":"https:\/\/repliquemangacine.fr\/wp-content\/uploads\/2023\/10\/RMC-500250.png","width":500,"height":250,"caption":"R\u00e9plique Manga Cin\u00e9"},"image":{"@id":"https:\/\/repliquemangacine.fr\/#\/schema\/logo\/image\/"},"sameAs":["https:\/\/www.facebook.com\/RepliqueMangaCine","https:\/\/www.instagram.com\/repliquemangacine.fr\/"]}]}},"_links":{"self":[{"href":"https:\/\/repliquemangacine.fr\/en\/wp-json\/wp\/v2\/product\/75598","targetHints":{"allow":["GET"]}}],"collection":[{"href":"https:\/\/repliquemangacine.fr\/en\/wp-json\/wp\/v2\/product"}],"about":[{"href":"https:\/\/repliquemangacine.fr\/en\/wp-json\/wp\/v2\/types\/product"}],"wp:featuredmedia":[{"embeddable":true,"href":"https:\/\/repliquemangacine.fr\/en\/wp-json\/wp\/v2\/media\/75599"}],"wp:attachment":[{"href":"https:\/\/repliquemangacine.fr\/en\/wp-json\/wp\/v2\/media?parent=75598"}],"wp:term":[{"taxonomy":"product_brand","embeddable":true,"href":"https:\/\/repliquemangacine.fr\/en\/wp-json\/wp\/v2\/product_brand?post=75598"},{"taxonomy":"product_cat","embeddable":true,"href":"https:\/\/repliquemangacine.fr\/en\/wp-json\/wp\/v2\/product_cat?post=75598"},{"taxonomy":"product_tag","embeddable":true,"href":"https:\/\/repliquemangacine.fr\/en\/wp-json\/wp\/v2\/product_tag?post=75598"}],"curies":[{"name":"wp","href":"https:\/\/api.w.org\/{rel}","templated":true}]}}