





{"id":75391,"date":"2024-10-17T17:59:36","date_gmt":"2024-10-17T15:59:36","guid":{"rendered":"https:\/\/repliquemangacine.fr\/?post_type=product&#038;p=75391"},"modified":"2026-01-08T15:14:02","modified_gmt":"2026-01-08T14:14:02","slug":"epee-red-queen-devil-my-cry","status":"publish","type":"product","link":"https:\/\/repliquemangacine.fr\/en\/katana-et-epee-de-jeux-video-autre-jeux-video\/epee-red-queen-devil-my-cry\/","title":{"rendered":"Red Queen sword - Devil my Cry"},"content":{"rendered":"<h2>Red Queen sword by Nero - A Devil May Cry design<\/h2>\n<p>First, discover Nero's Red Queen Sword, from the famous Devil May Cry video game. Carefully reproduced, it captures all the distinctive details that have made it a cult weapon.<br \/>\nThe Red Queen, a massive broadsword-style sword with an industrial design reminiscent of a knight's sword, but with mechanical details. Unique thanks to a throttle handle on the hilt, giving it a motorcycle look.<br \/>\nThis handle is essential for one of the weapon's key functions. What makes the Red Queen so special is its integrated \"motor\" system. <a href=\"https:\/\/devilmaycrydmc.fandom.com\/fr\/wiki\/Nero\" target=\"_blank\" rel=\"noopener noreferrer\">Nero<\/a> can use the hilt to \"recharge\" the sword, activating an ability called Exceed. By activating the throttle, he infuses the sword with energy, igniting the blade and drastically increasing the damage inflicted by his attacks. With precise timing, Nero can \"supercharge\" the sword for even more powerful attacks.<\/p>\n<h2>Red Queen sword: fighting style and symbolism<\/h2>\n<p>The Red Queen is perfectly suited to Nero's fast, aggressive style. It allows him to throw himself into the fray, while combining attacks with his demonic arm, the Devil Bringer. This hybrid fighting style, which blends sword strikes and ranged manipulation with the Devil Bringer, makes it an extremely versatile and stylish weapon.<\/p>\n<p>In lore terms, the Red Queen is more than just a weapon. It's an integral part of Nero's identity, reflecting his connection to the demon-hunting tradition and his struggle with his mysterious origins, including his family ties to Dante and Vergil. It embodies his determination and fighting spirit.<\/p>\n<p>In conclusion, its impressive looks and unique gameplay mechanics make it a fan-favorite weapon. Accelerating the sword to inflict blazing blows adds a strategic and stylish dimension, which is at the heart of the Devil May Cry experience.<\/p>\n<h2>Complete your collection with Vergil's Yamato katana and Dante's Rebellion sword<\/h2>\n<p>In addition to Nero's Red Queen sword, add other legendary weapons to your collection in Devil May Cry.<\/p>\n<p>First, the <a href=\"https:\/\/repliquemangacine.fr\/en\/katana-and-video-game-sword-other-video-games\/katana-yamoto-vergil-dmc-devil-my-cry\/\">katana Yamato<\/a> with its long, elegant blade, a symbol of Vergil's precise, implacable style. With its impeccable finish and design inspired by traditional Japanese katanas, this replica is perfect for katana fighting enthusiasts. In fact, you'll find the latest version of the <a href=\"https:\/\/repliquemangacine.fr\/en\/katana-and-video-game-sword-other-video-games\/katana-vergil-yamato-v2\/\">Vergil katana V2<\/a> in Devil My Cry 5.<\/p>\n<p>As for the<a href=\"https:\/\/repliquemangacine.fr\/en\/katana-and-video-game-sword-other-video-games\/epee-rebellion-epee-de-dante-devil-may-cry\/\">Rebellion sword<\/a>With its massive blade and Gothic motifs, it reflects the raw power of Dante. These replicas are crafted with the same attention to detail, guaranteeing faithful rendering and exceptional quality. By combining these iconic weapons, you can recreate the intense universe of Devil May Cry in your collection. Treat yourself to these must-have pieces and immerse yourself in the action as your favorite heroes!<\/p>","protected":false},"excerpt":{"rendered":"<p>Absolutely remarkable, this replica of Nero's Red Queen sword in Devil My Cry.<\/p>\n<ul>\n<li>Steel blade, specially shaped and decorated.<\/li>\n<li>Wooden handle covered with red cotton thread<\/li>\n<li>Moulded ABS guard with throttle handle identical to the set<\/li>\n<li>Supplied with wooden stand<\/li>\n<li>Blade length: 95.5 cm - Total length: 127 cm<\/li>\n<\/ul>","protected":false},"featured_media":75394,"template":"","meta":[],"product_brand":[],"product_cat":[880,67],"product_tag":[],"class_list":{"0":"post-75391","1":"product","2":"type-product","3":"status-publish","4":"has-post-thumbnail","6":"product_cat-devil-may-cry","7":"product_cat-katana-et-epee-de-jeux-video-autre-jeux-video","9":"first","10":"instock","11":"taxable","12":"shipping-taxable","13":"purchasable","14":"product-type-simple"},"yoast_head":"<!-- This site is optimized with the Yoast SEO plugin v27.5 - https:\/\/yoast.com\/product\/yoast-seo-wordpress\/ -->\n<title>Ep\u00e9e Red Queen - Devil my Cry - Ep\u00e9e de Nero dans Devil My Cry | R\u00e9plique Manga Cin\u00e9<\/title>\n<meta name=\"description\" content=\"R\u00e9plique fid\u00e8le de l&#039;Ep\u00e9e Red Queen de Nero (Devil May Cry), avec poign\u00e9e d&#039;acc\u00e9l\u00e9rateur. Une pi\u00e8ce incontournable pour les fans et collectionneurs.\" \/>\n<meta name=\"robots\" content=\"index, follow, max-snippet:-1, max-image-preview:large, max-video-preview:-1\" \/>\n<link rel=\"canonical\" href=\"https:\/\/repliquemangacine.fr\/en\/katana-and-video-game-sword-other-video-games\/epee-red-queen-devil-my-cry\/\" \/>\n<meta property=\"og:locale\" content=\"en_US\" \/>\n<meta property=\"og:type\" content=\"article\" \/>\n<meta property=\"og:title\" content=\"Ep\u00e9e Red Queen - Devil my Cry - Ep\u00e9e de Nero dans Devil My Cry | R\u00e9plique Manga Cin\u00e9\" \/>\n<meta property=\"og:description\" content=\"R\u00e9plique fid\u00e8le de l&#039;Ep\u00e9e Red Queen de Nero (Devil May Cry), avec poign\u00e9e d&#039;acc\u00e9l\u00e9rateur. Une pi\u00e8ce incontournable pour les fans et collectionneurs.\" \/>\n<meta property=\"og:url\" content=\"https:\/\/repliquemangacine.fr\/en\/katana-and-video-game-sword-other-video-games\/epee-red-queen-devil-my-cry\/\" \/>\n<meta property=\"og:site_name\" content=\"R\u00e9plique Manga Cin\u00e9\" \/>\n<meta property=\"article:publisher\" content=\"https:\/\/www.facebook.com\/RepliqueMangaCine\" \/>\n<meta property=\"article:modified_time\" content=\"2026-01-08T14:14:02+00:00\" \/>\n<meta property=\"og:image\" content=\"https:\/\/repliquemangacine.fr\/wp-content\/uploads\/2024\/10\/epee-red-queen-sur-support.jpg\" \/>\n\t<meta property=\"og:image:width\" content=\"500\" \/>\n\t<meta property=\"og:image:height\" content=\"500\" \/>\n\t<meta property=\"og:image:type\" content=\"image\/jpeg\" \/>\n<meta name=\"twitter:card\" content=\"summary_large_image\" \/>\n<meta name=\"twitter:label1\" content=\"Est. reading time\" \/>\n\t<meta name=\"twitter:data1\" content=\"3 minutes\" \/>\n<script type=\"application\/ld+json\" class=\"yoast-schema-graph\">{\"@context\":\"https:\\\/\\\/schema.org\",\"@graph\":[{\"@type\":\"WebPage\",\"@id\":\"https:\\\/\\\/repliquemangacine.fr\\\/katana-et-epee-de-jeux-video-autre-jeux-video\\\/epee-red-queen-devil-my-cry\\\/\",\"url\":\"https:\\\/\\\/repliquemangacine.fr\\\/katana-et-epee-de-jeux-video-autre-jeux-video\\\/epee-red-queen-devil-my-cry\\\/\",\"name\":\"Ep\u00e9e Red Queen - Devil my Cry - Ep\u00e9e de Nero dans Devil My Cry | R\u00e9plique Manga Cin\u00e9\",\"isPartOf\":{\"@id\":\"https:\\\/\\\/repliquemangacine.fr\\\/#website\"},\"primaryImageOfPage\":{\"@id\":\"https:\\\/\\\/repliquemangacine.fr\\\/katana-et-epee-de-jeux-video-autre-jeux-video\\\/epee-red-queen-devil-my-cry\\\/#primaryimage\"},\"image\":{\"@id\":\"https:\\\/\\\/repliquemangacine.fr\\\/katana-et-epee-de-jeux-video-autre-jeux-video\\\/epee-red-queen-devil-my-cry\\\/#primaryimage\"},\"thumbnailUrl\":\"https:\\\/\\\/repliquemangacine.fr\\\/wp-content\\\/uploads\\\/2024\\\/10\\\/epee-red-queen-sur-support.jpg\",\"datePublished\":\"2024-10-17T15:59:36+00:00\",\"dateModified\":\"2026-01-08T14:14:02+00:00\",\"description\":\"R\u00e9plique fid\u00e8le de l'Ep\u00e9e Red Queen de Nero (Devil May Cry), avec poign\u00e9e d'acc\u00e9l\u00e9rateur. Une pi\u00e8ce incontournable pour les fans et collectionneurs.\",\"breadcrumb\":{\"@id\":\"https:\\\/\\\/repliquemangacine.fr\\\/katana-et-epee-de-jeux-video-autre-jeux-video\\\/epee-red-queen-devil-my-cry\\\/#breadcrumb\"},\"inLanguage\":\"en-US\",\"potentialAction\":[{\"@type\":\"ReadAction\",\"target\":[\"https:\\\/\\\/repliquemangacine.fr\\\/katana-et-epee-de-jeux-video-autre-jeux-video\\\/epee-red-queen-devil-my-cry\\\/\"]}]},{\"@type\":\"ImageObject\",\"inLanguage\":\"en-US\",\"@id\":\"https:\\\/\\\/repliquemangacine.fr\\\/katana-et-epee-de-jeux-video-autre-jeux-video\\\/epee-red-queen-devil-my-cry\\\/#primaryimage\",\"url\":\"https:\\\/\\\/repliquemangacine.fr\\\/wp-content\\\/uploads\\\/2024\\\/10\\\/epee-red-queen-sur-support.jpg\",\"contentUrl\":\"https:\\\/\\\/repliquemangacine.fr\\\/wp-content\\\/uploads\\\/2024\\\/10\\\/epee-red-queen-sur-support.jpg\",\"width\":500,\"height\":500,\"caption\":\"Ep\u00e9e Red Queen Devil My Cry\"},{\"@type\":\"BreadcrumbList\",\"@id\":\"https:\\\/\\\/repliquemangacine.fr\\\/katana-et-epee-de-jeux-video-autre-jeux-video\\\/epee-red-queen-devil-my-cry\\\/#breadcrumb\",\"itemListElement\":[{\"@type\":\"ListItem\",\"position\":1,\"name\":\"Accueil\",\"item\":\"https:\\\/\\\/repliquemangacine.fr\\\/\"},{\"@type\":\"ListItem\",\"position\":2,\"name\":\"Produits\",\"item\":\"https:\\\/\\\/repliquemangacine.fr\\\/boutique\\\/\"},{\"@type\":\"ListItem\",\"position\":3,\"name\":\"Ep\u00e9e Red Queen &#8211; Devil my Cry\"}]},{\"@type\":\"WebSite\",\"@id\":\"https:\\\/\\\/repliquemangacine.fr\\\/#website\",\"url\":\"https:\\\/\\\/repliquemangacine.fr\\\/\",\"name\":\"R\u00e9plique Manga Cin\u00e9\",\"description\":\"\",\"publisher\":{\"@id\":\"https:\\\/\\\/repliquemangacine.fr\\\/#organization\"},\"potentialAction\":[{\"@type\":\"SearchAction\",\"target\":{\"@type\":\"EntryPoint\",\"urlTemplate\":\"https:\\\/\\\/repliquemangacine.fr\\\/?s={search_term_string}\"},\"query-input\":{\"@type\":\"PropertyValueSpecification\",\"valueRequired\":true,\"valueName\":\"search_term_string\"}}],\"inLanguage\":\"en-US\"},{\"@type\":\"Organization\",\"@id\":\"https:\\\/\\\/repliquemangacine.fr\\\/#organization\",\"name\":\"R\u00e9plique Manga Cin\u00e9\",\"url\":\"https:\\\/\\\/repliquemangacine.fr\\\/\",\"logo\":{\"@type\":\"ImageObject\",\"inLanguage\":\"en-US\",\"@id\":\"https:\\\/\\\/repliquemangacine.fr\\\/#\\\/schema\\\/logo\\\/image\\\/\",\"url\":\"https:\\\/\\\/repliquemangacine.fr\\\/wp-content\\\/uploads\\\/2023\\\/10\\\/RMC-500250.png\",\"contentUrl\":\"https:\\\/\\\/repliquemangacine.fr\\\/wp-content\\\/uploads\\\/2023\\\/10\\\/RMC-500250.png\",\"width\":500,\"height\":250,\"caption\":\"R\u00e9plique Manga Cin\u00e9\"},\"image\":{\"@id\":\"https:\\\/\\\/repliquemangacine.fr\\\/#\\\/schema\\\/logo\\\/image\\\/\"},\"sameAs\":[\"https:\\\/\\\/www.facebook.com\\\/RepliqueMangaCine\",\"https:\\\/\\\/www.instagram.com\\\/repliquemangacine.fr\\\/\"]}]}<\/script>\n<!-- \/ Yoast SEO plugin. -->","yoast_head_json":{"title":"Red Queen sword - Devil my Cry - Nero's sword in Devil My Cry | R\u00e9plique Manga Cin\u00e9","description":"Faithful replica of Nero's Red Queen Sword (Devil May Cry), with gas pedal handle. A must-have for fans and collectors alike.","robots":{"index":"index","follow":"follow","max-snippet":"max-snippet:-1","max-image-preview":"max-image-preview:large","max-video-preview":"max-video-preview:-1"},"canonical":"https:\/\/repliquemangacine.fr\/en\/katana-and-video-game-sword-other-video-games\/epee-red-queen-devil-my-cry\/","og_locale":"en_US","og_type":"article","og_title":"Ep\u00e9e Red Queen - Devil my Cry - Ep\u00e9e de Nero dans Devil My Cry | R\u00e9plique Manga Cin\u00e9","og_description":"R\u00e9plique fid\u00e8le de l'Ep\u00e9e Red Queen de Nero (Devil May Cry), avec poign\u00e9e d'acc\u00e9l\u00e9rateur. Une pi\u00e8ce incontournable pour les fans et collectionneurs.","og_url":"https:\/\/repliquemangacine.fr\/en\/katana-and-video-game-sword-other-video-games\/epee-red-queen-devil-my-cry\/","og_site_name":"R\u00e9plique Manga Cin\u00e9","article_publisher":"https:\/\/www.facebook.com\/RepliqueMangaCine","article_modified_time":"2026-01-08T14:14:02+00:00","og_image":[{"width":500,"height":500,"url":"https:\/\/repliquemangacine.fr\/wp-content\/uploads\/2024\/10\/epee-red-queen-sur-support.jpg","type":"image\/jpeg"}],"twitter_card":"summary_large_image","twitter_misc":{"Est. reading time":"3 minutes"},"schema":{"@context":"https:\/\/schema.org","@graph":[{"@type":"WebPage","@id":"https:\/\/repliquemangacine.fr\/katana-et-epee-de-jeux-video-autre-jeux-video\/epee-red-queen-devil-my-cry\/","url":"https:\/\/repliquemangacine.fr\/katana-et-epee-de-jeux-video-autre-jeux-video\/epee-red-queen-devil-my-cry\/","name":"Red Queen sword - Devil my Cry - Nero's sword in Devil My Cry | R\u00e9plique Manga Cin\u00e9","isPartOf":{"@id":"https:\/\/repliquemangacine.fr\/#website"},"primaryImageOfPage":{"@id":"https:\/\/repliquemangacine.fr\/katana-et-epee-de-jeux-video-autre-jeux-video\/epee-red-queen-devil-my-cry\/#primaryimage"},"image":{"@id":"https:\/\/repliquemangacine.fr\/katana-et-epee-de-jeux-video-autre-jeux-video\/epee-red-queen-devil-my-cry\/#primaryimage"},"thumbnailUrl":"https:\/\/repliquemangacine.fr\/wp-content\/uploads\/2024\/10\/epee-red-queen-sur-support.jpg","datePublished":"2024-10-17T15:59:36+00:00","dateModified":"2026-01-08T14:14:02+00:00","description":"Faithful replica of Nero's Red Queen Sword (Devil May Cry), with gas pedal handle. A must-have for fans and collectors alike.","breadcrumb":{"@id":"https:\/\/repliquemangacine.fr\/katana-et-epee-de-jeux-video-autre-jeux-video\/epee-red-queen-devil-my-cry\/#breadcrumb"},"inLanguage":"en-US","potentialAction":[{"@type":"ReadAction","target":["https:\/\/repliquemangacine.fr\/katana-et-epee-de-jeux-video-autre-jeux-video\/epee-red-queen-devil-my-cry\/"]}]},{"@type":"ImageObject","inLanguage":"en-US","@id":"https:\/\/repliquemangacine.fr\/katana-et-epee-de-jeux-video-autre-jeux-video\/epee-red-queen-devil-my-cry\/#primaryimage","url":"https:\/\/repliquemangacine.fr\/wp-content\/uploads\/2024\/10\/epee-red-queen-sur-support.jpg","contentUrl":"https:\/\/repliquemangacine.fr\/wp-content\/uploads\/2024\/10\/epee-red-queen-sur-support.jpg","width":500,"height":500,"caption":"Ep\u00e9e Red Queen Devil My Cry"},{"@type":"BreadcrumbList","@id":"https:\/\/repliquemangacine.fr\/katana-et-epee-de-jeux-video-autre-jeux-video\/epee-red-queen-devil-my-cry\/#breadcrumb","itemListElement":[{"@type":"ListItem","position":1,"name":"Accueil","item":"https:\/\/repliquemangacine.fr\/"},{"@type":"ListItem","position":2,"name":"Produits","item":"https:\/\/repliquemangacine.fr\/boutique\/"},{"@type":"ListItem","position":3,"name":"Ep\u00e9e Red Queen &#8211; Devil my Cry"}]},{"@type":"WebSite","@id":"https:\/\/repliquemangacine.fr\/#website","url":"https:\/\/repliquemangacine.fr\/","name":"R\u00e9plique Manga Cin\u00e9","description":"","publisher":{"@id":"https:\/\/repliquemangacine.fr\/#organization"},"potentialAction":[{"@type":"SearchAction","target":{"@type":"EntryPoint","urlTemplate":"https:\/\/repliquemangacine.fr\/?s={search_term_string}"},"query-input":{"@type":"PropertyValueSpecification","valueRequired":true,"valueName":"search_term_string"}}],"inLanguage":"en-US"},{"@type":"Organization","@id":"https:\/\/repliquemangacine.fr\/#organization","name":"R\u00e9plique Manga Cin\u00e9","url":"https:\/\/repliquemangacine.fr\/","logo":{"@type":"ImageObject","inLanguage":"en-US","@id":"https:\/\/repliquemangacine.fr\/#\/schema\/logo\/image\/","url":"https:\/\/repliquemangacine.fr\/wp-content\/uploads\/2023\/10\/RMC-500250.png","contentUrl":"https:\/\/repliquemangacine.fr\/wp-content\/uploads\/2023\/10\/RMC-500250.png","width":500,"height":250,"caption":"R\u00e9plique Manga Cin\u00e9"},"image":{"@id":"https:\/\/repliquemangacine.fr\/#\/schema\/logo\/image\/"},"sameAs":["https:\/\/www.facebook.com\/RepliqueMangaCine","https:\/\/www.instagram.com\/repliquemangacine.fr\/"]}]}},"_links":{"self":[{"href":"https:\/\/repliquemangacine.fr\/en\/wp-json\/wp\/v2\/product\/75391","targetHints":{"allow":["GET"]}}],"collection":[{"href":"https:\/\/repliquemangacine.fr\/en\/wp-json\/wp\/v2\/product"}],"about":[{"href":"https:\/\/repliquemangacine.fr\/en\/wp-json\/wp\/v2\/types\/product"}],"wp:featuredmedia":[{"embeddable":true,"href":"https:\/\/repliquemangacine.fr\/en\/wp-json\/wp\/v2\/media\/75394"}],"wp:attachment":[{"href":"https:\/\/repliquemangacine.fr\/en\/wp-json\/wp\/v2\/media?parent=75391"}],"wp:term":[{"taxonomy":"product_brand","embeddable":true,"href":"https:\/\/repliquemangacine.fr\/en\/wp-json\/wp\/v2\/product_brand?post=75391"},{"taxonomy":"product_cat","embeddable":true,"href":"https:\/\/repliquemangacine.fr\/en\/wp-json\/wp\/v2\/product_cat?post=75391"},{"taxonomy":"product_tag","embeddable":true,"href":"https:\/\/repliquemangacine.fr\/en\/wp-json\/wp\/v2\/product_tag?post=75391"}],"curies":[{"name":"wp","href":"https:\/\/api.w.org\/{rel}","templated":true}]}}