





{"id":75171,"date":"2024-10-09T17:08:47","date_gmt":"2024-10-09T15:08:47","guid":{"rendered":"https:\/\/repliquemangacine.fr\/?post_type=product&#038;p=75171"},"modified":"2026-03-17T17:00:20","modified_gmt":"2026-03-17T16:00:20","slug":"zenitsu-luminous-katana","status":"publish","type":"product","link":"https:\/\/repliquemangacine.fr\/en\/katana-lumineux-demon-slayer\/katana-lumineux-zenitsu\/","title":{"rendered":"Zenitsu luminous katana"},"content":{"rendered":"<h2>Zenitsu's luminous Katana in Demon Slayer<\/h2>\n<p>First, discover an exceptional new feature: the luminous katana from <a href=\"https:\/\/kimetsu-no-yaiba.fandom.com\/fr\/wiki\/Zenitsu_Agatsuma\" target=\"_blank\" rel=\"noopener noreferrer\">Zenitsu<\/a> ! This masterpiece inspired by the Demon Slayer universe is not only a faithful replica, it also lights up thanks to its built-in LEDs. Battery-powered (not included). This katana is activated simply by pressing a discreet but easily accessible on\/off button. The quality of manufacture is simply unprecedented for this type of product: a first in the world of katana replicas! Immerse yourself in the action, recreate your favorite scenes, and marvel at the spectacular lighting effect.<\/p>\n<p>Finally, Zenitsu Agatsuma, member of the Demon Slayers, famous for his mastery of the Lightning Breath, a fighting style as fast as it is powerful. First stance: lightning-fast strikes. Zenitsu's luminous katana, with its lighting effects, perfectly symbolizes this speed and electric intensity. A must-have for every fan of the Demon Slayer universe!<\/p>\n<h2>Discover Demon Slayer's other light katanas<\/h2>\n<p>If you're impressed by Zenitsu's katana, wait until you see the other light-up katanas in the Demon Slayer series! Each replica, designed with attention to detail and equipped with integrated LEDs, for a spectacular lighting effect.<\/p>\n<ul>\n<li>In particular, you'll find <a href=\"https:\/\/repliquemangacine.fr\/en\/steel-katana-kimetsu-no-yaiba-metal-katana-demon-slayer\/tanjiro-luminous-katana\/\">Tanjiro's katana<\/a> Kamado, the series' emblematic hero. Whose black blade lights up to reflect his strength and dedication.<\/li>\n<li>For fans of the Pillar of Mist, the<a href=\"https:\/\/repliquemangacine.fr\/en\/katana-demon-slayer\/muichiro-luminous-katana\/\"> katana by Muichiro Tokito<\/a> is also available, with an elegant finish and subtly integrated LEDs.<\/li>\n<li>Last but not least, don't miss the katana of the unmissable <a href=\"https:\/\/repliquemangacine.fr\/en\/katana-demon-slayer\/bright-katana-rengoku\/\">Rengoku Kyojuro<\/a>. The Pillar of Flame, whose fiery blade glows intensely thanks to LEDs, embodying all the power of this character. These luminous katanas are a real treasure trove for collectors and Demon Slayer fans, combining authenticity and technological innovation.<\/li>\n<\/ul>\n<h2>Innovation at the service of fans: exceptional luminous katanas<\/h2>\n<p>The world of katana replicas reaches a new level with these luminous models. And it's a revolution for Demon Slayer fans. Beyond the quality of their manufacture and their fidelity to the weapons seen in the anime. These katanas are equipped with LED technologies that add an unprecedented immersive dimension. Each katana becomes much more than a simple collector's item. A truly interactive element, capable of glowing and evoking the power of the characters it represents. The LEDs are easily activated by means of a discreet button, allowing you to live the experience to the full. Indeed, whether for exhibitions, photos or even cosplays. This innovation, combining tradition and technology, makes luminous katanas a revolution for fans looking for authentic yet innovative replicas. If you're looking to enhance your collection with something as unique as it is striking, these luminous katanas are for you!<\/p>\n<p>&nbsp;<\/p>\n<p>&nbsp;<\/p>","protected":false},"excerpt":{"rendered":"<p>Superb replica of the Zenitsu katana in luminous (Led) version in Demon Slayer.<\/p>\n<ul>\n<li>The blade is made of metal on top, while the lower part is made of thick ABS with an LED inside.<\/li>\n<li>Discreet, easy-to-use on\/off button<\/li>\n<li>Specially shaped metal guard<\/li>\n<li>Imitation ray-skin handle, covered with white cotton braid<\/li>\n<li>Handle tip detaches for insertion of two AAA batteries (not supplied)<\/li>\n<li>White lacquered wooden scabbard.<\/li>\n<li>Blade length: 67 cm - Overall length: 103 cm - Weight: 1070 gr<\/li>\n<\/ul>","protected":false},"featured_media":75172,"template":"","meta":[],"product_brand":[],"product_cat":[63,868,869,101],"product_tag":[],"class_list":{"0":"post-75171","1":"product","2":"type-product","3":"status-publish","4":"has-post-thumbnail","6":"product_cat-katana-demon-slayer","7":"product_cat-katana-lumineux","8":"product_cat-katana-lumineux-demon-slayer","9":"product_cat-soldes","11":"first","12":"instock","13":"sale","14":"taxable","15":"shipping-taxable","16":"purchasable","17":"product-type-simple"},"yoast_head":"<!-- This site is optimized with the Yoast SEO plugin v27.5 - https:\/\/yoast.com\/product\/yoast-seo-wordpress\/ -->\n<title>Katana lumineux Zenitsu | RMC<\/title>\n<meta name=\"description\" content=\"En exclusivit\u00e9 ! D\u00e9couvrez le katana lumineux de Zenitsu dans Demon Slayer. Lame en m\u00e9tal au-dessus et abs pour les leds. Fonctionne avec deux piles.\" \/>\n<meta name=\"robots\" content=\"index, follow, max-snippet:-1, max-image-preview:large, max-video-preview:-1\" \/>\n<link rel=\"canonical\" href=\"https:\/\/repliquemangacine.fr\/en\/katana-luminous-demon-slayer\/zenitsu-luminous-katana\/\" \/>\n<meta property=\"og:locale\" content=\"en_US\" \/>\n<meta property=\"og:type\" content=\"article\" \/>\n<meta property=\"og:title\" content=\"Katana lumineux Zenitsu | RMC\" \/>\n<meta property=\"og:description\" content=\"En exclusivit\u00e9 ! D\u00e9couvrez le katana lumineux de Zenitsu dans Demon Slayer. Lame en m\u00e9tal au-dessus et abs pour les leds. Fonctionne avec deux piles.\" \/>\n<meta property=\"og:url\" content=\"https:\/\/repliquemangacine.fr\/en\/katana-luminous-demon-slayer\/zenitsu-luminous-katana\/\" \/>\n<meta property=\"og:site_name\" content=\"R\u00e9plique Manga Cin\u00e9\" \/>\n<meta property=\"article:publisher\" content=\"https:\/\/www.facebook.com\/RepliqueMangaCine\" \/>\n<meta property=\"article:modified_time\" content=\"2026-03-17T16:00:20+00:00\" \/>\n<meta property=\"og:image\" content=\"https:\/\/repliquemangacine.fr\/wp-content\/uploads\/2024\/10\/katana-with-led-lighting-zs653gd.jpg\" \/>\n\t<meta property=\"og:image:width\" content=\"500\" \/>\n\t<meta property=\"og:image:height\" content=\"500\" \/>\n\t<meta property=\"og:image:type\" content=\"image\/jpeg\" \/>\n<meta name=\"twitter:card\" content=\"summary_large_image\" \/>\n<meta name=\"twitter:label1\" content=\"Est. reading time\" \/>\n\t<meta name=\"twitter:data1\" content=\"3 minutes\" \/>\n<script type=\"application\/ld+json\" class=\"yoast-schema-graph\">{\"@context\":\"https:\\\/\\\/schema.org\",\"@graph\":[{\"@type\":\"WebPage\",\"@id\":\"https:\\\/\\\/repliquemangacine.fr\\\/katana-lumineux-demon-slayer\\\/katana-lumineux-zenitsu\\\/\",\"url\":\"https:\\\/\\\/repliquemangacine.fr\\\/katana-lumineux-demon-slayer\\\/katana-lumineux-zenitsu\\\/\",\"name\":\"Katana lumineux Zenitsu | RMC\",\"isPartOf\":{\"@id\":\"https:\\\/\\\/repliquemangacine.fr\\\/#website\"},\"primaryImageOfPage\":{\"@id\":\"https:\\\/\\\/repliquemangacine.fr\\\/katana-lumineux-demon-slayer\\\/katana-lumineux-zenitsu\\\/#primaryimage\"},\"image\":{\"@id\":\"https:\\\/\\\/repliquemangacine.fr\\\/katana-lumineux-demon-slayer\\\/katana-lumineux-zenitsu\\\/#primaryimage\"},\"thumbnailUrl\":\"https:\\\/\\\/repliquemangacine.fr\\\/wp-content\\\/uploads\\\/2024\\\/10\\\/katana-with-led-lighting-zs653gd.jpg\",\"datePublished\":\"2024-10-09T15:08:47+00:00\",\"dateModified\":\"2026-03-17T16:00:20+00:00\",\"description\":\"En exclusivit\u00e9 ! D\u00e9couvrez le katana lumineux de Zenitsu dans Demon Slayer. Lame en m\u00e9tal au-dessus et abs pour les leds. Fonctionne avec deux piles.\",\"breadcrumb\":{\"@id\":\"https:\\\/\\\/repliquemangacine.fr\\\/katana-lumineux-demon-slayer\\\/katana-lumineux-zenitsu\\\/#breadcrumb\"},\"inLanguage\":\"en-US\",\"potentialAction\":[{\"@type\":\"ReadAction\",\"target\":[\"https:\\\/\\\/repliquemangacine.fr\\\/katana-lumineux-demon-slayer\\\/katana-lumineux-zenitsu\\\/\"]}]},{\"@type\":\"ImageObject\",\"inLanguage\":\"en-US\",\"@id\":\"https:\\\/\\\/repliquemangacine.fr\\\/katana-lumineux-demon-slayer\\\/katana-lumineux-zenitsu\\\/#primaryimage\",\"url\":\"https:\\\/\\\/repliquemangacine.fr\\\/wp-content\\\/uploads\\\/2024\\\/10\\\/katana-with-led-lighting-zs653gd.jpg\",\"contentUrl\":\"https:\\\/\\\/repliquemangacine.fr\\\/wp-content\\\/uploads\\\/2024\\\/10\\\/katana-with-led-lighting-zs653gd.jpg\",\"width\":500,\"height\":500,\"caption\":\"Katana avec Led de Zenitsu dans Demon slayer\"},{\"@type\":\"BreadcrumbList\",\"@id\":\"https:\\\/\\\/repliquemangacine.fr\\\/katana-lumineux-demon-slayer\\\/katana-lumineux-zenitsu\\\/#breadcrumb\",\"itemListElement\":[{\"@type\":\"ListItem\",\"position\":1,\"name\":\"Accueil\",\"item\":\"https:\\\/\\\/repliquemangacine.fr\\\/\"},{\"@type\":\"ListItem\",\"position\":2,\"name\":\"Produits\",\"item\":\"https:\\\/\\\/repliquemangacine.fr\\\/boutique\\\/\"},{\"@type\":\"ListItem\",\"position\":3,\"name\":\"Katana lumineux Zenitsu\"}]},{\"@type\":\"WebSite\",\"@id\":\"https:\\\/\\\/repliquemangacine.fr\\\/#website\",\"url\":\"https:\\\/\\\/repliquemangacine.fr\\\/\",\"name\":\"R\u00e9plique Manga Cin\u00e9\",\"description\":\"\",\"publisher\":{\"@id\":\"https:\\\/\\\/repliquemangacine.fr\\\/#organization\"},\"potentialAction\":[{\"@type\":\"SearchAction\",\"target\":{\"@type\":\"EntryPoint\",\"urlTemplate\":\"https:\\\/\\\/repliquemangacine.fr\\\/?s={search_term_string}\"},\"query-input\":{\"@type\":\"PropertyValueSpecification\",\"valueRequired\":true,\"valueName\":\"search_term_string\"}}],\"inLanguage\":\"en-US\"},{\"@type\":\"Organization\",\"@id\":\"https:\\\/\\\/repliquemangacine.fr\\\/#organization\",\"name\":\"R\u00e9plique Manga Cin\u00e9\",\"url\":\"https:\\\/\\\/repliquemangacine.fr\\\/\",\"logo\":{\"@type\":\"ImageObject\",\"inLanguage\":\"en-US\",\"@id\":\"https:\\\/\\\/repliquemangacine.fr\\\/#\\\/schema\\\/logo\\\/image\\\/\",\"url\":\"https:\\\/\\\/repliquemangacine.fr\\\/wp-content\\\/uploads\\\/2023\\\/10\\\/RMC-500250.png\",\"contentUrl\":\"https:\\\/\\\/repliquemangacine.fr\\\/wp-content\\\/uploads\\\/2023\\\/10\\\/RMC-500250.png\",\"width\":500,\"height\":250,\"caption\":\"R\u00e9plique Manga Cin\u00e9\"},\"image\":{\"@id\":\"https:\\\/\\\/repliquemangacine.fr\\\/#\\\/schema\\\/logo\\\/image\\\/\"},\"sameAs\":[\"https:\\\/\\\/www.facebook.com\\\/RepliqueMangaCine\",\"https:\\\/\\\/www.instagram.com\\\/repliquemangacine.fr\\\/\"]}]}<\/script>\n<!-- \/ Yoast SEO plugin. -->","yoast_head_json":{"title":"Zenitsu luminous Katana | RMC","description":"Exclusive! Discover Zenitsu's luminous katana in Demon Slayer. Metal blade above and abs for the LEDs. Operates on two batteries.","robots":{"index":"index","follow":"follow","max-snippet":"max-snippet:-1","max-image-preview":"max-image-preview:large","max-video-preview":"max-video-preview:-1"},"canonical":"https:\/\/repliquemangacine.fr\/en\/katana-luminous-demon-slayer\/zenitsu-luminous-katana\/","og_locale":"en_US","og_type":"article","og_title":"Katana lumineux Zenitsu | RMC","og_description":"En exclusivit\u00e9 ! D\u00e9couvrez le katana lumineux de Zenitsu dans Demon Slayer. Lame en m\u00e9tal au-dessus et abs pour les leds. Fonctionne avec deux piles.","og_url":"https:\/\/repliquemangacine.fr\/en\/katana-luminous-demon-slayer\/zenitsu-luminous-katana\/","og_site_name":"R\u00e9plique Manga Cin\u00e9","article_publisher":"https:\/\/www.facebook.com\/RepliqueMangaCine","article_modified_time":"2026-03-17T16:00:20+00:00","og_image":[{"width":500,"height":500,"url":"https:\/\/repliquemangacine.fr\/wp-content\/uploads\/2024\/10\/katana-with-led-lighting-zs653gd.jpg","type":"image\/jpeg"}],"twitter_card":"summary_large_image","twitter_misc":{"Est. reading time":"3 minutes"},"schema":{"@context":"https:\/\/schema.org","@graph":[{"@type":"WebPage","@id":"https:\/\/repliquemangacine.fr\/katana-lumineux-demon-slayer\/katana-lumineux-zenitsu\/","url":"https:\/\/repliquemangacine.fr\/katana-lumineux-demon-slayer\/katana-lumineux-zenitsu\/","name":"Zenitsu luminous Katana | RMC","isPartOf":{"@id":"https:\/\/repliquemangacine.fr\/#website"},"primaryImageOfPage":{"@id":"https:\/\/repliquemangacine.fr\/katana-lumineux-demon-slayer\/katana-lumineux-zenitsu\/#primaryimage"},"image":{"@id":"https:\/\/repliquemangacine.fr\/katana-lumineux-demon-slayer\/katana-lumineux-zenitsu\/#primaryimage"},"thumbnailUrl":"https:\/\/repliquemangacine.fr\/wp-content\/uploads\/2024\/10\/katana-with-led-lighting-zs653gd.jpg","datePublished":"2024-10-09T15:08:47+00:00","dateModified":"2026-03-17T16:00:20+00:00","description":"Exclusive! Discover Zenitsu's luminous katana in Demon Slayer. Metal blade above and abs for the LEDs. Operates on two batteries.","breadcrumb":{"@id":"https:\/\/repliquemangacine.fr\/katana-lumineux-demon-slayer\/katana-lumineux-zenitsu\/#breadcrumb"},"inLanguage":"en-US","potentialAction":[{"@type":"ReadAction","target":["https:\/\/repliquemangacine.fr\/katana-lumineux-demon-slayer\/katana-lumineux-zenitsu\/"]}]},{"@type":"ImageObject","inLanguage":"en-US","@id":"https:\/\/repliquemangacine.fr\/katana-lumineux-demon-slayer\/katana-lumineux-zenitsu\/#primaryimage","url":"https:\/\/repliquemangacine.fr\/wp-content\/uploads\/2024\/10\/katana-with-led-lighting-zs653gd.jpg","contentUrl":"https:\/\/repliquemangacine.fr\/wp-content\/uploads\/2024\/10\/katana-with-led-lighting-zs653gd.jpg","width":500,"height":500,"caption":"Katana avec Led de Zenitsu dans Demon slayer"},{"@type":"BreadcrumbList","@id":"https:\/\/repliquemangacine.fr\/katana-lumineux-demon-slayer\/katana-lumineux-zenitsu\/#breadcrumb","itemListElement":[{"@type":"ListItem","position":1,"name":"Accueil","item":"https:\/\/repliquemangacine.fr\/"},{"@type":"ListItem","position":2,"name":"Produits","item":"https:\/\/repliquemangacine.fr\/boutique\/"},{"@type":"ListItem","position":3,"name":"Katana lumineux Zenitsu"}]},{"@type":"WebSite","@id":"https:\/\/repliquemangacine.fr\/#website","url":"https:\/\/repliquemangacine.fr\/","name":"R\u00e9plique Manga Cin\u00e9","description":"","publisher":{"@id":"https:\/\/repliquemangacine.fr\/#organization"},"potentialAction":[{"@type":"SearchAction","target":{"@type":"EntryPoint","urlTemplate":"https:\/\/repliquemangacine.fr\/?s={search_term_string}"},"query-input":{"@type":"PropertyValueSpecification","valueRequired":true,"valueName":"search_term_string"}}],"inLanguage":"en-US"},{"@type":"Organization","@id":"https:\/\/repliquemangacine.fr\/#organization","name":"R\u00e9plique Manga Cin\u00e9","url":"https:\/\/repliquemangacine.fr\/","logo":{"@type":"ImageObject","inLanguage":"en-US","@id":"https:\/\/repliquemangacine.fr\/#\/schema\/logo\/image\/","url":"https:\/\/repliquemangacine.fr\/wp-content\/uploads\/2023\/10\/RMC-500250.png","contentUrl":"https:\/\/repliquemangacine.fr\/wp-content\/uploads\/2023\/10\/RMC-500250.png","width":500,"height":250,"caption":"R\u00e9plique Manga Cin\u00e9"},"image":{"@id":"https:\/\/repliquemangacine.fr\/#\/schema\/logo\/image\/"},"sameAs":["https:\/\/www.facebook.com\/RepliqueMangaCine","https:\/\/www.instagram.com\/repliquemangacine.fr\/"]}]}},"_links":{"self":[{"href":"https:\/\/repliquemangacine.fr\/en\/wp-json\/wp\/v2\/product\/75171","targetHints":{"allow":["GET"]}}],"collection":[{"href":"https:\/\/repliquemangacine.fr\/en\/wp-json\/wp\/v2\/product"}],"about":[{"href":"https:\/\/repliquemangacine.fr\/en\/wp-json\/wp\/v2\/types\/product"}],"wp:featuredmedia":[{"embeddable":true,"href":"https:\/\/repliquemangacine.fr\/en\/wp-json\/wp\/v2\/media\/75172"}],"wp:attachment":[{"href":"https:\/\/repliquemangacine.fr\/en\/wp-json\/wp\/v2\/media?parent=75171"}],"wp:term":[{"taxonomy":"product_brand","embeddable":true,"href":"https:\/\/repliquemangacine.fr\/en\/wp-json\/wp\/v2\/product_brand?post=75171"},{"taxonomy":"product_cat","embeddable":true,"href":"https:\/\/repliquemangacine.fr\/en\/wp-json\/wp\/v2\/product_cat?post=75171"},{"taxonomy":"product_tag","embeddable":true,"href":"https:\/\/repliquemangacine.fr\/en\/wp-json\/wp\/v2\/product_tag?post=75171"}],"curies":[{"name":"wp","href":"https:\/\/api.w.org\/{rel}","templated":true}]}}