





{"id":74498,"date":"2024-09-11T17:31:14","date_gmt":"2024-09-11T15:31:14","guid":{"rendered":"https:\/\/repliquemangacine.fr\/?post_type=product&#038;p=74498"},"modified":"2025-11-17T21:59:12","modified_gmt":"2025-11-17T20:59:12","slug":"turgut-alp-dirilis-axe","status":"publish","type":"product","link":"https:\/\/repliquemangacine.fr\/en\/haches-de-guerre-medievale-et-accessoire-medievaux\/hache-de-turgut-alp-dirilis\/","title":{"rendered":"Turgut Alp axe - Dirilis"},"content":{"rendered":"<h2>Turgut Alp axe in the Dirilis series.<\/h2>\n<p>To begin with, the <strong>Turgut Alp axe<\/strong>considered by history to be the strongest in the world. Only warrior to have made the axe his weapon instead of a sword. Turgut Alp was born around 1200 and died around 1325 in \u0130neg\u00f6l. He was one of the closest lieutenants of<a href=\"https:\/\/fr.wikipedia.org\/wiki\/Ertu%C4%9Frul\" target=\"_blank\" rel=\"noopener noreferrer\">Ertu\u011frul<\/a>who was the father of Osman I, the founder of the Ottoman Empire. He lived to 125 and remained active on the battlefield until the end of his life. His tomb is located in the cemetery of the village of Turgut Alp, \u0130neg\u00f6l, Turkey. Turgut's weapon, his axe, now graces the Turkish museum.<\/p>\n<p>Dirilis: Ertugul, Turkish TV series, exported to 71 countries, remained extremely popular throughout its five seasons.<\/p>\n<p>The first season of the series deals with the internal struggles of the Kayi tribe and also against the Knights Templar in the early 13th century. The second season deals with the Kay\u0131 tribe's struggle against the Mongols in the mid-13th century. In the third season, they will fight against the Byzantine Empire, under the orders of Ertu\u011frul Bey, installed in S\u00f6\u011f\u00fct in the middle of the 13th century.<\/p>\n<p>From the fourth season onwards, the rise of the Ottoman Empire begins.<\/p>\n<h2>Your Turgut Alp Axe at the best price!<\/h2>\n<p>We offer a wide selection of historical replicas, as well as replicas of your favorite films and series. R\u00e9plique Manga Cin\u00e9 strives to bring you the best new products for your collection.<\/p>\n<p>First and foremost,<\/p>\n<ul>\n<li>sabres and swords of the 1\u1d49\u02b3 Empire, such as the<a href=\"https:\/\/repliquemangacine.fr\/en\/historical-weapons\/napoleonic-ceremonial-sword\/\">Napoleon's ceremonial sword<\/a>.<\/li>\n<li>There is also the <a href=\"https:\/\/repliquemangacine.fr\/en\/antique-sword-swords\/roman-sword-jules-cesar-sword-red\/\">Julius Caesar's sword<\/a> seen in several peplums.<\/li>\n<li>As well as the<a href=\"https:\/\/repliquemangacine.fr\/en\/medieval-templar-sword\/templar-striking-sword\/\">templar striking sword<\/a> with leather sheath.<\/li>\n<li>Not forgetting the swords of Viking warriors, such as the<a href=\"https:\/\/repliquemangacine.fr\/en\/swords-tv-series-vikings\/replica-of-king-ragnar-lothbroks-sword-from-the-tv-series-vikings\/\">Ragnar's sword<\/a> in the Viking series<\/li>\n<li>And many more in our online store.<\/li>\n<\/ul>\n<p>In conclusion, you can also use this axe for your cosplay parades or historical re-enactments. But above all, it's a collector's item, and a decorative one at that.<\/p>\n<h2>How to maintain your axe blade<\/h2>\n<p>Collector and decorative axes, made and assembled in a simplified manner. As their use is decorative, they lack the safety features required of an axe intended for cutting. However, your <strong>Turgut Alp axe<\/strong> to a steel blade that needs to be maintained to prevent damage over time. You'll be exposing your weapon, and your friends will be curious to see the blade and touch it. This is where you need to be careful, because acidity from your fingers is very harmful to steel, whatever its quality. However, if this happens, don't panic, just use a cloth dampened with a little oil and wipe off any fingerprints. If you do this, your axe will last a very long time.<\/p>\n<p>&nbsp;<\/p>","protected":false},"excerpt":{"rendered":"<p>Magnificent replica of the Turgut Alp axe on display in the Turkish museum and seen in the \"Dirilis\" series.<\/p>\n<ul>\n<li>Steel axe head with engraving<\/li>\n<li>Bone-shaped wooden handle<\/li>\n<li>Leatherette strap on handle for a secure grip.<\/li>\n<li>Supplied with wooden wall bracket<\/li>\n<li>Total length: 89 cm<\/li>\n<\/ul>","protected":false},"featured_media":74499,"template":"","meta":[],"product_brand":[],"product_cat":[66,92],"product_tag":[],"class_list":{"0":"post-74498","1":"product","2":"type-product","3":"status-publish","4":"has-post-thumbnail","6":"product_cat-repliques-d-armes-films-et-series","7":"product_cat-haches-de-guerre-medievale-et-accessoire-medievaux","9":"first","10":"instock","11":"taxable","12":"shipping-taxable","13":"purchasable","14":"product-type-simple"},"yoast_head":"<!-- This site is optimized with the Yoast SEO plugin v27.5 - https:\/\/yoast.com\/product\/yoast-seo-wordpress\/ -->\n<title>Hache de Turgut Alp - Dirilis - R\u00e9plique Manga Cin\u00e9<\/title>\n<meta name=\"description\" content=\"Venez d\u00e9couvrir cette magnifique Hache de Turgut Alp, une reproduction \u00e0 l&#039;identique de l&#039;original. T\u00eate de hache en acier. Manche en bois. 89 cm\" \/>\n<meta name=\"robots\" content=\"index, follow, max-snippet:-1, max-image-preview:large, max-video-preview:-1\" \/>\n<link rel=\"canonical\" href=\"https:\/\/repliquemangacine.fr\/en\/medieval-war-axes-and-accessories\/turgut-alp-dirilis-axe\/\" \/>\n<meta property=\"og:locale\" content=\"en_US\" \/>\n<meta property=\"og:type\" content=\"article\" \/>\n<meta property=\"og:title\" content=\"Hache de Turgut Alp - Dirilis - R\u00e9plique Manga Cin\u00e9\" \/>\n<meta property=\"og:description\" content=\"Venez d\u00e9couvrir cette magnifique Hache de Turgut Alp, une reproduction \u00e0 l&#039;identique de l&#039;original. T\u00eate de hache en acier. Manche en bois. 89 cm\" \/>\n<meta property=\"og:url\" content=\"https:\/\/repliquemangacine.fr\/en\/medieval-war-axes-and-accessories\/turgut-alp-dirilis-axe\/\" \/>\n<meta property=\"og:site_name\" content=\"R\u00e9plique Manga Cin\u00e9\" \/>\n<meta property=\"article:publisher\" content=\"https:\/\/www.facebook.com\/RepliqueMangaCine\" \/>\n<meta property=\"article:modified_time\" content=\"2025-11-17T20:59:12+00:00\" \/>\n<meta property=\"og:image\" content=\"https:\/\/repliquemangacine.fr\/wp-content\/uploads\/2024\/09\/hache-Turgut-Alp-Dirilis.jpg\" \/>\n\t<meta property=\"og:image:width\" content=\"500\" \/>\n\t<meta property=\"og:image:height\" content=\"500\" \/>\n\t<meta property=\"og:image:type\" content=\"image\/jpeg\" \/>\n<meta name=\"twitter:card\" content=\"summary_large_image\" \/>\n<meta name=\"twitter:label1\" content=\"Est. reading time\" \/>\n\t<meta name=\"twitter:data1\" content=\"3 minutes\" \/>\n<script type=\"application\/ld+json\" class=\"yoast-schema-graph\">{\"@context\":\"https:\\\/\\\/schema.org\",\"@graph\":[{\"@type\":\"WebPage\",\"@id\":\"https:\\\/\\\/repliquemangacine.fr\\\/haches-de-guerre-medievale-et-accessoire-medievaux\\\/hache-de-turgut-alp-dirilis\\\/\",\"url\":\"https:\\\/\\\/repliquemangacine.fr\\\/haches-de-guerre-medievale-et-accessoire-medievaux\\\/hache-de-turgut-alp-dirilis\\\/\",\"name\":\"Hache de Turgut Alp - Dirilis - R\u00e9plique Manga Cin\u00e9\",\"isPartOf\":{\"@id\":\"https:\\\/\\\/repliquemangacine.fr\\\/#website\"},\"primaryImageOfPage\":{\"@id\":\"https:\\\/\\\/repliquemangacine.fr\\\/haches-de-guerre-medievale-et-accessoire-medievaux\\\/hache-de-turgut-alp-dirilis\\\/#primaryimage\"},\"image\":{\"@id\":\"https:\\\/\\\/repliquemangacine.fr\\\/haches-de-guerre-medievale-et-accessoire-medievaux\\\/hache-de-turgut-alp-dirilis\\\/#primaryimage\"},\"thumbnailUrl\":\"https:\\\/\\\/repliquemangacine.fr\\\/wp-content\\\/uploads\\\/2024\\\/09\\\/hache-Turgut-Alp-Dirilis.jpg\",\"datePublished\":\"2024-09-11T15:31:14+00:00\",\"dateModified\":\"2025-11-17T20:59:12+00:00\",\"description\":\"Venez d\u00e9couvrir cette magnifique Hache de Turgut Alp, une reproduction \u00e0 l'identique de l'original. T\u00eate de hache en acier. Manche en bois. 89 cm\",\"breadcrumb\":{\"@id\":\"https:\\\/\\\/repliquemangacine.fr\\\/haches-de-guerre-medievale-et-accessoire-medievaux\\\/hache-de-turgut-alp-dirilis\\\/#breadcrumb\"},\"inLanguage\":\"en-US\",\"potentialAction\":[{\"@type\":\"ReadAction\",\"target\":[\"https:\\\/\\\/repliquemangacine.fr\\\/haches-de-guerre-medievale-et-accessoire-medievaux\\\/hache-de-turgut-alp-dirilis\\\/\"]}]},{\"@type\":\"ImageObject\",\"inLanguage\":\"en-US\",\"@id\":\"https:\\\/\\\/repliquemangacine.fr\\\/haches-de-guerre-medievale-et-accessoire-medievaux\\\/hache-de-turgut-alp-dirilis\\\/#primaryimage\",\"url\":\"https:\\\/\\\/repliquemangacine.fr\\\/wp-content\\\/uploads\\\/2024\\\/09\\\/hache-Turgut-Alp-Dirilis.jpg\",\"contentUrl\":\"https:\\\/\\\/repliquemangacine.fr\\\/wp-content\\\/uploads\\\/2024\\\/09\\\/hache-Turgut-Alp-Dirilis.jpg\",\"width\":500,\"height\":500,\"caption\":\"Hache de Turgut Alp\"},{\"@type\":\"BreadcrumbList\",\"@id\":\"https:\\\/\\\/repliquemangacine.fr\\\/haches-de-guerre-medievale-et-accessoire-medievaux\\\/hache-de-turgut-alp-dirilis\\\/#breadcrumb\",\"itemListElement\":[{\"@type\":\"ListItem\",\"position\":1,\"name\":\"Accueil\",\"item\":\"https:\\\/\\\/repliquemangacine.fr\\\/\"},{\"@type\":\"ListItem\",\"position\":2,\"name\":\"Produits\",\"item\":\"https:\\\/\\\/repliquemangacine.fr\\\/boutique\\\/\"},{\"@type\":\"ListItem\",\"position\":3,\"name\":\"Hache de Turgut Alp &#8211; Dirilis\"}]},{\"@type\":\"WebSite\",\"@id\":\"https:\\\/\\\/repliquemangacine.fr\\\/#website\",\"url\":\"https:\\\/\\\/repliquemangacine.fr\\\/\",\"name\":\"R\u00e9plique Manga Cin\u00e9\",\"description\":\"\",\"publisher\":{\"@id\":\"https:\\\/\\\/repliquemangacine.fr\\\/#organization\"},\"potentialAction\":[{\"@type\":\"SearchAction\",\"target\":{\"@type\":\"EntryPoint\",\"urlTemplate\":\"https:\\\/\\\/repliquemangacine.fr\\\/?s={search_term_string}\"},\"query-input\":{\"@type\":\"PropertyValueSpecification\",\"valueRequired\":true,\"valueName\":\"search_term_string\"}}],\"inLanguage\":\"en-US\"},{\"@type\":\"Organization\",\"@id\":\"https:\\\/\\\/repliquemangacine.fr\\\/#organization\",\"name\":\"R\u00e9plique Manga Cin\u00e9\",\"url\":\"https:\\\/\\\/repliquemangacine.fr\\\/\",\"logo\":{\"@type\":\"ImageObject\",\"inLanguage\":\"en-US\",\"@id\":\"https:\\\/\\\/repliquemangacine.fr\\\/#\\\/schema\\\/logo\\\/image\\\/\",\"url\":\"https:\\\/\\\/repliquemangacine.fr\\\/wp-content\\\/uploads\\\/2023\\\/10\\\/RMC-500250.png\",\"contentUrl\":\"https:\\\/\\\/repliquemangacine.fr\\\/wp-content\\\/uploads\\\/2023\\\/10\\\/RMC-500250.png\",\"width\":500,\"height\":250,\"caption\":\"R\u00e9plique Manga Cin\u00e9\"},\"image\":{\"@id\":\"https:\\\/\\\/repliquemangacine.fr\\\/#\\\/schema\\\/logo\\\/image\\\/\"},\"sameAs\":[\"https:\\\/\\\/www.facebook.com\\\/RepliqueMangaCine\",\"https:\\\/\\\/www.instagram.com\\\/repliquemangacine.fr\\\/\"]}]}<\/script>\n<!-- \/ Yoast SEO plugin. -->","yoast_head_json":{"title":"Turgut Alp Axe - Dirilis - R\u00e9plique Manga Cin\u00e9","description":"Come and discover this magnificent Turgut Alp Axe, an identical reproduction of the original. Steel axe head. Wooden handle. 89 cm","robots":{"index":"index","follow":"follow","max-snippet":"max-snippet:-1","max-image-preview":"max-image-preview:large","max-video-preview":"max-video-preview:-1"},"canonical":"https:\/\/repliquemangacine.fr\/en\/medieval-war-axes-and-accessories\/turgut-alp-dirilis-axe\/","og_locale":"en_US","og_type":"article","og_title":"Hache de Turgut Alp - Dirilis - R\u00e9plique Manga Cin\u00e9","og_description":"Venez d\u00e9couvrir cette magnifique Hache de Turgut Alp, une reproduction \u00e0 l'identique de l'original. T\u00eate de hache en acier. Manche en bois. 89 cm","og_url":"https:\/\/repliquemangacine.fr\/en\/medieval-war-axes-and-accessories\/turgut-alp-dirilis-axe\/","og_site_name":"R\u00e9plique Manga Cin\u00e9","article_publisher":"https:\/\/www.facebook.com\/RepliqueMangaCine","article_modified_time":"2025-11-17T20:59:12+00:00","og_image":[{"width":500,"height":500,"url":"https:\/\/repliquemangacine.fr\/wp-content\/uploads\/2024\/09\/hache-Turgut-Alp-Dirilis.jpg","type":"image\/jpeg"}],"twitter_card":"summary_large_image","twitter_misc":{"Est. reading time":"3 minutes"},"schema":{"@context":"https:\/\/schema.org","@graph":[{"@type":"WebPage","@id":"https:\/\/repliquemangacine.fr\/haches-de-guerre-medievale-et-accessoire-medievaux\/hache-de-turgut-alp-dirilis\/","url":"https:\/\/repliquemangacine.fr\/haches-de-guerre-medievale-et-accessoire-medievaux\/hache-de-turgut-alp-dirilis\/","name":"Turgut Alp Axe - Dirilis - R\u00e9plique Manga Cin\u00e9","isPartOf":{"@id":"https:\/\/repliquemangacine.fr\/#website"},"primaryImageOfPage":{"@id":"https:\/\/repliquemangacine.fr\/haches-de-guerre-medievale-et-accessoire-medievaux\/hache-de-turgut-alp-dirilis\/#primaryimage"},"image":{"@id":"https:\/\/repliquemangacine.fr\/haches-de-guerre-medievale-et-accessoire-medievaux\/hache-de-turgut-alp-dirilis\/#primaryimage"},"thumbnailUrl":"https:\/\/repliquemangacine.fr\/wp-content\/uploads\/2024\/09\/hache-Turgut-Alp-Dirilis.jpg","datePublished":"2024-09-11T15:31:14+00:00","dateModified":"2025-11-17T20:59:12+00:00","description":"Come and discover this magnificent Turgut Alp Axe, an identical reproduction of the original. Steel axe head. Wooden handle. 89 cm","breadcrumb":{"@id":"https:\/\/repliquemangacine.fr\/haches-de-guerre-medievale-et-accessoire-medievaux\/hache-de-turgut-alp-dirilis\/#breadcrumb"},"inLanguage":"en-US","potentialAction":[{"@type":"ReadAction","target":["https:\/\/repliquemangacine.fr\/haches-de-guerre-medievale-et-accessoire-medievaux\/hache-de-turgut-alp-dirilis\/"]}]},{"@type":"ImageObject","inLanguage":"en-US","@id":"https:\/\/repliquemangacine.fr\/haches-de-guerre-medievale-et-accessoire-medievaux\/hache-de-turgut-alp-dirilis\/#primaryimage","url":"https:\/\/repliquemangacine.fr\/wp-content\/uploads\/2024\/09\/hache-Turgut-Alp-Dirilis.jpg","contentUrl":"https:\/\/repliquemangacine.fr\/wp-content\/uploads\/2024\/09\/hache-Turgut-Alp-Dirilis.jpg","width":500,"height":500,"caption":"Hache de Turgut Alp"},{"@type":"BreadcrumbList","@id":"https:\/\/repliquemangacine.fr\/haches-de-guerre-medievale-et-accessoire-medievaux\/hache-de-turgut-alp-dirilis\/#breadcrumb","itemListElement":[{"@type":"ListItem","position":1,"name":"Accueil","item":"https:\/\/repliquemangacine.fr\/"},{"@type":"ListItem","position":2,"name":"Produits","item":"https:\/\/repliquemangacine.fr\/boutique\/"},{"@type":"ListItem","position":3,"name":"Hache de Turgut Alp &#8211; Dirilis"}]},{"@type":"WebSite","@id":"https:\/\/repliquemangacine.fr\/#website","url":"https:\/\/repliquemangacine.fr\/","name":"R\u00e9plique Manga Cin\u00e9","description":"","publisher":{"@id":"https:\/\/repliquemangacine.fr\/#organization"},"potentialAction":[{"@type":"SearchAction","target":{"@type":"EntryPoint","urlTemplate":"https:\/\/repliquemangacine.fr\/?s={search_term_string}"},"query-input":{"@type":"PropertyValueSpecification","valueRequired":true,"valueName":"search_term_string"}}],"inLanguage":"en-US"},{"@type":"Organization","@id":"https:\/\/repliquemangacine.fr\/#organization","name":"R\u00e9plique Manga Cin\u00e9","url":"https:\/\/repliquemangacine.fr\/","logo":{"@type":"ImageObject","inLanguage":"en-US","@id":"https:\/\/repliquemangacine.fr\/#\/schema\/logo\/image\/","url":"https:\/\/repliquemangacine.fr\/wp-content\/uploads\/2023\/10\/RMC-500250.png","contentUrl":"https:\/\/repliquemangacine.fr\/wp-content\/uploads\/2023\/10\/RMC-500250.png","width":500,"height":250,"caption":"R\u00e9plique Manga Cin\u00e9"},"image":{"@id":"https:\/\/repliquemangacine.fr\/#\/schema\/logo\/image\/"},"sameAs":["https:\/\/www.facebook.com\/RepliqueMangaCine","https:\/\/www.instagram.com\/repliquemangacine.fr\/"]}]}},"_links":{"self":[{"href":"https:\/\/repliquemangacine.fr\/en\/wp-json\/wp\/v2\/product\/74498","targetHints":{"allow":["GET"]}}],"collection":[{"href":"https:\/\/repliquemangacine.fr\/en\/wp-json\/wp\/v2\/product"}],"about":[{"href":"https:\/\/repliquemangacine.fr\/en\/wp-json\/wp\/v2\/types\/product"}],"wp:featuredmedia":[{"embeddable":true,"href":"https:\/\/repliquemangacine.fr\/en\/wp-json\/wp\/v2\/media\/74499"}],"wp:attachment":[{"href":"https:\/\/repliquemangacine.fr\/en\/wp-json\/wp\/v2\/media?parent=74498"}],"wp:term":[{"taxonomy":"product_brand","embeddable":true,"href":"https:\/\/repliquemangacine.fr\/en\/wp-json\/wp\/v2\/product_brand?post=74498"},{"taxonomy":"product_cat","embeddable":true,"href":"https:\/\/repliquemangacine.fr\/en\/wp-json\/wp\/v2\/product_cat?post=74498"},{"taxonomy":"product_tag","embeddable":true,"href":"https:\/\/repliquemangacine.fr\/en\/wp-json\/wp\/v2\/product_tag?post=74498"}],"curies":[{"name":"wp","href":"https:\/\/api.w.org\/{rel}","templated":true}]}}