





{"id":74490,"date":"2024-09-11T16:15:42","date_gmt":"2024-09-11T14:15:42","guid":{"rendered":"https:\/\/repliquemangacine.fr\/?post_type=product&#038;p=74490"},"modified":"2025-11-17T21:59:55","modified_gmt":"2025-11-17T20:59:55","slug":"epee-noire-de-sauron","status":"publish","type":"product","link":"https:\/\/repliquemangacine.fr\/en\/epees-et-dague-les-anneaux-de-pouvoir\/epee-noire-de-sauron\/","title":{"rendered":"Sauron's Black Sword"},"content":{"rendered":"<h2>Sauron's black sword with broken blade<\/h2>\n<p>To begin with, Sauron's Black Sword is dark. The blade is broken near the hilt, and bears the mark of Sauron. Theo finds it by chance, is fascinated by it, and decides to keep it for himself. It also seems to exert a power of attraction on Theo identical to that of the One Ring on its possessor. <a href=\"https:\/\/lotr.fandom.com\/fr\/wiki\/Waldreg\" target=\"_blank\" rel=\"noopener noreferrer\">Waldreg<\/a> reveals to Theo that this sword is a power given by Sauron to the ancestors of the Southern Men.<\/p>\n<p>The sword is a key, and Waldreg activates it with his blood and plunges it into the bas-relief of the citadel. The water from the mountain lake near Ostirith is released and flows down into the valley. It follows the tunnels dug by the orcs to flow into the lava of the dormant volcano of Mount Doom. The sudden influx of water awakens the volcano, which erupts violently and covers the Ud\u00fbn valley in ash, driving out the humans and creating a new home for the orcs that give the Southern Lands their name of Mordor.<\/p>\n<h2>Your Black Sword of Sauron at the best price!<\/h2>\n<p>R\u00e9plique Manga Cin\u00e9 offers a wide selection of replicas from the \"Rings of Power\" and \"Lord of the Rings\" series. In addition to all the swords from the \"Lord of the Rings\" trilogy, we also offer jewelry. From Arwen's pendant and Anduril's sword, with and without scabbard, to Legolas' daggers. We also offer all the swords from The Hobbit trilogy.<\/p>\n<p>Concerning the lines from the \"Rings of Power\" series.<\/p>\n<ul>\n<li>There is the <a href=\"https:\/\/repliquemangacine.fr\/en\/swords-and-daggers-the-rings-of-power\/finrod-dagger-galadriel-dagger-the-power-rings\/\">Galadriel's dagger<\/a>a deadly weapon that Galadriel uses to finish off the snow troll in the Orc Citadel.<\/li>\n<li>But also the<a href=\"https:\/\/repliquemangacine.fr\/en\/swords-and-daggers-the-rings-of-power\/numenor-sword-the-rings-of-power\/\">sword of Numenor<\/a> with a horse's head as pommel.<\/li>\n<li>As well as<a href=\"https:\/\/repliquemangacine.fr\/en\/swords-and-daggers-the-rings-of-power\/the-3-rings-the-lord-of-the-rings\/\"> three Elven rings<\/a> who appears at the end of the last episode of the first season.<\/li>\n<li>And many more to discover in our online store.<\/li>\n<\/ul>\n<p>In conclusion, you can use this sword for your cosplay parades or theme parties. But, above all, this sword is a collector's item and a decoration.<\/p>\n<h2>How to maintain the blade of your Ring of Power sword?<\/h2>\n<p>Collector's and decorative swords are made and assembled in a simplified way. As their use is decorative, they lack the safety features required of a Japanese sword intended for training. However, your Black Sword of Sauron has a steel blade that needs to be maintained to prevent damage over time. In fact, if you're going to display your katana, your friends will be curious to see the blade and touch it. This is where you have to be careful, because acidity from your fingers is very harmful to steel, whatever its quality. However, if this happens, don't panic. All you need is a cloth dampened with a little oil and wipe off any fingerprints. If you do, your sword will last a very long time.<\/p>\n<p>&nbsp;<\/p>","protected":false},"excerpt":{"rendered":"<p>Superb replica of Sauron's black sword, found by Th\u00e9o.<\/p>\n<ul>\n<li>All in aged black steel<\/li>\n<li>Specific, finely detailed steel guard<\/li>\n<li>Broken blade with mark of Sauron<\/li>\n<li>Small leatherette sheath<\/li>\n<li>Length: 40.5cm<\/li>\n<\/ul>","protected":false},"featured_media":74492,"template":"","meta":[],"product_brand":[],"product_cat":[106],"product_tag":[],"class_list":{"0":"post-74490","1":"product","2":"type-product","3":"status-publish","4":"has-post-thumbnail","6":"product_cat-epees-et-dague-les-anneaux-de-pouvoir","8":"first","9":"instock","10":"taxable","11":"shipping-taxable","12":"purchasable","13":"product-type-simple"},"yoast_head":"<!-- This site is optimized with the Yoast SEO plugin v27.5 - https:\/\/yoast.com\/product\/yoast-seo-wordpress\/ -->\n<title>Ep\u00e9e noire de Sauron - R\u00e9plique Manga Cin\u00e9<\/title>\n<meta name=\"description\" content=\"D\u00e9couvrez cette superbe Ep\u00e9e noire de Sauron avec sa lame bris\u00e9e portant la marque de Sauron. Tout en acier, garde finement d\u00e9cor\u00e9. Fourreau. 40cm\" \/>\n<meta name=\"robots\" content=\"index, follow, max-snippet:-1, max-image-preview:large, max-video-preview:-1\" \/>\n<link rel=\"canonical\" href=\"https:\/\/repliquemangacine.fr\/en\/swords-and-daggers-the-rings-of-power\/epee-noire-de-sauron\/\" \/>\n<meta property=\"og:locale\" content=\"en_US\" \/>\n<meta property=\"og:type\" content=\"article\" \/>\n<meta property=\"og:title\" content=\"Ep\u00e9e noire de Sauron - R\u00e9plique Manga Cin\u00e9\" \/>\n<meta property=\"og:description\" content=\"D\u00e9couvrez cette superbe Ep\u00e9e noire de Sauron avec sa lame bris\u00e9e portant la marque de Sauron. Tout en acier, garde finement d\u00e9cor\u00e9. Fourreau. 40cm\" \/>\n<meta property=\"og:url\" content=\"https:\/\/repliquemangacine.fr\/en\/swords-and-daggers-the-rings-of-power\/epee-noire-de-sauron\/\" \/>\n<meta property=\"og:site_name\" content=\"R\u00e9plique Manga Cin\u00e9\" \/>\n<meta property=\"article:publisher\" content=\"https:\/\/www.facebook.com\/RepliqueMangaCine\" \/>\n<meta property=\"article:modified_time\" content=\"2025-11-17T20:59:55+00:00\" \/>\n<meta property=\"og:image\" content=\"https:\/\/repliquemangacine.fr\/wp-content\/uploads\/2024\/09\/epee-de-sauron-verson-courte-avec-fourreau.jpg\" \/>\n\t<meta property=\"og:image:width\" content=\"500\" \/>\n\t<meta property=\"og:image:height\" content=\"500\" \/>\n\t<meta property=\"og:image:type\" content=\"image\/jpeg\" \/>\n<meta name=\"twitter:card\" content=\"summary_large_image\" \/>\n<meta name=\"twitter:label1\" content=\"Est. reading time\" \/>\n\t<meta name=\"twitter:data1\" content=\"3 minutes\" \/>\n<script type=\"application\/ld+json\" class=\"yoast-schema-graph\">{\"@context\":\"https:\\\/\\\/schema.org\",\"@graph\":[{\"@type\":\"WebPage\",\"@id\":\"https:\\\/\\\/repliquemangacine.fr\\\/epees-et-dague-les-anneaux-de-pouvoir\\\/epee-noire-de-sauron\\\/\",\"url\":\"https:\\\/\\\/repliquemangacine.fr\\\/epees-et-dague-les-anneaux-de-pouvoir\\\/epee-noire-de-sauron\\\/\",\"name\":\"Ep\u00e9e noire de Sauron - R\u00e9plique Manga Cin\u00e9\",\"isPartOf\":{\"@id\":\"https:\\\/\\\/repliquemangacine.fr\\\/#website\"},\"primaryImageOfPage\":{\"@id\":\"https:\\\/\\\/repliquemangacine.fr\\\/epees-et-dague-les-anneaux-de-pouvoir\\\/epee-noire-de-sauron\\\/#primaryimage\"},\"image\":{\"@id\":\"https:\\\/\\\/repliquemangacine.fr\\\/epees-et-dague-les-anneaux-de-pouvoir\\\/epee-noire-de-sauron\\\/#primaryimage\"},\"thumbnailUrl\":\"https:\\\/\\\/repliquemangacine.fr\\\/wp-content\\\/uploads\\\/2024\\\/09\\\/epee-de-sauron-verson-courte-avec-fourreau.jpg\",\"datePublished\":\"2024-09-11T14:15:42+00:00\",\"dateModified\":\"2025-11-17T20:59:55+00:00\",\"description\":\"D\u00e9couvrez cette superbe Ep\u00e9e noire de Sauron avec sa lame bris\u00e9e portant la marque de Sauron. Tout en acier, garde finement d\u00e9cor\u00e9. Fourreau. 40cm\",\"breadcrumb\":{\"@id\":\"https:\\\/\\\/repliquemangacine.fr\\\/epees-et-dague-les-anneaux-de-pouvoir\\\/epee-noire-de-sauron\\\/#breadcrumb\"},\"inLanguage\":\"en-US\",\"potentialAction\":[{\"@type\":\"ReadAction\",\"target\":[\"https:\\\/\\\/repliquemangacine.fr\\\/epees-et-dague-les-anneaux-de-pouvoir\\\/epee-noire-de-sauron\\\/\"]}]},{\"@type\":\"ImageObject\",\"inLanguage\":\"en-US\",\"@id\":\"https:\\\/\\\/repliquemangacine.fr\\\/epees-et-dague-les-anneaux-de-pouvoir\\\/epee-noire-de-sauron\\\/#primaryimage\",\"url\":\"https:\\\/\\\/repliquemangacine.fr\\\/wp-content\\\/uploads\\\/2024\\\/09\\\/epee-de-sauron-verson-courte-avec-fourreau.jpg\",\"contentUrl\":\"https:\\\/\\\/repliquemangacine.fr\\\/wp-content\\\/uploads\\\/2024\\\/09\\\/epee-de-sauron-verson-courte-avec-fourreau.jpg\",\"width\":500,\"height\":500,\"caption\":\"Ep\u00e9e noire de Sauron lame bris\u00e9e\"},{\"@type\":\"BreadcrumbList\",\"@id\":\"https:\\\/\\\/repliquemangacine.fr\\\/epees-et-dague-les-anneaux-de-pouvoir\\\/epee-noire-de-sauron\\\/#breadcrumb\",\"itemListElement\":[{\"@type\":\"ListItem\",\"position\":1,\"name\":\"Accueil\",\"item\":\"https:\\\/\\\/repliquemangacine.fr\\\/\"},{\"@type\":\"ListItem\",\"position\":2,\"name\":\"Produits\",\"item\":\"https:\\\/\\\/repliquemangacine.fr\\\/boutique\\\/\"},{\"@type\":\"ListItem\",\"position\":3,\"name\":\"Ep\u00e9e noire de Sauron\"}]},{\"@type\":\"WebSite\",\"@id\":\"https:\\\/\\\/repliquemangacine.fr\\\/#website\",\"url\":\"https:\\\/\\\/repliquemangacine.fr\\\/\",\"name\":\"R\u00e9plique Manga Cin\u00e9\",\"description\":\"\",\"publisher\":{\"@id\":\"https:\\\/\\\/repliquemangacine.fr\\\/#organization\"},\"potentialAction\":[{\"@type\":\"SearchAction\",\"target\":{\"@type\":\"EntryPoint\",\"urlTemplate\":\"https:\\\/\\\/repliquemangacine.fr\\\/?s={search_term_string}\"},\"query-input\":{\"@type\":\"PropertyValueSpecification\",\"valueRequired\":true,\"valueName\":\"search_term_string\"}}],\"inLanguage\":\"en-US\"},{\"@type\":\"Organization\",\"@id\":\"https:\\\/\\\/repliquemangacine.fr\\\/#organization\",\"name\":\"R\u00e9plique Manga Cin\u00e9\",\"url\":\"https:\\\/\\\/repliquemangacine.fr\\\/\",\"logo\":{\"@type\":\"ImageObject\",\"inLanguage\":\"en-US\",\"@id\":\"https:\\\/\\\/repliquemangacine.fr\\\/#\\\/schema\\\/logo\\\/image\\\/\",\"url\":\"https:\\\/\\\/repliquemangacine.fr\\\/wp-content\\\/uploads\\\/2023\\\/10\\\/RMC-500250.png\",\"contentUrl\":\"https:\\\/\\\/repliquemangacine.fr\\\/wp-content\\\/uploads\\\/2023\\\/10\\\/RMC-500250.png\",\"width\":500,\"height\":250,\"caption\":\"R\u00e9plique Manga Cin\u00e9\"},\"image\":{\"@id\":\"https:\\\/\\\/repliquemangacine.fr\\\/#\\\/schema\\\/logo\\\/image\\\/\"},\"sameAs\":[\"https:\\\/\\\/www.facebook.com\\\/RepliqueMangaCine\",\"https:\\\/\\\/www.instagram.com\\\/repliquemangacine.fr\\\/\"]}]}<\/script>\n<!-- \/ Yoast SEO plugin. -->","yoast_head_json":{"title":"Black Sword of Sauron - R\u00e9plique Manga Cin\u00e9","description":"Discover this superb Black Sword of Sauron with its broken blade bearing the mark of Sauron. All steel, finely decorated guard. Scabbard. 40cm","robots":{"index":"index","follow":"follow","max-snippet":"max-snippet:-1","max-image-preview":"max-image-preview:large","max-video-preview":"max-video-preview:-1"},"canonical":"https:\/\/repliquemangacine.fr\/en\/swords-and-daggers-the-rings-of-power\/epee-noire-de-sauron\/","og_locale":"en_US","og_type":"article","og_title":"Ep\u00e9e noire de Sauron - R\u00e9plique Manga Cin\u00e9","og_description":"D\u00e9couvrez cette superbe Ep\u00e9e noire de Sauron avec sa lame bris\u00e9e portant la marque de Sauron. Tout en acier, garde finement d\u00e9cor\u00e9. Fourreau. 40cm","og_url":"https:\/\/repliquemangacine.fr\/en\/swords-and-daggers-the-rings-of-power\/epee-noire-de-sauron\/","og_site_name":"R\u00e9plique Manga Cin\u00e9","article_publisher":"https:\/\/www.facebook.com\/RepliqueMangaCine","article_modified_time":"2025-11-17T20:59:55+00:00","og_image":[{"width":500,"height":500,"url":"https:\/\/repliquemangacine.fr\/wp-content\/uploads\/2024\/09\/epee-de-sauron-verson-courte-avec-fourreau.jpg","type":"image\/jpeg"}],"twitter_card":"summary_large_image","twitter_misc":{"Est. reading time":"3 minutes"},"schema":{"@context":"https:\/\/schema.org","@graph":[{"@type":"WebPage","@id":"https:\/\/repliquemangacine.fr\/epees-et-dague-les-anneaux-de-pouvoir\/epee-noire-de-sauron\/","url":"https:\/\/repliquemangacine.fr\/epees-et-dague-les-anneaux-de-pouvoir\/epee-noire-de-sauron\/","name":"Black Sword of Sauron - R\u00e9plique Manga Cin\u00e9","isPartOf":{"@id":"https:\/\/repliquemangacine.fr\/#website"},"primaryImageOfPage":{"@id":"https:\/\/repliquemangacine.fr\/epees-et-dague-les-anneaux-de-pouvoir\/epee-noire-de-sauron\/#primaryimage"},"image":{"@id":"https:\/\/repliquemangacine.fr\/epees-et-dague-les-anneaux-de-pouvoir\/epee-noire-de-sauron\/#primaryimage"},"thumbnailUrl":"https:\/\/repliquemangacine.fr\/wp-content\/uploads\/2024\/09\/epee-de-sauron-verson-courte-avec-fourreau.jpg","datePublished":"2024-09-11T14:15:42+00:00","dateModified":"2025-11-17T20:59:55+00:00","description":"Discover this superb Black Sword of Sauron with its broken blade bearing the mark of Sauron. All steel, finely decorated guard. Scabbard. 40cm","breadcrumb":{"@id":"https:\/\/repliquemangacine.fr\/epees-et-dague-les-anneaux-de-pouvoir\/epee-noire-de-sauron\/#breadcrumb"},"inLanguage":"en-US","potentialAction":[{"@type":"ReadAction","target":["https:\/\/repliquemangacine.fr\/epees-et-dague-les-anneaux-de-pouvoir\/epee-noire-de-sauron\/"]}]},{"@type":"ImageObject","inLanguage":"en-US","@id":"https:\/\/repliquemangacine.fr\/epees-et-dague-les-anneaux-de-pouvoir\/epee-noire-de-sauron\/#primaryimage","url":"https:\/\/repliquemangacine.fr\/wp-content\/uploads\/2024\/09\/epee-de-sauron-verson-courte-avec-fourreau.jpg","contentUrl":"https:\/\/repliquemangacine.fr\/wp-content\/uploads\/2024\/09\/epee-de-sauron-verson-courte-avec-fourreau.jpg","width":500,"height":500,"caption":"Ep\u00e9e noire de Sauron lame bris\u00e9e"},{"@type":"BreadcrumbList","@id":"https:\/\/repliquemangacine.fr\/epees-et-dague-les-anneaux-de-pouvoir\/epee-noire-de-sauron\/#breadcrumb","itemListElement":[{"@type":"ListItem","position":1,"name":"Accueil","item":"https:\/\/repliquemangacine.fr\/"},{"@type":"ListItem","position":2,"name":"Produits","item":"https:\/\/repliquemangacine.fr\/boutique\/"},{"@type":"ListItem","position":3,"name":"Ep\u00e9e noire de Sauron"}]},{"@type":"WebSite","@id":"https:\/\/repliquemangacine.fr\/#website","url":"https:\/\/repliquemangacine.fr\/","name":"R\u00e9plique Manga Cin\u00e9","description":"","publisher":{"@id":"https:\/\/repliquemangacine.fr\/#organization"},"potentialAction":[{"@type":"SearchAction","target":{"@type":"EntryPoint","urlTemplate":"https:\/\/repliquemangacine.fr\/?s={search_term_string}"},"query-input":{"@type":"PropertyValueSpecification","valueRequired":true,"valueName":"search_term_string"}}],"inLanguage":"en-US"},{"@type":"Organization","@id":"https:\/\/repliquemangacine.fr\/#organization","name":"R\u00e9plique Manga Cin\u00e9","url":"https:\/\/repliquemangacine.fr\/","logo":{"@type":"ImageObject","inLanguage":"en-US","@id":"https:\/\/repliquemangacine.fr\/#\/schema\/logo\/image\/","url":"https:\/\/repliquemangacine.fr\/wp-content\/uploads\/2023\/10\/RMC-500250.png","contentUrl":"https:\/\/repliquemangacine.fr\/wp-content\/uploads\/2023\/10\/RMC-500250.png","width":500,"height":250,"caption":"R\u00e9plique Manga Cin\u00e9"},"image":{"@id":"https:\/\/repliquemangacine.fr\/#\/schema\/logo\/image\/"},"sameAs":["https:\/\/www.facebook.com\/RepliqueMangaCine","https:\/\/www.instagram.com\/repliquemangacine.fr\/"]}]}},"_links":{"self":[{"href":"https:\/\/repliquemangacine.fr\/en\/wp-json\/wp\/v2\/product\/74490","targetHints":{"allow":["GET"]}}],"collection":[{"href":"https:\/\/repliquemangacine.fr\/en\/wp-json\/wp\/v2\/product"}],"about":[{"href":"https:\/\/repliquemangacine.fr\/en\/wp-json\/wp\/v2\/types\/product"}],"wp:featuredmedia":[{"embeddable":true,"href":"https:\/\/repliquemangacine.fr\/en\/wp-json\/wp\/v2\/media\/74492"}],"wp:attachment":[{"href":"https:\/\/repliquemangacine.fr\/en\/wp-json\/wp\/v2\/media?parent=74490"}],"wp:term":[{"taxonomy":"product_brand","embeddable":true,"href":"https:\/\/repliquemangacine.fr\/en\/wp-json\/wp\/v2\/product_brand?post=74490"},{"taxonomy":"product_cat","embeddable":true,"href":"https:\/\/repliquemangacine.fr\/en\/wp-json\/wp\/v2\/product_cat?post=74490"},{"taxonomy":"product_tag","embeddable":true,"href":"https:\/\/repliquemangacine.fr\/en\/wp-json\/wp\/v2\/product_tag?post=74490"}],"curies":[{"name":"wp","href":"https:\/\/api.w.org\/{rel}","templated":true}]}}