





{"id":72827,"date":"2024-06-16T18:20:16","date_gmt":"2024-06-16T16:20:16","guid":{"rendered":"https:\/\/repliquemangacine.fr\/?post_type=product&#038;p=72827"},"modified":"2025-12-27T11:36:29","modified_gmt":"2025-12-27T10:36:29","slug":"uruk-hai-scimitar-lord-of-the-rings","status":"publish","type":"product","link":"https:\/\/repliquemangacine.fr\/en\/le-seigneur-des-anneaux\/cimeterre-uruk-hai-le-seigneur-des-anneaux\/","title":{"rendered":"Uruk-Hai Scimitar - Lord of the Rings"},"content":{"rendered":"<h2>Uruk-Hai scimitar: Combat use<\/h2>\n<p>First and foremost, the Uruk-Hai Scimitar from The Lord of the Rings trilogy, an intimidating weapon. Indeed, the blades, with their curved tips, reflect the savage and merciless nature of the Uruk-Hai. These machetes are not only weapons, but also symbols of the terror they inspire in their enemies. Their distinctive silhouette is recognizable and feared on the battlefield.<\/p>\n<p>The weapon is particularly useful for brute-force attacks, capable of shattering shields and inflicting severe wounds on opponents. Also suitable for a variety of Combat techniques, including powerful waist blows and rapid attacks. Their design enables Uruk-Hai to fight effectively against different types of enemy.<\/p>\n<p>In conclusion, the use of these scimitars contributes to the Uruk-Hai's unique identity as elite soldiers among Orcs, distinguished by their superior equipment and discipline.<\/p>\n<h2>Uruk-Hai scimitars: Fierce Orcs<\/h2>\n<p>To begin with, the Uruk-Hai, a race of fearsome and powerful orcs created by Saruman in the Lord of the Rings trilogy. Known for their brute strength, endurance and ferocity. Fearsome warriors who play a crucial role in the War of the Ring. Created by <a href=\"https:\/\/lotr.fandom.com\/fr\/wiki\/Saroumane\" target=\"_blank\" rel=\"noopener noreferrer\">Saroumane<\/a> by crossing Orcs with humans. This makes them bigger, stronger and more resistant than ordinary orcs. Unlike ordinary orcs, Uruk-Hai can withstand daylight without being weakened. This enables them to carry out attacks at any time of day.<\/p>\n<p>The Uruk-Hai play a central role in Saruman's efforts to destroy the Fellowship of the Ring and conquer the kingdom of Rohan. They are responsible for several key events in the trilogy:<\/p>\n<ul>\n<li><strong>Capturing Merry and Pippin<\/strong> The Uruk-Hai capture Merry and Pippin during the battle of Amon Hen, believing one of them to be the bearer of the Ring.<\/li>\n<li><strong>Battle of Helm's Deep<\/strong> Helm's Deep: They lead the assault on the fortress of Helm's Deep, endangering the survival of the people of Rohan.<\/li>\n<\/ul>\n<p>In conclusion, the Uruk-Hai symbolize the corruption and degradation caused by evil in Tolkien's universe. Their creation by Saruman represents a betrayal of nature and an abuse of power. They show how the desire for domination can lead to perversion.<\/p>\n<h2>Discover our Lord of the Rings Sword Collection<\/h2>\n<p>Immerse yourself in the epic world of The Lord of the Rings with our exclusive collection of replicas of the saga's iconic swords.<\/p>\n<ol>\n<li>First and foremost, <a href=\"https:\/\/repliquemangacine.fr\/en\/swords-and-daggers-the-rings-of-power\/anduril-sword-aragorn-lord-of-the-rings\/\">And\u00faril<\/a>the Flame of the West, Aragorn's legendary sword, forged from the fragments of Narsil.<\/li>\n<li>Then feel the power of the<a href=\"https:\/\/repliquemangacine.fr\/en\/lord-of-the-rings-swords\/lord-of-the-rings-nazgul-sword-black-knights-sword\/\"> Nazg\u00fbls<\/a> with their dark, menacing swords, symbolizing the terror they inspire.<\/li>\n<li>There's also <a href=\"https:\/\/repliquemangacine.fr\/en\/swords-the-hobbit\/gandalf-sword-glamdring-the-lord-of-the-rings\/\">Glamdring, Gandalf's sword<\/a>a sparkling, fearsome weapon used by the magician in decisive battles.<\/li>\n<li>Handle the <a href=\"https:\/\/repliquemangacine.fr\/en\/lord-of-the-rings-swords\/lord-of-the-rings-legolas-sabers\/\">Legolas' elegant sabers<\/a>perfect for fans of the famous sylvan elf.<\/li>\n<li>And much more to discover in our store.<\/li>\n<\/ol>\n<p>Each replica is crafted with exceptional precision and attention to detail. Ideal for collectors and Tolkien enthusiasts, these swords are the perfect collector's items to honor the epic heritage of Middle-earth.<\/p>","protected":false},"excerpt":{"rendered":"<p>Absolutely magnificent, this Uruk-Hai scimitar machete from The Lord of the Rings trilogy.<\/p>\n<ul>\n<li>One-piece construction (Full Tang Construction)<\/li>\n<li>Imitation leather handle for a secure grip<\/li>\n<li>Supplied with scabbard<\/li>\n<li>Wooden display stand<\/li>\n<li>Total length: 64 cm<\/li>\n<\/ul>","protected":false},"featured_media":72830,"template":"","meta":[],"product_brand":[],"product_cat":[68,29],"product_tag":[],"class_list":{"0":"post-72827","1":"product","2":"type-product","3":"status-publish","4":"has-post-thumbnail","6":"product_cat-epees-seigneur-des-anneaux","7":"product_cat-le-seigneur-des-anneaux","9":"first","10":"instock","11":"taxable","12":"shipping-taxable","13":"purchasable","14":"product-type-simple"},"yoast_head":"<!-- This site is optimized with the Yoast SEO plugin v27.5 - https:\/\/yoast.com\/product\/yoast-seo-wordpress\/ -->\n<title>Cimeterre Uruk-Hai - Le Seigneur des Anneaux - R\u00e9plique Manga Cin\u00e9<\/title>\n<meta name=\"description\" content=\"D\u00e9couvrez ce superbe Cimeterre Uruk-Hai dans la trilogie Le Seigneur des Anneaux. En acier et Full Tang Construction. Poign\u00e9e simili. Fourreau. 64 cm\" \/>\n<meta name=\"robots\" content=\"index, follow, max-snippet:-1, max-image-preview:large, max-video-preview:-1\" \/>\n<link rel=\"canonical\" href=\"https:\/\/repliquemangacine.fr\/en\/the-lord-of-the-rings\/uruk-hai-scimitar-lord-of-the-rings\/\" \/>\n<meta property=\"og:locale\" content=\"en_US\" \/>\n<meta property=\"og:type\" content=\"article\" \/>\n<meta property=\"og:title\" content=\"Cimeterre Uruk-Hai - Le Seigneur des Anneaux - R\u00e9plique Manga Cin\u00e9\" \/>\n<meta property=\"og:description\" content=\"D\u00e9couvrez ce superbe Cimeterre Uruk-Hai dans la trilogie Le Seigneur des Anneaux. En acier et Full Tang Construction. Poign\u00e9e simili. Fourreau. 64 cm\" \/>\n<meta property=\"og:url\" content=\"https:\/\/repliquemangacine.fr\/en\/the-lord-of-the-rings\/uruk-hai-scimitar-lord-of-the-rings\/\" \/>\n<meta property=\"og:site_name\" content=\"R\u00e9plique Manga Cin\u00e9\" \/>\n<meta property=\"article:publisher\" content=\"https:\/\/www.facebook.com\/RepliqueMangaCine\" \/>\n<meta property=\"article:modified_time\" content=\"2025-12-27T10:36:29+00:00\" \/>\n<meta property=\"og:image\" content=\"https:\/\/repliquemangacine.fr\/wp-content\/uploads\/2024\/06\/epee-ukai.jpg\" \/>\n\t<meta property=\"og:image:width\" content=\"500\" \/>\n\t<meta property=\"og:image:height\" content=\"500\" \/>\n\t<meta property=\"og:image:type\" content=\"image\/jpeg\" \/>\n<meta name=\"twitter:card\" content=\"summary_large_image\" \/>\n<meta name=\"twitter:label1\" content=\"Est. reading time\" \/>\n\t<meta name=\"twitter:data1\" content=\"3 minutes\" \/>\n<script type=\"application\/ld+json\" class=\"yoast-schema-graph\">{\"@context\":\"https:\\\/\\\/schema.org\",\"@graph\":[{\"@type\":\"WebPage\",\"@id\":\"https:\\\/\\\/repliquemangacine.fr\\\/le-seigneur-des-anneaux\\\/cimeterre-uruk-hai-le-seigneur-des-anneaux\\\/\",\"url\":\"https:\\\/\\\/repliquemangacine.fr\\\/le-seigneur-des-anneaux\\\/cimeterre-uruk-hai-le-seigneur-des-anneaux\\\/\",\"name\":\"Cimeterre Uruk-Hai - Le Seigneur des Anneaux - R\u00e9plique Manga Cin\u00e9\",\"isPartOf\":{\"@id\":\"https:\\\/\\\/repliquemangacine.fr\\\/#website\"},\"primaryImageOfPage\":{\"@id\":\"https:\\\/\\\/repliquemangacine.fr\\\/le-seigneur-des-anneaux\\\/cimeterre-uruk-hai-le-seigneur-des-anneaux\\\/#primaryimage\"},\"image\":{\"@id\":\"https:\\\/\\\/repliquemangacine.fr\\\/le-seigneur-des-anneaux\\\/cimeterre-uruk-hai-le-seigneur-des-anneaux\\\/#primaryimage\"},\"thumbnailUrl\":\"https:\\\/\\\/repliquemangacine.fr\\\/wp-content\\\/uploads\\\/2024\\\/06\\\/epee-ukai.jpg\",\"datePublished\":\"2024-06-16T16:20:16+00:00\",\"dateModified\":\"2025-12-27T10:36:29+00:00\",\"description\":\"D\u00e9couvrez ce superbe Cimeterre Uruk-Hai dans la trilogie Le Seigneur des Anneaux. En acier et Full Tang Construction. Poign\u00e9e simili. Fourreau. 64 cm\",\"breadcrumb\":{\"@id\":\"https:\\\/\\\/repliquemangacine.fr\\\/le-seigneur-des-anneaux\\\/cimeterre-uruk-hai-le-seigneur-des-anneaux\\\/#breadcrumb\"},\"inLanguage\":\"en-US\",\"potentialAction\":[{\"@type\":\"ReadAction\",\"target\":[\"https:\\\/\\\/repliquemangacine.fr\\\/le-seigneur-des-anneaux\\\/cimeterre-uruk-hai-le-seigneur-des-anneaux\\\/\"]}]},{\"@type\":\"ImageObject\",\"inLanguage\":\"en-US\",\"@id\":\"https:\\\/\\\/repliquemangacine.fr\\\/le-seigneur-des-anneaux\\\/cimeterre-uruk-hai-le-seigneur-des-anneaux\\\/#primaryimage\",\"url\":\"https:\\\/\\\/repliquemangacine.fr\\\/wp-content\\\/uploads\\\/2024\\\/06\\\/epee-ukai.jpg\",\"contentUrl\":\"https:\\\/\\\/repliquemangacine.fr\\\/wp-content\\\/uploads\\\/2024\\\/06\\\/epee-ukai.jpg\",\"width\":500,\"height\":500,\"caption\":\"Cimeterre Uruk-Hai avec fourreau et support\"},{\"@type\":\"BreadcrumbList\",\"@id\":\"https:\\\/\\\/repliquemangacine.fr\\\/le-seigneur-des-anneaux\\\/cimeterre-uruk-hai-le-seigneur-des-anneaux\\\/#breadcrumb\",\"itemListElement\":[{\"@type\":\"ListItem\",\"position\":1,\"name\":\"Accueil\",\"item\":\"https:\\\/\\\/repliquemangacine.fr\\\/\"},{\"@type\":\"ListItem\",\"position\":2,\"name\":\"Produits\",\"item\":\"https:\\\/\\\/repliquemangacine.fr\\\/boutique\\\/\"},{\"@type\":\"ListItem\",\"position\":3,\"name\":\"Cimeterre Uruk-Hai &#8211; Le Seigneur des Anneaux\"}]},{\"@type\":\"WebSite\",\"@id\":\"https:\\\/\\\/repliquemangacine.fr\\\/#website\",\"url\":\"https:\\\/\\\/repliquemangacine.fr\\\/\",\"name\":\"R\u00e9plique Manga Cin\u00e9\",\"description\":\"\",\"publisher\":{\"@id\":\"https:\\\/\\\/repliquemangacine.fr\\\/#organization\"},\"potentialAction\":[{\"@type\":\"SearchAction\",\"target\":{\"@type\":\"EntryPoint\",\"urlTemplate\":\"https:\\\/\\\/repliquemangacine.fr\\\/?s={search_term_string}\"},\"query-input\":{\"@type\":\"PropertyValueSpecification\",\"valueRequired\":true,\"valueName\":\"search_term_string\"}}],\"inLanguage\":\"en-US\"},{\"@type\":\"Organization\",\"@id\":\"https:\\\/\\\/repliquemangacine.fr\\\/#organization\",\"name\":\"R\u00e9plique Manga Cin\u00e9\",\"url\":\"https:\\\/\\\/repliquemangacine.fr\\\/\",\"logo\":{\"@type\":\"ImageObject\",\"inLanguage\":\"en-US\",\"@id\":\"https:\\\/\\\/repliquemangacine.fr\\\/#\\\/schema\\\/logo\\\/image\\\/\",\"url\":\"https:\\\/\\\/repliquemangacine.fr\\\/wp-content\\\/uploads\\\/2023\\\/10\\\/RMC-500250.png\",\"contentUrl\":\"https:\\\/\\\/repliquemangacine.fr\\\/wp-content\\\/uploads\\\/2023\\\/10\\\/RMC-500250.png\",\"width\":500,\"height\":250,\"caption\":\"R\u00e9plique Manga Cin\u00e9\"},\"image\":{\"@id\":\"https:\\\/\\\/repliquemangacine.fr\\\/#\\\/schema\\\/logo\\\/image\\\/\"},\"sameAs\":[\"https:\\\/\\\/www.facebook.com\\\/RepliqueMangaCine\",\"https:\\\/\\\/www.instagram.com\\\/repliquemangacine.fr\\\/\"]}]}<\/script>\n<!-- \/ Yoast SEO plugin. -->","yoast_head_json":{"title":"Uruk-Hai Scimitar - Lord of the Rings - R\u00e9plique Manga Cin\u00e9","description":"Discover this superb Uruk-Hai Scimitar from The Lord of the Rings trilogy. Steel and Full Tang Construction. Simulated handle. Scabbard. 64 cm","robots":{"index":"index","follow":"follow","max-snippet":"max-snippet:-1","max-image-preview":"max-image-preview:large","max-video-preview":"max-video-preview:-1"},"canonical":"https:\/\/repliquemangacine.fr\/en\/the-lord-of-the-rings\/uruk-hai-scimitar-lord-of-the-rings\/","og_locale":"en_US","og_type":"article","og_title":"Cimeterre Uruk-Hai - Le Seigneur des Anneaux - R\u00e9plique Manga Cin\u00e9","og_description":"D\u00e9couvrez ce superbe Cimeterre Uruk-Hai dans la trilogie Le Seigneur des Anneaux. En acier et Full Tang Construction. Poign\u00e9e simili. Fourreau. 64 cm","og_url":"https:\/\/repliquemangacine.fr\/en\/the-lord-of-the-rings\/uruk-hai-scimitar-lord-of-the-rings\/","og_site_name":"R\u00e9plique Manga Cin\u00e9","article_publisher":"https:\/\/www.facebook.com\/RepliqueMangaCine","article_modified_time":"2025-12-27T10:36:29+00:00","og_image":[{"width":500,"height":500,"url":"https:\/\/repliquemangacine.fr\/wp-content\/uploads\/2024\/06\/epee-ukai.jpg","type":"image\/jpeg"}],"twitter_card":"summary_large_image","twitter_misc":{"Est. reading time":"3 minutes"},"schema":{"@context":"https:\/\/schema.org","@graph":[{"@type":"WebPage","@id":"https:\/\/repliquemangacine.fr\/le-seigneur-des-anneaux\/cimeterre-uruk-hai-le-seigneur-des-anneaux\/","url":"https:\/\/repliquemangacine.fr\/le-seigneur-des-anneaux\/cimeterre-uruk-hai-le-seigneur-des-anneaux\/","name":"Uruk-Hai Scimitar - Lord of the Rings - R\u00e9plique Manga Cin\u00e9","isPartOf":{"@id":"https:\/\/repliquemangacine.fr\/#website"},"primaryImageOfPage":{"@id":"https:\/\/repliquemangacine.fr\/le-seigneur-des-anneaux\/cimeterre-uruk-hai-le-seigneur-des-anneaux\/#primaryimage"},"image":{"@id":"https:\/\/repliquemangacine.fr\/le-seigneur-des-anneaux\/cimeterre-uruk-hai-le-seigneur-des-anneaux\/#primaryimage"},"thumbnailUrl":"https:\/\/repliquemangacine.fr\/wp-content\/uploads\/2024\/06\/epee-ukai.jpg","datePublished":"2024-06-16T16:20:16+00:00","dateModified":"2025-12-27T10:36:29+00:00","description":"Discover this superb Uruk-Hai Scimitar from The Lord of the Rings trilogy. Steel and Full Tang Construction. Simulated handle. Scabbard. 64 cm","breadcrumb":{"@id":"https:\/\/repliquemangacine.fr\/le-seigneur-des-anneaux\/cimeterre-uruk-hai-le-seigneur-des-anneaux\/#breadcrumb"},"inLanguage":"en-US","potentialAction":[{"@type":"ReadAction","target":["https:\/\/repliquemangacine.fr\/le-seigneur-des-anneaux\/cimeterre-uruk-hai-le-seigneur-des-anneaux\/"]}]},{"@type":"ImageObject","inLanguage":"en-US","@id":"https:\/\/repliquemangacine.fr\/le-seigneur-des-anneaux\/cimeterre-uruk-hai-le-seigneur-des-anneaux\/#primaryimage","url":"https:\/\/repliquemangacine.fr\/wp-content\/uploads\/2024\/06\/epee-ukai.jpg","contentUrl":"https:\/\/repliquemangacine.fr\/wp-content\/uploads\/2024\/06\/epee-ukai.jpg","width":500,"height":500,"caption":"Cimeterre Uruk-Hai avec fourreau et support"},{"@type":"BreadcrumbList","@id":"https:\/\/repliquemangacine.fr\/le-seigneur-des-anneaux\/cimeterre-uruk-hai-le-seigneur-des-anneaux\/#breadcrumb","itemListElement":[{"@type":"ListItem","position":1,"name":"Accueil","item":"https:\/\/repliquemangacine.fr\/"},{"@type":"ListItem","position":2,"name":"Produits","item":"https:\/\/repliquemangacine.fr\/boutique\/"},{"@type":"ListItem","position":3,"name":"Cimeterre Uruk-Hai &#8211; Le Seigneur des Anneaux"}]},{"@type":"WebSite","@id":"https:\/\/repliquemangacine.fr\/#website","url":"https:\/\/repliquemangacine.fr\/","name":"R\u00e9plique Manga Cin\u00e9","description":"","publisher":{"@id":"https:\/\/repliquemangacine.fr\/#organization"},"potentialAction":[{"@type":"SearchAction","target":{"@type":"EntryPoint","urlTemplate":"https:\/\/repliquemangacine.fr\/?s={search_term_string}"},"query-input":{"@type":"PropertyValueSpecification","valueRequired":true,"valueName":"search_term_string"}}],"inLanguage":"en-US"},{"@type":"Organization","@id":"https:\/\/repliquemangacine.fr\/#organization","name":"R\u00e9plique Manga Cin\u00e9","url":"https:\/\/repliquemangacine.fr\/","logo":{"@type":"ImageObject","inLanguage":"en-US","@id":"https:\/\/repliquemangacine.fr\/#\/schema\/logo\/image\/","url":"https:\/\/repliquemangacine.fr\/wp-content\/uploads\/2023\/10\/RMC-500250.png","contentUrl":"https:\/\/repliquemangacine.fr\/wp-content\/uploads\/2023\/10\/RMC-500250.png","width":500,"height":250,"caption":"R\u00e9plique Manga Cin\u00e9"},"image":{"@id":"https:\/\/repliquemangacine.fr\/#\/schema\/logo\/image\/"},"sameAs":["https:\/\/www.facebook.com\/RepliqueMangaCine","https:\/\/www.instagram.com\/repliquemangacine.fr\/"]}]}},"_links":{"self":[{"href":"https:\/\/repliquemangacine.fr\/en\/wp-json\/wp\/v2\/product\/72827","targetHints":{"allow":["GET"]}}],"collection":[{"href":"https:\/\/repliquemangacine.fr\/en\/wp-json\/wp\/v2\/product"}],"about":[{"href":"https:\/\/repliquemangacine.fr\/en\/wp-json\/wp\/v2\/types\/product"}],"wp:featuredmedia":[{"embeddable":true,"href":"https:\/\/repliquemangacine.fr\/en\/wp-json\/wp\/v2\/media\/72830"}],"wp:attachment":[{"href":"https:\/\/repliquemangacine.fr\/en\/wp-json\/wp\/v2\/media?parent=72827"}],"wp:term":[{"taxonomy":"product_brand","embeddable":true,"href":"https:\/\/repliquemangacine.fr\/en\/wp-json\/wp\/v2\/product_brand?post=72827"},{"taxonomy":"product_cat","embeddable":true,"href":"https:\/\/repliquemangacine.fr\/en\/wp-json\/wp\/v2\/product_cat?post=72827"},{"taxonomy":"product_tag","embeddable":true,"href":"https:\/\/repliquemangacine.fr\/en\/wp-json\/wp\/v2\/product_tag?post=72827"}],"curies":[{"name":"wp","href":"https:\/\/api.w.org\/{rel}","templated":true}]}}