





{"id":72792,"date":"2024-06-16T16:55:54","date_gmt":"2024-06-16T14:55:54","guid":{"rendered":"https:\/\/repliquemangacine.fr\/?post_type=product&#038;p=72792"},"modified":"2026-04-15T12:02:06","modified_gmt":"2026-04-15T10:02:06","slug":"tomahawk-of-assassins-assassins-creed-3","status":"publish","type":"product","link":"https:\/\/repliquemangacine.fr\/en\/armes-assassins-creed\/tomahawk-des-assassins-assassins-creed-3\/","title":{"rendered":"Assassins' Tomahawk - Assassin's Creed 3"},"content":{"rendered":"<h2>Assassins' Tomahawk : Connor's axe<\/h2>\n<p>First, the Assassin's Tomahawk, an iconic weapon used by protagonist Connor Kenway. A fascinating weapon with a rich history and deep cultural significance, particularly among Native American peoples. In Assassin's Creed III: Liberation, the weapon is called Connor's Tomahawk and has the same stats as the Chimbuya Axe.<\/p>\n<p>It originally belonged to Jean de la Tour, the first Assassin of the New World. It was passed on to Connor many years later. Louisiana Assassin Aveline de Grandpr\u00e9 in turn obtained the tomahawk, after meeting Connor in 1777. He helped her assassinate Templar George Davidson, a member of Lord Dunmore's Ethiopian regiment.<\/p>\n<p>Connor, real name <a href=\"https:\/\/assassinscreed.fandom.com\/fr\/wiki\/Ratonhnhak%C3%A9:ton\" target=\"_blank\" rel=\"noopener noreferrer\">Ratonhnhak\u00e9:your<\/a>A young man of half-English, half-Mohawk descent, living during the American Revolution. Master Assassin, member of the Colonial Brotherhood of Assassins during the Revolutionary War.<\/p>\n<h2>Assassins' Tomahawk: Symbol and history<\/h2>\n<p>To begin with, Connor's tomahawk represents his connection to his Mohawk roots. An expression of his cultural heritage and identity as a warrior and defender of freedom. In certain cinematic scenes, the tomahawk is used to underline moments of triumph or tragedy. This reinforces its symbolic role in Connor's narrative arc.<\/p>\n<p>This axe plays a key role in several crucial missions in the story of \u201cAssassin's Creed 3\u201d. Used to accomplish important objectives, eliminate high-value targets and defend Connor's allies. In fact, the game features a series of animations and combat movements specific to the tomahawk. This makes each attack visually impressive and tactically varied.<\/p>\n<p>Finally, Connor's tomahawk, which has become one of the most iconic and popular weapons in the \u201cAssassin's Creed\u201d franchise. Its unique design and combat effectiveness have been widely appreciated by fans.<\/p>\n<h2>Merchandising and Replicas: Unmissable Collectables<\/h2>\n<p>Due to its popularity, Connor's tomahawk has inspired numerous derivative products, including detailed replicas for collectors and fans of the game. R\u00e9plique Manga Cin\u00e9 offers a wide selection of faithful reproductions of Assassin's Creed weapons.<\/p>\n<ul>\n<li>Firstly, the<a href=\"https:\/\/repliquemangacine.fr\/en\/weapons-assassins-creed\/altair-sword-assassins-creed\/\">Alta\u00efr sword<\/a> in the first opus of the series.<\/li>\n<li>There is also the <a href=\"https:\/\/repliquemangacine.fr\/en\/weapons-assassins-creed\/edward-kenway-italian-flintlock-pistol-assassin-s-creed-iv\/\">Edward Kenway's pistol<\/a> in Assassin's Creed IV<\/li>\n<li>As well as the <a href=\"https:\/\/repliquemangacine.fr\/en\/weapons-assassins-creed\/assassin-s-creed-odyssey-replique-lance-brisee-de-leonidas\/\">Leonidas' broken spear<\/a> in Odyssey<\/li>\n<li>Last but not least, the <a href=\"https:\/\/repliquemangacine.fr\/en\/weapons-assassins-creed\/axes-assassins-creed-valhalla\/\">Eivor axes<\/a> in Valhalla, but also Thor's hammer.<\/li>\n<li>Of course, there's much more to discover in our store.<\/li>\n<\/ul>\n<p>Finally, you'll also find the famous Gauntlets, as well as figurines.<\/p>","protected":false},"excerpt":{"rendered":"<p>Superb replica of Connor's \"Tomahawk of the Assassins\" axe<\/p>\n<ul>\n<li>Tomahawk head in specially shaped metal<\/li>\n<li>Wooden handle with symbol<\/li>\n<li>Feather with pearl<\/li>\n<li>Faux-coated handle for a secure grip.<\/li>\n<li>Total length: 47.5 cm<\/li>\n<\/ul>","protected":false},"featured_media":72819,"template":"","meta":[],"product_brand":[],"product_cat":[836],"product_tag":[],"class_list":{"0":"post-72792","1":"product","2":"type-product","3":"status-publish","4":"has-post-thumbnail","6":"product_cat-armes-assassins-creed","8":"first","9":"instock","10":"taxable","11":"shipping-taxable","12":"purchasable","13":"product-type-simple"},"yoast_head":"<!-- This site is optimized with the Yoast SEO plugin v27.4 - https:\/\/yoast.com\/product\/yoast-seo-wordpress\/ -->\n<title>Tomahawk des Assassins - Assassin&#039;s Creed 3 - R\u00e9plique Manga Cin\u00e9<\/title>\n<meta name=\"description\" content=\"Venez d\u00e9couvrir cette superbe hache Tomahawk des Assassins au meilleur prix. T\u00eate en acier. Manche bois richement d\u00e9cor\u00e9 avec plume. 47.5cm\" \/>\n<meta name=\"robots\" content=\"index, follow, max-snippet:-1, max-image-preview:large, max-video-preview:-1\" \/>\n<link rel=\"canonical\" href=\"https:\/\/repliquemangacine.fr\/en\/weapons-assassins-creed\/tomahawk-of-assassins-assassins-creed-3\/\" \/>\n<meta property=\"og:locale\" content=\"en_US\" \/>\n<meta property=\"og:type\" content=\"article\" \/>\n<meta property=\"og:title\" content=\"Tomahawk des Assassins - Assassin&#039;s Creed 3 - R\u00e9plique Manga Cin\u00e9\" \/>\n<meta property=\"og:description\" content=\"Venez d\u00e9couvrir cette superbe hache Tomahawk des Assassins au meilleur prix. T\u00eate en acier. Manche bois richement d\u00e9cor\u00e9 avec plume. 47.5cm\" \/>\n<meta property=\"og:url\" content=\"https:\/\/repliquemangacine.fr\/en\/weapons-assassins-creed\/tomahawk-of-assassins-assassins-creed-3\/\" \/>\n<meta property=\"og:site_name\" content=\"R\u00e9plique Manga Cin\u00e9\" \/>\n<meta property=\"article:publisher\" content=\"https:\/\/www.facebook.com\/RepliqueMangaCine\" \/>\n<meta property=\"article:modified_time\" content=\"2026-04-15T10:02:06+00:00\" \/>\n<meta property=\"og:image\" content=\"https:\/\/repliquemangacine.fr\/wp-content\/uploads\/2024\/06\/Tomahawk-des-Assassins.jpg\" \/>\n\t<meta property=\"og:image:width\" content=\"500\" \/>\n\t<meta property=\"og:image:height\" content=\"500\" \/>\n\t<meta property=\"og:image:type\" content=\"image\/jpeg\" \/>\n<meta name=\"twitter:card\" content=\"summary_large_image\" \/>\n<meta name=\"twitter:label1\" content=\"Est. reading time\" \/>\n\t<meta name=\"twitter:data1\" content=\"3 minutes\" \/>\n<script type=\"application\/ld+json\" class=\"yoast-schema-graph\">{\"@context\":\"https:\\\/\\\/schema.org\",\"@graph\":[{\"@type\":\"WebPage\",\"@id\":\"https:\\\/\\\/repliquemangacine.fr\\\/armes-assassins-creed\\\/tomahawk-des-assassins-assassins-creed-3\\\/\",\"url\":\"https:\\\/\\\/repliquemangacine.fr\\\/armes-assassins-creed\\\/tomahawk-des-assassins-assassins-creed-3\\\/\",\"name\":\"Tomahawk des Assassins - Assassin's Creed 3 - R\u00e9plique Manga Cin\u00e9\",\"isPartOf\":{\"@id\":\"https:\\\/\\\/repliquemangacine.fr\\\/#website\"},\"primaryImageOfPage\":{\"@id\":\"https:\\\/\\\/repliquemangacine.fr\\\/armes-assassins-creed\\\/tomahawk-des-assassins-assassins-creed-3\\\/#primaryimage\"},\"image\":{\"@id\":\"https:\\\/\\\/repliquemangacine.fr\\\/armes-assassins-creed\\\/tomahawk-des-assassins-assassins-creed-3\\\/#primaryimage\"},\"thumbnailUrl\":\"https:\\\/\\\/repliquemangacine.fr\\\/wp-content\\\/uploads\\\/2024\\\/06\\\/Tomahawk-des-Assassins.jpg\",\"datePublished\":\"2024-06-16T14:55:54+00:00\",\"dateModified\":\"2026-04-15T10:02:06+00:00\",\"description\":\"Venez d\u00e9couvrir cette superbe hache Tomahawk des Assassins au meilleur prix. T\u00eate en acier. Manche bois richement d\u00e9cor\u00e9 avec plume. 47.5cm\",\"breadcrumb\":{\"@id\":\"https:\\\/\\\/repliquemangacine.fr\\\/armes-assassins-creed\\\/tomahawk-des-assassins-assassins-creed-3\\\/#breadcrumb\"},\"inLanguage\":\"en-US\",\"potentialAction\":[{\"@type\":\"ReadAction\",\"target\":[\"https:\\\/\\\/repliquemangacine.fr\\\/armes-assassins-creed\\\/tomahawk-des-assassins-assassins-creed-3\\\/\"]}]},{\"@type\":\"ImageObject\",\"inLanguage\":\"en-US\",\"@id\":\"https:\\\/\\\/repliquemangacine.fr\\\/armes-assassins-creed\\\/tomahawk-des-assassins-assassins-creed-3\\\/#primaryimage\",\"url\":\"https:\\\/\\\/repliquemangacine.fr\\\/wp-content\\\/uploads\\\/2024\\\/06\\\/Tomahawk-des-Assassins.jpg\",\"contentUrl\":\"https:\\\/\\\/repliquemangacine.fr\\\/wp-content\\\/uploads\\\/2024\\\/06\\\/Tomahawk-des-Assassins.jpg\",\"width\":500,\"height\":500,\"caption\":\"Tomahawk des Assassins\"},{\"@type\":\"BreadcrumbList\",\"@id\":\"https:\\\/\\\/repliquemangacine.fr\\\/armes-assassins-creed\\\/tomahawk-des-assassins-assassins-creed-3\\\/#breadcrumb\",\"itemListElement\":[{\"@type\":\"ListItem\",\"position\":1,\"name\":\"Accueil\",\"item\":\"https:\\\/\\\/repliquemangacine.fr\\\/\"},{\"@type\":\"ListItem\",\"position\":2,\"name\":\"Produits\",\"item\":\"https:\\\/\\\/repliquemangacine.fr\\\/boutique\\\/\"},{\"@type\":\"ListItem\",\"position\":3,\"name\":\"Tomahawk des Assassins &#8211; Assassin&#8217;s Creed 3\"}]},{\"@type\":\"WebSite\",\"@id\":\"https:\\\/\\\/repliquemangacine.fr\\\/#website\",\"url\":\"https:\\\/\\\/repliquemangacine.fr\\\/\",\"name\":\"R\u00e9plique Manga Cin\u00e9\",\"description\":\"\",\"publisher\":{\"@id\":\"https:\\\/\\\/repliquemangacine.fr\\\/#organization\"},\"potentialAction\":[{\"@type\":\"SearchAction\",\"target\":{\"@type\":\"EntryPoint\",\"urlTemplate\":\"https:\\\/\\\/repliquemangacine.fr\\\/?s={search_term_string}\"},\"query-input\":{\"@type\":\"PropertyValueSpecification\",\"valueRequired\":true,\"valueName\":\"search_term_string\"}}],\"inLanguage\":\"en-US\"},{\"@type\":\"Organization\",\"@id\":\"https:\\\/\\\/repliquemangacine.fr\\\/#organization\",\"name\":\"R\u00e9plique Manga Cin\u00e9\",\"url\":\"https:\\\/\\\/repliquemangacine.fr\\\/\",\"logo\":{\"@type\":\"ImageObject\",\"inLanguage\":\"en-US\",\"@id\":\"https:\\\/\\\/repliquemangacine.fr\\\/#\\\/schema\\\/logo\\\/image\\\/\",\"url\":\"https:\\\/\\\/repliquemangacine.fr\\\/wp-content\\\/uploads\\\/2023\\\/10\\\/RMC-500250.png\",\"contentUrl\":\"https:\\\/\\\/repliquemangacine.fr\\\/wp-content\\\/uploads\\\/2023\\\/10\\\/RMC-500250.png\",\"width\":500,\"height\":250,\"caption\":\"R\u00e9plique Manga Cin\u00e9\"},\"image\":{\"@id\":\"https:\\\/\\\/repliquemangacine.fr\\\/#\\\/schema\\\/logo\\\/image\\\/\"},\"sameAs\":[\"https:\\\/\\\/www.facebook.com\\\/RepliqueMangaCine\",\"https:\\\/\\\/www.instagram.com\\\/repliquemangacine.fr\\\/\"]}]}<\/script>\n<!-- \/ Yoast SEO plugin. -->","yoast_head_json":{"title":"Assassins' Tomahawk - Assassin's Creed 3 - R\u00e9plique Manga Cin\u00e9","description":"Discover this superb Assassin's Tomahawk axe at the best price. Steel head. Richly decorated wooden handle with feather. 47.5cm","robots":{"index":"index","follow":"follow","max-snippet":"max-snippet:-1","max-image-preview":"max-image-preview:large","max-video-preview":"max-video-preview:-1"},"canonical":"https:\/\/repliquemangacine.fr\/en\/weapons-assassins-creed\/tomahawk-of-assassins-assassins-creed-3\/","og_locale":"en_US","og_type":"article","og_title":"Tomahawk des Assassins - Assassin's Creed 3 - R\u00e9plique Manga Cin\u00e9","og_description":"Venez d\u00e9couvrir cette superbe hache Tomahawk des Assassins au meilleur prix. T\u00eate en acier. Manche bois richement d\u00e9cor\u00e9 avec plume. 47.5cm","og_url":"https:\/\/repliquemangacine.fr\/en\/weapons-assassins-creed\/tomahawk-of-assassins-assassins-creed-3\/","og_site_name":"R\u00e9plique Manga Cin\u00e9","article_publisher":"https:\/\/www.facebook.com\/RepliqueMangaCine","article_modified_time":"2026-04-15T10:02:06+00:00","og_image":[{"width":500,"height":500,"url":"https:\/\/repliquemangacine.fr\/wp-content\/uploads\/2024\/06\/Tomahawk-des-Assassins.jpg","type":"image\/jpeg"}],"twitter_card":"summary_large_image","twitter_misc":{"Est. reading time":"3 minutes"},"schema":{"@context":"https:\/\/schema.org","@graph":[{"@type":"WebPage","@id":"https:\/\/repliquemangacine.fr\/armes-assassins-creed\/tomahawk-des-assassins-assassins-creed-3\/","url":"https:\/\/repliquemangacine.fr\/armes-assassins-creed\/tomahawk-des-assassins-assassins-creed-3\/","name":"Assassins' Tomahawk - Assassin's Creed 3 - R\u00e9plique Manga Cin\u00e9","isPartOf":{"@id":"https:\/\/repliquemangacine.fr\/#website"},"primaryImageOfPage":{"@id":"https:\/\/repliquemangacine.fr\/armes-assassins-creed\/tomahawk-des-assassins-assassins-creed-3\/#primaryimage"},"image":{"@id":"https:\/\/repliquemangacine.fr\/armes-assassins-creed\/tomahawk-des-assassins-assassins-creed-3\/#primaryimage"},"thumbnailUrl":"https:\/\/repliquemangacine.fr\/wp-content\/uploads\/2024\/06\/Tomahawk-des-Assassins.jpg","datePublished":"2024-06-16T14:55:54+00:00","dateModified":"2026-04-15T10:02:06+00:00","description":"Discover this superb Assassin's Tomahawk axe at the best price. Steel head. Richly decorated wooden handle with feather. 47.5cm","breadcrumb":{"@id":"https:\/\/repliquemangacine.fr\/armes-assassins-creed\/tomahawk-des-assassins-assassins-creed-3\/#breadcrumb"},"inLanguage":"en-US","potentialAction":[{"@type":"ReadAction","target":["https:\/\/repliquemangacine.fr\/armes-assassins-creed\/tomahawk-des-assassins-assassins-creed-3\/"]}]},{"@type":"ImageObject","inLanguage":"en-US","@id":"https:\/\/repliquemangacine.fr\/armes-assassins-creed\/tomahawk-des-assassins-assassins-creed-3\/#primaryimage","url":"https:\/\/repliquemangacine.fr\/wp-content\/uploads\/2024\/06\/Tomahawk-des-Assassins.jpg","contentUrl":"https:\/\/repliquemangacine.fr\/wp-content\/uploads\/2024\/06\/Tomahawk-des-Assassins.jpg","width":500,"height":500,"caption":"Tomahawk des Assassins"},{"@type":"BreadcrumbList","@id":"https:\/\/repliquemangacine.fr\/armes-assassins-creed\/tomahawk-des-assassins-assassins-creed-3\/#breadcrumb","itemListElement":[{"@type":"ListItem","position":1,"name":"Accueil","item":"https:\/\/repliquemangacine.fr\/"},{"@type":"ListItem","position":2,"name":"Produits","item":"https:\/\/repliquemangacine.fr\/boutique\/"},{"@type":"ListItem","position":3,"name":"Tomahawk des Assassins &#8211; Assassin&#8217;s Creed 3"}]},{"@type":"WebSite","@id":"https:\/\/repliquemangacine.fr\/#website","url":"https:\/\/repliquemangacine.fr\/","name":"R\u00e9plique Manga Cin\u00e9","description":"","publisher":{"@id":"https:\/\/repliquemangacine.fr\/#organization"},"potentialAction":[{"@type":"SearchAction","target":{"@type":"EntryPoint","urlTemplate":"https:\/\/repliquemangacine.fr\/?s={search_term_string}"},"query-input":{"@type":"PropertyValueSpecification","valueRequired":true,"valueName":"search_term_string"}}],"inLanguage":"en-US"},{"@type":"Organization","@id":"https:\/\/repliquemangacine.fr\/#organization","name":"R\u00e9plique Manga Cin\u00e9","url":"https:\/\/repliquemangacine.fr\/","logo":{"@type":"ImageObject","inLanguage":"en-US","@id":"https:\/\/repliquemangacine.fr\/#\/schema\/logo\/image\/","url":"https:\/\/repliquemangacine.fr\/wp-content\/uploads\/2023\/10\/RMC-500250.png","contentUrl":"https:\/\/repliquemangacine.fr\/wp-content\/uploads\/2023\/10\/RMC-500250.png","width":500,"height":250,"caption":"R\u00e9plique Manga Cin\u00e9"},"image":{"@id":"https:\/\/repliquemangacine.fr\/#\/schema\/logo\/image\/"},"sameAs":["https:\/\/www.facebook.com\/RepliqueMangaCine","https:\/\/www.instagram.com\/repliquemangacine.fr\/"]}]}},"_links":{"self":[{"href":"https:\/\/repliquemangacine.fr\/en\/wp-json\/wp\/v2\/product\/72792","targetHints":{"allow":["GET"]}}],"collection":[{"href":"https:\/\/repliquemangacine.fr\/en\/wp-json\/wp\/v2\/product"}],"about":[{"href":"https:\/\/repliquemangacine.fr\/en\/wp-json\/wp\/v2\/types\/product"}],"wp:featuredmedia":[{"embeddable":true,"href":"https:\/\/repliquemangacine.fr\/en\/wp-json\/wp\/v2\/media\/72819"}],"wp:attachment":[{"href":"https:\/\/repliquemangacine.fr\/en\/wp-json\/wp\/v2\/media?parent=72792"}],"wp:term":[{"taxonomy":"product_brand","embeddable":true,"href":"https:\/\/repliquemangacine.fr\/en\/wp-json\/wp\/v2\/product_brand?post=72792"},{"taxonomy":"product_cat","embeddable":true,"href":"https:\/\/repliquemangacine.fr\/en\/wp-json\/wp\/v2\/product_cat?post=72792"},{"taxonomy":"product_tag","embeddable":true,"href":"https:\/\/repliquemangacine.fr\/en\/wp-json\/wp\/v2\/product_tag?post=72792"}],"curies":[{"name":"wp","href":"https:\/\/api.w.org\/{rel}","templated":true}]}}