





{"id":72727,"date":"2024-06-13T19:05:58","date_gmt":"2024-06-13T17:05:58","guid":{"rendered":"https:\/\/repliquemangacine.fr\/?post_type=product&#038;p=72727"},"modified":"2026-02-27T20:21:00","modified_gmt":"2026-02-27T19:21:00","slug":"chaos-swords-god-of-war","status":"publish","type":"product","link":"https:\/\/repliquemangacine.fr\/en\/katana-et-epee-de-jeux-video-autre-jeux-video\/epees-du-chaos-god-of-war\/","title":{"rendered":"Foam Swords of Chaos - God of War"},"content":{"rendered":"<h2>Swords of Chaos: High-quality rigid foam replica<\/h2>\n<p>First, immerse yourself in the world of God of War with Rigid Foam Swords of Chaos. These rigid foam replicas have been designed with meticulous attention to detail. Offering both safety and realism for cosplayers and role-playing enthusiasts.<\/p>\n<p>To begin with, let's go back to our origins. Before serving Ares, the main weapon of <a href=\"https:\/\/godofwar.fandom.com\/fr\/wiki\/Kratos\" target=\"_blank\" rel=\"noopener noreferrer\">Kratos<\/a> was his sword. Under the reign of Ares, Kratos' main weapons became the Blades of Chaos. A gift from Ares as a sign of servitude. Essentially two Falchion-like blades on long chains. Permanently fused and burned to the wearer's forearms.<\/p>\n<p>So once Kratos had killed Ares, Athena replaced them with a pair of almost identical blades called the Blades of Athena. Then, in God of War III, she replaced them with the very similar Blades of Exile. Kratos demonstrates mastery of all his weapons. This implies that he learned many of his fighting skills from Ares and other gods, the ancient god of war himself. Initially, Kratos also had a massive Spartan army under his command. Used both before and during his servitude under Ares.<\/p>\n<h2>Swords of Chaos: Combat use<\/h2>\n<ol>\n<li><strong>Movements<\/strong> First, Kratos uses the Swords of Chaos with impressive fluidity. Swinging and twirling the blades to attack multiple enemies simultaneously. Chains enable acrobatic movements and ranged attacks.<\/li>\n<li><strong>Special powers<\/strong> Swords can be ignited, adding fire damage to each strike. They can also break down enemy defenses and interact with specific environmental elements to solve puzzles.<\/li>\n<li><strong>Evolution<\/strong> : Over the course of each game, the Swords of Chaos evolve, gaining new abilities and becoming even more formidable. In God of War (2018), Kratos picks up these swords after initially using the Leviathan Axe, showing a personal and narrative evolution.<\/li>\n<\/ol>\n<h2>Video Game Legendary Weapons: Faithful Replicas<\/h2>\n<p>Immerse yourself in the fascinating world of video games with our exceptional selection of iconic replica weapons. Each piece is meticulously crafted to match the game model. Offering an unrivalled level of detail and quality.<\/p>\n<ul>\n<li>Discover the<a href=\"https:\/\/repliquemangacine.fr\/en\/genshin-impact\/lions-roar-genshin-impact-sword\/\">Lion's Roar sword<\/a> from Genshin Impact, with its impeccable finishes reminiscent of the adventures of your favorite character.<\/li>\n<li>There is also the <a href=\"https:\/\/repliquemangacine.fr\/en\/katana-and-video-game-sword-other-video-games\/katana-moonveil-in-elden-ring\/\">Katana Moonveil by Elden Ring<\/a>The perfect replica for fans of the game and collectors of fantasy weapons.<\/li>\n<li>As well as the <a href=\"https:\/\/repliquemangacine.fr\/en\/katana-and-video-game-sword-other-video-games\/kratos-leviathan-axe-god-of-war-ragnarok\/\">Kratos' Leviathan Axe<\/a>from God of War, you can feel the power of the Norse god of war with every touch.<\/li>\n<li>Finally, the <a href=\"https:\/\/repliquemangacine.fr\/en\/katana-and-video-game-sword-other-video-games\/sephiroth-masamune-sword-192-cm\/\">Katana Sephiroth Masamune<\/a> from Final Fantasy VII is a must-have for all fans of this timeless classic, with its long, elegant blade embodying the power and mystique of Sephiroth.<\/li>\n<\/ul>\n<p>In conclusion, add these legendary replicas to your collection and let yourself be transported to the epic worlds of your favorite video games.<\/p>","protected":false},"excerpt":{"rendered":"<p>Superb replica of the swords of Chaos in God of War<\/p>\n<ul>\n<li>All in rigid foam<\/li>\n<li>Chain to link the two swords<\/li>\n<li>Superb finishes<\/li>\n<li>Length of each sword: 44.5 cm<\/li>\n<\/ul>","protected":false},"featured_media":72729,"template":"","meta":[],"product_brand":[],"product_cat":[985,67],"product_tag":[],"class_list":{"0":"post-72727","1":"product","2":"type-product","3":"status-publish","4":"has-post-thumbnail","6":"product_cat-replique-god-of-war","7":"product_cat-katana-et-epee-de-jeux-video-autre-jeux-video","9":"first","10":"instock","11":"taxable","12":"shipping-taxable","13":"purchasable","14":"product-type-simple"},"yoast_head":"<!-- This site is optimized with the Yoast SEO plugin v27.5 - https:\/\/yoast.com\/product\/yoast-seo-wordpress\/ -->\n<title>\u00c9p\u00e9es du Chaos en mousse - God of War - R\u00e9plique Manga Cin\u00e9<\/title>\n<meta name=\"description\" content=\"Plongez dans l&#039;univers de God of War avec les \u00c9p\u00e9es du Chaos en Mousse Rigide. Superbe finition avec gravures. Chaine reliant les deux \u00e9p\u00e9es. 44,5 cm\" \/>\n<meta name=\"robots\" content=\"index, follow, max-snippet:-1, max-image-preview:large, max-video-preview:-1\" \/>\n<link rel=\"canonical\" href=\"https:\/\/repliquemangacine.fr\/en\/katana-and-video-game-sword-other-video-games\/chaos-swords-god-of-war\/\" \/>\n<meta property=\"og:locale\" content=\"en_US\" \/>\n<meta property=\"og:type\" content=\"article\" \/>\n<meta property=\"og:title\" content=\"\u00c9p\u00e9es du Chaos en mousse - God of War - R\u00e9plique Manga Cin\u00e9\" \/>\n<meta property=\"og:description\" content=\"Plongez dans l&#039;univers de God of War avec les \u00c9p\u00e9es du Chaos en Mousse Rigide. Superbe finition avec gravures. Chaine reliant les deux \u00e9p\u00e9es. 44,5 cm\" \/>\n<meta property=\"og:url\" content=\"https:\/\/repliquemangacine.fr\/en\/katana-and-video-game-sword-other-video-games\/chaos-swords-god-of-war\/\" \/>\n<meta property=\"og:site_name\" content=\"R\u00e9plique Manga Cin\u00e9\" \/>\n<meta property=\"article:publisher\" content=\"https:\/\/www.facebook.com\/RepliqueMangaCine\" \/>\n<meta property=\"article:modified_time\" content=\"2026-02-27T19:21:00+00:00\" \/>\n<meta property=\"og:image\" content=\"https:\/\/repliquemangacine.fr\/wp-content\/uploads\/2024\/06\/Lames-kratos-en-mousse.jpg\" \/>\n\t<meta property=\"og:image:width\" content=\"500\" \/>\n\t<meta property=\"og:image:height\" content=\"500\" \/>\n\t<meta property=\"og:image:type\" content=\"image\/jpeg\" \/>\n<meta name=\"twitter:card\" content=\"summary_large_image\" \/>\n<meta name=\"twitter:label1\" content=\"Est. reading time\" \/>\n\t<meta name=\"twitter:data1\" content=\"3 minutes\" \/>\n<script type=\"application\/ld+json\" class=\"yoast-schema-graph\">{\"@context\":\"https:\\\/\\\/schema.org\",\"@graph\":[{\"@type\":\"WebPage\",\"@id\":\"https:\\\/\\\/repliquemangacine.fr\\\/katana-et-epee-de-jeux-video-autre-jeux-video\\\/epees-du-chaos-god-of-war\\\/\",\"url\":\"https:\\\/\\\/repliquemangacine.fr\\\/katana-et-epee-de-jeux-video-autre-jeux-video\\\/epees-du-chaos-god-of-war\\\/\",\"name\":\"\u00c9p\u00e9es du Chaos en mousse - God of War - R\u00e9plique Manga Cin\u00e9\",\"isPartOf\":{\"@id\":\"https:\\\/\\\/repliquemangacine.fr\\\/#website\"},\"primaryImageOfPage\":{\"@id\":\"https:\\\/\\\/repliquemangacine.fr\\\/katana-et-epee-de-jeux-video-autre-jeux-video\\\/epees-du-chaos-god-of-war\\\/#primaryimage\"},\"image\":{\"@id\":\"https:\\\/\\\/repliquemangacine.fr\\\/katana-et-epee-de-jeux-video-autre-jeux-video\\\/epees-du-chaos-god-of-war\\\/#primaryimage\"},\"thumbnailUrl\":\"https:\\\/\\\/repliquemangacine.fr\\\/wp-content\\\/uploads\\\/2024\\\/06\\\/Lames-kratos-en-mousse.jpg\",\"datePublished\":\"2024-06-13T17:05:58+00:00\",\"dateModified\":\"2026-02-27T19:21:00+00:00\",\"description\":\"Plongez dans l'univers de God of War avec les \u00c9p\u00e9es du Chaos en Mousse Rigide. Superbe finition avec gravures. Chaine reliant les deux \u00e9p\u00e9es. 44,5 cm\",\"breadcrumb\":{\"@id\":\"https:\\\/\\\/repliquemangacine.fr\\\/katana-et-epee-de-jeux-video-autre-jeux-video\\\/epees-du-chaos-god-of-war\\\/#breadcrumb\"},\"inLanguage\":\"en-US\",\"potentialAction\":[{\"@type\":\"ReadAction\",\"target\":[\"https:\\\/\\\/repliquemangacine.fr\\\/katana-et-epee-de-jeux-video-autre-jeux-video\\\/epees-du-chaos-god-of-war\\\/\"]}]},{\"@type\":\"ImageObject\",\"inLanguage\":\"en-US\",\"@id\":\"https:\\\/\\\/repliquemangacine.fr\\\/katana-et-epee-de-jeux-video-autre-jeux-video\\\/epees-du-chaos-god-of-war\\\/#primaryimage\",\"url\":\"https:\\\/\\\/repliquemangacine.fr\\\/wp-content\\\/uploads\\\/2024\\\/06\\\/Lames-kratos-en-mousse.jpg\",\"contentUrl\":\"https:\\\/\\\/repliquemangacine.fr\\\/wp-content\\\/uploads\\\/2024\\\/06\\\/Lames-kratos-en-mousse.jpg\",\"width\":500,\"height\":500,\"caption\":\"Ep\u00e9es du Chaos en mousse god of war\"},{\"@type\":\"BreadcrumbList\",\"@id\":\"https:\\\/\\\/repliquemangacine.fr\\\/katana-et-epee-de-jeux-video-autre-jeux-video\\\/epees-du-chaos-god-of-war\\\/#breadcrumb\",\"itemListElement\":[{\"@type\":\"ListItem\",\"position\":1,\"name\":\"Accueil\",\"item\":\"https:\\\/\\\/repliquemangacine.fr\\\/\"},{\"@type\":\"ListItem\",\"position\":2,\"name\":\"Produits\",\"item\":\"https:\\\/\\\/repliquemangacine.fr\\\/boutique\\\/\"},{\"@type\":\"ListItem\",\"position\":3,\"name\":\"\u00c9p\u00e9es du Chaos en mousse &#8211; God of War\"}]},{\"@type\":\"WebSite\",\"@id\":\"https:\\\/\\\/repliquemangacine.fr\\\/#website\",\"url\":\"https:\\\/\\\/repliquemangacine.fr\\\/\",\"name\":\"R\u00e9plique Manga Cin\u00e9\",\"description\":\"\",\"publisher\":{\"@id\":\"https:\\\/\\\/repliquemangacine.fr\\\/#organization\"},\"potentialAction\":[{\"@type\":\"SearchAction\",\"target\":{\"@type\":\"EntryPoint\",\"urlTemplate\":\"https:\\\/\\\/repliquemangacine.fr\\\/?s={search_term_string}\"},\"query-input\":{\"@type\":\"PropertyValueSpecification\",\"valueRequired\":true,\"valueName\":\"search_term_string\"}}],\"inLanguage\":\"en-US\"},{\"@type\":\"Organization\",\"@id\":\"https:\\\/\\\/repliquemangacine.fr\\\/#organization\",\"name\":\"R\u00e9plique Manga Cin\u00e9\",\"url\":\"https:\\\/\\\/repliquemangacine.fr\\\/\",\"logo\":{\"@type\":\"ImageObject\",\"inLanguage\":\"en-US\",\"@id\":\"https:\\\/\\\/repliquemangacine.fr\\\/#\\\/schema\\\/logo\\\/image\\\/\",\"url\":\"https:\\\/\\\/repliquemangacine.fr\\\/wp-content\\\/uploads\\\/2023\\\/10\\\/RMC-500250.png\",\"contentUrl\":\"https:\\\/\\\/repliquemangacine.fr\\\/wp-content\\\/uploads\\\/2023\\\/10\\\/RMC-500250.png\",\"width\":500,\"height\":250,\"caption\":\"R\u00e9plique Manga Cin\u00e9\"},\"image\":{\"@id\":\"https:\\\/\\\/repliquemangacine.fr\\\/#\\\/schema\\\/logo\\\/image\\\/\"},\"sameAs\":[\"https:\\\/\\\/www.facebook.com\\\/RepliqueMangaCine\",\"https:\\\/\\\/www.instagram.com\\\/repliquemangacine.fr\\\/\"]}]}<\/script>\n<!-- \/ Yoast SEO plugin. -->","yoast_head_json":{"title":"Foam Swords of Chaos - God of War - R\u00e9plique Manga Cin\u00e9","description":"Immerse yourself in the world of God of War with the Chaos Swords in Rigid Foam. Superb finish with engravings. Chain linking the two swords. 44.5 cm","robots":{"index":"index","follow":"follow","max-snippet":"max-snippet:-1","max-image-preview":"max-image-preview:large","max-video-preview":"max-video-preview:-1"},"canonical":"https:\/\/repliquemangacine.fr\/en\/katana-and-video-game-sword-other-video-games\/chaos-swords-god-of-war\/","og_locale":"en_US","og_type":"article","og_title":"\u00c9p\u00e9es du Chaos en mousse - God of War - R\u00e9plique Manga Cin\u00e9","og_description":"Plongez dans l'univers de God of War avec les \u00c9p\u00e9es du Chaos en Mousse Rigide. Superbe finition avec gravures. Chaine reliant les deux \u00e9p\u00e9es. 44,5 cm","og_url":"https:\/\/repliquemangacine.fr\/en\/katana-and-video-game-sword-other-video-games\/chaos-swords-god-of-war\/","og_site_name":"R\u00e9plique Manga Cin\u00e9","article_publisher":"https:\/\/www.facebook.com\/RepliqueMangaCine","article_modified_time":"2026-02-27T19:21:00+00:00","og_image":[{"width":500,"height":500,"url":"https:\/\/repliquemangacine.fr\/wp-content\/uploads\/2024\/06\/Lames-kratos-en-mousse.jpg","type":"image\/jpeg"}],"twitter_card":"summary_large_image","twitter_misc":{"Est. reading time":"3 minutes"},"schema":{"@context":"https:\/\/schema.org","@graph":[{"@type":"WebPage","@id":"https:\/\/repliquemangacine.fr\/katana-et-epee-de-jeux-video-autre-jeux-video\/epees-du-chaos-god-of-war\/","url":"https:\/\/repliquemangacine.fr\/katana-et-epee-de-jeux-video-autre-jeux-video\/epees-du-chaos-god-of-war\/","name":"Foam Swords of Chaos - God of War - R\u00e9plique Manga Cin\u00e9","isPartOf":{"@id":"https:\/\/repliquemangacine.fr\/#website"},"primaryImageOfPage":{"@id":"https:\/\/repliquemangacine.fr\/katana-et-epee-de-jeux-video-autre-jeux-video\/epees-du-chaos-god-of-war\/#primaryimage"},"image":{"@id":"https:\/\/repliquemangacine.fr\/katana-et-epee-de-jeux-video-autre-jeux-video\/epees-du-chaos-god-of-war\/#primaryimage"},"thumbnailUrl":"https:\/\/repliquemangacine.fr\/wp-content\/uploads\/2024\/06\/Lames-kratos-en-mousse.jpg","datePublished":"2024-06-13T17:05:58+00:00","dateModified":"2026-02-27T19:21:00+00:00","description":"Immerse yourself in the world of God of War with the Chaos Swords in Rigid Foam. Superb finish with engravings. Chain linking the two swords. 44.5 cm","breadcrumb":{"@id":"https:\/\/repliquemangacine.fr\/katana-et-epee-de-jeux-video-autre-jeux-video\/epees-du-chaos-god-of-war\/#breadcrumb"},"inLanguage":"en-US","potentialAction":[{"@type":"ReadAction","target":["https:\/\/repliquemangacine.fr\/katana-et-epee-de-jeux-video-autre-jeux-video\/epees-du-chaos-god-of-war\/"]}]},{"@type":"ImageObject","inLanguage":"en-US","@id":"https:\/\/repliquemangacine.fr\/katana-et-epee-de-jeux-video-autre-jeux-video\/epees-du-chaos-god-of-war\/#primaryimage","url":"https:\/\/repliquemangacine.fr\/wp-content\/uploads\/2024\/06\/Lames-kratos-en-mousse.jpg","contentUrl":"https:\/\/repliquemangacine.fr\/wp-content\/uploads\/2024\/06\/Lames-kratos-en-mousse.jpg","width":500,"height":500,"caption":"Ep\u00e9es du Chaos en mousse god of war"},{"@type":"BreadcrumbList","@id":"https:\/\/repliquemangacine.fr\/katana-et-epee-de-jeux-video-autre-jeux-video\/epees-du-chaos-god-of-war\/#breadcrumb","itemListElement":[{"@type":"ListItem","position":1,"name":"Accueil","item":"https:\/\/repliquemangacine.fr\/"},{"@type":"ListItem","position":2,"name":"Produits","item":"https:\/\/repliquemangacine.fr\/boutique\/"},{"@type":"ListItem","position":3,"name":"\u00c9p\u00e9es du Chaos en mousse &#8211; God of War"}]},{"@type":"WebSite","@id":"https:\/\/repliquemangacine.fr\/#website","url":"https:\/\/repliquemangacine.fr\/","name":"R\u00e9plique Manga Cin\u00e9","description":"","publisher":{"@id":"https:\/\/repliquemangacine.fr\/#organization"},"potentialAction":[{"@type":"SearchAction","target":{"@type":"EntryPoint","urlTemplate":"https:\/\/repliquemangacine.fr\/?s={search_term_string}"},"query-input":{"@type":"PropertyValueSpecification","valueRequired":true,"valueName":"search_term_string"}}],"inLanguage":"en-US"},{"@type":"Organization","@id":"https:\/\/repliquemangacine.fr\/#organization","name":"R\u00e9plique Manga Cin\u00e9","url":"https:\/\/repliquemangacine.fr\/","logo":{"@type":"ImageObject","inLanguage":"en-US","@id":"https:\/\/repliquemangacine.fr\/#\/schema\/logo\/image\/","url":"https:\/\/repliquemangacine.fr\/wp-content\/uploads\/2023\/10\/RMC-500250.png","contentUrl":"https:\/\/repliquemangacine.fr\/wp-content\/uploads\/2023\/10\/RMC-500250.png","width":500,"height":250,"caption":"R\u00e9plique Manga Cin\u00e9"},"image":{"@id":"https:\/\/repliquemangacine.fr\/#\/schema\/logo\/image\/"},"sameAs":["https:\/\/www.facebook.com\/RepliqueMangaCine","https:\/\/www.instagram.com\/repliquemangacine.fr\/"]}]}},"_links":{"self":[{"href":"https:\/\/repliquemangacine.fr\/en\/wp-json\/wp\/v2\/product\/72727","targetHints":{"allow":["GET"]}}],"collection":[{"href":"https:\/\/repliquemangacine.fr\/en\/wp-json\/wp\/v2\/product"}],"about":[{"href":"https:\/\/repliquemangacine.fr\/en\/wp-json\/wp\/v2\/types\/product"}],"wp:featuredmedia":[{"embeddable":true,"href":"https:\/\/repliquemangacine.fr\/en\/wp-json\/wp\/v2\/media\/72729"}],"wp:attachment":[{"href":"https:\/\/repliquemangacine.fr\/en\/wp-json\/wp\/v2\/media?parent=72727"}],"wp:term":[{"taxonomy":"product_brand","embeddable":true,"href":"https:\/\/repliquemangacine.fr\/en\/wp-json\/wp\/v2\/product_brand?post=72727"},{"taxonomy":"product_cat","embeddable":true,"href":"https:\/\/repliquemangacine.fr\/en\/wp-json\/wp\/v2\/product_cat?post=72727"},{"taxonomy":"product_tag","embeddable":true,"href":"https:\/\/repliquemangacine.fr\/en\/wp-json\/wp\/v2\/product_tag?post=72727"}],"curies":[{"name":"wp","href":"https:\/\/api.w.org\/{rel}","templated":true}]}}