





{"id":72710,"date":"2024-06-13T14:51:02","date_gmt":"2024-06-13T12:51:02","guid":{"rendered":"https:\/\/repliquemangacine.fr\/?post_type=product&#038;p=72710"},"modified":"2025-12-12T21:08:56","modified_gmt":"2025-12-12T20:08:56","slug":"thanos-double-bladed-sword","status":"publish","type":"product","link":"https:\/\/repliquemangacine.fr\/en\/super-heros-marvel\/epee-double-lames-de-thanos\/","title":{"rendered":"Thanos double-bladed sword"},"content":{"rendered":"<h2>Thanos Double Blade Sword: An Essential Collector's Item<\/h2>\n<p>To begin with, discover Thanos' Double-Edged Sword, also known as Thanos' Blade. An iconic weapon used by the Mad Titan in the Marvel Cinematic Universe (MCU). Here's what we know about this fearsome weapon:<\/p>\n<p>Thanos' double-bladed sword appears for the first time in the film \"<a href=\"https:\/\/universcinematographiquemarvel.fandom.com\/fr\/wiki\/Avengers\" target=\"_blank\" rel=\"noopener noreferrer\">Avengers<\/a> Endgame\" (2019). This is a massive double-edged weapon, with a blade on each side of a central handle. Long, symmetrical, sharp blades capable of slicing through almost any material.<br \/>\nAlthough the exact material is not specified in the films, it is assumed to be made of an extremely durable and powerful metal. Probably of extraterrestrial origin, capable of withstanding attacks and extreme conditions.<\/p>\n<h2>Thanos double-bladed sword: Capabilities and use<\/h2>\n<p>The sword is incredibly strong and durable. Thanos uses it to parry and resist Avengers attacks, including those from such powerful figures as Thor and Captain America. It is capable of causing enormous damage. For example, Thanos uses his sword to destroy Captain America's shield, which is known to be virtually indestructible. In addition to its destructive capabilities, Thanos uses it for close and ranged combat, demonstrating his mastery as a warrior.<\/p>\n<p>The sword symbolizes the brute force and threat represented by Thanos. It is an extension of his will to dominate and destroy. The size and design of the sword add to Thanos' already imposing stature, reinforcing his image as a fearsome galactic tyrant.<\/p>\n<p>The sword also plays a crucial role in the final battle of \"Avengers: Endgame\". In fact, one of the most memorable scenes involving the sword is when Thanos, with his superhuman strength and his sword, manages to break Captain America's shield, a key moment that shows the threat he poses to the heroes.<\/p>\n<h2>Replicas from the Marvel universe<\/h2>\n<p>Discover our exceptional collection of replicas from the Marvel universe, perfect for fans and collectors alike. We offer a diverse range of products, each designed with meticulous attention to detail.<\/p>\n<ul>\n<li>First, the magnificent <a href=\"https:\/\/repliquemangacine.fr\/en\/marvel-superheroes\/trident-daquaman-210-cm-metal\/\">Aquaman's Trident<\/a> 210 cm all-metal with gold metallic paint finish.<\/li>\n<li>There are also <a href=\"https:\/\/repliquemangacine.fr\/en\/marvel-superheroes\/black-widow-purple-sticks\/\">Black Widow glow sticks<\/a>. Moulded ABS and metal in grey and purple.<\/li>\n<li>As well as the must-have <a href=\"https:\/\/repliquemangacine.fr\/en\/marvel-superheroes\/captain-america-shield-deluxe-version\/\">Captain America shield<\/a> all in high-strength aerial aluminium alloy.<\/li>\n<li>You'll also find Wonder Woman swords, Deadpool swords and Wolverine claws. And much, much more in our online store.<\/li>\n<\/ul>\n<p>In conclusion, for fans and collectors alike, there are numerous replicas available. Each one represents the power, dignity and legend of your favorite heroes.<\/p>","protected":false},"excerpt":{"rendered":"<p>Superb replica of Thanos' double-bladed sword in the Marvel universe.<\/p>\n<ul>\n<li>All in rigid foam<\/li>\n<li>Safe for your children<\/li>\n<li>Superb engraving and decoration on the blades<\/li>\n<li>Total length: 110 cm<\/li>\n<\/ul>","protected":false},"featured_media":72721,"template":"","meta":[],"product_brand":[],"product_cat":[59],"product_tag":[],"class_list":{"0":"post-72710","1":"product","2":"type-product","3":"status-publish","4":"has-post-thumbnail","6":"product_cat-super-heros-marvel","8":"first","9":"instock","10":"taxable","11":"shipping-taxable","12":"purchasable","13":"product-type-simple"},"yoast_head":"<!-- This site is optimized with the Yoast SEO plugin v27.5 - https:\/\/yoast.com\/product\/yoast-seo-wordpress\/ -->\n<title>\u00c9p\u00e9e double lames de Thanos - R\u00e9plique Manga Cin\u00e9<\/title>\n<meta name=\"description\" content=\"D\u00e9couvrez l&#039;\u00c9p\u00e9e double lames de Thanos, \u00e9galement connue sous le nom de Double-Edged Sword de l&#039;univers Marvel. Tout en mousse rigide. 110 cm\" \/>\n<meta name=\"robots\" content=\"index, follow, max-snippet:-1, max-image-preview:large, max-video-preview:-1\" \/>\n<link rel=\"canonical\" href=\"https:\/\/repliquemangacine.fr\/en\/marvel-superheroes\/thanos-double-bladed-sword\/\" \/>\n<meta property=\"og:locale\" content=\"en_US\" \/>\n<meta property=\"og:type\" content=\"article\" \/>\n<meta property=\"og:title\" content=\"\u00c9p\u00e9e double lames de Thanos - R\u00e9plique Manga Cin\u00e9\" \/>\n<meta property=\"og:description\" content=\"D\u00e9couvrez l&#039;\u00c9p\u00e9e double lames de Thanos, \u00e9galement connue sous le nom de Double-Edged Sword de l&#039;univers Marvel. Tout en mousse rigide. 110 cm\" \/>\n<meta property=\"og:url\" content=\"https:\/\/repliquemangacine.fr\/en\/marvel-superheroes\/thanos-double-bladed-sword\/\" \/>\n<meta property=\"og:site_name\" content=\"R\u00e9plique Manga Cin\u00e9\" \/>\n<meta property=\"article:publisher\" content=\"https:\/\/www.facebook.com\/RepliqueMangaCine\" \/>\n<meta property=\"article:modified_time\" content=\"2025-12-12T20:08:56+00:00\" \/>\n<meta property=\"og:image\" content=\"https:\/\/repliquemangacine.fr\/wp-content\/uploads\/2024\/06\/epee-double-de-thanos.jpg\" \/>\n\t<meta property=\"og:image:width\" content=\"500\" \/>\n\t<meta property=\"og:image:height\" content=\"500\" \/>\n\t<meta property=\"og:image:type\" content=\"image\/jpeg\" \/>\n<meta name=\"twitter:card\" content=\"summary_large_image\" \/>\n<meta name=\"twitter:label1\" content=\"Est. reading time\" \/>\n\t<meta name=\"twitter:data1\" content=\"3 minutes\" \/>\n<script type=\"application\/ld+json\" class=\"yoast-schema-graph\">{\"@context\":\"https:\\\/\\\/schema.org\",\"@graph\":[{\"@type\":\"WebPage\",\"@id\":\"https:\\\/\\\/repliquemangacine.fr\\\/super-heros-marvel\\\/epee-double-lames-de-thanos\\\/\",\"url\":\"https:\\\/\\\/repliquemangacine.fr\\\/super-heros-marvel\\\/epee-double-lames-de-thanos\\\/\",\"name\":\"\u00c9p\u00e9e double lames de Thanos - R\u00e9plique Manga Cin\u00e9\",\"isPartOf\":{\"@id\":\"https:\\\/\\\/repliquemangacine.fr\\\/#website\"},\"primaryImageOfPage\":{\"@id\":\"https:\\\/\\\/repliquemangacine.fr\\\/super-heros-marvel\\\/epee-double-lames-de-thanos\\\/#primaryimage\"},\"image\":{\"@id\":\"https:\\\/\\\/repliquemangacine.fr\\\/super-heros-marvel\\\/epee-double-lames-de-thanos\\\/#primaryimage\"},\"thumbnailUrl\":\"https:\\\/\\\/repliquemangacine.fr\\\/wp-content\\\/uploads\\\/2024\\\/06\\\/epee-double-de-thanos.jpg\",\"datePublished\":\"2024-06-13T12:51:02+00:00\",\"dateModified\":\"2025-12-12T20:08:56+00:00\",\"description\":\"D\u00e9couvrez l'\u00c9p\u00e9e double lames de Thanos, \u00e9galement connue sous le nom de Double-Edged Sword de l'univers Marvel. Tout en mousse rigide. 110 cm\",\"breadcrumb\":{\"@id\":\"https:\\\/\\\/repliquemangacine.fr\\\/super-heros-marvel\\\/epee-double-lames-de-thanos\\\/#breadcrumb\"},\"inLanguage\":\"en-US\",\"potentialAction\":[{\"@type\":\"ReadAction\",\"target\":[\"https:\\\/\\\/repliquemangacine.fr\\\/super-heros-marvel\\\/epee-double-lames-de-thanos\\\/\"]}]},{\"@type\":\"ImageObject\",\"inLanguage\":\"en-US\",\"@id\":\"https:\\\/\\\/repliquemangacine.fr\\\/super-heros-marvel\\\/epee-double-lames-de-thanos\\\/#primaryimage\",\"url\":\"https:\\\/\\\/repliquemangacine.fr\\\/wp-content\\\/uploads\\\/2024\\\/06\\\/epee-double-de-thanos.jpg\",\"contentUrl\":\"https:\\\/\\\/repliquemangacine.fr\\\/wp-content\\\/uploads\\\/2024\\\/06\\\/epee-double-de-thanos.jpg\",\"width\":500,\"height\":500,\"caption\":\"\u00c9p\u00e9e double lames de Thanos\"},{\"@type\":\"BreadcrumbList\",\"@id\":\"https:\\\/\\\/repliquemangacine.fr\\\/super-heros-marvel\\\/epee-double-lames-de-thanos\\\/#breadcrumb\",\"itemListElement\":[{\"@type\":\"ListItem\",\"position\":1,\"name\":\"Accueil\",\"item\":\"https:\\\/\\\/repliquemangacine.fr\\\/\"},{\"@type\":\"ListItem\",\"position\":2,\"name\":\"Produits\",\"item\":\"https:\\\/\\\/repliquemangacine.fr\\\/boutique\\\/\"},{\"@type\":\"ListItem\",\"position\":3,\"name\":\"\u00c9p\u00e9e double lames de Thanos\"}]},{\"@type\":\"WebSite\",\"@id\":\"https:\\\/\\\/repliquemangacine.fr\\\/#website\",\"url\":\"https:\\\/\\\/repliquemangacine.fr\\\/\",\"name\":\"R\u00e9plique Manga Cin\u00e9\",\"description\":\"\",\"publisher\":{\"@id\":\"https:\\\/\\\/repliquemangacine.fr\\\/#organization\"},\"potentialAction\":[{\"@type\":\"SearchAction\",\"target\":{\"@type\":\"EntryPoint\",\"urlTemplate\":\"https:\\\/\\\/repliquemangacine.fr\\\/?s={search_term_string}\"},\"query-input\":{\"@type\":\"PropertyValueSpecification\",\"valueRequired\":true,\"valueName\":\"search_term_string\"}}],\"inLanguage\":\"en-US\"},{\"@type\":\"Organization\",\"@id\":\"https:\\\/\\\/repliquemangacine.fr\\\/#organization\",\"name\":\"R\u00e9plique Manga Cin\u00e9\",\"url\":\"https:\\\/\\\/repliquemangacine.fr\\\/\",\"logo\":{\"@type\":\"ImageObject\",\"inLanguage\":\"en-US\",\"@id\":\"https:\\\/\\\/repliquemangacine.fr\\\/#\\\/schema\\\/logo\\\/image\\\/\",\"url\":\"https:\\\/\\\/repliquemangacine.fr\\\/wp-content\\\/uploads\\\/2023\\\/10\\\/RMC-500250.png\",\"contentUrl\":\"https:\\\/\\\/repliquemangacine.fr\\\/wp-content\\\/uploads\\\/2023\\\/10\\\/RMC-500250.png\",\"width\":500,\"height\":250,\"caption\":\"R\u00e9plique Manga Cin\u00e9\"},\"image\":{\"@id\":\"https:\\\/\\\/repliquemangacine.fr\\\/#\\\/schema\\\/logo\\\/image\\\/\"},\"sameAs\":[\"https:\\\/\\\/www.facebook.com\\\/RepliqueMangaCine\",\"https:\\\/\\\/www.instagram.com\\\/repliquemangacine.fr\\\/\"]}]}<\/script>\n<!-- \/ Yoast SEO plugin. -->","yoast_head_json":{"title":"Thanos double-bladed sword - R\u00e9plique Manga Cin\u00e9","description":"Discover the Double-Edged Sword of Thanos, also known as the Double-Edged Sword in the Marvel universe. All in rigid foam. 110 cm","robots":{"index":"index","follow":"follow","max-snippet":"max-snippet:-1","max-image-preview":"max-image-preview:large","max-video-preview":"max-video-preview:-1"},"canonical":"https:\/\/repliquemangacine.fr\/en\/marvel-superheroes\/thanos-double-bladed-sword\/","og_locale":"en_US","og_type":"article","og_title":"\u00c9p\u00e9e double lames de Thanos - R\u00e9plique Manga Cin\u00e9","og_description":"D\u00e9couvrez l'\u00c9p\u00e9e double lames de Thanos, \u00e9galement connue sous le nom de Double-Edged Sword de l'univers Marvel. Tout en mousse rigide. 110 cm","og_url":"https:\/\/repliquemangacine.fr\/en\/marvel-superheroes\/thanos-double-bladed-sword\/","og_site_name":"R\u00e9plique Manga Cin\u00e9","article_publisher":"https:\/\/www.facebook.com\/RepliqueMangaCine","article_modified_time":"2025-12-12T20:08:56+00:00","og_image":[{"width":500,"height":500,"url":"https:\/\/repliquemangacine.fr\/wp-content\/uploads\/2024\/06\/epee-double-de-thanos.jpg","type":"image\/jpeg"}],"twitter_card":"summary_large_image","twitter_misc":{"Est. reading time":"3 minutes"},"schema":{"@context":"https:\/\/schema.org","@graph":[{"@type":"WebPage","@id":"https:\/\/repliquemangacine.fr\/super-heros-marvel\/epee-double-lames-de-thanos\/","url":"https:\/\/repliquemangacine.fr\/super-heros-marvel\/epee-double-lames-de-thanos\/","name":"Thanos double-bladed sword - R\u00e9plique Manga Cin\u00e9","isPartOf":{"@id":"https:\/\/repliquemangacine.fr\/#website"},"primaryImageOfPage":{"@id":"https:\/\/repliquemangacine.fr\/super-heros-marvel\/epee-double-lames-de-thanos\/#primaryimage"},"image":{"@id":"https:\/\/repliquemangacine.fr\/super-heros-marvel\/epee-double-lames-de-thanos\/#primaryimage"},"thumbnailUrl":"https:\/\/repliquemangacine.fr\/wp-content\/uploads\/2024\/06\/epee-double-de-thanos.jpg","datePublished":"2024-06-13T12:51:02+00:00","dateModified":"2025-12-12T20:08:56+00:00","description":"Discover the Double-Edged Sword of Thanos, also known as the Double-Edged Sword in the Marvel universe. All in rigid foam. 110 cm","breadcrumb":{"@id":"https:\/\/repliquemangacine.fr\/super-heros-marvel\/epee-double-lames-de-thanos\/#breadcrumb"},"inLanguage":"en-US","potentialAction":[{"@type":"ReadAction","target":["https:\/\/repliquemangacine.fr\/super-heros-marvel\/epee-double-lames-de-thanos\/"]}]},{"@type":"ImageObject","inLanguage":"en-US","@id":"https:\/\/repliquemangacine.fr\/super-heros-marvel\/epee-double-lames-de-thanos\/#primaryimage","url":"https:\/\/repliquemangacine.fr\/wp-content\/uploads\/2024\/06\/epee-double-de-thanos.jpg","contentUrl":"https:\/\/repliquemangacine.fr\/wp-content\/uploads\/2024\/06\/epee-double-de-thanos.jpg","width":500,"height":500,"caption":"\u00c9p\u00e9e double lames de Thanos"},{"@type":"BreadcrumbList","@id":"https:\/\/repliquemangacine.fr\/super-heros-marvel\/epee-double-lames-de-thanos\/#breadcrumb","itemListElement":[{"@type":"ListItem","position":1,"name":"Accueil","item":"https:\/\/repliquemangacine.fr\/"},{"@type":"ListItem","position":2,"name":"Produits","item":"https:\/\/repliquemangacine.fr\/boutique\/"},{"@type":"ListItem","position":3,"name":"\u00c9p\u00e9e double lames de Thanos"}]},{"@type":"WebSite","@id":"https:\/\/repliquemangacine.fr\/#website","url":"https:\/\/repliquemangacine.fr\/","name":"R\u00e9plique Manga Cin\u00e9","description":"","publisher":{"@id":"https:\/\/repliquemangacine.fr\/#organization"},"potentialAction":[{"@type":"SearchAction","target":{"@type":"EntryPoint","urlTemplate":"https:\/\/repliquemangacine.fr\/?s={search_term_string}"},"query-input":{"@type":"PropertyValueSpecification","valueRequired":true,"valueName":"search_term_string"}}],"inLanguage":"en-US"},{"@type":"Organization","@id":"https:\/\/repliquemangacine.fr\/#organization","name":"R\u00e9plique Manga Cin\u00e9","url":"https:\/\/repliquemangacine.fr\/","logo":{"@type":"ImageObject","inLanguage":"en-US","@id":"https:\/\/repliquemangacine.fr\/#\/schema\/logo\/image\/","url":"https:\/\/repliquemangacine.fr\/wp-content\/uploads\/2023\/10\/RMC-500250.png","contentUrl":"https:\/\/repliquemangacine.fr\/wp-content\/uploads\/2023\/10\/RMC-500250.png","width":500,"height":250,"caption":"R\u00e9plique Manga Cin\u00e9"},"image":{"@id":"https:\/\/repliquemangacine.fr\/#\/schema\/logo\/image\/"},"sameAs":["https:\/\/www.facebook.com\/RepliqueMangaCine","https:\/\/www.instagram.com\/repliquemangacine.fr\/"]}]}},"_links":{"self":[{"href":"https:\/\/repliquemangacine.fr\/en\/wp-json\/wp\/v2\/product\/72710","targetHints":{"allow":["GET"]}}],"collection":[{"href":"https:\/\/repliquemangacine.fr\/en\/wp-json\/wp\/v2\/product"}],"about":[{"href":"https:\/\/repliquemangacine.fr\/en\/wp-json\/wp\/v2\/types\/product"}],"wp:featuredmedia":[{"embeddable":true,"href":"https:\/\/repliquemangacine.fr\/en\/wp-json\/wp\/v2\/media\/72721"}],"wp:attachment":[{"href":"https:\/\/repliquemangacine.fr\/en\/wp-json\/wp\/v2\/media?parent=72710"}],"wp:term":[{"taxonomy":"product_brand","embeddable":true,"href":"https:\/\/repliquemangacine.fr\/en\/wp-json\/wp\/v2\/product_brand?post=72710"},{"taxonomy":"product_cat","embeddable":true,"href":"https:\/\/repliquemangacine.fr\/en\/wp-json\/wp\/v2\/product_cat?post=72710"},{"taxonomy":"product_tag","embeddable":true,"href":"https:\/\/repliquemangacine.fr\/en\/wp-json\/wp\/v2\/product_tag?post=72710"}],"curies":[{"name":"wp","href":"https:\/\/api.w.org\/{rel}","templated":true}]}}