





{"id":72675,"date":"2024-06-11T19:41:28","date_gmt":"2024-06-11T17:41:28","guid":{"rendered":"https:\/\/repliquemangacine.fr\/?post_type=product&#038;p=72675"},"modified":"2026-04-20T17:51:58","modified_gmt":"2026-04-20T15:51:58","slug":"pepperbox-brass-gun","status":"publish","type":"product","link":"https:\/\/repliquemangacine.fr\/en\/western-repliques-armes\/pistolet-laiton-pepperbox\/","title":{"rendered":"Pepperbox Brass Gun"},"content":{"rendered":"<h2>Pistol Brass Pepperbox Allen &amp; Thurber 1837 by Kolser<\/h2>\n<p>First, immerse yourself in history with the authentic replica of the Pepperbox Brass Pistol. <a href=\"https:\/\/en.wikipedia.org\/wiki\/Ethan_Allen_(armsmaker)\" target=\"_blank\" rel=\"noopener noreferrer\">Allen &amp; Thurber<\/a> 1837, made by Kolser. This historic piece, emblematic of the evolution of firearms, is a valuable addition to any collector or gun enthusiast's collection. Available in two versions, this replica is a faithful tribute to the original design, offering both aesthetics and functionality.<\/p>\n<p>Also known as the \"Pepperbox\" or 6-shot pepperbox. Kolser manufactures this beautiful gun and highlights its fine finish in a beautiful silver color. This replica retains the details of the original, perfectly matching the aesthetics of the original 1837 gun. It features engraved details on the top of the metal and wooden stock. Resistant materials like metal and resin ensure durability and preservation over time. It also measures 23 centimetres, adorned with a beautiful finish. Ideal for decorating any space.<\/p>\n<h2>The History of the Allen &amp; Thurber 1837 Pepperbox Brass Pistol<\/h2>\n<p>First and foremost, the 1837 Allen &amp; Thurber Pepperbox pistol is a symbol of technological innovation in the early 19\u1d49 century. Manufactured by the renowned Allen &amp; Thurber company, this model was one of the first to adopt a rotating multi-barrel design. At a time when single-shot pistols dominated the market, the Pepperbox offered multiple-fire capability without immediate reloading, revolutionizing personal and military weaponry.<\/p>\n<p>In North America, this type of multi-barrel firearm was particularly popular from the 1830s onwards. Indeed, at the time of the Civil War, it was used by civilians and military officers alike when colonizing frontier areas. Although the Pepperbox is mostly associated with the Wild West, it quickly spread from the USA to Great Britain and even to continental Europe.<\/p>\n<h2>Kolser replica weapons<\/h2>\n<p>As you already know, at R\u00e9plique Manga Cin\u00e9 we're committed to distributing quality products at the best prices. We've chosen the two leading brands in dummy gun replicas, including Kolser. The quality of this brand's finish is unquestionable. That's why we're constantly expanding our catalog with their products. Here are just a few examples:<\/p>\n<ul>\n<li>The Winchester <a href=\"https:\/\/repliquemangacine.fr\/en\/kolser-gun\/mares-leg-55cm-grey-kolser\/\">Mare's Leg<\/a> by Josh Randall and with bullet ejection. Available in several versions.<\/li>\n<li>There is also the <a href=\"https:\/\/repliquemangacine.fr\/en\/western-replica-guns\/derringer-kolser-pistol\/\">Derringer pistol<\/a>. Also available in several versions<\/li>\n<li>As well as the brass Thunderer Colt with its mother-of-pearl grip. Various models<\/li>\n<li>Let's not forget the <a href=\"https:\/\/repliquemangacine.fr\/en\/kolser-gun\/6-dummy-bullets-for-colt-45-kolser\/\">dummy bullets<\/a> special for Colt and Kolser rifles, giving you the option of using a firecracker primer for an even more realistic effect.<\/li>\n<\/ul>\n<p>In conclusion, to own a replica of the 1837 Allen &amp; Thurber Pepperbox pistol. It's a piece of gunsmithing history. A fascinating collector's item for any historical weapons enthusiast. Offering a unique insight into the evolution of weapons technology in the 19\u1d49 century. If you're looking to enhance your collection or add an authentic touch to your arsenal, this replica is a must-have choice.<\/p>\n<p>Don't hesitate to add this magnificent example to your collection, and immerse yourself in history with the 1837 Allen &amp; Thurber Pepperbox.<\/p>","protected":false},"excerpt":{"rendered":"<p>Identical replica of the Allen &amp; Thurber Pepperbox 6-shot pistol from 1837<\/p>\n<ul>\n<li>In metal (Zamak) and brass<\/li>\n<li>6-shot barrel with engravings<\/li>\n<li>Wooden stock<\/li>\n<li>Supplied in a decorated Kolser box<\/li>\n<li>Length: 23 cm<\/li>\n<\/ul>","protected":false},"featured_media":72677,"template":"","meta":[],"product_brand":[896],"product_cat":[100,34,77,52,28,64,27],"product_tag":[],"class_list":{"0":"post-72675","1":"product","2":"type-product","3":"status-publish","4":"has-post-thumbnail","6":"product_brand-replique-manga-cine","7":"product_cat-arme-kolser","8":"product_cat-armes-westerns","9":"product_cat-colt-revolver-western","10":"product_cat-pistolet-ancien","11":"product_cat-repliques-darmes","12":"product_cat-western-repliques-armes","13":"product_cat-armes-et-accessoires-western","15":"first","16":"instock","17":"taxable","18":"shipping-taxable","19":"purchasable","20":"product-type-simple"},"yoast_head":"<!-- This site is optimized with the Yoast SEO plugin v27.4 - https:\/\/yoast.com\/product\/yoast-seo-wordpress\/ -->\n<title>Pistolet Laiton Pepperbox - R\u00e9plique Manga Cin\u00e9<\/title>\n<meta name=\"description\" content=\"D\u00e9couvrez cette superbe r\u00e9plique du Pistolet Laiton Pepperbox de la marque Kolser. Ce Allen &amp; Thurber \u00e0 6 coups est \u00e0 l&#039;identique de l&#039;originale. 23cm\" \/>\n<meta name=\"robots\" content=\"index, follow, max-snippet:-1, max-image-preview:large, max-video-preview:-1\" \/>\n<link rel=\"canonical\" href=\"https:\/\/repliquemangacine.fr\/en\/western-replica-guns\/pepperbox-brass-gun\/\" \/>\n<meta property=\"og:locale\" content=\"en_US\" \/>\n<meta property=\"og:type\" content=\"article\" \/>\n<meta property=\"og:title\" content=\"Pistolet Laiton Pepperbox - R\u00e9plique Manga Cin\u00e9\" \/>\n<meta property=\"og:description\" content=\"D\u00e9couvrez cette superbe r\u00e9plique du Pistolet Laiton Pepperbox de la marque Kolser. Ce Allen &amp; Thurber \u00e0 6 coups est \u00e0 l&#039;identique de l&#039;originale. 23cm\" \/>\n<meta property=\"og:url\" content=\"https:\/\/repliquemangacine.fr\/en\/western-replica-guns\/pepperbox-brass-gun\/\" \/>\n<meta property=\"og:site_name\" content=\"R\u00e9plique Manga Cin\u00e9\" \/>\n<meta property=\"article:publisher\" content=\"https:\/\/www.facebook.com\/RepliqueMangaCine\" \/>\n<meta property=\"article:modified_time\" content=\"2026-04-20T15:51:58+00:00\" \/>\n<meta property=\"og:image\" content=\"https:\/\/repliquemangacine.fr\/wp-content\/uploads\/2024\/06\/Pistolet-pepperbox-laiton.jpg\" \/>\n\t<meta property=\"og:image:width\" content=\"500\" \/>\n\t<meta property=\"og:image:height\" content=\"500\" \/>\n\t<meta property=\"og:image:type\" content=\"image\/jpeg\" \/>\n<meta name=\"twitter:card\" content=\"summary_large_image\" \/>\n<meta name=\"twitter:label1\" content=\"Est. reading time\" \/>\n\t<meta name=\"twitter:data1\" content=\"3 minutes\" \/>\n<script type=\"application\/ld+json\" class=\"yoast-schema-graph\">{\"@context\":\"https:\\\/\\\/schema.org\",\"@graph\":[{\"@type\":\"WebPage\",\"@id\":\"https:\\\/\\\/repliquemangacine.fr\\\/western-repliques-armes\\\/pistolet-laiton-pepperbox\\\/\",\"url\":\"https:\\\/\\\/repliquemangacine.fr\\\/western-repliques-armes\\\/pistolet-laiton-pepperbox\\\/\",\"name\":\"Pistolet Laiton Pepperbox - R\u00e9plique Manga Cin\u00e9\",\"isPartOf\":{\"@id\":\"https:\\\/\\\/repliquemangacine.fr\\\/#website\"},\"primaryImageOfPage\":{\"@id\":\"https:\\\/\\\/repliquemangacine.fr\\\/western-repliques-armes\\\/pistolet-laiton-pepperbox\\\/#primaryimage\"},\"image\":{\"@id\":\"https:\\\/\\\/repliquemangacine.fr\\\/western-repliques-armes\\\/pistolet-laiton-pepperbox\\\/#primaryimage\"},\"thumbnailUrl\":\"https:\\\/\\\/repliquemangacine.fr\\\/wp-content\\\/uploads\\\/2024\\\/06\\\/Pistolet-pepperbox-laiton.jpg\",\"datePublished\":\"2024-06-11T17:41:28+00:00\",\"dateModified\":\"2026-04-20T15:51:58+00:00\",\"description\":\"D\u00e9couvrez cette superbe r\u00e9plique du Pistolet Laiton Pepperbox de la marque Kolser. Ce Allen & Thurber \u00e0 6 coups est \u00e0 l'identique de l'originale. 23cm\",\"breadcrumb\":{\"@id\":\"https:\\\/\\\/repliquemangacine.fr\\\/western-repliques-armes\\\/pistolet-laiton-pepperbox\\\/#breadcrumb\"},\"inLanguage\":\"en-US\",\"potentialAction\":[{\"@type\":\"ReadAction\",\"target\":[\"https:\\\/\\\/repliquemangacine.fr\\\/western-repliques-armes\\\/pistolet-laiton-pepperbox\\\/\"]}]},{\"@type\":\"ImageObject\",\"inLanguage\":\"en-US\",\"@id\":\"https:\\\/\\\/repliquemangacine.fr\\\/western-repliques-armes\\\/pistolet-laiton-pepperbox\\\/#primaryimage\",\"url\":\"https:\\\/\\\/repliquemangacine.fr\\\/wp-content\\\/uploads\\\/2024\\\/06\\\/Pistolet-pepperbox-laiton.jpg\",\"contentUrl\":\"https:\\\/\\\/repliquemangacine.fr\\\/wp-content\\\/uploads\\\/2024\\\/06\\\/Pistolet-pepperbox-laiton.jpg\",\"width\":500,\"height\":500,\"caption\":\"Pistolet Laiton Pepperbox Kolser\"},{\"@type\":\"BreadcrumbList\",\"@id\":\"https:\\\/\\\/repliquemangacine.fr\\\/western-repliques-armes\\\/pistolet-laiton-pepperbox\\\/#breadcrumb\",\"itemListElement\":[{\"@type\":\"ListItem\",\"position\":1,\"name\":\"Accueil\",\"item\":\"https:\\\/\\\/repliquemangacine.fr\\\/\"},{\"@type\":\"ListItem\",\"position\":2,\"name\":\"Produits\",\"item\":\"https:\\\/\\\/repliquemangacine.fr\\\/boutique\\\/\"},{\"@type\":\"ListItem\",\"position\":3,\"name\":\"Pistolet Laiton Pepperbox\"}]},{\"@type\":\"WebSite\",\"@id\":\"https:\\\/\\\/repliquemangacine.fr\\\/#website\",\"url\":\"https:\\\/\\\/repliquemangacine.fr\\\/\",\"name\":\"R\u00e9plique Manga Cin\u00e9\",\"description\":\"\",\"publisher\":{\"@id\":\"https:\\\/\\\/repliquemangacine.fr\\\/#organization\"},\"potentialAction\":[{\"@type\":\"SearchAction\",\"target\":{\"@type\":\"EntryPoint\",\"urlTemplate\":\"https:\\\/\\\/repliquemangacine.fr\\\/?s={search_term_string}\"},\"query-input\":{\"@type\":\"PropertyValueSpecification\",\"valueRequired\":true,\"valueName\":\"search_term_string\"}}],\"inLanguage\":\"en-US\"},{\"@type\":\"Organization\",\"@id\":\"https:\\\/\\\/repliquemangacine.fr\\\/#organization\",\"name\":\"R\u00e9plique Manga Cin\u00e9\",\"url\":\"https:\\\/\\\/repliquemangacine.fr\\\/\",\"logo\":{\"@type\":\"ImageObject\",\"inLanguage\":\"en-US\",\"@id\":\"https:\\\/\\\/repliquemangacine.fr\\\/#\\\/schema\\\/logo\\\/image\\\/\",\"url\":\"https:\\\/\\\/repliquemangacine.fr\\\/wp-content\\\/uploads\\\/2023\\\/10\\\/RMC-500250.png\",\"contentUrl\":\"https:\\\/\\\/repliquemangacine.fr\\\/wp-content\\\/uploads\\\/2023\\\/10\\\/RMC-500250.png\",\"width\":500,\"height\":250,\"caption\":\"R\u00e9plique Manga Cin\u00e9\"},\"image\":{\"@id\":\"https:\\\/\\\/repliquemangacine.fr\\\/#\\\/schema\\\/logo\\\/image\\\/\"},\"sameAs\":[\"https:\\\/\\\/www.facebook.com\\\/RepliqueMangaCine\",\"https:\\\/\\\/www.instagram.com\\\/repliquemangacine.fr\\\/\"]}]}<\/script>\n<!-- \/ Yoast SEO plugin. -->","yoast_head_json":{"title":"Pepperbox Brass Gun - R\u00e9plique Manga Cin\u00e9","description":"Discover this superb replica of the Kolser Pepperbox Brass Pistol. This Allen &amp; Thurber 6-shot pistol is identical to the original. 23cm","robots":{"index":"index","follow":"follow","max-snippet":"max-snippet:-1","max-image-preview":"max-image-preview:large","max-video-preview":"max-video-preview:-1"},"canonical":"https:\/\/repliquemangacine.fr\/en\/western-replica-guns\/pepperbox-brass-gun\/","og_locale":"en_US","og_type":"article","og_title":"Pistolet Laiton Pepperbox - R\u00e9plique Manga Cin\u00e9","og_description":"D\u00e9couvrez cette superbe r\u00e9plique du Pistolet Laiton Pepperbox de la marque Kolser. Ce Allen & Thurber \u00e0 6 coups est \u00e0 l'identique de l'originale. 23cm","og_url":"https:\/\/repliquemangacine.fr\/en\/western-replica-guns\/pepperbox-brass-gun\/","og_site_name":"R\u00e9plique Manga Cin\u00e9","article_publisher":"https:\/\/www.facebook.com\/RepliqueMangaCine","article_modified_time":"2026-04-20T15:51:58+00:00","og_image":[{"width":500,"height":500,"url":"https:\/\/repliquemangacine.fr\/wp-content\/uploads\/2024\/06\/Pistolet-pepperbox-laiton.jpg","type":"image\/jpeg"}],"twitter_card":"summary_large_image","twitter_misc":{"Est. reading time":"3 minutes"},"schema":{"@context":"https:\/\/schema.org","@graph":[{"@type":"WebPage","@id":"https:\/\/repliquemangacine.fr\/western-repliques-armes\/pistolet-laiton-pepperbox\/","url":"https:\/\/repliquemangacine.fr\/western-repliques-armes\/pistolet-laiton-pepperbox\/","name":"Pepperbox Brass Gun - R\u00e9plique Manga Cin\u00e9","isPartOf":{"@id":"https:\/\/repliquemangacine.fr\/#website"},"primaryImageOfPage":{"@id":"https:\/\/repliquemangacine.fr\/western-repliques-armes\/pistolet-laiton-pepperbox\/#primaryimage"},"image":{"@id":"https:\/\/repliquemangacine.fr\/western-repliques-armes\/pistolet-laiton-pepperbox\/#primaryimage"},"thumbnailUrl":"https:\/\/repliquemangacine.fr\/wp-content\/uploads\/2024\/06\/Pistolet-pepperbox-laiton.jpg","datePublished":"2024-06-11T17:41:28+00:00","dateModified":"2026-04-20T15:51:58+00:00","description":"Discover this superb replica of the Kolser Pepperbox Brass Pistol. This Allen &amp; Thurber 6-shot pistol is identical to the original. 23cm","breadcrumb":{"@id":"https:\/\/repliquemangacine.fr\/western-repliques-armes\/pistolet-laiton-pepperbox\/#breadcrumb"},"inLanguage":"en-US","potentialAction":[{"@type":"ReadAction","target":["https:\/\/repliquemangacine.fr\/western-repliques-armes\/pistolet-laiton-pepperbox\/"]}]},{"@type":"ImageObject","inLanguage":"en-US","@id":"https:\/\/repliquemangacine.fr\/western-repliques-armes\/pistolet-laiton-pepperbox\/#primaryimage","url":"https:\/\/repliquemangacine.fr\/wp-content\/uploads\/2024\/06\/Pistolet-pepperbox-laiton.jpg","contentUrl":"https:\/\/repliquemangacine.fr\/wp-content\/uploads\/2024\/06\/Pistolet-pepperbox-laiton.jpg","width":500,"height":500,"caption":"Pistolet Laiton Pepperbox Kolser"},{"@type":"BreadcrumbList","@id":"https:\/\/repliquemangacine.fr\/western-repliques-armes\/pistolet-laiton-pepperbox\/#breadcrumb","itemListElement":[{"@type":"ListItem","position":1,"name":"Accueil","item":"https:\/\/repliquemangacine.fr\/"},{"@type":"ListItem","position":2,"name":"Produits","item":"https:\/\/repliquemangacine.fr\/boutique\/"},{"@type":"ListItem","position":3,"name":"Pistolet Laiton Pepperbox"}]},{"@type":"WebSite","@id":"https:\/\/repliquemangacine.fr\/#website","url":"https:\/\/repliquemangacine.fr\/","name":"R\u00e9plique Manga Cin\u00e9","description":"","publisher":{"@id":"https:\/\/repliquemangacine.fr\/#organization"},"potentialAction":[{"@type":"SearchAction","target":{"@type":"EntryPoint","urlTemplate":"https:\/\/repliquemangacine.fr\/?s={search_term_string}"},"query-input":{"@type":"PropertyValueSpecification","valueRequired":true,"valueName":"search_term_string"}}],"inLanguage":"en-US"},{"@type":"Organization","@id":"https:\/\/repliquemangacine.fr\/#organization","name":"R\u00e9plique Manga Cin\u00e9","url":"https:\/\/repliquemangacine.fr\/","logo":{"@type":"ImageObject","inLanguage":"en-US","@id":"https:\/\/repliquemangacine.fr\/#\/schema\/logo\/image\/","url":"https:\/\/repliquemangacine.fr\/wp-content\/uploads\/2023\/10\/RMC-500250.png","contentUrl":"https:\/\/repliquemangacine.fr\/wp-content\/uploads\/2023\/10\/RMC-500250.png","width":500,"height":250,"caption":"R\u00e9plique Manga Cin\u00e9"},"image":{"@id":"https:\/\/repliquemangacine.fr\/#\/schema\/logo\/image\/"},"sameAs":["https:\/\/www.facebook.com\/RepliqueMangaCine","https:\/\/www.instagram.com\/repliquemangacine.fr\/"]}]}},"_links":{"self":[{"href":"https:\/\/repliquemangacine.fr\/en\/wp-json\/wp\/v2\/product\/72675","targetHints":{"allow":["GET"]}}],"collection":[{"href":"https:\/\/repliquemangacine.fr\/en\/wp-json\/wp\/v2\/product"}],"about":[{"href":"https:\/\/repliquemangacine.fr\/en\/wp-json\/wp\/v2\/types\/product"}],"wp:featuredmedia":[{"embeddable":true,"href":"https:\/\/repliquemangacine.fr\/en\/wp-json\/wp\/v2\/media\/72677"}],"wp:attachment":[{"href":"https:\/\/repliquemangacine.fr\/en\/wp-json\/wp\/v2\/media?parent=72675"}],"wp:term":[{"taxonomy":"product_brand","embeddable":true,"href":"https:\/\/repliquemangacine.fr\/en\/wp-json\/wp\/v2\/product_brand?post=72675"},{"taxonomy":"product_cat","embeddable":true,"href":"https:\/\/repliquemangacine.fr\/en\/wp-json\/wp\/v2\/product_cat?post=72675"},{"taxonomy":"product_tag","embeddable":true,"href":"https:\/\/repliquemangacine.fr\/en\/wp-json\/wp\/v2\/product_tag?post=72675"}],"curies":[{"name":"wp","href":"https:\/\/api.w.org\/{rel}","templated":true}]}}