





{"id":72667,"date":"2024-06-11T19:25:58","date_gmt":"2024-06-11T17:25:58","guid":{"rendered":"https:\/\/repliquemangacine.fr\/?post_type=product&#038;p=72667"},"modified":"2026-02-16T08:39:43","modified_gmt":"2026-02-16T07:39:43","slug":"pepperbox-gun-kolser-grey","status":"publish","type":"product","link":"https:\/\/repliquemangacine.fr\/en\/armes-westerns\/pistolet-pepperbox-kolser-gris\/","title":{"rendered":"Pepperbox Gun Kolser Grey"},"content":{"rendered":"<h2>Allen &amp; Thurber 1837 Pepperbox pistol by Kolser<\/h2>\n<p>First, immerse yourself in history with an authentic replica of the Pepperbox pistol. <a href=\"https:\/\/en.wikipedia.org\/wiki\/Ethan_Allen_(armsmaker)\" target=\"_blank\" rel=\"noopener noreferrer\">Allen &amp; Thurber<\/a> 1837, made by Kolser. This historic piece, emblematic of the evolution of firearms, is a valuable addition to any collector or gun enthusiast's collection. Available in two versions, this replica is a faithful tribute to the original design, offering both aesthetics and functionality.<\/p>\n<p>Also known as the \"Pepperbox\" or 6-shot pepperbox. Kolser manufactures this beautiful gun and highlights its fine finish in a beautiful silver color. This replica retains the details of the original, perfectly matching the aesthetics of the original 1837 gun. It features engraved details on the top of the metal and wooden stock. Resistant materials like metal and resin ensure durability and preservation over time. It also measures 23 centimetres, adorned with a beautiful finish. Ideal for decorating any space.<\/p>\n<h2>The History of the Allen &amp; Thurber Pepperbox Pistol of 1837<\/h2>\n<p>First and foremost, the 1837 Allen &amp; Thurber Pepperbox pistol is a symbol of technological innovation in the early 19\u1d49 century. Manufactured by the renowned Allen &amp; Thurber company, this model was one of the first to adopt a rotating multi-barrel design. At a time when single-shot pistols dominated the market, the Pepperbox offered multiple-fire capability without immediate reloading, revolutionizing personal and military weaponry.<\/p>\n<p>In North America, this type of multi-barrel firearm was particularly popular from the 1830s onwards. Indeed, at the time of the Civil War, it was used by civilians and military officers alike when colonizing frontier areas. Although the Pepperbox is mostly associated with the Wild West, it quickly spread from the USA to Great Britain and even to continental Europe.<\/p>\n<h2>Kolser replica weapons<\/h2>\n<p>As you already know, at R\u00e9plique Manga Cin\u00e9 we're committed to distributing quality products at the best prices. We've chosen the two leading brands in dummy gun replicas, including Kolser. The quality of this brand's finish is unquestionable. That's why we're constantly expanding our catalog with their products. Here are just a few examples:<\/p>\n<ul>\n<li>Visit <a href=\"https:\/\/repliquemangacine.fr\/en\/kolser-gun\/mares-leg-55cm-grey-kolser\/\">Winchester Mare's Leg<\/a> by Josh Randall and with bullet ejection. Available in several versions.<\/li>\n<li>There is also the <a href=\"https:\/\/repliquemangacine.fr\/en\/western-replica-guns\/derringer-kolser-pistol\/\">Derringer pistol<\/a>. Also available in several versions<\/li>\n<li>As well as the <a href=\"https:\/\/repliquemangacine.fr\/en\/kolser-gun\/revolver-thunderer-brass\/\">colt Thunderer in brass<\/a> and mother-of-pearl stock. Various models<\/li>\n<li>Let's not forget the special dummy bullets for Colt and Kolser rifles, which give you the option of using a firecracker primer for an even more realistic effect.<\/li>\n<\/ul>\n<p>In conclusion, to own a replica of the 1837 Allen &amp; Thurber Pepperbox pistol. It's a piece of gunsmithing history. A fascinating collector's item for any historical weapons enthusiast. Offering a unique insight into the evolution of weapons technology in the 19\u1d49 century. If you're looking to enhance your collection or add an authentic touch to your arsenal, this replica is a must-have choice.<\/p>\n<p>Don't hesitate to add this magnificent example to your collection, and immerse yourself in history with the 1837 Allen &amp; Thurber Pepperbox.<\/p>","protected":false},"excerpt":{"rendered":"<p>Identical replica of the Allen &amp; Thurber Pepperbox 6-shot pistol from 1837<\/p>\n<ul>\n<li>Metal (Zamak)<\/li>\n<li>6-shot barrel with engravings<\/li>\n<li>Wooden stock<\/li>\n<li>Supplied in a decorated Kolser box<\/li>\n<li>Length: 23 cm<\/li>\n<\/ul>","protected":false},"featured_media":72669,"template":"","meta":[],"product_brand":[896],"product_cat":[100,34,77,27,64],"product_tag":[],"class_list":{"0":"post-72667","1":"product","2":"type-product","3":"status-publish","4":"has-post-thumbnail","6":"product_brand-replique-manga-cine","7":"product_cat-arme-kolser","8":"product_cat-armes-westerns","9":"product_cat-colt-revolver-western","10":"product_cat-armes-et-accessoires-western","11":"product_cat-western-repliques-armes","13":"first","14":"instock","15":"taxable","16":"shipping-taxable","17":"purchasable","18":"product-type-simple"},"yoast_head":"<!-- This site is optimized with the Yoast SEO plugin v27.5 - https:\/\/yoast.com\/product\/yoast-seo-wordpress\/ -->\n<title>Pistolet Pepperbox Kolser Gris - R\u00e9plique Manga Cin\u00e9<\/title>\n<meta name=\"description\" content=\"Venez d\u00e9couvrir le superbe Pistolet Pepperbox Gris de la marque Kolser. Cette r\u00e9plique de 1837, muni d&#039;un canon \u00e0 6 coups. En m\u00e9tal. Longueur totale : 23 cm\" \/>\n<meta name=\"robots\" content=\"index, follow, max-snippet:-1, max-image-preview:large, max-video-preview:-1\" \/>\n<link rel=\"canonical\" href=\"https:\/\/repliquemangacine.fr\/en\/western-weapons\/pepperbox-gun-kolser-grey\/\" \/>\n<meta property=\"og:locale\" content=\"en_US\" \/>\n<meta property=\"og:type\" content=\"article\" \/>\n<meta property=\"og:title\" content=\"Pistolet Pepperbox Kolser Gris - R\u00e9plique Manga Cin\u00e9\" \/>\n<meta property=\"og:description\" content=\"Venez d\u00e9couvrir le superbe Pistolet Pepperbox Gris de la marque Kolser. Cette r\u00e9plique de 1837, muni d&#039;un canon \u00e0 6 coups. En m\u00e9tal. Longueur totale : 23 cm\" \/>\n<meta property=\"og:url\" content=\"https:\/\/repliquemangacine.fr\/en\/western-weapons\/pepperbox-gun-kolser-grey\/\" \/>\n<meta property=\"og:site_name\" content=\"R\u00e9plique Manga Cin\u00e9\" \/>\n<meta property=\"article:publisher\" content=\"https:\/\/www.facebook.com\/RepliqueMangaCine\" \/>\n<meta property=\"article:modified_time\" content=\"2026-02-16T07:39:43+00:00\" \/>\n<meta property=\"og:image\" content=\"https:\/\/repliquemangacine.fr\/wp-content\/uploads\/2024\/06\/pistolet-ALLEN-THURBER-PEPPERBOX-6-shots.jpg\" \/>\n\t<meta property=\"og:image:width\" content=\"500\" \/>\n\t<meta property=\"og:image:height\" content=\"500\" \/>\n\t<meta property=\"og:image:type\" content=\"image\/jpeg\" \/>\n<meta name=\"twitter:card\" content=\"summary_large_image\" \/>\n<meta name=\"twitter:label1\" content=\"Est. reading time\" \/>\n\t<meta name=\"twitter:data1\" content=\"3 minutes\" \/>\n<script type=\"application\/ld+json\" class=\"yoast-schema-graph\">{\"@context\":\"https:\\\/\\\/schema.org\",\"@graph\":[{\"@type\":\"WebPage\",\"@id\":\"https:\\\/\\\/repliquemangacine.fr\\\/armes-westerns\\\/pistolet-pepperbox-kolser-gris\\\/\",\"url\":\"https:\\\/\\\/repliquemangacine.fr\\\/armes-westerns\\\/pistolet-pepperbox-kolser-gris\\\/\",\"name\":\"Pistolet Pepperbox Kolser Gris - R\u00e9plique Manga Cin\u00e9\",\"isPartOf\":{\"@id\":\"https:\\\/\\\/repliquemangacine.fr\\\/#website\"},\"primaryImageOfPage\":{\"@id\":\"https:\\\/\\\/repliquemangacine.fr\\\/armes-westerns\\\/pistolet-pepperbox-kolser-gris\\\/#primaryimage\"},\"image\":{\"@id\":\"https:\\\/\\\/repliquemangacine.fr\\\/armes-westerns\\\/pistolet-pepperbox-kolser-gris\\\/#primaryimage\"},\"thumbnailUrl\":\"https:\\\/\\\/repliquemangacine.fr\\\/wp-content\\\/uploads\\\/2024\\\/06\\\/pistolet-ALLEN-THURBER-PEPPERBOX-6-shots.jpg\",\"datePublished\":\"2024-06-11T17:25:58+00:00\",\"dateModified\":\"2026-02-16T07:39:43+00:00\",\"description\":\"Venez d\u00e9couvrir le superbe Pistolet Pepperbox Gris de la marque Kolser. Cette r\u00e9plique de 1837, muni d'un canon \u00e0 6 coups. En m\u00e9tal. Longueur totale : 23 cm\",\"breadcrumb\":{\"@id\":\"https:\\\/\\\/repliquemangacine.fr\\\/armes-westerns\\\/pistolet-pepperbox-kolser-gris\\\/#breadcrumb\"},\"inLanguage\":\"en-US\",\"potentialAction\":[{\"@type\":\"ReadAction\",\"target\":[\"https:\\\/\\\/repliquemangacine.fr\\\/armes-westerns\\\/pistolet-pepperbox-kolser-gris\\\/\"]}]},{\"@type\":\"ImageObject\",\"inLanguage\":\"en-US\",\"@id\":\"https:\\\/\\\/repliquemangacine.fr\\\/armes-westerns\\\/pistolet-pepperbox-kolser-gris\\\/#primaryimage\",\"url\":\"https:\\\/\\\/repliquemangacine.fr\\\/wp-content\\\/uploads\\\/2024\\\/06\\\/pistolet-ALLEN-THURBER-PEPPERBOX-6-shots.jpg\",\"contentUrl\":\"https:\\\/\\\/repliquemangacine.fr\\\/wp-content\\\/uploads\\\/2024\\\/06\\\/pistolet-ALLEN-THURBER-PEPPERBOX-6-shots.jpg\",\"width\":500,\"height\":500,\"caption\":\"Pistolet Pepperbox Kolser 6 coups Allen & Thurber\"},{\"@type\":\"BreadcrumbList\",\"@id\":\"https:\\\/\\\/repliquemangacine.fr\\\/armes-westerns\\\/pistolet-pepperbox-kolser-gris\\\/#breadcrumb\",\"itemListElement\":[{\"@type\":\"ListItem\",\"position\":1,\"name\":\"Accueil\",\"item\":\"https:\\\/\\\/repliquemangacine.fr\\\/\"},{\"@type\":\"ListItem\",\"position\":2,\"name\":\"Produits\",\"item\":\"https:\\\/\\\/repliquemangacine.fr\\\/boutique\\\/\"},{\"@type\":\"ListItem\",\"position\":3,\"name\":\"Pistolet Pepperbox Kolser Gris\"}]},{\"@type\":\"WebSite\",\"@id\":\"https:\\\/\\\/repliquemangacine.fr\\\/#website\",\"url\":\"https:\\\/\\\/repliquemangacine.fr\\\/\",\"name\":\"R\u00e9plique Manga Cin\u00e9\",\"description\":\"\",\"publisher\":{\"@id\":\"https:\\\/\\\/repliquemangacine.fr\\\/#organization\"},\"potentialAction\":[{\"@type\":\"SearchAction\",\"target\":{\"@type\":\"EntryPoint\",\"urlTemplate\":\"https:\\\/\\\/repliquemangacine.fr\\\/?s={search_term_string}\"},\"query-input\":{\"@type\":\"PropertyValueSpecification\",\"valueRequired\":true,\"valueName\":\"search_term_string\"}}],\"inLanguage\":\"en-US\"},{\"@type\":\"Organization\",\"@id\":\"https:\\\/\\\/repliquemangacine.fr\\\/#organization\",\"name\":\"R\u00e9plique Manga Cin\u00e9\",\"url\":\"https:\\\/\\\/repliquemangacine.fr\\\/\",\"logo\":{\"@type\":\"ImageObject\",\"inLanguage\":\"en-US\",\"@id\":\"https:\\\/\\\/repliquemangacine.fr\\\/#\\\/schema\\\/logo\\\/image\\\/\",\"url\":\"https:\\\/\\\/repliquemangacine.fr\\\/wp-content\\\/uploads\\\/2023\\\/10\\\/RMC-500250.png\",\"contentUrl\":\"https:\\\/\\\/repliquemangacine.fr\\\/wp-content\\\/uploads\\\/2023\\\/10\\\/RMC-500250.png\",\"width\":500,\"height\":250,\"caption\":\"R\u00e9plique Manga Cin\u00e9\"},\"image\":{\"@id\":\"https:\\\/\\\/repliquemangacine.fr\\\/#\\\/schema\\\/logo\\\/image\\\/\"},\"sameAs\":[\"https:\\\/\\\/www.facebook.com\\\/RepliqueMangaCine\",\"https:\\\/\\\/www.instagram.com\\\/repliquemangacine.fr\\\/\"]}]}<\/script>\n<!-- \/ Yoast SEO plugin. -->","yoast_head_json":{"title":"Pepperbox Gun Kolser Grey - R\u00e9plique Manga Cin\u00e9","description":"Come and discover the superb Pepperbox Grey Pistol from Kolser. This 1837 replica features a 6-shot barrel. Made of metal. Overall length: 23 cm","robots":{"index":"index","follow":"follow","max-snippet":"max-snippet:-1","max-image-preview":"max-image-preview:large","max-video-preview":"max-video-preview:-1"},"canonical":"https:\/\/repliquemangacine.fr\/en\/western-weapons\/pepperbox-gun-kolser-grey\/","og_locale":"en_US","og_type":"article","og_title":"Pistolet Pepperbox Kolser Gris - R\u00e9plique Manga Cin\u00e9","og_description":"Venez d\u00e9couvrir le superbe Pistolet Pepperbox Gris de la marque Kolser. Cette r\u00e9plique de 1837, muni d'un canon \u00e0 6 coups. En m\u00e9tal. Longueur totale : 23 cm","og_url":"https:\/\/repliquemangacine.fr\/en\/western-weapons\/pepperbox-gun-kolser-grey\/","og_site_name":"R\u00e9plique Manga Cin\u00e9","article_publisher":"https:\/\/www.facebook.com\/RepliqueMangaCine","article_modified_time":"2026-02-16T07:39:43+00:00","og_image":[{"width":500,"height":500,"url":"https:\/\/repliquemangacine.fr\/wp-content\/uploads\/2024\/06\/pistolet-ALLEN-THURBER-PEPPERBOX-6-shots.jpg","type":"image\/jpeg"}],"twitter_card":"summary_large_image","twitter_misc":{"Est. reading time":"3 minutes"},"schema":{"@context":"https:\/\/schema.org","@graph":[{"@type":"WebPage","@id":"https:\/\/repliquemangacine.fr\/armes-westerns\/pistolet-pepperbox-kolser-gris\/","url":"https:\/\/repliquemangacine.fr\/armes-westerns\/pistolet-pepperbox-kolser-gris\/","name":"Pepperbox Gun Kolser Grey - R\u00e9plique Manga Cin\u00e9","isPartOf":{"@id":"https:\/\/repliquemangacine.fr\/#website"},"primaryImageOfPage":{"@id":"https:\/\/repliquemangacine.fr\/armes-westerns\/pistolet-pepperbox-kolser-gris\/#primaryimage"},"image":{"@id":"https:\/\/repliquemangacine.fr\/armes-westerns\/pistolet-pepperbox-kolser-gris\/#primaryimage"},"thumbnailUrl":"https:\/\/repliquemangacine.fr\/wp-content\/uploads\/2024\/06\/pistolet-ALLEN-THURBER-PEPPERBOX-6-shots.jpg","datePublished":"2024-06-11T17:25:58+00:00","dateModified":"2026-02-16T07:39:43+00:00","description":"Come and discover the superb Pepperbox Grey Pistol from Kolser. This 1837 replica features a 6-shot barrel. Made of metal. Overall length: 23 cm","breadcrumb":{"@id":"https:\/\/repliquemangacine.fr\/armes-westerns\/pistolet-pepperbox-kolser-gris\/#breadcrumb"},"inLanguage":"en-US","potentialAction":[{"@type":"ReadAction","target":["https:\/\/repliquemangacine.fr\/armes-westerns\/pistolet-pepperbox-kolser-gris\/"]}]},{"@type":"ImageObject","inLanguage":"en-US","@id":"https:\/\/repliquemangacine.fr\/armes-westerns\/pistolet-pepperbox-kolser-gris\/#primaryimage","url":"https:\/\/repliquemangacine.fr\/wp-content\/uploads\/2024\/06\/pistolet-ALLEN-THURBER-PEPPERBOX-6-shots.jpg","contentUrl":"https:\/\/repliquemangacine.fr\/wp-content\/uploads\/2024\/06\/pistolet-ALLEN-THURBER-PEPPERBOX-6-shots.jpg","width":500,"height":500,"caption":"Pistolet Pepperbox Kolser 6 coups Allen & Thurber"},{"@type":"BreadcrumbList","@id":"https:\/\/repliquemangacine.fr\/armes-westerns\/pistolet-pepperbox-kolser-gris\/#breadcrumb","itemListElement":[{"@type":"ListItem","position":1,"name":"Accueil","item":"https:\/\/repliquemangacine.fr\/"},{"@type":"ListItem","position":2,"name":"Produits","item":"https:\/\/repliquemangacine.fr\/boutique\/"},{"@type":"ListItem","position":3,"name":"Pistolet Pepperbox Kolser Gris"}]},{"@type":"WebSite","@id":"https:\/\/repliquemangacine.fr\/#website","url":"https:\/\/repliquemangacine.fr\/","name":"R\u00e9plique Manga Cin\u00e9","description":"","publisher":{"@id":"https:\/\/repliquemangacine.fr\/#organization"},"potentialAction":[{"@type":"SearchAction","target":{"@type":"EntryPoint","urlTemplate":"https:\/\/repliquemangacine.fr\/?s={search_term_string}"},"query-input":{"@type":"PropertyValueSpecification","valueRequired":true,"valueName":"search_term_string"}}],"inLanguage":"en-US"},{"@type":"Organization","@id":"https:\/\/repliquemangacine.fr\/#organization","name":"R\u00e9plique Manga Cin\u00e9","url":"https:\/\/repliquemangacine.fr\/","logo":{"@type":"ImageObject","inLanguage":"en-US","@id":"https:\/\/repliquemangacine.fr\/#\/schema\/logo\/image\/","url":"https:\/\/repliquemangacine.fr\/wp-content\/uploads\/2023\/10\/RMC-500250.png","contentUrl":"https:\/\/repliquemangacine.fr\/wp-content\/uploads\/2023\/10\/RMC-500250.png","width":500,"height":250,"caption":"R\u00e9plique Manga Cin\u00e9"},"image":{"@id":"https:\/\/repliquemangacine.fr\/#\/schema\/logo\/image\/"},"sameAs":["https:\/\/www.facebook.com\/RepliqueMangaCine","https:\/\/www.instagram.com\/repliquemangacine.fr\/"]}]}},"_links":{"self":[{"href":"https:\/\/repliquemangacine.fr\/en\/wp-json\/wp\/v2\/product\/72667","targetHints":{"allow":["GET"]}}],"collection":[{"href":"https:\/\/repliquemangacine.fr\/en\/wp-json\/wp\/v2\/product"}],"about":[{"href":"https:\/\/repliquemangacine.fr\/en\/wp-json\/wp\/v2\/types\/product"}],"wp:featuredmedia":[{"embeddable":true,"href":"https:\/\/repliquemangacine.fr\/en\/wp-json\/wp\/v2\/media\/72669"}],"wp:attachment":[{"href":"https:\/\/repliquemangacine.fr\/en\/wp-json\/wp\/v2\/media?parent=72667"}],"wp:term":[{"taxonomy":"product_brand","embeddable":true,"href":"https:\/\/repliquemangacine.fr\/en\/wp-json\/wp\/v2\/product_brand?post=72667"},{"taxonomy":"product_cat","embeddable":true,"href":"https:\/\/repliquemangacine.fr\/en\/wp-json\/wp\/v2\/product_cat?post=72667"},{"taxonomy":"product_tag","embeddable":true,"href":"https:\/\/repliquemangacine.fr\/en\/wp-json\/wp\/v2\/product_tag?post=72667"}],"curies":[{"name":"wp","href":"https:\/\/api.w.org\/{rel}","templated":true}]}}