





{"id":72658,"date":"2024-06-11T16:45:42","date_gmt":"2024-06-11T14:45:42","guid":{"rendered":"https:\/\/repliquemangacine.fr\/?post_type=product&#038;p=72658"},"modified":"2025-12-18T08:58:49","modified_gmt":"2025-12-18T07:58:49","slug":"trident-daquaman-210-cm-metal","status":"publish","type":"product","link":"https:\/\/repliquemangacine.fr\/en\/super-heros-marvel\/trident-daquaman-210-cm-metal\/","title":{"rendered":"Aquaman's Trident 210 cm Metal"},"content":{"rendered":"<h2>Aquaman's Three-pointed Trident - Gold Metallic Edition<\/h2>\n<p>First, Aquaman's 210 cm Trident, an identical replica to the one used by Arthur Curry aka Jason Momoa. First, Atlan's trident, also known as the Sacred Trident. An ancient Atlantean relic originally forged and used by King Atlan. Centuries after the former ruler's exile and death, the trident is claimed by one of his descendants, Aquaman, to defeat Orm Marius.<\/p>\n<p>With regard to <a href=\"https:\/\/dc-extended-universe.fandom.com\/fr\/wiki\/Arthur_Curry\" target=\"_blank\" rel=\"noopener noreferrer\">Arthur Curry<\/a> King of Atlantis, eldest son of Queen Atlanna, eldest half-brother of Orm Marius. Member of the Justice League, as well as the superhero known to the world as Aquaman.<\/p>\n<p>It's worth pointing out that at the age of 13, Arthur dives and explores a shipwreck. But he finds himself trapped inside. After a few seconds, he realized he was probably drowning and began to faint. After waking up, Arthur finds he can breathe underwater. It is then that he notices a man swimming above him. Known as Nuidis Vulko. He introduces himself as the Chief Advisor to the King of Atlantis. Begins training him to use his Atlantean abilities. So that one day, Arthur can take his place as the rightful ruler of Atlantis.<\/p>\n<h2>Aquaman's Trident: Symbol of Power and Royalty<\/h2>\n<p>In the films of the DC Universe, the trident plays a central and symbolic role. It's not just a weapon, but a legendary artifact that grants its bearer the right to rule the seven seas. The trident, once held by King Atlan, is a symbol of power, royalty and legitimacy. Arthur Curry, aka Aquaman, must find this trident to prove that he is the true king of Atlantis.<\/p>\n<p>Aquaman's journey to find the trident is a test of courage and determination. The trident is hidden in the Hidden Sea, a difficult-to-reach place guarded by the Karathen, a mythical and fearsome creature. The quest to recover the trident highlights Aquaman's heroic qualities: his bravery, perseverance and sense of duty.<\/p>\n<p>Aquaman's trident is not only symbolic, it's also endowed with incredible powers. It allows Aquaman to control water and sea creatures, create tsunamis, and communicate with the inhabitants of the sea. This weapon gives Aquaman unrivalled power. Allowing him to protect Atlantis and maintain peace between the underwater realms and the surface.<\/p>\n<h2>Explore other legendary weapons in the DC Universe<\/h2>\n<p>Finally, the DC Universe is full of iconic characters and legendary weapons that capture the imagination of fans. In addition to Aquaman's trident, our collection includes other exceptional replicas.<\/p>\n<ul>\n<li>Discover the<a href=\"https:\/\/repliquemangacine.fr\/en\/marvel-superheroes\/god-killer-wonder-woman-sword\/\">God Killer sword<\/a> of Wonder Woman, a majestic weapon forged to slay the gods, symbolizing the Amazon's strength and determination.<\/li>\n<li>For lovers of chaos and mischief, the <a href=\"https:\/\/repliquemangacine.fr\/en\/marvel-superheroes\/jokers-suicide-squad-cane\/\">Joker's cane<\/a> is a must-have. This accessory, with its flamboyant, extravagant design, perfectly reflects the wacky personality of the Clown Prince of Crime.<\/li>\n<li>Finally, the<a href=\"https:\/\/repliquemangacine.fr\/en\/marvel-superheroes\/harley-quinn-baseball-bat\/\"> Harley Quinn's baseball bat<\/a>seen in \"Suicide Squad\", is a must-have for any collector. With its iconic lettering and worn appearance, this replica captures Harley Quinn's rebellious spirit and daring.<\/li>\n<\/ul>\n<p>In conclusion, each of these pieces is designed with meticulous attention to detail, making these replicas valuable additions to any collection dedicated to the DC Universe.<\/p>","protected":false},"excerpt":{"rendered":"<p>Superb 1\/1 scale replica of Arthur Curry's trident<\/p>\n<ul>\n<li>All metal<\/li>\n<li>Completely covered in gold metallic paint.<\/li>\n<li>Three-pronged fork<\/li>\n<li>Supplied disassembled in three parts with screwing system (tools included)<\/li>\n<li>Total length: 210 cm - Weight: 5580 gr<\/li>\n<\/ul>","protected":false},"featured_media":72661,"template":"","meta":[],"product_brand":[896],"product_cat":[59],"product_tag":[],"class_list":{"0":"post-72658","1":"product","2":"type-product","3":"status-publish","4":"has-post-thumbnail","6":"product_brand-replique-manga-cine","7":"product_cat-super-heros-marvel","9":"first","10":"instock","11":"taxable","12":"shipping-taxable","13":"purchasable","14":"product-type-simple"},"yoast_head":"<!-- This site is optimized with the Yoast SEO plugin v27.5 - https:\/\/yoast.com\/product\/yoast-seo-wordpress\/ -->\n<title>Trident d&#039;Aquaman 210 cm M\u00e9tal - R\u00e9plique Manga Cin\u00e9<\/title>\n<meta name=\"description\" content=\"D\u00e9couvrez cette superbe r\u00e9plique du Trident d&#039;Aquaman 210 cm tout en m\u00e9tal. Recouvert de peinture m\u00e9tallis\u00e9e en or. Livr\u00e9 en trois parties. Poids : 5580 gr\" \/>\n<meta name=\"robots\" content=\"index, follow, max-snippet:-1, max-image-preview:large, max-video-preview:-1\" \/>\n<link rel=\"canonical\" href=\"https:\/\/repliquemangacine.fr\/en\/marvel-superheroes\/trident-daquaman-210-cm-metal\/\" \/>\n<meta property=\"og:locale\" content=\"en_US\" \/>\n<meta property=\"og:type\" content=\"article\" \/>\n<meta property=\"og:title\" content=\"Trident d&#039;Aquaman 210 cm M\u00e9tal - R\u00e9plique Manga Cin\u00e9\" \/>\n<meta property=\"og:description\" content=\"D\u00e9couvrez cette superbe r\u00e9plique du Trident d&#039;Aquaman 210 cm tout en m\u00e9tal. Recouvert de peinture m\u00e9tallis\u00e9e en or. Livr\u00e9 en trois parties. Poids : 5580 gr\" \/>\n<meta property=\"og:url\" content=\"https:\/\/repliquemangacine.fr\/en\/marvel-superheroes\/trident-daquaman-210-cm-metal\/\" \/>\n<meta property=\"og:site_name\" content=\"R\u00e9plique Manga Cin\u00e9\" \/>\n<meta property=\"article:publisher\" content=\"https:\/\/www.facebook.com\/RepliqueMangaCine\" \/>\n<meta property=\"article:modified_time\" content=\"2025-12-18T07:58:49+00:00\" \/>\n<meta property=\"og:image\" content=\"https:\/\/repliquemangacine.fr\/wp-content\/uploads\/2024\/06\/Trident-aquaman-fourche.jpg\" \/>\n\t<meta property=\"og:image:width\" content=\"500\" \/>\n\t<meta property=\"og:image:height\" content=\"500\" \/>\n\t<meta property=\"og:image:type\" content=\"image\/jpeg\" \/>\n<meta name=\"twitter:card\" content=\"summary_large_image\" \/>\n<meta name=\"twitter:label1\" content=\"Est. reading time\" \/>\n\t<meta name=\"twitter:data1\" content=\"4 minutes\" \/>\n<script type=\"application\/ld+json\" class=\"yoast-schema-graph\">{\"@context\":\"https:\\\/\\\/schema.org\",\"@graph\":[{\"@type\":\"WebPage\",\"@id\":\"https:\\\/\\\/repliquemangacine.fr\\\/super-heros-marvel\\\/trident-daquaman-210-cm-metal\\\/\",\"url\":\"https:\\\/\\\/repliquemangacine.fr\\\/super-heros-marvel\\\/trident-daquaman-210-cm-metal\\\/\",\"name\":\"Trident d'Aquaman 210 cm M\u00e9tal - R\u00e9plique Manga Cin\u00e9\",\"isPartOf\":{\"@id\":\"https:\\\/\\\/repliquemangacine.fr\\\/#website\"},\"primaryImageOfPage\":{\"@id\":\"https:\\\/\\\/repliquemangacine.fr\\\/super-heros-marvel\\\/trident-daquaman-210-cm-metal\\\/#primaryimage\"},\"image\":{\"@id\":\"https:\\\/\\\/repliquemangacine.fr\\\/super-heros-marvel\\\/trident-daquaman-210-cm-metal\\\/#primaryimage\"},\"thumbnailUrl\":\"https:\\\/\\\/repliquemangacine.fr\\\/wp-content\\\/uploads\\\/2024\\\/06\\\/Trident-aquaman-fourche.jpg\",\"datePublished\":\"2024-06-11T14:45:42+00:00\",\"dateModified\":\"2025-12-18T07:58:49+00:00\",\"description\":\"D\u00e9couvrez cette superbe r\u00e9plique du Trident d'Aquaman 210 cm tout en m\u00e9tal. Recouvert de peinture m\u00e9tallis\u00e9e en or. Livr\u00e9 en trois parties. Poids : 5580 gr\",\"breadcrumb\":{\"@id\":\"https:\\\/\\\/repliquemangacine.fr\\\/super-heros-marvel\\\/trident-daquaman-210-cm-metal\\\/#breadcrumb\"},\"inLanguage\":\"en-US\",\"potentialAction\":[{\"@type\":\"ReadAction\",\"target\":[\"https:\\\/\\\/repliquemangacine.fr\\\/super-heros-marvel\\\/trident-daquaman-210-cm-metal\\\/\"]}]},{\"@type\":\"ImageObject\",\"inLanguage\":\"en-US\",\"@id\":\"https:\\\/\\\/repliquemangacine.fr\\\/super-heros-marvel\\\/trident-daquaman-210-cm-metal\\\/#primaryimage\",\"url\":\"https:\\\/\\\/repliquemangacine.fr\\\/wp-content\\\/uploads\\\/2024\\\/06\\\/Trident-aquaman-fourche.jpg\",\"contentUrl\":\"https:\\\/\\\/repliquemangacine.fr\\\/wp-content\\\/uploads\\\/2024\\\/06\\\/Trident-aquaman-fourche.jpg\",\"width\":500,\"height\":500,\"caption\":\"Trident d'Aquaman 210 cm\"},{\"@type\":\"BreadcrumbList\",\"@id\":\"https:\\\/\\\/repliquemangacine.fr\\\/super-heros-marvel\\\/trident-daquaman-210-cm-metal\\\/#breadcrumb\",\"itemListElement\":[{\"@type\":\"ListItem\",\"position\":1,\"name\":\"Accueil\",\"item\":\"https:\\\/\\\/repliquemangacine.fr\\\/\"},{\"@type\":\"ListItem\",\"position\":2,\"name\":\"Produits\",\"item\":\"https:\\\/\\\/repliquemangacine.fr\\\/boutique\\\/\"},{\"@type\":\"ListItem\",\"position\":3,\"name\":\"Trident d&#8217;Aquaman 210 cm M\u00e9tal\"}]},{\"@type\":\"WebSite\",\"@id\":\"https:\\\/\\\/repliquemangacine.fr\\\/#website\",\"url\":\"https:\\\/\\\/repliquemangacine.fr\\\/\",\"name\":\"R\u00e9plique Manga Cin\u00e9\",\"description\":\"\",\"publisher\":{\"@id\":\"https:\\\/\\\/repliquemangacine.fr\\\/#organization\"},\"potentialAction\":[{\"@type\":\"SearchAction\",\"target\":{\"@type\":\"EntryPoint\",\"urlTemplate\":\"https:\\\/\\\/repliquemangacine.fr\\\/?s={search_term_string}\"},\"query-input\":{\"@type\":\"PropertyValueSpecification\",\"valueRequired\":true,\"valueName\":\"search_term_string\"}}],\"inLanguage\":\"en-US\"},{\"@type\":\"Organization\",\"@id\":\"https:\\\/\\\/repliquemangacine.fr\\\/#organization\",\"name\":\"R\u00e9plique Manga Cin\u00e9\",\"url\":\"https:\\\/\\\/repliquemangacine.fr\\\/\",\"logo\":{\"@type\":\"ImageObject\",\"inLanguage\":\"en-US\",\"@id\":\"https:\\\/\\\/repliquemangacine.fr\\\/#\\\/schema\\\/logo\\\/image\\\/\",\"url\":\"https:\\\/\\\/repliquemangacine.fr\\\/wp-content\\\/uploads\\\/2023\\\/10\\\/RMC-500250.png\",\"contentUrl\":\"https:\\\/\\\/repliquemangacine.fr\\\/wp-content\\\/uploads\\\/2023\\\/10\\\/RMC-500250.png\",\"width\":500,\"height\":250,\"caption\":\"R\u00e9plique Manga Cin\u00e9\"},\"image\":{\"@id\":\"https:\\\/\\\/repliquemangacine.fr\\\/#\\\/schema\\\/logo\\\/image\\\/\"},\"sameAs\":[\"https:\\\/\\\/www.facebook.com\\\/RepliqueMangaCine\",\"https:\\\/\\\/www.instagram.com\\\/repliquemangacine.fr\\\/\"]}]}<\/script>\n<!-- \/ Yoast SEO plugin. -->","yoast_head_json":{"title":"Aquaman's Trident 210 cm Metal - R\u00e9plique Manga Cin\u00e9","description":"Discover this superb 210 cm all-metal replica of Aquaman's Trident. Covered in gold metallic paint. Delivered in three parts. Weight : 5580 gr","robots":{"index":"index","follow":"follow","max-snippet":"max-snippet:-1","max-image-preview":"max-image-preview:large","max-video-preview":"max-video-preview:-1"},"canonical":"https:\/\/repliquemangacine.fr\/en\/marvel-superheroes\/trident-daquaman-210-cm-metal\/","og_locale":"en_US","og_type":"article","og_title":"Trident d'Aquaman 210 cm M\u00e9tal - R\u00e9plique Manga Cin\u00e9","og_description":"D\u00e9couvrez cette superbe r\u00e9plique du Trident d'Aquaman 210 cm tout en m\u00e9tal. Recouvert de peinture m\u00e9tallis\u00e9e en or. Livr\u00e9 en trois parties. Poids : 5580 gr","og_url":"https:\/\/repliquemangacine.fr\/en\/marvel-superheroes\/trident-daquaman-210-cm-metal\/","og_site_name":"R\u00e9plique Manga Cin\u00e9","article_publisher":"https:\/\/www.facebook.com\/RepliqueMangaCine","article_modified_time":"2025-12-18T07:58:49+00:00","og_image":[{"width":500,"height":500,"url":"https:\/\/repliquemangacine.fr\/wp-content\/uploads\/2024\/06\/Trident-aquaman-fourche.jpg","type":"image\/jpeg"}],"twitter_card":"summary_large_image","twitter_misc":{"Est. reading time":"4 minutes"},"schema":{"@context":"https:\/\/schema.org","@graph":[{"@type":"WebPage","@id":"https:\/\/repliquemangacine.fr\/super-heros-marvel\/trident-daquaman-210-cm-metal\/","url":"https:\/\/repliquemangacine.fr\/super-heros-marvel\/trident-daquaman-210-cm-metal\/","name":"Aquaman's Trident 210 cm Metal - R\u00e9plique Manga Cin\u00e9","isPartOf":{"@id":"https:\/\/repliquemangacine.fr\/#website"},"primaryImageOfPage":{"@id":"https:\/\/repliquemangacine.fr\/super-heros-marvel\/trident-daquaman-210-cm-metal\/#primaryimage"},"image":{"@id":"https:\/\/repliquemangacine.fr\/super-heros-marvel\/trident-daquaman-210-cm-metal\/#primaryimage"},"thumbnailUrl":"https:\/\/repliquemangacine.fr\/wp-content\/uploads\/2024\/06\/Trident-aquaman-fourche.jpg","datePublished":"2024-06-11T14:45:42+00:00","dateModified":"2025-12-18T07:58:49+00:00","description":"Discover this superb 210 cm all-metal replica of Aquaman's Trident. Covered in gold metallic paint. Delivered in three parts. Weight : 5580 gr","breadcrumb":{"@id":"https:\/\/repliquemangacine.fr\/super-heros-marvel\/trident-daquaman-210-cm-metal\/#breadcrumb"},"inLanguage":"en-US","potentialAction":[{"@type":"ReadAction","target":["https:\/\/repliquemangacine.fr\/super-heros-marvel\/trident-daquaman-210-cm-metal\/"]}]},{"@type":"ImageObject","inLanguage":"en-US","@id":"https:\/\/repliquemangacine.fr\/super-heros-marvel\/trident-daquaman-210-cm-metal\/#primaryimage","url":"https:\/\/repliquemangacine.fr\/wp-content\/uploads\/2024\/06\/Trident-aquaman-fourche.jpg","contentUrl":"https:\/\/repliquemangacine.fr\/wp-content\/uploads\/2024\/06\/Trident-aquaman-fourche.jpg","width":500,"height":500,"caption":"Trident d'Aquaman 210 cm"},{"@type":"BreadcrumbList","@id":"https:\/\/repliquemangacine.fr\/super-heros-marvel\/trident-daquaman-210-cm-metal\/#breadcrumb","itemListElement":[{"@type":"ListItem","position":1,"name":"Accueil","item":"https:\/\/repliquemangacine.fr\/"},{"@type":"ListItem","position":2,"name":"Produits","item":"https:\/\/repliquemangacine.fr\/boutique\/"},{"@type":"ListItem","position":3,"name":"Trident d&#8217;Aquaman 210 cm M\u00e9tal"}]},{"@type":"WebSite","@id":"https:\/\/repliquemangacine.fr\/#website","url":"https:\/\/repliquemangacine.fr\/","name":"R\u00e9plique Manga Cin\u00e9","description":"","publisher":{"@id":"https:\/\/repliquemangacine.fr\/#organization"},"potentialAction":[{"@type":"SearchAction","target":{"@type":"EntryPoint","urlTemplate":"https:\/\/repliquemangacine.fr\/?s={search_term_string}"},"query-input":{"@type":"PropertyValueSpecification","valueRequired":true,"valueName":"search_term_string"}}],"inLanguage":"en-US"},{"@type":"Organization","@id":"https:\/\/repliquemangacine.fr\/#organization","name":"R\u00e9plique Manga Cin\u00e9","url":"https:\/\/repliquemangacine.fr\/","logo":{"@type":"ImageObject","inLanguage":"en-US","@id":"https:\/\/repliquemangacine.fr\/#\/schema\/logo\/image\/","url":"https:\/\/repliquemangacine.fr\/wp-content\/uploads\/2023\/10\/RMC-500250.png","contentUrl":"https:\/\/repliquemangacine.fr\/wp-content\/uploads\/2023\/10\/RMC-500250.png","width":500,"height":250,"caption":"R\u00e9plique Manga Cin\u00e9"},"image":{"@id":"https:\/\/repliquemangacine.fr\/#\/schema\/logo\/image\/"},"sameAs":["https:\/\/www.facebook.com\/RepliqueMangaCine","https:\/\/www.instagram.com\/repliquemangacine.fr\/"]}]}},"_links":{"self":[{"href":"https:\/\/repliquemangacine.fr\/en\/wp-json\/wp\/v2\/product\/72658","targetHints":{"allow":["GET"]}}],"collection":[{"href":"https:\/\/repliquemangacine.fr\/en\/wp-json\/wp\/v2\/product"}],"about":[{"href":"https:\/\/repliquemangacine.fr\/en\/wp-json\/wp\/v2\/types\/product"}],"wp:featuredmedia":[{"embeddable":true,"href":"https:\/\/repliquemangacine.fr\/en\/wp-json\/wp\/v2\/media\/72661"}],"wp:attachment":[{"href":"https:\/\/repliquemangacine.fr\/en\/wp-json\/wp\/v2\/media?parent=72658"}],"wp:term":[{"taxonomy":"product_brand","embeddable":true,"href":"https:\/\/repliquemangacine.fr\/en\/wp-json\/wp\/v2\/product_brand?post=72658"},{"taxonomy":"product_cat","embeddable":true,"href":"https:\/\/repliquemangacine.fr\/en\/wp-json\/wp\/v2\/product_cat?post=72658"},{"taxonomy":"product_tag","embeddable":true,"href":"https:\/\/repliquemangacine.fr\/en\/wp-json\/wp\/v2\/product_tag?post=72658"}],"curies":[{"name":"wp","href":"https:\/\/api.w.org\/{rel}","templated":true}]}}