





{"id":71656,"date":"2024-04-30T18:46:42","date_gmt":"2024-04-30T16:46:42","guid":{"rendered":"https:\/\/repliquemangacine.fr\/?post_type=product&#038;p=71656"},"modified":"2026-02-28T06:06:32","modified_gmt":"2026-02-28T05:06:32","slug":"freydis-sword-vikings-valhalla","status":"publish","type":"product","link":"https:\/\/repliquemangacine.fr\/en\/armes-et-accessoires-vikings\/epee-de-freydis-vikings-valhalla\/","title":{"rendered":"Vikings Valhalla Freydis sword"},"content":{"rendered":"<h2>Freydis sword - Vikings Valhalla<\/h2>\n<p>First of all, the<strong>Sword of Freydis<\/strong> in Viking Valhalla, a must-have for your collection.<\/p>\n<p>Key character in the \u201c<a href=\"https:\/\/vikings.fandom.com\/fr\/wiki\/Vikings:_Valhalla\" target=\"_blank\" rel=\"noopener noreferrer\">Vikings: Valhalla<\/a>\u201csequel to the original \u201cVikings\u201d series. Freydis, a fierce Pagan warrior and fervent believer in the ancient Norse gods. Depicted as an exceptional fighter with a strong sense of justice. And a determination to defend her faith and her people against threats, including the advance of Christianity.<\/p>\n<p>His character is inspired by historical and legendary figures from the Viking era. But with creative liberties for the TV adaptation. In the series, she undergoes many trials that test her faith, courage and ability to unite and lead those around her. Freydis is a complex character whose struggles and successes often captivate viewers\u201c attention, making her an essential pillar of \u201dVikings: Valhalla\".<\/p>\n<h2>Your Freydis Sword at the best price.<\/h2>\n<p>We offer a wide selection of historical Viking swords.<\/p>\n<p>First and foremost,<\/p>\n<ul>\n<li>The famous <a href=\"https:\/\/repliquemangacine.fr\/en\/swords-tv-series-vikings\/replica-of-king-ragnar-lothbroks-sword-from-the-tv-series-vikings\/\">Ragnar Lothbrok's sword<\/a> in the Vikings series<\/li>\n<li>There is also the<a href=\"https:\/\/repliquemangacine.fr\/en\/swords-tv-series-vikings\/viking-sword-with-bronze-handle\/\">Harald Sigurdsson's sword<\/a> in Vikings Valhalla<\/li>\n<li>As well as the two <a href=\"https:\/\/repliquemangacine.fr\/en\/weapons-assassins-creed\/axes-assassins-creed-valhalla\/\">Eivor axes<\/a> in Assassin's Creed Valhalla.<\/li>\n<li>And much more to discover in our online store!<\/li>\n<\/ul>\n<p>That's why these are great gift ideas for all Viking fans. In conclusion, you can use this <strong>Sword of Freydis<\/strong> for your historical re-enactments. But above all, it's a collector's item and a decoration.<\/p>\n<h2>How to care for your sword blade<\/h2>\n<p>Collector's and decorative swords are made and assembled in a simplified way. As their use is decorative, they lack the safety features required of a Japanese sword intended for training. However, your <strong>Sword of Freydis<\/strong> to a steel blade that needs to be maintained to prevent damage over time. In fact, when you expose your sword, your friends will be curious to see the blade and touch it. This is where you need to be careful, because acidity from your fingers is very harmful to steel, whatever its quality. However, if this happens, don't panic, just use a cloth dampened with a little oil and wipe off any fingerprints. If you do this, your sword will last a very long time.<\/p>","protected":false},"excerpt":{"rendered":"<p>Superb replica of the Freydis Sword in Vikings: Valhalla<\/p>\n<ul>\n<li>Steel blade with engraved runes.<\/li>\n<li>Leather-covered handle<\/li>\n<li>Antique steel guard and pommel<\/li>\n<li>Supplied with wall bracket with series logo<\/li>\n<li>Blade length: 82 cm - Total length: 105 cm<\/li>\n<li>Weight: 1210 gr<\/li>\n<\/ul>","protected":false},"featured_media":71665,"template":"","meta":[],"product_brand":[896],"product_cat":[112,103,57],"product_tag":[],"class_list":{"0":"post-71656","1":"product","2":"type-product","3":"status-publish","4":"has-post-thumbnail","6":"product_brand-replique-manga-cine","7":"product_cat-epees-serie-tv-vikings","8":"product_cat-armes-et-accessoires-vikings","9":"product_cat-armes-vikings","11":"first","12":"instock","13":"taxable","14":"shipping-taxable","15":"purchasable","16":"product-type-simple"},"yoast_head":"<!-- This site is optimized with the Yoast SEO plugin v27.5 - https:\/\/yoast.com\/product\/yoast-seo-wordpress\/ -->\n<title>\u00c9p\u00e9e de Freydis Vikings Valhalla - R\u00e9plique Manga Cin\u00e9<\/title>\n<meta name=\"description\" content=\"En exclusivit\u00e9 ! D\u00e9couvrez la superbe \u00c9p\u00e9e de Freydis dans Vikings Valhalla. Lame en acier grav\u00e9e. Poign\u00e9e cuir. Longueur totale : 105 cm\" \/>\n<meta name=\"robots\" content=\"index, follow, max-snippet:-1, max-image-preview:large, max-video-preview:-1\" \/>\n<link rel=\"canonical\" href=\"https:\/\/repliquemangacine.fr\/en\/viking-weapons-and-accessories\/freydis-sword-vikings-valhalla\/\" \/>\n<meta property=\"og:locale\" content=\"en_US\" \/>\n<meta property=\"og:type\" content=\"article\" \/>\n<meta property=\"og:title\" content=\"\u00c9p\u00e9e de Freydis Vikings Valhalla - R\u00e9plique Manga Cin\u00e9\" \/>\n<meta property=\"og:description\" content=\"En exclusivit\u00e9 ! D\u00e9couvrez la superbe \u00c9p\u00e9e de Freydis dans Vikings Valhalla. Lame en acier grav\u00e9e. Poign\u00e9e cuir. Longueur totale : 105 cm\" \/>\n<meta property=\"og:url\" content=\"https:\/\/repliquemangacine.fr\/en\/viking-weapons-and-accessories\/freydis-sword-vikings-valhalla\/\" \/>\n<meta property=\"og:site_name\" content=\"R\u00e9plique Manga Cin\u00e9\" \/>\n<meta property=\"article:publisher\" content=\"https:\/\/www.facebook.com\/RepliqueMangaCine\" \/>\n<meta property=\"article:modified_time\" content=\"2026-02-28T05:06:32+00:00\" \/>\n<meta property=\"og:image\" content=\"https:\/\/repliquemangacine.fr\/wp-content\/uploads\/2024\/04\/Epee-de-Freydis-Vikings-valhalla.jpg\" \/>\n\t<meta property=\"og:image:width\" content=\"500\" \/>\n\t<meta property=\"og:image:height\" content=\"500\" \/>\n\t<meta property=\"og:image:type\" content=\"image\/jpeg\" \/>\n<meta name=\"twitter:card\" content=\"summary_large_image\" \/>\n<meta name=\"twitter:label1\" content=\"Est. reading time\" \/>\n\t<meta name=\"twitter:data1\" content=\"3 minutes\" \/>\n<script type=\"application\/ld+json\" class=\"yoast-schema-graph\">{\"@context\":\"https:\\\/\\\/schema.org\",\"@graph\":[{\"@type\":\"WebPage\",\"@id\":\"https:\\\/\\\/repliquemangacine.fr\\\/armes-et-accessoires-vikings\\\/epee-de-freydis-vikings-valhalla\\\/\",\"url\":\"https:\\\/\\\/repliquemangacine.fr\\\/armes-et-accessoires-vikings\\\/epee-de-freydis-vikings-valhalla\\\/\",\"name\":\"\u00c9p\u00e9e de Freydis Vikings Valhalla - R\u00e9plique Manga Cin\u00e9\",\"isPartOf\":{\"@id\":\"https:\\\/\\\/repliquemangacine.fr\\\/#website\"},\"primaryImageOfPage\":{\"@id\":\"https:\\\/\\\/repliquemangacine.fr\\\/armes-et-accessoires-vikings\\\/epee-de-freydis-vikings-valhalla\\\/#primaryimage\"},\"image\":{\"@id\":\"https:\\\/\\\/repliquemangacine.fr\\\/armes-et-accessoires-vikings\\\/epee-de-freydis-vikings-valhalla\\\/#primaryimage\"},\"thumbnailUrl\":\"https:\\\/\\\/repliquemangacine.fr\\\/wp-content\\\/uploads\\\/2024\\\/04\\\/Epee-de-Freydis-Vikings-valhalla.jpg\",\"datePublished\":\"2024-04-30T16:46:42+00:00\",\"dateModified\":\"2026-02-28T05:06:32+00:00\",\"description\":\"En exclusivit\u00e9 ! D\u00e9couvrez la superbe \u00c9p\u00e9e de Freydis dans Vikings Valhalla. Lame en acier grav\u00e9e. Poign\u00e9e cuir. Longueur totale : 105 cm\",\"breadcrumb\":{\"@id\":\"https:\\\/\\\/repliquemangacine.fr\\\/armes-et-accessoires-vikings\\\/epee-de-freydis-vikings-valhalla\\\/#breadcrumb\"},\"inLanguage\":\"en-US\",\"potentialAction\":[{\"@type\":\"ReadAction\",\"target\":[\"https:\\\/\\\/repliquemangacine.fr\\\/armes-et-accessoires-vikings\\\/epee-de-freydis-vikings-valhalla\\\/\"]}]},{\"@type\":\"ImageObject\",\"inLanguage\":\"en-US\",\"@id\":\"https:\\\/\\\/repliquemangacine.fr\\\/armes-et-accessoires-vikings\\\/epee-de-freydis-vikings-valhalla\\\/#primaryimage\",\"url\":\"https:\\\/\\\/repliquemangacine.fr\\\/wp-content\\\/uploads\\\/2024\\\/04\\\/Epee-de-Freydis-Vikings-valhalla.jpg\",\"contentUrl\":\"https:\\\/\\\/repliquemangacine.fr\\\/wp-content\\\/uploads\\\/2024\\\/04\\\/Epee-de-Freydis-Vikings-valhalla.jpg\",\"width\":500,\"height\":500,\"caption\":\"Ep\u00e9e-de-Freydis-Vikings-valhalla\"},{\"@type\":\"BreadcrumbList\",\"@id\":\"https:\\\/\\\/repliquemangacine.fr\\\/armes-et-accessoires-vikings\\\/epee-de-freydis-vikings-valhalla\\\/#breadcrumb\",\"itemListElement\":[{\"@type\":\"ListItem\",\"position\":1,\"name\":\"Accueil\",\"item\":\"https:\\\/\\\/repliquemangacine.fr\\\/\"},{\"@type\":\"ListItem\",\"position\":2,\"name\":\"Produits\",\"item\":\"https:\\\/\\\/repliquemangacine.fr\\\/boutique\\\/\"},{\"@type\":\"ListItem\",\"position\":3,\"name\":\"\u00c9p\u00e9e de Freydis Vikings Valhalla\"}]},{\"@type\":\"WebSite\",\"@id\":\"https:\\\/\\\/repliquemangacine.fr\\\/#website\",\"url\":\"https:\\\/\\\/repliquemangacine.fr\\\/\",\"name\":\"R\u00e9plique Manga Cin\u00e9\",\"description\":\"\",\"publisher\":{\"@id\":\"https:\\\/\\\/repliquemangacine.fr\\\/#organization\"},\"potentialAction\":[{\"@type\":\"SearchAction\",\"target\":{\"@type\":\"EntryPoint\",\"urlTemplate\":\"https:\\\/\\\/repliquemangacine.fr\\\/?s={search_term_string}\"},\"query-input\":{\"@type\":\"PropertyValueSpecification\",\"valueRequired\":true,\"valueName\":\"search_term_string\"}}],\"inLanguage\":\"en-US\"},{\"@type\":\"Organization\",\"@id\":\"https:\\\/\\\/repliquemangacine.fr\\\/#organization\",\"name\":\"R\u00e9plique Manga Cin\u00e9\",\"url\":\"https:\\\/\\\/repliquemangacine.fr\\\/\",\"logo\":{\"@type\":\"ImageObject\",\"inLanguage\":\"en-US\",\"@id\":\"https:\\\/\\\/repliquemangacine.fr\\\/#\\\/schema\\\/logo\\\/image\\\/\",\"url\":\"https:\\\/\\\/repliquemangacine.fr\\\/wp-content\\\/uploads\\\/2023\\\/10\\\/RMC-500250.png\",\"contentUrl\":\"https:\\\/\\\/repliquemangacine.fr\\\/wp-content\\\/uploads\\\/2023\\\/10\\\/RMC-500250.png\",\"width\":500,\"height\":250,\"caption\":\"R\u00e9plique Manga Cin\u00e9\"},\"image\":{\"@id\":\"https:\\\/\\\/repliquemangacine.fr\\\/#\\\/schema\\\/logo\\\/image\\\/\"},\"sameAs\":[\"https:\\\/\\\/www.facebook.com\\\/RepliqueMangaCine\",\"https:\\\/\\\/www.instagram.com\\\/repliquemangacine.fr\\\/\"]}]}<\/script>\n<!-- \/ Yoast SEO plugin. -->","yoast_head_json":{"title":"Vikings Valhalla Freydis sword - R\u00e9plique Manga Cin\u00e9","description":"Exclusive! Discover the superb Freydis Sword in Vikings Valhalla. Engraved steel blade. Leather handle. Total length: 105 cm","robots":{"index":"index","follow":"follow","max-snippet":"max-snippet:-1","max-image-preview":"max-image-preview:large","max-video-preview":"max-video-preview:-1"},"canonical":"https:\/\/repliquemangacine.fr\/en\/viking-weapons-and-accessories\/freydis-sword-vikings-valhalla\/","og_locale":"en_US","og_type":"article","og_title":"\u00c9p\u00e9e de Freydis Vikings Valhalla - R\u00e9plique Manga Cin\u00e9","og_description":"En exclusivit\u00e9 ! D\u00e9couvrez la superbe \u00c9p\u00e9e de Freydis dans Vikings Valhalla. Lame en acier grav\u00e9e. Poign\u00e9e cuir. Longueur totale : 105 cm","og_url":"https:\/\/repliquemangacine.fr\/en\/viking-weapons-and-accessories\/freydis-sword-vikings-valhalla\/","og_site_name":"R\u00e9plique Manga Cin\u00e9","article_publisher":"https:\/\/www.facebook.com\/RepliqueMangaCine","article_modified_time":"2026-02-28T05:06:32+00:00","og_image":[{"width":500,"height":500,"url":"https:\/\/repliquemangacine.fr\/wp-content\/uploads\/2024\/04\/Epee-de-Freydis-Vikings-valhalla.jpg","type":"image\/jpeg"}],"twitter_card":"summary_large_image","twitter_misc":{"Est. reading time":"3 minutes"},"schema":{"@context":"https:\/\/schema.org","@graph":[{"@type":"WebPage","@id":"https:\/\/repliquemangacine.fr\/armes-et-accessoires-vikings\/epee-de-freydis-vikings-valhalla\/","url":"https:\/\/repliquemangacine.fr\/armes-et-accessoires-vikings\/epee-de-freydis-vikings-valhalla\/","name":"Vikings Valhalla Freydis sword - R\u00e9plique Manga Cin\u00e9","isPartOf":{"@id":"https:\/\/repliquemangacine.fr\/#website"},"primaryImageOfPage":{"@id":"https:\/\/repliquemangacine.fr\/armes-et-accessoires-vikings\/epee-de-freydis-vikings-valhalla\/#primaryimage"},"image":{"@id":"https:\/\/repliquemangacine.fr\/armes-et-accessoires-vikings\/epee-de-freydis-vikings-valhalla\/#primaryimage"},"thumbnailUrl":"https:\/\/repliquemangacine.fr\/wp-content\/uploads\/2024\/04\/Epee-de-Freydis-Vikings-valhalla.jpg","datePublished":"2024-04-30T16:46:42+00:00","dateModified":"2026-02-28T05:06:32+00:00","description":"Exclusive! Discover the superb Freydis Sword in Vikings Valhalla. Engraved steel blade. Leather handle. Total length: 105 cm","breadcrumb":{"@id":"https:\/\/repliquemangacine.fr\/armes-et-accessoires-vikings\/epee-de-freydis-vikings-valhalla\/#breadcrumb"},"inLanguage":"en-US","potentialAction":[{"@type":"ReadAction","target":["https:\/\/repliquemangacine.fr\/armes-et-accessoires-vikings\/epee-de-freydis-vikings-valhalla\/"]}]},{"@type":"ImageObject","inLanguage":"en-US","@id":"https:\/\/repliquemangacine.fr\/armes-et-accessoires-vikings\/epee-de-freydis-vikings-valhalla\/#primaryimage","url":"https:\/\/repliquemangacine.fr\/wp-content\/uploads\/2024\/04\/Epee-de-Freydis-Vikings-valhalla.jpg","contentUrl":"https:\/\/repliquemangacine.fr\/wp-content\/uploads\/2024\/04\/Epee-de-Freydis-Vikings-valhalla.jpg","width":500,"height":500,"caption":"Ep\u00e9e-de-Freydis-Vikings-valhalla"},{"@type":"BreadcrumbList","@id":"https:\/\/repliquemangacine.fr\/armes-et-accessoires-vikings\/epee-de-freydis-vikings-valhalla\/#breadcrumb","itemListElement":[{"@type":"ListItem","position":1,"name":"Accueil","item":"https:\/\/repliquemangacine.fr\/"},{"@type":"ListItem","position":2,"name":"Produits","item":"https:\/\/repliquemangacine.fr\/boutique\/"},{"@type":"ListItem","position":3,"name":"\u00c9p\u00e9e de Freydis Vikings Valhalla"}]},{"@type":"WebSite","@id":"https:\/\/repliquemangacine.fr\/#website","url":"https:\/\/repliquemangacine.fr\/","name":"R\u00e9plique Manga Cin\u00e9","description":"","publisher":{"@id":"https:\/\/repliquemangacine.fr\/#organization"},"potentialAction":[{"@type":"SearchAction","target":{"@type":"EntryPoint","urlTemplate":"https:\/\/repliquemangacine.fr\/?s={search_term_string}"},"query-input":{"@type":"PropertyValueSpecification","valueRequired":true,"valueName":"search_term_string"}}],"inLanguage":"en-US"},{"@type":"Organization","@id":"https:\/\/repliquemangacine.fr\/#organization","name":"R\u00e9plique Manga Cin\u00e9","url":"https:\/\/repliquemangacine.fr\/","logo":{"@type":"ImageObject","inLanguage":"en-US","@id":"https:\/\/repliquemangacine.fr\/#\/schema\/logo\/image\/","url":"https:\/\/repliquemangacine.fr\/wp-content\/uploads\/2023\/10\/RMC-500250.png","contentUrl":"https:\/\/repliquemangacine.fr\/wp-content\/uploads\/2023\/10\/RMC-500250.png","width":500,"height":250,"caption":"R\u00e9plique Manga Cin\u00e9"},"image":{"@id":"https:\/\/repliquemangacine.fr\/#\/schema\/logo\/image\/"},"sameAs":["https:\/\/www.facebook.com\/RepliqueMangaCine","https:\/\/www.instagram.com\/repliquemangacine.fr\/"]}]}},"_links":{"self":[{"href":"https:\/\/repliquemangacine.fr\/en\/wp-json\/wp\/v2\/product\/71656","targetHints":{"allow":["GET"]}}],"collection":[{"href":"https:\/\/repliquemangacine.fr\/en\/wp-json\/wp\/v2\/product"}],"about":[{"href":"https:\/\/repliquemangacine.fr\/en\/wp-json\/wp\/v2\/types\/product"}],"wp:featuredmedia":[{"embeddable":true,"href":"https:\/\/repliquemangacine.fr\/en\/wp-json\/wp\/v2\/media\/71665"}],"wp:attachment":[{"href":"https:\/\/repliquemangacine.fr\/en\/wp-json\/wp\/v2\/media?parent=71656"}],"wp:term":[{"taxonomy":"product_brand","embeddable":true,"href":"https:\/\/repliquemangacine.fr\/en\/wp-json\/wp\/v2\/product_brand?post=71656"},{"taxonomy":"product_cat","embeddable":true,"href":"https:\/\/repliquemangacine.fr\/en\/wp-json\/wp\/v2\/product_cat?post=71656"},{"taxonomy":"product_tag","embeddable":true,"href":"https:\/\/repliquemangacine.fr\/en\/wp-json\/wp\/v2\/product_tag?post=71656"}],"curies":[{"name":"wp","href":"https:\/\/api.w.org\/{rel}","templated":true}]}}