





{"id":70956,"date":"2024-04-05T10:59:36","date_gmt":"2024-04-05T08:59:36","guid":{"rendered":"https:\/\/repliquemangacine.fr\/?post_type=product&#038;p=70956"},"modified":"2026-04-21T13:22:29","modified_gmt":"2026-04-21T11:22:29","slug":"harry-potter-godric-sword","status":"publish","type":"product","link":"https:\/\/repliquemangacine.fr\/en\/baguettes-et-goodies-harry-potter\/epee-godric-harry-potter\/","title":{"rendered":"Harry Potter Godric sword"},"content":{"rendered":"<h2>The Sword of Godric Gryffindor: more than just a weapon<\/h2>\n<p>Firstly, the<strong>Godric Gryffindor sword<\/strong>, is an unofficial replica inspired by Harry Potter. To begin with, a little history: this sword is much more than just a weapon in the Harry Potter universe.<\/p>\n<p>Created by goblins, craftsmen renowned for their incomparable mastery of magical metallurgy. It symbolizes the values of courage, bravery and honor. Made of pure silver and adorned with glittering rubies, reflecting the coat of arms of the House of Gryffindor. Its unique ability to present itself to a Gryffindor member in time of need is testament to its ancient and profound magic, which transcends the ages. According to legend, designed to appear in the magical Sorting Hat to a Gryffindor facing a great trial. As was the case for Harry Potter when he confronted the Basilisk in the Chamber of Secrets. She becomes a living legend, representing hope and the fight against the forces of evil.<\/p>\n<p>The Gryffindor sword is not only a historic artifact of the saga, but a powerful symbol of resistance and integrity, inspiring all those who believe in the magic of the Harry Potter world.<\/p>\n<h2>The Symbolism of Artifacts in Harry Potter<\/h2>\n<p>Beyond Godric Gryffindor's sword, the Harry Potter universe is full of magical artifacts with extraordinary powers. Visit <a href=\"https:\/\/repliquemangacine.fr\/en\/harry-potter-collectors-and-goodies\/harry-potter-interactive-hat\/\">Magic hat<\/a>, for example, holds the key to the division of Hogwarts students into the four houses, reflecting their personalities and deepest values. While the Time Reverser defies the laws of physics by enabling time travel.<\/p>\n<p>The artifacts carry deep symbolism, reflecting the central themes of the saga. The battle between good and evil, the power of friendship and courage in the face of adversity. For example, the <a href=\"https:\/\/harrypotter.fandom.com\/fr\/wiki\/Horcruxe\" target=\"_blank\" rel=\"noopener noreferrer\">Horcruxes<\/a>created by Voldemort in his quest for immortality. Represent the division of the soul and the destructive consequences of the lust for power. Like the <a href=\"https:\/\/repliquemangacine.fr\/en\/harry-potter-collectors-and-goodies\/serpentard-salazar-medallion\/\">Salazar Slytherin medallion.<\/a><\/p>\n<p>These artifacts are not mere objects. They are interwoven into the characters' triumphs and trials, becoming key players in their quest to defeat evil. Each artifact, with its unique history and power, enriches Rowling's magical universe, offering unexpected insights and solutions in the darkest moments.<\/p>\n<h2>How to care for the Sword of Godric blade<\/h2>\n<p>Collector's and decorative swords are made and assembled in a simplified way. As their use is decorative, they lack the safety features required of a Japanese sword intended for training. However, your <strong>Godric's sword<\/strong> to a steel blade that needs to be maintained to prevent damage over time. In fact, when you expose your sword, your friends will be curious to see the blade and touch it. This is where you need to be careful, because acidity from your fingers is very harmful to steel, whatever its quality. However, if this happens, don't panic, just use a cloth dampened with a little oil and wipe off any fingerprints. By doing so, your sword will last a very long time. In conclusion, for collectors and Harry Potter fans, owning a replica of Godric's Gryffindor sword is a real treasure.<\/p>","protected":false},"excerpt":{"rendered":"<p>Superb reproduction of Godric Gryffindor's sword from the Harry Potter saga.<\/p>\n<ul>\n<li>Engraved stainless steel blade<\/li>\n<li>Guard and handle in richly decorated steel<\/li>\n<li>Red stone on the pommel and both sides of the hilt.<\/li>\n<li>Black ABS sheath<\/li>\n<li>Blade length: 65.5 cm - Total length: 92.5 cm<\/li>\n<li>Weight: 630 g<\/li>\n<\/ul>","protected":false},"featured_media":70967,"template":"","meta":[],"product_brand":[],"product_cat":[87,41],"product_tag":[],"class_list":{"0":"post-70956","1":"product","2":"type-product","3":"status-publish","4":"has-post-thumbnail","6":"product_cat-collectors-et-goodies-harry-potter","7":"product_cat-baguettes-et-goodies-harry-potter","9":"first","10":"instock","11":"taxable","12":"shipping-taxable","13":"purchasable","14":"product-type-simple"},"yoast_head":"<!-- This site is optimized with the Yoast SEO plugin v27.5 - https:\/\/yoast.com\/product\/yoast-seo-wordpress\/ -->\n<title>\u00c9p\u00e9e de Godric Harry Potter - R\u00e9plique Manga Cin\u00e9<\/title>\n<meta name=\"description\" content=\"Venez d\u00e9couvrir cette superbe \u00c9p\u00e9e de Godric Gryffondor dans Harry Potter au meilleur prix. Lame acier grav\u00e9e. Fourreau. Longueur totale : 92.5 cm\" \/>\n<meta name=\"robots\" content=\"index, follow, max-snippet:-1, max-image-preview:large, max-video-preview:-1\" \/>\n<link rel=\"canonical\" href=\"https:\/\/repliquemangacine.fr\/en\/harry-potter-wands-and-goodies\/harry-potter-godric-sword\/\" \/>\n<meta property=\"og:locale\" content=\"en_US\" \/>\n<meta property=\"og:type\" content=\"article\" \/>\n<meta property=\"og:title\" content=\"\u00c9p\u00e9e de Godric Harry Potter - R\u00e9plique Manga Cin\u00e9\" \/>\n<meta property=\"og:description\" content=\"Venez d\u00e9couvrir cette superbe \u00c9p\u00e9e de Godric Gryffondor dans Harry Potter au meilleur prix. Lame acier grav\u00e9e. Fourreau. Longueur totale : 92.5 cm\" \/>\n<meta property=\"og:url\" content=\"https:\/\/repliquemangacine.fr\/en\/harry-potter-wands-and-goodies\/harry-potter-godric-sword\/\" \/>\n<meta property=\"og:site_name\" content=\"R\u00e9plique Manga Cin\u00e9\" \/>\n<meta property=\"article:publisher\" content=\"https:\/\/www.facebook.com\/RepliqueMangaCine\" \/>\n<meta property=\"article:modified_time\" content=\"2026-04-21T11:22:29+00:00\" \/>\n<meta property=\"og:image\" content=\"https:\/\/repliquemangacine.fr\/wp-content\/uploads\/2024\/04\/Epee-Godric-Gryfondor-avec-fourreau.jpg\" \/>\n\t<meta property=\"og:image:width\" content=\"500\" \/>\n\t<meta property=\"og:image:height\" content=\"500\" \/>\n\t<meta property=\"og:image:type\" content=\"image\/jpeg\" \/>\n<meta name=\"twitter:card\" content=\"summary_large_image\" \/>\n<meta name=\"twitter:label1\" content=\"Est. reading time\" \/>\n\t<meta name=\"twitter:data1\" content=\"3 minutes\" \/>\n<script type=\"application\/ld+json\" class=\"yoast-schema-graph\">{\"@context\":\"https:\\\/\\\/schema.org\",\"@graph\":[{\"@type\":\"WebPage\",\"@id\":\"https:\\\/\\\/repliquemangacine.fr\\\/baguettes-et-goodies-harry-potter\\\/epee-godric-harry-potter\\\/\",\"url\":\"https:\\\/\\\/repliquemangacine.fr\\\/baguettes-et-goodies-harry-potter\\\/epee-godric-harry-potter\\\/\",\"name\":\"\u00c9p\u00e9e de Godric Harry Potter - R\u00e9plique Manga Cin\u00e9\",\"isPartOf\":{\"@id\":\"https:\\\/\\\/repliquemangacine.fr\\\/#website\"},\"primaryImageOfPage\":{\"@id\":\"https:\\\/\\\/repliquemangacine.fr\\\/baguettes-et-goodies-harry-potter\\\/epee-godric-harry-potter\\\/#primaryimage\"},\"image\":{\"@id\":\"https:\\\/\\\/repliquemangacine.fr\\\/baguettes-et-goodies-harry-potter\\\/epee-godric-harry-potter\\\/#primaryimage\"},\"thumbnailUrl\":\"https:\\\/\\\/repliquemangacine.fr\\\/wp-content\\\/uploads\\\/2024\\\/04\\\/Epee-Godric-Gryfondor-avec-fourreau.jpg\",\"datePublished\":\"2024-04-05T08:59:36+00:00\",\"dateModified\":\"2026-04-21T11:22:29+00:00\",\"description\":\"Venez d\u00e9couvrir cette superbe \u00c9p\u00e9e de Godric Gryffondor dans Harry Potter au meilleur prix. Lame acier grav\u00e9e. Fourreau. Longueur totale : 92.5 cm\",\"breadcrumb\":{\"@id\":\"https:\\\/\\\/repliquemangacine.fr\\\/baguettes-et-goodies-harry-potter\\\/epee-godric-harry-potter\\\/#breadcrumb\"},\"inLanguage\":\"en-US\",\"potentialAction\":[{\"@type\":\"ReadAction\",\"target\":[\"https:\\\/\\\/repliquemangacine.fr\\\/baguettes-et-goodies-harry-potter\\\/epee-godric-harry-potter\\\/\"]}]},{\"@type\":\"ImageObject\",\"inLanguage\":\"en-US\",\"@id\":\"https:\\\/\\\/repliquemangacine.fr\\\/baguettes-et-goodies-harry-potter\\\/epee-godric-harry-potter\\\/#primaryimage\",\"url\":\"https:\\\/\\\/repliquemangacine.fr\\\/wp-content\\\/uploads\\\/2024\\\/04\\\/Epee-Godric-Gryfondor-avec-fourreau.jpg\",\"contentUrl\":\"https:\\\/\\\/repliquemangacine.fr\\\/wp-content\\\/uploads\\\/2024\\\/04\\\/Epee-Godric-Gryfondor-avec-fourreau.jpg\",\"width\":500,\"height\":500,\"caption\":\"Ep\u00e9e Godric Gryffondor Harry potter\"},{\"@type\":\"BreadcrumbList\",\"@id\":\"https:\\\/\\\/repliquemangacine.fr\\\/baguettes-et-goodies-harry-potter\\\/epee-godric-harry-potter\\\/#breadcrumb\",\"itemListElement\":[{\"@type\":\"ListItem\",\"position\":1,\"name\":\"Accueil\",\"item\":\"https:\\\/\\\/repliquemangacine.fr\\\/\"},{\"@type\":\"ListItem\",\"position\":2,\"name\":\"Produits\",\"item\":\"https:\\\/\\\/repliquemangacine.fr\\\/boutique\\\/\"},{\"@type\":\"ListItem\",\"position\":3,\"name\":\"\u00c9p\u00e9e de Godric Harry Potter\"}]},{\"@type\":\"WebSite\",\"@id\":\"https:\\\/\\\/repliquemangacine.fr\\\/#website\",\"url\":\"https:\\\/\\\/repliquemangacine.fr\\\/\",\"name\":\"R\u00e9plique Manga Cin\u00e9\",\"description\":\"\",\"publisher\":{\"@id\":\"https:\\\/\\\/repliquemangacine.fr\\\/#organization\"},\"potentialAction\":[{\"@type\":\"SearchAction\",\"target\":{\"@type\":\"EntryPoint\",\"urlTemplate\":\"https:\\\/\\\/repliquemangacine.fr\\\/?s={search_term_string}\"},\"query-input\":{\"@type\":\"PropertyValueSpecification\",\"valueRequired\":true,\"valueName\":\"search_term_string\"}}],\"inLanguage\":\"en-US\"},{\"@type\":\"Organization\",\"@id\":\"https:\\\/\\\/repliquemangacine.fr\\\/#organization\",\"name\":\"R\u00e9plique Manga Cin\u00e9\",\"url\":\"https:\\\/\\\/repliquemangacine.fr\\\/\",\"logo\":{\"@type\":\"ImageObject\",\"inLanguage\":\"en-US\",\"@id\":\"https:\\\/\\\/repliquemangacine.fr\\\/#\\\/schema\\\/logo\\\/image\\\/\",\"url\":\"https:\\\/\\\/repliquemangacine.fr\\\/wp-content\\\/uploads\\\/2023\\\/10\\\/RMC-500250.png\",\"contentUrl\":\"https:\\\/\\\/repliquemangacine.fr\\\/wp-content\\\/uploads\\\/2023\\\/10\\\/RMC-500250.png\",\"width\":500,\"height\":250,\"caption\":\"R\u00e9plique Manga Cin\u00e9\"},\"image\":{\"@id\":\"https:\\\/\\\/repliquemangacine.fr\\\/#\\\/schema\\\/logo\\\/image\\\/\"},\"sameAs\":[\"https:\\\/\\\/www.facebook.com\\\/RepliqueMangaCine\",\"https:\\\/\\\/www.instagram.com\\\/repliquemangacine.fr\\\/\"]}]}<\/script>\n<!-- \/ Yoast SEO plugin. -->","yoast_head_json":{"title":"Harry Potter Godric sword - R\u00e9plique Manga Cin\u00e9","description":"Discover this superb Sword of Godric Gryffindor in Harry Potter at the best price. Engraved steel blade. Scabbard. Total length : 92.5 cm","robots":{"index":"index","follow":"follow","max-snippet":"max-snippet:-1","max-image-preview":"max-image-preview:large","max-video-preview":"max-video-preview:-1"},"canonical":"https:\/\/repliquemangacine.fr\/en\/harry-potter-wands-and-goodies\/harry-potter-godric-sword\/","og_locale":"en_US","og_type":"article","og_title":"\u00c9p\u00e9e de Godric Harry Potter - R\u00e9plique Manga Cin\u00e9","og_description":"Venez d\u00e9couvrir cette superbe \u00c9p\u00e9e de Godric Gryffondor dans Harry Potter au meilleur prix. Lame acier grav\u00e9e. Fourreau. Longueur totale : 92.5 cm","og_url":"https:\/\/repliquemangacine.fr\/en\/harry-potter-wands-and-goodies\/harry-potter-godric-sword\/","og_site_name":"R\u00e9plique Manga Cin\u00e9","article_publisher":"https:\/\/www.facebook.com\/RepliqueMangaCine","article_modified_time":"2026-04-21T11:22:29+00:00","og_image":[{"width":500,"height":500,"url":"https:\/\/repliquemangacine.fr\/wp-content\/uploads\/2024\/04\/Epee-Godric-Gryfondor-avec-fourreau.jpg","type":"image\/jpeg"}],"twitter_card":"summary_large_image","twitter_misc":{"Est. reading time":"3 minutes"},"schema":{"@context":"https:\/\/schema.org","@graph":[{"@type":"WebPage","@id":"https:\/\/repliquemangacine.fr\/baguettes-et-goodies-harry-potter\/epee-godric-harry-potter\/","url":"https:\/\/repliquemangacine.fr\/baguettes-et-goodies-harry-potter\/epee-godric-harry-potter\/","name":"Harry Potter Godric sword - R\u00e9plique Manga Cin\u00e9","isPartOf":{"@id":"https:\/\/repliquemangacine.fr\/#website"},"primaryImageOfPage":{"@id":"https:\/\/repliquemangacine.fr\/baguettes-et-goodies-harry-potter\/epee-godric-harry-potter\/#primaryimage"},"image":{"@id":"https:\/\/repliquemangacine.fr\/baguettes-et-goodies-harry-potter\/epee-godric-harry-potter\/#primaryimage"},"thumbnailUrl":"https:\/\/repliquemangacine.fr\/wp-content\/uploads\/2024\/04\/Epee-Godric-Gryfondor-avec-fourreau.jpg","datePublished":"2024-04-05T08:59:36+00:00","dateModified":"2026-04-21T11:22:29+00:00","description":"Discover this superb Sword of Godric Gryffindor in Harry Potter at the best price. Engraved steel blade. Scabbard. Total length : 92.5 cm","breadcrumb":{"@id":"https:\/\/repliquemangacine.fr\/baguettes-et-goodies-harry-potter\/epee-godric-harry-potter\/#breadcrumb"},"inLanguage":"en-US","potentialAction":[{"@type":"ReadAction","target":["https:\/\/repliquemangacine.fr\/baguettes-et-goodies-harry-potter\/epee-godric-harry-potter\/"]}]},{"@type":"ImageObject","inLanguage":"en-US","@id":"https:\/\/repliquemangacine.fr\/baguettes-et-goodies-harry-potter\/epee-godric-harry-potter\/#primaryimage","url":"https:\/\/repliquemangacine.fr\/wp-content\/uploads\/2024\/04\/Epee-Godric-Gryfondor-avec-fourreau.jpg","contentUrl":"https:\/\/repliquemangacine.fr\/wp-content\/uploads\/2024\/04\/Epee-Godric-Gryfondor-avec-fourreau.jpg","width":500,"height":500,"caption":"Ep\u00e9e Godric Gryffondor Harry potter"},{"@type":"BreadcrumbList","@id":"https:\/\/repliquemangacine.fr\/baguettes-et-goodies-harry-potter\/epee-godric-harry-potter\/#breadcrumb","itemListElement":[{"@type":"ListItem","position":1,"name":"Accueil","item":"https:\/\/repliquemangacine.fr\/"},{"@type":"ListItem","position":2,"name":"Produits","item":"https:\/\/repliquemangacine.fr\/boutique\/"},{"@type":"ListItem","position":3,"name":"\u00c9p\u00e9e de Godric Harry Potter"}]},{"@type":"WebSite","@id":"https:\/\/repliquemangacine.fr\/#website","url":"https:\/\/repliquemangacine.fr\/","name":"R\u00e9plique Manga Cin\u00e9","description":"","publisher":{"@id":"https:\/\/repliquemangacine.fr\/#organization"},"potentialAction":[{"@type":"SearchAction","target":{"@type":"EntryPoint","urlTemplate":"https:\/\/repliquemangacine.fr\/?s={search_term_string}"},"query-input":{"@type":"PropertyValueSpecification","valueRequired":true,"valueName":"search_term_string"}}],"inLanguage":"en-US"},{"@type":"Organization","@id":"https:\/\/repliquemangacine.fr\/#organization","name":"R\u00e9plique Manga Cin\u00e9","url":"https:\/\/repliquemangacine.fr\/","logo":{"@type":"ImageObject","inLanguage":"en-US","@id":"https:\/\/repliquemangacine.fr\/#\/schema\/logo\/image\/","url":"https:\/\/repliquemangacine.fr\/wp-content\/uploads\/2023\/10\/RMC-500250.png","contentUrl":"https:\/\/repliquemangacine.fr\/wp-content\/uploads\/2023\/10\/RMC-500250.png","width":500,"height":250,"caption":"R\u00e9plique Manga Cin\u00e9"},"image":{"@id":"https:\/\/repliquemangacine.fr\/#\/schema\/logo\/image\/"},"sameAs":["https:\/\/www.facebook.com\/RepliqueMangaCine","https:\/\/www.instagram.com\/repliquemangacine.fr\/"]}]}},"_links":{"self":[{"href":"https:\/\/repliquemangacine.fr\/en\/wp-json\/wp\/v2\/product\/70956","targetHints":{"allow":["GET"]}}],"collection":[{"href":"https:\/\/repliquemangacine.fr\/en\/wp-json\/wp\/v2\/product"}],"about":[{"href":"https:\/\/repliquemangacine.fr\/en\/wp-json\/wp\/v2\/types\/product"}],"wp:featuredmedia":[{"embeddable":true,"href":"https:\/\/repliquemangacine.fr\/en\/wp-json\/wp\/v2\/media\/70967"}],"wp:attachment":[{"href":"https:\/\/repliquemangacine.fr\/en\/wp-json\/wp\/v2\/media?parent=70956"}],"wp:term":[{"taxonomy":"product_brand","embeddable":true,"href":"https:\/\/repliquemangacine.fr\/en\/wp-json\/wp\/v2\/product_brand?post=70956"},{"taxonomy":"product_cat","embeddable":true,"href":"https:\/\/repliquemangacine.fr\/en\/wp-json\/wp\/v2\/product_cat?post=70956"},{"taxonomy":"product_tag","embeddable":true,"href":"https:\/\/repliquemangacine.fr\/en\/wp-json\/wp\/v2\/product_tag?post=70956"}],"curies":[{"name":"wp","href":"https:\/\/api.w.org\/{rel}","templated":true}]}}