





{"id":70935,"date":"2024-04-04T18:59:45","date_gmt":"2024-04-04T16:59:45","guid":{"rendered":"https:\/\/repliquemangacine.fr\/?post_type=product&#038;p=70935"},"modified":"2026-02-09T20:31:56","modified_gmt":"2026-02-09T19:31:56","slug":"katana-vergil-yamato-v2","status":"publish","type":"product","link":"https:\/\/repliquemangacine.fr\/en\/katana-et-epee-de-jeux-video-autre-jeux-video\/katana-vergil-yamato-v2\/","title":{"rendered":"Katana Vergil Yamato V2"},"content":{"rendered":"<h2>Katana Vergil Yamato V2 : Devil My Cry 5<\/h2>\n<p>To begin with, the <strong>Katana Vergil Yamato V2<\/strong> in <a href=\"https:\/\/devilmaycry.fandom.com\/wiki\/Vergil#Devil_May_Cry_5:_Special_Edition\" target=\"_blank\" rel=\"noopener noreferrer\">Devil My Cry 5<\/a> is identical to the video game. The Yamato is an extremely powerful katana, and Vergil's weapon of choice. It possesses several unique features and powers, including :<\/p>\n<p><strong>- Ability to open cross-dimensional portals<\/strong> Yamato's most distinctive power is his ability to open cracks in space. Allowing Vergil to cross dimensions or cut through any obstacle, material or magical. This skill is central to several plot points in the \"Devil May Cry\" series.<\/p>\n<p><strong>- Mastery and precision<\/strong> Known for his incredible precision, able to cut through almost anything effortlessly. This sword also symbolizes Vergil's fighting style, which is calm, calculated and incredibly fast, in direct opposition to Dante's more brutal, direct style.<\/p>\n<p><strong>- Family heritage<\/strong> Yamato belonged to their father, Sparda, a powerful demon who rebelled against his own world to save humanity. The sword is thus charged with the family legacy and represents the link between Vergil, Dante and their father. It is often at the heart of their sibling rivalry.<\/p>\n<p><strong>- Transformation<\/strong> Vergil also uses Yamato to transform himself into a more powerful demonic form, giving him a significant increase in his abilities.<\/p>\n<h2>Katana Vergil Yamato V2 : Vergil<\/h2>\n<p>First of all, Vergil is a central character in the \"Devil May Cry\" franchise, created by Capcom. He is the twin brother of Dante, the series' main protagonist. He is distinguished by his obsession with power, which he believes is necessary to avoid reliving the powerlessness he felt when their mother, Eva, was attacked by demons and killed. This quest for power often puts him at odds with Dante, who, while sharing a similar hatred for demons, has a more carefree approach and values the protection of the innocent.<\/p>\n<p>Characterized by his seriousness, stoicism and unwavering dedication to his quest for power. Unlike Dante, who finds comfort in human bonds. Vergil rejects these bonds, seeing them as a distraction from his goal. However, despite his cold appearance and obsession, Vergil shows moments of vulnerability, particularly where his family is concerned, revealing a complexity and depth of character.<\/p>\n<p>Over the course of the \"Devil May Cry\" games, Vergil's story is explored with greater nuance, offering players insights into his motivations, suffering and internal struggles. His relationship with Yamato is a key element that illustrates his personal evolution and quest for redemption. In conclusion, in \"Devil May Cry 5\", the theme of family and the bonds between brothers is central.<\/p>\n<h2>Weapons in Devil My Cry<\/h2>\n<p>In the \"Devil May Cry\" universe, swords play a central role. Not only as weapons of choice for protagonists and antagonists, but also as key plot elements. Each has unique characteristics, rich histories and often supernatural powers. Reflecting the personality and evolution of their bearers. Here are some of the most emblematic swords in the series:<\/p>\n<p>\u2013 <a href=\"https:\/\/repliquemangacine.fr\/en\/katana-and-video-game-sword-other-video-games\/epee-rebellion-epee-de-dante-devil-may-cry\/\">Rebellion<\/a> is Dante's signature sword, a gift from his father, Sparda. This sword represents Dante's heritage and his bond with his family. Rebellion is shape-shifting and adapts to Dante's dynamic fighting style. It plays a key role in his ability to access his demonic forms.<\/p>\n<p>\u2013 <a href=\"https:\/\/repliquemangacine.fr\/en\/katana-and-video-game-sword-other-video-games\/katana-yamoto-vergil-dmc-devil-my-cry\/\">Yamato<\/a> (version 1 and 2) is a powerful katana capable of manipulating space and time, inherited by Vergil. It symbolizes Vergil's desire for power and his inner struggle.<\/p>\n<p>- Red Queen is Nero's unique sword, with an integrated gas mechanism that allows Nero to increase the power of his attacks. This sword is representative of Nero's innovative fighting style and ingenuity.<\/p>\n<p>In conclusion, these swords are not only weapons, but also extensions of the characters who wield them.<\/p>","protected":false},"excerpt":{"rendered":"<p>Superb katana from Vergil, Yamato in its new version in Devil My Cry 5<\/p>\n<ul>\n<li>Richly decorated steel blade.<\/li>\n<li>Wooden handle covered with white cotton braid.<\/li>\n<li>Steel guard, specially shaped and identical to the set<\/li>\n<li>Black leatherette-covered wooden scabbard<\/li>\n<li>Blue strap on scabbard for attaching katana<\/li>\n<li>Blade length: 68 cm - Total length: 103 cm<\/li>\n<\/ul>","protected":false},"featured_media":70937,"template":"","meta":[],"product_brand":[],"product_cat":[880,67],"product_tag":[],"class_list":{"0":"post-70935","1":"product","2":"type-product","3":"status-publish","4":"has-post-thumbnail","6":"product_cat-devil-may-cry","7":"product_cat-katana-et-epee-de-jeux-video-autre-jeux-video","9":"first","10":"instock","11":"taxable","12":"shipping-taxable","13":"purchasable","14":"product-type-simple"},"yoast_head":"<!-- This site is optimized with the Yoast SEO plugin v27.5 - https:\/\/yoast.com\/product\/yoast-seo-wordpress\/ -->\n<title>Katana Vergil Yamato V2 - R\u00e9plique Manga Cin\u00e9<\/title>\n<meta name=\"description\" content=\"Venez d\u00e9couvrir le nouveau design du katana de Vergil Yamato V2 au meilleur prix. Finition remarquable, la garde est finement d\u00e9taill\u00e9e comme dans le jeu\" \/>\n<meta name=\"robots\" content=\"index, follow, max-snippet:-1, max-image-preview:large, max-video-preview:-1\" \/>\n<link rel=\"canonical\" href=\"https:\/\/repliquemangacine.fr\/en\/katana-and-video-game-sword-other-video-games\/katana-vergil-yamato-v2\/\" \/>\n<meta property=\"og:locale\" content=\"en_US\" \/>\n<meta property=\"og:type\" content=\"article\" \/>\n<meta property=\"og:title\" content=\"Katana Vergil Yamato V2 - R\u00e9plique Manga Cin\u00e9\" \/>\n<meta property=\"og:description\" content=\"Venez d\u00e9couvrir le nouveau design du katana de Vergil Yamato V2 au meilleur prix. Finition remarquable, la garde est finement d\u00e9taill\u00e9e comme dans le jeu\" \/>\n<meta property=\"og:url\" content=\"https:\/\/repliquemangacine.fr\/en\/katana-and-video-game-sword-other-video-games\/katana-vergil-yamato-v2\/\" \/>\n<meta property=\"og:site_name\" content=\"R\u00e9plique Manga Cin\u00e9\" \/>\n<meta property=\"article:publisher\" content=\"https:\/\/www.facebook.com\/RepliqueMangaCine\" \/>\n<meta property=\"article:modified_time\" content=\"2026-02-09T19:31:56+00:00\" \/>\n<meta property=\"og:image\" content=\"https:\/\/repliquemangacine.fr\/wp-content\/uploads\/2024\/04\/Katana-devil-may-cry.jpg\" \/>\n\t<meta property=\"og:image:width\" content=\"500\" \/>\n\t<meta property=\"og:image:height\" content=\"500\" \/>\n\t<meta property=\"og:image:type\" content=\"image\/jpeg\" \/>\n<meta name=\"twitter:card\" content=\"summary_large_image\" \/>\n<meta name=\"twitter:label1\" content=\"Est. reading time\" \/>\n\t<meta name=\"twitter:data1\" content=\"4 minutes\" \/>\n<script type=\"application\/ld+json\" class=\"yoast-schema-graph\">{\"@context\":\"https:\\\/\\\/schema.org\",\"@graph\":[{\"@type\":\"WebPage\",\"@id\":\"https:\\\/\\\/repliquemangacine.fr\\\/katana-et-epee-de-jeux-video-autre-jeux-video\\\/katana-vergil-yamato-v2\\\/\",\"url\":\"https:\\\/\\\/repliquemangacine.fr\\\/katana-et-epee-de-jeux-video-autre-jeux-video\\\/katana-vergil-yamato-v2\\\/\",\"name\":\"Katana Vergil Yamato V2 - R\u00e9plique Manga Cin\u00e9\",\"isPartOf\":{\"@id\":\"https:\\\/\\\/repliquemangacine.fr\\\/#website\"},\"primaryImageOfPage\":{\"@id\":\"https:\\\/\\\/repliquemangacine.fr\\\/katana-et-epee-de-jeux-video-autre-jeux-video\\\/katana-vergil-yamato-v2\\\/#primaryimage\"},\"image\":{\"@id\":\"https:\\\/\\\/repliquemangacine.fr\\\/katana-et-epee-de-jeux-video-autre-jeux-video\\\/katana-vergil-yamato-v2\\\/#primaryimage\"},\"thumbnailUrl\":\"https:\\\/\\\/repliquemangacine.fr\\\/wp-content\\\/uploads\\\/2024\\\/04\\\/Katana-devil-may-cry.jpg\",\"datePublished\":\"2024-04-04T16:59:45+00:00\",\"dateModified\":\"2026-02-09T19:31:56+00:00\",\"description\":\"Venez d\u00e9couvrir le nouveau design du katana de Vergil Yamato V2 au meilleur prix. Finition remarquable, la garde est finement d\u00e9taill\u00e9e comme dans le jeu\",\"breadcrumb\":{\"@id\":\"https:\\\/\\\/repliquemangacine.fr\\\/katana-et-epee-de-jeux-video-autre-jeux-video\\\/katana-vergil-yamato-v2\\\/#breadcrumb\"},\"inLanguage\":\"en-US\",\"potentialAction\":[{\"@type\":\"ReadAction\",\"target\":[\"https:\\\/\\\/repliquemangacine.fr\\\/katana-et-epee-de-jeux-video-autre-jeux-video\\\/katana-vergil-yamato-v2\\\/\"]}]},{\"@type\":\"ImageObject\",\"inLanguage\":\"en-US\",\"@id\":\"https:\\\/\\\/repliquemangacine.fr\\\/katana-et-epee-de-jeux-video-autre-jeux-video\\\/katana-vergil-yamato-v2\\\/#primaryimage\",\"url\":\"https:\\\/\\\/repliquemangacine.fr\\\/wp-content\\\/uploads\\\/2024\\\/04\\\/Katana-devil-may-cry.jpg\",\"contentUrl\":\"https:\\\/\\\/repliquemangacine.fr\\\/wp-content\\\/uploads\\\/2024\\\/04\\\/Katana-devil-may-cry.jpg\",\"width\":500,\"height\":500,\"caption\":\"Katana Vergil Yamato V2 Devil My Cry\"},{\"@type\":\"BreadcrumbList\",\"@id\":\"https:\\\/\\\/repliquemangacine.fr\\\/katana-et-epee-de-jeux-video-autre-jeux-video\\\/katana-vergil-yamato-v2\\\/#breadcrumb\",\"itemListElement\":[{\"@type\":\"ListItem\",\"position\":1,\"name\":\"Accueil\",\"item\":\"https:\\\/\\\/repliquemangacine.fr\\\/\"},{\"@type\":\"ListItem\",\"position\":2,\"name\":\"Produits\",\"item\":\"https:\\\/\\\/repliquemangacine.fr\\\/boutique\\\/\"},{\"@type\":\"ListItem\",\"position\":3,\"name\":\"Katana Vergil Yamato V2\"}]},{\"@type\":\"WebSite\",\"@id\":\"https:\\\/\\\/repliquemangacine.fr\\\/#website\",\"url\":\"https:\\\/\\\/repliquemangacine.fr\\\/\",\"name\":\"R\u00e9plique Manga Cin\u00e9\",\"description\":\"\",\"publisher\":{\"@id\":\"https:\\\/\\\/repliquemangacine.fr\\\/#organization\"},\"potentialAction\":[{\"@type\":\"SearchAction\",\"target\":{\"@type\":\"EntryPoint\",\"urlTemplate\":\"https:\\\/\\\/repliquemangacine.fr\\\/?s={search_term_string}\"},\"query-input\":{\"@type\":\"PropertyValueSpecification\",\"valueRequired\":true,\"valueName\":\"search_term_string\"}}],\"inLanguage\":\"en-US\"},{\"@type\":\"Organization\",\"@id\":\"https:\\\/\\\/repliquemangacine.fr\\\/#organization\",\"name\":\"R\u00e9plique Manga Cin\u00e9\",\"url\":\"https:\\\/\\\/repliquemangacine.fr\\\/\",\"logo\":{\"@type\":\"ImageObject\",\"inLanguage\":\"en-US\",\"@id\":\"https:\\\/\\\/repliquemangacine.fr\\\/#\\\/schema\\\/logo\\\/image\\\/\",\"url\":\"https:\\\/\\\/repliquemangacine.fr\\\/wp-content\\\/uploads\\\/2023\\\/10\\\/RMC-500250.png\",\"contentUrl\":\"https:\\\/\\\/repliquemangacine.fr\\\/wp-content\\\/uploads\\\/2023\\\/10\\\/RMC-500250.png\",\"width\":500,\"height\":250,\"caption\":\"R\u00e9plique Manga Cin\u00e9\"},\"image\":{\"@id\":\"https:\\\/\\\/repliquemangacine.fr\\\/#\\\/schema\\\/logo\\\/image\\\/\"},\"sameAs\":[\"https:\\\/\\\/www.facebook.com\\\/RepliqueMangaCine\",\"https:\\\/\\\/www.instagram.com\\\/repliquemangacine.fr\\\/\"]}]}<\/script>\n<!-- \/ Yoast SEO plugin. -->","yoast_head_json":{"title":"Katana Vergil Yamato V2 - R\u00e9plique Manga Cin\u00e9","description":"Discover the new design of the Vergil Yamato V2 katana at the best price. Remarkable finish, the guard is finely detailed, just like in the game.","robots":{"index":"index","follow":"follow","max-snippet":"max-snippet:-1","max-image-preview":"max-image-preview:large","max-video-preview":"max-video-preview:-1"},"canonical":"https:\/\/repliquemangacine.fr\/en\/katana-and-video-game-sword-other-video-games\/katana-vergil-yamato-v2\/","og_locale":"en_US","og_type":"article","og_title":"Katana Vergil Yamato V2 - R\u00e9plique Manga Cin\u00e9","og_description":"Venez d\u00e9couvrir le nouveau design du katana de Vergil Yamato V2 au meilleur prix. Finition remarquable, la garde est finement d\u00e9taill\u00e9e comme dans le jeu","og_url":"https:\/\/repliquemangacine.fr\/en\/katana-and-video-game-sword-other-video-games\/katana-vergil-yamato-v2\/","og_site_name":"R\u00e9plique Manga Cin\u00e9","article_publisher":"https:\/\/www.facebook.com\/RepliqueMangaCine","article_modified_time":"2026-02-09T19:31:56+00:00","og_image":[{"width":500,"height":500,"url":"https:\/\/repliquemangacine.fr\/wp-content\/uploads\/2024\/04\/Katana-devil-may-cry.jpg","type":"image\/jpeg"}],"twitter_card":"summary_large_image","twitter_misc":{"Est. reading time":"4 minutes"},"schema":{"@context":"https:\/\/schema.org","@graph":[{"@type":"WebPage","@id":"https:\/\/repliquemangacine.fr\/katana-et-epee-de-jeux-video-autre-jeux-video\/katana-vergil-yamato-v2\/","url":"https:\/\/repliquemangacine.fr\/katana-et-epee-de-jeux-video-autre-jeux-video\/katana-vergil-yamato-v2\/","name":"Katana Vergil Yamato V2 - R\u00e9plique Manga Cin\u00e9","isPartOf":{"@id":"https:\/\/repliquemangacine.fr\/#website"},"primaryImageOfPage":{"@id":"https:\/\/repliquemangacine.fr\/katana-et-epee-de-jeux-video-autre-jeux-video\/katana-vergil-yamato-v2\/#primaryimage"},"image":{"@id":"https:\/\/repliquemangacine.fr\/katana-et-epee-de-jeux-video-autre-jeux-video\/katana-vergil-yamato-v2\/#primaryimage"},"thumbnailUrl":"https:\/\/repliquemangacine.fr\/wp-content\/uploads\/2024\/04\/Katana-devil-may-cry.jpg","datePublished":"2024-04-04T16:59:45+00:00","dateModified":"2026-02-09T19:31:56+00:00","description":"Discover the new design of the Vergil Yamato V2 katana at the best price. Remarkable finish, the guard is finely detailed, just like in the game.","breadcrumb":{"@id":"https:\/\/repliquemangacine.fr\/katana-et-epee-de-jeux-video-autre-jeux-video\/katana-vergil-yamato-v2\/#breadcrumb"},"inLanguage":"en-US","potentialAction":[{"@type":"ReadAction","target":["https:\/\/repliquemangacine.fr\/katana-et-epee-de-jeux-video-autre-jeux-video\/katana-vergil-yamato-v2\/"]}]},{"@type":"ImageObject","inLanguage":"en-US","@id":"https:\/\/repliquemangacine.fr\/katana-et-epee-de-jeux-video-autre-jeux-video\/katana-vergil-yamato-v2\/#primaryimage","url":"https:\/\/repliquemangacine.fr\/wp-content\/uploads\/2024\/04\/Katana-devil-may-cry.jpg","contentUrl":"https:\/\/repliquemangacine.fr\/wp-content\/uploads\/2024\/04\/Katana-devil-may-cry.jpg","width":500,"height":500,"caption":"Katana Vergil Yamato V2 Devil My Cry"},{"@type":"BreadcrumbList","@id":"https:\/\/repliquemangacine.fr\/katana-et-epee-de-jeux-video-autre-jeux-video\/katana-vergil-yamato-v2\/#breadcrumb","itemListElement":[{"@type":"ListItem","position":1,"name":"Accueil","item":"https:\/\/repliquemangacine.fr\/"},{"@type":"ListItem","position":2,"name":"Produits","item":"https:\/\/repliquemangacine.fr\/boutique\/"},{"@type":"ListItem","position":3,"name":"Katana Vergil Yamato V2"}]},{"@type":"WebSite","@id":"https:\/\/repliquemangacine.fr\/#website","url":"https:\/\/repliquemangacine.fr\/","name":"R\u00e9plique Manga Cin\u00e9","description":"","publisher":{"@id":"https:\/\/repliquemangacine.fr\/#organization"},"potentialAction":[{"@type":"SearchAction","target":{"@type":"EntryPoint","urlTemplate":"https:\/\/repliquemangacine.fr\/?s={search_term_string}"},"query-input":{"@type":"PropertyValueSpecification","valueRequired":true,"valueName":"search_term_string"}}],"inLanguage":"en-US"},{"@type":"Organization","@id":"https:\/\/repliquemangacine.fr\/#organization","name":"R\u00e9plique Manga Cin\u00e9","url":"https:\/\/repliquemangacine.fr\/","logo":{"@type":"ImageObject","inLanguage":"en-US","@id":"https:\/\/repliquemangacine.fr\/#\/schema\/logo\/image\/","url":"https:\/\/repliquemangacine.fr\/wp-content\/uploads\/2023\/10\/RMC-500250.png","contentUrl":"https:\/\/repliquemangacine.fr\/wp-content\/uploads\/2023\/10\/RMC-500250.png","width":500,"height":250,"caption":"R\u00e9plique Manga Cin\u00e9"},"image":{"@id":"https:\/\/repliquemangacine.fr\/#\/schema\/logo\/image\/"},"sameAs":["https:\/\/www.facebook.com\/RepliqueMangaCine","https:\/\/www.instagram.com\/repliquemangacine.fr\/"]}]}},"_links":{"self":[{"href":"https:\/\/repliquemangacine.fr\/en\/wp-json\/wp\/v2\/product\/70935","targetHints":{"allow":["GET"]}}],"collection":[{"href":"https:\/\/repliquemangacine.fr\/en\/wp-json\/wp\/v2\/product"}],"about":[{"href":"https:\/\/repliquemangacine.fr\/en\/wp-json\/wp\/v2\/types\/product"}],"wp:featuredmedia":[{"embeddable":true,"href":"https:\/\/repliquemangacine.fr\/en\/wp-json\/wp\/v2\/media\/70937"}],"wp:attachment":[{"href":"https:\/\/repliquemangacine.fr\/en\/wp-json\/wp\/v2\/media?parent=70935"}],"wp:term":[{"taxonomy":"product_brand","embeddable":true,"href":"https:\/\/repliquemangacine.fr\/en\/wp-json\/wp\/v2\/product_brand?post=70935"},{"taxonomy":"product_cat","embeddable":true,"href":"https:\/\/repliquemangacine.fr\/en\/wp-json\/wp\/v2\/product_cat?post=70935"},{"taxonomy":"product_tag","embeddable":true,"href":"https:\/\/repliquemangacine.fr\/en\/wp-json\/wp\/v2\/product_tag?post=70935"}],"curies":[{"name":"wp","href":"https:\/\/api.w.org\/{rel}","templated":true}]}}